{"id":4746,"date":"2025-02-19T10:42:46","date_gmt":"2025-02-19T10:42:46","guid":{"rendered":"https:\/\/www.biscuitsolution.com\/?post_type=product&#038;p=4746"},"modified":"2025-02-19T10:42:46","modified_gmt":"2025-02-19T10:42:46","slug":"professional-brownie-cookie-making-machine-economic","status":"publish","type":"product","link":"https:\/\/www.biscuitsolution.com\/fr\/produit\/professional-brownie-cookie-making-machine-economic\/","title":{"rendered":"Machine professionnelle \u00e0 fabriquer des biscuits Brownie Economic"},"content":{"rendered":"<h2>Machine professionnelle de fabrication de biscuits au chocolat Structure g\u00e9n\u00e9rale et apparence<\/h2>\n<p>L'\u00e9quipement repose sur un cadre m\u00e9tallique robuste et est souvent fabriqu\u00e9 en acier inoxydable pour garantir la stabilit\u00e9 et la durabilit\u00e9 \u00e0 des vitesses \u00e9lev\u00e9es.<\/p>\n<p><img fetchpriority=\"high\" decoding=\"async\" class=\"alignnone size-full wp-image-4747\" src=\"https:\/\/www.biscuitsolution.com\/wp-content\/uploads\/2025\/02\/professional-brownie-cookie-making-machine.jpg\" alt=\"machine professionnelle \u00e0 fabriquer des biscuits au chocolat\" width=\"800\" height=\"450\" srcset=\"https:\/\/www.biscuitsolution.com\/wp-content\/uploads\/2025\/02\/professional-brownie-cookie-making-machine.jpg 800w, https:\/\/www.biscuitsolution.com\/wp-content\/uploads\/2025\/02\/professional-brownie-cookie-making-machine-600x338.jpg 600w, https:\/\/www.biscuitsolution.com\/wp-content\/uploads\/2025\/02\/professional-brownie-cookie-making-machine-300x169.jpg 300w, https:\/\/www.biscuitsolution.com\/wp-content\/uploads\/2025\/02\/professional-brownie-cookie-making-machine-768x432.jpg 768w\" sizes=\"(max-width: 800px) 100vw, 800px\" \/><\/p>\n<p>Il peut supporter les d\u00e9fis de haute intensit\u00e9 d'un fonctionnement continu, r\u00e9siste \u00e0 la corrosion et \u00e0 l'usure, et convient parfaitement \u00e0 une utilisation \u00e0 long terme dans des sc\u00e9narios de production alimentaire.<\/p>\n<p>En outre, l'\u00e9quipement est \u00e9quip\u00e9 d'un panneau de commande facile \u00e0 utiliser, principalement une interface \u00e0 \u00e9cran tactile, qui permet aux op\u00e9rateurs de r\u00e9gler et d'ajuster rapidement divers param\u00e8tres, tels que le temps de m\u00e9lange de la p\u00e2te, la vitesse de m\u00e9lange, la m\u00e9thode de moulage, la temp\u00e9rature et la dur\u00e9e de cuisson.<\/p>\n<h2>Composants fonctionnels de la machine \u00e0 fabriquer des biscuits Brownie<\/h2>\n<ul>\n<li>\u00c9quipement de m\u00e9lange de p\u00e2te : G\u00e9n\u00e9ralement fabriqu\u00e9 en acier inoxydable, il s'agit d'un r\u00e9cipient permettant de m\u00e9langer tous les ingr\u00e9dients. Il existe en diff\u00e9rentes tailles pour r\u00e9pondre aux diff\u00e9rentes exigences en mati\u00e8re de capacit\u00e9 de production.<\/li>\n<\/ul>\n<p><img decoding=\"async\" class=\"alignnone size-full wp-image-4748\" src=\"https:\/\/www.biscuitsolution.com\/wp-content\/uploads\/2025\/02\/brownie-cookie-.jpg\" alt=\"machine \u00e0 fabriquer des biscuits au brownie\" width=\"800\" height=\"450\" srcset=\"https:\/\/www.biscuitsolution.com\/wp-content\/uploads\/2025\/02\/brownie-cookie-.jpg 800w, https:\/\/www.biscuitsolution.com\/wp-content\/uploads\/2025\/02\/brownie-cookie--600x338.jpg 600w, https:\/\/www.biscuitsolution.com\/wp-content\/uploads\/2025\/02\/brownie-cookie--300x169.jpg 300w, https:\/\/www.biscuitsolution.com\/wp-content\/uploads\/2025\/02\/brownie-cookie--768x432.jpg 768w\" sizes=\"(max-width: 800px) 100vw, 800px\" \/><\/p>\n<ul>\n<li>Mat\u00e9riel d'encadrement : Comprend les buses et les pistons d'extrusion ainsi que les moules. Les moules peuvent \u00eatre en m\u00e9tal ou en plastique de qualit\u00e9 alimentaire et avoir des formes et des tailles vari\u00e9es.<\/li>\n<li>\u00c9quipement de cuisson : Il utilise g\u00e9n\u00e9ralement des tubes chauffants \u00e9lectriques ou des br\u00fbleurs \u00e0 gaz comme \u00e9l\u00e9ments chauffants. Il est dot\u00e9 d'une bonne isolation afin de r\u00e9duire les pertes de chaleur et de garantir un environnement de cuisson stable.<\/li>\n<\/ul>\n<p><img decoding=\"async\" class=\"alignnone size-full wp-image-4749\" src=\"https:\/\/www.biscuitsolution.com\/wp-content\/uploads\/2025\/02\/brownie-cookie-making-machine.jpg\" alt=\"machine professionnelle \u00e0 fabriquer des biscuits au chocolat\" width=\"800\" height=\"450\" srcset=\"https:\/\/www.biscuitsolution.com\/wp-content\/uploads\/2025\/02\/brownie-cookie-making-machine.jpg 800w, https:\/\/www.biscuitsolution.com\/wp-content\/uploads\/2025\/02\/brownie-cookie-making-machine-600x338.jpg 600w, https:\/\/www.biscuitsolution.com\/wp-content\/uploads\/2025\/02\/brownie-cookie-making-machine-300x169.jpg 300w, https:\/\/www.biscuitsolution.com\/wp-content\/uploads\/2025\/02\/brownie-cookie-making-machine-768x432.jpg 768w\" sizes=\"(max-width: 800px) 100vw, 800px\" \/><\/p>\n<h2>Avantages de la machine professionnelle \u00e0 fabriquer des brownies et des biscuits<\/h2>\n<ol>\n<li>Production efficace:La machine est con\u00e7ue pour fonctionner en douceur avec les \u00e9quipements en amont et en aval, ce qui permet une production continue de brownies et de biscuits. Cette int\u00e9gration augmente consid\u00e9rablement la productivit\u00e9 et est id\u00e9ale pour les applications industrielles \u00e0 grande \u00e9chelle.<\/li>\n<li>Qualit\u00e9 constante des produits : Gr\u00e2ce \u00e0 une distribution optimis\u00e9e de la chaleur et \u00e0 une isolation thermique sup\u00e9rieure, l'appareil garantit une cuisson uniforme des brownies et des biscuits. Il en r\u00e9sulte une qualit\u00e9 uniforme pour tous les produits.<\/li>\n<li>Contr\u00f4le flexible : la machine offre un contr\u00f4le pr\u00e9cis de la temp\u00e9rature de cuisson, de la vitesse de la bande transporteuse et d'autres param\u00e8tres. Ces param\u00e8tres peuvent \u00eatre facilement personnalis\u00e9s pour r\u00e9pondre aux exigences sp\u00e9cifiques des diff\u00e9rentes recettes de brownies et de biscuits, afin de r\u00e9pondre aux divers besoins de production.<\/li>\n<li>Adaptabilit\u00e9 : En changeant simplement de moule ou en ajustant les param\u00e8tres, la machine peut produire une grande vari\u00e9t\u00e9 de brownies de formes, de saveurs et de tailles diff\u00e9rentes. Cette polyvalence permet de r\u00e9pondre aux diverses demandes des clients.<\/li>\n<\/ol>\n<p><img loading=\"lazy\" decoding=\"async\" class=\"alignnone size-full wp-image-4750\" src=\"https:\/\/www.biscuitsolution.com\/wp-content\/uploads\/2025\/02\/brownie-cookies.jpg\" alt=\"machine professionnelle \u00e0 fabriquer des biscuits au chocolat\" width=\"800\" height=\"450\" srcset=\"https:\/\/www.biscuitsolution.com\/wp-content\/uploads\/2025\/02\/brownie-cookies.jpg 800w, https:\/\/www.biscuitsolution.com\/wp-content\/uploads\/2025\/02\/brownie-cookies-600x338.jpg 600w, https:\/\/www.biscuitsolution.com\/wp-content\/uploads\/2025\/02\/brownie-cookies-300x169.jpg 300w, https:\/\/www.biscuitsolution.com\/wp-content\/uploads\/2025\/02\/brownie-cookies-768x432.jpg 768w\" sizes=\"(max-width: 800px) 100vw, 800px\" \/><\/p>\n<h2>Machine \u00e0 fabriquer des biscuits Brownie FAQ<\/h2>\n<ol>\n<li>Comment choisir la machine professionnelle appropri\u00e9e pour la fabrication de brownies et de biscuits ?<br \/>\nLors du choix d'une machine, il convient de tenir compte de facteurs tels que la capacit\u00e9 de production, la consommation d'\u00e9nergie, la fonctionnalit\u00e9, les dimensions et le co\u00fbt.<\/li>\n<li>Qu'est-ce qui distingue un type de machine d'un autre ?<br \/>\nLes extrudeuses sont id\u00e9ales pour la production uniforme \u00e0 grande \u00e9chelle, tandis que les machines de formage sont mieux adapt\u00e9es \u00e0 la cr\u00e9ation de formes complexes.<\/li>\n<li>Pourquoi les formes des biscuits brownie ne sont-elles pas uniformes ?<br \/>\nLes raisons peuvent \u00eatre une p\u00e2te in\u00e9gale, un mauvais r\u00e9glage de la buse ou du moule, et une vitesse de transport instable.<\/li>\n<\/ol>\n<div class=\"ast-oembed-container\" style=\"height: 100%;\"><iframe title=\"Les biscuits fra\u00eechement cuits sont pr\u00eats ! Ligne de fabrication de biscuits\" width=\"500\" height=\"281\" src=\"https:\/\/www.youtube.com\/embed\/a2i6kBGj8kE?feature=oembed\" frameborder=\"0\" allow=\"accelerometer; autoplay; clipboard-write; encrypted-media; gyroscope; picture-in-picture; web-share\" referrerpolicy=\"strict-origin-when-cross-origin\" allowfullscreen><\/iframe><\/div>\n<h2>Laissez un message pour obtenir un devis<\/h2>\n\n<div class=\"wpcf7 no-js\" id=\"wpcf7-f4619-o1\" lang=\"en-US\" dir=\"ltr\" data-wpcf7-id=\"4619\">\n<div class=\"screen-reader-response\"><p role=\"status\" aria-live=\"polite\" aria-atomic=\"true\"><\/p> <ul><\/ul><\/div>\n<form action=\"\/fr\/wp-json\/wp\/v2\/product\/4746#wpcf7-f4619-o1\" method=\"post\" class=\"wpcf7-form init\" aria-label=\"Formulaire de contact\" novalidate=\"novalidate\" data-status=\"init\" data-trp-original-action=\"\/fr\/wp-json\/wp\/v2\/product\/4746#wpcf7-f4619-o1\">\n<div style=\"display: none;\">\n<input type=\"hidden\" name=\"_wpcf7\" value=\"4619\" \/>\n<input type=\"hidden\" name=\"_wpcf7_version\" value=\"6.0.4\" \/>\n<input type=\"hidden\" name=\"_wpcf7_locale\" value=\"en_US\" \/>\n<input type=\"hidden\" name=\"_wpcf7_unit_tag\" value=\"wpcf7-f4619-o1\" \/>\n<input type=\"hidden\" name=\"_wpcf7_container_post\" value=\"0\" \/>\n<input type=\"hidden\" name=\"_wpcf7_posted_data_hash\" value=\"\" \/>\n<\/div>\n<p><label> Votre nom*<br \/>\n<span class=\"wpcf7-form-control-wrap\" data-name=\"your-name\"><input size=\"40\" maxlength=\"400\" class=\"wpcf7-form-control wpcf7-text wpcf7-validates-as-required\" aria-required=\"true\" aria-invalid=\"false\" value=\"\" type=\"text\" name=\"your-name\" \/><\/span> <\/label>\n<\/p>\n<p><label> Votre pays<br \/>\n<span class=\"wpcf7-form-control-wrap\" data-name=\"your-country\"><input size=\"40\" maxlength=\"400\" class=\"wpcf7-form-control wpcf7-text\" aria-invalid=\"false\" value=\"\" type=\"text\" name=\"your-country\" \/><\/span><\/label>\n<\/p>\n<p><label> Votre courriel*<br \/>\n<span class=\"wpcf7-form-control-wrap\" data-name=\"your-email\"><input size=\"40\" maxlength=\"400\" class=\"wpcf7-form-control wpcf7-email wpcf7-validates-as-required wpcf7-text wpcf7-validates-as-email\" aria-required=\"true\" aria-invalid=\"false\" value=\"\" type=\"email\" name=\"your-email\" \/><\/span> <\/label>\n<\/p>\n<p><label> Votre t\u00e9l\u00e9phone<br \/>\n<span class=\"wpcf7-form-control-wrap\" data-name=\"your-phone\"><input size=\"40\" maxlength=\"400\" class=\"wpcf7-form-control wpcf7-tel wpcf7-text wpcf7-validates-as-tel\" aria-invalid=\"false\" value=\"\" type=\"tel\" name=\"your-phone\" \/><\/span> <\/label>\n<\/p>\n<p><label> Nom de l'entreprise<br \/>\n<span class=\"wpcf7-form-control-wrap\" data-name=\"text-457\"><input size=\"40\" maxlength=\"400\" class=\"wpcf7-form-control wpcf7-text\" aria-invalid=\"false\" value=\"\" type=\"text\" name=\"text-457\" \/><\/span> <\/label>\n<\/p>\n<p><label> Le site web de votre entreprise<br \/>\n<span class=\"wpcf7-form-control-wrap\" data-name=\"text-546\"><input size=\"40\" maxlength=\"400\" class=\"wpcf7-form-control wpcf7-text\" aria-invalid=\"false\" value=\"\" type=\"text\" name=\"text-546\" \/><\/span> <\/label>\n<\/p>\n<p><label> Votre demande*<br \/>\n<span class=\"wpcf7-form-control-wrap\" data-name=\"your-message\"><textarea cols=\"40\" rows=\"10\" maxlength=\"2000\" class=\"wpcf7-form-control wpcf7-textarea wpcf7-validates-as-required\" aria-required=\"true\" aria-invalid=\"false\" name=\"your-message\"><\/textarea><\/span> <\/label>\n<\/p>\n<p><input class=\"wpcf7-form-control wpcf7-submit has-spinner\" type=\"submit\" value=\"Soumettre\" \/>\n<\/p><p style=\"display: none !important;\" class=\"akismet-fields-container\" data-prefix=\"_wpcf7_ak_\"><label>&#916;<textarea name=\"_wpcf7_ak_hp_textarea\" cols=\"45\" rows=\"8\" maxlength=\"100\"><\/textarea><\/label><input type=\"hidden\" id=\"ak_js_1\" name=\"_wpcf7_ak_js\" value=\"50\"\/><script>document.getElementById( \"ak_js_1\" ).setAttribute( \"value\", ( new Date() ).getTime() );<\/script><\/p><div class=\"wpcf7-response-output\" aria-hidden=\"true\"><\/div>\n<input type=\"hidden\" name=\"trp-form-language\" value=\"fr\"\/><\/form>\n<\/div>\n\n<p>&nbsp;<\/p>\n<div style='text-align:left' class='yasr-auto-insert-visitor'><\/div>","protected":false},"excerpt":{"rendered":"<p>Marque : GELGOOG<\/p>\n<p>Courriel : shanna@machinehall.com<\/p>\n<p>T\u00e9l : +8618638676709<\/p>\n<p>Application : Brownie Cookie<\/p>\n<p>Capacit\u00e9 : Personnalisable<\/p>","protected":false},"featured_media":4751,"comment_status":"open","ping_status":"closed","template":"","meta":{"site-sidebar-layout":"default","site-content-layout":"","ast-site-content-layout":"default","site-content-style":"default","site-sidebar-style":"default","ast-global-header-display":"","ast-banner-title-visibility":"","ast-main-header-display":"","ast-hfb-above-header-display":"","ast-hfb-below-header-display":"","ast-hfb-mobile-header-display":"","site-post-title":"","ast-breadcrumbs-content":"","ast-featured-img":"","footer-sml-layout":"","theme-transparent-header-meta":"default","adv-header-id-meta":"","stick-header-meta":"","header-above-stick-meta":"","header-main-stick-meta":"","header-below-stick-meta":"","astra-migrate-meta-layouts":"set","ast-page-background-enabled":"default","ast-page-background-meta":{"desktop":{"background-color":"","background-image":"","background-repeat":"repeat","background-position":"center center","background-size":"auto","background-attachment":"scroll","background-type":"","background-media":"","overlay-type":"","overlay-color":"","overlay-opacity":"","overlay-gradient":""},"tablet":{"background-color":"","background-image":"","background-repeat":"repeat","background-position":"center center","background-size":"auto","background-attachment":"scroll","background-type":"","background-media":"","overlay-type":"","overlay-color":"","overlay-opacity":"","overlay-gradient":""},"mobile":{"background-color":"","background-image":"","background-repeat":"repeat","background-position":"center center","background-size":"auto","background-attachment":"scroll","background-type":"","background-media":"","overlay-type":"","overlay-color":"","overlay-opacity":"","overlay-gradient":""}},"ast-content-background-meta":{"desktop":{"background-color":"var(--ast-global-color-5)","background-image":"","background-repeat":"repeat","background-position":"center center","background-size":"auto","background-attachment":"scroll","background-type":"","background-media":"","overlay-type":"","overlay-color":"","overlay-opacity":"","overlay-gradient":""},"tablet":{"background-color":"var(--ast-global-color-5)","background-image":"","background-repeat":"repeat","background-position":"center center","background-size":"auto","background-attachment":"scroll","background-type":"","background-media":"","overlay-type":"","overlay-color":"","overlay-opacity":"","overlay-gradient":""},"mobile":{"background-color":"var(--ast-global-color-5)","background-image":"","background-repeat":"repeat","background-position":"center center","background-size":"auto","background-attachment":"scroll","background-type":"","background-media":"","overlay-type":"","overlay-color":"","overlay-opacity":"","overlay-gradient":""}},"yasr_overall_rating":0,"yasr_post_is_review":"","yasr_auto_insert_disabled":"","yasr_review_type":""},"product_brand":[],"product_cat":[24],"product_tag":[],"class_list":{"0":"post-4746","1":"product","2":"type-product","3":"status-publish","4":"has-post-thumbnail","6":"product_cat-cookie-production-line","7":"desktop-align-left","8":"tablet-align-left","9":"mobile-align-left","11":"first","12":"instock","13":"shipping-taxable","14":"product-type-simple"},"yoast_head":"<!-- This site is optimized with the Yoast SEO plugin v24.4 - https:\/\/yoast.com\/wordpress\/plugins\/seo\/ -->\n<title>Professional Brownie Cookie Making Machine Economic - Biscuit Production Solution Manufacturer<\/title>\n<meta name=\"description\" content=\"Professional brownie cookie making machine is designed for efficient and stable production of cookies, suitable for batch production of uniform cookies.\" \/>\n<meta name=\"robots\" content=\"index, follow, max-snippet:-1, max-image-preview:large, max-video-preview:-1\" \/>\n<link rel=\"canonical\" href=\"https:\/\/www.biscuitsolution.com\/fr\/produit\/professional-brownie-cookie-making-machine-economic\/\" \/>\n<meta property=\"og:locale\" content=\"fr_FR\" \/>\n<meta property=\"og:type\" content=\"article\" \/>\n<meta property=\"og:title\" content=\"Professional Brownie Cookie Making Machine Economic - Biscuit Production Solution Manufacturer\" \/>\n<meta property=\"og:description\" content=\"Professional brownie cookie making machine is designed for efficient and stable production of cookies, suitable for batch production of uniform cookies.\" \/>\n<meta property=\"og:url\" content=\"https:\/\/www.biscuitsolution.com\/fr\/produit\/professional-brownie-cookie-making-machine-economic\/\" \/>\n<meta property=\"og:site_name\" content=\"Biscuit Production Solution Manufacturer\" \/>\n<meta property=\"article:publisher\" content=\"https:\/\/www.facebook.com\/profile.php?id=100095205040823\" \/>\n<meta property=\"og:image\" content=\"https:\/\/www.biscuitsolution.com\/wp-content\/uploads\/2025\/02\/\u4e3b\u56fe-12.jpg\" \/>\n\t<meta property=\"og:image:width\" content=\"600\" \/>\n\t<meta property=\"og:image:height\" content=\"600\" \/>\n\t<meta property=\"og:image:type\" content=\"image\/jpeg\" \/>\n<meta name=\"twitter:card\" content=\"summary_large_image\" \/>\n<meta name=\"twitter:site\" content=\"@shanna_zha26342\" \/>\n<meta name=\"twitter:label1\" content=\"Dur\u00e9e de lecture estim\u00e9e\" \/>\n\t<meta name=\"twitter:data1\" content=\"3 minutes\" \/>\n<script type=\"application\/ld+json\" class=\"yoast-schema-graph\">{\"@context\":\"https:\/\/schema.org\",\"@graph\":[{\"@type\":\"WebPage\",\"@id\":\"https:\/\/www.biscuitsolution.com\/product\/professional-brownie-cookie-making-machine-economic\/\",\"url\":\"https:\/\/www.biscuitsolution.com\/product\/professional-brownie-cookie-making-machine-economic\/\",\"name\":\"Professional Brownie Cookie Making Machine Economic - Biscuit Production Solution Manufacturer\",\"isPartOf\":{\"@id\":\"https:\/\/www.biscuitsolution.com\/#website\"},\"primaryImageOfPage\":{\"@id\":\"https:\/\/www.biscuitsolution.com\/product\/professional-brownie-cookie-making-machine-economic\/#primaryimage\"},\"image\":{\"@id\":\"https:\/\/www.biscuitsolution.com\/product\/professional-brownie-cookie-making-machine-economic\/#primaryimage\"},\"thumbnailUrl\":\"https:\/\/www.biscuitsolution.com\/wp-content\/uploads\/2025\/02\/\u4e3b\u56fe-12.jpg\",\"datePublished\":\"2025-02-19T10:42:46+00:00\",\"description\":\"Professional brownie cookie making machine is designed for efficient and stable production of cookies, suitable for batch production of uniform cookies.\",\"breadcrumb\":{\"@id\":\"https:\/\/www.biscuitsolution.com\/product\/professional-brownie-cookie-making-machine-economic\/#breadcrumb\"},\"inLanguage\":\"fr-FR\",\"potentialAction\":[{\"@type\":\"ReadAction\",\"target\":[\"https:\/\/www.biscuitsolution.com\/product\/professional-brownie-cookie-making-machine-economic\/\"]}]},{\"@type\":\"ImageObject\",\"inLanguage\":\"fr-FR\",\"@id\":\"https:\/\/www.biscuitsolution.com\/product\/professional-brownie-cookie-making-machine-economic\/#primaryimage\",\"url\":\"https:\/\/www.biscuitsolution.com\/wp-content\/uploads\/2025\/02\/\u4e3b\u56fe-12.jpg\",\"contentUrl\":\"https:\/\/www.biscuitsolution.com\/wp-content\/uploads\/2025\/02\/\u4e3b\u56fe-12.jpg\",\"width\":600,\"height\":600,\"caption\":\"professional brownie cookie making machine\"},{\"@type\":\"BreadcrumbList\",\"@id\":\"https:\/\/www.biscuitsolution.com\/product\/professional-brownie-cookie-making-machine-economic\/#breadcrumb\",\"itemListElement\":[{\"@type\":\"ListItem\",\"position\":1,\"name\":\"Home\",\"item\":\"https:\/\/www.biscuitsolution.com\/\"},{\"@type\":\"ListItem\",\"position\":2,\"name\":\"Product\",\"item\":\"https:\/\/www.biscuitsolution.com\/product\/\"},{\"@type\":\"ListItem\",\"position\":3,\"name\":\"Professional Brownie Cookie Making Machine Economic\"}]},{\"@type\":\"WebSite\",\"@id\":\"https:\/\/www.biscuitsolution.com\/#website\",\"url\":\"https:\/\/www.biscuitsolution.com\/\",\"name\":\"Biscuit Production Solution Manufacturer\",\"description\":\"\",\"potentialAction\":[{\"@type\":\"SearchAction\",\"target\":{\"@type\":\"EntryPoint\",\"urlTemplate\":\"https:\/\/www.biscuitsolution.com\/?s={search_term_string}\"},\"query-input\":{\"@type\":\"PropertyValueSpecification\",\"valueRequired\":true,\"valueName\":\"search_term_string\"}}],\"inLanguage\":\"fr-FR\"},false]}<\/script>\n<!-- \/ Yoast SEO plugin. -->","yoast_head_json":{"title":"Machine professionnelle de fabrication de biscuits \u00e9conomiques - Biscuit Production Solution Manufacturer","description":"La machine professionnelle de fabrication de biscuits au brownie est con\u00e7ue pour une production efficace et stable de biscuits, adapt\u00e9e \u00e0 la production par lots de biscuits uniformes.","robots":{"index":"index","follow":"follow","max-snippet":"max-snippet:-1","max-image-preview":"max-image-preview:large","max-video-preview":"max-video-preview:-1"},"canonical":"https:\/\/www.biscuitsolution.com\/fr\/produit\/professional-brownie-cookie-making-machine-economic\/","og_locale":"fr_FR","og_type":"article","og_title":"Professional Brownie Cookie Making Machine Economic - Biscuit Production Solution Manufacturer","og_description":"Professional brownie cookie making machine is designed for efficient and stable production of cookies, suitable for batch production of uniform cookies.","og_url":"https:\/\/www.biscuitsolution.com\/fr\/produit\/professional-brownie-cookie-making-machine-economic\/","og_site_name":"Biscuit Production Solution Manufacturer","article_publisher":"https:\/\/www.facebook.com\/profile.php?id=100095205040823","og_image":[{"width":600,"height":600,"url":"https:\/\/www.biscuitsolution.com\/wp-content\/uploads\/2025\/02\/\u4e3b\u56fe-12.jpg","type":"image\/jpeg"}],"twitter_card":"summary_large_image","twitter_site":"@shanna_zha26342","twitter_misc":{"Dur\u00e9e de lecture estim\u00e9e":"3 minutes"},"schema":{"@context":"https:\/\/schema.org","@graph":[{"@type":"WebPage","@id":"https:\/\/www.biscuitsolution.com\/product\/professional-brownie-cookie-making-machine-economic\/","url":"https:\/\/www.biscuitsolution.com\/product\/professional-brownie-cookie-making-machine-economic\/","name":"Machine professionnelle de fabrication de biscuits \u00e9conomiques - Biscuit Production Solution Manufacturer","isPartOf":{"@id":"https:\/\/www.biscuitsolution.com\/#website"},"primaryImageOfPage":{"@id":"https:\/\/www.biscuitsolution.com\/product\/professional-brownie-cookie-making-machine-economic\/#primaryimage"},"image":{"@id":"https:\/\/www.biscuitsolution.com\/product\/professional-brownie-cookie-making-machine-economic\/#primaryimage"},"thumbnailUrl":"https:\/\/www.biscuitsolution.com\/wp-content\/uploads\/2025\/02\/\u4e3b\u56fe-12.jpg","datePublished":"2025-02-19T10:42:46+00:00","description":"La machine professionnelle de fabrication de biscuits au brownie est con\u00e7ue pour une production efficace et stable de biscuits, adapt\u00e9e \u00e0 la production par lots de biscuits uniformes.","breadcrumb":{"@id":"https:\/\/www.biscuitsolution.com\/product\/professional-brownie-cookie-making-machine-economic\/#breadcrumb"},"inLanguage":"fr-FR","potentialAction":[{"@type":"ReadAction","target":["https:\/\/www.biscuitsolution.com\/product\/professional-brownie-cookie-making-machine-economic\/"]}]},{"@type":"ImageObject","inLanguage":"fr-FR","@id":"https:\/\/www.biscuitsolution.com\/product\/professional-brownie-cookie-making-machine-economic\/#primaryimage","url":"https:\/\/www.biscuitsolution.com\/wp-content\/uploads\/2025\/02\/\u4e3b\u56fe-12.jpg","contentUrl":"https:\/\/www.biscuitsolution.com\/wp-content\/uploads\/2025\/02\/\u4e3b\u56fe-12.jpg","width":600,"height":600,"caption":"professional brownie cookie making machine"},{"@type":"BreadcrumbList","@id":"https:\/\/www.biscuitsolution.com\/product\/professional-brownie-cookie-making-machine-economic\/#breadcrumb","itemListElement":[{"@type":"ListItem","position":1,"name":"Home","item":"https:\/\/www.biscuitsolution.com\/"},{"@type":"ListItem","position":2,"name":"Product","item":"https:\/\/www.biscuitsolution.com\/product\/"},{"@type":"ListItem","position":3,"name":"Professional Brownie Cookie Making Machine Economic"}]},{"@type":"WebSite","@id":"https:\/\/www.biscuitsolution.com\/#website","url":"https:\/\/www.biscuitsolution.com\/","name":"Fabricant de solutions pour la production de biscuits","description":"","potentialAction":[{"@type":"SearchAction","target":{"@type":"EntryPoint","urlTemplate":"https:\/\/www.biscuitsolution.com\/?s={search_term_string}"},"query-input":{"@type":"PropertyValueSpecification","valueRequired":true,"valueName":"search_term_string"}}],"inLanguage":"fr-FR"},false]}},"yasr_visitor_votes":{"stars_attributes":{"read_only":false,"span_bottom":false},"number_of_votes":0,"sum_votes":0},"_links":{"self":[{"href":"https:\/\/www.biscuitsolution.com\/fr\/wp-json\/wp\/v2\/product\/4746","targetHints":{"allow":["GET"]}}],"collection":[{"href":"https:\/\/www.biscuitsolution.com\/fr\/wp-json\/wp\/v2\/product"}],"about":[{"href":"https:\/\/www.biscuitsolution.com\/fr\/wp-json\/wp\/v2\/types\/product"}],"replies":[{"embeddable":true,"href":"https:\/\/www.biscuitsolution.com\/fr\/wp-json\/wp\/v2\/comments?post=4746"}],"version-history":[{"count":1,"href":"https:\/\/www.biscuitsolution.com\/fr\/wp-json\/wp\/v2\/product\/4746\/revisions"}],"predecessor-version":[{"id":4752,"href":"https:\/\/www.biscuitsolution.com\/fr\/wp-json\/wp\/v2\/product\/4746\/revisions\/4752"}],"wp:featuredmedia":[{"embeddable":true,"href":"https:\/\/www.biscuitsolution.com\/fr\/wp-json\/wp\/v2\/media\/4751"}],"wp:attachment":[{"href":"https:\/\/www.biscuitsolution.com\/fr\/wp-json\/wp\/v2\/media?parent=4746"}],"wp:term":[{"taxonomy":"product_brand","embeddable":true,"href":"https:\/\/www.biscuitsolution.com\/fr\/wp-json\/wp\/v2\/product_brand?post=4746"},{"taxonomy":"product_cat","embeddable":true,"href":"https:\/\/www.biscuitsolution.com\/fr\/wp-json\/wp\/v2\/product_cat?post=4746"},{"taxonomy":"product_tag","embeddable":true,"href":"https:\/\/www.biscuitsolution.com\/fr\/wp-json\/wp\/v2\/product_tag?post=4746"}],"curies":[{"name":"wp","href":"https:\/\/api.w.org\/{rel}","templated":true}]}}