{"id":4740,"date":"2025-02-19T10:34:43","date_gmt":"2025-02-19T10:34:43","guid":{"rendered":"https:\/\/www.biscuitsolution.com\/?post_type=product&#038;p=4740"},"modified":"2025-02-19T10:34:43","modified_gmt":"2025-02-19T10:34:43","slug":"automatic-gingerbread-cookies-making-machine-1000kg-h","status":"publish","type":"product","link":"https:\/\/www.biscuitsolution.com\/fr\/produit\/automatic-gingerbread-cookies-making-machine-1000kg-h\/","title":{"rendered":"Machine automatique de fabrication de biscuits de pain d'\u00e9pices 1000kg\/h"},"content":{"rendered":"<p>Le<strong> Machine automatique \u00e0 fabriquer des biscuits au pain d'\u00e9pices<\/strong> est id\u00e9al pour les entreprises qui souhaitent optimiser leurs processus de production, am\u00e9liorer la qualit\u00e9 de leurs produits et enrichir la vari\u00e9t\u00e9 de leurs pains d'\u00e9pices. Gr\u00e2ce \u00e0 ses caract\u00e9ristiques haut de gamme et \u00e0 sa conception intuitive, cette machine est un excellent compl\u00e9ment pour toute entreprise de boulangerie.<\/p>\n<p><img fetchpriority=\"high\" decoding=\"async\" class=\"alignnone size-full wp-image-4741\" src=\"https:\/\/www.biscuitsolution.com\/wp-content\/uploads\/2025\/02\/gingerbread-cookies-making-machine.jpg\" alt=\"Machine automatique \u00e0 fabriquer des biscuits de pain d&#039;\u00e9pices\" width=\"800\" height=\"450\" srcset=\"https:\/\/www.biscuitsolution.com\/wp-content\/uploads\/2025\/02\/gingerbread-cookies-making-machine.jpg 800w, https:\/\/www.biscuitsolution.com\/wp-content\/uploads\/2025\/02\/gingerbread-cookies-making-machine-600x338.jpg 600w, https:\/\/www.biscuitsolution.com\/wp-content\/uploads\/2025\/02\/gingerbread-cookies-making-machine-300x169.jpg 300w, https:\/\/www.biscuitsolution.com\/wp-content\/uploads\/2025\/02\/gingerbread-cookies-making-machine-768x432.jpg 768w\" sizes=\"(max-width: 800px) 100vw, 800px\" \/><\/p>\n<h2>Machine \u00e0 fabriquer des biscuits de pain d'\u00e9pices Type de moulage<\/h2>\n<ul>\n<li>Type de laminage et de d\u00e9coupe : convient \u00e0 la fabrication de pains d'\u00e9pices aux formes r\u00e9guli\u00e8res et aux motifs clairs. Il peut produire un grand nombre de biscuits de mani\u00e8re efficace et stable, et convient \u00e0 la production par lots en usine.<\/li>\n<li>Type d'extrusion : convient \u00e0 la fabrication de pains d'\u00e9pices de formes complexes et vari\u00e9es. Il peut extruder la p\u00e2te en diff\u00e9rentes formes en fonction de la forme de la buse, et le changement de forme est plus flexible.<\/li>\n<li>Type d'estampage : permet de r\u00e9aliser des pains d'\u00e9pices aux motifs uniques et raffin\u00e9s. Le moule d'estampage peut \u00eatre personnalis\u00e9 en fonction de la conception sp\u00e9cifique, ce qui convient \u00e0 la fabrication de pains d'\u00e9pices personnalis\u00e9s.<\/li>\n<\/ul>\n<p><img decoding=\"async\" class=\"alignnone size-full wp-image-4742\" src=\"https:\/\/www.biscuitsolution.com\/wp-content\/uploads\/2025\/02\/gingerbread-cookies-machine.jpg\" alt=\"Machine \u00e0 fabriquer des biscuits de pain d&#039;\u00e9pices\" width=\"800\" height=\"450\" srcset=\"https:\/\/www.biscuitsolution.com\/wp-content\/uploads\/2025\/02\/gingerbread-cookies-machine.jpg 800w, https:\/\/www.biscuitsolution.com\/wp-content\/uploads\/2025\/02\/gingerbread-cookies-machine-600x338.jpg 600w, https:\/\/www.biscuitsolution.com\/wp-content\/uploads\/2025\/02\/gingerbread-cookies-machine-300x169.jpg 300w, https:\/\/www.biscuitsolution.com\/wp-content\/uploads\/2025\/02\/gingerbread-cookies-machine-768x432.jpg 768w\" sizes=\"(max-width: 800px) 100vw, 800px\" \/><\/p>\n<h2>Machine \u00e0 fabriquer des biscuits de pain d'\u00e9pices Caract\u00e9ristiques principales<\/h2>\n<ul>\n<li>Production automatis\u00e9e : La machine automatise le processus de production du pain d'\u00e9pices, r\u00e9duisant ainsi le travail manuel et augmentant l'efficacit\u00e9. Elle peut traiter de grandes quantit\u00e9s de produits, ce qui la rend id\u00e9ale pour les petites boulangeries et les grandes exploitations commerciales.<\/li>\n<li>Formes et tailles personnalisables : La machine est \u00e9quip\u00e9e de moules interchangeables qui permettent de fabriquer des pains d'\u00e9pices de diff\u00e9rentes formes et tailles. Qu'il s'agisse d'un bonhomme de pain d'\u00e9pices traditionnel ou d'un mod\u00e8le personnalis\u00e9, la machine peut les produire avec pr\u00e9cision.<\/li>\n<li>Interface conviviale : La machine automatique \u00e0 fabriquer des biscuits en pain d'\u00e9pices est dot\u00e9e d'un panneau de commande intuitif facile \u00e0 utiliser. Les op\u00e9rateurs peuvent rapidement ajuster les param\u00e8tres en fonction des diff\u00e9rentes recettes ou des volumes de production, avec un minimum de formation.<\/li>\n<li>Ligne de production int\u00e9gr\u00e9e : La machine peut \u00eatre int\u00e9gr\u00e9e \u00e0 d'autres \u00e9quipements de boulangerie, tels que des convoyeurs et des syst\u00e8mes d'emballage, pour cr\u00e9er une ligne de production homog\u00e8ne. Cela permet de r\u00e9duire les temps d'arr\u00eat et d'am\u00e9liorer l'efficacit\u00e9 globale.<\/li>\n<\/ul>\n<p><img decoding=\"async\" class=\"alignnone size-full wp-image-4743\" src=\"https:\/\/www.biscuitsolution.com\/wp-content\/uploads\/2025\/02\/automatic-gingerbread-cookies-making-machine.jpg\" alt=\"Machine automatique \u00e0 fabriquer des biscuits de pain d&#039;\u00e9pices\" width=\"800\" height=\"450\" srcset=\"https:\/\/www.biscuitsolution.com\/wp-content\/uploads\/2025\/02\/automatic-gingerbread-cookies-making-machine.jpg 800w, https:\/\/www.biscuitsolution.com\/wp-content\/uploads\/2025\/02\/automatic-gingerbread-cookies-making-machine-600x338.jpg 600w, https:\/\/www.biscuitsolution.com\/wp-content\/uploads\/2025\/02\/automatic-gingerbread-cookies-making-machine-300x169.jpg 300w, https:\/\/www.biscuitsolution.com\/wp-content\/uploads\/2025\/02\/automatic-gingerbread-cookies-making-machine-768x432.jpg 768w\" sizes=\"(max-width: 800px) 100vw, 800px\" \/><\/p>\n<h2>Machine automatique \u00e0 fabriquer des biscuits au pain d'\u00e9pices FAQ<\/h2>\n<p>Comment ajuster l'\u00e9paisseur du pain d'\u00e9pices ?<\/p>\n<p>La plupart des machines sont \u00e9quip\u00e9es d'un bouton ou d'un levier de r\u00e9glage de l'\u00e9paisseur. En tournant le bouton ou en d\u00e9pla\u00e7ant le levier, on peut augmenter ou r\u00e9duire l'espace entre les rouleaux ou le dispositif de coupe pour ajuster l'\u00e9paisseur du biscuit.<\/p>\n<p>Si l'appareil s'arr\u00eate inopin\u00e9ment en cours d'utilisation, quelles sont les mesures \u00e0 prendre ?<\/p>\n<p>Commencez par v\u00e9rifier si l'alimentation \u00e9lectrique est stable et si la prise est bien branch\u00e9e. Ensuite, inspectez le panneau de commande et v\u00e9rifiez si l'appareil a d\u00e9clench\u00e9 un m\u00e9canisme de protection contre la surchauffe. Si le probl\u00e8me persiste, il est recommand\u00e9 de contacter le service client\u00e8le du fabricant ou un technicien professionnel pour obtenir de l'aide.<\/p>\n<p>La machine est-elle assortie d'une garantie ?<\/p>\n<p>En r\u00e8gle g\u00e9n\u00e9rale, nos machines sont assorties d'une garantie de 1 \u00e0 2 ans.<\/p>\n<div class=\"ast-oembed-container\" style=\"height: 100%;\"><iframe title=\"La ligne de production de biscuits la plus populaire parmi les Danois#bakery #shorts #biscuit\" width=\"500\" height=\"281\" src=\"https:\/\/www.youtube.com\/embed\/pBHBQs9LNwo?feature=oembed\" frameborder=\"0\" allow=\"accelerometer; autoplay; clipboard-write; encrypted-media; gyroscope; picture-in-picture; web-share\" referrerpolicy=\"strict-origin-when-cross-origin\" allowfullscreen><\/iframe><\/div>\n<h2>Laissez un message pour obtenir un devis<\/h2>\n\n<div class=\"wpcf7 no-js\" id=\"wpcf7-f4619-o1\" lang=\"en-US\" dir=\"ltr\" data-wpcf7-id=\"4619\">\n<div class=\"screen-reader-response\"><p role=\"status\" aria-live=\"polite\" aria-atomic=\"true\"><\/p> <ul><\/ul><\/div>\n<form action=\"\/fr\/wp-json\/wp\/v2\/product\/4740#wpcf7-f4619-o1\" method=\"post\" class=\"wpcf7-form init\" aria-label=\"Formulaire de contact\" novalidate=\"novalidate\" data-status=\"init\" data-trp-original-action=\"\/fr\/wp-json\/wp\/v2\/product\/4740#wpcf7-f4619-o1\">\n<div style=\"display: none;\">\n<input type=\"hidden\" name=\"_wpcf7\" value=\"4619\" \/>\n<input type=\"hidden\" name=\"_wpcf7_version\" value=\"6.0.4\" \/>\n<input type=\"hidden\" name=\"_wpcf7_locale\" value=\"en_US\" \/>\n<input type=\"hidden\" name=\"_wpcf7_unit_tag\" value=\"wpcf7-f4619-o1\" \/>\n<input type=\"hidden\" name=\"_wpcf7_container_post\" value=\"0\" \/>\n<input type=\"hidden\" name=\"_wpcf7_posted_data_hash\" value=\"\" \/>\n<\/div>\n<p><label> Votre nom*<br \/>\n<span class=\"wpcf7-form-control-wrap\" data-name=\"your-name\"><input size=\"40\" maxlength=\"400\" class=\"wpcf7-form-control wpcf7-text wpcf7-validates-as-required\" aria-required=\"true\" aria-invalid=\"false\" value=\"\" type=\"text\" name=\"your-name\" \/><\/span> <\/label>\n<\/p>\n<p><label> Votre pays<br \/>\n<span class=\"wpcf7-form-control-wrap\" data-name=\"your-country\"><input size=\"40\" maxlength=\"400\" class=\"wpcf7-form-control wpcf7-text\" aria-invalid=\"false\" value=\"\" type=\"text\" name=\"your-country\" \/><\/span><\/label>\n<\/p>\n<p><label> Votre courriel*<br \/>\n<span class=\"wpcf7-form-control-wrap\" data-name=\"your-email\"><input size=\"40\" maxlength=\"400\" class=\"wpcf7-form-control wpcf7-email wpcf7-validates-as-required wpcf7-text wpcf7-validates-as-email\" aria-required=\"true\" aria-invalid=\"false\" value=\"\" type=\"email\" name=\"your-email\" \/><\/span> <\/label>\n<\/p>\n<p><label> Votre t\u00e9l\u00e9phone<br \/>\n<span class=\"wpcf7-form-control-wrap\" data-name=\"your-phone\"><input size=\"40\" maxlength=\"400\" class=\"wpcf7-form-control wpcf7-tel wpcf7-text wpcf7-validates-as-tel\" aria-invalid=\"false\" value=\"\" type=\"tel\" name=\"your-phone\" \/><\/span> <\/label>\n<\/p>\n<p><label> Nom de l'entreprise<br \/>\n<span class=\"wpcf7-form-control-wrap\" data-name=\"text-457\"><input size=\"40\" maxlength=\"400\" class=\"wpcf7-form-control wpcf7-text\" aria-invalid=\"false\" value=\"\" type=\"text\" name=\"text-457\" \/><\/span> <\/label>\n<\/p>\n<p><label> Le site web de votre entreprise<br \/>\n<span class=\"wpcf7-form-control-wrap\" data-name=\"text-546\"><input size=\"40\" maxlength=\"400\" class=\"wpcf7-form-control wpcf7-text\" aria-invalid=\"false\" value=\"\" type=\"text\" name=\"text-546\" \/><\/span> <\/label>\n<\/p>\n<p><label> Votre demande*<br \/>\n<span class=\"wpcf7-form-control-wrap\" data-name=\"your-message\"><textarea cols=\"40\" rows=\"10\" maxlength=\"2000\" class=\"wpcf7-form-control wpcf7-textarea wpcf7-validates-as-required\" aria-required=\"true\" aria-invalid=\"false\" name=\"your-message\"><\/textarea><\/span> <\/label>\n<\/p>\n<p><input class=\"wpcf7-form-control wpcf7-submit has-spinner\" type=\"submit\" value=\"Soumettre\" \/>\n<\/p><p style=\"display: none !important;\" class=\"akismet-fields-container\" data-prefix=\"_wpcf7_ak_\"><label>&#916;<textarea name=\"_wpcf7_ak_hp_textarea\" cols=\"45\" rows=\"8\" maxlength=\"100\"><\/textarea><\/label><input type=\"hidden\" id=\"ak_js_1\" name=\"_wpcf7_ak_js\" value=\"9\"\/><script>document.getElementById( \"ak_js_1\" ).setAttribute( \"value\", ( new Date() ).getTime() );<\/script><\/p><div class=\"wpcf7-response-output\" aria-hidden=\"true\"><\/div>\n<input type=\"hidden\" name=\"trp-form-language\" value=\"fr\"\/><\/form>\n<\/div>\n\n<p>&nbsp;<\/p>\n<div style='text-align:left' class='yasr-auto-insert-visitor'><\/div>","protected":false},"excerpt":{"rendered":"<p>Marque : GELGOOG<\/p>\n<p>Capacit\u00e9 : Personnalisable<\/p>\n<p>Courriel : shanna@machinehall.com<\/p>\n<p>T\u00e9l\u00e9phone : +8618638676709<\/p>\n<p>Application : Divers biscuits<\/p>","protected":false},"featured_media":4744,"comment_status":"open","ping_status":"closed","template":"","meta":{"site-sidebar-layout":"default","site-content-layout":"","ast-site-content-layout":"default","site-content-style":"default","site-sidebar-style":"default","ast-global-header-display":"","ast-banner-title-visibility":"","ast-main-header-display":"","ast-hfb-above-header-display":"","ast-hfb-below-header-display":"","ast-hfb-mobile-header-display":"","site-post-title":"","ast-breadcrumbs-content":"","ast-featured-img":"","footer-sml-layout":"","theme-transparent-header-meta":"default","adv-header-id-meta":"","stick-header-meta":"","header-above-stick-meta":"","header-main-stick-meta":"","header-below-stick-meta":"","astra-migrate-meta-layouts":"set","ast-page-background-enabled":"default","ast-page-background-meta":{"desktop":{"background-color":"","background-image":"","background-repeat":"repeat","background-position":"center center","background-size":"auto","background-attachment":"scroll","background-type":"","background-media":"","overlay-type":"","overlay-color":"","overlay-opacity":"","overlay-gradient":""},"tablet":{"background-color":"","background-image":"","background-repeat":"repeat","background-position":"center center","background-size":"auto","background-attachment":"scroll","background-type":"","background-media":"","overlay-type":"","overlay-color":"","overlay-opacity":"","overlay-gradient":""},"mobile":{"background-color":"","background-image":"","background-repeat":"repeat","background-position":"center center","background-size":"auto","background-attachment":"scroll","background-type":"","background-media":"","overlay-type":"","overlay-color":"","overlay-opacity":"","overlay-gradient":""}},"ast-content-background-meta":{"desktop":{"background-color":"var(--ast-global-color-5)","background-image":"","background-repeat":"repeat","background-position":"center center","background-size":"auto","background-attachment":"scroll","background-type":"","background-media":"","overlay-type":"","overlay-color":"","overlay-opacity":"","overlay-gradient":""},"tablet":{"background-color":"var(--ast-global-color-5)","background-image":"","background-repeat":"repeat","background-position":"center center","background-size":"auto","background-attachment":"scroll","background-type":"","background-media":"","overlay-type":"","overlay-color":"","overlay-opacity":"","overlay-gradient":""},"mobile":{"background-color":"var(--ast-global-color-5)","background-image":"","background-repeat":"repeat","background-position":"center center","background-size":"auto","background-attachment":"scroll","background-type":"","background-media":"","overlay-type":"","overlay-color":"","overlay-opacity":"","overlay-gradient":""}},"yasr_overall_rating":0,"yasr_post_is_review":"","yasr_auto_insert_disabled":"","yasr_review_type":""},"product_brand":[],"product_cat":[24],"product_tag":[],"class_list":{"0":"post-4740","1":"product","2":"type-product","3":"status-publish","4":"has-post-thumbnail","6":"product_cat-cookie-production-line","7":"desktop-align-left","8":"tablet-align-left","9":"mobile-align-left","11":"first","12":"instock","13":"shipping-taxable","14":"product-type-simple"},"yoast_head":"<!-- This site is optimized with the Yoast SEO plugin v24.4 - https:\/\/yoast.com\/wordpress\/plugins\/seo\/ -->\n<title>Automatic Gingerbread Cookies Making Machine 1000kg\/h - Biscuit Production Solution Manufacturer<\/title>\n<meta name=\"description\" content=\"Automatic gingerbread cookies making machine is highly efficient and versatile solution designed. ensuring consistent quality and high productivity.\" \/>\n<meta name=\"robots\" content=\"index, follow, max-snippet:-1, max-image-preview:large, max-video-preview:-1\" \/>\n<link rel=\"canonical\" href=\"https:\/\/www.biscuitsolution.com\/fr\/produit\/automatic-gingerbread-cookies-making-machine-1000kg-h\/\" \/>\n<meta property=\"og:locale\" content=\"fr_FR\" \/>\n<meta property=\"og:type\" content=\"article\" \/>\n<meta property=\"og:title\" content=\"Automatic Gingerbread Cookies Making Machine 1000kg\/h - Biscuit Production Solution Manufacturer\" \/>\n<meta property=\"og:description\" content=\"Automatic gingerbread cookies making machine is highly efficient and versatile solution designed. ensuring consistent quality and high productivity.\" \/>\n<meta property=\"og:url\" content=\"https:\/\/www.biscuitsolution.com\/fr\/produit\/automatic-gingerbread-cookies-making-machine-1000kg-h\/\" \/>\n<meta property=\"og:site_name\" content=\"Biscuit Production Solution Manufacturer\" \/>\n<meta property=\"article:publisher\" content=\"https:\/\/www.facebook.com\/profile.php?id=100095205040823\" \/>\n<meta property=\"og:image\" content=\"https:\/\/www.biscuitsolution.com\/wp-content\/uploads\/2025\/02\/\u4e3b\u56fe-11.jpg\" \/>\n\t<meta property=\"og:image:width\" content=\"600\" \/>\n\t<meta property=\"og:image:height\" content=\"600\" \/>\n\t<meta property=\"og:image:type\" content=\"image\/jpeg\" \/>\n<meta name=\"twitter:card\" content=\"summary_large_image\" \/>\n<meta name=\"twitter:site\" content=\"@shanna_zha26342\" \/>\n<meta name=\"twitter:label1\" content=\"Dur\u00e9e de lecture estim\u00e9e\" \/>\n\t<meta name=\"twitter:data1\" content=\"3 minutes\" \/>\n<script type=\"application\/ld+json\" class=\"yoast-schema-graph\">{\"@context\":\"https:\/\/schema.org\",\"@graph\":[{\"@type\":\"WebPage\",\"@id\":\"https:\/\/www.biscuitsolution.com\/product\/automatic-gingerbread-cookies-making-machine-1000kg-h\/\",\"url\":\"https:\/\/www.biscuitsolution.com\/product\/automatic-gingerbread-cookies-making-machine-1000kg-h\/\",\"name\":\"Automatic Gingerbread Cookies Making Machine 1000kg\/h - Biscuit Production Solution Manufacturer\",\"isPartOf\":{\"@id\":\"https:\/\/www.biscuitsolution.com\/#website\"},\"primaryImageOfPage\":{\"@id\":\"https:\/\/www.biscuitsolution.com\/product\/automatic-gingerbread-cookies-making-machine-1000kg-h\/#primaryimage\"},\"image\":{\"@id\":\"https:\/\/www.biscuitsolution.com\/product\/automatic-gingerbread-cookies-making-machine-1000kg-h\/#primaryimage\"},\"thumbnailUrl\":\"https:\/\/www.biscuitsolution.com\/wp-content\/uploads\/2025\/02\/\u4e3b\u56fe-11.jpg\",\"datePublished\":\"2025-02-19T10:34:43+00:00\",\"description\":\"Automatic gingerbread cookies making machine is highly efficient and versatile solution designed. ensuring consistent quality and high productivity.\",\"breadcrumb\":{\"@id\":\"https:\/\/www.biscuitsolution.com\/product\/automatic-gingerbread-cookies-making-machine-1000kg-h\/#breadcrumb\"},\"inLanguage\":\"fr-FR\",\"potentialAction\":[{\"@type\":\"ReadAction\",\"target\":[\"https:\/\/www.biscuitsolution.com\/product\/automatic-gingerbread-cookies-making-machine-1000kg-h\/\"]}]},{\"@type\":\"ImageObject\",\"inLanguage\":\"fr-FR\",\"@id\":\"https:\/\/www.biscuitsolution.com\/product\/automatic-gingerbread-cookies-making-machine-1000kg-h\/#primaryimage\",\"url\":\"https:\/\/www.biscuitsolution.com\/wp-content\/uploads\/2025\/02\/\u4e3b\u56fe-11.jpg\",\"contentUrl\":\"https:\/\/www.biscuitsolution.com\/wp-content\/uploads\/2025\/02\/\u4e3b\u56fe-11.jpg\",\"width\":600,\"height\":600,\"caption\":\"automatic gingerbread cookies making machine\"},{\"@type\":\"BreadcrumbList\",\"@id\":\"https:\/\/www.biscuitsolution.com\/product\/automatic-gingerbread-cookies-making-machine-1000kg-h\/#breadcrumb\",\"itemListElement\":[{\"@type\":\"ListItem\",\"position\":1,\"name\":\"Home\",\"item\":\"https:\/\/www.biscuitsolution.com\/\"},{\"@type\":\"ListItem\",\"position\":2,\"name\":\"Product\",\"item\":\"https:\/\/www.biscuitsolution.com\/product\/\"},{\"@type\":\"ListItem\",\"position\":3,\"name\":\"Automatic Gingerbread Cookies Making Machine 1000kg\/h\"}]},{\"@type\":\"WebSite\",\"@id\":\"https:\/\/www.biscuitsolution.com\/#website\",\"url\":\"https:\/\/www.biscuitsolution.com\/\",\"name\":\"Biscuit Production Solution Manufacturer\",\"description\":\"\",\"potentialAction\":[{\"@type\":\"SearchAction\",\"target\":{\"@type\":\"EntryPoint\",\"urlTemplate\":\"https:\/\/www.biscuitsolution.com\/?s={search_term_string}\"},\"query-input\":{\"@type\":\"PropertyValueSpecification\",\"valueRequired\":true,\"valueName\":\"search_term_string\"}}],\"inLanguage\":\"fr-FR\"},false]}<\/script>\n<!-- \/ Yoast SEO plugin. -->","yoast_head_json":{"title":"Machine automatique \u00e0 fabriquer des biscuits de pain d'\u00e9pices 1000kg\/h - Biscuit Production Solution Manufacturer","description":"La machine automatique de fabrication de biscuits en pain d'\u00e9pices est une solution tr\u00e8s efficace et polyvalente con\u00e7ue pour garantir une qualit\u00e9 constante et une productivit\u00e9 \u00e9lev\u00e9e.","robots":{"index":"index","follow":"follow","max-snippet":"max-snippet:-1","max-image-preview":"max-image-preview:large","max-video-preview":"max-video-preview:-1"},"canonical":"https:\/\/www.biscuitsolution.com\/fr\/produit\/automatic-gingerbread-cookies-making-machine-1000kg-h\/","og_locale":"fr_FR","og_type":"article","og_title":"Automatic Gingerbread Cookies Making Machine 1000kg\/h - Biscuit Production Solution Manufacturer","og_description":"Automatic gingerbread cookies making machine is highly efficient and versatile solution designed. ensuring consistent quality and high productivity.","og_url":"https:\/\/www.biscuitsolution.com\/fr\/produit\/automatic-gingerbread-cookies-making-machine-1000kg-h\/","og_site_name":"Biscuit Production Solution Manufacturer","article_publisher":"https:\/\/www.facebook.com\/profile.php?id=100095205040823","og_image":[{"width":600,"height":600,"url":"https:\/\/www.biscuitsolution.com\/wp-content\/uploads\/2025\/02\/\u4e3b\u56fe-11.jpg","type":"image\/jpeg"}],"twitter_card":"summary_large_image","twitter_site":"@shanna_zha26342","twitter_misc":{"Dur\u00e9e de lecture estim\u00e9e":"3 minutes"},"schema":{"@context":"https:\/\/schema.org","@graph":[{"@type":"WebPage","@id":"https:\/\/www.biscuitsolution.com\/product\/automatic-gingerbread-cookies-making-machine-1000kg-h\/","url":"https:\/\/www.biscuitsolution.com\/product\/automatic-gingerbread-cookies-making-machine-1000kg-h\/","name":"Machine automatique \u00e0 fabriquer des biscuits de pain d'\u00e9pices 1000kg\/h - Biscuit Production Solution Manufacturer","isPartOf":{"@id":"https:\/\/www.biscuitsolution.com\/#website"},"primaryImageOfPage":{"@id":"https:\/\/www.biscuitsolution.com\/product\/automatic-gingerbread-cookies-making-machine-1000kg-h\/#primaryimage"},"image":{"@id":"https:\/\/www.biscuitsolution.com\/product\/automatic-gingerbread-cookies-making-machine-1000kg-h\/#primaryimage"},"thumbnailUrl":"https:\/\/www.biscuitsolution.com\/wp-content\/uploads\/2025\/02\/\u4e3b\u56fe-11.jpg","datePublished":"2025-02-19T10:34:43+00:00","description":"La machine automatique de fabrication de biscuits en pain d'\u00e9pices est une solution tr\u00e8s efficace et polyvalente con\u00e7ue pour garantir une qualit\u00e9 constante et une productivit\u00e9 \u00e9lev\u00e9e.","breadcrumb":{"@id":"https:\/\/www.biscuitsolution.com\/product\/automatic-gingerbread-cookies-making-machine-1000kg-h\/#breadcrumb"},"inLanguage":"fr-FR","potentialAction":[{"@type":"ReadAction","target":["https:\/\/www.biscuitsolution.com\/product\/automatic-gingerbread-cookies-making-machine-1000kg-h\/"]}]},{"@type":"ImageObject","inLanguage":"fr-FR","@id":"https:\/\/www.biscuitsolution.com\/product\/automatic-gingerbread-cookies-making-machine-1000kg-h\/#primaryimage","url":"https:\/\/www.biscuitsolution.com\/wp-content\/uploads\/2025\/02\/\u4e3b\u56fe-11.jpg","contentUrl":"https:\/\/www.biscuitsolution.com\/wp-content\/uploads\/2025\/02\/\u4e3b\u56fe-11.jpg","width":600,"height":600,"caption":"automatic gingerbread cookies making machine"},{"@type":"BreadcrumbList","@id":"https:\/\/www.biscuitsolution.com\/product\/automatic-gingerbread-cookies-making-machine-1000kg-h\/#breadcrumb","itemListElement":[{"@type":"ListItem","position":1,"name":"Home","item":"https:\/\/www.biscuitsolution.com\/"},{"@type":"ListItem","position":2,"name":"Product","item":"https:\/\/www.biscuitsolution.com\/product\/"},{"@type":"ListItem","position":3,"name":"Automatic Gingerbread Cookies Making Machine 1000kg\/h"}]},{"@type":"WebSite","@id":"https:\/\/www.biscuitsolution.com\/#website","url":"https:\/\/www.biscuitsolution.com\/","name":"Fabricant de solutions pour la production de biscuits","description":"","potentialAction":[{"@type":"SearchAction","target":{"@type":"EntryPoint","urlTemplate":"https:\/\/www.biscuitsolution.com\/?s={search_term_string}"},"query-input":{"@type":"PropertyValueSpecification","valueRequired":true,"valueName":"search_term_string"}}],"inLanguage":"fr-FR"},false]}},"yasr_visitor_votes":{"stars_attributes":{"read_only":false,"span_bottom":false},"number_of_votes":3,"sum_votes":15},"_links":{"self":[{"href":"https:\/\/www.biscuitsolution.com\/fr\/wp-json\/wp\/v2\/product\/4740","targetHints":{"allow":["GET"]}}],"collection":[{"href":"https:\/\/www.biscuitsolution.com\/fr\/wp-json\/wp\/v2\/product"}],"about":[{"href":"https:\/\/www.biscuitsolution.com\/fr\/wp-json\/wp\/v2\/types\/product"}],"replies":[{"embeddable":true,"href":"https:\/\/www.biscuitsolution.com\/fr\/wp-json\/wp\/v2\/comments?post=4740"}],"version-history":[{"count":1,"href":"https:\/\/www.biscuitsolution.com\/fr\/wp-json\/wp\/v2\/product\/4740\/revisions"}],"predecessor-version":[{"id":4745,"href":"https:\/\/www.biscuitsolution.com\/fr\/wp-json\/wp\/v2\/product\/4740\/revisions\/4745"}],"wp:featuredmedia":[{"embeddable":true,"href":"https:\/\/www.biscuitsolution.com\/fr\/wp-json\/wp\/v2\/media\/4744"}],"wp:attachment":[{"href":"https:\/\/www.biscuitsolution.com\/fr\/wp-json\/wp\/v2\/media?parent=4740"}],"wp:term":[{"taxonomy":"product_brand","embeddable":true,"href":"https:\/\/www.biscuitsolution.com\/fr\/wp-json\/wp\/v2\/product_brand?post=4740"},{"taxonomy":"product_cat","embeddable":true,"href":"https:\/\/www.biscuitsolution.com\/fr\/wp-json\/wp\/v2\/product_cat?post=4740"},{"taxonomy":"product_tag","embeddable":true,"href":"https:\/\/www.biscuitsolution.com\/fr\/wp-json\/wp\/v2\/product_tag?post=4740"}],"curies":[{"name":"wp","href":"https:\/\/api.w.org\/{rel}","templated":true}]}}