{"id":4723,"date":"2025-02-19T10:08:46","date_gmt":"2025-02-19T10:08:46","guid":{"rendered":"https:\/\/www.biscuitsolution.com\/?post_type=product&#038;p=4723"},"modified":"2025-10-30T11:19:49","modified_gmt":"2025-10-30T03:19:49","slug":"automatic-wafer-cookie-production-equipment","status":"publish","type":"product","link":"https:\/\/www.biscuitsolution.com\/fr\/produit\/automatic-wafer-cookie-production-equipment\/","title":{"rendered":"\u00c9quipement automatique complet de production de biscuits gaufr\u00e9s"},"content":{"rendered":"<p>Un <strong>ligne de production automatique de biscuits gaufr\u00e9s<\/strong> int\u00e8gre une ing\u00e9nierie de pr\u00e9cision et une automatisation sans faille pour produire des volumes importants et r\u00e9guliers. Du m\u00e9lange de la p\u00e2te \u00e0 l'emballage final, l'ensemble du processus est con\u00e7u pour assurer l'efficacit\u00e9 op\u00e9rationnelle, l'uniformit\u00e9 du produit et l'adaptation flexible des recettes, ce qui en fait une solution id\u00e9ale pour les fabricants de produits alimentaires modernes.<\/p>\n<div class=\"ast-oembed-container\" style=\"height: 100%;\"><iframe title=\"Ligne de production automatique multifonctionnelle de biscuits Machine \u00e0 biscuits \u00e9conomique\" width=\"500\" height=\"281\" src=\"https:\/\/www.youtube.com\/embed\/2kc3y-GOUKo?feature=oembed\" frameborder=\"0\" allow=\"accelerometer; autoplay; clipboard-write; encrypted-media; gyroscope; picture-in-picture; web-share\" referrerpolicy=\"strict-origin-when-cross-origin\" allowfullscreen><\/iframe><\/div>\n<h3><strong>\u00c9quipements cl\u00e9s de la cha\u00eene de production<\/strong><\/h3>\n<p class=\"ds-markdown-paragraph\">Chaque composant est con\u00e7u pour remplir un r\u00f4le sp\u00e9cifique avec pr\u00e9cision et fiabilit\u00e9, formant ainsi un flux de travail continu et efficace.<\/p>\n<ul>\n<li style=\"list-style-type: none;\">\n<ul>\n<li>\n<p class=\"ds-markdown-paragraph\"><strong>M\u00e9langeur vertical<\/strong><br \/>\nCette unit\u00e9 essentielle combine minutieusement les ingr\u00e9dients secs et humides pour former une p\u00e2te \u00e0 gaufrettes homog\u00e8ne. Disponible avec diff\u00e9rents types d'agitateurs (pales ou spirales), il peut \u00eatre s\u00e9lectionn\u00e9 pour r\u00e9pondre \u00e0 des exigences de m\u00e9lange sp\u00e9cifiques et aux caract\u00e9ristiques de la recette.<\/p>\n<\/li>\n<li>\n<p class=\"ds-markdown-paragraph\"><strong>Four \u00e0 convoyeur<\/strong><br \/>\nDot\u00e9 d'un tapis roulant continu qui se d\u00e9place dans une chambre de cuisson \u00e0 temp\u00e9rature contr\u00f4l\u00e9e, ce four assure une cuisson homog\u00e8ne avec des syst\u00e8mes de chauffage \u00e9lectriques ou au gaz. Les zones de temp\u00e9rature r\u00e9glables permettent une gestion thermique pr\u00e9cise, essentielle pour obtenir une couleur et une texture homog\u00e8nes des gaufrettes.<\/p>\n<\/li>\n<li>\n<p class=\"ds-markdown-paragraph\"><strong>Convoyeur de refroidissement<\/strong><br \/>\nCon\u00e7u comme un syst\u00e8me de bande \u00e0 mailles ouvertes, le convoyeur de refroidissement permet \u00e0 l'air ambiant ou forc\u00e9 de circuler autour des gaufres cuites. Avec un temps de transit g\u00e9n\u00e9ralement compris entre 5 et 10 minutes, il am\u00e8ne les gaufres \u00e0 la temp\u00e9rature et \u00e0 la rigidit\u00e9 id\u00e9ales pour la manipulation et l'emballage en aval.<\/p>\n<\/li>\n<li>\n<p class=\"ds-markdown-paragraph\"><strong>Machine \u00e0 emballer les oreillers<\/strong><br \/>\nCe syst\u00e8me automatis\u00e9 conditionne les gaufrettes individuellement ou en lots de plusieurs pi\u00e8ces. La taille de l'emballage et la vitesse de la machine sont enti\u00e8rement r\u00e9glables pour s'adapter aux diff\u00e9rentes dimensions du produit et aux exigences de production, ce qui garantit une fra\u00eecheur scell\u00e9e et une pr\u00e9sentation pr\u00eate pour la vente au d\u00e9tail.<\/p>\n<\/li>\n<\/ul>\n<\/li>\n<\/ul>\n<p><img fetchpriority=\"high\" decoding=\"async\" class=\"alignnone size-full wp-image-4724\" src=\"https:\/\/www.biscuitsolution.com\/wp-content\/uploads\/2025\/02\/automatic-wafer-cookie-production-process.jpg\" alt=\"processus de production automatique de biscuits gaufr\u00e9s\" width=\"800\" height=\"450\" srcset=\"https:\/\/www.biscuitsolution.com\/wp-content\/uploads\/2025\/02\/automatic-wafer-cookie-production-process.jpg 800w, https:\/\/www.biscuitsolution.com\/wp-content\/uploads\/2025\/02\/automatic-wafer-cookie-production-process-600x338.jpg 600w, https:\/\/www.biscuitsolution.com\/wp-content\/uploads\/2025\/02\/automatic-wafer-cookie-production-process-300x169.jpg 300w, https:\/\/www.biscuitsolution.com\/wp-content\/uploads\/2025\/02\/automatic-wafer-cookie-production-process-768x432.jpg 768w\" sizes=\"(max-width: 800px) 100vw, 800px\" \/><\/p>\n<h2>Avantages du processus de production de biscuits \u00e0 l'eau<\/h2>\n<ol>\n<li>\n<p class=\"ds-markdown-paragraph\"><strong>Flexibilit\u00e9 des recettes<\/strong><br \/>\nAjustez facilement les recettes gr\u00e2ce au syst\u00e8me de contr\u00f4le centralis\u00e9. Modifiez les ratios d'ingr\u00e9dients, incorporez de nouveaux ar\u00f4mes ou ajoutez des composants nutritionnels avec un temps d'arr\u00eat minimal, ce qui permet de r\u00e9pondre rapidement aux tendances du march\u00e9.<\/p>\n<\/li>\n<li>\n<p class=\"ds-markdown-paragraph\"><strong>Hygi\u00e8ne et facilit\u00e9 d'entretien<\/strong><br \/>\nLes surfaces des \u00e9quipements sont lisses et accessibles, avec un minimum de zones difficiles \u00e0 atteindre. Cette conception simplifie le nettoyage quotidien, r\u00e9pond aux normes de s\u00e9curit\u00e9 alimentaire et r\u00e9duit le temps et les efforts de maintenance.<\/p>\n<\/li>\n<li>\n<p class=\"ds-markdown-paragraph\"><strong>Optimisation de l'utilisation des mat\u00e9riaux<\/strong><br \/>\nLes syst\u00e8mes automatis\u00e9s de dosage et de distribution contr\u00f4lent avec pr\u00e9cision la quantit\u00e9 de p\u00e2te \u00e0 frire et d'autres mati\u00e8res premi\u00e8res utilis\u00e9es par cycle. Cette pr\u00e9cision permet de r\u00e9duire consid\u00e9rablement les d\u00e9chets et d'\u00e9viter les incoh\u00e9rences dues \u00e0 la manipulation manuelle.<\/p>\n<\/li>\n<li>\n<p class=\"ds-markdown-paragraph\"><strong>Sortie continue \u00e0 grande vitesse<\/strong><br \/>\nLe processus \u00e9troitement synchronis\u00e9 - du m\u00e9lange et de la cuisson au refroidissement et \u00e0 l'emballage - assure un fonctionnement continu. Cela permet d'\u00e9liminer les goulots d'\u00e9tranglement, de maximiser le d\u00e9bit et de r\u00e9pondre de mani\u00e8re fiable aux demandes de commandes importantes.<\/p>\n<\/li>\n<\/ol>\n<p><img decoding=\"async\" class=\"alignnone size-full wp-image-4725\" src=\"https:\/\/www.biscuitsolution.com\/wp-content\/uploads\/2025\/02\/water-cookie-production-process.jpg\" alt=\"processus de production automatique de biscuits gaufr\u00e9s\" width=\"800\" height=\"450\" srcset=\"https:\/\/www.biscuitsolution.com\/wp-content\/uploads\/2025\/02\/water-cookie-production-process.jpg 800w, https:\/\/www.biscuitsolution.com\/wp-content\/uploads\/2025\/02\/water-cookie-production-process-600x338.jpg 600w, https:\/\/www.biscuitsolution.com\/wp-content\/uploads\/2025\/02\/water-cookie-production-process-300x169.jpg 300w, https:\/\/www.biscuitsolution.com\/wp-content\/uploads\/2025\/02\/water-cookie-production-process-768x432.jpg 768w\" sizes=\"(max-width: 800px) 100vw, 800px\" \/><\/p>\n<h3><strong>Pourquoi s'associer \u00e0 nous ?<\/strong><\/h3>\n<ul>\n<li>\n<p class=\"ds-markdown-paragraph\"><strong>Un \u00e9quipement robuste et fiable<\/strong><br \/>\nNos lignes de production sont construites avec des ch\u00e2ssis robustes et des composants tr\u00e8s r\u00e9sistants \u00e0 l'usure, con\u00e7us pour assurer une stabilit\u00e9 \u00e0 long terme, m\u00eame dans des conditions d'exploitation tr\u00e8s intenses.<\/p>\n<\/li>\n<li>\n<p class=\"ds-markdown-paragraph\"><strong>Technologie de moulage avanc\u00e9e<\/strong><br \/>\nGr\u00e2ce \u00e0 des moules de pr\u00e9cision et \u00e0 un contr\u00f4le intelligent de la pression, notre \u00e9quipement de formage produit des plaquettes de formes et d'\u00e9paisseurs vari\u00e9es, tout en garantissant l'int\u00e9grit\u00e9 structurelle et une texture homog\u00e8ne.<\/p>\n<\/li>\n<li>\n<p class=\"ds-markdown-paragraph\"><strong>Installation et formation professionnelles<\/strong><br \/>\nNous fournissons une assistance de bout en bout, y compris l'installation par des experts, la mise en service compl\u00e8te du syst\u00e8me et la formation compl\u00e8te des op\u00e9rateurs afin de garantir une mont\u00e9e en production sans heurts.<\/p>\n<\/li>\n<li>\n<p class=\"ds-markdown-paragraph\"><strong>Configuration personnalis\u00e9e des lignes<\/strong><br \/>\nQue vous soyez une boulangerie en pleine expansion ou un fabricant industriel, nous pouvons adapter la ligne de production \u00e0 votre \u00e9chelle sp\u00e9cifique, \u00e0 votre gamme de produits et \u00e0 l'agencement de votre usine, afin de vous fournir une solution qui corresponde \u00e0 vos objectifs commerciaux.<\/p>\n<\/li>\n<\/ul>\n<h2>Laissez un message pour obtenir un devis<\/h2>\n\n<div class=\"wpcf7 no-js\" id=\"wpcf7-f4619-o1\" lang=\"en-US\" dir=\"ltr\" data-wpcf7-id=\"4619\">\n<div class=\"screen-reader-response\"><p role=\"status\" aria-live=\"polite\" aria-atomic=\"true\"><\/p> <ul><\/ul><\/div>\n<form action=\"\/fr\/wp-json\/wp\/v2\/product\/4723#wpcf7-f4619-o1\" method=\"post\" class=\"wpcf7-form init\" aria-label=\"Formulaire de contact\" novalidate=\"novalidate\" data-status=\"init\" data-trp-original-action=\"\/fr\/wp-json\/wp\/v2\/product\/4723#wpcf7-f4619-o1\">\n<div style=\"display: none;\">\n<input type=\"hidden\" name=\"_wpcf7\" value=\"4619\" \/>\n<input type=\"hidden\" name=\"_wpcf7_version\" value=\"6.0.4\" \/>\n<input type=\"hidden\" name=\"_wpcf7_locale\" value=\"en_US\" \/>\n<input type=\"hidden\" name=\"_wpcf7_unit_tag\" value=\"wpcf7-f4619-o1\" \/>\n<input type=\"hidden\" name=\"_wpcf7_container_post\" value=\"0\" \/>\n<input type=\"hidden\" name=\"_wpcf7_posted_data_hash\" value=\"\" \/>\n<\/div>\n<p><label> Votre nom*<br \/>\n<span class=\"wpcf7-form-control-wrap\" data-name=\"your-name\"><input size=\"40\" maxlength=\"400\" class=\"wpcf7-form-control wpcf7-text wpcf7-validates-as-required\" aria-required=\"true\" aria-invalid=\"false\" value=\"\" type=\"text\" name=\"your-name\" \/><\/span> <\/label>\n<\/p>\n<p><label> Votre pays<br \/>\n<span class=\"wpcf7-form-control-wrap\" data-name=\"your-country\"><input size=\"40\" maxlength=\"400\" class=\"wpcf7-form-control wpcf7-text\" aria-invalid=\"false\" value=\"\" type=\"text\" name=\"your-country\" \/><\/span><\/label>\n<\/p>\n<p><label> Votre courriel*<br \/>\n<span class=\"wpcf7-form-control-wrap\" data-name=\"your-email\"><input size=\"40\" maxlength=\"400\" class=\"wpcf7-form-control wpcf7-email wpcf7-validates-as-required wpcf7-text wpcf7-validates-as-email\" aria-required=\"true\" aria-invalid=\"false\" value=\"\" type=\"email\" name=\"your-email\" \/><\/span> <\/label>\n<\/p>\n<p><label> Votre t\u00e9l\u00e9phone<br \/>\n<span class=\"wpcf7-form-control-wrap\" data-name=\"your-phone\"><input size=\"40\" maxlength=\"400\" class=\"wpcf7-form-control wpcf7-tel wpcf7-text wpcf7-validates-as-tel\" aria-invalid=\"false\" value=\"\" type=\"tel\" name=\"your-phone\" \/><\/span> <\/label>\n<\/p>\n<p><label> Nom de l'entreprise<br \/>\n<span class=\"wpcf7-form-control-wrap\" data-name=\"text-457\"><input size=\"40\" maxlength=\"400\" class=\"wpcf7-form-control wpcf7-text\" aria-invalid=\"false\" value=\"\" type=\"text\" name=\"text-457\" \/><\/span> <\/label>\n<\/p>\n<p><label> Le site web de votre entreprise<br \/>\n<span class=\"wpcf7-form-control-wrap\" data-name=\"text-546\"><input size=\"40\" maxlength=\"400\" class=\"wpcf7-form-control wpcf7-text\" aria-invalid=\"false\" value=\"\" type=\"text\" name=\"text-546\" \/><\/span> <\/label>\n<\/p>\n<p><label> Votre demande*<br \/>\n<span class=\"wpcf7-form-control-wrap\" data-name=\"your-message\"><textarea cols=\"40\" rows=\"10\" maxlength=\"2000\" class=\"wpcf7-form-control wpcf7-textarea wpcf7-validates-as-required\" aria-required=\"true\" aria-invalid=\"false\" name=\"your-message\"><\/textarea><\/span> <\/label>\n<\/p>\n<p><input class=\"wpcf7-form-control wpcf7-submit has-spinner\" type=\"submit\" value=\"Soumettre\" \/>\n<\/p><p style=\"display: none !important;\" class=\"akismet-fields-container\" data-prefix=\"_wpcf7_ak_\"><label>&#916;<textarea name=\"_wpcf7_ak_hp_textarea\" cols=\"45\" rows=\"8\" maxlength=\"100\"><\/textarea><\/label><input type=\"hidden\" id=\"ak_js_1\" name=\"_wpcf7_ak_js\" value=\"61\"\/><script>document.getElementById( \"ak_js_1\" ).setAttribute( \"value\", ( new Date() ).getTime() );<\/script><\/p><div class=\"wpcf7-response-output\" aria-hidden=\"true\"><\/div>\n<input type=\"hidden\" name=\"trp-form-language\" value=\"fr\"\/><\/form>\n<\/div>\n\n<p>&nbsp;<\/p>\n<div style='text-align:left' class='yasr-auto-insert-visitor'><\/div>","protected":false},"excerpt":{"rendered":"<p>Marque : GELGOOG<\/p>\n<p>Tension : 380V<\/p>\n<p>Capacity\uff1a100kg\/h-1200kg\/h<\/p>\n<p>Courriel : shanna@machinehall.com<\/p>\n<p>T\u00e9l : +8618638676709<\/p>","protected":false},"featured_media":4726,"comment_status":"open","ping_status":"closed","template":"","meta":{"site-sidebar-layout":"default","site-content-layout":"","ast-site-content-layout":"default","site-content-style":"default","site-sidebar-style":"default","ast-global-header-display":"","ast-banner-title-visibility":"","ast-main-header-display":"","ast-hfb-above-header-display":"","ast-hfb-below-header-display":"","ast-hfb-mobile-header-display":"","site-post-title":"","ast-breadcrumbs-content":"","ast-featured-img":"","footer-sml-layout":"","theme-transparent-header-meta":"default","adv-header-id-meta":"","stick-header-meta":"","header-above-stick-meta":"","header-main-stick-meta":"","header-below-stick-meta":"","astra-migrate-meta-layouts":"set","ast-page-background-enabled":"default","ast-page-background-meta":{"desktop":{"background-color":"","background-image":"","background-repeat":"repeat","background-position":"center center","background-size":"auto","background-attachment":"scroll","background-type":"","background-media":"","overlay-type":"","overlay-color":"","overlay-opacity":"","overlay-gradient":""},"tablet":{"background-color":"","background-image":"","background-repeat":"repeat","background-position":"center center","background-size":"auto","background-attachment":"scroll","background-type":"","background-media":"","overlay-type":"","overlay-color":"","overlay-opacity":"","overlay-gradient":""},"mobile":{"background-color":"","background-image":"","background-repeat":"repeat","background-position":"center center","background-size":"auto","background-attachment":"scroll","background-type":"","background-media":"","overlay-type":"","overlay-color":"","overlay-opacity":"","overlay-gradient":""}},"ast-content-background-meta":{"desktop":{"background-color":"var(--ast-global-color-5)","background-image":"","background-repeat":"repeat","background-position":"center center","background-size":"auto","background-attachment":"scroll","background-type":"","background-media":"","overlay-type":"","overlay-color":"","overlay-opacity":"","overlay-gradient":""},"tablet":{"background-color":"var(--ast-global-color-5)","background-image":"","background-repeat":"repeat","background-position":"center center","background-size":"auto","background-attachment":"scroll","background-type":"","background-media":"","overlay-type":"","overlay-color":"","overlay-opacity":"","overlay-gradient":""},"mobile":{"background-color":"var(--ast-global-color-5)","background-image":"","background-repeat":"repeat","background-position":"center center","background-size":"auto","background-attachment":"scroll","background-type":"","background-media":"","overlay-type":"","overlay-color":"","overlay-opacity":"","overlay-gradient":""}},"yasr_overall_rating":5,"yasr_post_is_review":"","yasr_auto_insert_disabled":"","yasr_review_type":""},"product_brand":[],"product_cat":[24],"product_tag":[],"class_list":{"0":"post-4723","1":"product","2":"type-product","3":"status-publish","4":"has-post-thumbnail","6":"product_cat-cookie-production-line","7":"desktop-align-left","8":"tablet-align-left","9":"mobile-align-left","11":"first","12":"instock","13":"shipping-taxable","14":"product-type-simple"},"yoast_head":"<!-- This site is optimized with the Yoast SEO plugin v24.4 - https:\/\/yoast.com\/wordpress\/plugins\/seo\/ -->\n<title>Complete Automatic Wafer Cookie Production Process Equipment - Biscuit Production Solution Manufacturer<\/title>\n<meta name=\"description\" content=\"Automatic wafer cookie production process is collection of a series of process equipment from dough making to cookie forming, baking, cooling and packaging.\" \/>\n<meta name=\"robots\" content=\"index, follow, max-snippet:-1, max-image-preview:large, max-video-preview:-1\" \/>\n<link rel=\"canonical\" href=\"https:\/\/www.biscuitsolution.com\/fr\/produit\/automatic-wafer-cookie-production-equipment\/\" \/>\n<meta property=\"og:locale\" content=\"fr_FR\" \/>\n<meta property=\"og:type\" content=\"article\" \/>\n<meta property=\"og:title\" content=\"Complete Automatic Wafer Cookie Production Process Equipment - Biscuit Production Solution Manufacturer\" \/>\n<meta property=\"og:description\" content=\"Automatic wafer cookie production process is collection of a series of process equipment from dough making to cookie forming, baking, cooling and packaging.\" \/>\n<meta property=\"og:url\" content=\"https:\/\/www.biscuitsolution.com\/fr\/produit\/automatic-wafer-cookie-production-equipment\/\" \/>\n<meta property=\"og:site_name\" content=\"Biscuit Production Solution Manufacturer\" \/>\n<meta property=\"article:publisher\" content=\"https:\/\/www.facebook.com\/profile.php?id=100095205040823\" \/>\n<meta property=\"article:modified_time\" content=\"2025-10-30T03:19:49+00:00\" \/>\n<meta property=\"og:image\" content=\"https:\/\/www.biscuitsolution.com\/wp-content\/uploads\/2025\/02\/\u4e3b\u56fe-8.jpg\" \/>\n\t<meta property=\"og:image:width\" content=\"600\" \/>\n\t<meta property=\"og:image:height\" content=\"600\" \/>\n\t<meta property=\"og:image:type\" content=\"image\/jpeg\" \/>\n<meta name=\"twitter:card\" content=\"summary_large_image\" \/>\n<meta name=\"twitter:site\" content=\"@shanna_zha26342\" \/>\n<meta name=\"twitter:label1\" content=\"Dur\u00e9e de lecture estim\u00e9e\" \/>\n\t<meta name=\"twitter:data1\" content=\"3 minutes\" \/>\n<script type=\"application\/ld+json\" class=\"yoast-schema-graph\">{\"@context\":\"https:\/\/schema.org\",\"@graph\":[{\"@type\":\"WebPage\",\"@id\":\"https:\/\/www.biscuitsolution.com\/product\/automatic-wafer-cookie-production-equipment\/\",\"url\":\"https:\/\/www.biscuitsolution.com\/product\/automatic-wafer-cookie-production-equipment\/\",\"name\":\"Complete Automatic Wafer Cookie Production Process Equipment - Biscuit Production Solution Manufacturer\",\"isPartOf\":{\"@id\":\"https:\/\/www.biscuitsolution.com\/#website\"},\"primaryImageOfPage\":{\"@id\":\"https:\/\/www.biscuitsolution.com\/product\/automatic-wafer-cookie-production-equipment\/#primaryimage\"},\"image\":{\"@id\":\"https:\/\/www.biscuitsolution.com\/product\/automatic-wafer-cookie-production-equipment\/#primaryimage\"},\"thumbnailUrl\":\"https:\/\/www.biscuitsolution.com\/wp-content\/uploads\/2025\/02\/\u4e3b\u56fe-8.jpg\",\"datePublished\":\"2025-02-19T10:08:46+00:00\",\"dateModified\":\"2025-10-30T03:19:49+00:00\",\"description\":\"Automatic wafer cookie production process is collection of a series of process equipment from dough making to cookie forming, baking, cooling and packaging.\",\"breadcrumb\":{\"@id\":\"https:\/\/www.biscuitsolution.com\/product\/automatic-wafer-cookie-production-equipment\/#breadcrumb\"},\"inLanguage\":\"fr-FR\",\"potentialAction\":[{\"@type\":\"ReadAction\",\"target\":[\"https:\/\/www.biscuitsolution.com\/product\/automatic-wafer-cookie-production-equipment\/\"]}]},{\"@type\":\"ImageObject\",\"inLanguage\":\"fr-FR\",\"@id\":\"https:\/\/www.biscuitsolution.com\/product\/automatic-wafer-cookie-production-equipment\/#primaryimage\",\"url\":\"https:\/\/www.biscuitsolution.com\/wp-content\/uploads\/2025\/02\/\u4e3b\u56fe-8.jpg\",\"contentUrl\":\"https:\/\/www.biscuitsolution.com\/wp-content\/uploads\/2025\/02\/\u4e3b\u56fe-8.jpg\",\"width\":600,\"height\":600,\"caption\":\"water cookie production process\"},{\"@type\":\"BreadcrumbList\",\"@id\":\"https:\/\/www.biscuitsolution.com\/product\/automatic-wafer-cookie-production-equipment\/#breadcrumb\",\"itemListElement\":[{\"@type\":\"ListItem\",\"position\":1,\"name\":\"Home\",\"item\":\"https:\/\/www.biscuitsolution.com\/\"},{\"@type\":\"ListItem\",\"position\":2,\"name\":\"Product\",\"item\":\"https:\/\/www.biscuitsolution.com\/product\/\"},{\"@type\":\"ListItem\",\"position\":3,\"name\":\"Complete Automatic Wafer Cookie Production Process Equipment\"}]},{\"@type\":\"WebSite\",\"@id\":\"https:\/\/www.biscuitsolution.com\/#website\",\"url\":\"https:\/\/www.biscuitsolution.com\/\",\"name\":\"Biscuit Production Solution Manufacturer\",\"description\":\"\",\"potentialAction\":[{\"@type\":\"SearchAction\",\"target\":{\"@type\":\"EntryPoint\",\"urlTemplate\":\"https:\/\/www.biscuitsolution.com\/?s={search_term_string}\"},\"query-input\":{\"@type\":\"PropertyValueSpecification\",\"valueRequired\":true,\"valueName\":\"search_term_string\"}}],\"inLanguage\":\"fr-FR\"},false]}<\/script>\n<!-- \/ Yoast SEO plugin. -->","yoast_head_json":{"title":"Equipement automatique complet pour la production de biscuits - Biscuit Production Solution Manufacturer","description":"Le processus de production automatique de biscuits gaufr\u00e9s est constitu\u00e9 d'une s\u00e9rie d'\u00e9quipements allant de la fabrication de la p\u00e2te \u00e0 la formation des biscuits, en passant par la cuisson, le refroidissement et l'emballage.","robots":{"index":"index","follow":"follow","max-snippet":"max-snippet:-1","max-image-preview":"max-image-preview:large","max-video-preview":"max-video-preview:-1"},"canonical":"https:\/\/www.biscuitsolution.com\/fr\/produit\/automatic-wafer-cookie-production-equipment\/","og_locale":"fr_FR","og_type":"article","og_title":"Complete Automatic Wafer Cookie Production Process Equipment - Biscuit Production Solution Manufacturer","og_description":"Automatic wafer cookie production process is collection of a series of process equipment from dough making to cookie forming, baking, cooling and packaging.","og_url":"https:\/\/www.biscuitsolution.com\/fr\/produit\/automatic-wafer-cookie-production-equipment\/","og_site_name":"Biscuit Production Solution Manufacturer","article_publisher":"https:\/\/www.facebook.com\/profile.php?id=100095205040823","article_modified_time":"2025-10-30T03:19:49+00:00","og_image":[{"width":600,"height":600,"url":"https:\/\/www.biscuitsolution.com\/wp-content\/uploads\/2025\/02\/\u4e3b\u56fe-8.jpg","type":"image\/jpeg"}],"twitter_card":"summary_large_image","twitter_site":"@shanna_zha26342","twitter_misc":{"Dur\u00e9e de lecture estim\u00e9e":"3 minutes"},"schema":{"@context":"https:\/\/schema.org","@graph":[{"@type":"WebPage","@id":"https:\/\/www.biscuitsolution.com\/product\/automatic-wafer-cookie-production-equipment\/","url":"https:\/\/www.biscuitsolution.com\/product\/automatic-wafer-cookie-production-equipment\/","name":"Equipement automatique complet pour la production de biscuits - Biscuit Production Solution Manufacturer","isPartOf":{"@id":"https:\/\/www.biscuitsolution.com\/#website"},"primaryImageOfPage":{"@id":"https:\/\/www.biscuitsolution.com\/product\/automatic-wafer-cookie-production-equipment\/#primaryimage"},"image":{"@id":"https:\/\/www.biscuitsolution.com\/product\/automatic-wafer-cookie-production-equipment\/#primaryimage"},"thumbnailUrl":"https:\/\/www.biscuitsolution.com\/wp-content\/uploads\/2025\/02\/\u4e3b\u56fe-8.jpg","datePublished":"2025-02-19T10:08:46+00:00","dateModified":"2025-10-30T03:19:49+00:00","description":"Le processus de production automatique de biscuits gaufr\u00e9s est constitu\u00e9 d'une s\u00e9rie d'\u00e9quipements allant de la fabrication de la p\u00e2te \u00e0 la formation des biscuits, en passant par la cuisson, le refroidissement et l'emballage.","breadcrumb":{"@id":"https:\/\/www.biscuitsolution.com\/product\/automatic-wafer-cookie-production-equipment\/#breadcrumb"},"inLanguage":"fr-FR","potentialAction":[{"@type":"ReadAction","target":["https:\/\/www.biscuitsolution.com\/product\/automatic-wafer-cookie-production-equipment\/"]}]},{"@type":"ImageObject","inLanguage":"fr-FR","@id":"https:\/\/www.biscuitsolution.com\/product\/automatic-wafer-cookie-production-equipment\/#primaryimage","url":"https:\/\/www.biscuitsolution.com\/wp-content\/uploads\/2025\/02\/\u4e3b\u56fe-8.jpg","contentUrl":"https:\/\/www.biscuitsolution.com\/wp-content\/uploads\/2025\/02\/\u4e3b\u56fe-8.jpg","width":600,"height":600,"caption":"water cookie production process"},{"@type":"BreadcrumbList","@id":"https:\/\/www.biscuitsolution.com\/product\/automatic-wafer-cookie-production-equipment\/#breadcrumb","itemListElement":[{"@type":"ListItem","position":1,"name":"Home","item":"https:\/\/www.biscuitsolution.com\/"},{"@type":"ListItem","position":2,"name":"Product","item":"https:\/\/www.biscuitsolution.com\/product\/"},{"@type":"ListItem","position":3,"name":"Complete Automatic Wafer Cookie Production Process Equipment"}]},{"@type":"WebSite","@id":"https:\/\/www.biscuitsolution.com\/#website","url":"https:\/\/www.biscuitsolution.com\/","name":"Fabricant de solutions pour la production de biscuits","description":"","potentialAction":[{"@type":"SearchAction","target":{"@type":"EntryPoint","urlTemplate":"https:\/\/www.biscuitsolution.com\/?s={search_term_string}"},"query-input":{"@type":"PropertyValueSpecification","valueRequired":true,"valueName":"search_term_string"}}],"inLanguage":"fr-FR"},false]}},"yasr_visitor_votes":{"stars_attributes":{"read_only":false,"span_bottom":false},"number_of_votes":1,"sum_votes":5},"_links":{"self":[{"href":"https:\/\/www.biscuitsolution.com\/fr\/wp-json\/wp\/v2\/product\/4723","targetHints":{"allow":["GET"]}}],"collection":[{"href":"https:\/\/www.biscuitsolution.com\/fr\/wp-json\/wp\/v2\/product"}],"about":[{"href":"https:\/\/www.biscuitsolution.com\/fr\/wp-json\/wp\/v2\/types\/product"}],"replies":[{"embeddable":true,"href":"https:\/\/www.biscuitsolution.com\/fr\/wp-json\/wp\/v2\/comments?post=4723"}],"version-history":[{"count":3,"href":"https:\/\/www.biscuitsolution.com\/fr\/wp-json\/wp\/v2\/product\/4723\/revisions"}],"predecessor-version":[{"id":5822,"href":"https:\/\/www.biscuitsolution.com\/fr\/wp-json\/wp\/v2\/product\/4723\/revisions\/5822"}],"wp:featuredmedia":[{"embeddable":true,"href":"https:\/\/www.biscuitsolution.com\/fr\/wp-json\/wp\/v2\/media\/4726"}],"wp:attachment":[{"href":"https:\/\/www.biscuitsolution.com\/fr\/wp-json\/wp\/v2\/media?parent=4723"}],"wp:term":[{"taxonomy":"product_brand","embeddable":true,"href":"https:\/\/www.biscuitsolution.com\/fr\/wp-json\/wp\/v2\/product_brand?post=4723"},{"taxonomy":"product_cat","embeddable":true,"href":"https:\/\/www.biscuitsolution.com\/fr\/wp-json\/wp\/v2\/product_cat?post=4723"},{"taxonomy":"product_tag","embeddable":true,"href":"https:\/\/www.biscuitsolution.com\/fr\/wp-json\/wp\/v2\/product_tag?post=4723"}],"curies":[{"name":"wp","href":"https:\/\/api.w.org\/{rel}","templated":true}]}}