{"id":4695,"date":"2025-02-19T09:41:13","date_gmt":"2025-02-19T09:41:13","guid":{"rendered":"https:\/\/www.biscuitsolution.com\/?post_type=product&#038;p=4695"},"modified":"2025-02-19T09:41:13","modified_gmt":"2025-02-19T09:41:13","slug":"automatic-marie-biscuit-making-machine","status":"publish","type":"product","link":"https:\/\/www.biscuitsolution.com\/fr\/produit\/automatic-marie-biscuit-making-machine\/","title":{"rendered":"Machine automatique \u00e0 fabriquer des biscuits Marie, haute efficacit\u00e9"},"content":{"rendered":"<p>Le<strong> machine automatique \u00e0 fabriquer des biscuits marie<\/strong> est un \u00e9quipement sophistiqu\u00e9 con\u00e7u pour produire efficacement des biscuits Marie \u00e0 grande \u00e9chelle. Les pages qui suivent le pr\u00e9sentent en d\u00e9tail sous l'angle de sa capacit\u00e9 de production et de son efficacit\u00e9, des avantages de la machine, etc.<\/p>\n<p><img fetchpriority=\"high\" decoding=\"async\" class=\"alignnone size-full wp-image-4696\" src=\"https:\/\/www.biscuitsolution.com\/wp-content\/uploads\/2025\/02\/automatic-marie-biscuits-machine.jpg\" alt=\"machine automatique \u00e0 fabriquer des biscuits marie\" width=\"800\" height=\"450\" srcset=\"https:\/\/www.biscuitsolution.com\/wp-content\/uploads\/2025\/02\/automatic-marie-biscuits-machine.jpg 800w, https:\/\/www.biscuitsolution.com\/wp-content\/uploads\/2025\/02\/automatic-marie-biscuits-machine-600x338.jpg 600w, https:\/\/www.biscuitsolution.com\/wp-content\/uploads\/2025\/02\/automatic-marie-biscuits-machine-300x169.jpg 300w, https:\/\/www.biscuitsolution.com\/wp-content\/uploads\/2025\/02\/automatic-marie-biscuits-machine-768x432.jpg 768w\" sizes=\"(max-width: 800px) 100vw, 800px\" \/><\/p>\n<h2>Capacit\u00e9 de production et efficacit\u00e9 de la machine \u00e0 fabriquer des biscuits Marie<\/h2>\n<ul>\n<li>Production \u00e0 grande vitesse : La ligne de production automatique est con\u00e7ue pour produire un grand nombre de biscuits en peu de temps. La vitesse de production peut varier en fonction du mod\u00e8le et de sa configuration, mais en g\u00e9n\u00e9ral, ces machines peuvent produire des milliers de biscuits par heure.<\/li>\n<li>Qualit\u00e9 constante du produit : Le processus automatis\u00e9 garantit que chaque biscuit a la m\u00eame taille, la m\u00eame forme et la m\u00eame texture. Le contr\u00f4le pr\u00e9cis des processus de m\u00e9lange de la p\u00e2te, de formage, de cuisson et de refroidissement garantit une qualit\u00e9 constante du produit. Cette qualit\u00e9 est essentielle pour maintenir la r\u00e9putation de la marque et r\u00e9pondre aux attentes des clients.<\/li>\n<\/ul>\n<p><img decoding=\"async\" class=\"alignnone size-full wp-image-4698\" src=\"https:\/\/www.biscuitsolution.com\/wp-content\/uploads\/2025\/02\/automatic-marie-biscuit-machine.jpg\" alt=\"machine \u00e0 fabriquer des biscuits marie\" width=\"800\" height=\"450\" srcset=\"https:\/\/www.biscuitsolution.com\/wp-content\/uploads\/2025\/02\/automatic-marie-biscuit-machine.jpg 800w, https:\/\/www.biscuitsolution.com\/wp-content\/uploads\/2025\/02\/automatic-marie-biscuit-machine-600x338.jpg 600w, https:\/\/www.biscuitsolution.com\/wp-content\/uploads\/2025\/02\/automatic-marie-biscuit-machine-300x169.jpg 300w, https:\/\/www.biscuitsolution.com\/wp-content\/uploads\/2025\/02\/automatic-marie-biscuit-machine-768x432.jpg 768w\" sizes=\"(max-width: 800px) 100vw, 800px\" \/><\/p>\n<h2>Avantages d'une machine automatique \u00e0 fabriquer des biscuits Marie<\/h2>\n<ol>\n<li>Utilisation efficace de la main-d'\u0153uvre : L'automatisation de la production permet de r\u00e9duire consid\u00e9rablement les besoins en main-d'\u0153uvre. Le nombre de personnes n\u00e9cessaires pour faire fonctionner les machines est bien inf\u00e9rieur \u00e0 celui des m\u00e9thodes de production manuelles conventionnelles. Cette r\u00e9duction permet non seulement de diminuer les frais de main-d'\u0153uvre, mais aussi de r\u00e9duire la probabilit\u00e9 d'erreurs humaines au cours de la phase de production.<\/li>\n<li>Assurance qualit\u00e9 : La machine est capable d'effectuer un contr\u00f4le de qualit\u00e9 rigoureux. Tout au long du processus de production, des capteurs et des syst\u00e8mes de contr\u00f4le surveillent de pr\u00e8s des param\u00e8tres tels que la temp\u00e9rature, la dur\u00e9e et les proportions des ingr\u00e9dients. Tout \u00e9cart par rapport aux normes \u00e9tablies peut \u00eatre rapidement identifi\u00e9 et rectifi\u00e9, ce qui garantit la fabrication de biscuits Marie de premi\u00e8re qualit\u00e9.<\/li>\n<li>Adaptabilit\u00e9 : La machine de production de biscuits Marie que nous proposons est r\u00e9glable pour cr\u00e9er des biscuits de dimensions et de formes vari\u00e9es. Certains mod\u00e8les permettent m\u00eame d'apporter des modifications mineures \u00e0 la recette en modifiant le syst\u00e8me de distribution des ingr\u00e9dients. Cette adaptabilit\u00e9 permet aux fabricants d'\u00e9largir leur gamme de produits et de mieux s'adapter aux exigences du march\u00e9.<\/li>\n<\/ol>\n<p><img decoding=\"async\" class=\"alignnone size-full wp-image-4699\" src=\"https:\/\/www.biscuitsolution.com\/wp-content\/uploads\/2025\/02\/marie-biscuit-making-machine.jpg\" alt=\"machine \u00e0 fabriquer des biscuits marie\" width=\"800\" height=\"450\" srcset=\"https:\/\/www.biscuitsolution.com\/wp-content\/uploads\/2025\/02\/marie-biscuit-making-machine.jpg 800w, https:\/\/www.biscuitsolution.com\/wp-content\/uploads\/2025\/02\/marie-biscuit-making-machine-600x338.jpg 600w, https:\/\/www.biscuitsolution.com\/wp-content\/uploads\/2025\/02\/marie-biscuit-making-machine-300x169.jpg 300w, https:\/\/www.biscuitsolution.com\/wp-content\/uploads\/2025\/02\/marie-biscuit-making-machine-768x432.jpg 768w\" sizes=\"(max-width: 800px) 100vw, 800px\" \/><\/p>\n<h2>Consid\u00e9rations relatives \u00e0 l'achat d'une machine \u00e0 fabriquer des biscuits Marie<\/h2>\n<ol>\n<li>Exigences de production : Soyez clair quant \u00e0 la production attendue. Si vous \u00eates une petite boulangerie, une machine capable de produire quelques centaines ou quelques milliers de biscuits par heure peut suffire. En revanche, les grandes usines alimentaires ont besoin d'un \u00e9quipement \u00e0 haute capacit\u00e9 capable de produire des dizaines de milliers de biscuits par heure.<\/li>\n<li>Diversit\u00e9 des produits : Si vous envisagez de lancer plusieurs saveurs ou diff\u00e9rentes formes de biscuits, v\u00e9rifiez si la machine peut fabriquer des biscuits Marie de tailles, de formes et de recettes diff\u00e9rentes.<\/li>\n<li>Qualit\u00e9 des composants : Faites attention \u00e0 la qualit\u00e9 des composants cl\u00e9s tels que les moteurs, les transmissions, les syst\u00e8mes de contr\u00f4le de la temp\u00e9rature, etc. Vous pouvez v\u00e9rifier la marque, les sp\u00e9cifications et la r\u00e9putation de la machine et comprendre sa r\u00e9putation dans l'industrie pour \u00e9valuer la qualit\u00e9 et la fiabilit\u00e9 globales de la machine.<\/li>\n<\/ol>\n<p><img loading=\"lazy\" decoding=\"async\" class=\"alignnone size-full wp-image-4700\" src=\"https:\/\/www.biscuitsolution.com\/wp-content\/uploads\/2025\/02\/automatic-marie-biscuit-making-machine.jpg\" alt=\"machine automatique \u00e0 fabriquer des biscuits marie\" width=\"800\" height=\"450\" srcset=\"https:\/\/www.biscuitsolution.com\/wp-content\/uploads\/2025\/02\/automatic-marie-biscuit-making-machine.jpg 800w, https:\/\/www.biscuitsolution.com\/wp-content\/uploads\/2025\/02\/automatic-marie-biscuit-making-machine-600x338.jpg 600w, https:\/\/www.biscuitsolution.com\/wp-content\/uploads\/2025\/02\/automatic-marie-biscuit-making-machine-300x169.jpg 300w, https:\/\/www.biscuitsolution.com\/wp-content\/uploads\/2025\/02\/automatic-marie-biscuit-making-machine-768x432.jpg 768w\" sizes=\"(max-width: 800px) 100vw, 800px\" \/><\/p>\n<h2>Pourquoi nous choisir ?<\/h2>\n<ul>\n<li>La structure primaire de notre machine automatique \u00e0 fabriquer des biscuits Marie est fabriqu\u00e9e en acier inoxydable de qualit\u00e9 sup\u00e9rieure. Ce mat\u00e9riau est capable de supporter des exigences de production rigoureuses et facilite le nettoyage, garantissant ainsi le respect des r\u00e9glementations les plus strictes en mati\u00e8re d'hygi\u00e8ne alimentaire.<\/li>\n<li>Avant de livrer les machines aux clients, nous effectuons des tests op\u00e9rationnels. Cette \u00e9tape permet de s'assurer que les machines peuvent maintenir des performances constantes, m\u00eame sous de lourdes charges et pendant des p\u00e9riodes de fonctionnement prolong\u00e9es. Par cons\u00e9quent, nous nous assurons que chaque machine livr\u00e9e \u00e0 nos clients est de haute qualit\u00e9.<\/li>\n<li>Nous proposons un large \u00e9ventail de services sur mesure et sommes en mesure de modifier rapidement la machine en fonction de la saveur et de la formule des biscuits, garantissant ainsi une adaptation parfaite \u00e0 vos exigences uniques en mati\u00e8re de produits.<\/li>\n<li>Nous pouvons int\u00e9grer et agencer judicieusement diverses machines et appareils, en veillant \u00e0 ce que chaque segment de la cha\u00eene de production soit \u00e9troitement li\u00e9, ce qui permet d'atteindre une efficacit\u00e9 de production optimale.<\/li>\n<\/ul>\n<h2>Laissez un message pour obtenir un devis<\/h2>\n\n<div class=\"wpcf7 no-js\" id=\"wpcf7-f4619-o1\" lang=\"en-US\" dir=\"ltr\" data-wpcf7-id=\"4619\">\n<div class=\"screen-reader-response\"><p role=\"status\" aria-live=\"polite\" aria-atomic=\"true\"><\/p> <ul><\/ul><\/div>\n<form action=\"\/fr\/wp-json\/wp\/v2\/product\/4695#wpcf7-f4619-o1\" method=\"post\" class=\"wpcf7-form init\" aria-label=\"Formulaire de contact\" novalidate=\"novalidate\" data-status=\"init\" data-trp-original-action=\"\/fr\/wp-json\/wp\/v2\/product\/4695#wpcf7-f4619-o1\">\n<div style=\"display: none;\">\n<input type=\"hidden\" name=\"_wpcf7\" value=\"4619\" \/>\n<input type=\"hidden\" name=\"_wpcf7_version\" value=\"6.0.4\" \/>\n<input type=\"hidden\" name=\"_wpcf7_locale\" value=\"en_US\" \/>\n<input type=\"hidden\" name=\"_wpcf7_unit_tag\" value=\"wpcf7-f4619-o1\" \/>\n<input type=\"hidden\" name=\"_wpcf7_container_post\" value=\"0\" \/>\n<input type=\"hidden\" name=\"_wpcf7_posted_data_hash\" value=\"\" \/>\n<\/div>\n<p><label> Votre nom*<br \/>\n<span class=\"wpcf7-form-control-wrap\" data-name=\"your-name\"><input size=\"40\" maxlength=\"400\" class=\"wpcf7-form-control wpcf7-text wpcf7-validates-as-required\" aria-required=\"true\" aria-invalid=\"false\" value=\"\" type=\"text\" name=\"your-name\" \/><\/span> <\/label>\n<\/p>\n<p><label> Votre pays<br \/>\n<span class=\"wpcf7-form-control-wrap\" data-name=\"your-country\"><input size=\"40\" maxlength=\"400\" class=\"wpcf7-form-control wpcf7-text\" aria-invalid=\"false\" value=\"\" type=\"text\" name=\"your-country\" \/><\/span><\/label>\n<\/p>\n<p><label> Votre courriel*<br \/>\n<span class=\"wpcf7-form-control-wrap\" data-name=\"your-email\"><input size=\"40\" maxlength=\"400\" class=\"wpcf7-form-control wpcf7-email wpcf7-validates-as-required wpcf7-text wpcf7-validates-as-email\" aria-required=\"true\" aria-invalid=\"false\" value=\"\" type=\"email\" name=\"your-email\" \/><\/span> <\/label>\n<\/p>\n<p><label> Votre t\u00e9l\u00e9phone<br \/>\n<span class=\"wpcf7-form-control-wrap\" data-name=\"your-phone\"><input size=\"40\" maxlength=\"400\" class=\"wpcf7-form-control wpcf7-tel wpcf7-text wpcf7-validates-as-tel\" aria-invalid=\"false\" value=\"\" type=\"tel\" name=\"your-phone\" \/><\/span> <\/label>\n<\/p>\n<p><label> Nom de l'entreprise<br \/>\n<span class=\"wpcf7-form-control-wrap\" data-name=\"text-457\"><input size=\"40\" maxlength=\"400\" class=\"wpcf7-form-control wpcf7-text\" aria-invalid=\"false\" value=\"\" type=\"text\" name=\"text-457\" \/><\/span> <\/label>\n<\/p>\n<p><label> Le site web de votre entreprise<br \/>\n<span class=\"wpcf7-form-control-wrap\" data-name=\"text-546\"><input size=\"40\" maxlength=\"400\" class=\"wpcf7-form-control wpcf7-text\" aria-invalid=\"false\" value=\"\" type=\"text\" name=\"text-546\" \/><\/span> <\/label>\n<\/p>\n<p><label> Votre demande*<br \/>\n<span class=\"wpcf7-form-control-wrap\" data-name=\"your-message\"><textarea cols=\"40\" rows=\"10\" maxlength=\"2000\" class=\"wpcf7-form-control wpcf7-textarea wpcf7-validates-as-required\" aria-required=\"true\" aria-invalid=\"false\" name=\"your-message\"><\/textarea><\/span> <\/label>\n<\/p>\n<p><input class=\"wpcf7-form-control wpcf7-submit has-spinner\" type=\"submit\" value=\"Soumettre\" \/>\n<\/p><p style=\"display: none !important;\" class=\"akismet-fields-container\" data-prefix=\"_wpcf7_ak_\"><label>&#916;<textarea name=\"_wpcf7_ak_hp_textarea\" cols=\"45\" rows=\"8\" maxlength=\"100\"><\/textarea><\/label><input type=\"hidden\" id=\"ak_js_1\" name=\"_wpcf7_ak_js\" value=\"176\"\/><script>document.getElementById( \"ak_js_1\" ).setAttribute( \"value\", ( new Date() ).getTime() );<\/script><\/p><div class=\"wpcf7-response-output\" aria-hidden=\"true\"><\/div>\n<input type=\"hidden\" name=\"trp-form-language\" value=\"fr\"\/><\/form>\n<\/div>\n\n<div style='text-align:left' class='yasr-auto-insert-visitor'><\/div>","protected":false},"excerpt":{"rendered":"<p>Marque : GELGOOG<\/p>\n<p>Tension : 380V<\/p>\n<p>Courriel : shanna@machinehall.com<\/p>\n<p>T\u00e9l : +8618638676709<\/p>\n<p>Application:Biscuits Marie et autres biscuits durs<\/p>","protected":false},"featured_media":4697,"comment_status":"open","ping_status":"closed","template":"","meta":{"site-sidebar-layout":"default","site-content-layout":"","ast-site-content-layout":"default","site-content-style":"default","site-sidebar-style":"default","ast-global-header-display":"","ast-banner-title-visibility":"","ast-main-header-display":"","ast-hfb-above-header-display":"","ast-hfb-below-header-display":"","ast-hfb-mobile-header-display":"","site-post-title":"","ast-breadcrumbs-content":"","ast-featured-img":"","footer-sml-layout":"","theme-transparent-header-meta":"default","adv-header-id-meta":"","stick-header-meta":"","header-above-stick-meta":"","header-main-stick-meta":"","header-below-stick-meta":"","astra-migrate-meta-layouts":"set","ast-page-background-enabled":"default","ast-page-background-meta":{"desktop":{"background-color":"","background-image":"","background-repeat":"repeat","background-position":"center center","background-size":"auto","background-attachment":"scroll","background-type":"","background-media":"","overlay-type":"","overlay-color":"","overlay-opacity":"","overlay-gradient":""},"tablet":{"background-color":"","background-image":"","background-repeat":"repeat","background-position":"center center","background-size":"auto","background-attachment":"scroll","background-type":"","background-media":"","overlay-type":"","overlay-color":"","overlay-opacity":"","overlay-gradient":""},"mobile":{"background-color":"","background-image":"","background-repeat":"repeat","background-position":"center center","background-size":"auto","background-attachment":"scroll","background-type":"","background-media":"","overlay-type":"","overlay-color":"","overlay-opacity":"","overlay-gradient":""}},"ast-content-background-meta":{"desktop":{"background-color":"var(--ast-global-color-5)","background-image":"","background-repeat":"repeat","background-position":"center center","background-size":"auto","background-attachment":"scroll","background-type":"","background-media":"","overlay-type":"","overlay-color":"","overlay-opacity":"","overlay-gradient":""},"tablet":{"background-color":"var(--ast-global-color-5)","background-image":"","background-repeat":"repeat","background-position":"center center","background-size":"auto","background-attachment":"scroll","background-type":"","background-media":"","overlay-type":"","overlay-color":"","overlay-opacity":"","overlay-gradient":""},"mobile":{"background-color":"var(--ast-global-color-5)","background-image":"","background-repeat":"repeat","background-position":"center center","background-size":"auto","background-attachment":"scroll","background-type":"","background-media":"","overlay-type":"","overlay-color":"","overlay-opacity":"","overlay-gradient":""}},"yasr_overall_rating":0,"yasr_post_is_review":"","yasr_auto_insert_disabled":"","yasr_review_type":""},"product_brand":[],"product_cat":[22],"product_tag":[],"class_list":{"0":"post-4695","1":"product","2":"type-product","3":"status-publish","4":"has-post-thumbnail","6":"product_cat-hard-biscuit-production-line","7":"desktop-align-left","8":"tablet-align-left","9":"mobile-align-left","11":"first","12":"instock","13":"shipping-taxable","14":"product-type-simple"},"yoast_head":"<!-- This site is optimized with the Yoast SEO plugin v24.4 - https:\/\/yoast.com\/wordpress\/plugins\/seo\/ -->\n<title>Automatic Marie Biscuit Making Machine High Efficiency - Biscuit Production Solution Manufacturer<\/title>\n<meta name=\"description\" content=\"Automatic Marie Making biscuit machine has a high capacity and can meet the needs of factories of different sizes. Increase production and upgrade factory\u3002\" \/>\n<meta name=\"robots\" content=\"index, follow, max-snippet:-1, max-image-preview:large, max-video-preview:-1\" \/>\n<link rel=\"canonical\" href=\"https:\/\/www.biscuitsolution.com\/fr\/produit\/automatic-marie-biscuit-making-machine\/\" \/>\n<meta property=\"og:locale\" content=\"fr_FR\" \/>\n<meta property=\"og:type\" content=\"article\" \/>\n<meta property=\"og:title\" content=\"Automatic Marie Biscuit Making Machine High Efficiency - Biscuit Production Solution Manufacturer\" \/>\n<meta property=\"og:description\" content=\"Automatic Marie Making biscuit machine has a high capacity and can meet the needs of factories of different sizes. Increase production and upgrade factory\u3002\" \/>\n<meta property=\"og:url\" content=\"https:\/\/www.biscuitsolution.com\/fr\/produit\/automatic-marie-biscuit-making-machine\/\" \/>\n<meta property=\"og:site_name\" content=\"Biscuit Production Solution Manufacturer\" \/>\n<meta property=\"article:publisher\" content=\"https:\/\/www.facebook.com\/profile.php?id=100095205040823\" \/>\n<meta property=\"og:image\" content=\"https:\/\/www.biscuitsolution.com\/wp-content\/uploads\/2025\/02\/\u4e3b\u56fe-4.jpg\" \/>\n\t<meta property=\"og:image:width\" content=\"600\" \/>\n\t<meta property=\"og:image:height\" content=\"600\" \/>\n\t<meta property=\"og:image:type\" content=\"image\/jpeg\" \/>\n<meta name=\"twitter:card\" content=\"summary_large_image\" \/>\n<meta name=\"twitter:site\" content=\"@shanna_zha26342\" \/>\n<meta name=\"twitter:label1\" content=\"Dur\u00e9e de lecture estim\u00e9e\" \/>\n\t<meta name=\"twitter:data1\" content=\"4 minutes\" \/>\n<script type=\"application\/ld+json\" class=\"yoast-schema-graph\">{\"@context\":\"https:\/\/schema.org\",\"@graph\":[{\"@type\":\"WebPage\",\"@id\":\"https:\/\/www.biscuitsolution.com\/product\/automatic-marie-biscuit-making-machine\/\",\"url\":\"https:\/\/www.biscuitsolution.com\/product\/automatic-marie-biscuit-making-machine\/\",\"name\":\"Automatic Marie Biscuit Making Machine High Efficiency - Biscuit Production Solution Manufacturer\",\"isPartOf\":{\"@id\":\"https:\/\/www.biscuitsolution.com\/#website\"},\"primaryImageOfPage\":{\"@id\":\"https:\/\/www.biscuitsolution.com\/product\/automatic-marie-biscuit-making-machine\/#primaryimage\"},\"image\":{\"@id\":\"https:\/\/www.biscuitsolution.com\/product\/automatic-marie-biscuit-making-machine\/#primaryimage\"},\"thumbnailUrl\":\"https:\/\/www.biscuitsolution.com\/wp-content\/uploads\/2025\/02\/\u4e3b\u56fe-4.jpg\",\"datePublished\":\"2025-02-19T09:41:13+00:00\",\"description\":\"Automatic Marie Making biscuit machine has a high capacity and can meet the needs of factories of different sizes. Increase production and upgrade factory\u3002\",\"breadcrumb\":{\"@id\":\"https:\/\/www.biscuitsolution.com\/product\/automatic-marie-biscuit-making-machine\/#breadcrumb\"},\"inLanguage\":\"fr-FR\",\"potentialAction\":[{\"@type\":\"ReadAction\",\"target\":[\"https:\/\/www.biscuitsolution.com\/product\/automatic-marie-biscuit-making-machine\/\"]}]},{\"@type\":\"ImageObject\",\"inLanguage\":\"fr-FR\",\"@id\":\"https:\/\/www.biscuitsolution.com\/product\/automatic-marie-biscuit-making-machine\/#primaryimage\",\"url\":\"https:\/\/www.biscuitsolution.com\/wp-content\/uploads\/2025\/02\/\u4e3b\u56fe-4.jpg\",\"contentUrl\":\"https:\/\/www.biscuitsolution.com\/wp-content\/uploads\/2025\/02\/\u4e3b\u56fe-4.jpg\",\"width\":600,\"height\":600,\"caption\":\"automatic marie biscuit making machine\"},{\"@type\":\"BreadcrumbList\",\"@id\":\"https:\/\/www.biscuitsolution.com\/product\/automatic-marie-biscuit-making-machine\/#breadcrumb\",\"itemListElement\":[{\"@type\":\"ListItem\",\"position\":1,\"name\":\"Home\",\"item\":\"https:\/\/www.biscuitsolution.com\/\"},{\"@type\":\"ListItem\",\"position\":2,\"name\":\"Product\",\"item\":\"https:\/\/www.biscuitsolution.com\/product\/\"},{\"@type\":\"ListItem\",\"position\":3,\"name\":\"Automatic Marie Biscuit Making Machine High Efficiency\"}]},{\"@type\":\"WebSite\",\"@id\":\"https:\/\/www.biscuitsolution.com\/#website\",\"url\":\"https:\/\/www.biscuitsolution.com\/\",\"name\":\"Biscuit Production Solution Manufacturer\",\"description\":\"\",\"potentialAction\":[{\"@type\":\"SearchAction\",\"target\":{\"@type\":\"EntryPoint\",\"urlTemplate\":\"https:\/\/www.biscuitsolution.com\/?s={search_term_string}\"},\"query-input\":{\"@type\":\"PropertyValueSpecification\",\"valueRequired\":true,\"valueName\":\"search_term_string\"}}],\"inLanguage\":\"fr-FR\"},false]}<\/script>\n<!-- \/ Yoast SEO plugin. -->","yoast_head_json":{"title":"Machine automatique \u00e0 fabriquer des biscuits Marie \u00e0 haut rendement - Biscuit Production Solution Manufacturer","description":"La machine \u00e0 biscuits automatique Marie Making a une capacit\u00e9 \u00e9lev\u00e9e et peut r\u00e9pondre aux besoins des usines de diff\u00e9rentes tailles. Augmenter la production et moderniser l'usine\u3002","robots":{"index":"index","follow":"follow","max-snippet":"max-snippet:-1","max-image-preview":"max-image-preview:large","max-video-preview":"max-video-preview:-1"},"canonical":"https:\/\/www.biscuitsolution.com\/fr\/produit\/automatic-marie-biscuit-making-machine\/","og_locale":"fr_FR","og_type":"article","og_title":"Automatic Marie Biscuit Making Machine High Efficiency - Biscuit Production Solution Manufacturer","og_description":"Automatic Marie Making biscuit machine has a high capacity and can meet the needs of factories of different sizes. Increase production and upgrade factory\u3002","og_url":"https:\/\/www.biscuitsolution.com\/fr\/produit\/automatic-marie-biscuit-making-machine\/","og_site_name":"Biscuit Production Solution Manufacturer","article_publisher":"https:\/\/www.facebook.com\/profile.php?id=100095205040823","og_image":[{"width":600,"height":600,"url":"https:\/\/www.biscuitsolution.com\/wp-content\/uploads\/2025\/02\/\u4e3b\u56fe-4.jpg","type":"image\/jpeg"}],"twitter_card":"summary_large_image","twitter_site":"@shanna_zha26342","twitter_misc":{"Dur\u00e9e de lecture estim\u00e9e":"4 minutes"},"schema":{"@context":"https:\/\/schema.org","@graph":[{"@type":"WebPage","@id":"https:\/\/www.biscuitsolution.com\/product\/automatic-marie-biscuit-making-machine\/","url":"https:\/\/www.biscuitsolution.com\/product\/automatic-marie-biscuit-making-machine\/","name":"Machine automatique \u00e0 fabriquer des biscuits Marie \u00e0 haut rendement - Biscuit Production Solution Manufacturer","isPartOf":{"@id":"https:\/\/www.biscuitsolution.com\/#website"},"primaryImageOfPage":{"@id":"https:\/\/www.biscuitsolution.com\/product\/automatic-marie-biscuit-making-machine\/#primaryimage"},"image":{"@id":"https:\/\/www.biscuitsolution.com\/product\/automatic-marie-biscuit-making-machine\/#primaryimage"},"thumbnailUrl":"https:\/\/www.biscuitsolution.com\/wp-content\/uploads\/2025\/02\/\u4e3b\u56fe-4.jpg","datePublished":"2025-02-19T09:41:13+00:00","description":"La machine \u00e0 biscuits automatique Marie Making a une capacit\u00e9 \u00e9lev\u00e9e et peut r\u00e9pondre aux besoins des usines de diff\u00e9rentes tailles. Augmenter la production et moderniser l'usine\u3002","breadcrumb":{"@id":"https:\/\/www.biscuitsolution.com\/product\/automatic-marie-biscuit-making-machine\/#breadcrumb"},"inLanguage":"fr-FR","potentialAction":[{"@type":"ReadAction","target":["https:\/\/www.biscuitsolution.com\/product\/automatic-marie-biscuit-making-machine\/"]}]},{"@type":"ImageObject","inLanguage":"fr-FR","@id":"https:\/\/www.biscuitsolution.com\/product\/automatic-marie-biscuit-making-machine\/#primaryimage","url":"https:\/\/www.biscuitsolution.com\/wp-content\/uploads\/2025\/02\/\u4e3b\u56fe-4.jpg","contentUrl":"https:\/\/www.biscuitsolution.com\/wp-content\/uploads\/2025\/02\/\u4e3b\u56fe-4.jpg","width":600,"height":600,"caption":"automatic marie biscuit making machine"},{"@type":"BreadcrumbList","@id":"https:\/\/www.biscuitsolution.com\/product\/automatic-marie-biscuit-making-machine\/#breadcrumb","itemListElement":[{"@type":"ListItem","position":1,"name":"Home","item":"https:\/\/www.biscuitsolution.com\/"},{"@type":"ListItem","position":2,"name":"Product","item":"https:\/\/www.biscuitsolution.com\/product\/"},{"@type":"ListItem","position":3,"name":"Automatic Marie Biscuit Making Machine High Efficiency"}]},{"@type":"WebSite","@id":"https:\/\/www.biscuitsolution.com\/#website","url":"https:\/\/www.biscuitsolution.com\/","name":"Fabricant de solutions pour la production de biscuits","description":"","potentialAction":[{"@type":"SearchAction","target":{"@type":"EntryPoint","urlTemplate":"https:\/\/www.biscuitsolution.com\/?s={search_term_string}"},"query-input":{"@type":"PropertyValueSpecification","valueRequired":true,"valueName":"search_term_string"}}],"inLanguage":"fr-FR"},false]}},"yasr_visitor_votes":{"stars_attributes":{"read_only":false,"span_bottom":false},"number_of_votes":2,"sum_votes":10},"_links":{"self":[{"href":"https:\/\/www.biscuitsolution.com\/fr\/wp-json\/wp\/v2\/product\/4695","targetHints":{"allow":["GET"]}}],"collection":[{"href":"https:\/\/www.biscuitsolution.com\/fr\/wp-json\/wp\/v2\/product"}],"about":[{"href":"https:\/\/www.biscuitsolution.com\/fr\/wp-json\/wp\/v2\/types\/product"}],"replies":[{"embeddable":true,"href":"https:\/\/www.biscuitsolution.com\/fr\/wp-json\/wp\/v2\/comments?post=4695"}],"version-history":[{"count":1,"href":"https:\/\/www.biscuitsolution.com\/fr\/wp-json\/wp\/v2\/product\/4695\/revisions"}],"predecessor-version":[{"id":4701,"href":"https:\/\/www.biscuitsolution.com\/fr\/wp-json\/wp\/v2\/product\/4695\/revisions\/4701"}],"wp:featuredmedia":[{"embeddable":true,"href":"https:\/\/www.biscuitsolution.com\/fr\/wp-json\/wp\/v2\/media\/4697"}],"wp:attachment":[{"href":"https:\/\/www.biscuitsolution.com\/fr\/wp-json\/wp\/v2\/media?parent=4695"}],"wp:term":[{"taxonomy":"product_brand","embeddable":true,"href":"https:\/\/www.biscuitsolution.com\/fr\/wp-json\/wp\/v2\/product_brand?post=4695"},{"taxonomy":"product_cat","embeddable":true,"href":"https:\/\/www.biscuitsolution.com\/fr\/wp-json\/wp\/v2\/product_cat?post=4695"},{"taxonomy":"product_tag","embeddable":true,"href":"https:\/\/www.biscuitsolution.com\/fr\/wp-json\/wp\/v2\/product_tag?post=4695"}],"curies":[{"name":"wp","href":"https:\/\/api.w.org\/{rel}","templated":true}]}}