{"id":4673,"date":"2025-02-19T09:17:50","date_gmt":"2025-02-19T09:17:50","guid":{"rendered":"https:\/\/www.biscuitsolution.com\/?post_type=product&#038;p=4673"},"modified":"2025-12-23T14:27:21","modified_gmt":"2025-12-23T06:27:21","slug":"lady-finger-biscuit-production-line","status":"publish","type":"product","link":"https:\/\/www.biscuitsolution.com\/fr\/produit\/lady-finger-biscuit-production-line\/","title":{"rendered":"Ligne de production de biscuits Lady Finger Assurance qualit\u00e9"},"content":{"rendered":"<p>Notre <strong>Ligne de production de biscuits pour doigts de dame<\/strong> garantit une qualit\u00e9 constante \u00e0 chaque \u00e9tape, du m\u00e9lange \u00e0 l'emballage, et prot\u00e8ge la r\u00e9putation de votre marque gr\u00e2ce \u00e0 un \u00e9quipement fiable et performant.<\/p>\n<p><img fetchpriority=\"high\" decoding=\"async\" class=\"alignnone size-full wp-image-4674\" src=\"https:\/\/www.biscuitsolution.com\/wp-content\/uploads\/2025\/02\/lady-finger-biscuit-production-line.jpg\" alt=\"Ligne de production de biscuits pour doigts de dame\" width=\"800\" height=\"450\" srcset=\"https:\/\/www.biscuitsolution.com\/wp-content\/uploads\/2025\/02\/lady-finger-biscuit-production-line.jpg 800w, https:\/\/www.biscuitsolution.com\/wp-content\/uploads\/2025\/02\/lady-finger-biscuit-production-line-600x338.jpg 600w, https:\/\/www.biscuitsolution.com\/wp-content\/uploads\/2025\/02\/lady-finger-biscuit-production-line-300x169.jpg 300w, https:\/\/www.biscuitsolution.com\/wp-content\/uploads\/2025\/02\/lady-finger-biscuit-production-line-768x432.jpg 768w\" sizes=\"(max-width: 800px) 100vw, 800px\" \/><\/p>\n<h2>Une ligne de production industrielle de biscuits au doigt utilise un \u00e9quipement sp\u00e9cialis\u00e9<\/h2>\n<ul>\n<li>M\u00e9lange des mati\u00e8res premi\u00e8res : Un m\u00e9langeur horizontal \u00e0 deux pales ou un m\u00e9langeur plan\u00e9taire est g\u00e9n\u00e9ralement utilis\u00e9 \u00e0 cette fin. Ces machines sont capables de fournir une puissance de m\u00e9lange suffisante pour assurer un m\u00e9lange complet des mati\u00e8res premi\u00e8res. La vitesse et la dur\u00e9e du m\u00e9lange peuvent \u00eatre adapt\u00e9es aux propri\u00e9t\u00e9s de la p\u00e2te.<\/li>\n<li>Extrusion et mise en forme : L'extrudeuse est l'\u00e9l\u00e9ment central. Elle se compose d'une tr\u00e9mie destin\u00e9e \u00e0 contenir la p\u00e2te, d'un m\u00e9canisme \u00e0 vis qui fait avancer la p\u00e2te et de buses d'extrusion de formes diverses. La configuration et les dimensions de la buse d'extrusion d\u00e9terminent l'aspect du biscuit. En modifiant la buse, il est possible de fabriquer des biscuits de diff\u00e9rentes sp\u00e9cifications.<\/li>\n<li>\u00c9tape de cuisson : Le four de la ligne de production de biscuits \"doigts de dame\" est chauff\u00e9 au gaz ou \u00e0 l'\u00e9lectricit\u00e9 et est \u00e9quip\u00e9 d'une grille de cuisson \u00e0 plusieurs couches et d'un syst\u00e8me de circulation d'air chaud pour garantir une r\u00e9partition uniforme de la chaleur afin que tous les biscuits soient cuits de mani\u00e8re homog\u00e8ne.<\/li>\n<\/ul>\n<p><img decoding=\"async\" class=\"alignnone size-full wp-image-4675\" src=\"https:\/\/www.biscuitsolution.com\/wp-content\/uploads\/2025\/02\/lady-finger-biscuit.jpg\" alt=\"ligne industrielle de biscuits \u00e0 la cuill\u00e8re\" width=\"800\" height=\"450\" srcset=\"https:\/\/www.biscuitsolution.com\/wp-content\/uploads\/2025\/02\/lady-finger-biscuit.jpg 800w, https:\/\/www.biscuitsolution.com\/wp-content\/uploads\/2025\/02\/lady-finger-biscuit-600x338.jpg 600w, https:\/\/www.biscuitsolution.com\/wp-content\/uploads\/2025\/02\/lady-finger-biscuit-300x169.jpg 300w, https:\/\/www.biscuitsolution.com\/wp-content\/uploads\/2025\/02\/lady-finger-biscuit-768x432.jpg 768w\" sizes=\"(max-width: 800px) 100vw, 800px\" \/><\/p>\n<ul>\n<li>\u00c9tape de refroidissement : On utilise g\u00e9n\u00e9ralement un tapis roulant de refroidissement ou une grille de refroidissement. La bande transporteuse de refroidissement peut refroidir progressivement les biscuits pendant le mouvement, et la vitesse et l'environnement de refroidissement peuvent \u00eatre contr\u00f4l\u00e9s. La grille de refroidissement \u00e9vacue la chaleur des biscuits par ventilation naturelle ou forc\u00e9e.<\/li>\n<li>\u00c9tapes de l'emballage : Il existe de nombreux types d'\u00e9quipements d'emballage, tels que les machines verticales de formage-remplissage-scellage pour l'emballage de biscuits individuels, et les machines horizontales d'emballage en coussins pour l'emballage de combinaisons multi-packs.<\/li>\n<\/ul>\n<h2 class=\"ds-markdown-paragraph\"><strong>Caract\u00e9ristiques de la ligne de biscuits Lady Finger Biscuit<\/strong><\/h2>\n<p class=\"ds-markdown-paragraph\">\u2705\u00a0<strong>Une qualit\u00e9 constante<\/strong>\u00a0- Des syst\u00e8mes de contr\u00f4le avanc\u00e9s garantissent l'uniformit\u00e9 de la forme, de la taille, du go\u00fbt et de la couleur.<\/p>\n<p class=\"ds-markdown-paragraph\">\u2705\u00a0<strong>Go\u00fbt et saveur sup\u00e9rieurs<\/strong>\u00a0- Param\u00e8tres de cuisson r\u00e9glables (temp\u00e9rature, dur\u00e9e, humidit\u00e9) pour r\u00e9pondre aux diverses pr\u00e9f\u00e9rences des consommateurs.<\/p>\n<h2><img decoding=\"async\" class=\"alignnone size-full wp-image-4676\" src=\"https:\/\/www.biscuitsolution.com\/wp-content\/uploads\/2025\/02\/lady-finger-biscuit-production-lines.jpg\" alt=\"Ligne de production de biscuits pour doigts de dame\" width=\"800\" height=\"450\" srcset=\"https:\/\/www.biscuitsolution.com\/wp-content\/uploads\/2025\/02\/lady-finger-biscuit-production-lines.jpg 800w, https:\/\/www.biscuitsolution.com\/wp-content\/uploads\/2025\/02\/lady-finger-biscuit-production-lines-600x338.jpg 600w, https:\/\/www.biscuitsolution.com\/wp-content\/uploads\/2025\/02\/lady-finger-biscuit-production-lines-300x169.jpg 300w, https:\/\/www.biscuitsolution.com\/wp-content\/uploads\/2025\/02\/lady-finger-biscuit-production-lines-768x432.jpg 768w\" sizes=\"(max-width: 800px) 100vw, 800px\" \/><\/h2>\n<p class=\"ds-markdown-paragraph\">\u2705\u00a0<strong>Efficacit\u00e9 \u00e9nerg\u00e9tique et mat\u00e9rielle<\/strong>\u00a0- Les moteurs \u00e0 \u00e9conomie d'\u00e9nergie et le chauffage optimis\u00e9 r\u00e9duisent la consommation et les d\u00e9chets.<\/p>\n<p class=\"ds-markdown-paragraph\">\u2705\u00a0<strong>Conception hygi\u00e9nique<\/strong>\u00a0- Construction en acier inoxydable de qualit\u00e9 alimentaire, facile \u00e0 nettoyer, conforme aux normes strictes de s\u00e9curit\u00e9 alimentaire.<\/p>\n<p class=\"ds-markdown-paragraph\">\u2705\u00a0<strong>Flexibilit\u00e9 de la production<\/strong>\u00a0- Les changements rapides de moules et les processus ajustables permettent une large gamme de formes, de tailles et d'ar\u00f4mes.<\/p>\n<p class=\"ds-markdown-paragraph\">\u2705\u00a0<strong>Adapt\u00e9 au march\u00e9<\/strong>\u00a0- Ajustement rapide des recettes et des processus pour lancer de nouveaux produits adapt\u00e9s aux tendances.<\/p>\n<div class=\"ast-oembed-container\" style=\"height: 100%;\"><iframe title=\"Ligne de production de biscuits Processus de fabrication complet de GELGOOG\" width=\"422\" height=\"750\" src=\"https:\/\/www.youtube.com\/embed\/G0pzAOl68z0?feature=oembed\" frameborder=\"0\" allow=\"accelerometer; autoplay; clipboard-write; encrypted-media; gyroscope; picture-in-picture; web-share\" referrerpolicy=\"strict-origin-when-cross-origin\" allowfullscreen><\/iframe><\/div>\n<p class=\"ds-markdown-paragraph\"><strong>Id\u00e9al pour :<\/strong><\/p>\n<ul>\n<li>\n<p class=\"ds-markdown-paragraph\">Grands fabricants de biscuits<\/p>\n<\/li>\n<li>\n<p class=\"ds-markdown-paragraph\">Les usines de transformation des aliments \u00e9largissent leurs gammes de produits<\/p>\n<\/li>\n<li>\n<p class=\"ds-markdown-paragraph\">Des marques ax\u00e9es sur la qualit\u00e9 et la coh\u00e9rence<\/p>\n<\/li>\n<li>\n<p class=\"ds-markdown-paragraph\">Unit\u00e9s de production orient\u00e9es vers l'exportation<\/p>\n<\/li>\n<\/ul>\n<hr \/>\n<p class=\"ds-markdown-paragraph\"><strong>Contactez-nous pour une solution sur mesure pour la ligne de biscuits Lady Finger Biscuit<\/strong><\/p>\n<p class=\"ds-markdown-paragraph\">Nous fournissons des lignes de production compl\u00e8tes con\u00e7ues pour l'efficacit\u00e9, la qualit\u00e9 et l'\u00e9volutivit\u00e9, soutenues par une assistance technique compl\u00e8te et un service apr\u00e8s-vente.<\/p>\n<h2>Laissez un message pour obtenir un devis<\/h2>\n\n<div class=\"wpcf7 no-js\" id=\"wpcf7-f4619-o1\" lang=\"en-US\" dir=\"ltr\" data-wpcf7-id=\"4619\">\n<div class=\"screen-reader-response\"><p role=\"status\" aria-live=\"polite\" aria-atomic=\"true\"><\/p> <ul><\/ul><\/div>\n<form action=\"\/fr\/wp-json\/wp\/v2\/product\/4673#wpcf7-f4619-o1\" method=\"post\" class=\"wpcf7-form init\" aria-label=\"Formulaire de contact\" novalidate=\"novalidate\" data-status=\"init\" data-trp-original-action=\"\/fr\/wp-json\/wp\/v2\/product\/4673#wpcf7-f4619-o1\">\n<div style=\"display: none;\">\n<input type=\"hidden\" name=\"_wpcf7\" value=\"4619\" \/>\n<input type=\"hidden\" name=\"_wpcf7_version\" value=\"6.0.4\" \/>\n<input type=\"hidden\" name=\"_wpcf7_locale\" value=\"en_US\" \/>\n<input type=\"hidden\" name=\"_wpcf7_unit_tag\" value=\"wpcf7-f4619-o1\" \/>\n<input type=\"hidden\" name=\"_wpcf7_container_post\" value=\"0\" \/>\n<input type=\"hidden\" name=\"_wpcf7_posted_data_hash\" value=\"\" \/>\n<\/div>\n<p><label> Votre nom*<br \/>\n<span class=\"wpcf7-form-control-wrap\" data-name=\"your-name\"><input size=\"40\" maxlength=\"400\" class=\"wpcf7-form-control wpcf7-text wpcf7-validates-as-required\" aria-required=\"true\" aria-invalid=\"false\" value=\"\" type=\"text\" name=\"your-name\" \/><\/span> <\/label>\n<\/p>\n<p><label> Votre pays<br \/>\n<span class=\"wpcf7-form-control-wrap\" data-name=\"your-country\"><input size=\"40\" maxlength=\"400\" class=\"wpcf7-form-control wpcf7-text\" aria-invalid=\"false\" value=\"\" type=\"text\" name=\"your-country\" \/><\/span><\/label>\n<\/p>\n<p><label> Votre courriel*<br \/>\n<span class=\"wpcf7-form-control-wrap\" data-name=\"your-email\"><input size=\"40\" maxlength=\"400\" class=\"wpcf7-form-control wpcf7-email wpcf7-validates-as-required wpcf7-text wpcf7-validates-as-email\" aria-required=\"true\" aria-invalid=\"false\" value=\"\" type=\"email\" name=\"your-email\" \/><\/span> <\/label>\n<\/p>\n<p><label> Votre t\u00e9l\u00e9phone<br \/>\n<span class=\"wpcf7-form-control-wrap\" data-name=\"your-phone\"><input size=\"40\" maxlength=\"400\" class=\"wpcf7-form-control wpcf7-tel wpcf7-text wpcf7-validates-as-tel\" aria-invalid=\"false\" value=\"\" type=\"tel\" name=\"your-phone\" \/><\/span> <\/label>\n<\/p>\n<p><label> Nom de l'entreprise<br \/>\n<span class=\"wpcf7-form-control-wrap\" data-name=\"text-457\"><input size=\"40\" maxlength=\"400\" class=\"wpcf7-form-control wpcf7-text\" aria-invalid=\"false\" value=\"\" type=\"text\" name=\"text-457\" \/><\/span> <\/label>\n<\/p>\n<p><label> Le site web de votre entreprise<br \/>\n<span class=\"wpcf7-form-control-wrap\" data-name=\"text-546\"><input size=\"40\" maxlength=\"400\" class=\"wpcf7-form-control wpcf7-text\" aria-invalid=\"false\" value=\"\" type=\"text\" name=\"text-546\" \/><\/span> <\/label>\n<\/p>\n<p><label> Votre demande*<br \/>\n<span class=\"wpcf7-form-control-wrap\" data-name=\"your-message\"><textarea cols=\"40\" rows=\"10\" maxlength=\"2000\" class=\"wpcf7-form-control wpcf7-textarea wpcf7-validates-as-required\" aria-required=\"true\" aria-invalid=\"false\" name=\"your-message\"><\/textarea><\/span> <\/label>\n<\/p>\n<p><input class=\"wpcf7-form-control wpcf7-submit has-spinner\" type=\"submit\" value=\"Soumettre\" \/>\n<\/p><p style=\"display: none !important;\" class=\"akismet-fields-container\" data-prefix=\"_wpcf7_ak_\"><label>&#916;<textarea name=\"_wpcf7_ak_hp_textarea\" cols=\"45\" rows=\"8\" maxlength=\"100\"><\/textarea><\/label><input type=\"hidden\" id=\"ak_js_1\" name=\"_wpcf7_ak_js\" value=\"213\"\/><script>document.getElementById( \"ak_js_1\" ).setAttribute( \"value\", ( new Date() ).getTime() );<\/script><\/p><div class=\"wpcf7-response-output\" aria-hidden=\"true\"><\/div>\n<input type=\"hidden\" name=\"trp-form-language\" value=\"fr\"\/><\/form>\n<\/div>\n\n<p>&nbsp;<\/p>\n<div style='text-align:left' class='yasr-auto-insert-visitor'><\/div>","protected":false},"excerpt":{"rendered":"<p>Marque : GELGOOG<\/p>\n<p>Courriel : shanna@machinehall.com<\/p>\n<p>T\u00e9l : +8618638676709<\/p>\n<p>Capacit\u00e9 : 100~2000KG\/H<\/p>\n<p>Tension : 380V<\/p>","protected":false},"featured_media":4677,"comment_status":"open","ping_status":"closed","template":"","meta":{"site-sidebar-layout":"default","site-content-layout":"","ast-site-content-layout":"default","site-content-style":"default","site-sidebar-style":"default","ast-global-header-display":"","ast-banner-title-visibility":"","ast-main-header-display":"","ast-hfb-above-header-display":"","ast-hfb-below-header-display":"","ast-hfb-mobile-header-display":"","site-post-title":"","ast-breadcrumbs-content":"","ast-featured-img":"","footer-sml-layout":"","theme-transparent-header-meta":"default","adv-header-id-meta":"","stick-header-meta":"","header-above-stick-meta":"","header-main-stick-meta":"","header-below-stick-meta":"","astra-migrate-meta-layouts":"set","ast-page-background-enabled":"default","ast-page-background-meta":{"desktop":{"background-color":"","background-image":"","background-repeat":"repeat","background-position":"center center","background-size":"auto","background-attachment":"scroll","background-type":"","background-media":"","overlay-type":"","overlay-color":"","overlay-opacity":"","overlay-gradient":""},"tablet":{"background-color":"","background-image":"","background-repeat":"repeat","background-position":"center center","background-size":"auto","background-attachment":"scroll","background-type":"","background-media":"","overlay-type":"","overlay-color":"","overlay-opacity":"","overlay-gradient":""},"mobile":{"background-color":"","background-image":"","background-repeat":"repeat","background-position":"center center","background-size":"auto","background-attachment":"scroll","background-type":"","background-media":"","overlay-type":"","overlay-color":"","overlay-opacity":"","overlay-gradient":""}},"ast-content-background-meta":{"desktop":{"background-color":"var(--ast-global-color-5)","background-image":"","background-repeat":"repeat","background-position":"center center","background-size":"auto","background-attachment":"scroll","background-type":"","background-media":"","overlay-type":"","overlay-color":"","overlay-opacity":"","overlay-gradient":""},"tablet":{"background-color":"var(--ast-global-color-5)","background-image":"","background-repeat":"repeat","background-position":"center center","background-size":"auto","background-attachment":"scroll","background-type":"","background-media":"","overlay-type":"","overlay-color":"","overlay-opacity":"","overlay-gradient":""},"mobile":{"background-color":"var(--ast-global-color-5)","background-image":"","background-repeat":"repeat","background-position":"center center","background-size":"auto","background-attachment":"scroll","background-type":"","background-media":"","overlay-type":"","overlay-color":"","overlay-opacity":"","overlay-gradient":""}},"yasr_overall_rating":5,"yasr_post_is_review":"","yasr_auto_insert_disabled":"","yasr_review_type":""},"product_brand":[],"product_cat":[25],"product_tag":[],"class_list":{"0":"post-4673","1":"product","2":"type-product","3":"status-publish","4":"has-post-thumbnail","6":"product_cat-soft-biscuit-production-line","7":"desktop-align-left","8":"tablet-align-left","9":"mobile-align-left","11":"first","12":"instock","13":"shipping-taxable","14":"product-type-simple"},"yoast_head":"<!-- This site is optimized with the Yoast SEO plugin v24.4 - https:\/\/yoast.com\/wordpress\/plugins\/seo\/ -->\n<title>Lady Finger Biscuit Production Line Quality Assurance - Biscuit Production Solution Manufacturer<\/title>\n<meta name=\"description\" content=\"lady finger biscuit production line is a set of automated equipment used for producing finger biscuits that realize continuous and large-scale production.\" \/>\n<meta name=\"robots\" content=\"index, follow, max-snippet:-1, max-image-preview:large, max-video-preview:-1\" \/>\n<link rel=\"canonical\" href=\"https:\/\/www.biscuitsolution.com\/fr\/produit\/lady-finger-biscuit-production-line\/\" \/>\n<meta property=\"og:locale\" content=\"fr_FR\" \/>\n<meta property=\"og:type\" content=\"article\" \/>\n<meta property=\"og:title\" content=\"Lady Finger Biscuit Production Line Quality Assurance - Biscuit Production Solution Manufacturer\" \/>\n<meta property=\"og:description\" content=\"lady finger biscuit production line is a set of automated equipment used for producing finger biscuits that realize continuous and large-scale production.\" \/>\n<meta property=\"og:url\" content=\"https:\/\/www.biscuitsolution.com\/fr\/produit\/lady-finger-biscuit-production-line\/\" \/>\n<meta property=\"og:site_name\" content=\"Biscuit Production Solution Manufacturer\" \/>\n<meta property=\"article:publisher\" content=\"https:\/\/www.facebook.com\/profile.php?id=100095205040823\" \/>\n<meta property=\"article:modified_time\" content=\"2025-12-23T06:27:21+00:00\" \/>\n<meta property=\"og:image\" content=\"https:\/\/www.biscuitsolution.com\/wp-content\/uploads\/2025\/02\/\u4e3b\u56fe-1.jpg\" \/>\n\t<meta property=\"og:image:width\" content=\"600\" \/>\n\t<meta property=\"og:image:height\" content=\"600\" \/>\n\t<meta property=\"og:image:type\" content=\"image\/jpeg\" \/>\n<meta name=\"twitter:card\" content=\"summary_large_image\" \/>\n<meta name=\"twitter:site\" content=\"@shanna_zha26342\" \/>\n<meta name=\"twitter:label1\" content=\"Dur\u00e9e de lecture estim\u00e9e\" \/>\n\t<meta name=\"twitter:data1\" content=\"3 minutes\" \/>\n<script type=\"application\/ld+json\" class=\"yoast-schema-graph\">{\"@context\":\"https:\/\/schema.org\",\"@graph\":[{\"@type\":\"WebPage\",\"@id\":\"https:\/\/www.biscuitsolution.com\/product\/lady-finger-biscuit-production-line\/\",\"url\":\"https:\/\/www.biscuitsolution.com\/product\/lady-finger-biscuit-production-line\/\",\"name\":\"Lady Finger Biscuit Production Line Quality Assurance - Biscuit Production Solution Manufacturer\",\"isPartOf\":{\"@id\":\"https:\/\/www.biscuitsolution.com\/#website\"},\"primaryImageOfPage\":{\"@id\":\"https:\/\/www.biscuitsolution.com\/product\/lady-finger-biscuit-production-line\/#primaryimage\"},\"image\":{\"@id\":\"https:\/\/www.biscuitsolution.com\/product\/lady-finger-biscuit-production-line\/#primaryimage\"},\"thumbnailUrl\":\"https:\/\/www.biscuitsolution.com\/wp-content\/uploads\/2025\/02\/\u4e3b\u56fe-1.jpg\",\"datePublished\":\"2025-02-19T09:17:50+00:00\",\"dateModified\":\"2025-12-23T06:27:21+00:00\",\"description\":\"lady finger biscuit production line is a set of automated equipment used for producing finger biscuits that realize continuous and large-scale production.\",\"breadcrumb\":{\"@id\":\"https:\/\/www.biscuitsolution.com\/product\/lady-finger-biscuit-production-line\/#breadcrumb\"},\"inLanguage\":\"fr-FR\",\"potentialAction\":[{\"@type\":\"ReadAction\",\"target\":[\"https:\/\/www.biscuitsolution.com\/product\/lady-finger-biscuit-production-line\/\"]}]},{\"@type\":\"ImageObject\",\"inLanguage\":\"fr-FR\",\"@id\":\"https:\/\/www.biscuitsolution.com\/product\/lady-finger-biscuit-production-line\/#primaryimage\",\"url\":\"https:\/\/www.biscuitsolution.com\/wp-content\/uploads\/2025\/02\/\u4e3b\u56fe-1.jpg\",\"contentUrl\":\"https:\/\/www.biscuitsolution.com\/wp-content\/uploads\/2025\/02\/\u4e3b\u56fe-1.jpg\",\"width\":600,\"height\":600},{\"@type\":\"BreadcrumbList\",\"@id\":\"https:\/\/www.biscuitsolution.com\/product\/lady-finger-biscuit-production-line\/#breadcrumb\",\"itemListElement\":[{\"@type\":\"ListItem\",\"position\":1,\"name\":\"Home\",\"item\":\"https:\/\/www.biscuitsolution.com\/\"},{\"@type\":\"ListItem\",\"position\":2,\"name\":\"Product\",\"item\":\"https:\/\/www.biscuitsolution.com\/product\/\"},{\"@type\":\"ListItem\",\"position\":3,\"name\":\"Lady Finger Biscuit Production Line Quality Assurance\"}]},{\"@type\":\"WebSite\",\"@id\":\"https:\/\/www.biscuitsolution.com\/#website\",\"url\":\"https:\/\/www.biscuitsolution.com\/\",\"name\":\"Biscuit Production Solution Manufacturer\",\"description\":\"\",\"potentialAction\":[{\"@type\":\"SearchAction\",\"target\":{\"@type\":\"EntryPoint\",\"urlTemplate\":\"https:\/\/www.biscuitsolution.com\/?s={search_term_string}\"},\"query-input\":{\"@type\":\"PropertyValueSpecification\",\"valueRequired\":true,\"valueName\":\"search_term_string\"}}],\"inLanguage\":\"fr-FR\"},false]}<\/script>\n<!-- \/ Yoast SEO plugin. -->","yoast_head_json":{"title":"Ligne de production de biscuits Lady Finger Assurance qualit\u00e9 - Fabricant de solutions de production de biscuits","description":"La ligne de production de biscuits f\u00e9minins est un ensemble d'\u00e9quipements automatis\u00e9s utilis\u00e9s pour la production de biscuits f\u00e9minins qui permettent une production continue et \u00e0 grande \u00e9chelle.","robots":{"index":"index","follow":"follow","max-snippet":"max-snippet:-1","max-image-preview":"max-image-preview:large","max-video-preview":"max-video-preview:-1"},"canonical":"https:\/\/www.biscuitsolution.com\/fr\/produit\/lady-finger-biscuit-production-line\/","og_locale":"fr_FR","og_type":"article","og_title":"Lady Finger Biscuit Production Line Quality Assurance - Biscuit Production Solution Manufacturer","og_description":"lady finger biscuit production line is a set of automated equipment used for producing finger biscuits that realize continuous and large-scale production.","og_url":"https:\/\/www.biscuitsolution.com\/fr\/produit\/lady-finger-biscuit-production-line\/","og_site_name":"Biscuit Production Solution Manufacturer","article_publisher":"https:\/\/www.facebook.com\/profile.php?id=100095205040823","article_modified_time":"2025-12-23T06:27:21+00:00","og_image":[{"width":600,"height":600,"url":"https:\/\/www.biscuitsolution.com\/wp-content\/uploads\/2025\/02\/\u4e3b\u56fe-1.jpg","type":"image\/jpeg"}],"twitter_card":"summary_large_image","twitter_site":"@shanna_zha26342","twitter_misc":{"Dur\u00e9e de lecture estim\u00e9e":"3 minutes"},"schema":{"@context":"https:\/\/schema.org","@graph":[{"@type":"WebPage","@id":"https:\/\/www.biscuitsolution.com\/product\/lady-finger-biscuit-production-line\/","url":"https:\/\/www.biscuitsolution.com\/product\/lady-finger-biscuit-production-line\/","name":"Ligne de production de biscuits Lady Finger Assurance qualit\u00e9 - Fabricant de solutions de production de biscuits","isPartOf":{"@id":"https:\/\/www.biscuitsolution.com\/#website"},"primaryImageOfPage":{"@id":"https:\/\/www.biscuitsolution.com\/product\/lady-finger-biscuit-production-line\/#primaryimage"},"image":{"@id":"https:\/\/www.biscuitsolution.com\/product\/lady-finger-biscuit-production-line\/#primaryimage"},"thumbnailUrl":"https:\/\/www.biscuitsolution.com\/wp-content\/uploads\/2025\/02\/\u4e3b\u56fe-1.jpg","datePublished":"2025-02-19T09:17:50+00:00","dateModified":"2025-12-23T06:27:21+00:00","description":"La ligne de production de biscuits f\u00e9minins est un ensemble d'\u00e9quipements automatis\u00e9s utilis\u00e9s pour la production de biscuits f\u00e9minins qui permettent une production continue et \u00e0 grande \u00e9chelle.","breadcrumb":{"@id":"https:\/\/www.biscuitsolution.com\/product\/lady-finger-biscuit-production-line\/#breadcrumb"},"inLanguage":"fr-FR","potentialAction":[{"@type":"ReadAction","target":["https:\/\/www.biscuitsolution.com\/product\/lady-finger-biscuit-production-line\/"]}]},{"@type":"ImageObject","inLanguage":"fr-FR","@id":"https:\/\/www.biscuitsolution.com\/product\/lady-finger-biscuit-production-line\/#primaryimage","url":"https:\/\/www.biscuitsolution.com\/wp-content\/uploads\/2025\/02\/\u4e3b\u56fe-1.jpg","contentUrl":"https:\/\/www.biscuitsolution.com\/wp-content\/uploads\/2025\/02\/\u4e3b\u56fe-1.jpg","width":600,"height":600},{"@type":"BreadcrumbList","@id":"https:\/\/www.biscuitsolution.com\/product\/lady-finger-biscuit-production-line\/#breadcrumb","itemListElement":[{"@type":"ListItem","position":1,"name":"Home","item":"https:\/\/www.biscuitsolution.com\/"},{"@type":"ListItem","position":2,"name":"Product","item":"https:\/\/www.biscuitsolution.com\/product\/"},{"@type":"ListItem","position":3,"name":"Lady Finger Biscuit Production Line Quality Assurance"}]},{"@type":"WebSite","@id":"https:\/\/www.biscuitsolution.com\/#website","url":"https:\/\/www.biscuitsolution.com\/","name":"Fabricant de solutions pour la production de biscuits","description":"","potentialAction":[{"@type":"SearchAction","target":{"@type":"EntryPoint","urlTemplate":"https:\/\/www.biscuitsolution.com\/?s={search_term_string}"},"query-input":{"@type":"PropertyValueSpecification","valueRequired":true,"valueName":"search_term_string"}}],"inLanguage":"fr-FR"},false]}},"yasr_visitor_votes":{"stars_attributes":{"read_only":false,"span_bottom":false},"number_of_votes":1,"sum_votes":5},"_links":{"self":[{"href":"https:\/\/www.biscuitsolution.com\/fr\/wp-json\/wp\/v2\/product\/4673","targetHints":{"allow":["GET"]}}],"collection":[{"href":"https:\/\/www.biscuitsolution.com\/fr\/wp-json\/wp\/v2\/product"}],"about":[{"href":"https:\/\/www.biscuitsolution.com\/fr\/wp-json\/wp\/v2\/types\/product"}],"replies":[{"embeddable":true,"href":"https:\/\/www.biscuitsolution.com\/fr\/wp-json\/wp\/v2\/comments?post=4673"}],"version-history":[{"count":3,"href":"https:\/\/www.biscuitsolution.com\/fr\/wp-json\/wp\/v2\/product\/4673\/revisions"}],"predecessor-version":[{"id":5860,"href":"https:\/\/www.biscuitsolution.com\/fr\/wp-json\/wp\/v2\/product\/4673\/revisions\/5860"}],"wp:featuredmedia":[{"embeddable":true,"href":"https:\/\/www.biscuitsolution.com\/fr\/wp-json\/wp\/v2\/media\/4677"}],"wp:attachment":[{"href":"https:\/\/www.biscuitsolution.com\/fr\/wp-json\/wp\/v2\/media?parent=4673"}],"wp:term":[{"taxonomy":"product_brand","embeddable":true,"href":"https:\/\/www.biscuitsolution.com\/fr\/wp-json\/wp\/v2\/product_brand?post=4673"},{"taxonomy":"product_cat","embeddable":true,"href":"https:\/\/www.biscuitsolution.com\/fr\/wp-json\/wp\/v2\/product_cat?post=4673"},{"taxonomy":"product_tag","embeddable":true,"href":"https:\/\/www.biscuitsolution.com\/fr\/wp-json\/wp\/v2\/product_tag?post=4673"}],"curies":[{"name":"wp","href":"https:\/\/api.w.org\/{rel}","templated":true}]}}