{"id":4663,"date":"2025-02-19T08:51:31","date_gmt":"2025-02-19T08:51:31","guid":{"rendered":"https:\/\/www.biscuitsolution.com\/?post_type=product&#038;p=4663"},"modified":"2025-08-12T15:49:20","modified_gmt":"2025-08-12T07:49:20","slug":"shortbread-biscuit-production-line-automatic-efficient","status":"publish","type":"product","link":"https:\/\/www.biscuitsolution.com\/fr\/produit\/shortbread-biscuit-production-line-automatic-efficient\/","title":{"rendered":"Ligne de production de biscuits sabl\u00e9s Automatique Efficace"},"content":{"rendered":"<p>Le <strong>ligne de production automatique de biscuits sabl\u00e9s<\/strong> est principalement utilis\u00e9 dans les usines de transformation alimentaire \u00e0 grande \u00e9chelle. Elle peut produire des biscuits sabl\u00e9s de diff\u00e9rents parfums. Elle peut \u00e9galement \u00eatre utilis\u00e9e pour produire des biscuits sabl\u00e9s avec des formes et des emballages personnalis\u00e9s.<\/p>\n<p><strong>Biscuits sabl\u00e9s<\/strong> sont des biscuits traditionnels originaires d'\u00c9cosse. Ils sont connus sous le nom de sabl\u00e9s au beurre ou sabl\u00e9s \u00e0 la cr\u00e8me en chinois. Ils se caract\u00e9risent par leur texture friable et floconneuse, et leur texture fondante. Leurs principaux ingr\u00e9dients sont la farine, le beurre et le sucre.<\/p>\n<p><img fetchpriority=\"high\" decoding=\"async\" class=\"alignnone size-full wp-image-4664\" src=\"https:\/\/www.biscuitsolution.com\/wp-content\/uploads\/2025\/02\/shortbread-biscuits.jpg\" alt=\"ligne de production de biscuits sabl\u00e9s\" width=\"800\" height=\"450\" srcset=\"https:\/\/www.biscuitsolution.com\/wp-content\/uploads\/2025\/02\/shortbread-biscuits.jpg 800w, https:\/\/www.biscuitsolution.com\/wp-content\/uploads\/2025\/02\/shortbread-biscuits-600x338.jpg 600w, https:\/\/www.biscuitsolution.com\/wp-content\/uploads\/2025\/02\/shortbread-biscuits-300x169.jpg 300w, https:\/\/www.biscuitsolution.com\/wp-content\/uploads\/2025\/02\/shortbread-biscuits-768x432.jpg 768w\" sizes=\"(max-width: 800px) 100vw, 800px\" \/><\/p>\n<h2>Fonctionnement de la ligne de production de biscuits sabl\u00e9s<\/h2>\n<ol>\n<li>Processus de m\u00e9lange : Les mati\u00e8res premi\u00e8res sont m\u00e9lang\u00e9es dans un malaxeur dans un certain ordre et pendant un certain temps. En g\u00e9n\u00e9ral, le beurre et le sucre sont m\u00e9lang\u00e9s en premier, et le mixeur tourne \u00e0 vitesse moyenne. La farine et le sel sont ensuite ajout\u00e9s et le mixeur tourne \u00e0 basse vitesse pour obtenir une p\u00e2te uniforme.<\/li>\n<li>\u00c9tape de formation : La p\u00e2te m\u00e9lang\u00e9e peut \u00eatre form\u00e9e de diff\u00e9rentes mani\u00e8res. L'une d'elles est le formage par rouleaux, l'autre le formage par extrusion. La pression et la vitesse de l'\u00e9quipement de formage peuvent \u00eatre ajust\u00e9es en fonction des propri\u00e9t\u00e9s de la p\u00e2te et des exigences du produit.<\/li>\n<li>Phase de cuisson : La temp\u00e9rature et la dur\u00e9e du four dans la ligne de production automatique de biscuits sabl\u00e9s sont d\u00e9termin\u00e9es en fonction de facteurs tels que la taille, l'\u00e9paisseur et la formule des biscuits sabl\u00e9s. La temp\u00e9rature g\u00e9n\u00e9rale de cuisson se situe entre 160 et 180\u2103.<\/li>\n<li>Refroidissement et emballage : Les sabl\u00e9s cuits sont sortis du four et plac\u00e9s sur le tapis roulant de refroidissement pour un refroidissement naturel. Les biscuits sabl\u00e9s refroidis sont emball\u00e9s par un \u00e9quipement d'emballage automatis\u00e9. L'\u00e9quipement d'emballage peut \u00eatre emball\u00e9 quantitativement en fonction des exigences du produit.<\/li>\n<\/ol>\n<div class=\"ast-oembed-container\" style=\"height: 100%;\"><iframe title=\"Ligne de production automatique de biscuits pour les usines de snacks\" width=\"500\" height=\"281\" src=\"https:\/\/www.youtube.com\/embed\/lRPO7ysTJFI?feature=oembed\" frameborder=\"0\" allow=\"accelerometer; autoplay; clipboard-write; encrypted-media; gyroscope; picture-in-picture; web-share\" referrerpolicy=\"strict-origin-when-cross-origin\" allowfullscreen><\/iframe><\/div>\n<h2>Caract\u00e9ristiques de la ligne de production automatique de biscuits sabl\u00e9s<\/h2>\n<ol>\n<li>Automatisation avanc\u00e9e : La ligne de production compl\u00e8te de biscuits sabl\u00e9s est \u00e9quip\u00e9e d'un syst\u00e8me de contr\u00f4le automatique sophistiqu\u00e9. Chaque \u00e9tape, depuis l'approvisionnement et la mesure des mati\u00e8res premi\u00e8res jusqu'au m\u00e9lange, au fa\u00e7onnage, \u00e0 la cuisson et \u00e0 l'emballage, peut \u00eatre g\u00e9r\u00e9e avec pr\u00e9cision par un syst\u00e8me de contr\u00f4le pr\u00e9\u00e9tabli.<\/li>\n<li>Efficacit\u00e9 et \u00e9conomie d'\u00e9nergie : Les machines de cuisson utilisent des techniques de chauffage de pointe, telles qu'un syst\u00e8me de recirculation de l'air chaud. Ce syst\u00e8me disperse uniform\u00e9ment l'air chaud dans tout le four, ce qui garantit que les biscuits sabl\u00e9s sont chauff\u00e9s de mani\u00e8re uniforme, r\u00e9duisant ainsi le temps de cuisson et la consommation d'\u00e9nergie.<\/li>\n<li>Facilit\u00e9 de nettoyage et d'entretien : La plupart des machines et \u00e9quipements de la ligne de production de biscuits sabl\u00e9s sont fabriqu\u00e9s dans des mat\u00e9riaux faciles \u00e0 nettoyer, tels que l'acier inoxydable, et la conception structurelle de l'\u00e9quipement est facile \u00e0 d\u00e9monter et \u00e0 assembler, et peut \u00eatre facilement nettoy\u00e9e apr\u00e8s la production.<\/li>\n<li>Un fa\u00e7onnage pr\u00e9cis et une qualit\u00e9 constante : La machine \u00e0 former les biscuits est capable de r\u00e9guler avec pr\u00e9cision la forme et les dimensions des biscuits sabl\u00e9s. Pendant la phase de cuisson, la pr\u00e9cision du contr\u00f4le de la temp\u00e9rature du four peut atteindre \u00b11\u2103, ce qui garantit l'uniformit\u00e9 de la cuisson de chaque lot de biscuits sabl\u00e9s, d'o\u00f9 une grande stabilit\u00e9 du go\u00fbt et de l'aspect du produit.<\/li>\n<\/ol>\n<p><img decoding=\"async\" class=\"alignnone size-full wp-image-4665\" src=\"https:\/\/www.biscuitsolution.com\/wp-content\/uploads\/2025\/02\/shortbread-biscuit.jpg\" alt=\"ligne de production automatique de biscuits sabl\u00e9s\" width=\"800\" height=\"450\" srcset=\"https:\/\/www.biscuitsolution.com\/wp-content\/uploads\/2025\/02\/shortbread-biscuit.jpg 800w, https:\/\/www.biscuitsolution.com\/wp-content\/uploads\/2025\/02\/shortbread-biscuit-600x338.jpg 600w, https:\/\/www.biscuitsolution.com\/wp-content\/uploads\/2025\/02\/shortbread-biscuit-300x169.jpg 300w, https:\/\/www.biscuitsolution.com\/wp-content\/uploads\/2025\/02\/shortbread-biscuit-768x432.jpg 768w\" sizes=\"(max-width: 800px) 100vw, 800px\" \/><\/p>\n<h2>Laissez un message pour obtenir un devis<\/h2>\n\n<div class=\"wpcf7 no-js\" id=\"wpcf7-f4619-o1\" lang=\"en-US\" dir=\"ltr\" data-wpcf7-id=\"4619\">\n<div class=\"screen-reader-response\"><p role=\"status\" aria-live=\"polite\" aria-atomic=\"true\"><\/p> <ul><\/ul><\/div>\n<form action=\"\/fr\/wp-json\/wp\/v2\/product\/4663#wpcf7-f4619-o1\" method=\"post\" class=\"wpcf7-form init\" aria-label=\"Formulaire de contact\" novalidate=\"novalidate\" data-status=\"init\" data-trp-original-action=\"\/fr\/wp-json\/wp\/v2\/product\/4663#wpcf7-f4619-o1\">\n<div style=\"display: none;\">\n<input type=\"hidden\" name=\"_wpcf7\" value=\"4619\" \/>\n<input type=\"hidden\" name=\"_wpcf7_version\" value=\"6.0.4\" \/>\n<input type=\"hidden\" name=\"_wpcf7_locale\" value=\"en_US\" \/>\n<input type=\"hidden\" name=\"_wpcf7_unit_tag\" value=\"wpcf7-f4619-o1\" \/>\n<input type=\"hidden\" name=\"_wpcf7_container_post\" value=\"0\" \/>\n<input type=\"hidden\" name=\"_wpcf7_posted_data_hash\" value=\"\" \/>\n<\/div>\n<p><label> Votre nom*<br \/>\n<span class=\"wpcf7-form-control-wrap\" data-name=\"your-name\"><input size=\"40\" maxlength=\"400\" class=\"wpcf7-form-control wpcf7-text wpcf7-validates-as-required\" aria-required=\"true\" aria-invalid=\"false\" value=\"\" type=\"text\" name=\"your-name\" \/><\/span> <\/label>\n<\/p>\n<p><label> Votre pays<br \/>\n<span class=\"wpcf7-form-control-wrap\" data-name=\"your-country\"><input size=\"40\" maxlength=\"400\" class=\"wpcf7-form-control wpcf7-text\" aria-invalid=\"false\" value=\"\" type=\"text\" name=\"your-country\" \/><\/span><\/label>\n<\/p>\n<p><label> Votre courriel*<br \/>\n<span class=\"wpcf7-form-control-wrap\" data-name=\"your-email\"><input size=\"40\" maxlength=\"400\" class=\"wpcf7-form-control wpcf7-email wpcf7-validates-as-required wpcf7-text wpcf7-validates-as-email\" aria-required=\"true\" aria-invalid=\"false\" value=\"\" type=\"email\" name=\"your-email\" \/><\/span> <\/label>\n<\/p>\n<p><label> Votre t\u00e9l\u00e9phone<br \/>\n<span class=\"wpcf7-form-control-wrap\" data-name=\"your-phone\"><input size=\"40\" maxlength=\"400\" class=\"wpcf7-form-control wpcf7-tel wpcf7-text wpcf7-validates-as-tel\" aria-invalid=\"false\" value=\"\" type=\"tel\" name=\"your-phone\" \/><\/span> <\/label>\n<\/p>\n<p><label> Nom de l'entreprise<br \/>\n<span class=\"wpcf7-form-control-wrap\" data-name=\"text-457\"><input size=\"40\" maxlength=\"400\" class=\"wpcf7-form-control wpcf7-text\" aria-invalid=\"false\" value=\"\" type=\"text\" name=\"text-457\" \/><\/span> <\/label>\n<\/p>\n<p><label> Le site web de votre entreprise<br \/>\n<span class=\"wpcf7-form-control-wrap\" data-name=\"text-546\"><input size=\"40\" maxlength=\"400\" class=\"wpcf7-form-control wpcf7-text\" aria-invalid=\"false\" value=\"\" type=\"text\" name=\"text-546\" \/><\/span> <\/label>\n<\/p>\n<p><label> Votre demande*<br \/>\n<span class=\"wpcf7-form-control-wrap\" data-name=\"your-message\"><textarea cols=\"40\" rows=\"10\" maxlength=\"2000\" class=\"wpcf7-form-control wpcf7-textarea wpcf7-validates-as-required\" aria-required=\"true\" aria-invalid=\"false\" name=\"your-message\"><\/textarea><\/span> <\/label>\n<\/p>\n<p><input class=\"wpcf7-form-control wpcf7-submit has-spinner\" type=\"submit\" value=\"Soumettre\" \/>\n<\/p><p style=\"display: none !important;\" class=\"akismet-fields-container\" data-prefix=\"_wpcf7_ak_\"><label>&#916;<textarea name=\"_wpcf7_ak_hp_textarea\" cols=\"45\" rows=\"8\" maxlength=\"100\"><\/textarea><\/label><input type=\"hidden\" id=\"ak_js_1\" name=\"_wpcf7_ak_js\" value=\"218\"\/><script>document.getElementById( \"ak_js_1\" ).setAttribute( \"value\", ( new Date() ).getTime() );<\/script><\/p><div class=\"wpcf7-response-output\" aria-hidden=\"true\"><\/div>\n<input type=\"hidden\" name=\"trp-form-language\" value=\"fr\"\/><\/form>\n<\/div>\n\n<div style='text-align:left' class='yasr-auto-insert-visitor'><\/div>","protected":false},"excerpt":{"rendered":"<p>Capacit\u00e9 : 100-1200KG\/H<\/p>\n<p>Marque : GELGOOG<\/p>\n<p>Courriel : shanna@machinehall.com<\/p>\n<p>T\u00e9l : +8618638676709<\/p>\n<p>Application : biscuits sabl\u00e9s et autres biscuits.<\/p>","protected":false},"featured_media":4666,"comment_status":"open","ping_status":"closed","template":"","meta":{"site-sidebar-layout":"default","site-content-layout":"","ast-site-content-layout":"default","site-content-style":"default","site-sidebar-style":"default","ast-global-header-display":"","ast-banner-title-visibility":"","ast-main-header-display":"","ast-hfb-above-header-display":"","ast-hfb-below-header-display":"","ast-hfb-mobile-header-display":"","site-post-title":"","ast-breadcrumbs-content":"","ast-featured-img":"","footer-sml-layout":"","theme-transparent-header-meta":"default","adv-header-id-meta":"","stick-header-meta":"","header-above-stick-meta":"","header-main-stick-meta":"","header-below-stick-meta":"","astra-migrate-meta-layouts":"set","ast-page-background-enabled":"default","ast-page-background-meta":{"desktop":{"background-color":"","background-image":"","background-repeat":"repeat","background-position":"center center","background-size":"auto","background-attachment":"scroll","background-type":"","background-media":"","overlay-type":"","overlay-color":"","overlay-opacity":"","overlay-gradient":""},"tablet":{"background-color":"","background-image":"","background-repeat":"repeat","background-position":"center center","background-size":"auto","background-attachment":"scroll","background-type":"","background-media":"","overlay-type":"","overlay-color":"","overlay-opacity":"","overlay-gradient":""},"mobile":{"background-color":"","background-image":"","background-repeat":"repeat","background-position":"center center","background-size":"auto","background-attachment":"scroll","background-type":"","background-media":"","overlay-type":"","overlay-color":"","overlay-opacity":"","overlay-gradient":""}},"ast-content-background-meta":{"desktop":{"background-color":"var(--ast-global-color-5)","background-image":"","background-repeat":"repeat","background-position":"center center","background-size":"auto","background-attachment":"scroll","background-type":"","background-media":"","overlay-type":"","overlay-color":"","overlay-opacity":"","overlay-gradient":""},"tablet":{"background-color":"var(--ast-global-color-5)","background-image":"","background-repeat":"repeat","background-position":"center center","background-size":"auto","background-attachment":"scroll","background-type":"","background-media":"","overlay-type":"","overlay-color":"","overlay-opacity":"","overlay-gradient":""},"mobile":{"background-color":"var(--ast-global-color-5)","background-image":"","background-repeat":"repeat","background-position":"center center","background-size":"auto","background-attachment":"scroll","background-type":"","background-media":"","overlay-type":"","overlay-color":"","overlay-opacity":"","overlay-gradient":""}},"yasr_overall_rating":0,"yasr_post_is_review":"","yasr_auto_insert_disabled":"","yasr_review_type":""},"product_brand":[],"product_cat":[25],"product_tag":[],"class_list":{"0":"post-4663","1":"product","2":"type-product","3":"status-publish","4":"has-post-thumbnail","6":"product_cat-soft-biscuit-production-line","7":"desktop-align-left","8":"tablet-align-left","9":"mobile-align-left","11":"first","12":"instock","13":"shipping-taxable","14":"product-type-simple"},"yoast_head":"<!-- This site is optimized with the Yoast SEO plugin v24.4 - https:\/\/yoast.com\/wordpress\/plugins\/seo\/ -->\n<title>Shortbread Biscuit Production Line Automatic Efficient - Biscuit Production Solution Manufacturer<\/title>\n<meta name=\"description\" content=\"shortbread biscuit production line automatically combines precision engineering with technology to ensure consistency and meet the demands of the industry.\" \/>\n<meta name=\"robots\" content=\"index, follow, max-snippet:-1, max-image-preview:large, max-video-preview:-1\" \/>\n<link rel=\"canonical\" href=\"https:\/\/www.biscuitsolution.com\/fr\/produit\/shortbread-biscuit-production-line-automatic-efficient\/\" \/>\n<meta property=\"og:locale\" content=\"fr_FR\" \/>\n<meta property=\"og:type\" content=\"article\" \/>\n<meta property=\"og:title\" content=\"Shortbread Biscuit Production Line Automatic Efficient - Biscuit Production Solution Manufacturer\" \/>\n<meta property=\"og:description\" content=\"shortbread biscuit production line automatically combines precision engineering with technology to ensure consistency and meet the demands of the industry.\" \/>\n<meta property=\"og:url\" content=\"https:\/\/www.biscuitsolution.com\/fr\/produit\/shortbread-biscuit-production-line-automatic-efficient\/\" \/>\n<meta property=\"og:site_name\" content=\"Biscuit Production Solution Manufacturer\" \/>\n<meta property=\"article:publisher\" content=\"https:\/\/www.facebook.com\/profile.php?id=100095205040823\" \/>\n<meta property=\"article:modified_time\" content=\"2025-08-12T07:49:20+00:00\" \/>\n<meta property=\"og:image\" content=\"https:\/\/www.biscuitsolution.com\/wp-content\/uploads\/2025\/02\/shortbread-biscuit-production-line.jpg\" \/>\n\t<meta property=\"og:image:width\" content=\"600\" \/>\n\t<meta property=\"og:image:height\" content=\"600\" \/>\n\t<meta property=\"og:image:type\" content=\"image\/jpeg\" \/>\n<meta name=\"twitter:card\" content=\"summary_large_image\" \/>\n<meta name=\"twitter:site\" content=\"@shanna_zha26342\" \/>\n<meta name=\"twitter:label1\" content=\"Dur\u00e9e de lecture estim\u00e9e\" \/>\n\t<meta name=\"twitter:data1\" content=\"3 minutes\" \/>\n<script type=\"application\/ld+json\" class=\"yoast-schema-graph\">{\"@context\":\"https:\/\/schema.org\",\"@graph\":[{\"@type\":\"WebPage\",\"@id\":\"https:\/\/www.biscuitsolution.com\/product\/shortbread-biscuit-production-line-automatic-efficient\/\",\"url\":\"https:\/\/www.biscuitsolution.com\/product\/shortbread-biscuit-production-line-automatic-efficient\/\",\"name\":\"Shortbread Biscuit Production Line Automatic Efficient - Biscuit Production Solution Manufacturer\",\"isPartOf\":{\"@id\":\"https:\/\/www.biscuitsolution.com\/#website\"},\"primaryImageOfPage\":{\"@id\":\"https:\/\/www.biscuitsolution.com\/product\/shortbread-biscuit-production-line-automatic-efficient\/#primaryimage\"},\"image\":{\"@id\":\"https:\/\/www.biscuitsolution.com\/product\/shortbread-biscuit-production-line-automatic-efficient\/#primaryimage\"},\"thumbnailUrl\":\"https:\/\/www.biscuitsolution.com\/wp-content\/uploads\/2025\/02\/shortbread-biscuit-production-line.jpg\",\"datePublished\":\"2025-02-19T08:51:31+00:00\",\"dateModified\":\"2025-08-12T07:49:20+00:00\",\"description\":\"shortbread biscuit production line automatically combines precision engineering with technology to ensure consistency and meet the demands of the industry.\",\"breadcrumb\":{\"@id\":\"https:\/\/www.biscuitsolution.com\/product\/shortbread-biscuit-production-line-automatic-efficient\/#breadcrumb\"},\"inLanguage\":\"fr-FR\",\"potentialAction\":[{\"@type\":\"ReadAction\",\"target\":[\"https:\/\/www.biscuitsolution.com\/product\/shortbread-biscuit-production-line-automatic-efficient\/\"]}]},{\"@type\":\"ImageObject\",\"inLanguage\":\"fr-FR\",\"@id\":\"https:\/\/www.biscuitsolution.com\/product\/shortbread-biscuit-production-line-automatic-efficient\/#primaryimage\",\"url\":\"https:\/\/www.biscuitsolution.com\/wp-content\/uploads\/2025\/02\/shortbread-biscuit-production-line.jpg\",\"contentUrl\":\"https:\/\/www.biscuitsolution.com\/wp-content\/uploads\/2025\/02\/shortbread-biscuit-production-line.jpg\",\"width\":600,\"height\":600},{\"@type\":\"BreadcrumbList\",\"@id\":\"https:\/\/www.biscuitsolution.com\/product\/shortbread-biscuit-production-line-automatic-efficient\/#breadcrumb\",\"itemListElement\":[{\"@type\":\"ListItem\",\"position\":1,\"name\":\"Home\",\"item\":\"https:\/\/www.biscuitsolution.com\/\"},{\"@type\":\"ListItem\",\"position\":2,\"name\":\"Product\",\"item\":\"https:\/\/www.biscuitsolution.com\/product\/\"},{\"@type\":\"ListItem\",\"position\":3,\"name\":\"Shortbread Biscuit Production Line Automatic Efficient\"}]},{\"@type\":\"WebSite\",\"@id\":\"https:\/\/www.biscuitsolution.com\/#website\",\"url\":\"https:\/\/www.biscuitsolution.com\/\",\"name\":\"Biscuit Production Solution Manufacturer\",\"description\":\"\",\"potentialAction\":[{\"@type\":\"SearchAction\",\"target\":{\"@type\":\"EntryPoint\",\"urlTemplate\":\"https:\/\/www.biscuitsolution.com\/?s={search_term_string}\"},\"query-input\":{\"@type\":\"PropertyValueSpecification\",\"valueRequired\":true,\"valueName\":\"search_term_string\"}}],\"inLanguage\":\"fr-FR\"},false]}<\/script>\n<!-- \/ Yoast SEO plugin. -->","yoast_head_json":{"title":"Ligne de production de biscuits sabl\u00e9s automatique et efficace - Biscuit Production Solution Manufacturer","description":"La ligne de production de biscuits sabl\u00e9s combine automatiquement l'ing\u00e9nierie de pr\u00e9cision et la technologie pour garantir la coh\u00e9rence et r\u00e9pondre aux exigences de l'industrie.","robots":{"index":"index","follow":"follow","max-snippet":"max-snippet:-1","max-image-preview":"max-image-preview:large","max-video-preview":"max-video-preview:-1"},"canonical":"https:\/\/www.biscuitsolution.com\/fr\/produit\/shortbread-biscuit-production-line-automatic-efficient\/","og_locale":"fr_FR","og_type":"article","og_title":"Shortbread Biscuit Production Line Automatic Efficient - Biscuit Production Solution Manufacturer","og_description":"shortbread biscuit production line automatically combines precision engineering with technology to ensure consistency and meet the demands of the industry.","og_url":"https:\/\/www.biscuitsolution.com\/fr\/produit\/shortbread-biscuit-production-line-automatic-efficient\/","og_site_name":"Biscuit Production Solution Manufacturer","article_publisher":"https:\/\/www.facebook.com\/profile.php?id=100095205040823","article_modified_time":"2025-08-12T07:49:20+00:00","og_image":[{"width":600,"height":600,"url":"https:\/\/www.biscuitsolution.com\/wp-content\/uploads\/2025\/02\/shortbread-biscuit-production-line.jpg","type":"image\/jpeg"}],"twitter_card":"summary_large_image","twitter_site":"@shanna_zha26342","twitter_misc":{"Dur\u00e9e de lecture estim\u00e9e":"3 minutes"},"schema":{"@context":"https:\/\/schema.org","@graph":[{"@type":"WebPage","@id":"https:\/\/www.biscuitsolution.com\/product\/shortbread-biscuit-production-line-automatic-efficient\/","url":"https:\/\/www.biscuitsolution.com\/product\/shortbread-biscuit-production-line-automatic-efficient\/","name":"Ligne de production de biscuits sabl\u00e9s automatique et efficace - Biscuit Production Solution Manufacturer","isPartOf":{"@id":"https:\/\/www.biscuitsolution.com\/#website"},"primaryImageOfPage":{"@id":"https:\/\/www.biscuitsolution.com\/product\/shortbread-biscuit-production-line-automatic-efficient\/#primaryimage"},"image":{"@id":"https:\/\/www.biscuitsolution.com\/product\/shortbread-biscuit-production-line-automatic-efficient\/#primaryimage"},"thumbnailUrl":"https:\/\/www.biscuitsolution.com\/wp-content\/uploads\/2025\/02\/shortbread-biscuit-production-line.jpg","datePublished":"2025-02-19T08:51:31+00:00","dateModified":"2025-08-12T07:49:20+00:00","description":"La ligne de production de biscuits sabl\u00e9s combine automatiquement l'ing\u00e9nierie de pr\u00e9cision et la technologie pour garantir la coh\u00e9rence et r\u00e9pondre aux exigences de l'industrie.","breadcrumb":{"@id":"https:\/\/www.biscuitsolution.com\/product\/shortbread-biscuit-production-line-automatic-efficient\/#breadcrumb"},"inLanguage":"fr-FR","potentialAction":[{"@type":"ReadAction","target":["https:\/\/www.biscuitsolution.com\/product\/shortbread-biscuit-production-line-automatic-efficient\/"]}]},{"@type":"ImageObject","inLanguage":"fr-FR","@id":"https:\/\/www.biscuitsolution.com\/product\/shortbread-biscuit-production-line-automatic-efficient\/#primaryimage","url":"https:\/\/www.biscuitsolution.com\/wp-content\/uploads\/2025\/02\/shortbread-biscuit-production-line.jpg","contentUrl":"https:\/\/www.biscuitsolution.com\/wp-content\/uploads\/2025\/02\/shortbread-biscuit-production-line.jpg","width":600,"height":600},{"@type":"BreadcrumbList","@id":"https:\/\/www.biscuitsolution.com\/product\/shortbread-biscuit-production-line-automatic-efficient\/#breadcrumb","itemListElement":[{"@type":"ListItem","position":1,"name":"Home","item":"https:\/\/www.biscuitsolution.com\/"},{"@type":"ListItem","position":2,"name":"Product","item":"https:\/\/www.biscuitsolution.com\/product\/"},{"@type":"ListItem","position":3,"name":"Shortbread Biscuit Production Line Automatic Efficient"}]},{"@type":"WebSite","@id":"https:\/\/www.biscuitsolution.com\/#website","url":"https:\/\/www.biscuitsolution.com\/","name":"Fabricant de solutions pour la production de biscuits","description":"","potentialAction":[{"@type":"SearchAction","target":{"@type":"EntryPoint","urlTemplate":"https:\/\/www.biscuitsolution.com\/?s={search_term_string}"},"query-input":{"@type":"PropertyValueSpecification","valueRequired":true,"valueName":"search_term_string"}}],"inLanguage":"fr-FR"},false]}},"yasr_visitor_votes":{"stars_attributes":{"read_only":false,"span_bottom":false},"number_of_votes":0,"sum_votes":0},"_links":{"self":[{"href":"https:\/\/www.biscuitsolution.com\/fr\/wp-json\/wp\/v2\/product\/4663","targetHints":{"allow":["GET"]}}],"collection":[{"href":"https:\/\/www.biscuitsolution.com\/fr\/wp-json\/wp\/v2\/product"}],"about":[{"href":"https:\/\/www.biscuitsolution.com\/fr\/wp-json\/wp\/v2\/types\/product"}],"replies":[{"embeddable":true,"href":"https:\/\/www.biscuitsolution.com\/fr\/wp-json\/wp\/v2\/comments?post=4663"}],"version-history":[{"count":3,"href":"https:\/\/www.biscuitsolution.com\/fr\/wp-json\/wp\/v2\/product\/4663\/revisions"}],"predecessor-version":[{"id":5761,"href":"https:\/\/www.biscuitsolution.com\/fr\/wp-json\/wp\/v2\/product\/4663\/revisions\/5761"}],"wp:featuredmedia":[{"embeddable":true,"href":"https:\/\/www.biscuitsolution.com\/fr\/wp-json\/wp\/v2\/media\/4666"}],"wp:attachment":[{"href":"https:\/\/www.biscuitsolution.com\/fr\/wp-json\/wp\/v2\/media?parent=4663"}],"wp:term":[{"taxonomy":"product_brand","embeddable":true,"href":"https:\/\/www.biscuitsolution.com\/fr\/wp-json\/wp\/v2\/product_brand?post=4663"},{"taxonomy":"product_cat","embeddable":true,"href":"https:\/\/www.biscuitsolution.com\/fr\/wp-json\/wp\/v2\/product_cat?post=4663"},{"taxonomy":"product_tag","embeddable":true,"href":"https:\/\/www.biscuitsolution.com\/fr\/wp-json\/wp\/v2\/product_tag?post=4663"}],"curies":[{"name":"wp","href":"https:\/\/api.w.org\/{rel}","templated":true}]}}