{"id":4656,"date":"2025-02-19T08:44:03","date_gmt":"2025-02-19T08:44:03","guid":{"rendered":"https:\/\/www.biscuitsolution.com\/?post_type=product&#038;p=4656"},"modified":"2025-10-30T10:47:10","modified_gmt":"2025-10-30T02:47:10","slug":"automatic-sandwich-biscuit-production-line-1100kg-h","status":"publish","type":"product","link":"https:\/\/www.biscuitsolution.com\/fr\/produit\/automatic-sandwich-biscuit-production-line-1100kg-h\/","title":{"rendered":"Ligne de production automatique de biscuits sandwichs 1100kg\/H"},"content":{"rendered":"<p>Un<strong> ligne de production automatique de biscuits sandwiches<\/strong> est un syst\u00e8me de fabrication complexe et tr\u00e8s efficace con\u00e7u pour produire des biscuits sandwiches en grandes quantit\u00e9s avec une intervention humaine minimale.<\/p>\n<p><img fetchpriority=\"high\" decoding=\"async\" class=\"alignnone wp-image-4659 size-full\" src=\"https:\/\/www.biscuitsolution.com\/wp-content\/uploads\/2025\/02\/sandwich-biscuit.jpg\" alt=\"ligne de production de biscuits sandwichs\" width=\"800\" height=\"450\" srcset=\"https:\/\/www.biscuitsolution.com\/wp-content\/uploads\/2025\/02\/sandwich-biscuit.jpg 800w, https:\/\/www.biscuitsolution.com\/wp-content\/uploads\/2025\/02\/sandwich-biscuit-600x338.jpg 600w, https:\/\/www.biscuitsolution.com\/wp-content\/uploads\/2025\/02\/sandwich-biscuit-300x169.jpg 300w, https:\/\/www.biscuitsolution.com\/wp-content\/uploads\/2025\/02\/sandwich-biscuit-768x432.jpg 768w\" sizes=\"(max-width: 800px) 100vw, 800px\" \/><\/p>\n<h2>Composants de la ligne de production de biscuits sandwichs<\/h2>\n<ol>\n<li>\n<p class=\"ds-markdown-paragraph\"><strong>Unit\u00e9 de pr\u00e9paration de la p\u00e2te<\/strong><br \/>\n\u00c9quip\u00e9 d'un m\u00e9langeur haute performance, cet appareil permet \u00e0 la p\u00e2te d'atteindre une consistance uniforme et une texture id\u00e9ale. Les mod\u00e8les avanc\u00e9s sont dot\u00e9s de commandes programmables qui ajustent automatiquement la vitesse et la dur\u00e9e du m\u00e9lange en fonction de recettes pr\u00e9d\u00e9finies, garantissant ainsi l'homog\u00e9n\u00e9it\u00e9 d'un lot \u00e0 l'autre.<\/p>\n<\/li>\n<li>\n<p class=\"ds-markdown-paragraph\"><strong>Unit\u00e9 de formage de biscuits<\/strong><br \/>\nCette \u00e9tape utilise une mouleuse rotative ou un syst\u00e8me d'extrusion pour fa\u00e7onner les bases des biscuits avec pr\u00e9cision. La fraise rotative est particuli\u00e8rement efficace pour produire des biscuits de forme uniforme avec des motifs d\u00e9taill\u00e9s, ce qui est essentiel pour les couches ext\u00e9rieures des biscuits sandwiches.<\/p>\n<\/li>\n<li>\n<p class=\"ds-markdown-paragraph\"><strong>Four \u00e0 pain<\/strong><br \/>\nUn four tunnel multizone avec circulation d'air chaud ou technologie de chauffage infrarouge assure une cuisson homog\u00e8ne et un d\u00e9veloppement optimal des couleurs. La temp\u00e9rature et le temps de cuisson peuvent \u00eatre r\u00e9gl\u00e9s avec pr\u00e9cision en fonction du type de biscuit et des exigences de la recette.<\/p>\n<\/li>\n<li>\n<p class=\"ds-markdown-paragraph\"><strong>Unit\u00e9 d'application de remplissage<\/strong><br \/>\n\u00c0 l'aide de buses de pr\u00e9cision et de convoyeurs synchronis\u00e9s, cette unit\u00e9 d\u00e9pose une quantit\u00e9 contr\u00f4l\u00e9e de garniture (cr\u00e8me, chocolat ou confiture, par exemple) sur la base des biscuits. Le volume de remplissage et la vitesse du convoyeur sont r\u00e9glables pour maintenir l'alignement et \u00e9viter les d\u00e9bordements ou les manques.<\/p>\n<\/li>\n<li>\n<p class=\"ds-markdown-paragraph\"><strong>Unit\u00e9 d'assemblage et d'emballage<\/strong><br \/>\nLa deuxi\u00e8me couche de biscuits est automatiquement plac\u00e9e sur les bases remplies pour former la structure du sandwich. Les biscuits finis sont ensuite dirig\u00e9s vers des syst\u00e8mes d'emballage automatis\u00e9s, qui peuvent tout g\u00e9rer, de l'emballage en flux et de l'ensachage \u00e0 la mise en bo\u00eete et \u00e0 l'emballage multiple, en fonction des exigences de vente.<\/p>\n<\/li>\n<\/ol>\n<p><img decoding=\"async\" class=\"alignnone size-full wp-image-4657\" src=\"https:\/\/www.biscuitsolution.com\/wp-content\/uploads\/2025\/02\/sandwich-biscuite.jpg\" alt=\"ligne de production de biscuits sandwichs\" width=\"800\" height=\"450\" srcset=\"https:\/\/www.biscuitsolution.com\/wp-content\/uploads\/2025\/02\/sandwich-biscuite.jpg 800w, https:\/\/www.biscuitsolution.com\/wp-content\/uploads\/2025\/02\/sandwich-biscuite-600x338.jpg 600w, https:\/\/www.biscuitsolution.com\/wp-content\/uploads\/2025\/02\/sandwich-biscuite-300x169.jpg 300w, https:\/\/www.biscuitsolution.com\/wp-content\/uploads\/2025\/02\/sandwich-biscuite-768x432.jpg 768w\" sizes=\"(max-width: 800px) 100vw, 800px\" \/><\/p>\n<h2>Caract\u00e9ristiques de la ligne de production automatique de biscuits sandwichs<\/h2>\n<ul>\n<li>\n<p class=\"ds-markdown-paragraph\"><strong>Efficacit\u00e9 \u00e9lev\u00e9e de la production<\/strong><br \/>\nCapable de produire des milliers de biscuits sandwiches par heure, la ligne r\u00e9pond aux exigences de la grande distribution et des canaux de distribution sans compromis sur la qualit\u00e9 ou l'uniformit\u00e9.<\/p>\n<\/li>\n<li>\n<p class=\"ds-markdown-paragraph\"><strong>Qualit\u00e9 constante des produits<\/strong><br \/>\nLe contr\u00f4le pr\u00e9cis du m\u00e9lange, du formage, de la cuisson et du fourrage garantit que chaque biscuit a le m\u00eame go\u00fbt, la m\u00eame texture et le m\u00eame aspect, ce qui renforce la r\u00e9putation de votre marque et la confiance des consommateurs.<\/p>\n<\/li>\n<li>\n<p class=\"ds-markdown-paragraph\"><strong>Excellente flexibilit\u00e9 de production<\/strong><br \/>\nS'adapter facilement aux nouvelles tendances du march\u00e9 en modifiant les recettes, en changeant les moules ou en ajustant les param\u00e8tres du processus. Cela vous permet d'introduire de nouveaux ar\u00f4mes, de nouvelles formes ou de nouvelles vari\u00e9t\u00e9s de remplissage avec un temps d'arr\u00eat minimal.<\/p>\n<\/li>\n<li>\n<p class=\"ds-markdown-paragraph\"><strong>R\u00e9duction de la d\u00e9pendance \u00e0 l'\u00e9gard de la main-d'\u0153uvre<\/strong><br \/>\nL'automatisation compl\u00e8te r\u00e9duit consid\u00e9rablement le besoin de travail manuel, ce qui diminue les co\u00fbts op\u00e9rationnels et minimise les erreurs ou les incoh\u00e9rences li\u00e9es \u00e0 l'homme tout au long du processus de production.<\/p>\n<\/li>\n<\/ul>\n<div class=\"ast-oembed-container\" style=\"height: 100%;\"><iframe title=\"Regardez ! Ligne de production industrielle de biscuits sandwichs tr\u00e8s professionnelle\" width=\"500\" height=\"281\" src=\"https:\/\/www.youtube.com\/embed\/1zMh_8a0S4E?feature=oembed\" frameborder=\"0\" allow=\"accelerometer; autoplay; clipboard-write; encrypted-media; gyroscope; picture-in-picture; web-share\" referrerpolicy=\"strict-origin-when-cross-origin\" allowfullscreen><\/iframe><\/div>\n<h3><strong>Consid\u00e9rations relatives \u00e0 l'investissement et au soutien<\/strong><\/h3>\n<p class=\"ds-markdown-paragraph\">La mise en place d'une ligne de production automatique de biscuits sandwiches n\u00e9cessite un investissement important, dont les co\u00fbts varient en fonction de la capacit\u00e9, du niveau d'automatisation et du fabricant, allant g\u00e9n\u00e9ralement de quelques centaines de milliers \u00e0 plusieurs millions de dollars.<\/p>\n<p class=\"ds-markdown-paragraph\">Lors du choix de l'\u00e9quipement, il est essentiel de s'associer \u00e0 un fabricant qui offre une assistance technique fiable, des pi\u00e8ces de rechange facilement disponibles et un service apr\u00e8s-vente complet afin de garantir une stabilit\u00e9 op\u00e9rationnelle \u00e0 long terme et un bon retour sur investissement.<\/p>\n<h2>Laissez un message pour obtenir un devis<\/h2>\n\n<div class=\"wpcf7 no-js\" id=\"wpcf7-f4619-o1\" lang=\"en-US\" dir=\"ltr\" data-wpcf7-id=\"4619\">\n<div class=\"screen-reader-response\"><p role=\"status\" aria-live=\"polite\" aria-atomic=\"true\"><\/p> <ul><\/ul><\/div>\n<form action=\"\/fr\/wp-json\/wp\/v2\/product\/4656#wpcf7-f4619-o1\" method=\"post\" class=\"wpcf7-form init\" aria-label=\"Formulaire de contact\" novalidate=\"novalidate\" data-status=\"init\" data-trp-original-action=\"\/fr\/wp-json\/wp\/v2\/product\/4656#wpcf7-f4619-o1\">\n<div style=\"display: none;\">\n<input type=\"hidden\" name=\"_wpcf7\" value=\"4619\" \/>\n<input type=\"hidden\" name=\"_wpcf7_version\" value=\"6.0.4\" \/>\n<input type=\"hidden\" name=\"_wpcf7_locale\" value=\"en_US\" \/>\n<input type=\"hidden\" name=\"_wpcf7_unit_tag\" value=\"wpcf7-f4619-o1\" \/>\n<input type=\"hidden\" name=\"_wpcf7_container_post\" value=\"0\" \/>\n<input type=\"hidden\" name=\"_wpcf7_posted_data_hash\" value=\"\" \/>\n<\/div>\n<p><label> Votre nom*<br \/>\n<span class=\"wpcf7-form-control-wrap\" data-name=\"your-name\"><input size=\"40\" maxlength=\"400\" class=\"wpcf7-form-control wpcf7-text wpcf7-validates-as-required\" aria-required=\"true\" aria-invalid=\"false\" value=\"\" type=\"text\" name=\"your-name\" \/><\/span> <\/label>\n<\/p>\n<p><label> Votre pays<br \/>\n<span class=\"wpcf7-form-control-wrap\" data-name=\"your-country\"><input size=\"40\" maxlength=\"400\" class=\"wpcf7-form-control wpcf7-text\" aria-invalid=\"false\" value=\"\" type=\"text\" name=\"your-country\" \/><\/span><\/label>\n<\/p>\n<p><label> Votre courriel*<br \/>\n<span class=\"wpcf7-form-control-wrap\" data-name=\"your-email\"><input size=\"40\" maxlength=\"400\" class=\"wpcf7-form-control wpcf7-email wpcf7-validates-as-required wpcf7-text wpcf7-validates-as-email\" aria-required=\"true\" aria-invalid=\"false\" value=\"\" type=\"email\" name=\"your-email\" \/><\/span> <\/label>\n<\/p>\n<p><label> Votre t\u00e9l\u00e9phone<br \/>\n<span class=\"wpcf7-form-control-wrap\" data-name=\"your-phone\"><input size=\"40\" maxlength=\"400\" class=\"wpcf7-form-control wpcf7-tel wpcf7-text wpcf7-validates-as-tel\" aria-invalid=\"false\" value=\"\" type=\"tel\" name=\"your-phone\" \/><\/span> <\/label>\n<\/p>\n<p><label> Nom de l'entreprise<br \/>\n<span class=\"wpcf7-form-control-wrap\" data-name=\"text-457\"><input size=\"40\" maxlength=\"400\" class=\"wpcf7-form-control wpcf7-text\" aria-invalid=\"false\" value=\"\" type=\"text\" name=\"text-457\" \/><\/span> <\/label>\n<\/p>\n<p><label> Le site web de votre entreprise<br \/>\n<span class=\"wpcf7-form-control-wrap\" data-name=\"text-546\"><input size=\"40\" maxlength=\"400\" class=\"wpcf7-form-control wpcf7-text\" aria-invalid=\"false\" value=\"\" type=\"text\" name=\"text-546\" \/><\/span> <\/label>\n<\/p>\n<p><label> Votre demande*<br \/>\n<span class=\"wpcf7-form-control-wrap\" data-name=\"your-message\"><textarea cols=\"40\" rows=\"10\" maxlength=\"2000\" class=\"wpcf7-form-control wpcf7-textarea wpcf7-validates-as-required\" aria-required=\"true\" aria-invalid=\"false\" name=\"your-message\"><\/textarea><\/span> <\/label>\n<\/p>\n<p><input class=\"wpcf7-form-control wpcf7-submit has-spinner\" type=\"submit\" value=\"Soumettre\" \/>\n<\/p><p style=\"display: none !important;\" class=\"akismet-fields-container\" data-prefix=\"_wpcf7_ak_\"><label>&#916;<textarea name=\"_wpcf7_ak_hp_textarea\" cols=\"45\" rows=\"8\" maxlength=\"100\"><\/textarea><\/label><input type=\"hidden\" id=\"ak_js_1\" name=\"_wpcf7_ak_js\" value=\"19\"\/><script>document.getElementById( \"ak_js_1\" ).setAttribute( \"value\", ( new Date() ).getTime() );<\/script><\/p><div class=\"wpcf7-response-output\" aria-hidden=\"true\"><\/div>\n<input type=\"hidden\" name=\"trp-form-language\" value=\"fr\"\/><\/form>\n<\/div>\n\n<div style='text-align:left' class='yasr-auto-insert-visitor'><\/div>","protected":false},"excerpt":{"rendered":"<p>Marque : GELGOOG<\/p>\n<p>Tension : 380V<\/p>\n<p>Capacity\uff1a100-1200kg\/h<\/p>\n<p>Courriel : shanna@machinehall.com<\/p>\n<p>T\u00e9l : +8618638676709<\/p>","protected":false},"featured_media":4658,"comment_status":"open","ping_status":"closed","template":"","meta":{"site-sidebar-layout":"default","site-content-layout":"","ast-site-content-layout":"default","site-content-style":"default","site-sidebar-style":"default","ast-global-header-display":"","ast-banner-title-visibility":"","ast-main-header-display":"","ast-hfb-above-header-display":"","ast-hfb-below-header-display":"","ast-hfb-mobile-header-display":"","site-post-title":"","ast-breadcrumbs-content":"","ast-featured-img":"","footer-sml-layout":"","theme-transparent-header-meta":"default","adv-header-id-meta":"","stick-header-meta":"","header-above-stick-meta":"","header-main-stick-meta":"","header-below-stick-meta":"","astra-migrate-meta-layouts":"set","ast-page-background-enabled":"default","ast-page-background-meta":{"desktop":{"background-color":"","background-image":"","background-repeat":"repeat","background-position":"center center","background-size":"auto","background-attachment":"scroll","background-type":"","background-media":"","overlay-type":"","overlay-color":"","overlay-opacity":"","overlay-gradient":""},"tablet":{"background-color":"","background-image":"","background-repeat":"repeat","background-position":"center center","background-size":"auto","background-attachment":"scroll","background-type":"","background-media":"","overlay-type":"","overlay-color":"","overlay-opacity":"","overlay-gradient":""},"mobile":{"background-color":"","background-image":"","background-repeat":"repeat","background-position":"center center","background-size":"auto","background-attachment":"scroll","background-type":"","background-media":"","overlay-type":"","overlay-color":"","overlay-opacity":"","overlay-gradient":""}},"ast-content-background-meta":{"desktop":{"background-color":"var(--ast-global-color-5)","background-image":"","background-repeat":"repeat","background-position":"center center","background-size":"auto","background-attachment":"scroll","background-type":"","background-media":"","overlay-type":"","overlay-color":"","overlay-opacity":"","overlay-gradient":""},"tablet":{"background-color":"var(--ast-global-color-5)","background-image":"","background-repeat":"repeat","background-position":"center center","background-size":"auto","background-attachment":"scroll","background-type":"","background-media":"","overlay-type":"","overlay-color":"","overlay-opacity":"","overlay-gradient":""},"mobile":{"background-color":"var(--ast-global-color-5)","background-image":"","background-repeat":"repeat","background-position":"center center","background-size":"auto","background-attachment":"scroll","background-type":"","background-media":"","overlay-type":"","overlay-color":"","overlay-opacity":"","overlay-gradient":""}},"yasr_overall_rating":4.9,"yasr_post_is_review":"","yasr_auto_insert_disabled":"","yasr_review_type":""},"product_brand":[],"product_cat":[25],"product_tag":[],"class_list":{"0":"post-4656","1":"product","2":"type-product","3":"status-publish","4":"has-post-thumbnail","6":"product_cat-soft-biscuit-production-line","7":"desktop-align-left","8":"tablet-align-left","9":"mobile-align-left","11":"first","12":"instock","13":"shipping-taxable","14":"product-type-simple"},"yoast_head":"<!-- This site is optimized with the Yoast SEO plugin v24.4 - https:\/\/yoast.com\/wordpress\/plugins\/seo\/ -->\n<title>Automatic Sandwich Biscuit Production Line 1100kg\/H - Biscuit Production Solution Manufacturer<\/title>\n<meta name=\"description\" content=\"Automatic sandwich biscuit production line is a highly efficient system designed to produce in large quantities with minimal human intervention.\" \/>\n<meta name=\"robots\" content=\"index, follow, max-snippet:-1, max-image-preview:large, max-video-preview:-1\" \/>\n<link rel=\"canonical\" href=\"https:\/\/www.biscuitsolution.com\/fr\/produit\/automatic-sandwich-biscuit-production-line-1100kg-h\/\" \/>\n<meta property=\"og:locale\" content=\"fr_FR\" \/>\n<meta property=\"og:type\" content=\"article\" \/>\n<meta property=\"og:title\" content=\"Automatic Sandwich Biscuit Production Line 1100kg\/H - Biscuit Production Solution Manufacturer\" \/>\n<meta property=\"og:description\" content=\"Automatic sandwich biscuit production line is a highly efficient system designed to produce in large quantities with minimal human intervention.\" \/>\n<meta property=\"og:url\" content=\"https:\/\/www.biscuitsolution.com\/fr\/produit\/automatic-sandwich-biscuit-production-line-1100kg-h\/\" \/>\n<meta property=\"og:site_name\" content=\"Biscuit Production Solution Manufacturer\" \/>\n<meta property=\"article:publisher\" content=\"https:\/\/www.facebook.com\/profile.php?id=100095205040823\" \/>\n<meta property=\"article:modified_time\" content=\"2025-10-30T02:47:10+00:00\" \/>\n<meta property=\"og:image\" content=\"https:\/\/www.biscuitsolution.com\/wp-content\/uploads\/2025\/02\/sandwich-biscuit-production-line.jpg\" \/>\n\t<meta property=\"og:image:width\" content=\"600\" \/>\n\t<meta property=\"og:image:height\" content=\"600\" \/>\n\t<meta property=\"og:image:type\" content=\"image\/jpeg\" \/>\n<meta name=\"twitter:card\" content=\"summary_large_image\" \/>\n<meta name=\"twitter:site\" content=\"@shanna_zha26342\" \/>\n<meta name=\"twitter:label1\" content=\"Dur\u00e9e de lecture estim\u00e9e\" \/>\n\t<meta name=\"twitter:data1\" content=\"3 minutes\" \/>\n<script type=\"application\/ld+json\" class=\"yoast-schema-graph\">{\"@context\":\"https:\/\/schema.org\",\"@graph\":[{\"@type\":\"WebPage\",\"@id\":\"https:\/\/www.biscuitsolution.com\/product\/automatic-sandwich-biscuit-production-line-1100kg-h\/\",\"url\":\"https:\/\/www.biscuitsolution.com\/product\/automatic-sandwich-biscuit-production-line-1100kg-h\/\",\"name\":\"Automatic Sandwich Biscuit Production Line 1100kg\/H - Biscuit Production Solution Manufacturer\",\"isPartOf\":{\"@id\":\"https:\/\/www.biscuitsolution.com\/#website\"},\"primaryImageOfPage\":{\"@id\":\"https:\/\/www.biscuitsolution.com\/product\/automatic-sandwich-biscuit-production-line-1100kg-h\/#primaryimage\"},\"image\":{\"@id\":\"https:\/\/www.biscuitsolution.com\/product\/automatic-sandwich-biscuit-production-line-1100kg-h\/#primaryimage\"},\"thumbnailUrl\":\"https:\/\/www.biscuitsolution.com\/wp-content\/uploads\/2025\/02\/sandwich-biscuit-production-line.jpg\",\"datePublished\":\"2025-02-19T08:44:03+00:00\",\"dateModified\":\"2025-10-30T02:47:10+00:00\",\"description\":\"Automatic sandwich biscuit production line is a highly efficient system designed to produce in large quantities with minimal human intervention.\",\"breadcrumb\":{\"@id\":\"https:\/\/www.biscuitsolution.com\/product\/automatic-sandwich-biscuit-production-line-1100kg-h\/#breadcrumb\"},\"inLanguage\":\"fr-FR\",\"potentialAction\":[{\"@type\":\"ReadAction\",\"target\":[\"https:\/\/www.biscuitsolution.com\/product\/automatic-sandwich-biscuit-production-line-1100kg-h\/\"]}]},{\"@type\":\"ImageObject\",\"inLanguage\":\"fr-FR\",\"@id\":\"https:\/\/www.biscuitsolution.com\/product\/automatic-sandwich-biscuit-production-line-1100kg-h\/#primaryimage\",\"url\":\"https:\/\/www.biscuitsolution.com\/wp-content\/uploads\/2025\/02\/sandwich-biscuit-production-line.jpg\",\"contentUrl\":\"https:\/\/www.biscuitsolution.com\/wp-content\/uploads\/2025\/02\/sandwich-biscuit-production-line.jpg\",\"width\":600,\"height\":600,\"caption\":\"automatic sandwich biscuit production line\"},{\"@type\":\"BreadcrumbList\",\"@id\":\"https:\/\/www.biscuitsolution.com\/product\/automatic-sandwich-biscuit-production-line-1100kg-h\/#breadcrumb\",\"itemListElement\":[{\"@type\":\"ListItem\",\"position\":1,\"name\":\"Home\",\"item\":\"https:\/\/www.biscuitsolution.com\/\"},{\"@type\":\"ListItem\",\"position\":2,\"name\":\"Product\",\"item\":\"https:\/\/www.biscuitsolution.com\/product\/\"},{\"@type\":\"ListItem\",\"position\":3,\"name\":\"Automatic Sandwich Biscuit Production Line 1100kg\/H\"}]},{\"@type\":\"WebSite\",\"@id\":\"https:\/\/www.biscuitsolution.com\/#website\",\"url\":\"https:\/\/www.biscuitsolution.com\/\",\"name\":\"Biscuit Production Solution Manufacturer\",\"description\":\"\",\"potentialAction\":[{\"@type\":\"SearchAction\",\"target\":{\"@type\":\"EntryPoint\",\"urlTemplate\":\"https:\/\/www.biscuitsolution.com\/?s={search_term_string}\"},\"query-input\":{\"@type\":\"PropertyValueSpecification\",\"valueRequired\":true,\"valueName\":\"search_term_string\"}}],\"inLanguage\":\"fr-FR\"},false]}<\/script>\n<!-- \/ Yoast SEO plugin. -->","yoast_head_json":{"title":"Ligne de production automatique de biscuits sandwichs 1100kg\/H - Biscuit Production Solution Manufacturer","description":"La ligne de production automatique de biscuits sandwiches est un syst\u00e8me tr\u00e8s efficace con\u00e7u pour produire en grandes quantit\u00e9s avec une intervention humaine minimale.","robots":{"index":"index","follow":"follow","max-snippet":"max-snippet:-1","max-image-preview":"max-image-preview:large","max-video-preview":"max-video-preview:-1"},"canonical":"https:\/\/www.biscuitsolution.com\/fr\/produit\/automatic-sandwich-biscuit-production-line-1100kg-h\/","og_locale":"fr_FR","og_type":"article","og_title":"Automatic Sandwich Biscuit Production Line 1100kg\/H - Biscuit Production Solution Manufacturer","og_description":"Automatic sandwich biscuit production line is a highly efficient system designed to produce in large quantities with minimal human intervention.","og_url":"https:\/\/www.biscuitsolution.com\/fr\/produit\/automatic-sandwich-biscuit-production-line-1100kg-h\/","og_site_name":"Biscuit Production Solution Manufacturer","article_publisher":"https:\/\/www.facebook.com\/profile.php?id=100095205040823","article_modified_time":"2025-10-30T02:47:10+00:00","og_image":[{"width":600,"height":600,"url":"https:\/\/www.biscuitsolution.com\/wp-content\/uploads\/2025\/02\/sandwich-biscuit-production-line.jpg","type":"image\/jpeg"}],"twitter_card":"summary_large_image","twitter_site":"@shanna_zha26342","twitter_misc":{"Dur\u00e9e de lecture estim\u00e9e":"3 minutes"},"schema":{"@context":"https:\/\/schema.org","@graph":[{"@type":"WebPage","@id":"https:\/\/www.biscuitsolution.com\/product\/automatic-sandwich-biscuit-production-line-1100kg-h\/","url":"https:\/\/www.biscuitsolution.com\/product\/automatic-sandwich-biscuit-production-line-1100kg-h\/","name":"Ligne de production automatique de biscuits sandwichs 1100kg\/H - Biscuit Production Solution Manufacturer","isPartOf":{"@id":"https:\/\/www.biscuitsolution.com\/#website"},"primaryImageOfPage":{"@id":"https:\/\/www.biscuitsolution.com\/product\/automatic-sandwich-biscuit-production-line-1100kg-h\/#primaryimage"},"image":{"@id":"https:\/\/www.biscuitsolution.com\/product\/automatic-sandwich-biscuit-production-line-1100kg-h\/#primaryimage"},"thumbnailUrl":"https:\/\/www.biscuitsolution.com\/wp-content\/uploads\/2025\/02\/sandwich-biscuit-production-line.jpg","datePublished":"2025-02-19T08:44:03+00:00","dateModified":"2025-10-30T02:47:10+00:00","description":"La ligne de production automatique de biscuits sandwiches est un syst\u00e8me tr\u00e8s efficace con\u00e7u pour produire en grandes quantit\u00e9s avec une intervention humaine minimale.","breadcrumb":{"@id":"https:\/\/www.biscuitsolution.com\/product\/automatic-sandwich-biscuit-production-line-1100kg-h\/#breadcrumb"},"inLanguage":"fr-FR","potentialAction":[{"@type":"ReadAction","target":["https:\/\/www.biscuitsolution.com\/product\/automatic-sandwich-biscuit-production-line-1100kg-h\/"]}]},{"@type":"ImageObject","inLanguage":"fr-FR","@id":"https:\/\/www.biscuitsolution.com\/product\/automatic-sandwich-biscuit-production-line-1100kg-h\/#primaryimage","url":"https:\/\/www.biscuitsolution.com\/wp-content\/uploads\/2025\/02\/sandwich-biscuit-production-line.jpg","contentUrl":"https:\/\/www.biscuitsolution.com\/wp-content\/uploads\/2025\/02\/sandwich-biscuit-production-line.jpg","width":600,"height":600,"caption":"automatic sandwich biscuit production line"},{"@type":"BreadcrumbList","@id":"https:\/\/www.biscuitsolution.com\/product\/automatic-sandwich-biscuit-production-line-1100kg-h\/#breadcrumb","itemListElement":[{"@type":"ListItem","position":1,"name":"Home","item":"https:\/\/www.biscuitsolution.com\/"},{"@type":"ListItem","position":2,"name":"Product","item":"https:\/\/www.biscuitsolution.com\/product\/"},{"@type":"ListItem","position":3,"name":"Automatic Sandwich Biscuit Production Line 1100kg\/H"}]},{"@type":"WebSite","@id":"https:\/\/www.biscuitsolution.com\/#website","url":"https:\/\/www.biscuitsolution.com\/","name":"Fabricant de solutions pour la production de biscuits","description":"","potentialAction":[{"@type":"SearchAction","target":{"@type":"EntryPoint","urlTemplate":"https:\/\/www.biscuitsolution.com\/?s={search_term_string}"},"query-input":{"@type":"PropertyValueSpecification","valueRequired":true,"valueName":"search_term_string"}}],"inLanguage":"fr-FR"},false]}},"yasr_visitor_votes":{"stars_attributes":{"read_only":false,"span_bottom":false},"number_of_votes":0,"sum_votes":0},"_links":{"self":[{"href":"https:\/\/www.biscuitsolution.com\/fr\/wp-json\/wp\/v2\/product\/4656","targetHints":{"allow":["GET"]}}],"collection":[{"href":"https:\/\/www.biscuitsolution.com\/fr\/wp-json\/wp\/v2\/product"}],"about":[{"href":"https:\/\/www.biscuitsolution.com\/fr\/wp-json\/wp\/v2\/types\/product"}],"replies":[{"embeddable":true,"href":"https:\/\/www.biscuitsolution.com\/fr\/wp-json\/wp\/v2\/comments?post=4656"}],"version-history":[{"count":4,"href":"https:\/\/www.biscuitsolution.com\/fr\/wp-json\/wp\/v2\/product\/4656\/revisions"}],"predecessor-version":[{"id":5819,"href":"https:\/\/www.biscuitsolution.com\/fr\/wp-json\/wp\/v2\/product\/4656\/revisions\/5819"}],"wp:featuredmedia":[{"embeddable":true,"href":"https:\/\/www.biscuitsolution.com\/fr\/wp-json\/wp\/v2\/media\/4658"}],"wp:attachment":[{"href":"https:\/\/www.biscuitsolution.com\/fr\/wp-json\/wp\/v2\/media?parent=4656"}],"wp:term":[{"taxonomy":"product_brand","embeddable":true,"href":"https:\/\/www.biscuitsolution.com\/fr\/wp-json\/wp\/v2\/product_brand?post=4656"},{"taxonomy":"product_cat","embeddable":true,"href":"https:\/\/www.biscuitsolution.com\/fr\/wp-json\/wp\/v2\/product_cat?post=4656"},{"taxonomy":"product_tag","embeddable":true,"href":"https:\/\/www.biscuitsolution.com\/fr\/wp-json\/wp\/v2\/product_tag?post=4656"}],"curies":[{"name":"wp","href":"https:\/\/api.w.org\/{rel}","templated":true}]}}