{"id":4650,"date":"2025-02-19T08:32:19","date_gmt":"2025-02-19T08:32:19","guid":{"rendered":"https:\/\/www.biscuitsolution.com\/?post_type=product&#038;p=4650"},"modified":"2025-02-19T08:45:29","modified_gmt":"2025-02-19T08:45:29","slug":"fully-automatic-biscuit-making-machine-for-factory","status":"publish","type":"product","link":"https:\/\/www.biscuitsolution.com\/fr\/produit\/fully-automatic-biscuit-making-machine-for-factory\/","title":{"rendered":"Machine de fabrication de biscuits enti\u00e8rement automatique pour l'usine"},"content":{"rendered":"<p><strong>Machine \u00e0 fabriquer des biscuits enti\u00e8rement automatique<\/strong> ne n\u00e9cessite pas beaucoup d'interventions manuelles, depuis la livraison pr\u00e9cise des mati\u00e8res premi\u00e8res jusqu'au m\u00e9lange et au fa\u00e7onnage de la p\u00e2te, et enfin \u00e0 la sortie du four. Elle est con\u00e7ue pour la production de biscuits \u00e0 grande \u00e9chelle dans les usines.<\/p>\n<p><img fetchpriority=\"high\" decoding=\"async\" class=\"alignnone size-full wp-image-4651\" src=\"https:\/\/www.biscuitsolution.com\/wp-content\/uploads\/2025\/02\/fully-automatic-biscuit-machine.jpg\" alt=\"machine de fabrication de biscuits enti\u00e8rement automatique\" width=\"800\" height=\"450\" srcset=\"https:\/\/www.biscuitsolution.com\/wp-content\/uploads\/2025\/02\/fully-automatic-biscuit-machine.jpg 800w, https:\/\/www.biscuitsolution.com\/wp-content\/uploads\/2025\/02\/fully-automatic-biscuit-machine-600x338.jpg 600w, https:\/\/www.biscuitsolution.com\/wp-content\/uploads\/2025\/02\/fully-automatic-biscuit-machine-300x169.jpg 300w, https:\/\/www.biscuitsolution.com\/wp-content\/uploads\/2025\/02\/fully-automatic-biscuit-machine-768x432.jpg 768w\" sizes=\"(max-width: 800px) 100vw, 800px\" \/><\/p>\n<h2>Analyse de la structure de la machine automatique de fabrication de biscuits<\/h2>\n<ul>\n<li>Syst\u00e8me de distribution des mati\u00e8res premi\u00e8res : \u00e9quip\u00e9 de balances \u00e9lectroniques de haute pr\u00e9cision et de dispositifs d'alimentation automatique, il peut introduire avec pr\u00e9cision la farine, le sucre, l'huile et d'autres mati\u00e8res premi\u00e8res dans la cuve de m\u00e9lange en s\u00e9quence, conform\u00e9ment \u00e0 la formule pr\u00e9d\u00e9finie, ce qui constitue une bonne base pour les processus ult\u00e9rieurs.<\/li>\n<li>Unit\u00e9 de m\u00e9lange et de moulage : Les puissantes pales d'agitation m\u00e9langent enti\u00e8rement les mati\u00e8res premi\u00e8res en une p\u00e2te uniforme, puis les extrudent et les coupent \u00e0 travers des moules sp\u00e9ciaux pour fa\u00e7onner diverses formes exquises de biscuits, telles que des formes rondes, carr\u00e9es, animales, etc.<\/li>\n<li>Syst\u00e8me de cuisson : La machine \u00e0 biscuits enti\u00e8rement automatique adopte une technologie avanc\u00e9e de contr\u00f4le de la temp\u00e9rature pour simuler l'environnement de cuisson des fours traditionnels, contr\u00f4ler avec pr\u00e9cision la temp\u00e9rature, l'humidit\u00e9 et le temps, garantir que les biscuits sont chauff\u00e9s uniform\u00e9ment de l'int\u00e9rieur vers l'ext\u00e9rieur et obtenir un go\u00fbt dor\u00e9 et croustillant parfait.<\/li>\n<li>Connexion au transport et \u00e0 l'emballage : Les biscuits finis sortent de mani\u00e8re ordonn\u00e9e par la bande transporteuse et peuvent \u00eatre directement connect\u00e9s \u00e0 l'\u00e9quipement d'emballage pour r\u00e9aliser un processus de production enti\u00e8rement automatis\u00e9, r\u00e9duire les liens de manipulation manuelle et am\u00e9liorer encore l'efficacit\u00e9 de la production.<\/li>\n<\/ul>\n<p><img decoding=\"async\" class=\"alignnone size-full wp-image-4652\" src=\"https:\/\/www.biscuitsolution.com\/wp-content\/uploads\/2025\/02\/automatic-biscuit-making-machine.jpg\" alt=\"machine automatique de fabrication de biscuits\" width=\"800\" height=\"450\" srcset=\"https:\/\/www.biscuitsolution.com\/wp-content\/uploads\/2025\/02\/automatic-biscuit-making-machine.jpg 800w, https:\/\/www.biscuitsolution.com\/wp-content\/uploads\/2025\/02\/automatic-biscuit-making-machine-600x338.jpg 600w, https:\/\/www.biscuitsolution.com\/wp-content\/uploads\/2025\/02\/automatic-biscuit-making-machine-300x169.jpg 300w, https:\/\/www.biscuitsolution.com\/wp-content\/uploads\/2025\/02\/automatic-biscuit-making-machine-768x432.jpg 768w\" sizes=\"(max-width: 800px) 100vw, 800px\" \/><\/p>\n<h2>Avantages de la machine de fabrication de biscuits enti\u00e8rement automatique<\/h2>\n<ul>\n<li>Tr\u00e8s grande efficacit\u00e9 : Par rapport aux \u00e9quipements manuels ou semi-automatiques traditionnels, la vitesse de production de la machine \u00e0 fabriquer des biscuits enti\u00e8rement automatique est \u00e9tonnante. Elle peut produire un grand nombre de biscuits de qualit\u00e9 stable en peu de temps, r\u00e9pondre \u00e0 la demande croissante du march\u00e9 en biscuits, raccourcir consid\u00e9rablement le cycle de production et aider les entreprises \u00e0 saisir les opportunit\u00e9s du march\u00e9.<\/li>\n<li>Qualit\u00e9 stable : Gr\u00e2ce \u00e0 un syst\u00e8me de contr\u00f4le pr\u00e9cis, le poids, la forme et le degr\u00e9 de cuisson de chaque biscuit peuvent \u00eatre tr\u00e8s homog\u00e8nes. Qu'il s'agisse du go\u00fbt ou de l'apparence, les consommateurs peuvent profiter d'une exp\u00e9rience de qualit\u00e9 standardis\u00e9e et \u00e9tablir une bonne r\u00e9putation pour la marque.<\/li>\n<li>\u00c9conomie de main-d'\u0153uvre : autrefois, de nombreux travailleurs \u00e9taient n\u00e9cessaires pour les diff\u00e9rents maillons de la production, mais aujourd'hui, la machine automatique \u00e0 fabriquer des biscuits ne n\u00e9cessite plus que quelques op\u00e9rateurs. Cela permet non seulement de r\u00e9duire les co\u00fbts de main-d'\u0153uvre, mais aussi de diminuer les probl\u00e8mes de qualit\u00e9 dus \u00e0 des facteurs humains, ce qui rend la gestion de la production plus facile et plus efficace.<\/li>\n<li>Polyvalence : En changeant de moule, en ajustant les param\u00e8tres, etc., vous pouvez facilement fabriquer diff\u00e9rents types de biscuits, tels que des biscuits \u00e0 la cr\u00e8me, des biscuits soda, des biscuits sandwiches, etc., pour r\u00e9pondre aux pr\u00e9f\u00e9rences gustatives des diff\u00e9rents consommateurs et \u00e9largir la couverture du march\u00e9 des produits.<\/li>\n<\/ul>\n<p>Gr\u00e2ce \u00e0 ses excellentes performances, la machine \u00e0 fabriquer des biscuits enti\u00e8rement automatique est devenue un outil indispensable dans l'industrie moderne de production de biscuits. Si vous voulez plus de d\u00e9tails, n'h\u00e9sitez pas \u00e0 contacter notre \u00e9quipe professionnelle, nous vous servirons de tout coeur !<\/p>\n<div class=\"ast-oembed-container\" style=\"height: 100%;\"><iframe title=\"Comment les biscuits durs sont-ils produits ?\" width=\"500\" height=\"281\" src=\"https:\/\/www.youtube.com\/embed\/pSrx0C7-hKs?feature=oembed\" frameborder=\"0\" allow=\"accelerometer; autoplay; clipboard-write; encrypted-media; gyroscope; picture-in-picture; web-share\" referrerpolicy=\"strict-origin-when-cross-origin\" allowfullscreen><\/iframe><\/div>\n<h2>Laissez un message pour obtenir un devis<\/h2>\n\n<div class=\"wpcf7 no-js\" id=\"wpcf7-f4619-o1\" lang=\"en-US\" dir=\"ltr\" data-wpcf7-id=\"4619\">\n<div class=\"screen-reader-response\"><p role=\"status\" aria-live=\"polite\" aria-atomic=\"true\"><\/p> <ul><\/ul><\/div>\n<form action=\"\/fr\/wp-json\/wp\/v2\/product\/4650#wpcf7-f4619-o1\" method=\"post\" class=\"wpcf7-form init\" aria-label=\"Formulaire de contact\" novalidate=\"novalidate\" data-status=\"init\" data-trp-original-action=\"\/fr\/wp-json\/wp\/v2\/product\/4650#wpcf7-f4619-o1\">\n<div style=\"display: none;\">\n<input type=\"hidden\" name=\"_wpcf7\" value=\"4619\" \/>\n<input type=\"hidden\" name=\"_wpcf7_version\" value=\"6.0.4\" \/>\n<input type=\"hidden\" name=\"_wpcf7_locale\" value=\"en_US\" \/>\n<input type=\"hidden\" name=\"_wpcf7_unit_tag\" value=\"wpcf7-f4619-o1\" \/>\n<input type=\"hidden\" name=\"_wpcf7_container_post\" value=\"0\" \/>\n<input type=\"hidden\" name=\"_wpcf7_posted_data_hash\" value=\"\" \/>\n<\/div>\n<p><label> Votre nom*<br \/>\n<span class=\"wpcf7-form-control-wrap\" data-name=\"your-name\"><input size=\"40\" maxlength=\"400\" class=\"wpcf7-form-control wpcf7-text wpcf7-validates-as-required\" aria-required=\"true\" aria-invalid=\"false\" value=\"\" type=\"text\" name=\"your-name\" \/><\/span> <\/label>\n<\/p>\n<p><label> Votre pays<br \/>\n<span class=\"wpcf7-form-control-wrap\" data-name=\"your-country\"><input size=\"40\" maxlength=\"400\" class=\"wpcf7-form-control wpcf7-text\" aria-invalid=\"false\" value=\"\" type=\"text\" name=\"your-country\" \/><\/span><\/label>\n<\/p>\n<p><label> Votre courriel*<br \/>\n<span class=\"wpcf7-form-control-wrap\" data-name=\"your-email\"><input size=\"40\" maxlength=\"400\" class=\"wpcf7-form-control wpcf7-email wpcf7-validates-as-required wpcf7-text wpcf7-validates-as-email\" aria-required=\"true\" aria-invalid=\"false\" value=\"\" type=\"email\" name=\"your-email\" \/><\/span> <\/label>\n<\/p>\n<p><label> Votre t\u00e9l\u00e9phone<br \/>\n<span class=\"wpcf7-form-control-wrap\" data-name=\"your-phone\"><input size=\"40\" maxlength=\"400\" class=\"wpcf7-form-control wpcf7-tel wpcf7-text wpcf7-validates-as-tel\" aria-invalid=\"false\" value=\"\" type=\"tel\" name=\"your-phone\" \/><\/span> <\/label>\n<\/p>\n<p><label> Nom de l'entreprise<br \/>\n<span class=\"wpcf7-form-control-wrap\" data-name=\"text-457\"><input size=\"40\" maxlength=\"400\" class=\"wpcf7-form-control wpcf7-text\" aria-invalid=\"false\" value=\"\" type=\"text\" name=\"text-457\" \/><\/span> <\/label>\n<\/p>\n<p><label> Le site web de votre entreprise<br \/>\n<span class=\"wpcf7-form-control-wrap\" data-name=\"text-546\"><input size=\"40\" maxlength=\"400\" class=\"wpcf7-form-control wpcf7-text\" aria-invalid=\"false\" value=\"\" type=\"text\" name=\"text-546\" \/><\/span> <\/label>\n<\/p>\n<p><label> Votre demande*<br \/>\n<span class=\"wpcf7-form-control-wrap\" data-name=\"your-message\"><textarea cols=\"40\" rows=\"10\" maxlength=\"2000\" class=\"wpcf7-form-control wpcf7-textarea wpcf7-validates-as-required\" aria-required=\"true\" aria-invalid=\"false\" name=\"your-message\"><\/textarea><\/span> <\/label>\n<\/p>\n<p><input class=\"wpcf7-form-control wpcf7-submit has-spinner\" type=\"submit\" value=\"Soumettre\" \/>\n<\/p><p style=\"display: none !important;\" class=\"akismet-fields-container\" data-prefix=\"_wpcf7_ak_\"><label>&#916;<textarea name=\"_wpcf7_ak_hp_textarea\" cols=\"45\" rows=\"8\" maxlength=\"100\"><\/textarea><\/label><input type=\"hidden\" id=\"ak_js_1\" name=\"_wpcf7_ak_js\" value=\"27\"\/><script>document.getElementById( \"ak_js_1\" ).setAttribute( \"value\", ( new Date() ).getTime() );<\/script><\/p><div class=\"wpcf7-response-output\" aria-hidden=\"true\"><\/div>\n<input type=\"hidden\" name=\"trp-form-language\" value=\"fr\"\/><\/form>\n<\/div>\n\n<div style='text-align:left' class='yasr-auto-insert-visitor'><\/div>","protected":false},"excerpt":{"rendered":"<p>Marque : GELGOOG<\/p>\n<p>Tension : 380V<\/p>\n<p>Capacity\uff1a100kg\/h-1000kg\/h<\/p>\n<p>Courriel : shanna@machinehall.com<\/p>\n<p>T\u00e9l : +8618638676709<\/p>","protected":false},"featured_media":4654,"comment_status":"open","ping_status":"closed","template":"","meta":{"site-sidebar-layout":"default","site-content-layout":"","ast-site-content-layout":"default","site-content-style":"default","site-sidebar-style":"default","ast-global-header-display":"","ast-banner-title-visibility":"","ast-main-header-display":"","ast-hfb-above-header-display":"","ast-hfb-below-header-display":"","ast-hfb-mobile-header-display":"","site-post-title":"","ast-breadcrumbs-content":"","ast-featured-img":"","footer-sml-layout":"","theme-transparent-header-meta":"default","adv-header-id-meta":"","stick-header-meta":"","header-above-stick-meta":"","header-main-stick-meta":"","header-below-stick-meta":"","astra-migrate-meta-layouts":"set","ast-page-background-enabled":"default","ast-page-background-meta":{"desktop":{"background-color":"","background-image":"","background-repeat":"repeat","background-position":"center center","background-size":"auto","background-attachment":"scroll","background-type":"","background-media":"","overlay-type":"","overlay-color":"","overlay-opacity":"","overlay-gradient":""},"tablet":{"background-color":"","background-image":"","background-repeat":"repeat","background-position":"center center","background-size":"auto","background-attachment":"scroll","background-type":"","background-media":"","overlay-type":"","overlay-color":"","overlay-opacity":"","overlay-gradient":""},"mobile":{"background-color":"","background-image":"","background-repeat":"repeat","background-position":"center center","background-size":"auto","background-attachment":"scroll","background-type":"","background-media":"","overlay-type":"","overlay-color":"","overlay-opacity":"","overlay-gradient":""}},"ast-content-background-meta":{"desktop":{"background-color":"var(--ast-global-color-5)","background-image":"","background-repeat":"repeat","background-position":"center center","background-size":"auto","background-attachment":"scroll","background-type":"","background-media":"","overlay-type":"","overlay-color":"","overlay-opacity":"","overlay-gradient":""},"tablet":{"background-color":"var(--ast-global-color-5)","background-image":"","background-repeat":"repeat","background-position":"center center","background-size":"auto","background-attachment":"scroll","background-type":"","background-media":"","overlay-type":"","overlay-color":"","overlay-opacity":"","overlay-gradient":""},"mobile":{"background-color":"var(--ast-global-color-5)","background-image":"","background-repeat":"repeat","background-position":"center center","background-size":"auto","background-attachment":"scroll","background-type":"","background-media":"","overlay-type":"","overlay-color":"","overlay-opacity":"","overlay-gradient":""}},"yasr_overall_rating":0,"yasr_post_is_review":"","yasr_auto_insert_disabled":"","yasr_review_type":""},"product_brand":[],"product_cat":[22],"product_tag":[],"class_list":{"0":"post-4650","1":"product","2":"type-product","3":"status-publish","4":"has-post-thumbnail","6":"product_cat-hard-biscuit-production-line","7":"desktop-align-left","8":"tablet-align-left","9":"mobile-align-left","11":"first","12":"instock","13":"shipping-taxable","14":"product-type-simple"},"yoast_head":"<!-- This site is optimized with the Yoast SEO plugin v24.4 - https:\/\/yoast.com\/wordpress\/plugins\/seo\/ -->\n<title>Fully Automatic Biscuit Making Machine For Factory - Biscuit Production Solution Manufacturer<\/title>\n<meta name=\"description\" content=\"Fully automatic biscuit making machine that can make many different types of biscuits. our professional team can provide detailed information.\" \/>\n<meta name=\"robots\" content=\"index, follow, max-snippet:-1, max-image-preview:large, max-video-preview:-1\" \/>\n<link rel=\"canonical\" href=\"https:\/\/www.biscuitsolution.com\/fr\/produit\/fully-automatic-biscuit-making-machine-for-factory\/\" \/>\n<meta property=\"og:locale\" content=\"fr_FR\" \/>\n<meta property=\"og:type\" content=\"article\" \/>\n<meta property=\"og:title\" content=\"Fully Automatic Biscuit Making Machine For Factory - Biscuit Production Solution Manufacturer\" \/>\n<meta property=\"og:description\" content=\"Fully automatic biscuit making machine that can make many different types of biscuits. our professional team can provide detailed information.\" \/>\n<meta property=\"og:url\" content=\"https:\/\/www.biscuitsolution.com\/fr\/produit\/fully-automatic-biscuit-making-machine-for-factory\/\" \/>\n<meta property=\"og:site_name\" content=\"Biscuit Production Solution Manufacturer\" \/>\n<meta property=\"article:publisher\" content=\"https:\/\/www.facebook.com\/profile.php?id=100095205040823\" \/>\n<meta property=\"article:modified_time\" content=\"2025-02-19T08:45:29+00:00\" \/>\n<meta property=\"og:image\" content=\"https:\/\/www.biscuitsolution.com\/wp-content\/uploads\/2025\/02\/fully-automatic-biscuit-making-machine.jpg\" \/>\n\t<meta property=\"og:image:width\" content=\"600\" \/>\n\t<meta property=\"og:image:height\" content=\"600\" \/>\n\t<meta property=\"og:image:type\" content=\"image\/jpeg\" \/>\n<meta name=\"twitter:card\" content=\"summary_large_image\" \/>\n<meta name=\"twitter:site\" content=\"@shanna_zha26342\" \/>\n<meta name=\"twitter:label1\" content=\"Dur\u00e9e de lecture estim\u00e9e\" \/>\n\t<meta name=\"twitter:data1\" content=\"3 minutes\" \/>\n<script type=\"application\/ld+json\" class=\"yoast-schema-graph\">{\"@context\":\"https:\/\/schema.org\",\"@graph\":[{\"@type\":\"WebPage\",\"@id\":\"https:\/\/www.biscuitsolution.com\/product\/fully-automatic-biscuit-making-machine-for-factory\/\",\"url\":\"https:\/\/www.biscuitsolution.com\/product\/fully-automatic-biscuit-making-machine-for-factory\/\",\"name\":\"Fully Automatic Biscuit Making Machine For Factory - Biscuit Production Solution Manufacturer\",\"isPartOf\":{\"@id\":\"https:\/\/www.biscuitsolution.com\/#website\"},\"primaryImageOfPage\":{\"@id\":\"https:\/\/www.biscuitsolution.com\/product\/fully-automatic-biscuit-making-machine-for-factory\/#primaryimage\"},\"image\":{\"@id\":\"https:\/\/www.biscuitsolution.com\/product\/fully-automatic-biscuit-making-machine-for-factory\/#primaryimage\"},\"thumbnailUrl\":\"https:\/\/www.biscuitsolution.com\/wp-content\/uploads\/2025\/02\/fully-automatic-biscuit-making-machine.jpg\",\"datePublished\":\"2025-02-19T08:32:19+00:00\",\"dateModified\":\"2025-02-19T08:45:29+00:00\",\"description\":\"Fully automatic biscuit making machine that can make many different types of biscuits. our professional team can provide detailed information.\",\"breadcrumb\":{\"@id\":\"https:\/\/www.biscuitsolution.com\/product\/fully-automatic-biscuit-making-machine-for-factory\/#breadcrumb\"},\"inLanguage\":\"fr-FR\",\"potentialAction\":[{\"@type\":\"ReadAction\",\"target\":[\"https:\/\/www.biscuitsolution.com\/product\/fully-automatic-biscuit-making-machine-for-factory\/\"]}]},{\"@type\":\"ImageObject\",\"inLanguage\":\"fr-FR\",\"@id\":\"https:\/\/www.biscuitsolution.com\/product\/fully-automatic-biscuit-making-machine-for-factory\/#primaryimage\",\"url\":\"https:\/\/www.biscuitsolution.com\/wp-content\/uploads\/2025\/02\/fully-automatic-biscuit-making-machine.jpg\",\"contentUrl\":\"https:\/\/www.biscuitsolution.com\/wp-content\/uploads\/2025\/02\/fully-automatic-biscuit-making-machine.jpg\",\"width\":600,\"height\":600,\"caption\":\"fully automatic biscuit making machine\"},{\"@type\":\"BreadcrumbList\",\"@id\":\"https:\/\/www.biscuitsolution.com\/product\/fully-automatic-biscuit-making-machine-for-factory\/#breadcrumb\",\"itemListElement\":[{\"@type\":\"ListItem\",\"position\":1,\"name\":\"Home\",\"item\":\"https:\/\/www.biscuitsolution.com\/\"},{\"@type\":\"ListItem\",\"position\":2,\"name\":\"Product\",\"item\":\"https:\/\/www.biscuitsolution.com\/product\/\"},{\"@type\":\"ListItem\",\"position\":3,\"name\":\"Fully Automatic Biscuit Making Machine For Factory\"}]},{\"@type\":\"WebSite\",\"@id\":\"https:\/\/www.biscuitsolution.com\/#website\",\"url\":\"https:\/\/www.biscuitsolution.com\/\",\"name\":\"Biscuit Production Solution Manufacturer\",\"description\":\"\",\"potentialAction\":[{\"@type\":\"SearchAction\",\"target\":{\"@type\":\"EntryPoint\",\"urlTemplate\":\"https:\/\/www.biscuitsolution.com\/?s={search_term_string}\"},\"query-input\":{\"@type\":\"PropertyValueSpecification\",\"valueRequired\":true,\"valueName\":\"search_term_string\"}}],\"inLanguage\":\"fr-FR\"},false]}<\/script>\n<!-- \/ Yoast SEO plugin. -->","yoast_head_json":{"title":"Machine \u00e0 fabriquer des biscuits enti\u00e8rement automatique pour l'usine - Biscuit Production Solution Manufacturer","description":"Machine \u00e0 fabriquer des biscuits enti\u00e8rement automatique qui peut produire de nombreux types de biscuits diff\u00e9rents. Notre \u00e9quipe de professionnels peut fournir des informations d\u00e9taill\u00e9es.","robots":{"index":"index","follow":"follow","max-snippet":"max-snippet:-1","max-image-preview":"max-image-preview:large","max-video-preview":"max-video-preview:-1"},"canonical":"https:\/\/www.biscuitsolution.com\/fr\/produit\/fully-automatic-biscuit-making-machine-for-factory\/","og_locale":"fr_FR","og_type":"article","og_title":"Fully Automatic Biscuit Making Machine For Factory - Biscuit Production Solution Manufacturer","og_description":"Fully automatic biscuit making machine that can make many different types of biscuits. our professional team can provide detailed information.","og_url":"https:\/\/www.biscuitsolution.com\/fr\/produit\/fully-automatic-biscuit-making-machine-for-factory\/","og_site_name":"Biscuit Production Solution Manufacturer","article_publisher":"https:\/\/www.facebook.com\/profile.php?id=100095205040823","article_modified_time":"2025-02-19T08:45:29+00:00","og_image":[{"width":600,"height":600,"url":"https:\/\/www.biscuitsolution.com\/wp-content\/uploads\/2025\/02\/fully-automatic-biscuit-making-machine.jpg","type":"image\/jpeg"}],"twitter_card":"summary_large_image","twitter_site":"@shanna_zha26342","twitter_misc":{"Dur\u00e9e de lecture estim\u00e9e":"3 minutes"},"schema":{"@context":"https:\/\/schema.org","@graph":[{"@type":"WebPage","@id":"https:\/\/www.biscuitsolution.com\/product\/fully-automatic-biscuit-making-machine-for-factory\/","url":"https:\/\/www.biscuitsolution.com\/product\/fully-automatic-biscuit-making-machine-for-factory\/","name":"Machine \u00e0 fabriquer des biscuits enti\u00e8rement automatique pour l'usine - Biscuit Production Solution Manufacturer","isPartOf":{"@id":"https:\/\/www.biscuitsolution.com\/#website"},"primaryImageOfPage":{"@id":"https:\/\/www.biscuitsolution.com\/product\/fully-automatic-biscuit-making-machine-for-factory\/#primaryimage"},"image":{"@id":"https:\/\/www.biscuitsolution.com\/product\/fully-automatic-biscuit-making-machine-for-factory\/#primaryimage"},"thumbnailUrl":"https:\/\/www.biscuitsolution.com\/wp-content\/uploads\/2025\/02\/fully-automatic-biscuit-making-machine.jpg","datePublished":"2025-02-19T08:32:19+00:00","dateModified":"2025-02-19T08:45:29+00:00","description":"Machine \u00e0 fabriquer des biscuits enti\u00e8rement automatique qui peut produire de nombreux types de biscuits diff\u00e9rents. Notre \u00e9quipe de professionnels peut fournir des informations d\u00e9taill\u00e9es.","breadcrumb":{"@id":"https:\/\/www.biscuitsolution.com\/product\/fully-automatic-biscuit-making-machine-for-factory\/#breadcrumb"},"inLanguage":"fr-FR","potentialAction":[{"@type":"ReadAction","target":["https:\/\/www.biscuitsolution.com\/product\/fully-automatic-biscuit-making-machine-for-factory\/"]}]},{"@type":"ImageObject","inLanguage":"fr-FR","@id":"https:\/\/www.biscuitsolution.com\/product\/fully-automatic-biscuit-making-machine-for-factory\/#primaryimage","url":"https:\/\/www.biscuitsolution.com\/wp-content\/uploads\/2025\/02\/fully-automatic-biscuit-making-machine.jpg","contentUrl":"https:\/\/www.biscuitsolution.com\/wp-content\/uploads\/2025\/02\/fully-automatic-biscuit-making-machine.jpg","width":600,"height":600,"caption":"fully automatic biscuit making machine"},{"@type":"BreadcrumbList","@id":"https:\/\/www.biscuitsolution.com\/product\/fully-automatic-biscuit-making-machine-for-factory\/#breadcrumb","itemListElement":[{"@type":"ListItem","position":1,"name":"Home","item":"https:\/\/www.biscuitsolution.com\/"},{"@type":"ListItem","position":2,"name":"Product","item":"https:\/\/www.biscuitsolution.com\/product\/"},{"@type":"ListItem","position":3,"name":"Fully Automatic Biscuit Making Machine For Factory"}]},{"@type":"WebSite","@id":"https:\/\/www.biscuitsolution.com\/#website","url":"https:\/\/www.biscuitsolution.com\/","name":"Fabricant de solutions pour la production de biscuits","description":"","potentialAction":[{"@type":"SearchAction","target":{"@type":"EntryPoint","urlTemplate":"https:\/\/www.biscuitsolution.com\/?s={search_term_string}"},"query-input":{"@type":"PropertyValueSpecification","valueRequired":true,"valueName":"search_term_string"}}],"inLanguage":"fr-FR"},false]}},"yasr_visitor_votes":{"stars_attributes":{"read_only":false,"span_bottom":false},"number_of_votes":1,"sum_votes":5},"_links":{"self":[{"href":"https:\/\/www.biscuitsolution.com\/fr\/wp-json\/wp\/v2\/product\/4650","targetHints":{"allow":["GET"]}}],"collection":[{"href":"https:\/\/www.biscuitsolution.com\/fr\/wp-json\/wp\/v2\/product"}],"about":[{"href":"https:\/\/www.biscuitsolution.com\/fr\/wp-json\/wp\/v2\/types\/product"}],"replies":[{"embeddable":true,"href":"https:\/\/www.biscuitsolution.com\/fr\/wp-json\/wp\/v2\/comments?post=4650"}],"version-history":[{"count":2,"href":"https:\/\/www.biscuitsolution.com\/fr\/wp-json\/wp\/v2\/product\/4650\/revisions"}],"predecessor-version":[{"id":4662,"href":"https:\/\/www.biscuitsolution.com\/fr\/wp-json\/wp\/v2\/product\/4650\/revisions\/4662"}],"wp:featuredmedia":[{"embeddable":true,"href":"https:\/\/www.biscuitsolution.com\/fr\/wp-json\/wp\/v2\/media\/4654"}],"wp:attachment":[{"href":"https:\/\/www.biscuitsolution.com\/fr\/wp-json\/wp\/v2\/media?parent=4650"}],"wp:term":[{"taxonomy":"product_brand","embeddable":true,"href":"https:\/\/www.biscuitsolution.com\/fr\/wp-json\/wp\/v2\/product_brand?post=4650"},{"taxonomy":"product_cat","embeddable":true,"href":"https:\/\/www.biscuitsolution.com\/fr\/wp-json\/wp\/v2\/product_cat?post=4650"},{"taxonomy":"product_tag","embeddable":true,"href":"https:\/\/www.biscuitsolution.com\/fr\/wp-json\/wp\/v2\/product_tag?post=4650"}],"curies":[{"name":"wp","href":"https:\/\/api.w.org\/{rel}","templated":true}]}}