{"id":4614,"date":"2025-02-18T09:13:44","date_gmt":"2025-02-18T09:13:44","guid":{"rendered":"https:\/\/www.biscuitsolution.com\/?post_type=product&#038;p=4614"},"modified":"2025-09-16T15:22:57","modified_gmt":"2025-09-16T07:22:57","slug":"automatic-biscuit-production-line","status":"publish","type":"product","link":"https:\/\/www.biscuitsolution.com\/fr\/produit\/automatic-biscuit-production-line\/","title":{"rendered":"Ligne de production automatique de biscuits Qualit\u00e9 in\u00e9gal\u00e9e"},"content":{"rendered":"<p>Le <strong>ligne de production automatique de biscuits<\/strong> int\u00e8gre de multiples op\u00e9rations unitaires, y compris le m\u00e9lange des mati\u00e8res premi\u00e8res, la formation de la p\u00e2te, la cuisson des biscuits, le refroidissement et l'emballage.<\/p>\n<p>R\u00e9aliser un processus de production enti\u00e8rement automatis\u00e9, des mati\u00e8res premi\u00e8res aux biscuits finis, ce qui peut grandement am\u00e9liorer la productivit\u00e9 de l'entreprise.<\/p>\n<p><img fetchpriority=\"high\" decoding=\"async\" class=\"alignnone wp-image-4616 size-full\" src=\"https:\/\/www.biscuitsolution.com\/wp-content\/uploads\/2025\/02\/biscuit-production-lines.jpg\" alt=\"ligne de production automatique de biscuits\" width=\"800\" height=\"450\" srcset=\"https:\/\/www.biscuitsolution.com\/wp-content\/uploads\/2025\/02\/biscuit-production-lines.jpg 800w, https:\/\/www.biscuitsolution.com\/wp-content\/uploads\/2025\/02\/biscuit-production-lines-600x338.jpg 600w, https:\/\/www.biscuitsolution.com\/wp-content\/uploads\/2025\/02\/biscuit-production-lines-300x169.jpg 300w, https:\/\/www.biscuitsolution.com\/wp-content\/uploads\/2025\/02\/biscuit-production-lines-768x432.jpg 768w\" sizes=\"(max-width: 800px) 100vw, 800px\" \/><\/p>\n<h2>Structure de la cha\u00eene de production de biscuits et processus de fabrication<\/h2>\n<ul>\n<li>Processus de m\u00e9lange des mati\u00e8res premi\u00e8res : \u00c9quip\u00e9 d'un agitateur multidimensionnel et d'un syst\u00e8me intelligent de contr\u00f4le de la vitesse variable, l'agitateur peut \u00eatre m\u00e9lang\u00e9 sous diff\u00e9rents angles et \u00e0 diff\u00e9rentes vitesses dans toutes les directions. Il peut \u00eatre ajust\u00e9 de mani\u00e8re flexible en fonction des diff\u00e9rentes recettes de biscuits pour m\u00e9langer compl\u00e8tement les mati\u00e8res premi\u00e8res et obtenir l'effet de m\u00e9lange id\u00e9al.<\/li>\n<li>Pi\u00e8ce de formage : \u00c9quip\u00e9s d'un syst\u00e8me de moulage de haute pr\u00e9cision, ces moules sont fabriqu\u00e9s \u00e0 l'aide de la technologie de traitement CNC avec des dimensions pr\u00e9cises pour garantir que les biscuits ont une forme r\u00e9guli\u00e8re et des bords clairs apr\u00e8s le formage. Ils r\u00e9pondent aux besoins de production de biscuits de formes et de tailles vari\u00e9es et personnalis\u00e9es par les clients sur le march\u00e9.<\/li>\n<li>Lien de cuisson : La ligne de production automatique de biscuits utilise une technologie de cuisson innovante qui combine la circulation de l'air chaud et le chauffage par infrarouge lointain, ainsi que des capteurs de temp\u00e9rature de haute pr\u00e9cision et des syst\u00e8mes de contr\u00f4le de la temp\u00e9rature par partition pour que la temp\u00e9rature dans le four soit uniform\u00e9ment r\u00e9partie et constante dans tous les coins.<\/li>\n<li>Processus d'emballage : L'utilisation d'\u00e9quipements d'emballage automatis\u00e9s \u00e0 grande vitesse permet non seulement d'obtenir une vitesse d'emballage rapide, mais aussi une pr\u00e9cision extr\u00eamement \u00e9lev\u00e9e, et de contr\u00f4ler strictement la quantit\u00e9, les sp\u00e9cifications et les autres exigences de chaque paquet de biscuits. Il s'adapte parfaitement \u00e0 toutes sortes de mat\u00e9riaux d'emballage et peut ajuster la forme de l'emballage de mani\u00e8re flexible.<\/li>\n<\/ul>\n<p><img decoding=\"async\" class=\"alignnone size-full wp-image-4615\" src=\"https:\/\/www.biscuitsolution.com\/wp-content\/uploads\/2025\/02\/biscuit-production-line.jpg\" alt=\"ligne de production de biscuits\" width=\"800\" height=\"450\" srcset=\"https:\/\/www.biscuitsolution.com\/wp-content\/uploads\/2025\/02\/biscuit-production-line.jpg 800w, https:\/\/www.biscuitsolution.com\/wp-content\/uploads\/2025\/02\/biscuit-production-line-600x338.jpg 600w, https:\/\/www.biscuitsolution.com\/wp-content\/uploads\/2025\/02\/biscuit-production-line-300x169.jpg 300w, https:\/\/www.biscuitsolution.com\/wp-content\/uploads\/2025\/02\/biscuit-production-line-768x432.jpg 768w\" sizes=\"(max-width: 800px) 100vw, 800px\" \/><\/p>\n<h2>Raisons de choisir une ligne de production automatique de biscuits<\/h2>\n<ol>\n<li>En termes d'efficacit\u00e9 de la production : chaque maillon pr\u00e9sente un degr\u00e9 \u00e9lev\u00e9 d'automatisation, comme un m\u00e9lange efficace et uniforme, un moulage rapide et pr\u00e9cis, un contr\u00f4le pr\u00e9cis de la cuisson et un emballage rapide et pr\u00e9cis. L'ensemble de la cha\u00eene raccourcit consid\u00e9rablement le cycle de production, ce qui permet aux entreprises de produire davantage de biscuits de haute qualit\u00e9.<\/li>\n<li>Facile \u00e0 nettoyer et \u00e0 entretenir : La conception de l'\u00e9quipement de la ligne de production est facile \u00e0 nettoyer, avec une surface lisse et sans angles morts sanitaires. De plus, lors de l'entretien de l'\u00e9quipement, l'ensemble de la ligne de production peut \u00eatre d\u00e9sinfect\u00e9 et nettoy\u00e9 r\u00e9guli\u00e8rement afin de garantir le respect des normes de s\u00e9curit\u00e9 alimentaire.<\/li>\n<li>Rythme de production stable : La ligne de production de biscuits n'est pas affect\u00e9e par des facteurs tels que la fatigue des travailleurs, ce qui garantit que l'intervalle de temps de production de chaque biscuit est fondamentalement le m\u00eame. Cela permet de planifier efficacement le processus de production et d'aider l'entreprise \u00e0 organiser l'emballage ult\u00e9rieur, le transport et d'autres liens.<\/li>\n<li>Utilisation efficace des mati\u00e8res premi\u00e8res : Le syst\u00e8me automatis\u00e9 de mise en lots distribue avec pr\u00e9cision les mati\u00e8res premi\u00e8res selon la formule sp\u00e9cifi\u00e9e, r\u00e9duisant ainsi les d\u00e9chets au minimum. Parall\u00e8lement, la r\u00e9gulation m\u00e9ticuleuse du processus de fabrication permet une utilisation plus judicieuse des mat\u00e9riaux, am\u00e9liorant ainsi leur taux d'utilisation et r\u00e9duisant par cons\u00e9quent les d\u00e9penses de production.<\/li>\n<\/ol>\n<div class=\"ast-oembed-container\" style=\"height: 100%;\"><iframe title=\"Regardez ! Ligne de production industrielle de biscuits sandwichs tr\u00e8s professionnelle\" width=\"500\" height=\"281\" src=\"https:\/\/www.youtube.com\/embed\/1zMh_8a0S4E?feature=oembed\" frameborder=\"0\" allow=\"accelerometer; autoplay; clipboard-write; encrypted-media; gyroscope; picture-in-picture; web-share\" referrerpolicy=\"strict-origin-when-cross-origin\" allowfullscreen><\/iframe><\/div>\n<h2><strong>Ligne de production de biscuits \u00e0 vendre<\/strong><\/h2>\n<p>En tant que fabricant professionnel de machines \u00e0 biscuits, nous proposons des lignes de production de biscuits de petite, moyenne et grande taille.<\/p>\n<p>En outre, nos machines \u00e0 biscuits automatiques peuvent produire une vari\u00e9t\u00e9 de types de biscuits, tels que les biscuits \u00e0 la cr\u00e8me, les biscuits sandwichs, les biscuits soda et les biscuits aux l\u00e9gumes.<\/p>\n<p>Nos machines offrent une vari\u00e9t\u00e9 de m\u00e9thodes de chauffage (\u00e9lectrique, gaz et huile).<\/p>\n<p><strong>Nos mod\u00e8les de produits actuels comprennent<\/strong><\/p>\n<table style=\"height: 331px;\" width=\"1266\" cellspacing=\"0\">\n<tbody>\n<tr>\n<td rowspan=\"2\">Mod\u00e8le<\/td>\n<td rowspan=\"2\">Capacit\u00e9<\/td>\n<td rowspan=\"2\">Largeur int\u00e9rieure du four tunnel<\/td>\n<td rowspan=\"2\">M\u00e9thode de chauffage<\/td>\n<td>Dimensions<\/td>\n<td rowspan=\"2\">Tension<\/td>\n<\/tr>\n<tr>\n<td>(sans machine d'emballage)<\/td>\n<\/tr>\n<tr>\n<td>GG-BG400\/420<\/td>\n<td>100-250kg\/h<\/td>\n<td>400\/420mm<\/td>\n<td>\u00c9lectrique,Gaz<\/td>\n<td>L45m*L5m*H2m<\/td>\n<td>380V 50HZ 3PH<\/td>\n<\/tr>\n<tr>\n<td>GG-BG600<\/td>\n<td>250-400kg\/h<\/td>\n<td>600mm<\/td>\n<td>\u00c9lectrique,Gaz<\/td>\n<td>L50m*L5m*H2m<\/td>\n<td>380V 50HZ 3PH<\/td>\n<\/tr>\n<tr>\n<td>GG-BG800<\/td>\n<td>500-800kg\/h<\/td>\n<td>800mm<\/td>\n<td>\u00c9lectrique, gaz, diesel<\/td>\n<td>L100m*L5m*H2.5m<\/td>\n<td>380V 50HZ 3PH<\/td>\n<\/tr>\n<tr>\n<td>GG-BG1000<\/td>\n<td>800-1000kg\/h<\/td>\n<td>1000mm<\/td>\n<td>\u00c9lectrique, gaz, diesel<\/td>\n<td>L105m*L12m*H3m<\/td>\n<td>380V 50HZ 3PH<\/td>\n<\/tr>\n<tr>\n<td>GG-BG1200<\/td>\n<td>800-1200kg\/h<\/td>\n<td>1200mm<\/td>\n<td>\u00c9lectrique, gaz, diesel<\/td>\n<td>L120m*L15m*H3m<\/td>\n<td>380V 50HZ 3PH<\/td>\n<\/tr>\n<\/tbody>\n<\/table>\n<h2>Fabricants de lignes de production de biscuits<\/h2>\n<p>En tant que fabricant leader de lignes de production de biscuits, nous sommes sp\u00e9cialis\u00e9s dans la conception, la fabrication et l'installation de solutions automatis\u00e9es personnalis\u00e9es adapt\u00e9es \u00e0 divers besoins de production.<\/p>\n<p>Notre expertise garantit des performances fiables, la conformit\u00e9 aux normes internationales de s\u00e9curit\u00e9 alimentaire et une innovation continue dans la technologie de la biscuiterie.<\/p>\n<p>Gr\u00e2ce \u00e0 une assistance apr\u00e8s-vente et \u00e0 des services techniques complets, nous travaillons en partenariat avec des clients du monde entier pour am\u00e9liorer leurs capacit\u00e9s de production et maximiser leur efficacit\u00e9 op\u00e9rationnelle.<\/p>\n<h2>Laissez un message pour obtenir un devis<\/h2>\n\n<div class=\"wpcf7 no-js\" id=\"wpcf7-f4619-o1\" lang=\"en-US\" dir=\"ltr\" data-wpcf7-id=\"4619\">\n<div class=\"screen-reader-response\"><p role=\"status\" aria-live=\"polite\" aria-atomic=\"true\"><\/p> <ul><\/ul><\/div>\n<form action=\"\/fr\/wp-json\/wp\/v2\/product\/4614#wpcf7-f4619-o1\" method=\"post\" class=\"wpcf7-form init\" aria-label=\"Formulaire de contact\" novalidate=\"novalidate\" data-status=\"init\" data-trp-original-action=\"\/fr\/wp-json\/wp\/v2\/product\/4614#wpcf7-f4619-o1\">\n<div style=\"display: none;\">\n<input type=\"hidden\" name=\"_wpcf7\" value=\"4619\" \/>\n<input type=\"hidden\" name=\"_wpcf7_version\" value=\"6.0.4\" \/>\n<input type=\"hidden\" name=\"_wpcf7_locale\" value=\"en_US\" \/>\n<input type=\"hidden\" name=\"_wpcf7_unit_tag\" value=\"wpcf7-f4619-o1\" \/>\n<input type=\"hidden\" name=\"_wpcf7_container_post\" value=\"0\" \/>\n<input type=\"hidden\" name=\"_wpcf7_posted_data_hash\" value=\"\" \/>\n<\/div>\n<p><label> Votre nom*<br \/>\n<span class=\"wpcf7-form-control-wrap\" data-name=\"your-name\"><input size=\"40\" maxlength=\"400\" class=\"wpcf7-form-control wpcf7-text wpcf7-validates-as-required\" aria-required=\"true\" aria-invalid=\"false\" value=\"\" type=\"text\" name=\"your-name\" \/><\/span> <\/label>\n<\/p>\n<p><label> Votre pays<br \/>\n<span class=\"wpcf7-form-control-wrap\" data-name=\"your-country\"><input size=\"40\" maxlength=\"400\" class=\"wpcf7-form-control wpcf7-text\" aria-invalid=\"false\" value=\"\" type=\"text\" name=\"your-country\" \/><\/span><\/label>\n<\/p>\n<p><label> Votre courriel*<br \/>\n<span class=\"wpcf7-form-control-wrap\" data-name=\"your-email\"><input size=\"40\" maxlength=\"400\" class=\"wpcf7-form-control wpcf7-email wpcf7-validates-as-required wpcf7-text wpcf7-validates-as-email\" aria-required=\"true\" aria-invalid=\"false\" value=\"\" type=\"email\" name=\"your-email\" \/><\/span> <\/label>\n<\/p>\n<p><label> Votre t\u00e9l\u00e9phone<br \/>\n<span class=\"wpcf7-form-control-wrap\" data-name=\"your-phone\"><input size=\"40\" maxlength=\"400\" class=\"wpcf7-form-control wpcf7-tel wpcf7-text wpcf7-validates-as-tel\" aria-invalid=\"false\" value=\"\" type=\"tel\" name=\"your-phone\" \/><\/span> <\/label>\n<\/p>\n<p><label> Nom de l'entreprise<br \/>\n<span class=\"wpcf7-form-control-wrap\" data-name=\"text-457\"><input size=\"40\" maxlength=\"400\" class=\"wpcf7-form-control wpcf7-text\" aria-invalid=\"false\" value=\"\" type=\"text\" name=\"text-457\" \/><\/span> <\/label>\n<\/p>\n<p><label> Le site web de votre entreprise<br \/>\n<span class=\"wpcf7-form-control-wrap\" data-name=\"text-546\"><input size=\"40\" maxlength=\"400\" class=\"wpcf7-form-control wpcf7-text\" aria-invalid=\"false\" value=\"\" type=\"text\" name=\"text-546\" \/><\/span> <\/label>\n<\/p>\n<p><label> Votre demande*<br \/>\n<span class=\"wpcf7-form-control-wrap\" data-name=\"your-message\"><textarea cols=\"40\" rows=\"10\" maxlength=\"2000\" class=\"wpcf7-form-control wpcf7-textarea wpcf7-validates-as-required\" aria-required=\"true\" aria-invalid=\"false\" name=\"your-message\"><\/textarea><\/span> <\/label>\n<\/p>\n<p><input class=\"wpcf7-form-control wpcf7-submit has-spinner\" type=\"submit\" value=\"Soumettre\" \/>\n<\/p><p style=\"display: none !important;\" class=\"akismet-fields-container\" data-prefix=\"_wpcf7_ak_\"><label>&#916;<textarea name=\"_wpcf7_ak_hp_textarea\" cols=\"45\" rows=\"8\" maxlength=\"100\"><\/textarea><\/label><input type=\"hidden\" id=\"ak_js_1\" name=\"_wpcf7_ak_js\" value=\"166\"\/><script>document.getElementById( \"ak_js_1\" ).setAttribute( \"value\", ( new Date() ).getTime() );<\/script><\/p><div class=\"wpcf7-response-output\" aria-hidden=\"true\"><\/div>\n<input type=\"hidden\" name=\"trp-form-language\" value=\"fr\"\/><\/form>\n<\/div>\n\n<div style='text-align:left' class='yasr-auto-insert-visitor'><\/div>","protected":false},"excerpt":{"rendered":"<p>Marque : GELGOOG<\/p>\n<p>Tension : 380V<\/p>\n<p>Capacity\uff1a100kg\/h-1000kg\/h<\/p>\n<p>Courriel : shanna@machinehall.com<\/p>\n<p>T\u00e9l : +8618638676709<\/p>","protected":false},"featured_media":4617,"comment_status":"open","ping_status":"closed","template":"","meta":{"site-sidebar-layout":"default","site-content-layout":"","ast-site-content-layout":"default","site-content-style":"default","site-sidebar-style":"default","ast-global-header-display":"","ast-banner-title-visibility":"","ast-main-header-display":"","ast-hfb-above-header-display":"","ast-hfb-below-header-display":"","ast-hfb-mobile-header-display":"","site-post-title":"","ast-breadcrumbs-content":"","ast-featured-img":"","footer-sml-layout":"","theme-transparent-header-meta":"default","adv-header-id-meta":"","stick-header-meta":"","header-above-stick-meta":"","header-main-stick-meta":"","header-below-stick-meta":"","astra-migrate-meta-layouts":"set","ast-page-background-enabled":"default","ast-page-background-meta":{"desktop":{"background-color":"","background-image":"","background-repeat":"repeat","background-position":"center center","background-size":"auto","background-attachment":"scroll","background-type":"","background-media":"","overlay-type":"","overlay-color":"","overlay-opacity":"","overlay-gradient":""},"tablet":{"background-color":"","background-image":"","background-repeat":"repeat","background-position":"center center","background-size":"auto","background-attachment":"scroll","background-type":"","background-media":"","overlay-type":"","overlay-color":"","overlay-opacity":"","overlay-gradient":""},"mobile":{"background-color":"","background-image":"","background-repeat":"repeat","background-position":"center center","background-size":"auto","background-attachment":"scroll","background-type":"","background-media":"","overlay-type":"","overlay-color":"","overlay-opacity":"","overlay-gradient":""}},"ast-content-background-meta":{"desktop":{"background-color":"var(--ast-global-color-5)","background-image":"","background-repeat":"repeat","background-position":"center center","background-size":"auto","background-attachment":"scroll","background-type":"","background-media":"","overlay-type":"","overlay-color":"","overlay-opacity":"","overlay-gradient":""},"tablet":{"background-color":"var(--ast-global-color-5)","background-image":"","background-repeat":"repeat","background-position":"center center","background-size":"auto","background-attachment":"scroll","background-type":"","background-media":"","overlay-type":"","overlay-color":"","overlay-opacity":"","overlay-gradient":""},"mobile":{"background-color":"var(--ast-global-color-5)","background-image":"","background-repeat":"repeat","background-position":"center center","background-size":"auto","background-attachment":"scroll","background-type":"","background-media":"","overlay-type":"","overlay-color":"","overlay-opacity":"","overlay-gradient":""}},"yasr_overall_rating":5,"yasr_post_is_review":"","yasr_auto_insert_disabled":"","yasr_review_type":""},"product_brand":[],"product_cat":[22],"product_tag":[],"class_list":{"0":"post-4614","1":"product","2":"type-product","3":"status-publish","4":"has-post-thumbnail","6":"product_cat-hard-biscuit-production-line","7":"desktop-align-left","8":"tablet-align-left","9":"mobile-align-left","11":"first","12":"instock","13":"shipping-taxable","14":"product-type-simple"},"yoast_head":"<!-- This site is optimized with the Yoast SEO plugin v24.4 - https:\/\/yoast.com\/wordpress\/plugins\/seo\/ -->\n<title>Automatic Biscuit Production Line Unrivaled Quality<\/title>\n<meta name=\"description\" content=\"Our automatic biscuit production line adopts high-precision technology, optimizes production structure, have a continuous and stable operating status.\" \/>\n<meta name=\"robots\" content=\"index, follow, max-snippet:-1, max-image-preview:large, max-video-preview:-1\" \/>\n<link rel=\"canonical\" href=\"https:\/\/www.biscuitsolution.com\/fr\/produit\/automatic-biscuit-production-line\/\" \/>\n<meta property=\"og:locale\" content=\"fr_FR\" \/>\n<meta property=\"og:type\" content=\"article\" \/>\n<meta property=\"og:title\" content=\"Automatic Biscuit Production Line Unrivaled Quality\" \/>\n<meta property=\"og:description\" content=\"Our automatic biscuit production line adopts high-precision technology, optimizes production structure, have a continuous and stable operating status.\" \/>\n<meta property=\"og:url\" content=\"https:\/\/www.biscuitsolution.com\/fr\/produit\/automatic-biscuit-production-line\/\" \/>\n<meta property=\"og:site_name\" content=\"Biscuit Production Solution Manufacturer\" \/>\n<meta property=\"article:publisher\" content=\"https:\/\/www.facebook.com\/profile.php?id=100095205040823\" \/>\n<meta property=\"article:modified_time\" content=\"2025-09-16T07:22:57+00:00\" \/>\n<meta property=\"og:image\" content=\"https:\/\/www.biscuitsolution.com\/wp-content\/uploads\/2025\/02\/automatic-biscuit-production-line.jpg\" \/>\n\t<meta property=\"og:image:width\" content=\"600\" \/>\n\t<meta property=\"og:image:height\" content=\"600\" \/>\n\t<meta property=\"og:image:type\" content=\"image\/jpeg\" \/>\n<meta name=\"twitter:card\" content=\"summary_large_image\" \/>\n<meta name=\"twitter:site\" content=\"@shanna_zha26342\" \/>\n<meta name=\"twitter:label1\" content=\"Dur\u00e9e de lecture estim\u00e9e\" \/>\n\t<meta name=\"twitter:data1\" content=\"4 minutes\" \/>\n<script type=\"application\/ld+json\" class=\"yoast-schema-graph\">{\"@context\":\"https:\/\/schema.org\",\"@graph\":[{\"@type\":\"WebPage\",\"@id\":\"https:\/\/www.biscuitsolution.com\/product\/automatic-biscuit-production-line\/\",\"url\":\"https:\/\/www.biscuitsolution.com\/product\/automatic-biscuit-production-line\/\",\"name\":\"Automatic Biscuit Production Line Unrivaled Quality\",\"isPartOf\":{\"@id\":\"https:\/\/www.biscuitsolution.com\/#website\"},\"primaryImageOfPage\":{\"@id\":\"https:\/\/www.biscuitsolution.com\/product\/automatic-biscuit-production-line\/#primaryimage\"},\"image\":{\"@id\":\"https:\/\/www.biscuitsolution.com\/product\/automatic-biscuit-production-line\/#primaryimage\"},\"thumbnailUrl\":\"https:\/\/www.biscuitsolution.com\/wp-content\/uploads\/2025\/02\/automatic-biscuit-production-line.jpg\",\"datePublished\":\"2025-02-18T09:13:44+00:00\",\"dateModified\":\"2025-09-16T07:22:57+00:00\",\"description\":\"Our automatic biscuit production line adopts high-precision technology, optimizes production structure, have a continuous and stable operating status.\",\"breadcrumb\":{\"@id\":\"https:\/\/www.biscuitsolution.com\/product\/automatic-biscuit-production-line\/#breadcrumb\"},\"inLanguage\":\"fr-FR\",\"potentialAction\":[{\"@type\":\"ReadAction\",\"target\":[\"https:\/\/www.biscuitsolution.com\/product\/automatic-biscuit-production-line\/\"]}]},{\"@type\":\"ImageObject\",\"inLanguage\":\"fr-FR\",\"@id\":\"https:\/\/www.biscuitsolution.com\/product\/automatic-biscuit-production-line\/#primaryimage\",\"url\":\"https:\/\/www.biscuitsolution.com\/wp-content\/uploads\/2025\/02\/automatic-biscuit-production-line.jpg\",\"contentUrl\":\"https:\/\/www.biscuitsolution.com\/wp-content\/uploads\/2025\/02\/automatic-biscuit-production-line.jpg\",\"width\":600,\"height\":600,\"caption\":\"Automatic Biscuit Production Line Unrivaled Quality\"},{\"@type\":\"BreadcrumbList\",\"@id\":\"https:\/\/www.biscuitsolution.com\/product\/automatic-biscuit-production-line\/#breadcrumb\",\"itemListElement\":[{\"@type\":\"ListItem\",\"position\":1,\"name\":\"Home\",\"item\":\"https:\/\/www.biscuitsolution.com\/\"},{\"@type\":\"ListItem\",\"position\":2,\"name\":\"Product\",\"item\":\"https:\/\/www.biscuitsolution.com\/product\/\"},{\"@type\":\"ListItem\",\"position\":3,\"name\":\"Automatic Biscuit Production Line Unrivaled Quality\"}]},{\"@type\":\"WebSite\",\"@id\":\"https:\/\/www.biscuitsolution.com\/#website\",\"url\":\"https:\/\/www.biscuitsolution.com\/\",\"name\":\"Biscuit Production Solution Manufacturer\",\"description\":\"\",\"potentialAction\":[{\"@type\":\"SearchAction\",\"target\":{\"@type\":\"EntryPoint\",\"urlTemplate\":\"https:\/\/www.biscuitsolution.com\/?s={search_term_string}\"},\"query-input\":{\"@type\":\"PropertyValueSpecification\",\"valueRequired\":true,\"valueName\":\"search_term_string\"}}],\"inLanguage\":\"fr-FR\"},false]}<\/script>\n<!-- \/ Yoast SEO plugin. -->","yoast_head_json":{"title":"Ligne de production automatique de biscuits Qualit\u00e9 in\u00e9gal\u00e9e","description":"Notre ligne de production automatique de biscuits adopte une technologie de haute pr\u00e9cision, optimise la structure de production et fonctionne de mani\u00e8re continue et stable.","robots":{"index":"index","follow":"follow","max-snippet":"max-snippet:-1","max-image-preview":"max-image-preview:large","max-video-preview":"max-video-preview:-1"},"canonical":"https:\/\/www.biscuitsolution.com\/fr\/produit\/automatic-biscuit-production-line\/","og_locale":"fr_FR","og_type":"article","og_title":"Automatic Biscuit Production Line Unrivaled Quality","og_description":"Our automatic biscuit production line adopts high-precision technology, optimizes production structure, have a continuous and stable operating status.","og_url":"https:\/\/www.biscuitsolution.com\/fr\/produit\/automatic-biscuit-production-line\/","og_site_name":"Biscuit Production Solution Manufacturer","article_publisher":"https:\/\/www.facebook.com\/profile.php?id=100095205040823","article_modified_time":"2025-09-16T07:22:57+00:00","og_image":[{"width":600,"height":600,"url":"https:\/\/www.biscuitsolution.com\/wp-content\/uploads\/2025\/02\/automatic-biscuit-production-line.jpg","type":"image\/jpeg"}],"twitter_card":"summary_large_image","twitter_site":"@shanna_zha26342","twitter_misc":{"Dur\u00e9e de lecture estim\u00e9e":"4 minutes"},"schema":{"@context":"https:\/\/schema.org","@graph":[{"@type":"WebPage","@id":"https:\/\/www.biscuitsolution.com\/product\/automatic-biscuit-production-line\/","url":"https:\/\/www.biscuitsolution.com\/product\/automatic-biscuit-production-line\/","name":"Ligne de production automatique de biscuits Qualit\u00e9 in\u00e9gal\u00e9e","isPartOf":{"@id":"https:\/\/www.biscuitsolution.com\/#website"},"primaryImageOfPage":{"@id":"https:\/\/www.biscuitsolution.com\/product\/automatic-biscuit-production-line\/#primaryimage"},"image":{"@id":"https:\/\/www.biscuitsolution.com\/product\/automatic-biscuit-production-line\/#primaryimage"},"thumbnailUrl":"https:\/\/www.biscuitsolution.com\/wp-content\/uploads\/2025\/02\/automatic-biscuit-production-line.jpg","datePublished":"2025-02-18T09:13:44+00:00","dateModified":"2025-09-16T07:22:57+00:00","description":"Notre ligne de production automatique de biscuits adopte une technologie de haute pr\u00e9cision, optimise la structure de production et fonctionne de mani\u00e8re continue et stable.","breadcrumb":{"@id":"https:\/\/www.biscuitsolution.com\/product\/automatic-biscuit-production-line\/#breadcrumb"},"inLanguage":"fr-FR","potentialAction":[{"@type":"ReadAction","target":["https:\/\/www.biscuitsolution.com\/product\/automatic-biscuit-production-line\/"]}]},{"@type":"ImageObject","inLanguage":"fr-FR","@id":"https:\/\/www.biscuitsolution.com\/product\/automatic-biscuit-production-line\/#primaryimage","url":"https:\/\/www.biscuitsolution.com\/wp-content\/uploads\/2025\/02\/automatic-biscuit-production-line.jpg","contentUrl":"https:\/\/www.biscuitsolution.com\/wp-content\/uploads\/2025\/02\/automatic-biscuit-production-line.jpg","width":600,"height":600,"caption":"Automatic Biscuit Production Line Unrivaled Quality"},{"@type":"BreadcrumbList","@id":"https:\/\/www.biscuitsolution.com\/product\/automatic-biscuit-production-line\/#breadcrumb","itemListElement":[{"@type":"ListItem","position":1,"name":"Home","item":"https:\/\/www.biscuitsolution.com\/"},{"@type":"ListItem","position":2,"name":"Product","item":"https:\/\/www.biscuitsolution.com\/product\/"},{"@type":"ListItem","position":3,"name":"Automatic Biscuit Production Line Unrivaled Quality"}]},{"@type":"WebSite","@id":"https:\/\/www.biscuitsolution.com\/#website","url":"https:\/\/www.biscuitsolution.com\/","name":"Fabricant de solutions pour la production de biscuits","description":"","potentialAction":[{"@type":"SearchAction","target":{"@type":"EntryPoint","urlTemplate":"https:\/\/www.biscuitsolution.com\/?s={search_term_string}"},"query-input":{"@type":"PropertyValueSpecification","valueRequired":true,"valueName":"search_term_string"}}],"inLanguage":"fr-FR"},false]}},"yasr_visitor_votes":{"stars_attributes":{"read_only":false,"span_bottom":false},"number_of_votes":3,"sum_votes":15},"_links":{"self":[{"href":"https:\/\/www.biscuitsolution.com\/fr\/wp-json\/wp\/v2\/product\/4614","targetHints":{"allow":["GET"]}}],"collection":[{"href":"https:\/\/www.biscuitsolution.com\/fr\/wp-json\/wp\/v2\/product"}],"about":[{"href":"https:\/\/www.biscuitsolution.com\/fr\/wp-json\/wp\/v2\/types\/product"}],"replies":[{"embeddable":true,"href":"https:\/\/www.biscuitsolution.com\/fr\/wp-json\/wp\/v2\/comments?post=4614"}],"version-history":[{"count":8,"href":"https:\/\/www.biscuitsolution.com\/fr\/wp-json\/wp\/v2\/product\/4614\/revisions"}],"predecessor-version":[{"id":5783,"href":"https:\/\/www.biscuitsolution.com\/fr\/wp-json\/wp\/v2\/product\/4614\/revisions\/5783"}],"wp:featuredmedia":[{"embeddable":true,"href":"https:\/\/www.biscuitsolution.com\/fr\/wp-json\/wp\/v2\/media\/4617"}],"wp:attachment":[{"href":"https:\/\/www.biscuitsolution.com\/fr\/wp-json\/wp\/v2\/media?parent=4614"}],"wp:term":[{"taxonomy":"product_brand","embeddable":true,"href":"https:\/\/www.biscuitsolution.com\/fr\/wp-json\/wp\/v2\/product_brand?post=4614"},{"taxonomy":"product_cat","embeddable":true,"href":"https:\/\/www.biscuitsolution.com\/fr\/wp-json\/wp\/v2\/product_cat?post=4614"},{"taxonomy":"product_tag","embeddable":true,"href":"https:\/\/www.biscuitsolution.com\/fr\/wp-json\/wp\/v2\/product_tag?post=4614"}],"curies":[{"name":"wp","href":"https:\/\/api.w.org\/{rel}","templated":true}]}}