{"id":5787,"date":"2025-09-22T16:40:50","date_gmt":"2025-09-22T08:40:50","guid":{"rendered":"https:\/\/www.biscuitsolution.com\/?post_type=product&#038;p=5787"},"modified":"2025-09-22T16:46:03","modified_gmt":"2025-09-22T08:46:03","slug":"biscuit-factory-production-line","status":"publish","type":"product","link":"https:\/\/www.biscuitsolution.com\/es\/producto\/biscuit-factory-production-line\/","title":{"rendered":"Automatizaci\u00f3n de la l\u00ednea de producci\u00f3n de una f\u00e1brica de galletas"},"content":{"rendered":"<p>Un moderno <strong>l\u00ednea de producci\u00f3n de la f\u00e1brica de galletas<\/strong> es un sistema continuo totalmente automatizado que procesa harina, az\u00facar, grasa y otros ingredientes en galletas envasadas y acabadas de una sola vez.<\/p>\n<p><img fetchpriority=\"high\" decoding=\"async\" class=\"alignnone size-full wp-image-5740\" src=\"https:\/\/www.biscuitsolution.com\/wp-content\/uploads\/2025\/07\/biscuits-making-business.jpg\" alt=\"\" width=\"800\" height=\"450\" srcset=\"https:\/\/www.biscuitsolution.com\/wp-content\/uploads\/2025\/07\/biscuits-making-business.jpg 800w, https:\/\/www.biscuitsolution.com\/wp-content\/uploads\/2025\/07\/biscuits-making-business-300x169.jpg 300w, https:\/\/www.biscuitsolution.com\/wp-content\/uploads\/2025\/07\/biscuits-making-business-768x432.jpg 768w, https:\/\/www.biscuitsolution.com\/wp-content\/uploads\/2025\/07\/biscuits-making-business-18x10.jpg 18w, https:\/\/www.biscuitsolution.com\/wp-content\/uploads\/2025\/07\/biscuits-making-business-600x338.jpg 600w, https:\/\/www.biscuitsolution.com\/wp-content\/uploads\/2025\/07\/biscuits-making-business-64x36.jpg 64w\" sizes=\"(max-width: 800px) 100vw, 800px\" \/><\/p>\n<h2>Funciones b\u00e1sicas y componentes clave<\/h2>\n<p>Una l\u00ednea de producci\u00f3n completa realiza una serie de operaciones continuas\uff1a.<\/p>\n<table style=\"height: 805px;\" width=\"1095\">\n<tbody>\n<tr>\n<td width=\"189\"><strong>Escenario<\/strong><\/td>\n<td width=\"189\"><strong>Funci\u00f3n<\/strong><\/td>\n<td width=\"189\"><strong>Equipo clave<\/strong><\/td>\n<\/tr>\n<tr>\n<td width=\"189\"><strong>Manipulaci\u00f3n de materias primas<\/strong><\/td>\n<td width=\"189\">Almacenamiento, transporte y pesaje preciso de ingredientes como harina, az\u00facar, grasas, agua y levadura.<\/td>\n<td width=\"189\">Silos, tamices, tolvas de pesaje, dep\u00f3sitos de l\u00edquidos, sistemas de transporte neum\u00e1tico.<\/td>\n<\/tr>\n<tr>\n<td width=\"189\"><strong>Amasado<\/strong><\/td>\n<td width=\"189\">Mezclar ingredientes en un orden espec\u00edfico para formar una masa homog\u00e9nea con la consistencia y textura correctas.<\/td>\n<td width=\"189\">Amasadoras horizontales o verticales.<\/td>\n<\/tr>\n<tr>\n<td width=\"189\"><strong>Alimentaci\u00f3n de la masa<\/strong><\/td>\n<td width=\"189\">Transferencia de la masa mezclada a la fase de formaci\u00f3n de forma coherente y sin degradaci\u00f3n.<\/td>\n<td width=\"189\">Transportadores de masa, alimentadores de tolva.<\/td>\n<\/tr>\n<tr>\n<td width=\"189\"><strong>Conformado y moldeo<\/strong><\/td>\n<td width=\"189\">Dar a la masa formas espec\u00edficas de galleta (por ejemplo, redondas, cuadradas, animales, dise\u00f1os moldeados giratorios).<\/td>\n<td width=\"189\">\n<ol>\n<li>Moldeadora rotativa: Para masas duras y secas (por ejemplo, pan de molde).<\/li>\n<li>M\u00e1quina cortadora: Para masas laminadas y estampadas (por ejemplo, galletas, digestivos).<\/li>\n<li>M\u00e1quina de cortar alambre: Para masas blandas y pegajosas (por ejemplo, galletas de chocolate).<\/li>\n<\/ol>\n<\/td>\n<\/tr>\n<tr>\n<td width=\"189\"><strong>Horneado<\/strong><\/td>\n<td width=\"189\">El coraz\u00f3n del proceso. Aplicar calor controlado para fijar la estructura, desarrollar el sabor, el color y la textura.<\/td>\n<td width=\"189\">Horno t\u00fanel multizona.<\/td>\n<\/tr>\n<tr>\n<td width=\"189\">\u00a0<strong>Refrigeraci\u00f3n<\/strong><\/td>\n<td width=\"189\">Reducir gradualmente la temperatura y la humedad interna de la galleta hasta un nivel adecuado para el envasado sin que quede empapada.<\/td>\n<td width=\"189\">Transportadores de refrigeraci\u00f3n de varios niveles.<\/td>\n<\/tr>\n<tr>\n<td width=\"189\"><strong>\u00a0Recubrimiento y emparedado<\/strong><\/td>\n<td width=\"189\">(Opcional) A\u00f1adir nata, chocolate, mermelada o glaseado entre dos galletas o por encima.<\/td>\n<td width=\"189\">Sandwichera de nata, Enrobadora de chocolate, Sistemas de pulverizaci\u00f3n y cobertura.<\/td>\n<\/tr>\n<tr>\n<td width=\"189\"><strong>\u00a0Embalaje<\/strong><\/td>\n<td width=\"189\">Pesar, agrupar y proteger el producto final para su conservaci\u00f3n, marcado y distribuci\u00f3n.<\/td>\n<td width=\"189\">Pesadoras multicabezal, Flow Wrappers, m\u00e1quinas de formado, llenado y sellado vertical (VFFS), encartonadoras.<\/td>\n<\/tr>\n<\/tbody>\n<\/table>\n<p><img decoding=\"async\" class=\"alignnone size-full wp-image-5410\" src=\"https:\/\/www.biscuitsolution.com\/wp-content\/uploads\/2025\/03\/biscuit-production-line-supplier-China.jpg\" alt=\"\" width=\"800\" height=\"450\" srcset=\"https:\/\/www.biscuitsolution.com\/wp-content\/uploads\/2025\/03\/biscuit-production-line-supplier-China.jpg 800w, https:\/\/www.biscuitsolution.com\/wp-content\/uploads\/2025\/03\/biscuit-production-line-supplier-China-300x169.jpg 300w, https:\/\/www.biscuitsolution.com\/wp-content\/uploads\/2025\/03\/biscuit-production-line-supplier-China-768x432.jpg 768w, https:\/\/www.biscuitsolution.com\/wp-content\/uploads\/2025\/03\/biscuit-production-line-supplier-China-18x10.jpg 18w, https:\/\/www.biscuitsolution.com\/wp-content\/uploads\/2025\/03\/biscuit-production-line-supplier-China-600x338.jpg 600w, https:\/\/www.biscuitsolution.com\/wp-content\/uploads\/2025\/03\/biscuit-production-line-supplier-China-64x36.jpg 64w\" sizes=\"(max-width: 800px) 100vw, 800px\" \/><\/p>\n<h2>Aplicaciones y gama de productos<\/h2>\n<p>Una l\u00ednea de producci\u00f3n bien dise\u00f1ada puede ser muy vers\u00e1til y producir una amplia gama de productos:<\/p>\n<ul>\n<li>Galletas saladas: Galletas de soda, galletas de nata, aperitivos salados.<\/li>\n<li>Galletas de masa dura: Galletas digestivas, galletas Marie, galletas de desayuno.<\/li>\n<li>Galletas de masa corta: Galletas de mantequilla, shortbread, galletas moldeadas rotativas.<\/li>\n<li>Galletas de masa blanda: Galletas de estilo americano (con pepitas de chocolate, de avena).<\/li>\n<li>Galletas de s\u00e1ndwich: Galletas rellenas de crema (por ejemplo, estilo Oreo).<\/li>\n<li>Galletas recubiertas: Galletas recubiertas de chocolate, barquillos.<\/li>\n<\/ul>\n<div class=\"ast-oembed-container\" style=\"height: 100%;\"><iframe title=\"Asombrosa l\u00ednea de producci\u00f3n de galletas blandas\" width=\"500\" height=\"281\" src=\"https:\/\/www.youtube.com\/embed\/L6X4GrnjFiI?feature=oembed\" frameborder=\"0\" allow=\"accelerometer; autoplay; clipboard-write; encrypted-media; gyroscope; picture-in-picture; web-share\" referrerpolicy=\"strict-origin-when-cross-origin\" allowfullscreen><\/iframe><\/div>\n<h2>\u00bfPor qu\u00e9 elegir nuestra l\u00ednea de producci\u00f3n de galletas?<\/h2>\n<ol>\n<li>\n<h3>Soluciones integrales llave en mano<\/h3>\n<\/li>\n<\/ol>\n<p>No nos limitamos a vender m\u00e1quinas; suministramos proyectos completos. Desde la distribuci\u00f3n y el dise\u00f1o de la f\u00e1brica, la fabricaci\u00f3n de equipos, la instalaci\u00f3n y la puesta en marcha hasta la formaci\u00f3n del personal y el mantenimiento continuo, ofrecemos un \u00fanico punto de responsabilidad.<\/p>\n<ol start=\"2\">\n<li>\n<h3>Calidad de construcci\u00f3n e higiene superiores<\/h3>\n<\/li>\n<\/ol>\n<p>Nuestras m\u00e1quinas est\u00e1n fabricadas en acero inoxidable de alta calidad aprobado para el contacto con alimentos (por ejemplo, SS304, SS316). Los dise\u00f1os priorizan el f\u00e1cil acceso para la limpieza y el mantenimiento, con sistemas CIP disponibles, que garantizan el cumplimiento de las normas internacionales de seguridad alimentaria m\u00e1s exigentes (HACCP, GMP, FDA).<\/p>\n<ol start=\"3\">\n<li>\n<h3>Eficiencia y sostenibilidad<\/h3>\n<\/li>\n<\/ol>\n<ul>\n<li>Hornos energ\u00e9ticamente eficientes: Nuestros hornos cuentan con sistemas avanzados de aislamiento y recuperaci\u00f3n de calor, lo que reduce dr\u00e1sticamente su consumo de energ\u00eda y sus costes operativos.<\/li>\n<li>Desperdicio m\u00ednimo: Los alimentadores de masa de precisi\u00f3n y las pesadoras multicabezal garantizan un control preciso del peso, minimizando el desperdicio de producto.<\/li>\n<li>Alto tiempo de actividad: La ingenier\u00eda robusta y los componentes fiables hacen que su l\u00ednea funcione durante m\u00e1s tiempo con menos tiempo de inactividad.<\/li>\n<\/ul>\n<p>&nbsp;<\/p>\n<h2>Deje un mensaje para obtener un presupuesto<\/h2>\n\n<div class=\"wpcf7 no-js\" id=\"wpcf7-f4619-o1\" lang=\"en-US\" dir=\"ltr\" data-wpcf7-id=\"4619\">\n<div class=\"screen-reader-response\"><p role=\"status\" aria-live=\"polite\" aria-atomic=\"true\"><\/p> <ul><\/ul><\/div>\n<form action=\"\/es\/wp-json\/wp\/v2\/product\/5787#wpcf7-f4619-o1\" method=\"post\" class=\"wpcf7-form init\" aria-label=\"Formulario de contacto\" novalidate=\"novalidate\" data-status=\"init\" data-trp-original-action=\"\/es\/wp-json\/wp\/v2\/product\/5787#wpcf7-f4619-o1\">\n<div style=\"display: none;\">\n<input type=\"hidden\" name=\"_wpcf7\" value=\"4619\" \/>\n<input type=\"hidden\" name=\"_wpcf7_version\" value=\"6.0.4\" \/>\n<input type=\"hidden\" name=\"_wpcf7_locale\" value=\"en_US\" \/>\n<input type=\"hidden\" name=\"_wpcf7_unit_tag\" value=\"wpcf7-f4619-o1\" \/>\n<input type=\"hidden\" name=\"_wpcf7_container_post\" value=\"0\" \/>\n<input type=\"hidden\" name=\"_wpcf7_posted_data_hash\" value=\"\" \/>\n<\/div>\n<p><label> Su nombre<br \/>\n<span class=\"wpcf7-form-control-wrap\" data-name=\"your-name\"><input size=\"40\" maxlength=\"400\" class=\"wpcf7-form-control wpcf7-text wpcf7-validates-as-required\" aria-required=\"true\" aria-invalid=\"false\" value=\"\" type=\"text\" name=\"your-name\" \/><\/span> <\/label>\n<\/p>\n<p><label> Su pa\u00eds<br \/>\n<span class=\"wpcf7-form-control-wrap\" data-name=\"your-country\"><input size=\"40\" maxlength=\"400\" class=\"wpcf7-form-control wpcf7-text\" aria-invalid=\"false\" value=\"\" type=\"text\" name=\"your-country\" \/><\/span><\/label>\n<\/p>\n<p><label> Su correo electr\u00f3nico<br \/>\n<span class=\"wpcf7-form-control-wrap\" data-name=\"your-email\"><input size=\"40\" maxlength=\"400\" class=\"wpcf7-form-control wpcf7-email wpcf7-validates-as-required wpcf7-text wpcf7-validates-as-email\" aria-required=\"true\" aria-invalid=\"false\" value=\"\" type=\"email\" name=\"your-email\" \/><\/span> <\/label>\n<\/p>\n<p><label> Tu tel\u00e9fono<br \/>\n<span class=\"wpcf7-form-control-wrap\" data-name=\"your-phone\"><input size=\"40\" maxlength=\"400\" class=\"wpcf7-form-control wpcf7-tel wpcf7-text wpcf7-validates-as-tel\" aria-invalid=\"false\" value=\"\" type=\"tel\" name=\"your-phone\" \/><\/span> <\/label>\n<\/p>\n<p><label> Nombre de su empresa<br \/>\n<span class=\"wpcf7-form-control-wrap\" data-name=\"text-457\"><input size=\"40\" maxlength=\"400\" class=\"wpcf7-form-control wpcf7-text\" aria-invalid=\"false\" value=\"\" type=\"text\" name=\"text-457\" \/><\/span> <\/label>\n<\/p>\n<p><label> El sitio web de su empresa<br \/>\n<span class=\"wpcf7-form-control-wrap\" data-name=\"text-546\"><input size=\"40\" maxlength=\"400\" class=\"wpcf7-form-control wpcf7-text\" aria-invalid=\"false\" value=\"\" type=\"text\" name=\"text-546\" \/><\/span> <\/label>\n<\/p>\n<p><label> Sus requisitos*<br \/>\n<span class=\"wpcf7-form-control-wrap\" data-name=\"your-message\"><textarea cols=\"40\" rows=\"10\" maxlength=\"2000\" class=\"wpcf7-form-control wpcf7-textarea wpcf7-validates-as-required\" aria-required=\"true\" aria-invalid=\"false\" name=\"your-message\"><\/textarea><\/span> <\/label>\n<\/p>\n<p><input class=\"wpcf7-form-control wpcf7-submit has-spinner\" type=\"submit\" value=\"Enviar\" \/>\n<\/p><p style=\"display: none !important;\" class=\"akismet-fields-container\" data-prefix=\"_wpcf7_ak_\"><label>&#916;<textarea name=\"_wpcf7_ak_hp_textarea\" cols=\"45\" rows=\"8\" maxlength=\"100\"><\/textarea><\/label><input type=\"hidden\" id=\"ak_js_1\" name=\"_wpcf7_ak_js\" value=\"186\"\/><script>document.getElementById( \"ak_js_1\" ).setAttribute( \"value\", ( new Date() ).getTime() );<\/script><\/p><div class=\"wpcf7-response-output\" aria-hidden=\"true\"><\/div>\n<input type=\"hidden\" name=\"trp-form-language\" value=\"es\"\/><\/form>\n<\/div>\n\n<div style='text-align:left' class='yasr-auto-insert-visitor'><\/div>","protected":false},"excerpt":{"rendered":"<p>A modern biscuit factory&#8217;s production line is a fully automated, continuous system that processes flour, sugar, fat, and other ingredients into packaged, finished biscuits in one go. Core Functions &amp; Key Components A complete production line performs a series of continuous operations\uff1a Stage Function Key Equipment Raw Material Handling Storage, transportation, and precise weighing of [&hellip;]<\/p>","protected":false},"featured_media":5788,"comment_status":"open","ping_status":"closed","template":"","meta":{"site-sidebar-layout":"default","site-content-layout":"","ast-site-content-layout":"default","site-content-style":"default","site-sidebar-style":"default","ast-global-header-display":"","ast-banner-title-visibility":"","ast-main-header-display":"","ast-hfb-above-header-display":"","ast-hfb-below-header-display":"","ast-hfb-mobile-header-display":"","site-post-title":"","ast-breadcrumbs-content":"","ast-featured-img":"","footer-sml-layout":"","theme-transparent-header-meta":"default","adv-header-id-meta":"","stick-header-meta":"","header-above-stick-meta":"","header-main-stick-meta":"","header-below-stick-meta":"","astra-migrate-meta-layouts":"set","ast-page-background-enabled":"default","ast-page-background-meta":{"desktop":{"background-color":"","background-image":"","background-repeat":"repeat","background-position":"center center","background-size":"auto","background-attachment":"scroll","background-type":"","background-media":"","overlay-type":"","overlay-color":"","overlay-opacity":"","overlay-gradient":""},"tablet":{"background-color":"","background-image":"","background-repeat":"repeat","background-position":"center center","background-size":"auto","background-attachment":"scroll","background-type":"","background-media":"","overlay-type":"","overlay-color":"","overlay-opacity":"","overlay-gradient":""},"mobile":{"background-color":"","background-image":"","background-repeat":"repeat","background-position":"center center","background-size":"auto","background-attachment":"scroll","background-type":"","background-media":"","overlay-type":"","overlay-color":"","overlay-opacity":"","overlay-gradient":""}},"ast-content-background-meta":{"desktop":{"background-color":"var(--ast-global-color-5)","background-image":"","background-repeat":"repeat","background-position":"center center","background-size":"auto","background-attachment":"scroll","background-type":"","background-media":"","overlay-type":"","overlay-color":"","overlay-opacity":"","overlay-gradient":""},"tablet":{"background-color":"var(--ast-global-color-5)","background-image":"","background-repeat":"repeat","background-position":"center center","background-size":"auto","background-attachment":"scroll","background-type":"","background-media":"","overlay-type":"","overlay-color":"","overlay-opacity":"","overlay-gradient":""},"mobile":{"background-color":"var(--ast-global-color-5)","background-image":"","background-repeat":"repeat","background-position":"center center","background-size":"auto","background-attachment":"scroll","background-type":"","background-media":"","overlay-type":"","overlay-color":"","overlay-opacity":"","overlay-gradient":""}},"yasr_overall_rating":5,"yasr_post_is_review":"","yasr_auto_insert_disabled":"","yasr_review_type":""},"product_brand":[],"product_cat":[22],"product_tag":[],"class_list":{"0":"post-5787","1":"product","2":"type-product","3":"status-publish","4":"has-post-thumbnail","6":"product_cat-hard-biscuit-production-line","7":"desktop-align-left","8":"tablet-align-left","9":"mobile-align-left","11":"first","12":"instock","13":"shipping-taxable","14":"product-type-simple"},"yoast_head":"<!-- This site is optimized with the Yoast SEO plugin v24.4 - https:\/\/yoast.com\/wordpress\/plugins\/seo\/ -->\n<title>Biscuit Factory Production Line Automation - Biscuit Production Solution Manufacturer<\/title>\n<meta name=\"description\" content=\"The biscuit factory production line is a automated, continuous process designed to efficiently produce biscuits of consistent quality on a large scale.\" \/>\n<meta name=\"robots\" content=\"index, follow, max-snippet:-1, max-image-preview:large, max-video-preview:-1\" \/>\n<link rel=\"canonical\" href=\"https:\/\/www.biscuitsolution.com\/es\/producto\/biscuit-factory-production-line\/\" \/>\n<meta property=\"og:locale\" content=\"es_ES\" \/>\n<meta property=\"og:type\" content=\"article\" \/>\n<meta property=\"og:title\" content=\"Biscuit Factory Production Line Automation - Biscuit Production Solution Manufacturer\" \/>\n<meta property=\"og:description\" content=\"The biscuit factory production line is a automated, continuous process designed to efficiently produce biscuits of consistent quality on a large scale.\" \/>\n<meta property=\"og:url\" content=\"https:\/\/www.biscuitsolution.com\/es\/producto\/biscuit-factory-production-line\/\" \/>\n<meta property=\"og:site_name\" content=\"Biscuit Production Solution Manufacturer\" \/>\n<meta property=\"article:publisher\" content=\"https:\/\/www.facebook.com\/profile.php?id=100095205040823\" \/>\n<meta property=\"article:modified_time\" content=\"2025-09-22T08:46:03+00:00\" \/>\n<meta property=\"og:image\" content=\"https:\/\/www.biscuitsolution.com\/wp-content\/uploads\/2025\/09\/biscuit-factory-production-line.jpg\" \/>\n\t<meta property=\"og:image:width\" content=\"600\" \/>\n\t<meta property=\"og:image:height\" content=\"600\" \/>\n\t<meta property=\"og:image:type\" content=\"image\/jpeg\" \/>\n<meta name=\"twitter:card\" content=\"summary_large_image\" \/>\n<meta name=\"twitter:site\" content=\"@shanna_zha26342\" \/>\n<meta name=\"twitter:label1\" content=\"Tiempo de lectura\" \/>\n\t<meta name=\"twitter:data1\" content=\"3 minutos\" \/>\n<script type=\"application\/ld+json\" class=\"yoast-schema-graph\">{\"@context\":\"https:\/\/schema.org\",\"@graph\":[{\"@type\":\"WebPage\",\"@id\":\"https:\/\/www.biscuitsolution.com\/product\/biscuit-factory-production-line\/\",\"url\":\"https:\/\/www.biscuitsolution.com\/product\/biscuit-factory-production-line\/\",\"name\":\"Biscuit Factory Production Line Automation - Biscuit Production Solution Manufacturer\",\"isPartOf\":{\"@id\":\"https:\/\/www.biscuitsolution.com\/#website\"},\"primaryImageOfPage\":{\"@id\":\"https:\/\/www.biscuitsolution.com\/product\/biscuit-factory-production-line\/#primaryimage\"},\"image\":{\"@id\":\"https:\/\/www.biscuitsolution.com\/product\/biscuit-factory-production-line\/#primaryimage\"},\"thumbnailUrl\":\"https:\/\/www.biscuitsolution.com\/wp-content\/uploads\/2025\/09\/biscuit-factory-production-line.jpg\",\"datePublished\":\"2025-09-22T08:40:50+00:00\",\"dateModified\":\"2025-09-22T08:46:03+00:00\",\"description\":\"The biscuit factory production line is a automated, continuous process designed to efficiently produce biscuits of consistent quality on a large scale.\",\"breadcrumb\":{\"@id\":\"https:\/\/www.biscuitsolution.com\/product\/biscuit-factory-production-line\/#breadcrumb\"},\"inLanguage\":\"es\",\"potentialAction\":[{\"@type\":\"ReadAction\",\"target\":[\"https:\/\/www.biscuitsolution.com\/product\/biscuit-factory-production-line\/\"]}]},{\"@type\":\"ImageObject\",\"inLanguage\":\"es\",\"@id\":\"https:\/\/www.biscuitsolution.com\/product\/biscuit-factory-production-line\/#primaryimage\",\"url\":\"https:\/\/www.biscuitsolution.com\/wp-content\/uploads\/2025\/09\/biscuit-factory-production-line.jpg\",\"contentUrl\":\"https:\/\/www.biscuitsolution.com\/wp-content\/uploads\/2025\/09\/biscuit-factory-production-line.jpg\",\"width\":600,\"height\":600},{\"@type\":\"BreadcrumbList\",\"@id\":\"https:\/\/www.biscuitsolution.com\/product\/biscuit-factory-production-line\/#breadcrumb\",\"itemListElement\":[{\"@type\":\"ListItem\",\"position\":1,\"name\":\"Home\",\"item\":\"https:\/\/www.biscuitsolution.com\/\"},{\"@type\":\"ListItem\",\"position\":2,\"name\":\"Product\",\"item\":\"https:\/\/www.biscuitsolution.com\/product\/\"},{\"@type\":\"ListItem\",\"position\":3,\"name\":\"Biscuit Factory Production Line Automation\"}]},{\"@type\":\"WebSite\",\"@id\":\"https:\/\/www.biscuitsolution.com\/#website\",\"url\":\"https:\/\/www.biscuitsolution.com\/\",\"name\":\"Biscuit Production Solution Manufacturer\",\"description\":\"\",\"potentialAction\":[{\"@type\":\"SearchAction\",\"target\":{\"@type\":\"EntryPoint\",\"urlTemplate\":\"https:\/\/www.biscuitsolution.com\/?s={search_term_string}\"},\"query-input\":{\"@type\":\"PropertyValueSpecification\",\"valueRequired\":true,\"valueName\":\"search_term_string\"}}],\"inLanguage\":\"es\"},false]}<\/script>\n<!-- \/ Yoast SEO plugin. -->","yoast_head_json":{"title":"Automatizaci\u00f3n de la l\u00ednea de producci\u00f3n de la f\u00e1brica de galletas - Fabricante de soluciones para la producci\u00f3n de galletas","description":"La l\u00ednea de producci\u00f3n de una f\u00e1brica de galletas es un proceso automatizado y continuo dise\u00f1ado para producir galletas de calidad constante a gran escala.","robots":{"index":"index","follow":"follow","max-snippet":"max-snippet:-1","max-image-preview":"max-image-preview:large","max-video-preview":"max-video-preview:-1"},"canonical":"https:\/\/www.biscuitsolution.com\/es\/producto\/biscuit-factory-production-line\/","og_locale":"es_ES","og_type":"article","og_title":"Biscuit Factory Production Line Automation - Biscuit Production Solution Manufacturer","og_description":"The biscuit factory production line is a automated, continuous process designed to efficiently produce biscuits of consistent quality on a large scale.","og_url":"https:\/\/www.biscuitsolution.com\/es\/producto\/biscuit-factory-production-line\/","og_site_name":"Biscuit Production Solution Manufacturer","article_publisher":"https:\/\/www.facebook.com\/profile.php?id=100095205040823","article_modified_time":"2025-09-22T08:46:03+00:00","og_image":[{"width":600,"height":600,"url":"https:\/\/www.biscuitsolution.com\/wp-content\/uploads\/2025\/09\/biscuit-factory-production-line.jpg","type":"image\/jpeg"}],"twitter_card":"summary_large_image","twitter_site":"@shanna_zha26342","twitter_misc":{"Tiempo de lectura":"3 minutos"},"schema":{"@context":"https:\/\/schema.org","@graph":[{"@type":"WebPage","@id":"https:\/\/www.biscuitsolution.com\/product\/biscuit-factory-production-line\/","url":"https:\/\/www.biscuitsolution.com\/product\/biscuit-factory-production-line\/","name":"Automatizaci\u00f3n de la l\u00ednea de producci\u00f3n de la f\u00e1brica de galletas - Fabricante de soluciones para la producci\u00f3n de galletas","isPartOf":{"@id":"https:\/\/www.biscuitsolution.com\/#website"},"primaryImageOfPage":{"@id":"https:\/\/www.biscuitsolution.com\/product\/biscuit-factory-production-line\/#primaryimage"},"image":{"@id":"https:\/\/www.biscuitsolution.com\/product\/biscuit-factory-production-line\/#primaryimage"},"thumbnailUrl":"https:\/\/www.biscuitsolution.com\/wp-content\/uploads\/2025\/09\/biscuit-factory-production-line.jpg","datePublished":"2025-09-22T08:40:50+00:00","dateModified":"2025-09-22T08:46:03+00:00","description":"La l\u00ednea de producci\u00f3n de una f\u00e1brica de galletas es un proceso automatizado y continuo dise\u00f1ado para producir galletas de calidad constante a gran escala.","breadcrumb":{"@id":"https:\/\/www.biscuitsolution.com\/product\/biscuit-factory-production-line\/#breadcrumb"},"inLanguage":"es","potentialAction":[{"@type":"ReadAction","target":["https:\/\/www.biscuitsolution.com\/product\/biscuit-factory-production-line\/"]}]},{"@type":"ImageObject","inLanguage":"es","@id":"https:\/\/www.biscuitsolution.com\/product\/biscuit-factory-production-line\/#primaryimage","url":"https:\/\/www.biscuitsolution.com\/wp-content\/uploads\/2025\/09\/biscuit-factory-production-line.jpg","contentUrl":"https:\/\/www.biscuitsolution.com\/wp-content\/uploads\/2025\/09\/biscuit-factory-production-line.jpg","width":600,"height":600},{"@type":"BreadcrumbList","@id":"https:\/\/www.biscuitsolution.com\/product\/biscuit-factory-production-line\/#breadcrumb","itemListElement":[{"@type":"ListItem","position":1,"name":"Home","item":"https:\/\/www.biscuitsolution.com\/"},{"@type":"ListItem","position":2,"name":"Product","item":"https:\/\/www.biscuitsolution.com\/product\/"},{"@type":"ListItem","position":3,"name":"Biscuit Factory Production Line Automation"}]},{"@type":"WebSite","@id":"https:\/\/www.biscuitsolution.com\/#website","url":"https:\/\/www.biscuitsolution.com\/","name":"Fabricante de soluciones para la producci\u00f3n de galletas","description":"","potentialAction":[{"@type":"SearchAction","target":{"@type":"EntryPoint","urlTemplate":"https:\/\/www.biscuitsolution.com\/?s={search_term_string}"},"query-input":{"@type":"PropertyValueSpecification","valueRequired":true,"valueName":"search_term_string"}}],"inLanguage":"es"},false]}},"yasr_visitor_votes":{"stars_attributes":{"read_only":false,"span_bottom":false},"number_of_votes":0,"sum_votes":0},"_links":{"self":[{"href":"https:\/\/www.biscuitsolution.com\/es\/wp-json\/wp\/v2\/product\/5787","targetHints":{"allow":["GET"]}}],"collection":[{"href":"https:\/\/www.biscuitsolution.com\/es\/wp-json\/wp\/v2\/product"}],"about":[{"href":"https:\/\/www.biscuitsolution.com\/es\/wp-json\/wp\/v2\/types\/product"}],"replies":[{"embeddable":true,"href":"https:\/\/www.biscuitsolution.com\/es\/wp-json\/wp\/v2\/comments?post=5787"}],"version-history":[{"count":5,"href":"https:\/\/www.biscuitsolution.com\/es\/wp-json\/wp\/v2\/product\/5787\/revisions"}],"predecessor-version":[{"id":5793,"href":"https:\/\/www.biscuitsolution.com\/es\/wp-json\/wp\/v2\/product\/5787\/revisions\/5793"}],"wp:featuredmedia":[{"embeddable":true,"href":"https:\/\/www.biscuitsolution.com\/es\/wp-json\/wp\/v2\/media\/5788"}],"wp:attachment":[{"href":"https:\/\/www.biscuitsolution.com\/es\/wp-json\/wp\/v2\/media?parent=5787"}],"wp:term":[{"taxonomy":"product_brand","embeddable":true,"href":"https:\/\/www.biscuitsolution.com\/es\/wp-json\/wp\/v2\/product_brand?post=5787"},{"taxonomy":"product_cat","embeddable":true,"href":"https:\/\/www.biscuitsolution.com\/es\/wp-json\/wp\/v2\/product_cat?post=5787"},{"taxonomy":"product_tag","embeddable":true,"href":"https:\/\/www.biscuitsolution.com\/es\/wp-json\/wp\/v2\/product_tag?post=5787"}],"curies":[{"name":"wp","href":"https:\/\/api.w.org\/{rel}","templated":true}]}}