{"id":5573,"date":"2025-05-14T15:59:57","date_gmt":"2025-05-14T07:59:57","guid":{"rendered":"https:\/\/www.biscuitsolution.com\/?post_type=product&#038;p=5573"},"modified":"2025-05-14T16:00:54","modified_gmt":"2025-05-14T08:00:54","slug":"industrial-biscuit-packing-machine-automatic-weighing","status":"publish","type":"product","link":"https:\/\/www.biscuitsolution.com\/es\/producto\/industrial-biscuit-packing-machine-automatic-weighing\/","title":{"rendered":"M\u00e1quina envasadora de galletas industrial de pesaje autom\u00e1tico"},"content":{"rendered":"<p>industrial m\u00e1quina envasadora de galletas es un dispositivo utilizado para envasar galletas autom\u00e1ticamente. Las b\u00e1sculas m\u00faltiples pueden pesar con precisi\u00f3n y trabajar con rapidez. Se utiliza junto con la envasadora de solapas, tiene un excelente rendimiento y se utiliza ampliamente en la industria de procesamiento de alimentos.<\/p>\n<p><img fetchpriority=\"high\" decoding=\"async\" class=\"alignnone size-full wp-image-5574\" src=\"https:\/\/www.biscuitsolution.com\/wp-content\/uploads\/2025\/05\/biscuit-packing-machine.jpg\" alt=\"envasadora industrial de galletas\" width=\"800\" height=\"450\" srcset=\"https:\/\/www.biscuitsolution.com\/wp-content\/uploads\/2025\/05\/biscuit-packing-machine.jpg 800w, https:\/\/www.biscuitsolution.com\/wp-content\/uploads\/2025\/05\/biscuit-packing-machine-300x169.jpg 300w, https:\/\/www.biscuitsolution.com\/wp-content\/uploads\/2025\/05\/biscuit-packing-machine-768x432.jpg 768w, https:\/\/www.biscuitsolution.com\/wp-content\/uploads\/2025\/05\/biscuit-packing-machine-18x10.jpg 18w, https:\/\/www.biscuitsolution.com\/wp-content\/uploads\/2025\/05\/biscuit-packing-machine-600x338.jpg 600w, https:\/\/www.biscuitsolution.com\/wp-content\/uploads\/2025\/05\/biscuit-packing-machine-64x36.jpg 64w\" sizes=\"(max-width: 800px) 100vw, 800px\" \/><\/p>\n<h2>Principio de funcionamiento m\u00e1quina envasadora de galletas<\/h2>\n<p>Flujo de trabajo: alimentaci\u00f3n \u2192 pesaje \u2192 c\u00e1lculo combinado \u2192 descarga y envasado.<\/p>\n<p>La envasadora de pesaje multicabezal detecta la posici\u00f3n y la cantidad de galletas mediante sensores y, a continuaci\u00f3n, envasa las galletas de acuerdo con las especificaciones y la cantidad preestablecidas y, por \u00faltimo, sella la bolsa de envasado mediante el mecanismo de sellado para garantizar la conservaci\u00f3n y la higiene de las galletas.<\/p>\n<p><img decoding=\"async\" class=\"alignnone size-full wp-image-5575\" src=\"https:\/\/www.biscuitsolution.com\/wp-content\/uploads\/2025\/05\/biscuitS-packing-machine.jpg\" alt=\"envasadora industrial de galletas\" width=\"800\" height=\"450\" srcset=\"https:\/\/www.biscuitsolution.com\/wp-content\/uploads\/2025\/05\/biscuitS-packing-machine.jpg 800w, https:\/\/www.biscuitsolution.com\/wp-content\/uploads\/2025\/05\/biscuitS-packing-machine-300x169.jpg 300w, https:\/\/www.biscuitsolution.com\/wp-content\/uploads\/2025\/05\/biscuitS-packing-machine-768x432.jpg 768w, https:\/\/www.biscuitsolution.com\/wp-content\/uploads\/2025\/05\/biscuitS-packing-machine-18x10.jpg 18w, https:\/\/www.biscuitsolution.com\/wp-content\/uploads\/2025\/05\/biscuitS-packing-machine-600x338.jpg 600w, https:\/\/www.biscuitsolution.com\/wp-content\/uploads\/2025\/05\/biscuitS-packing-machine-64x36.jpg 64w\" sizes=\"(max-width: 800px) 100vw, 800px\" \/><\/p>\n<h2>Caracter\u00edsticas principales de la m\u00e1quina envasadora de galletas<\/h2>\n<ul>\n<li>Alto grado de automatizaci\u00f3n: Desde el transporte de galletas, el pesaje y el envasado hasta el sellado, todo el proceso est\u00e1 automatizado, lo que mejora enormemente la eficiencia de la producci\u00f3n, reduce la intervenci\u00f3n manual y reduce los costes de mano de obra.<\/li>\n<li>Pesaje de alta precisi\u00f3n: Equipada con sensores de pesaje de alta precisi\u00f3n, puede controlar con exactitud el peso de cada paquete de galletas para garantizar la consistencia de la calidad del producto. La envasadora combinada con pesadora multicabezal mejora a\u00fan m\u00e1s la precisi\u00f3n del pesaje mediante complejos c\u00e1lculos combinados.<\/li>\n<li>M\u00faltiples formas de envasado: Puede adaptarse a diferentes formas de envasado, como envasado en almohada, envasado vertical, envasado al vac\u00edo, etc., para satisfacer las necesidades de diferentes clientes.<\/li>\n<li>Ajustabilidad: Los par\u00e1metros de envasado de la m\u00e1quina (como la velocidad de envasado, el tama\u00f1o de envasado, la temperatura de sellado, etc.) pueden ajustarse de forma flexible seg\u00fan las especificaciones y los requisitos de envasado de las galletas para adaptarse a galletas de diferentes formas y tama\u00f1os.<\/li>\n<li>Materiales de calidad alimentaria: Las piezas en contacto con las galletas suelen estar fabricadas con acero inoxidable de calidad alimentaria o materiales pl\u00e1sticos no t\u00f3xicos, que cumplen las normas de seguridad alimentaria y garantizan la higiene y seguridad del proceso de envasado.<\/li>\n<li>F\u00e1cil mantenimiento: Dise\u00f1o razonable, f\u00e1cil de limpiar y mantener. Las piezas de desgaste de los componentes clave son f\u00e1ciles de sustituir, lo que reduce el coste de mantenimiento y el tiempo de inactividad del equipo.<\/li>\n<\/ul>\n<p><img decoding=\"async\" class=\"alignnone size-full wp-image-5576\" src=\"https:\/\/www.biscuitsolution.com\/wp-content\/uploads\/2025\/05\/industrial-biscuit-packing-machine.jpg\" alt=\"envasadora industrial de galletas\" width=\"800\" height=\"450\" srcset=\"https:\/\/www.biscuitsolution.com\/wp-content\/uploads\/2025\/05\/industrial-biscuit-packing-machine.jpg 800w, https:\/\/www.biscuitsolution.com\/wp-content\/uploads\/2025\/05\/industrial-biscuit-packing-machine-300x169.jpg 300w, https:\/\/www.biscuitsolution.com\/wp-content\/uploads\/2025\/05\/industrial-biscuit-packing-machine-768x432.jpg 768w, https:\/\/www.biscuitsolution.com\/wp-content\/uploads\/2025\/05\/industrial-biscuit-packing-machine-18x10.jpg 18w, https:\/\/www.biscuitsolution.com\/wp-content\/uploads\/2025\/05\/industrial-biscuit-packing-machine-600x338.jpg 600w, https:\/\/www.biscuitsolution.com\/wp-content\/uploads\/2025\/05\/industrial-biscuit-packing-machine-64x36.jpg 64w\" sizes=\"(max-width: 800px) 100vw, 800px\" \/><\/p>\n<h2>m\u00e1quina envasadora de galletas Gama de aplicaciones<\/h2>\n<ul>\n<li>Galletas: Ya se trate de galletas de una sola pieza, galletas de s\u00e1ndwich, galletas multicapa o galletas, esta m\u00e1quina puede envasarlas eficazmente.<\/li>\n<li>Caramelos y bombones: La m\u00e1quina de envasado puede utilizarse para envasar diversos caramelos y chocolates, garantizando que el peso de cada caramelo o chocolate sea consistente, el envase est\u00e9 bien sellado y se prolongue la vida \u00fatil.<\/li>\n<li>Patatas fritas y patatas fritas: Utilizadas para envasar patatas fritas y patatas fritas, aseg\u00farese de que la bolsa de envasado est\u00e1 inflada o sellada al vac\u00edo para evitar que el producto se rompa y se oxide.<\/li>\n<\/ul>\n<p><img loading=\"lazy\" decoding=\"async\" class=\"alignnone size-full wp-image-5577\" src=\"https:\/\/www.biscuitsolution.com\/wp-content\/uploads\/2025\/05\/industrial-biscuitS-packing-machine.jpg\" alt=\"envasadora industrial de galletas\" width=\"800\" height=\"450\" srcset=\"https:\/\/www.biscuitsolution.com\/wp-content\/uploads\/2025\/05\/industrial-biscuitS-packing-machine.jpg 800w, https:\/\/www.biscuitsolution.com\/wp-content\/uploads\/2025\/05\/industrial-biscuitS-packing-machine-300x169.jpg 300w, https:\/\/www.biscuitsolution.com\/wp-content\/uploads\/2025\/05\/industrial-biscuitS-packing-machine-768x432.jpg 768w, https:\/\/www.biscuitsolution.com\/wp-content\/uploads\/2025\/05\/industrial-biscuitS-packing-machine-18x10.jpg 18w, https:\/\/www.biscuitsolution.com\/wp-content\/uploads\/2025\/05\/industrial-biscuitS-packing-machine-600x338.jpg 600w, https:\/\/www.biscuitsolution.com\/wp-content\/uploads\/2025\/05\/industrial-biscuitS-packing-machine-64x36.jpg 64w\" sizes=\"(max-width: 800px) 100vw, 800px\" \/><\/p>\n<p>m\u00e1quina envasadora de galletas son ampliamente utilizadas en muchas industrias debido a su capacidad de envasado eficiente, flexible y preciso. No s\u00f3lo puede satisfacer las necesidades de producci\u00f3n a gran escala, sino tambi\u00e9n adaptarse a los requisitos de envasado de diferentes productos y proporcionar una variedad de formas de envasado<\/p>\n<p>Si tiene m\u00e1s necesidades o preguntas, no dude en ponerse en contacto con nosotros. Podemos ofrecerle soluciones y presupuestos detallados basados en sus necesidades espec\u00edficas para ayudarle a alcanzar objetivos de producci\u00f3n eficientes.<\/p>\n<h2>Deje un mensaje para obtener un presupuesto<\/h2>\n\n<div class=\"wpcf7 no-js\" id=\"wpcf7-f4619-o1\" lang=\"en-US\" dir=\"ltr\" data-wpcf7-id=\"4619\">\n<div class=\"screen-reader-response\"><p role=\"status\" aria-live=\"polite\" aria-atomic=\"true\"><\/p> <ul><\/ul><\/div>\n<form action=\"\/es\/wp-json\/wp\/v2\/product\/5573#wpcf7-f4619-o1\" method=\"post\" class=\"wpcf7-form init\" aria-label=\"Formulario de contacto\" novalidate=\"novalidate\" data-status=\"init\" data-trp-original-action=\"\/es\/wp-json\/wp\/v2\/product\/5573#wpcf7-f4619-o1\">\n<div style=\"display: none;\">\n<input type=\"hidden\" name=\"_wpcf7\" value=\"4619\" \/>\n<input type=\"hidden\" name=\"_wpcf7_version\" value=\"6.0.4\" \/>\n<input type=\"hidden\" name=\"_wpcf7_locale\" value=\"en_US\" \/>\n<input type=\"hidden\" name=\"_wpcf7_unit_tag\" value=\"wpcf7-f4619-o1\" \/>\n<input type=\"hidden\" name=\"_wpcf7_container_post\" value=\"0\" \/>\n<input type=\"hidden\" name=\"_wpcf7_posted_data_hash\" value=\"\" \/>\n<\/div>\n<p><label> Su nombre<br \/>\n<span class=\"wpcf7-form-control-wrap\" data-name=\"your-name\"><input size=\"40\" maxlength=\"400\" class=\"wpcf7-form-control wpcf7-text wpcf7-validates-as-required\" aria-required=\"true\" aria-invalid=\"false\" value=\"\" type=\"text\" name=\"your-name\" \/><\/span> <\/label>\n<\/p>\n<p><label> Su pa\u00eds<br \/>\n<span class=\"wpcf7-form-control-wrap\" data-name=\"your-country\"><input size=\"40\" maxlength=\"400\" class=\"wpcf7-form-control wpcf7-text\" aria-invalid=\"false\" value=\"\" type=\"text\" name=\"your-country\" \/><\/span><\/label>\n<\/p>\n<p><label> Su correo electr\u00f3nico<br \/>\n<span class=\"wpcf7-form-control-wrap\" data-name=\"your-email\"><input size=\"40\" maxlength=\"400\" class=\"wpcf7-form-control wpcf7-email wpcf7-validates-as-required wpcf7-text wpcf7-validates-as-email\" aria-required=\"true\" aria-invalid=\"false\" value=\"\" type=\"email\" name=\"your-email\" \/><\/span> <\/label>\n<\/p>\n<p><label> Tu tel\u00e9fono<br \/>\n<span class=\"wpcf7-form-control-wrap\" data-name=\"your-phone\"><input size=\"40\" maxlength=\"400\" class=\"wpcf7-form-control wpcf7-tel wpcf7-text wpcf7-validates-as-tel\" aria-invalid=\"false\" value=\"\" type=\"tel\" name=\"your-phone\" \/><\/span> <\/label>\n<\/p>\n<p><label> Nombre de su empresa<br \/>\n<span class=\"wpcf7-form-control-wrap\" data-name=\"text-457\"><input size=\"40\" maxlength=\"400\" class=\"wpcf7-form-control wpcf7-text\" aria-invalid=\"false\" value=\"\" type=\"text\" name=\"text-457\" \/><\/span> <\/label>\n<\/p>\n<p><label> El sitio web de su empresa<br \/>\n<span class=\"wpcf7-form-control-wrap\" data-name=\"text-546\"><input size=\"40\" maxlength=\"400\" class=\"wpcf7-form-control wpcf7-text\" aria-invalid=\"false\" value=\"\" type=\"text\" name=\"text-546\" \/><\/span> <\/label>\n<\/p>\n<p><label> Sus requisitos*<br \/>\n<span class=\"wpcf7-form-control-wrap\" data-name=\"your-message\"><textarea cols=\"40\" rows=\"10\" maxlength=\"2000\" class=\"wpcf7-form-control wpcf7-textarea wpcf7-validates-as-required\" aria-required=\"true\" aria-invalid=\"false\" name=\"your-message\"><\/textarea><\/span> <\/label>\n<\/p>\n<p><input class=\"wpcf7-form-control wpcf7-submit has-spinner\" type=\"submit\" value=\"Enviar\" \/>\n<\/p><p style=\"display: none !important;\" class=\"akismet-fields-container\" data-prefix=\"_wpcf7_ak_\"><label>&#916;<textarea name=\"_wpcf7_ak_hp_textarea\" cols=\"45\" rows=\"8\" maxlength=\"100\"><\/textarea><\/label><input type=\"hidden\" id=\"ak_js_1\" name=\"_wpcf7_ak_js\" value=\"151\"\/><script>document.getElementById( \"ak_js_1\" ).setAttribute( \"value\", ( new Date() ).getTime() );<\/script><\/p><div class=\"wpcf7-response-output\" aria-hidden=\"true\"><\/div>\n<input type=\"hidden\" name=\"trp-form-language\" value=\"es\"\/><\/form>\n<\/div>\n\n<div style='text-align:left' class='yasr-auto-insert-visitor'><\/div>","protected":false},"excerpt":{"rendered":"<p>La envasadora industrial de galletas es un dispositivo utilizado para envasar galletas autom\u00e1ticamente. Las b\u00e1sculas m\u00faltiples pueden pesar con precisi\u00f3n y trabajar con rapidez. Se utiliza junto con la m\u00e1quina envasadora de solapas, tiene un excelente rendimiento, y es ampliamente utilizado en la industria de procesamiento de alimentos. Principio de funcionamiento de la m\u00e1quina empaquetadora de galletas Flujo de trabajo: alimentaci\u00f3n \u2192 pesaje \u2192 c\u00e1lculo combinado [...]<\/p>","protected":false},"featured_media":5578,"comment_status":"open","ping_status":"closed","template":"","meta":{"site-sidebar-layout":"default","site-content-layout":"","ast-site-content-layout":"default","site-content-style":"default","site-sidebar-style":"default","ast-global-header-display":"","ast-banner-title-visibility":"","ast-main-header-display":"","ast-hfb-above-header-display":"","ast-hfb-below-header-display":"","ast-hfb-mobile-header-display":"","site-post-title":"","ast-breadcrumbs-content":"","ast-featured-img":"","footer-sml-layout":"","theme-transparent-header-meta":"default","adv-header-id-meta":"","stick-header-meta":"","header-above-stick-meta":"","header-main-stick-meta":"","header-below-stick-meta":"","astra-migrate-meta-layouts":"set","ast-page-background-enabled":"default","ast-page-background-meta":{"desktop":{"background-color":"","background-image":"","background-repeat":"repeat","background-position":"center center","background-size":"auto","background-attachment":"scroll","background-type":"","background-media":"","overlay-type":"","overlay-color":"","overlay-opacity":"","overlay-gradient":""},"tablet":{"background-color":"","background-image":"","background-repeat":"repeat","background-position":"center center","background-size":"auto","background-attachment":"scroll","background-type":"","background-media":"","overlay-type":"","overlay-color":"","overlay-opacity":"","overlay-gradient":""},"mobile":{"background-color":"","background-image":"","background-repeat":"repeat","background-position":"center center","background-size":"auto","background-attachment":"scroll","background-type":"","background-media":"","overlay-type":"","overlay-color":"","overlay-opacity":"","overlay-gradient":""}},"ast-content-background-meta":{"desktop":{"background-color":"var(--ast-global-color-5)","background-image":"","background-repeat":"repeat","background-position":"center center","background-size":"auto","background-attachment":"scroll","background-type":"","background-media":"","overlay-type":"","overlay-color":"","overlay-opacity":"","overlay-gradient":""},"tablet":{"background-color":"var(--ast-global-color-5)","background-image":"","background-repeat":"repeat","background-position":"center center","background-size":"auto","background-attachment":"scroll","background-type":"","background-media":"","overlay-type":"","overlay-color":"","overlay-opacity":"","overlay-gradient":""},"mobile":{"background-color":"var(--ast-global-color-5)","background-image":"","background-repeat":"repeat","background-position":"center center","background-size":"auto","background-attachment":"scroll","background-type":"","background-media":"","overlay-type":"","overlay-color":"","overlay-opacity":"","overlay-gradient":""}},"yasr_overall_rating":0,"yasr_post_is_review":"","yasr_auto_insert_disabled":"","yasr_review_type":""},"product_brand":[],"product_cat":[22,24,25],"product_tag":[],"class_list":{"0":"post-5573","1":"product","2":"type-product","3":"status-publish","4":"has-post-thumbnail","6":"product_cat-hard-biscuit-production-line","7":"product_cat-cookie-production-line","8":"product_cat-soft-biscuit-production-line","9":"desktop-align-left","10":"tablet-align-left","11":"mobile-align-left","13":"first","14":"instock","15":"shipping-taxable","16":"product-type-simple"},"yoast_head":"<!-- This site is optimized with the Yoast SEO plugin v24.4 - https:\/\/yoast.com\/wordpress\/plugins\/seo\/ -->\n<title>Industrial Biscuit Packing Machine Automatic Weighing - Biscuit Production Solution Manufacturer<\/title>\n<meta name=\"description\" content=\"Industrial biscuit packing machine can automatically weigh and pack biscuits of different sizes, ensuring consistent quality and improving efficiency.\" \/>\n<meta name=\"robots\" content=\"index, follow, max-snippet:-1, max-image-preview:large, max-video-preview:-1\" \/>\n<link rel=\"canonical\" href=\"https:\/\/www.biscuitsolution.com\/es\/producto\/industrial-biscuit-packing-machine-automatic-weighing\/\" \/>\n<meta property=\"og:locale\" content=\"es_ES\" \/>\n<meta property=\"og:type\" content=\"article\" \/>\n<meta property=\"og:title\" content=\"Industrial Biscuit Packing Machine Automatic Weighing - Biscuit Production Solution Manufacturer\" \/>\n<meta property=\"og:description\" content=\"Industrial biscuit packing machine can automatically weigh and pack biscuits of different sizes, ensuring consistent quality and improving efficiency.\" \/>\n<meta property=\"og:url\" content=\"https:\/\/www.biscuitsolution.com\/es\/producto\/industrial-biscuit-packing-machine-automatic-weighing\/\" \/>\n<meta property=\"og:site_name\" content=\"Biscuit Production Solution Manufacturer\" \/>\n<meta property=\"article:publisher\" content=\"https:\/\/www.facebook.com\/profile.php?id=100095205040823\" \/>\n<meta property=\"article:modified_time\" content=\"2025-05-14T08:00:54+00:00\" \/>\n<meta property=\"og:image\" content=\"https:\/\/www.biscuitsolution.com\/wp-content\/uploads\/2025\/05\/industrial-biscuit-packing-machines.jpg\" \/>\n\t<meta property=\"og:image:width\" content=\"600\" \/>\n\t<meta property=\"og:image:height\" content=\"600\" \/>\n\t<meta property=\"og:image:type\" content=\"image\/jpeg\" \/>\n<meta name=\"twitter:card\" content=\"summary_large_image\" \/>\n<meta name=\"twitter:site\" content=\"@shanna_zha26342\" \/>\n<meta name=\"twitter:label1\" content=\"Tiempo de lectura\" \/>\n\t<meta name=\"twitter:data1\" content=\"4 minutos\" \/>\n<script type=\"application\/ld+json\" class=\"yoast-schema-graph\">{\"@context\":\"https:\/\/schema.org\",\"@graph\":[{\"@type\":\"WebPage\",\"@id\":\"https:\/\/www.biscuitsolution.com\/product\/industrial-biscuit-packing-machine-automatic-weighing\/\",\"url\":\"https:\/\/www.biscuitsolution.com\/product\/industrial-biscuit-packing-machine-automatic-weighing\/\",\"name\":\"Industrial Biscuit Packing Machine Automatic Weighing - Biscuit Production Solution Manufacturer\",\"isPartOf\":{\"@id\":\"https:\/\/www.biscuitsolution.com\/#website\"},\"primaryImageOfPage\":{\"@id\":\"https:\/\/www.biscuitsolution.com\/product\/industrial-biscuit-packing-machine-automatic-weighing\/#primaryimage\"},\"image\":{\"@id\":\"https:\/\/www.biscuitsolution.com\/product\/industrial-biscuit-packing-machine-automatic-weighing\/#primaryimage\"},\"thumbnailUrl\":\"https:\/\/www.biscuitsolution.com\/wp-content\/uploads\/2025\/05\/industrial-biscuit-packing-machines.jpg\",\"datePublished\":\"2025-05-14T07:59:57+00:00\",\"dateModified\":\"2025-05-14T08:00:54+00:00\",\"description\":\"Industrial biscuit packing machine can automatically weigh and pack biscuits of different sizes, ensuring consistent quality and improving efficiency.\",\"breadcrumb\":{\"@id\":\"https:\/\/www.biscuitsolution.com\/product\/industrial-biscuit-packing-machine-automatic-weighing\/#breadcrumb\"},\"inLanguage\":\"es\",\"potentialAction\":[{\"@type\":\"ReadAction\",\"target\":[\"https:\/\/www.biscuitsolution.com\/product\/industrial-biscuit-packing-machine-automatic-weighing\/\"]}]},{\"@type\":\"ImageObject\",\"inLanguage\":\"es\",\"@id\":\"https:\/\/www.biscuitsolution.com\/product\/industrial-biscuit-packing-machine-automatic-weighing\/#primaryimage\",\"url\":\"https:\/\/www.biscuitsolution.com\/wp-content\/uploads\/2025\/05\/industrial-biscuit-packing-machines.jpg\",\"contentUrl\":\"https:\/\/www.biscuitsolution.com\/wp-content\/uploads\/2025\/05\/industrial-biscuit-packing-machines.jpg\",\"width\":600,\"height\":600,\"caption\":\"industrial biscuit packing machine\"},{\"@type\":\"BreadcrumbList\",\"@id\":\"https:\/\/www.biscuitsolution.com\/product\/industrial-biscuit-packing-machine-automatic-weighing\/#breadcrumb\",\"itemListElement\":[{\"@type\":\"ListItem\",\"position\":1,\"name\":\"Home\",\"item\":\"https:\/\/www.biscuitsolution.com\/\"},{\"@type\":\"ListItem\",\"position\":2,\"name\":\"Product\",\"item\":\"https:\/\/www.biscuitsolution.com\/product\/\"},{\"@type\":\"ListItem\",\"position\":3,\"name\":\"Industrial Biscuit Packing Machine Automatic Weighing\"}]},{\"@type\":\"WebSite\",\"@id\":\"https:\/\/www.biscuitsolution.com\/#website\",\"url\":\"https:\/\/www.biscuitsolution.com\/\",\"name\":\"Biscuit Production Solution Manufacturer\",\"description\":\"\",\"potentialAction\":[{\"@type\":\"SearchAction\",\"target\":{\"@type\":\"EntryPoint\",\"urlTemplate\":\"https:\/\/www.biscuitsolution.com\/?s={search_term_string}\"},\"query-input\":{\"@type\":\"PropertyValueSpecification\",\"valueRequired\":true,\"valueName\":\"search_term_string\"}}],\"inLanguage\":\"es\"},false]}<\/script>\n<!-- \/ Yoast SEO plugin. -->","yoast_head_json":{"title":"Envasadora industrial de galletas con pesaje autom\u00e1tico - Fabricante de soluciones para la producci\u00f3n de galletas","description":"La envasadora industrial de galletas puede pesar y envasar autom\u00e1ticamente galletas de diferentes tama\u00f1os, garantizando una calidad uniforme y mejorando la eficiencia.","robots":{"index":"index","follow":"follow","max-snippet":"max-snippet:-1","max-image-preview":"max-image-preview:large","max-video-preview":"max-video-preview:-1"},"canonical":"https:\/\/www.biscuitsolution.com\/es\/producto\/industrial-biscuit-packing-machine-automatic-weighing\/","og_locale":"es_ES","og_type":"article","og_title":"Industrial Biscuit Packing Machine Automatic Weighing - Biscuit Production Solution Manufacturer","og_description":"Industrial biscuit packing machine can automatically weigh and pack biscuits of different sizes, ensuring consistent quality and improving efficiency.","og_url":"https:\/\/www.biscuitsolution.com\/es\/producto\/industrial-biscuit-packing-machine-automatic-weighing\/","og_site_name":"Biscuit Production Solution Manufacturer","article_publisher":"https:\/\/www.facebook.com\/profile.php?id=100095205040823","article_modified_time":"2025-05-14T08:00:54+00:00","og_image":[{"width":600,"height":600,"url":"https:\/\/www.biscuitsolution.com\/wp-content\/uploads\/2025\/05\/industrial-biscuit-packing-machines.jpg","type":"image\/jpeg"}],"twitter_card":"summary_large_image","twitter_site":"@shanna_zha26342","twitter_misc":{"Tiempo de lectura":"4 minutos"},"schema":{"@context":"https:\/\/schema.org","@graph":[{"@type":"WebPage","@id":"https:\/\/www.biscuitsolution.com\/product\/industrial-biscuit-packing-machine-automatic-weighing\/","url":"https:\/\/www.biscuitsolution.com\/product\/industrial-biscuit-packing-machine-automatic-weighing\/","name":"Envasadora industrial de galletas con pesaje autom\u00e1tico - Fabricante de soluciones para la producci\u00f3n de galletas","isPartOf":{"@id":"https:\/\/www.biscuitsolution.com\/#website"},"primaryImageOfPage":{"@id":"https:\/\/www.biscuitsolution.com\/product\/industrial-biscuit-packing-machine-automatic-weighing\/#primaryimage"},"image":{"@id":"https:\/\/www.biscuitsolution.com\/product\/industrial-biscuit-packing-machine-automatic-weighing\/#primaryimage"},"thumbnailUrl":"https:\/\/www.biscuitsolution.com\/wp-content\/uploads\/2025\/05\/industrial-biscuit-packing-machines.jpg","datePublished":"2025-05-14T07:59:57+00:00","dateModified":"2025-05-14T08:00:54+00:00","description":"La envasadora industrial de galletas puede pesar y envasar autom\u00e1ticamente galletas de diferentes tama\u00f1os, garantizando una calidad uniforme y mejorando la eficiencia.","breadcrumb":{"@id":"https:\/\/www.biscuitsolution.com\/product\/industrial-biscuit-packing-machine-automatic-weighing\/#breadcrumb"},"inLanguage":"es","potentialAction":[{"@type":"ReadAction","target":["https:\/\/www.biscuitsolution.com\/product\/industrial-biscuit-packing-machine-automatic-weighing\/"]}]},{"@type":"ImageObject","inLanguage":"es","@id":"https:\/\/www.biscuitsolution.com\/product\/industrial-biscuit-packing-machine-automatic-weighing\/#primaryimage","url":"https:\/\/www.biscuitsolution.com\/wp-content\/uploads\/2025\/05\/industrial-biscuit-packing-machines.jpg","contentUrl":"https:\/\/www.biscuitsolution.com\/wp-content\/uploads\/2025\/05\/industrial-biscuit-packing-machines.jpg","width":600,"height":600,"caption":"industrial biscuit packing machine"},{"@type":"BreadcrumbList","@id":"https:\/\/www.biscuitsolution.com\/product\/industrial-biscuit-packing-machine-automatic-weighing\/#breadcrumb","itemListElement":[{"@type":"ListItem","position":1,"name":"Home","item":"https:\/\/www.biscuitsolution.com\/"},{"@type":"ListItem","position":2,"name":"Product","item":"https:\/\/www.biscuitsolution.com\/product\/"},{"@type":"ListItem","position":3,"name":"Industrial Biscuit Packing Machine Automatic Weighing"}]},{"@type":"WebSite","@id":"https:\/\/www.biscuitsolution.com\/#website","url":"https:\/\/www.biscuitsolution.com\/","name":"Fabricante de soluciones para la producci\u00f3n de galletas","description":"","potentialAction":[{"@type":"SearchAction","target":{"@type":"EntryPoint","urlTemplate":"https:\/\/www.biscuitsolution.com\/?s={search_term_string}"},"query-input":{"@type":"PropertyValueSpecification","valueRequired":true,"valueName":"search_term_string"}}],"inLanguage":"es"},false]}},"yasr_visitor_votes":{"stars_attributes":{"read_only":false,"span_bottom":false},"number_of_votes":0,"sum_votes":0},"_links":{"self":[{"href":"https:\/\/www.biscuitsolution.com\/es\/wp-json\/wp\/v2\/product\/5573","targetHints":{"allow":["GET"]}}],"collection":[{"href":"https:\/\/www.biscuitsolution.com\/es\/wp-json\/wp\/v2\/product"}],"about":[{"href":"https:\/\/www.biscuitsolution.com\/es\/wp-json\/wp\/v2\/types\/product"}],"replies":[{"embeddable":true,"href":"https:\/\/www.biscuitsolution.com\/es\/wp-json\/wp\/v2\/comments?post=5573"}],"version-history":[{"count":2,"href":"https:\/\/www.biscuitsolution.com\/es\/wp-json\/wp\/v2\/product\/5573\/revisions"}],"predecessor-version":[{"id":5580,"href":"https:\/\/www.biscuitsolution.com\/es\/wp-json\/wp\/v2\/product\/5573\/revisions\/5580"}],"wp:featuredmedia":[{"embeddable":true,"href":"https:\/\/www.biscuitsolution.com\/es\/wp-json\/wp\/v2\/media\/5578"}],"wp:attachment":[{"href":"https:\/\/www.biscuitsolution.com\/es\/wp-json\/wp\/v2\/media?parent=5573"}],"wp:term":[{"taxonomy":"product_brand","embeddable":true,"href":"https:\/\/www.biscuitsolution.com\/es\/wp-json\/wp\/v2\/product_brand?post=5573"},{"taxonomy":"product_cat","embeddable":true,"href":"https:\/\/www.biscuitsolution.com\/es\/wp-json\/wp\/v2\/product_cat?post=5573"},{"taxonomy":"product_tag","embeddable":true,"href":"https:\/\/www.biscuitsolution.com\/es\/wp-json\/wp\/v2\/product_tag?post=5573"}],"curies":[{"name":"wp","href":"https:\/\/api.w.org\/{rel}","templated":true}]}}