{"id":5509,"date":"2025-04-25T15:14:26","date_gmt":"2025-04-25T07:14:26","guid":{"rendered":"https:\/\/www.biscuitsolution.com\/?post_type=product&#038;p=5509"},"modified":"2025-04-25T15:14:27","modified_gmt":"2025-04-25T07:14:27","slug":"biscuit-production-line-manufacturer","status":"publish","type":"product","link":"https:\/\/www.biscuitsolution.com\/es\/producto\/biscuit-production-line-manufacturer\/","title":{"rendered":"Fabricante de l\u00edneas de producci\u00f3n de galletas | Soluciones industriales"},"content":{"rendered":"<p>Como <strong>l\u00ednea de producci\u00f3n de galletas<\/strong> nos centramos en suministrar equipos de calidad industrial que cumplan los estrictos requisitos de las grandes f\u00e1bricas y empresas.<\/p>\n<p><img fetchpriority=\"high\" decoding=\"async\" class=\"alignnone size-full wp-image-5510\" src=\"https:\/\/www.biscuitsolution.com\/wp-content\/uploads\/2025\/04\/biscuit-production-line-.jpg\" alt=\"fabricante de l\u00edneas de producci\u00f3n de galletas\" width=\"800\" height=\"450\" srcset=\"https:\/\/www.biscuitsolution.com\/wp-content\/uploads\/2025\/04\/biscuit-production-line-.jpg 800w, https:\/\/www.biscuitsolution.com\/wp-content\/uploads\/2025\/04\/biscuit-production-line--300x169.jpg 300w, https:\/\/www.biscuitsolution.com\/wp-content\/uploads\/2025\/04\/biscuit-production-line--768x432.jpg 768w, https:\/\/www.biscuitsolution.com\/wp-content\/uploads\/2025\/04\/biscuit-production-line--18x10.jpg 18w, https:\/\/www.biscuitsolution.com\/wp-content\/uploads\/2025\/04\/biscuit-production-line--600x338.jpg 600w, https:\/\/www.biscuitsolution.com\/wp-content\/uploads\/2025\/04\/biscuit-production-line--64x36.jpg 64w\" sizes=\"(max-width: 800px) 100vw, 800px\" \/><\/p>\n<h2>L\u00ednea de producci\u00f3n industrial de galletas Proceso<\/h2>\n<p>Tamizar el polvo - amasar la masa - prensar - moldear - hornear - rociar con aceite - enfriar - disponer las tartas - rellenar\/rellenar - envasar<\/p>\n<h2>Composici\u00f3n de la l\u00ednea de producci\u00f3n de galletas totalmente autom\u00e1tica<\/h2>\n<ul>\n<li>Amasadora: se utiliza para mezclar harina, agua, az\u00facar, aceite y otras materias primas de forma homog\u00e9nea con el fin de obtener una masa apta para la producci\u00f3n de galletas. Dependiendo del tipo de galletas, puede elegir una amasadora vertical o una horizontal.<\/li>\n<li>M\u00e1quina formadora de galletas: presiona la masa amasada en l\u00e1minas y, a continuaci\u00f3n, las corta y les da forma mediante moldes o rodillos para producir galletas de diversas formas y tama\u00f1os.<\/li>\n<li>Horno de t\u00fanel: las galletas pasan por el horno de t\u00fanel sobre la cinta transportadora, y el proceso de cocci\u00f3n se completa tras el precalentamiento, la cocci\u00f3n, la coloraci\u00f3n y otras etapas. La fuente de calor puede ser electricidad, gas, gas natural, etc.<\/li>\n<li>Pulverizador de aceite: pulveriza aceite sobre la superficie de las galletas para aumentar el brillo y el sabor<\/li>\n<li>Cinta de enfriamiento: se utiliza para enfriar las galletas horneadas a temperatura ambiente. El m\u00e9todo de enfriamiento puede ser natural o forzado.<\/li>\n<li>Clasificadora de galletas: clasifica y ordena las galletas enfriadas para su posterior envasado<\/li>\n<li>Envasadora: clasifica y envasa las galletas para garantizar la higiene y frescura de los productos durante el transporte y la venta<\/li>\n<\/ul>\n<p><img decoding=\"async\" class=\"alignnone size-full wp-image-5511\" src=\"https:\/\/www.biscuitsolution.com\/wp-content\/uploads\/2025\/04\/biscuit-production-line-manufacturer.jpg\" alt=\"fabricante de l\u00edneas de producci\u00f3n de galletas\" width=\"800\" height=\"450\" srcset=\"https:\/\/www.biscuitsolution.com\/wp-content\/uploads\/2025\/04\/biscuit-production-line-manufacturer.jpg 800w, https:\/\/www.biscuitsolution.com\/wp-content\/uploads\/2025\/04\/biscuit-production-line-manufacturer-300x169.jpg 300w, https:\/\/www.biscuitsolution.com\/wp-content\/uploads\/2025\/04\/biscuit-production-line-manufacturer-768x432.jpg 768w, https:\/\/www.biscuitsolution.com\/wp-content\/uploads\/2025\/04\/biscuit-production-line-manufacturer-18x10.jpg 18w, https:\/\/www.biscuitsolution.com\/wp-content\/uploads\/2025\/04\/biscuit-production-line-manufacturer-600x338.jpg 600w, https:\/\/www.biscuitsolution.com\/wp-content\/uploads\/2025\/04\/biscuit-production-line-manufacturer-64x36.jpg 64w\" sizes=\"(max-width: 800px) 100vw, 800px\" \/><\/p>\n<h2>Nuestras principales ventajas<\/h2>\n<p>Como fabricante profesional de l\u00edneas de producci\u00f3n de galletas, tanto si est\u00e1 ampliando una instalaci\u00f3n existente como construyendo un nuevo proyecto, nuestras soluciones pueden satisfacer las necesidades de grandes vol\u00famenes. Ofrecemos:<\/p>\n<ul>\n<li>L\u00edneas de producci\u00f3n totalmente automatizadas: Producci\u00f3n en un solo paso, desde las materias primas hasta el envasado, maximizando el ahorro de mano de obra.<\/li>\n<li>Consumo energ\u00e9tico \u00f3ptimo: Optimice la utilizaci\u00f3n de la energ\u00eda y las materias primas en cada eslab\u00f3n de producci\u00f3n para ofrecerle las mejores soluciones de ahorro de costes y mejora de la eficiencia.<\/li>\n<li>M\u00faltiples usos para una sola l\u00ednea: Una \u00fanica soluci\u00f3n es adecuada para la producci\u00f3n de m\u00faltiples productos, y la versatilidad satisface su creatividad<\/li>\n<li>Procesos de producci\u00f3n adicionales: No s\u00f3lo podemos personalizar soluciones de l\u00edneas de producci\u00f3n para usted, sino que tambi\u00e9n podemos combinar tecnolog\u00edas de procesos de producci\u00f3n para resolver sus problemas de producci\u00f3n en una sola parada<\/li>\n<li>Servicios completos: Desde el dise\u00f1o de la l\u00ednea de producci\u00f3n, la fabricaci\u00f3n de la m\u00e1quina, el montaje y la puesta en marcha hasta la posventa, servicio 24 horas sin preocupaciones.<\/li>\n<\/ul>\n<p><img decoding=\"async\" class=\"alignnone size-full wp-image-5512\" src=\"https:\/\/www.biscuitsolution.com\/wp-content\/uploads\/2025\/04\/biscuits-production-line-manufacturer.jpg\" alt=\"fabricante de l\u00edneas de producci\u00f3n de galletas\" width=\"800\" height=\"450\" srcset=\"https:\/\/www.biscuitsolution.com\/wp-content\/uploads\/2025\/04\/biscuits-production-line-manufacturer.jpg 800w, https:\/\/www.biscuitsolution.com\/wp-content\/uploads\/2025\/04\/biscuits-production-line-manufacturer-300x169.jpg 300w, https:\/\/www.biscuitsolution.com\/wp-content\/uploads\/2025\/04\/biscuits-production-line-manufacturer-768x432.jpg 768w, https:\/\/www.biscuitsolution.com\/wp-content\/uploads\/2025\/04\/biscuits-production-line-manufacturer-18x10.jpg 18w, https:\/\/www.biscuitsolution.com\/wp-content\/uploads\/2025\/04\/biscuits-production-line-manufacturer-600x338.jpg 600w, https:\/\/www.biscuitsolution.com\/wp-content\/uploads\/2025\/04\/biscuits-production-line-manufacturer-64x36.jpg 64w\" sizes=\"(max-width: 800px) 100vw, 800px\" \/><\/p>\n<h2>Preguntas frecuentes<\/h2>\n<p>P: \u00bfPueden sus l\u00edneas producir galletas sin gluten o ecol\u00f3gicas?<\/p>\n<p>R: \u00a1S\u00ed! Nuestros sistemas admiten recetas sin al\u00e9rgenos y cumplen los requisitos de certificaci\u00f3n ecol\u00f3gica.<\/p>\n<p>P: \u00bfCu\u00e1l es el ROI t\u00edpico de una l\u00ednea totalmente automatizada?<\/p>\n<p>R: La mayor\u00eda de los clientes alcanzan el umbral de rentabilidad en 12-18 meses gracias a la reducci\u00f3n de residuos y costes laborales.<\/p>\n<p>P: \u00bfOfrecen soluciones llave en mano?<\/p>\n<p>R: Por supuesto: gestionamos el dise\u00f1o, la instalaci\u00f3n y la puesta en marcha para una integraci\u00f3n perfecta.<\/p>\n<h2>Deje un mensaje para obtener un presupuesto<\/h2>\n\n<div class=\"wpcf7 no-js\" id=\"wpcf7-f4619-o1\" lang=\"en-US\" dir=\"ltr\" data-wpcf7-id=\"4619\">\n<div class=\"screen-reader-response\"><p role=\"status\" aria-live=\"polite\" aria-atomic=\"true\"><\/p> <ul><\/ul><\/div>\n<form action=\"\/es\/wp-json\/wp\/v2\/product\/5509#wpcf7-f4619-o1\" method=\"post\" class=\"wpcf7-form init\" aria-label=\"Formulario de contacto\" novalidate=\"novalidate\" data-status=\"init\" data-trp-original-action=\"\/es\/wp-json\/wp\/v2\/product\/5509#wpcf7-f4619-o1\">\n<div style=\"display: none;\">\n<input type=\"hidden\" name=\"_wpcf7\" value=\"4619\" \/>\n<input type=\"hidden\" name=\"_wpcf7_version\" value=\"6.0.4\" \/>\n<input type=\"hidden\" name=\"_wpcf7_locale\" value=\"en_US\" \/>\n<input type=\"hidden\" name=\"_wpcf7_unit_tag\" value=\"wpcf7-f4619-o1\" \/>\n<input type=\"hidden\" name=\"_wpcf7_container_post\" value=\"0\" \/>\n<input type=\"hidden\" name=\"_wpcf7_posted_data_hash\" value=\"\" \/>\n<\/div>\n<p><label> Su nombre<br \/>\n<span class=\"wpcf7-form-control-wrap\" data-name=\"your-name\"><input size=\"40\" maxlength=\"400\" class=\"wpcf7-form-control wpcf7-text wpcf7-validates-as-required\" aria-required=\"true\" aria-invalid=\"false\" value=\"\" type=\"text\" name=\"your-name\" \/><\/span> <\/label>\n<\/p>\n<p><label> Su pa\u00eds<br \/>\n<span class=\"wpcf7-form-control-wrap\" data-name=\"your-country\"><input size=\"40\" maxlength=\"400\" class=\"wpcf7-form-control wpcf7-text\" aria-invalid=\"false\" value=\"\" type=\"text\" name=\"your-country\" \/><\/span><\/label>\n<\/p>\n<p><label> Su correo electr\u00f3nico<br \/>\n<span class=\"wpcf7-form-control-wrap\" data-name=\"your-email\"><input size=\"40\" maxlength=\"400\" class=\"wpcf7-form-control wpcf7-email wpcf7-validates-as-required wpcf7-text wpcf7-validates-as-email\" aria-required=\"true\" aria-invalid=\"false\" value=\"\" type=\"email\" name=\"your-email\" \/><\/span> <\/label>\n<\/p>\n<p><label> Tu tel\u00e9fono<br \/>\n<span class=\"wpcf7-form-control-wrap\" data-name=\"your-phone\"><input size=\"40\" maxlength=\"400\" class=\"wpcf7-form-control wpcf7-tel wpcf7-text wpcf7-validates-as-tel\" aria-invalid=\"false\" value=\"\" type=\"tel\" name=\"your-phone\" \/><\/span> <\/label>\n<\/p>\n<p><label> Nombre de su empresa<br \/>\n<span class=\"wpcf7-form-control-wrap\" data-name=\"text-457\"><input size=\"40\" maxlength=\"400\" class=\"wpcf7-form-control wpcf7-text\" aria-invalid=\"false\" value=\"\" type=\"text\" name=\"text-457\" \/><\/span> <\/label>\n<\/p>\n<p><label> El sitio web de su empresa<br \/>\n<span class=\"wpcf7-form-control-wrap\" data-name=\"text-546\"><input size=\"40\" maxlength=\"400\" class=\"wpcf7-form-control wpcf7-text\" aria-invalid=\"false\" value=\"\" type=\"text\" name=\"text-546\" \/><\/span> <\/label>\n<\/p>\n<p><label> Sus requisitos*<br \/>\n<span class=\"wpcf7-form-control-wrap\" data-name=\"your-message\"><textarea cols=\"40\" rows=\"10\" maxlength=\"2000\" class=\"wpcf7-form-control wpcf7-textarea wpcf7-validates-as-required\" aria-required=\"true\" aria-invalid=\"false\" name=\"your-message\"><\/textarea><\/span> <\/label>\n<\/p>\n<p><input class=\"wpcf7-form-control wpcf7-submit has-spinner\" type=\"submit\" value=\"Enviar\" \/>\n<\/p><p style=\"display: none !important;\" class=\"akismet-fields-container\" data-prefix=\"_wpcf7_ak_\"><label>&#916;<textarea name=\"_wpcf7_ak_hp_textarea\" cols=\"45\" rows=\"8\" maxlength=\"100\"><\/textarea><\/label><input type=\"hidden\" id=\"ak_js_1\" name=\"_wpcf7_ak_js\" value=\"35\"\/><script>document.getElementById( \"ak_js_1\" ).setAttribute( \"value\", ( new Date() ).getTime() );<\/script><\/p><div class=\"wpcf7-response-output\" aria-hidden=\"true\"><\/div>\n<input type=\"hidden\" name=\"trp-form-language\" value=\"es\"\/><\/form>\n<\/div>\n\n<div style='text-align:left' class='yasr-auto-insert-visitor'><\/div>","protected":false},"excerpt":{"rendered":"<p>Marca: GELGOOG<\/p>\n<p>Tensi\u00f3n: 380 V<\/p>\n<p>Capacity\uff1a100kg\/h-1000kg\/h<\/p>\n<p>Correo electr\u00f3nico: shanna@machinehall.com<\/p>\n<p>Tel\u00e9fono: +8618638676709<\/p>","protected":false},"featured_media":5513,"comment_status":"open","ping_status":"closed","template":"","meta":{"site-sidebar-layout":"default","site-content-layout":"","ast-site-content-layout":"default","site-content-style":"default","site-sidebar-style":"default","ast-global-header-display":"","ast-banner-title-visibility":"","ast-main-header-display":"","ast-hfb-above-header-display":"","ast-hfb-below-header-display":"","ast-hfb-mobile-header-display":"","site-post-title":"","ast-breadcrumbs-content":"","ast-featured-img":"","footer-sml-layout":"","theme-transparent-header-meta":"default","adv-header-id-meta":"","stick-header-meta":"","header-above-stick-meta":"","header-main-stick-meta":"","header-below-stick-meta":"","astra-migrate-meta-layouts":"set","ast-page-background-enabled":"default","ast-page-background-meta":{"desktop":{"background-color":"","background-image":"","background-repeat":"repeat","background-position":"center center","background-size":"auto","background-attachment":"scroll","background-type":"","background-media":"","overlay-type":"","overlay-color":"","overlay-opacity":"","overlay-gradient":""},"tablet":{"background-color":"","background-image":"","background-repeat":"repeat","background-position":"center center","background-size":"auto","background-attachment":"scroll","background-type":"","background-media":"","overlay-type":"","overlay-color":"","overlay-opacity":"","overlay-gradient":""},"mobile":{"background-color":"","background-image":"","background-repeat":"repeat","background-position":"center center","background-size":"auto","background-attachment":"scroll","background-type":"","background-media":"","overlay-type":"","overlay-color":"","overlay-opacity":"","overlay-gradient":""}},"ast-content-background-meta":{"desktop":{"background-color":"var(--ast-global-color-5)","background-image":"","background-repeat":"repeat","background-position":"center center","background-size":"auto","background-attachment":"scroll","background-type":"","background-media":"","overlay-type":"","overlay-color":"","overlay-opacity":"","overlay-gradient":""},"tablet":{"background-color":"var(--ast-global-color-5)","background-image":"","background-repeat":"repeat","background-position":"center center","background-size":"auto","background-attachment":"scroll","background-type":"","background-media":"","overlay-type":"","overlay-color":"","overlay-opacity":"","overlay-gradient":""},"mobile":{"background-color":"var(--ast-global-color-5)","background-image":"","background-repeat":"repeat","background-position":"center center","background-size":"auto","background-attachment":"scroll","background-type":"","background-media":"","overlay-type":"","overlay-color":"","overlay-opacity":"","overlay-gradient":""}},"yasr_overall_rating":0,"yasr_post_is_review":"","yasr_auto_insert_disabled":"","yasr_review_type":""},"product_brand":[],"product_cat":[22,24,25],"product_tag":[],"class_list":{"0":"post-5509","1":"product","2":"type-product","3":"status-publish","4":"has-post-thumbnail","6":"product_cat-hard-biscuit-production-line","7":"product_cat-cookie-production-line","8":"product_cat-soft-biscuit-production-line","9":"desktop-align-left","10":"tablet-align-left","11":"mobile-align-left","13":"first","14":"instock","15":"shipping-taxable","16":"product-type-simple"},"yoast_head":"<!-- This site is optimized with the Yoast SEO plugin v24.4 - https:\/\/yoast.com\/wordpress\/plugins\/seo\/ -->\n<title>Biscuit Production Line Manufacturer | Industrial Solutions - Biscuit Production Solution Manufacturer<\/title>\n<meta name=\"description\" content=\"As a biscuit production line manufacturer, we focus on provide large-capacity automation lines. Support customization and significantly improve efficiency.\" \/>\n<meta name=\"robots\" content=\"index, follow, max-snippet:-1, max-image-preview:large, max-video-preview:-1\" \/>\n<link rel=\"canonical\" href=\"https:\/\/www.biscuitsolution.com\/es\/producto\/biscuit-production-line-manufacturer\/\" \/>\n<meta property=\"og:locale\" content=\"es_ES\" \/>\n<meta property=\"og:type\" content=\"article\" \/>\n<meta property=\"og:title\" content=\"Biscuit Production Line Manufacturer | Industrial Solutions - Biscuit Production Solution Manufacturer\" \/>\n<meta property=\"og:description\" content=\"As a biscuit production line manufacturer, we focus on provide large-capacity automation lines. Support customization and significantly improve efficiency.\" \/>\n<meta property=\"og:url\" content=\"https:\/\/www.biscuitsolution.com\/es\/producto\/biscuit-production-line-manufacturer\/\" \/>\n<meta property=\"og:site_name\" content=\"Biscuit Production Solution Manufacturer\" \/>\n<meta property=\"article:publisher\" content=\"https:\/\/www.facebook.com\/profile.php?id=100095205040823\" \/>\n<meta property=\"article:modified_time\" content=\"2025-04-25T07:14:27+00:00\" \/>\n<meta property=\"og:image\" content=\"https:\/\/www.biscuitsolution.com\/wp-content\/uploads\/2025\/04\/biscuit-production-lines-manufacturer.jpg\" \/>\n\t<meta property=\"og:image:width\" content=\"600\" \/>\n\t<meta property=\"og:image:height\" content=\"600\" \/>\n\t<meta property=\"og:image:type\" content=\"image\/jpeg\" \/>\n<meta name=\"twitter:card\" content=\"summary_large_image\" \/>\n<meta name=\"twitter:site\" content=\"@shanna_zha26342\" \/>\n<meta name=\"twitter:label1\" content=\"Tiempo de lectura\" \/>\n\t<meta name=\"twitter:data1\" content=\"3 minutos\" \/>\n<script type=\"application\/ld+json\" class=\"yoast-schema-graph\">{\"@context\":\"https:\/\/schema.org\",\"@graph\":[{\"@type\":\"WebPage\",\"@id\":\"https:\/\/www.biscuitsolution.com\/product\/biscuit-production-line-manufacturer\/\",\"url\":\"https:\/\/www.biscuitsolution.com\/product\/biscuit-production-line-manufacturer\/\",\"name\":\"Biscuit Production Line Manufacturer | Industrial Solutions - Biscuit Production Solution Manufacturer\",\"isPartOf\":{\"@id\":\"https:\/\/www.biscuitsolution.com\/#website\"},\"primaryImageOfPage\":{\"@id\":\"https:\/\/www.biscuitsolution.com\/product\/biscuit-production-line-manufacturer\/#primaryimage\"},\"image\":{\"@id\":\"https:\/\/www.biscuitsolution.com\/product\/biscuit-production-line-manufacturer\/#primaryimage\"},\"thumbnailUrl\":\"https:\/\/www.biscuitsolution.com\/wp-content\/uploads\/2025\/04\/biscuit-production-lines-manufacturer.jpg\",\"datePublished\":\"2025-04-25T07:14:26+00:00\",\"dateModified\":\"2025-04-25T07:14:27+00:00\",\"description\":\"As a biscuit production line manufacturer, we focus on provide large-capacity automation lines. Support customization and significantly improve efficiency.\",\"breadcrumb\":{\"@id\":\"https:\/\/www.biscuitsolution.com\/product\/biscuit-production-line-manufacturer\/#breadcrumb\"},\"inLanguage\":\"es\",\"potentialAction\":[{\"@type\":\"ReadAction\",\"target\":[\"https:\/\/www.biscuitsolution.com\/product\/biscuit-production-line-manufacturer\/\"]}]},{\"@type\":\"ImageObject\",\"inLanguage\":\"es\",\"@id\":\"https:\/\/www.biscuitsolution.com\/product\/biscuit-production-line-manufacturer\/#primaryimage\",\"url\":\"https:\/\/www.biscuitsolution.com\/wp-content\/uploads\/2025\/04\/biscuit-production-lines-manufacturer.jpg\",\"contentUrl\":\"https:\/\/www.biscuitsolution.com\/wp-content\/uploads\/2025\/04\/biscuit-production-lines-manufacturer.jpg\",\"width\":600,\"height\":600,\"caption\":\"biscuit production line manufacturer\"},{\"@type\":\"BreadcrumbList\",\"@id\":\"https:\/\/www.biscuitsolution.com\/product\/biscuit-production-line-manufacturer\/#breadcrumb\",\"itemListElement\":[{\"@type\":\"ListItem\",\"position\":1,\"name\":\"Home\",\"item\":\"https:\/\/www.biscuitsolution.com\/\"},{\"@type\":\"ListItem\",\"position\":2,\"name\":\"Product\",\"item\":\"https:\/\/www.biscuitsolution.com\/product\/\"},{\"@type\":\"ListItem\",\"position\":3,\"name\":\"Biscuit Production Line Manufacturer | Industrial Solutions\"}]},{\"@type\":\"WebSite\",\"@id\":\"https:\/\/www.biscuitsolution.com\/#website\",\"url\":\"https:\/\/www.biscuitsolution.com\/\",\"name\":\"Biscuit Production Solution Manufacturer\",\"description\":\"\",\"potentialAction\":[{\"@type\":\"SearchAction\",\"target\":{\"@type\":\"EntryPoint\",\"urlTemplate\":\"https:\/\/www.biscuitsolution.com\/?s={search_term_string}\"},\"query-input\":{\"@type\":\"PropertyValueSpecification\",\"valueRequired\":true,\"valueName\":\"search_term_string\"}}],\"inLanguage\":\"es\"},false]}<\/script>\n<!-- \/ Yoast SEO plugin. -->","yoast_head_json":{"title":"Fabricante de l\u00edneas de producci\u00f3n de galletas | Soluciones industriales - Fabricante de soluciones para la producci\u00f3n de galletas","description":"Como fabricante de l\u00edneas de producci\u00f3n de galletas, nos centramos en proporcionar l\u00edneas de automatizaci\u00f3n de gran capacidad. Apoyar la personalizaci\u00f3n y mejorar significativamente la eficiencia.","robots":{"index":"index","follow":"follow","max-snippet":"max-snippet:-1","max-image-preview":"max-image-preview:large","max-video-preview":"max-video-preview:-1"},"canonical":"https:\/\/www.biscuitsolution.com\/es\/producto\/biscuit-production-line-manufacturer\/","og_locale":"es_ES","og_type":"article","og_title":"Biscuit Production Line Manufacturer | Industrial Solutions - Biscuit Production Solution Manufacturer","og_description":"As a biscuit production line manufacturer, we focus on provide large-capacity automation lines. Support customization and significantly improve efficiency.","og_url":"https:\/\/www.biscuitsolution.com\/es\/producto\/biscuit-production-line-manufacturer\/","og_site_name":"Biscuit Production Solution Manufacturer","article_publisher":"https:\/\/www.facebook.com\/profile.php?id=100095205040823","article_modified_time":"2025-04-25T07:14:27+00:00","og_image":[{"width":600,"height":600,"url":"https:\/\/www.biscuitsolution.com\/wp-content\/uploads\/2025\/04\/biscuit-production-lines-manufacturer.jpg","type":"image\/jpeg"}],"twitter_card":"summary_large_image","twitter_site":"@shanna_zha26342","twitter_misc":{"Tiempo de lectura":"3 minutos"},"schema":{"@context":"https:\/\/schema.org","@graph":[{"@type":"WebPage","@id":"https:\/\/www.biscuitsolution.com\/product\/biscuit-production-line-manufacturer\/","url":"https:\/\/www.biscuitsolution.com\/product\/biscuit-production-line-manufacturer\/","name":"Fabricante de l\u00edneas de producci\u00f3n de galletas | Soluciones industriales - Fabricante de soluciones para la producci\u00f3n de galletas","isPartOf":{"@id":"https:\/\/www.biscuitsolution.com\/#website"},"primaryImageOfPage":{"@id":"https:\/\/www.biscuitsolution.com\/product\/biscuit-production-line-manufacturer\/#primaryimage"},"image":{"@id":"https:\/\/www.biscuitsolution.com\/product\/biscuit-production-line-manufacturer\/#primaryimage"},"thumbnailUrl":"https:\/\/www.biscuitsolution.com\/wp-content\/uploads\/2025\/04\/biscuit-production-lines-manufacturer.jpg","datePublished":"2025-04-25T07:14:26+00:00","dateModified":"2025-04-25T07:14:27+00:00","description":"Como fabricante de l\u00edneas de producci\u00f3n de galletas, nos centramos en proporcionar l\u00edneas de automatizaci\u00f3n de gran capacidad. Apoyar la personalizaci\u00f3n y mejorar significativamente la eficiencia.","breadcrumb":{"@id":"https:\/\/www.biscuitsolution.com\/product\/biscuit-production-line-manufacturer\/#breadcrumb"},"inLanguage":"es","potentialAction":[{"@type":"ReadAction","target":["https:\/\/www.biscuitsolution.com\/product\/biscuit-production-line-manufacturer\/"]}]},{"@type":"ImageObject","inLanguage":"es","@id":"https:\/\/www.biscuitsolution.com\/product\/biscuit-production-line-manufacturer\/#primaryimage","url":"https:\/\/www.biscuitsolution.com\/wp-content\/uploads\/2025\/04\/biscuit-production-lines-manufacturer.jpg","contentUrl":"https:\/\/www.biscuitsolution.com\/wp-content\/uploads\/2025\/04\/biscuit-production-lines-manufacturer.jpg","width":600,"height":600,"caption":"biscuit production line manufacturer"},{"@type":"BreadcrumbList","@id":"https:\/\/www.biscuitsolution.com\/product\/biscuit-production-line-manufacturer\/#breadcrumb","itemListElement":[{"@type":"ListItem","position":1,"name":"Home","item":"https:\/\/www.biscuitsolution.com\/"},{"@type":"ListItem","position":2,"name":"Product","item":"https:\/\/www.biscuitsolution.com\/product\/"},{"@type":"ListItem","position":3,"name":"Biscuit Production Line Manufacturer | Industrial Solutions"}]},{"@type":"WebSite","@id":"https:\/\/www.biscuitsolution.com\/#website","url":"https:\/\/www.biscuitsolution.com\/","name":"Fabricante de soluciones para la producci\u00f3n de galletas","description":"","potentialAction":[{"@type":"SearchAction","target":{"@type":"EntryPoint","urlTemplate":"https:\/\/www.biscuitsolution.com\/?s={search_term_string}"},"query-input":{"@type":"PropertyValueSpecification","valueRequired":true,"valueName":"search_term_string"}}],"inLanguage":"es"},false]}},"yasr_visitor_votes":{"stars_attributes":{"read_only":false,"span_bottom":false},"number_of_votes":0,"sum_votes":0},"_links":{"self":[{"href":"https:\/\/www.biscuitsolution.com\/es\/wp-json\/wp\/v2\/product\/5509","targetHints":{"allow":["GET"]}}],"collection":[{"href":"https:\/\/www.biscuitsolution.com\/es\/wp-json\/wp\/v2\/product"}],"about":[{"href":"https:\/\/www.biscuitsolution.com\/es\/wp-json\/wp\/v2\/types\/product"}],"replies":[{"embeddable":true,"href":"https:\/\/www.biscuitsolution.com\/es\/wp-json\/wp\/v2\/comments?post=5509"}],"version-history":[{"count":1,"href":"https:\/\/www.biscuitsolution.com\/es\/wp-json\/wp\/v2\/product\/5509\/revisions"}],"predecessor-version":[{"id":5514,"href":"https:\/\/www.biscuitsolution.com\/es\/wp-json\/wp\/v2\/product\/5509\/revisions\/5514"}],"wp:featuredmedia":[{"embeddable":true,"href":"https:\/\/www.biscuitsolution.com\/es\/wp-json\/wp\/v2\/media\/5513"}],"wp:attachment":[{"href":"https:\/\/www.biscuitsolution.com\/es\/wp-json\/wp\/v2\/media?parent=5509"}],"wp:term":[{"taxonomy":"product_brand","embeddable":true,"href":"https:\/\/www.biscuitsolution.com\/es\/wp-json\/wp\/v2\/product_brand?post=5509"},{"taxonomy":"product_cat","embeddable":true,"href":"https:\/\/www.biscuitsolution.com\/es\/wp-json\/wp\/v2\/product_cat?post=5509"},{"taxonomy":"product_tag","embeddable":true,"href":"https:\/\/www.biscuitsolution.com\/es\/wp-json\/wp\/v2\/product_tag?post=5509"}],"curies":[{"name":"wp","href":"https:\/\/api.w.org\/{rel}","templated":true}]}}