{"id":5389,"date":"2025-03-19T17:09:21","date_gmt":"2025-03-19T09:09:21","guid":{"rendered":"https:\/\/www.biscuitsolution.com\/?post_type=product&#038;p=5389"},"modified":"2025-03-19T17:10:07","modified_gmt":"2025-03-19T09:10:07","slug":"advanced-extruded-cookie-making-machines","status":"publish","type":"product","link":"https:\/\/www.biscuitsolution.com\/es\/producto\/advanced-extruded-cookie-making-machines\/","title":{"rendered":"M\u00e1quinas avanzadas de galletas extruidas"},"content":{"rendered":"<p>Nuestra <strong>m\u00e1quinas para hacer galletas extruidas<\/strong> est\u00e1n dise\u00f1adas para satisfacer las necesidades de las modernas f\u00e1bricas de galletas, desde las de nueva creaci\u00f3n hasta las grandes modernizaciones industriales.<\/p>\n<p><img fetchpriority=\"high\" decoding=\"async\" class=\"alignnone size-full wp-image-5391\" src=\"https:\/\/www.biscuitsolution.com\/wp-content\/uploads\/2025\/03\/extruded-cookie-machine.jpg\" alt=\"m\u00e1quina de galletas extrusionadas\" width=\"800\" height=\"450\" srcset=\"https:\/\/www.biscuitsolution.com\/wp-content\/uploads\/2025\/03\/extruded-cookie-machine.jpg 800w, https:\/\/www.biscuitsolution.com\/wp-content\/uploads\/2025\/03\/extruded-cookie-machine-300x169.jpg 300w, https:\/\/www.biscuitsolution.com\/wp-content\/uploads\/2025\/03\/extruded-cookie-machine-768x432.jpg 768w, https:\/\/www.biscuitsolution.com\/wp-content\/uploads\/2025\/03\/extruded-cookie-machine-18x10.jpg 18w, https:\/\/www.biscuitsolution.com\/wp-content\/uploads\/2025\/03\/extruded-cookie-machine-600x338.jpg 600w, https:\/\/www.biscuitsolution.com\/wp-content\/uploads\/2025\/03\/extruded-cookie-machine-64x36.jpg 64w\" sizes=\"(max-width: 800px) 100vw, 800px\" \/><\/p>\n<h2>\u00bfPor qu\u00e9 elegir una m\u00e1quina para hacer galletas extruidas?<\/h2>\n<p>Las galletas extruidas son populares entre los consumidores por sus formas complejas y su textura uniforme. Sin embargo, conseguir manualmente la forma exacta y una calidad uniforme lleva mucho tiempo y es laborioso. Nuestras m\u00e1quinas ofrecen varias ventajas:<\/p>\n<ul>\n<li>Tecnolog\u00eda de extrusi\u00f3n de precisi\u00f3n: Cree f\u00e1cilmente formas complejas de galletas (como cintas, conchas o dise\u00f1os personalizados) mediante troqueles y boquillas dise\u00f1ables.<\/li>\n<li>Producci\u00f3n a alta velocidad: Produzca hasta 5000 galletas por hora (seg\u00fan el modelo), reduciendo el tiempo de inactividad y maximizando la producci\u00f3n. Ideal para satisfacer pedidos al por mayor sin comprometer la calidad.<\/li>\n<li>Versatilidad de recetas: Funciona con una gran variedad de tipos de masa, incluidas masas blandas, duras o pegajosas. Ajuste la velocidad de extrusi\u00f3n y la presi\u00f3n para adaptarse a diferentes texturas e ingredientes.<\/li>\n<li>F\u00e1cil de mantener e higi\u00e9nico: La construcci\u00f3n en acero inoxidable de calidad alimentaria cumple las normas de seguridad mundiales. Las piezas de desmontaje r\u00e1pido simplifican la limpieza y minimizan los riesgos de contaminaci\u00f3n cruzada.<\/li>\n<\/ul>\n<p><img decoding=\"async\" class=\"alignnone size-full wp-image-5392\" src=\"https:\/\/www.biscuitsolution.com\/wp-content\/uploads\/2025\/03\/commercial-cookie-making-machine.jpg\" alt=\"m\u00e1quina comercial para hacer galletas\" width=\"800\" height=\"450\" srcset=\"https:\/\/www.biscuitsolution.com\/wp-content\/uploads\/2025\/03\/commercial-cookie-making-machine.jpg 800w, https:\/\/www.biscuitsolution.com\/wp-content\/uploads\/2025\/03\/commercial-cookie-making-machine-300x169.jpg 300w, https:\/\/www.biscuitsolution.com\/wp-content\/uploads\/2025\/03\/commercial-cookie-making-machine-768x432.jpg 768w, https:\/\/www.biscuitsolution.com\/wp-content\/uploads\/2025\/03\/commercial-cookie-making-machine-18x10.jpg 18w, https:\/\/www.biscuitsolution.com\/wp-content\/uploads\/2025\/03\/commercial-cookie-making-machine-600x338.jpg 600w, https:\/\/www.biscuitsolution.com\/wp-content\/uploads\/2025\/03\/commercial-cookie-making-machine-64x36.jpg 64w\" sizes=\"(max-width: 800px) 100vw, 800px\" \/><\/p>\n<h2>Caracter\u00edsticas principales de la m\u00e1quina comercial para hacer galletas<\/h2>\n<p>Tanto si produce galletas extruidas, moldeadas por rotaci\u00f3n o cortadas con alambre, nuestras m\u00e1quinas para galletas est\u00e1n dise\u00f1adas para ofrecer fiabilidad y rendimiento:<\/p>\n<ul>\n<li>Funcionamiento totalmente autom\u00e1tico: Reduzca los costes de mano de obra con los sistemas autom\u00e1ticos de alimentaci\u00f3n, moldeado, corte y dep\u00f3sito de masa. Los operarios pueden supervisar la producci\u00f3n mediante una interfaz de pantalla t\u00e1ctil f\u00e1cil de usar.<\/li>\n<li>Configuraci\u00f3n personalizable: A\u00f1ada m\u00f3dulos como sistemas de glaseado, unidades de recubrimiento de chocolate o extrusi\u00f3n multicapa para ofrecer productos de primera calidad.<\/li>\n<li>Eficiencia energ\u00e9tica: Los motores avanzados y la gesti\u00f3n inteligente de la potencia reducen el consumo de energ\u00eda hasta 30%, lo que reduce los costes operativos.<\/li>\n<li>Escalabilidad: Desde unidades compactas de sobremesa para empresas de nueva creaci\u00f3n hasta l\u00edneas de producci\u00f3n totalmente integradas para f\u00e1bricas, ofrecemos soluciones adaptadas a sus necesidades de capacidad.<\/li>\n<li>Aplicaciones en la industria panadera<\/li>\n<\/ul>\n<p><img decoding=\"async\" class=\"alignnone size-full wp-image-5393\" src=\"https:\/\/www.biscuitsolution.com\/wp-content\/uploads\/2025\/03\/extruded-cookies-machine.jpg\" alt=\"m\u00e1quina comercial para hacer galletas\" width=\"800\" height=\"450\" srcset=\"https:\/\/www.biscuitsolution.com\/wp-content\/uploads\/2025\/03\/extruded-cookies-machine.jpg 800w, https:\/\/www.biscuitsolution.com\/wp-content\/uploads\/2025\/03\/extruded-cookies-machine-300x169.jpg 300w, https:\/\/www.biscuitsolution.com\/wp-content\/uploads\/2025\/03\/extruded-cookies-machine-768x432.jpg 768w, https:\/\/www.biscuitsolution.com\/wp-content\/uploads\/2025\/03\/extruded-cookies-machine-18x10.jpg 18w, https:\/\/www.biscuitsolution.com\/wp-content\/uploads\/2025\/03\/extruded-cookies-machine-600x338.jpg 600w, https:\/\/www.biscuitsolution.com\/wp-content\/uploads\/2025\/03\/extruded-cookies-machine-64x36.jpg 64w\" sizes=\"(max-width: 800px) 100vw, 800px\" \/><\/p>\n<h2>Nuestras m\u00e1quinas cuentan con la confianza de:<\/h2>\n<ul>\n<li>Grandes panader\u00edas y fabricantes de alimentos: Simplifique la producci\u00f3n de grandes vol\u00famenes de galletas de marca.<\/li>\n<li>Hoteles y empresas de catering: Ofrezca postres y aperitivos frescos y homog\u00e9neos.<\/li>\n<li>Startups: Escalar las recetas artesanales sin perder autenticidad.<\/li>\n<\/ul>\n<h2>Invierta en el futuro de la panader\u00eda<\/h2>\n<p>No nos limitamos a vender m\u00e1quinas, ofrecemos soluciones llave en mano para transformar su producci\u00f3n de galletas. Nuestro equipo ofrece asistencia integral, desde la instalaci\u00f3n y la formaci\u00f3n hasta la optimizaci\u00f3n de recetas.<\/p>\n<p>\u00bfEst\u00e1 listo para actualizar su l\u00ednea de producci\u00f3n?<\/p>\n<p>P\u00f3ngase en contacto con nosotros hoy mismo para una consulta gratuita o para solicitar una demostraci\u00f3n en directo de nuestras m\u00e1quinas de extrusi\u00f3n para galletas. \u00a1Horneemos juntos hacia el \u00e9xito!<\/p>\n<h2>Deje un mensaje para obtener un presupuesto<\/h2>\n\n<div class=\"wpcf7 no-js\" id=\"wpcf7-f4619-o1\" lang=\"en-US\" dir=\"ltr\" data-wpcf7-id=\"4619\">\n<div class=\"screen-reader-response\"><p role=\"status\" aria-live=\"polite\" aria-atomic=\"true\"><\/p> <ul><\/ul><\/div>\n<form action=\"\/es\/wp-json\/wp\/v2\/product\/5389#wpcf7-f4619-o1\" method=\"post\" class=\"wpcf7-form init\" aria-label=\"Formulario de contacto\" novalidate=\"novalidate\" data-status=\"init\" data-trp-original-action=\"\/es\/wp-json\/wp\/v2\/product\/5389#wpcf7-f4619-o1\">\n<div style=\"display: none;\">\n<input type=\"hidden\" name=\"_wpcf7\" value=\"4619\" \/>\n<input type=\"hidden\" name=\"_wpcf7_version\" value=\"6.0.4\" \/>\n<input type=\"hidden\" name=\"_wpcf7_locale\" value=\"en_US\" \/>\n<input type=\"hidden\" name=\"_wpcf7_unit_tag\" value=\"wpcf7-f4619-o1\" \/>\n<input type=\"hidden\" name=\"_wpcf7_container_post\" value=\"0\" \/>\n<input type=\"hidden\" name=\"_wpcf7_posted_data_hash\" value=\"\" \/>\n<\/div>\n<p><label> Su nombre<br \/>\n<span class=\"wpcf7-form-control-wrap\" data-name=\"your-name\"><input size=\"40\" maxlength=\"400\" class=\"wpcf7-form-control wpcf7-text wpcf7-validates-as-required\" aria-required=\"true\" aria-invalid=\"false\" value=\"\" type=\"text\" name=\"your-name\" \/><\/span> <\/label>\n<\/p>\n<p><label> Su pa\u00eds<br \/>\n<span class=\"wpcf7-form-control-wrap\" data-name=\"your-country\"><input size=\"40\" maxlength=\"400\" class=\"wpcf7-form-control wpcf7-text\" aria-invalid=\"false\" value=\"\" type=\"text\" name=\"your-country\" \/><\/span><\/label>\n<\/p>\n<p><label> Su correo electr\u00f3nico<br \/>\n<span class=\"wpcf7-form-control-wrap\" data-name=\"your-email\"><input size=\"40\" maxlength=\"400\" class=\"wpcf7-form-control wpcf7-email wpcf7-validates-as-required wpcf7-text wpcf7-validates-as-email\" aria-required=\"true\" aria-invalid=\"false\" value=\"\" type=\"email\" name=\"your-email\" \/><\/span> <\/label>\n<\/p>\n<p><label> Tu tel\u00e9fono<br \/>\n<span class=\"wpcf7-form-control-wrap\" data-name=\"your-phone\"><input size=\"40\" maxlength=\"400\" class=\"wpcf7-form-control wpcf7-tel wpcf7-text wpcf7-validates-as-tel\" aria-invalid=\"false\" value=\"\" type=\"tel\" name=\"your-phone\" \/><\/span> <\/label>\n<\/p>\n<p><label> Nombre de su empresa<br \/>\n<span class=\"wpcf7-form-control-wrap\" data-name=\"text-457\"><input size=\"40\" maxlength=\"400\" class=\"wpcf7-form-control wpcf7-text\" aria-invalid=\"false\" value=\"\" type=\"text\" name=\"text-457\" \/><\/span> <\/label>\n<\/p>\n<p><label> El sitio web de su empresa<br \/>\n<span class=\"wpcf7-form-control-wrap\" data-name=\"text-546\"><input size=\"40\" maxlength=\"400\" class=\"wpcf7-form-control wpcf7-text\" aria-invalid=\"false\" value=\"\" type=\"text\" name=\"text-546\" \/><\/span> <\/label>\n<\/p>\n<p><label> Sus requisitos*<br \/>\n<span class=\"wpcf7-form-control-wrap\" data-name=\"your-message\"><textarea cols=\"40\" rows=\"10\" maxlength=\"2000\" class=\"wpcf7-form-control wpcf7-textarea wpcf7-validates-as-required\" aria-required=\"true\" aria-invalid=\"false\" name=\"your-message\"><\/textarea><\/span> <\/label>\n<\/p>\n<p><input class=\"wpcf7-form-control wpcf7-submit has-spinner\" type=\"submit\" value=\"Enviar\" \/>\n<\/p><p style=\"display: none !important;\" class=\"akismet-fields-container\" data-prefix=\"_wpcf7_ak_\"><label>&#916;<textarea name=\"_wpcf7_ak_hp_textarea\" cols=\"45\" rows=\"8\" maxlength=\"100\"><\/textarea><\/label><input type=\"hidden\" id=\"ak_js_1\" name=\"_wpcf7_ak_js\" value=\"210\"\/><script>document.getElementById( \"ak_js_1\" ).setAttribute( \"value\", ( new Date() ).getTime() );<\/script><\/p><div class=\"wpcf7-response-output\" aria-hidden=\"true\"><\/div>\n<input type=\"hidden\" name=\"trp-form-language\" value=\"es\"\/><\/form>\n<\/div>\n\n<div style='text-align:left' class='yasr-auto-insert-visitor'><\/div>","protected":false},"excerpt":{"rendered":"<p>Rendimiento: 100KG\/H<\/p>\n<p>Correo electr\u00f3nico: shanna@machinehall.com<\/p>\n<p>WhatsApp\/WeChat\/TEL: +8618638676709<\/p>\n<p>Fuente de alimentaci\u00f3n: 380V\/220V, adaptable a las normas regionales.<\/p>\n<p>Garant\u00eda: 2 a\u00f1os de cobertura total con asistencia t\u00e9cnica 24 horas al d\u00eda, 7 d\u00edas a la semana.<\/p>","protected":false},"featured_media":5390,"comment_status":"open","ping_status":"closed","template":"","meta":{"site-sidebar-layout":"default","site-content-layout":"","ast-site-content-layout":"default","site-content-style":"default","site-sidebar-style":"default","ast-global-header-display":"","ast-banner-title-visibility":"","ast-main-header-display":"","ast-hfb-above-header-display":"","ast-hfb-below-header-display":"","ast-hfb-mobile-header-display":"","site-post-title":"","ast-breadcrumbs-content":"","ast-featured-img":"","footer-sml-layout":"","theme-transparent-header-meta":"default","adv-header-id-meta":"","stick-header-meta":"","header-above-stick-meta":"","header-main-stick-meta":"","header-below-stick-meta":"","astra-migrate-meta-layouts":"set","ast-page-background-enabled":"default","ast-page-background-meta":{"desktop":{"background-color":"","background-image":"","background-repeat":"repeat","background-position":"center center","background-size":"auto","background-attachment":"scroll","background-type":"","background-media":"","overlay-type":"","overlay-color":"","overlay-opacity":"","overlay-gradient":""},"tablet":{"background-color":"","background-image":"","background-repeat":"repeat","background-position":"center center","background-size":"auto","background-attachment":"scroll","background-type":"","background-media":"","overlay-type":"","overlay-color":"","overlay-opacity":"","overlay-gradient":""},"mobile":{"background-color":"","background-image":"","background-repeat":"repeat","background-position":"center center","background-size":"auto","background-attachment":"scroll","background-type":"","background-media":"","overlay-type":"","overlay-color":"","overlay-opacity":"","overlay-gradient":""}},"ast-content-background-meta":{"desktop":{"background-color":"var(--ast-global-color-5)","background-image":"","background-repeat":"repeat","background-position":"center center","background-size":"auto","background-attachment":"scroll","background-type":"","background-media":"","overlay-type":"","overlay-color":"","overlay-opacity":"","overlay-gradient":""},"tablet":{"background-color":"var(--ast-global-color-5)","background-image":"","background-repeat":"repeat","background-position":"center center","background-size":"auto","background-attachment":"scroll","background-type":"","background-media":"","overlay-type":"","overlay-color":"","overlay-opacity":"","overlay-gradient":""},"mobile":{"background-color":"var(--ast-global-color-5)","background-image":"","background-repeat":"repeat","background-position":"center center","background-size":"auto","background-attachment":"scroll","background-type":"","background-media":"","overlay-type":"","overlay-color":"","overlay-opacity":"","overlay-gradient":""}},"yasr_overall_rating":0,"yasr_post_is_review":"","yasr_auto_insert_disabled":"","yasr_review_type":""},"product_brand":[],"product_cat":[24],"product_tag":[],"class_list":{"0":"post-5389","1":"product","2":"type-product","3":"status-publish","4":"has-post-thumbnail","6":"product_cat-cookie-production-line","7":"desktop-align-left","8":"tablet-align-left","9":"mobile-align-left","11":"first","12":"instock","13":"shipping-taxable","14":"product-type-simple"},"yoast_head":"<!-- This site is optimized with the Yoast SEO plugin v24.4 - https:\/\/yoast.com\/wordpress\/plugins\/seo\/ -->\n<title>Advanced Extruded Cookie Making Machines<\/title>\n<meta name=\"description\" content=\"Our extruded cookie making machine designed to meet the demands of modern bakeries, from small artisanal shops to large-scale industrial facilities.\" \/>\n<meta name=\"robots\" content=\"index, follow, max-snippet:-1, max-image-preview:large, max-video-preview:-1\" \/>\n<link rel=\"canonical\" href=\"https:\/\/www.biscuitsolution.com\/es\/producto\/advanced-extruded-cookie-making-machines\/\" \/>\n<meta property=\"og:locale\" content=\"es_ES\" \/>\n<meta property=\"og:type\" content=\"article\" \/>\n<meta property=\"og:title\" content=\"Advanced Extruded Cookie Making Machines\" \/>\n<meta property=\"og:description\" content=\"Our extruded cookie making machine designed to meet the demands of modern bakeries, from small artisanal shops to large-scale industrial facilities.\" \/>\n<meta property=\"og:url\" content=\"https:\/\/www.biscuitsolution.com\/es\/producto\/advanced-extruded-cookie-making-machines\/\" \/>\n<meta property=\"og:site_name\" content=\"Biscuit Production Solution Manufacturer\" \/>\n<meta property=\"article:publisher\" content=\"https:\/\/www.facebook.com\/profile.php?id=100095205040823\" \/>\n<meta property=\"article:modified_time\" content=\"2025-03-19T09:10:07+00:00\" \/>\n<meta property=\"og:image\" content=\"https:\/\/www.biscuitsolution.com\/wp-content\/uploads\/2025\/03\/extruded-cookie-making-machine.jpg\" \/>\n\t<meta property=\"og:image:width\" content=\"600\" \/>\n\t<meta property=\"og:image:height\" content=\"600\" \/>\n\t<meta property=\"og:image:type\" content=\"image\/jpeg\" \/>\n<meta name=\"twitter:card\" content=\"summary_large_image\" \/>\n<meta name=\"twitter:site\" content=\"@shanna_zha26342\" \/>\n<meta name=\"twitter:label1\" content=\"Tiempo de lectura\" \/>\n\t<meta name=\"twitter:data1\" content=\"3 minutos\" \/>\n<script type=\"application\/ld+json\" class=\"yoast-schema-graph\">{\"@context\":\"https:\/\/schema.org\",\"@graph\":[{\"@type\":\"WebPage\",\"@id\":\"https:\/\/www.biscuitsolution.com\/product\/advanced-extruded-cookie-making-machines\/\",\"url\":\"https:\/\/www.biscuitsolution.com\/product\/advanced-extruded-cookie-making-machines\/\",\"name\":\"Advanced Extruded Cookie Making Machines\",\"isPartOf\":{\"@id\":\"https:\/\/www.biscuitsolution.com\/#website\"},\"primaryImageOfPage\":{\"@id\":\"https:\/\/www.biscuitsolution.com\/product\/advanced-extruded-cookie-making-machines\/#primaryimage\"},\"image\":{\"@id\":\"https:\/\/www.biscuitsolution.com\/product\/advanced-extruded-cookie-making-machines\/#primaryimage\"},\"thumbnailUrl\":\"https:\/\/www.biscuitsolution.com\/wp-content\/uploads\/2025\/03\/extruded-cookie-making-machine.jpg\",\"datePublished\":\"2025-03-19T09:09:21+00:00\",\"dateModified\":\"2025-03-19T09:10:07+00:00\",\"description\":\"Our extruded cookie making machine designed to meet the demands of modern bakeries, from small artisanal shops to large-scale industrial facilities.\",\"breadcrumb\":{\"@id\":\"https:\/\/www.biscuitsolution.com\/product\/advanced-extruded-cookie-making-machines\/#breadcrumb\"},\"inLanguage\":\"es\",\"potentialAction\":[{\"@type\":\"ReadAction\",\"target\":[\"https:\/\/www.biscuitsolution.com\/product\/advanced-extruded-cookie-making-machines\/\"]}]},{\"@type\":\"ImageObject\",\"inLanguage\":\"es\",\"@id\":\"https:\/\/www.biscuitsolution.com\/product\/advanced-extruded-cookie-making-machines\/#primaryimage\",\"url\":\"https:\/\/www.biscuitsolution.com\/wp-content\/uploads\/2025\/03\/extruded-cookie-making-machine.jpg\",\"contentUrl\":\"https:\/\/www.biscuitsolution.com\/wp-content\/uploads\/2025\/03\/extruded-cookie-making-machine.jpg\",\"width\":600,\"height\":600,\"caption\":\"extruded cookie making machine\"},{\"@type\":\"BreadcrumbList\",\"@id\":\"https:\/\/www.biscuitsolution.com\/product\/advanced-extruded-cookie-making-machines\/#breadcrumb\",\"itemListElement\":[{\"@type\":\"ListItem\",\"position\":1,\"name\":\"Home\",\"item\":\"https:\/\/www.biscuitsolution.com\/\"},{\"@type\":\"ListItem\",\"position\":2,\"name\":\"Product\",\"item\":\"https:\/\/www.biscuitsolution.com\/product\/\"},{\"@type\":\"ListItem\",\"position\":3,\"name\":\"Advanced Extruded Cookie Making Machines\"}]},{\"@type\":\"WebSite\",\"@id\":\"https:\/\/www.biscuitsolution.com\/#website\",\"url\":\"https:\/\/www.biscuitsolution.com\/\",\"name\":\"Biscuit Production Solution Manufacturer\",\"description\":\"\",\"potentialAction\":[{\"@type\":\"SearchAction\",\"target\":{\"@type\":\"EntryPoint\",\"urlTemplate\":\"https:\/\/www.biscuitsolution.com\/?s={search_term_string}\"},\"query-input\":{\"@type\":\"PropertyValueSpecification\",\"valueRequired\":true,\"valueName\":\"search_term_string\"}}],\"inLanguage\":\"es\"},false]}<\/script>\n<!-- \/ Yoast SEO plugin. -->","yoast_head_json":{"title":"M\u00e1quinas avanzadas de galletas extruidas","description":"Nuestra m\u00e1quina para hacer galletas extruidas est\u00e1 dise\u00f1ada para satisfacer las exigencias de las panader\u00edas modernas, desde peque\u00f1as tiendas artesanales hasta instalaciones industriales a gran escala.","robots":{"index":"index","follow":"follow","max-snippet":"max-snippet:-1","max-image-preview":"max-image-preview:large","max-video-preview":"max-video-preview:-1"},"canonical":"https:\/\/www.biscuitsolution.com\/es\/producto\/advanced-extruded-cookie-making-machines\/","og_locale":"es_ES","og_type":"article","og_title":"Advanced Extruded Cookie Making Machines","og_description":"Our extruded cookie making machine designed to meet the demands of modern bakeries, from small artisanal shops to large-scale industrial facilities.","og_url":"https:\/\/www.biscuitsolution.com\/es\/producto\/advanced-extruded-cookie-making-machines\/","og_site_name":"Biscuit Production Solution Manufacturer","article_publisher":"https:\/\/www.facebook.com\/profile.php?id=100095205040823","article_modified_time":"2025-03-19T09:10:07+00:00","og_image":[{"width":600,"height":600,"url":"https:\/\/www.biscuitsolution.com\/wp-content\/uploads\/2025\/03\/extruded-cookie-making-machine.jpg","type":"image\/jpeg"}],"twitter_card":"summary_large_image","twitter_site":"@shanna_zha26342","twitter_misc":{"Tiempo de lectura":"3 minutos"},"schema":{"@context":"https:\/\/schema.org","@graph":[{"@type":"WebPage","@id":"https:\/\/www.biscuitsolution.com\/product\/advanced-extruded-cookie-making-machines\/","url":"https:\/\/www.biscuitsolution.com\/product\/advanced-extruded-cookie-making-machines\/","name":"M\u00e1quinas avanzadas de galletas extruidas","isPartOf":{"@id":"https:\/\/www.biscuitsolution.com\/#website"},"primaryImageOfPage":{"@id":"https:\/\/www.biscuitsolution.com\/product\/advanced-extruded-cookie-making-machines\/#primaryimage"},"image":{"@id":"https:\/\/www.biscuitsolution.com\/product\/advanced-extruded-cookie-making-machines\/#primaryimage"},"thumbnailUrl":"https:\/\/www.biscuitsolution.com\/wp-content\/uploads\/2025\/03\/extruded-cookie-making-machine.jpg","datePublished":"2025-03-19T09:09:21+00:00","dateModified":"2025-03-19T09:10:07+00:00","description":"Nuestra m\u00e1quina para hacer galletas extruidas est\u00e1 dise\u00f1ada para satisfacer las exigencias de las panader\u00edas modernas, desde peque\u00f1as tiendas artesanales hasta instalaciones industriales a gran escala.","breadcrumb":{"@id":"https:\/\/www.biscuitsolution.com\/product\/advanced-extruded-cookie-making-machines\/#breadcrumb"},"inLanguage":"es","potentialAction":[{"@type":"ReadAction","target":["https:\/\/www.biscuitsolution.com\/product\/advanced-extruded-cookie-making-machines\/"]}]},{"@type":"ImageObject","inLanguage":"es","@id":"https:\/\/www.biscuitsolution.com\/product\/advanced-extruded-cookie-making-machines\/#primaryimage","url":"https:\/\/www.biscuitsolution.com\/wp-content\/uploads\/2025\/03\/extruded-cookie-making-machine.jpg","contentUrl":"https:\/\/www.biscuitsolution.com\/wp-content\/uploads\/2025\/03\/extruded-cookie-making-machine.jpg","width":600,"height":600,"caption":"extruded cookie making machine"},{"@type":"BreadcrumbList","@id":"https:\/\/www.biscuitsolution.com\/product\/advanced-extruded-cookie-making-machines\/#breadcrumb","itemListElement":[{"@type":"ListItem","position":1,"name":"Home","item":"https:\/\/www.biscuitsolution.com\/"},{"@type":"ListItem","position":2,"name":"Product","item":"https:\/\/www.biscuitsolution.com\/product\/"},{"@type":"ListItem","position":3,"name":"Advanced Extruded Cookie Making Machines"}]},{"@type":"WebSite","@id":"https:\/\/www.biscuitsolution.com\/#website","url":"https:\/\/www.biscuitsolution.com\/","name":"Fabricante de soluciones para la producci\u00f3n de galletas","description":"","potentialAction":[{"@type":"SearchAction","target":{"@type":"EntryPoint","urlTemplate":"https:\/\/www.biscuitsolution.com\/?s={search_term_string}"},"query-input":{"@type":"PropertyValueSpecification","valueRequired":true,"valueName":"search_term_string"}}],"inLanguage":"es"},false]}},"yasr_visitor_votes":{"stars_attributes":{"read_only":false,"span_bottom":false},"number_of_votes":0,"sum_votes":0},"_links":{"self":[{"href":"https:\/\/www.biscuitsolution.com\/es\/wp-json\/wp\/v2\/product\/5389","targetHints":{"allow":["GET"]}}],"collection":[{"href":"https:\/\/www.biscuitsolution.com\/es\/wp-json\/wp\/v2\/product"}],"about":[{"href":"https:\/\/www.biscuitsolution.com\/es\/wp-json\/wp\/v2\/types\/product"}],"replies":[{"embeddable":true,"href":"https:\/\/www.biscuitsolution.com\/es\/wp-json\/wp\/v2\/comments?post=5389"}],"version-history":[{"count":2,"href":"https:\/\/www.biscuitsolution.com\/es\/wp-json\/wp\/v2\/product\/5389\/revisions"}],"predecessor-version":[{"id":5395,"href":"https:\/\/www.biscuitsolution.com\/es\/wp-json\/wp\/v2\/product\/5389\/revisions\/5395"}],"wp:featuredmedia":[{"embeddable":true,"href":"https:\/\/www.biscuitsolution.com\/es\/wp-json\/wp\/v2\/media\/5390"}],"wp:attachment":[{"href":"https:\/\/www.biscuitsolution.com\/es\/wp-json\/wp\/v2\/media?parent=5389"}],"wp:term":[{"taxonomy":"product_brand","embeddable":true,"href":"https:\/\/www.biscuitsolution.com\/es\/wp-json\/wp\/v2\/product_brand?post=5389"},{"taxonomy":"product_cat","embeddable":true,"href":"https:\/\/www.biscuitsolution.com\/es\/wp-json\/wp\/v2\/product_cat?post=5389"},{"taxonomy":"product_tag","embeddable":true,"href":"https:\/\/www.biscuitsolution.com\/es\/wp-json\/wp\/v2\/product_tag?post=5389"}],"curies":[{"name":"wp","href":"https:\/\/api.w.org\/{rel}","templated":true}]}}