{"id":5382,"date":"2025-03-17T17:55:53","date_gmt":"2025-03-17T09:55:53","guid":{"rendered":"https:\/\/www.biscuitsolution.com\/?post_type=product&#038;p=5382"},"modified":"2025-03-17T17:58:32","modified_gmt":"2025-03-17T09:58:32","slug":"cookies-crusher-machine-multi-material-handling","status":"publish","type":"product","link":"https:\/\/www.biscuitsolution.com\/es\/producto\/cookies-crusher-machine-multi-material-handling\/","title":{"rendered":"M\u00e1quina trituradora de galletas Manipulaci\u00f3n de materiales m\u00faltiples"},"content":{"rendered":"<p>A<strong> m\u00e1quina trituradora de galletas<\/strong>\u00a0es un dispositivo industrial especializado que muele eficazmente galletas, bizcochos y otros productos de panader\u00eda hasta convertirlos en migas finas o polvo.<\/p>\n<p>Muy utilizado en la industria alimentaria, este vers\u00e1til equipo sirve para m\u00faltiples prop\u00f3sitos, como producir migas de galleta para ingredientes, crear polvo fino para hornear y reciclar galletas de desecho en formas reutilizables.<\/p>\n<p><img fetchpriority=\"high\" decoding=\"async\" class=\"alignnone size-full wp-image-5383\" src=\"https:\/\/www.biscuitsolution.com\/wp-content\/uploads\/2025\/03\/Cookie-Crusher.jpg\" alt=\"m\u00e1quina trituradora de galletas\" width=\"800\" height=\"450\" srcset=\"https:\/\/www.biscuitsolution.com\/wp-content\/uploads\/2025\/03\/Cookie-Crusher.jpg 800w, https:\/\/www.biscuitsolution.com\/wp-content\/uploads\/2025\/03\/Cookie-Crusher-300x169.jpg 300w, https:\/\/www.biscuitsolution.com\/wp-content\/uploads\/2025\/03\/Cookie-Crusher-768x432.jpg 768w, https:\/\/www.biscuitsolution.com\/wp-content\/uploads\/2025\/03\/Cookie-Crusher-18x10.jpg 18w, https:\/\/www.biscuitsolution.com\/wp-content\/uploads\/2025\/03\/Cookie-Crusher-600x338.jpg 600w, https:\/\/www.biscuitsolution.com\/wp-content\/uploads\/2025\/03\/Cookie-Crusher-64x36.jpg 64w\" sizes=\"(max-width: 800px) 100vw, 800px\" \/><\/p>\n<h2>Principio de funcionamiento de la m\u00e1quina trituradora de galletas<\/h2>\n<p>Las galletas se descomponen en part\u00edculas m\u00e1s peque\u00f1as principalmente mediante fuerza mec\u00e1nica. El proceso implica varios componentes y pasos clave:<\/p>\n<ol>\n<li>Alimentaci\u00f3n: Las galletas se introducen en la m\u00e1quina a trav\u00e9s de una tolva. A continuaci\u00f3n, el material entra en la c\u00e1mara de trituraci\u00f3n.<\/li>\n<li>Mecanismo de trituraci\u00f3n: en la c\u00e1mara, las galletas son trituradas por las fuerzas de impacto y cizallamiento generadas por las cuchillas giratorias y fijas. Las cuchillas giratorias de alta velocidad garantizan un triturado uniforme del material.<\/li>\n<li>Fuerza centr\u00edfuga: La fuerza centr\u00edfuga generada por las cuchillas giratorias ayuda a que el material pase a trav\u00e9s de la c\u00e1mara y fluya hacia la salida. Esto garantiza un flujo continuo y un proceso de trituraci\u00f3n eficiente.<\/li>\n<li>Finura ajustable: La flexibilidad para variar la finura de las part\u00edculas trituradas es una caracter\u00edstica clave, que se consigue modificando la separaci\u00f3n entre las cuchillas o utilizando una criba ajustable. Esto permite a los usuarios crear desde migas gruesas hasta polvo fino, ofreciendo una amplia gama de opciones de producci\u00f3n.<\/li>\n<li>Salida: El material triturado sale de la m\u00e1quina a trav\u00e9s de una salida designada, listo para su posterior procesamiento o envasado.<\/li>\n<\/ol>\n<p><img decoding=\"async\" class=\"alignnone size-full wp-image-5384\" src=\"https:\/\/www.biscuitsolution.com\/wp-content\/uploads\/2025\/03\/Cookie-Crusher-Machine-for-sale.jpg\" alt=\"m\u00e1quina trituradora de galletas\" width=\"800\" height=\"450\" srcset=\"https:\/\/www.biscuitsolution.com\/wp-content\/uploads\/2025\/03\/Cookie-Crusher-Machine-for-sale.jpg 800w, https:\/\/www.biscuitsolution.com\/wp-content\/uploads\/2025\/03\/Cookie-Crusher-Machine-for-sale-300x169.jpg 300w, https:\/\/www.biscuitsolution.com\/wp-content\/uploads\/2025\/03\/Cookie-Crusher-Machine-for-sale-768x432.jpg 768w, https:\/\/www.biscuitsolution.com\/wp-content\/uploads\/2025\/03\/Cookie-Crusher-Machine-for-sale-18x10.jpg 18w, https:\/\/www.biscuitsolution.com\/wp-content\/uploads\/2025\/03\/Cookie-Crusher-Machine-for-sale-600x338.jpg 600w, https:\/\/www.biscuitsolution.com\/wp-content\/uploads\/2025\/03\/Cookie-Crusher-Machine-for-sale-64x36.jpg 64w\" sizes=\"(max-width: 800px) 100vw, 800px\" \/><\/p>\n<h2>M\u00e1quina trituradora de galletas Caracter\u00edsticas principales<\/h2>\n<ul>\n<li>Altamente eficiente y eficaz: La m\u00e1quina puede triturar galletas y bizcochos con gran eficacia, ofreciendo resultados de trituraci\u00f3n uniformes y constantes. Est\u00e1 dise\u00f1ada para procesar una amplia gama de productos de panader\u00eda, lo que la convierte en un activo esencial para cualquier instalaci\u00f3n de procesamiento de alimentos.<\/li>\n<li>Material de calidad alimentaria: La m\u00e1quina est\u00e1 fabricada con acero inoxidable de grado alimentario de alta calidad (normalmente 304), lo que garantiza un producto final limpio e higi\u00e9nico. Este material tambi\u00e9n es duradero y resistente a la corrosi\u00f3n, lo que prolonga la vida \u00fatil de la m\u00e1quina.<\/li>\n<li>Adaptabilidad: Adem\u00e1s de galletas y bizcochos, la trituradora es capaz de procesar una amplia gama de materiales, como cereales, pasta de arroz e ingredientes de hierbas chinas. Esta amplia capacidad la convierte en una valiosa herramienta para diversas aplicaciones dentro de la industria alimentaria.<\/li>\n<li>Rendimiento personalizable: La m\u00e1quina dispone de controles ajustables para la finura del material triturado. Cuanto mayor sea el ajuste, m\u00e1s fino ser\u00e1 el polvo resultante. Esta flexibilidad permite a los usuarios personalizar la producci\u00f3n en funci\u00f3n de sus necesidades concretas.<\/li>\n<li>Motor de alto rendimiento: La m\u00e1quina est\u00e1 equipada con un motor robusto (normalmente de 1,1 kW o superior) para garantizar una molienda r\u00e1pida y eficaz. Cuanto mayor sea la potencia del motor, m\u00e1s r\u00e1pida ser\u00e1 la velocidad de procesamiento y m\u00e1s fino ser\u00e1 el polvo resultante.<\/li>\n<\/ul>\n<p><img decoding=\"async\" class=\"alignnone size-full wp-image-5385\" src=\"https:\/\/www.biscuitsolution.com\/wp-content\/uploads\/2025\/03\/Cookie-Crusher-for-sale.jpg\" alt=\"m\u00e1quina trituradora de galletas\" width=\"800\" height=\"450\" srcset=\"https:\/\/www.biscuitsolution.com\/wp-content\/uploads\/2025\/03\/Cookie-Crusher-for-sale.jpg 800w, https:\/\/www.biscuitsolution.com\/wp-content\/uploads\/2025\/03\/Cookie-Crusher-for-sale-300x169.jpg 300w, https:\/\/www.biscuitsolution.com\/wp-content\/uploads\/2025\/03\/Cookie-Crusher-for-sale-768x432.jpg 768w, https:\/\/www.biscuitsolution.com\/wp-content\/uploads\/2025\/03\/Cookie-Crusher-for-sale-18x10.jpg 18w, https:\/\/www.biscuitsolution.com\/wp-content\/uploads\/2025\/03\/Cookie-Crusher-for-sale-600x338.jpg 600w, https:\/\/www.biscuitsolution.com\/wp-content\/uploads\/2025\/03\/Cookie-Crusher-for-sale-64x36.jpg 64w\" sizes=\"(max-width: 800px) 100vw, 800px\" \/><\/p>\n<h2>M\u00e1quina trituradora de galletas en venta Aplicaciones<\/h2>\n<ul>\n<li>Procesado de alimentos: Molienda de galletas y bizcochos para su uso como coberturas, rellenos o ingredientes de otros productos.<\/li>\n<li>Gesti\u00f3n de residuos de panader\u00eda: Reciclaje de galletas y barquillos desechados en formas reutilizables.<\/li>\n<li>Producci\u00f3n a medida: Creaci\u00f3n de texturas y finuras espec\u00edficas para recetas o productos \u00fanicos.<\/li>\n<\/ul>\n<p>La trituradora de galletas es una soluci\u00f3n vers\u00e1til y eficaz para el procesado de alimentos. Su dise\u00f1o robusto, su finura ajustable y sus materiales de calidad alimentaria la convierten en una opci\u00f3n fiable tanto para la producci\u00f3n a peque\u00f1a como a gran escala.<\/p>\n<p>Tanto si desea reciclar residuos como crear nuevos productos, invertir en una trituradora de alta calidad puede aumentar considerablemente su capacidad de producci\u00f3n.<\/p>\n<h2>Deje un mensaje para obtener un presupuesto<\/h2>\n\n<div class=\"wpcf7 no-js\" id=\"wpcf7-f4619-o1\" lang=\"en-US\" dir=\"ltr\" data-wpcf7-id=\"4619\">\n<div class=\"screen-reader-response\"><p role=\"status\" aria-live=\"polite\" aria-atomic=\"true\"><\/p> <ul><\/ul><\/div>\n<form action=\"\/es\/wp-json\/wp\/v2\/product\/5382#wpcf7-f4619-o1\" method=\"post\" class=\"wpcf7-form init\" aria-label=\"Formulario de contacto\" novalidate=\"novalidate\" data-status=\"init\" data-trp-original-action=\"\/es\/wp-json\/wp\/v2\/product\/5382#wpcf7-f4619-o1\">\n<div style=\"display: none;\">\n<input type=\"hidden\" name=\"_wpcf7\" value=\"4619\" \/>\n<input type=\"hidden\" name=\"_wpcf7_version\" value=\"6.0.4\" \/>\n<input type=\"hidden\" name=\"_wpcf7_locale\" value=\"en_US\" \/>\n<input type=\"hidden\" name=\"_wpcf7_unit_tag\" value=\"wpcf7-f4619-o1\" \/>\n<input type=\"hidden\" name=\"_wpcf7_container_post\" value=\"0\" \/>\n<input type=\"hidden\" name=\"_wpcf7_posted_data_hash\" value=\"\" \/>\n<\/div>\n<p><label> Su nombre<br \/>\n<span class=\"wpcf7-form-control-wrap\" data-name=\"your-name\"><input size=\"40\" maxlength=\"400\" class=\"wpcf7-form-control wpcf7-text wpcf7-validates-as-required\" aria-required=\"true\" aria-invalid=\"false\" value=\"\" type=\"text\" name=\"your-name\" \/><\/span> <\/label>\n<\/p>\n<p><label> Su pa\u00eds<br \/>\n<span class=\"wpcf7-form-control-wrap\" data-name=\"your-country\"><input size=\"40\" maxlength=\"400\" class=\"wpcf7-form-control wpcf7-text\" aria-invalid=\"false\" value=\"\" type=\"text\" name=\"your-country\" \/><\/span><\/label>\n<\/p>\n<p><label> Su correo electr\u00f3nico<br \/>\n<span class=\"wpcf7-form-control-wrap\" data-name=\"your-email\"><input size=\"40\" maxlength=\"400\" class=\"wpcf7-form-control wpcf7-email wpcf7-validates-as-required wpcf7-text wpcf7-validates-as-email\" aria-required=\"true\" aria-invalid=\"false\" value=\"\" type=\"email\" name=\"your-email\" \/><\/span> <\/label>\n<\/p>\n<p><label> Tu tel\u00e9fono<br \/>\n<span class=\"wpcf7-form-control-wrap\" data-name=\"your-phone\"><input size=\"40\" maxlength=\"400\" class=\"wpcf7-form-control wpcf7-tel wpcf7-text wpcf7-validates-as-tel\" aria-invalid=\"false\" value=\"\" type=\"tel\" name=\"your-phone\" \/><\/span> <\/label>\n<\/p>\n<p><label> Nombre de su empresa<br \/>\n<span class=\"wpcf7-form-control-wrap\" data-name=\"text-457\"><input size=\"40\" maxlength=\"400\" class=\"wpcf7-form-control wpcf7-text\" aria-invalid=\"false\" value=\"\" type=\"text\" name=\"text-457\" \/><\/span> <\/label>\n<\/p>\n<p><label> El sitio web de su empresa<br \/>\n<span class=\"wpcf7-form-control-wrap\" data-name=\"text-546\"><input size=\"40\" maxlength=\"400\" class=\"wpcf7-form-control wpcf7-text\" aria-invalid=\"false\" value=\"\" type=\"text\" name=\"text-546\" \/><\/span> <\/label>\n<\/p>\n<p><label> Sus requisitos*<br \/>\n<span class=\"wpcf7-form-control-wrap\" data-name=\"your-message\"><textarea cols=\"40\" rows=\"10\" maxlength=\"2000\" class=\"wpcf7-form-control wpcf7-textarea wpcf7-validates-as-required\" aria-required=\"true\" aria-invalid=\"false\" name=\"your-message\"><\/textarea><\/span> <\/label>\n<\/p>\n<p><input class=\"wpcf7-form-control wpcf7-submit has-spinner\" type=\"submit\" value=\"Enviar\" \/>\n<\/p><p style=\"display: none !important;\" class=\"akismet-fields-container\" data-prefix=\"_wpcf7_ak_\"><label>&#916;<textarea name=\"_wpcf7_ak_hp_textarea\" cols=\"45\" rows=\"8\" maxlength=\"100\"><\/textarea><\/label><input type=\"hidden\" id=\"ak_js_1\" name=\"_wpcf7_ak_js\" value=\"161\"\/><script>document.getElementById( \"ak_js_1\" ).setAttribute( \"value\", ( new Date() ).getTime() );<\/script><\/p><div class=\"wpcf7-response-output\" aria-hidden=\"true\"><\/div>\n<input type=\"hidden\" name=\"trp-form-language\" value=\"es\"\/><\/form>\n<\/div>\n\n<p>&nbsp;<\/p>\n<div style='text-align:left' class='yasr-auto-insert-visitor'><\/div>","protected":false},"excerpt":{"rendered":"<p>Modelo: GGWF-20B<br \/>\nPotencia del motor (kw): 4<br \/>\nCapacidad de producci\u00f3n (kg\/h): 60-150<br \/>\nTensi\u00f3n: trif\u00e1sica 380 V<\/p>","protected":false},"featured_media":5386,"comment_status":"open","ping_status":"closed","template":"","meta":{"site-sidebar-layout":"default","site-content-layout":"","ast-site-content-layout":"default","site-content-style":"default","site-sidebar-style":"default","ast-global-header-display":"","ast-banner-title-visibility":"","ast-main-header-display":"","ast-hfb-above-header-display":"","ast-hfb-below-header-display":"","ast-hfb-mobile-header-display":"","site-post-title":"","ast-breadcrumbs-content":"","ast-featured-img":"","footer-sml-layout":"","theme-transparent-header-meta":"default","adv-header-id-meta":"","stick-header-meta":"","header-above-stick-meta":"","header-main-stick-meta":"","header-below-stick-meta":"","astra-migrate-meta-layouts":"set","ast-page-background-enabled":"default","ast-page-background-meta":{"desktop":{"background-color":"","background-image":"","background-repeat":"repeat","background-position":"center center","background-size":"auto","background-attachment":"scroll","background-type":"","background-media":"","overlay-type":"","overlay-color":"","overlay-opacity":"","overlay-gradient":""},"tablet":{"background-color":"","background-image":"","background-repeat":"repeat","background-position":"center center","background-size":"auto","background-attachment":"scroll","background-type":"","background-media":"","overlay-type":"","overlay-color":"","overlay-opacity":"","overlay-gradient":""},"mobile":{"background-color":"","background-image":"","background-repeat":"repeat","background-position":"center center","background-size":"auto","background-attachment":"scroll","background-type":"","background-media":"","overlay-type":"","overlay-color":"","overlay-opacity":"","overlay-gradient":""}},"ast-content-background-meta":{"desktop":{"background-color":"var(--ast-global-color-5)","background-image":"","background-repeat":"repeat","background-position":"center center","background-size":"auto","background-attachment":"scroll","background-type":"","background-media":"","overlay-type":"","overlay-color":"","overlay-opacity":"","overlay-gradient":""},"tablet":{"background-color":"var(--ast-global-color-5)","background-image":"","background-repeat":"repeat","background-position":"center center","background-size":"auto","background-attachment":"scroll","background-type":"","background-media":"","overlay-type":"","overlay-color":"","overlay-opacity":"","overlay-gradient":""},"mobile":{"background-color":"var(--ast-global-color-5)","background-image":"","background-repeat":"repeat","background-position":"center center","background-size":"auto","background-attachment":"scroll","background-type":"","background-media":"","overlay-type":"","overlay-color":"","overlay-opacity":"","overlay-gradient":""}},"yasr_overall_rating":0,"yasr_post_is_review":"","yasr_auto_insert_disabled":"","yasr_review_type":""},"product_brand":[],"product_cat":[24],"product_tag":[],"class_list":{"0":"post-5382","1":"product","2":"type-product","3":"status-publish","4":"has-post-thumbnail","6":"product_cat-cookie-production-line","7":"desktop-align-left","8":"tablet-align-left","9":"mobile-align-left","11":"first","12":"instock","13":"shipping-taxable","14":"product-type-simple"},"yoast_head":"<!-- This site is optimized with the Yoast SEO plugin v24.4 - https:\/\/yoast.com\/wordpress\/plugins\/seo\/ -->\n<title>Cookies Crusher Machine Multi-Material Handling<\/title>\n<meta name=\"description\" content=\"Cookies crusher machine is specialized industrial device designed to efficiently grind biscuits, cookies, and other baked goods into fine crumbs or powder.\" \/>\n<meta name=\"robots\" content=\"index, follow, max-snippet:-1, max-image-preview:large, max-video-preview:-1\" \/>\n<link rel=\"canonical\" href=\"https:\/\/www.biscuitsolution.com\/es\/producto\/cookies-crusher-machine-multi-material-handling\/\" \/>\n<meta property=\"og:locale\" content=\"es_ES\" \/>\n<meta property=\"og:type\" content=\"article\" \/>\n<meta property=\"og:title\" content=\"Cookies Crusher Machine Multi-Material Handling\" \/>\n<meta property=\"og:description\" content=\"Cookies crusher machine is specialized industrial device designed to efficiently grind biscuits, cookies, and other baked goods into fine crumbs or powder.\" \/>\n<meta property=\"og:url\" content=\"https:\/\/www.biscuitsolution.com\/es\/producto\/cookies-crusher-machine-multi-material-handling\/\" \/>\n<meta property=\"og:site_name\" content=\"Biscuit Production Solution Manufacturer\" \/>\n<meta property=\"article:publisher\" content=\"https:\/\/www.facebook.com\/profile.php?id=100095205040823\" \/>\n<meta property=\"article:modified_time\" content=\"2025-03-17T09:58:32+00:00\" \/>\n<meta property=\"og:image\" content=\"https:\/\/www.biscuitsolution.com\/wp-content\/uploads\/2025\/03\/Cookie-Crusher-Machine.jpg\" \/>\n\t<meta property=\"og:image:width\" content=\"600\" \/>\n\t<meta property=\"og:image:height\" content=\"600\" \/>\n\t<meta property=\"og:image:type\" content=\"image\/jpeg\" \/>\n<meta name=\"twitter:card\" content=\"summary_large_image\" \/>\n<meta name=\"twitter:site\" content=\"@shanna_zha26342\" \/>\n<meta name=\"twitter:label1\" content=\"Tiempo de lectura\" \/>\n\t<meta name=\"twitter:data1\" content=\"4 minutos\" \/>\n<script type=\"application\/ld+json\" class=\"yoast-schema-graph\">{\"@context\":\"https:\/\/schema.org\",\"@graph\":[{\"@type\":\"WebPage\",\"@id\":\"https:\/\/www.biscuitsolution.com\/product\/cookies-crusher-machine-multi-material-handling\/\",\"url\":\"https:\/\/www.biscuitsolution.com\/product\/cookies-crusher-machine-multi-material-handling\/\",\"name\":\"Cookies Crusher Machine Multi-Material Handling\",\"isPartOf\":{\"@id\":\"https:\/\/www.biscuitsolution.com\/#website\"},\"primaryImageOfPage\":{\"@id\":\"https:\/\/www.biscuitsolution.com\/product\/cookies-crusher-machine-multi-material-handling\/#primaryimage\"},\"image\":{\"@id\":\"https:\/\/www.biscuitsolution.com\/product\/cookies-crusher-machine-multi-material-handling\/#primaryimage\"},\"thumbnailUrl\":\"https:\/\/www.biscuitsolution.com\/wp-content\/uploads\/2025\/03\/Cookie-Crusher-Machine.jpg\",\"datePublished\":\"2025-03-17T09:55:53+00:00\",\"dateModified\":\"2025-03-17T09:58:32+00:00\",\"description\":\"Cookies crusher machine is specialized industrial device designed to efficiently grind biscuits, cookies, and other baked goods into fine crumbs or powder.\",\"breadcrumb\":{\"@id\":\"https:\/\/www.biscuitsolution.com\/product\/cookies-crusher-machine-multi-material-handling\/#breadcrumb\"},\"inLanguage\":\"es\",\"potentialAction\":[{\"@type\":\"ReadAction\",\"target\":[\"https:\/\/www.biscuitsolution.com\/product\/cookies-crusher-machine-multi-material-handling\/\"]}]},{\"@type\":\"ImageObject\",\"inLanguage\":\"es\",\"@id\":\"https:\/\/www.biscuitsolution.com\/product\/cookies-crusher-machine-multi-material-handling\/#primaryimage\",\"url\":\"https:\/\/www.biscuitsolution.com\/wp-content\/uploads\/2025\/03\/Cookie-Crusher-Machine.jpg\",\"contentUrl\":\"https:\/\/www.biscuitsolution.com\/wp-content\/uploads\/2025\/03\/Cookie-Crusher-Machine.jpg\",\"width\":600,\"height\":600,\"caption\":\"cookies crusher machine\"},{\"@type\":\"BreadcrumbList\",\"@id\":\"https:\/\/www.biscuitsolution.com\/product\/cookies-crusher-machine-multi-material-handling\/#breadcrumb\",\"itemListElement\":[{\"@type\":\"ListItem\",\"position\":1,\"name\":\"Home\",\"item\":\"https:\/\/www.biscuitsolution.com\/\"},{\"@type\":\"ListItem\",\"position\":2,\"name\":\"Product\",\"item\":\"https:\/\/www.biscuitsolution.com\/product\/\"},{\"@type\":\"ListItem\",\"position\":3,\"name\":\"Cookies Crusher Machine Multi-Material Handling\"}]},{\"@type\":\"WebSite\",\"@id\":\"https:\/\/www.biscuitsolution.com\/#website\",\"url\":\"https:\/\/www.biscuitsolution.com\/\",\"name\":\"Biscuit Production Solution Manufacturer\",\"description\":\"\",\"potentialAction\":[{\"@type\":\"SearchAction\",\"target\":{\"@type\":\"EntryPoint\",\"urlTemplate\":\"https:\/\/www.biscuitsolution.com\/?s={search_term_string}\"},\"query-input\":{\"@type\":\"PropertyValueSpecification\",\"valueRequired\":true,\"valueName\":\"search_term_string\"}}],\"inLanguage\":\"es\"},false]}<\/script>\n<!-- \/ Yoast SEO plugin. -->","yoast_head_json":{"title":"M\u00e1quina trituradora de galletas Manipulaci\u00f3n de materiales m\u00faltiples","description":"La m\u00e1quina trituradora de galletas es un dispositivo industrial especializado dise\u00f1ado para triturar eficazmente galletas, bizcochos y otros productos horneados y convertirlos en migas finas o polvo.","robots":{"index":"index","follow":"follow","max-snippet":"max-snippet:-1","max-image-preview":"max-image-preview:large","max-video-preview":"max-video-preview:-1"},"canonical":"https:\/\/www.biscuitsolution.com\/es\/producto\/cookies-crusher-machine-multi-material-handling\/","og_locale":"es_ES","og_type":"article","og_title":"Cookies Crusher Machine Multi-Material Handling","og_description":"Cookies crusher machine is specialized industrial device designed to efficiently grind biscuits, cookies, and other baked goods into fine crumbs or powder.","og_url":"https:\/\/www.biscuitsolution.com\/es\/producto\/cookies-crusher-machine-multi-material-handling\/","og_site_name":"Biscuit Production Solution Manufacturer","article_publisher":"https:\/\/www.facebook.com\/profile.php?id=100095205040823","article_modified_time":"2025-03-17T09:58:32+00:00","og_image":[{"width":600,"height":600,"url":"https:\/\/www.biscuitsolution.com\/wp-content\/uploads\/2025\/03\/Cookie-Crusher-Machine.jpg","type":"image\/jpeg"}],"twitter_card":"summary_large_image","twitter_site":"@shanna_zha26342","twitter_misc":{"Tiempo de lectura":"4 minutos"},"schema":{"@context":"https:\/\/schema.org","@graph":[{"@type":"WebPage","@id":"https:\/\/www.biscuitsolution.com\/product\/cookies-crusher-machine-multi-material-handling\/","url":"https:\/\/www.biscuitsolution.com\/product\/cookies-crusher-machine-multi-material-handling\/","name":"M\u00e1quina trituradora de galletas Manipulaci\u00f3n de materiales m\u00faltiples","isPartOf":{"@id":"https:\/\/www.biscuitsolution.com\/#website"},"primaryImageOfPage":{"@id":"https:\/\/www.biscuitsolution.com\/product\/cookies-crusher-machine-multi-material-handling\/#primaryimage"},"image":{"@id":"https:\/\/www.biscuitsolution.com\/product\/cookies-crusher-machine-multi-material-handling\/#primaryimage"},"thumbnailUrl":"https:\/\/www.biscuitsolution.com\/wp-content\/uploads\/2025\/03\/Cookie-Crusher-Machine.jpg","datePublished":"2025-03-17T09:55:53+00:00","dateModified":"2025-03-17T09:58:32+00:00","description":"La m\u00e1quina trituradora de galletas es un dispositivo industrial especializado dise\u00f1ado para triturar eficazmente galletas, bizcochos y otros productos horneados y convertirlos en migas finas o polvo.","breadcrumb":{"@id":"https:\/\/www.biscuitsolution.com\/product\/cookies-crusher-machine-multi-material-handling\/#breadcrumb"},"inLanguage":"es","potentialAction":[{"@type":"ReadAction","target":["https:\/\/www.biscuitsolution.com\/product\/cookies-crusher-machine-multi-material-handling\/"]}]},{"@type":"ImageObject","inLanguage":"es","@id":"https:\/\/www.biscuitsolution.com\/product\/cookies-crusher-machine-multi-material-handling\/#primaryimage","url":"https:\/\/www.biscuitsolution.com\/wp-content\/uploads\/2025\/03\/Cookie-Crusher-Machine.jpg","contentUrl":"https:\/\/www.biscuitsolution.com\/wp-content\/uploads\/2025\/03\/Cookie-Crusher-Machine.jpg","width":600,"height":600,"caption":"cookies crusher machine"},{"@type":"BreadcrumbList","@id":"https:\/\/www.biscuitsolution.com\/product\/cookies-crusher-machine-multi-material-handling\/#breadcrumb","itemListElement":[{"@type":"ListItem","position":1,"name":"Home","item":"https:\/\/www.biscuitsolution.com\/"},{"@type":"ListItem","position":2,"name":"Product","item":"https:\/\/www.biscuitsolution.com\/product\/"},{"@type":"ListItem","position":3,"name":"Cookies Crusher Machine Multi-Material Handling"}]},{"@type":"WebSite","@id":"https:\/\/www.biscuitsolution.com\/#website","url":"https:\/\/www.biscuitsolution.com\/","name":"Fabricante de soluciones para la producci\u00f3n de galletas","description":"","potentialAction":[{"@type":"SearchAction","target":{"@type":"EntryPoint","urlTemplate":"https:\/\/www.biscuitsolution.com\/?s={search_term_string}"},"query-input":{"@type":"PropertyValueSpecification","valueRequired":true,"valueName":"search_term_string"}}],"inLanguage":"es"},false]}},"yasr_visitor_votes":{"stars_attributes":{"read_only":false,"span_bottom":false},"number_of_votes":2,"sum_votes":10},"_links":{"self":[{"href":"https:\/\/www.biscuitsolution.com\/es\/wp-json\/wp\/v2\/product\/5382","targetHints":{"allow":["GET"]}}],"collection":[{"href":"https:\/\/www.biscuitsolution.com\/es\/wp-json\/wp\/v2\/product"}],"about":[{"href":"https:\/\/www.biscuitsolution.com\/es\/wp-json\/wp\/v2\/types\/product"}],"replies":[{"embeddable":true,"href":"https:\/\/www.biscuitsolution.com\/es\/wp-json\/wp\/v2\/comments?post=5382"}],"version-history":[{"count":1,"href":"https:\/\/www.biscuitsolution.com\/es\/wp-json\/wp\/v2\/product\/5382\/revisions"}],"predecessor-version":[{"id":5387,"href":"https:\/\/www.biscuitsolution.com\/es\/wp-json\/wp\/v2\/product\/5382\/revisions\/5387"}],"wp:featuredmedia":[{"embeddable":true,"href":"https:\/\/www.biscuitsolution.com\/es\/wp-json\/wp\/v2\/media\/5386"}],"wp:attachment":[{"href":"https:\/\/www.biscuitsolution.com\/es\/wp-json\/wp\/v2\/media?parent=5382"}],"wp:term":[{"taxonomy":"product_brand","embeddable":true,"href":"https:\/\/www.biscuitsolution.com\/es\/wp-json\/wp\/v2\/product_brand?post=5382"},{"taxonomy":"product_cat","embeddable":true,"href":"https:\/\/www.biscuitsolution.com\/es\/wp-json\/wp\/v2\/product_cat?post=5382"},{"taxonomy":"product_tag","embeddable":true,"href":"https:\/\/www.biscuitsolution.com\/es\/wp-json\/wp\/v2\/product_tag?post=5382"}],"curies":[{"name":"wp","href":"https:\/\/api.w.org\/{rel}","templated":true}]}}