{"id":5363,"date":"2025-03-12T16:57:09","date_gmt":"2025-03-12T08:57:09","guid":{"rendered":"https:\/\/www.biscuitsolution.com\/?post_type=product&#038;p=5363"},"modified":"2025-12-22T18:20:48","modified_gmt":"2025-12-22T10:20:48","slug":"soft-biscuit-forming-machine-efficient-flexible-and-reliable","status":"publish","type":"product","link":"https:\/\/www.biscuitsolution.com\/es\/producto\/soft-biscuit-forming-machine-efficient-flexible-and-reliable\/","title":{"rendered":"M\u00e1quina formadora de galletas blandas: Eficiente, Flexible y Fiable"},"content":{"rendered":"<p><strong>M\u00e1quina formadora de galletas blandas<\/strong> es un equipo clave para la producci\u00f3n de galletas blandas y se utiliza ampliamente en las modernas l\u00edneas de producci\u00f3n de galletas. Garantiza la consistencia de la forma, el tama\u00f1o y la textura de las galletas mediante la automatizaci\u00f3n y el control preciso, al tiempo que mejora la eficiencia de la producci\u00f3n.<\/p>\n<p><img fetchpriority=\"high\" decoding=\"async\" class=\"alignnone size-full wp-image-5364\" src=\"https:\/\/www.biscuitsolution.com\/wp-content\/uploads\/2025\/03\/Soft-biscuit-forming-machines.jpg\" alt=\"m\u00e1quina formadora de galletas blandas\" width=\"800\" height=\"450\" srcset=\"https:\/\/www.biscuitsolution.com\/wp-content\/uploads\/2025\/03\/Soft-biscuit-forming-machines.jpg 800w, https:\/\/www.biscuitsolution.com\/wp-content\/uploads\/2025\/03\/Soft-biscuit-forming-machines-300x169.jpg 300w, https:\/\/www.biscuitsolution.com\/wp-content\/uploads\/2025\/03\/Soft-biscuit-forming-machines-768x432.jpg 768w, https:\/\/www.biscuitsolution.com\/wp-content\/uploads\/2025\/03\/Soft-biscuit-forming-machines-18x10.jpg 18w, https:\/\/www.biscuitsolution.com\/wp-content\/uploads\/2025\/03\/Soft-biscuit-forming-machines-600x338.jpg 600w, https:\/\/www.biscuitsolution.com\/wp-content\/uploads\/2025\/03\/Soft-biscuit-forming-machines-64x36.jpg 64w\" sizes=\"(max-width: 800px) 100vw, 800px\" \/><\/p>\n<h2>Composici\u00f3n y funci\u00f3n de la m\u00e1quina formadora de galletas blandas<\/h2>\n<ul>\n<li>Funci\u00f3n: Procesar la masa en forma de galleta.<\/li>\n<li>Laminador de masa: Presione la masa con el rodillo hasta obtener l\u00e1minas finas y uniformes.<\/li>\n<li>Molde de formaci\u00f3n: Se utiliza para prensar la masa y darle forma de galleta. El molde puede sustituirse para producir galletas de diferentes formas.<\/li>\n<li>Dispositivo de corte: Cortar las galletas formadas a partir de la masa.<\/li>\n<li>Caracter\u00edsticas: La unidad formadora puede ajustar el grosor de la masa y el tama\u00f1o de las galletas seg\u00fan las necesidades.<\/li>\n<\/ul>\n<p><img decoding=\"async\" class=\"alignnone size-full wp-image-5365\" src=\"https:\/\/www.biscuitsolution.com\/wp-content\/uploads\/2025\/03\/soft-biscuits-forming.jpg\" alt=\"m\u00e1quina formadora de galletas blandas\" width=\"800\" height=\"450\" srcset=\"https:\/\/www.biscuitsolution.com\/wp-content\/uploads\/2025\/03\/soft-biscuits-forming.jpg 800w, https:\/\/www.biscuitsolution.com\/wp-content\/uploads\/2025\/03\/soft-biscuits-forming-300x169.jpg 300w, https:\/\/www.biscuitsolution.com\/wp-content\/uploads\/2025\/03\/soft-biscuits-forming-768x432.jpg 768w, https:\/\/www.biscuitsolution.com\/wp-content\/uploads\/2025\/03\/soft-biscuits-forming-18x10.jpg 18w, https:\/\/www.biscuitsolution.com\/wp-content\/uploads\/2025\/03\/soft-biscuits-forming-600x338.jpg 600w, https:\/\/www.biscuitsolution.com\/wp-content\/uploads\/2025\/03\/soft-biscuits-forming-64x36.jpg 64w\" sizes=\"(max-width: 800px) 100vw, 800px\" \/><\/p>\n<h2>Caracter\u00edsticas principales de la m\u00e1quina formadora de galletas suaves<\/h2>\n<ul>\n<li>Automatizaci\u00f3n eficaz: Desde el amasado hasta el envasado del producto acabado, todo el proceso est\u00e1 altamente automatizado, lo que reduce la intervenci\u00f3n manual.<\/li>\n<li>Producci\u00f3n diversificada: Admite la producci\u00f3n de galletas de diversas formas y tama\u00f1os, lo que puede conseguirse cambiando los moldes o ajustando los par\u00e1metros.<\/li>\n<li>Control preciso: Equipado con sistema de control PLC e interfaz de operaci\u00f3n de pantalla t\u00e1ctil, puede controlar con precisi\u00f3n par\u00e1metros como temperatura, tiempo, presi\u00f3n, etc.<\/li>\n<li>Saneamiento y limpieza: El equipo adopta un dise\u00f1o f\u00e1cil de limpiar y cumple las normas de higiene alimentaria.<\/li>\n<li>Ahorro de energ\u00eda y protecci\u00f3n del medio ambiente: Los equipos modernos se centran en la eficiencia energ\u00e9tica y reducen los costes operativos.<\/li>\n<\/ul>\n<p><img decoding=\"async\" class=\"alignnone size-full wp-image-5366\" src=\"https:\/\/www.biscuitsolution.com\/wp-content\/uploads\/2025\/03\/soft-biscuits-forming-machine.jpg\" alt=\"m\u00e1quina formadora de galletas blandas\" width=\"800\" height=\"450\" srcset=\"https:\/\/www.biscuitsolution.com\/wp-content\/uploads\/2025\/03\/soft-biscuits-forming-machine.jpg 800w, https:\/\/www.biscuitsolution.com\/wp-content\/uploads\/2025\/03\/soft-biscuits-forming-machine-300x169.jpg 300w, https:\/\/www.biscuitsolution.com\/wp-content\/uploads\/2025\/03\/soft-biscuits-forming-machine-768x432.jpg 768w, https:\/\/www.biscuitsolution.com\/wp-content\/uploads\/2025\/03\/soft-biscuits-forming-machine-18x10.jpg 18w, https:\/\/www.biscuitsolution.com\/wp-content\/uploads\/2025\/03\/soft-biscuits-forming-machine-600x338.jpg 600w, https:\/\/www.biscuitsolution.com\/wp-content\/uploads\/2025\/03\/soft-biscuits-forming-machine-64x36.jpg 64w\" sizes=\"(max-width: 800px) 100vw, 800px\" \/><\/p>\n<h2>Pasos de sustituci\u00f3n del molde de la m\u00e1quina formadora de galletas blandas<\/h2>\n<ul>\n<li>Compruebe el nuevo molde: Confirme si las dimensiones del molde son adecuadas para el equipo actual. Compruebe si las juntas de la tuber\u00eda de agua de refrigeraci\u00f3n del molde est\u00e1n instaladas correctamente y si el canal de agua no est\u00e1 obstruido. Si el molde tiene una funci\u00f3n de extracci\u00f3n del n\u00facleo, compruebe si la tuber\u00eda de aceite y las juntas est\u00e1n intactas.<\/li>\n<li>Retire el molde antiguo: Afloje los tornillos de fijaci\u00f3n en ambos extremos del rodillo de gofrado. Retire el rodillo de gofrado antiguo del equipo.<\/li>\n<li>Instale el nuevo molde: Instale el nuevo rodillo de gofrado en el equipo y ajuste los tornillos para fijarlo. Aseg\u00farese de que la ranura del molde del rodillo de gofrado coincide con la forma de la galleta.<\/li>\n<\/ul>\n<div class=\"ast-oembed-container\" style=\"height: 100%;\"><iframe title=\"M\u00e1quina formadora de galletas blandas | Galletas blandas y galletas\" width=\"422\" height=\"750\" src=\"https:\/\/www.youtube.com\/embed\/2NMc3958DJ8?feature=oembed\" frameborder=\"0\" allow=\"accelerometer; autoplay; clipboard-write; encrypted-media; gyroscope; picture-in-picture; web-share\" referrerpolicy=\"strict-origin-when-cross-origin\" allowfullscreen><\/iframe><\/div>\n<h2>Preguntas frecuentes<\/h2>\n<div>\n<div>\n<p><strong>\u00bfCu\u00e1l es el plazo de entrega?<\/strong><\/p>\n<div>\n<ul>\n<li>Entrega est\u00e1ndar: 30-45 d\u00edas tras la confirmaci\u00f3n del pedido. Entrega urgente disponible en 20 d\u00edas.<\/li>\n<\/ul>\n<\/div>\n<\/div>\n<div>\n<p><strong>\u00bfEst\u00e1 incluida la formaci\u00f3n de los operarios?<\/strong><\/p>\n<div>\n<ul>\n<li>S\u00ed, con la instalaci\u00f3n se incluye una formaci\u00f3n completa de 3 d\u00edas en sus instalaciones.<\/li>\n<\/ul>\n<\/div>\n<\/div>\n<div>\n<p><strong>\u00bfCu\u00e1l es su pol\u00edtica de garant\u00eda?<\/strong><\/p>\n<div>\n<ul>\n<li>Garant\u00eda de 2 a\u00f1os en todas las piezas, asistencia t\u00e9cnica de por vida y garant\u00eda de respuesta en 24 horas.<\/li>\n<\/ul>\n<\/div>\n<\/div>\n<div>\n<p><strong>\u00bfPueden personalizar moldes para nuestros dise\u00f1os?<\/strong><\/p>\n<div>\n<ul>\n<li>S\u00ed, ofrecemos dise\u00f1o y fabricaci\u00f3n de moldes personalizados con un plazo de entrega de 2-3 semanas.<\/li>\n<\/ul>\n<\/div>\n<h2>Ideal para m\u00faltiples escenarios de producci\u00f3n<\/h2>\n<div class=\"applications\">\n<div class=\"application\">\n<ul>\n<li>\ud83c\udfed Panader\u00edas industriales:Producci\u00f3n a gran escala (&gt;5 toneladas\/d\u00eda) con capacidad de funcionamiento continuo.<\/li>\n<li><span style=\"font-size: 16px;\">\ud83c\udfea F\u00e1bricas de tama\u00f1o medio:Producci\u00f3n flexible por lotes (1-5 toneladas\/d\u00eda) con cambios r\u00e1pidos de producto.<\/span><\/li>\n<li><span style=\"font-size: 16px;\">\ud83d\ude80 Food Startups:Producci\u00f3n en peque\u00f1os lotes para marcas de galletas artesanales y premium<\/span><\/li>\n<li><span style=\"font-size: 16px;\">\ud83d\udd2c Centros de I+D:Desarrollo de nuevos productos con un control experimental preciso.<\/span><\/li>\n<\/ul>\n<\/div>\n<\/div>\n<\/div>\n<\/div>\n<h2>Deje un mensaje para obtener un presupuesto<\/h2>\n\n<div class=\"wpcf7 no-js\" id=\"wpcf7-f4619-o1\" lang=\"en-US\" dir=\"ltr\" data-wpcf7-id=\"4619\">\n<div class=\"screen-reader-response\"><p role=\"status\" aria-live=\"polite\" aria-atomic=\"true\"><\/p> <ul><\/ul><\/div>\n<form action=\"\/es\/wp-json\/wp\/v2\/product\/5363#wpcf7-f4619-o1\" method=\"post\" class=\"wpcf7-form init\" aria-label=\"Formulario de contacto\" novalidate=\"novalidate\" data-status=\"init\" data-trp-original-action=\"\/es\/wp-json\/wp\/v2\/product\/5363#wpcf7-f4619-o1\">\n<div style=\"display: none;\">\n<input type=\"hidden\" name=\"_wpcf7\" value=\"4619\" \/>\n<input type=\"hidden\" name=\"_wpcf7_version\" value=\"6.0.4\" \/>\n<input type=\"hidden\" name=\"_wpcf7_locale\" value=\"en_US\" \/>\n<input type=\"hidden\" name=\"_wpcf7_unit_tag\" value=\"wpcf7-f4619-o1\" \/>\n<input type=\"hidden\" name=\"_wpcf7_container_post\" value=\"0\" \/>\n<input type=\"hidden\" name=\"_wpcf7_posted_data_hash\" value=\"\" \/>\n<\/div>\n<p><label> Su nombre<br \/>\n<span class=\"wpcf7-form-control-wrap\" data-name=\"your-name\"><input size=\"40\" maxlength=\"400\" class=\"wpcf7-form-control wpcf7-text wpcf7-validates-as-required\" aria-required=\"true\" aria-invalid=\"false\" value=\"\" type=\"text\" name=\"your-name\" \/><\/span> <\/label>\n<\/p>\n<p><label> Su pa\u00eds<br \/>\n<span class=\"wpcf7-form-control-wrap\" data-name=\"your-country\"><input size=\"40\" maxlength=\"400\" class=\"wpcf7-form-control wpcf7-text\" aria-invalid=\"false\" value=\"\" type=\"text\" name=\"your-country\" \/><\/span><\/label>\n<\/p>\n<p><label> Su correo electr\u00f3nico<br \/>\n<span class=\"wpcf7-form-control-wrap\" data-name=\"your-email\"><input size=\"40\" maxlength=\"400\" class=\"wpcf7-form-control wpcf7-email wpcf7-validates-as-required wpcf7-text wpcf7-validates-as-email\" aria-required=\"true\" aria-invalid=\"false\" value=\"\" type=\"email\" name=\"your-email\" \/><\/span> <\/label>\n<\/p>\n<p><label> Tu tel\u00e9fono<br \/>\n<span class=\"wpcf7-form-control-wrap\" data-name=\"your-phone\"><input size=\"40\" maxlength=\"400\" class=\"wpcf7-form-control wpcf7-tel wpcf7-text wpcf7-validates-as-tel\" aria-invalid=\"false\" value=\"\" type=\"tel\" name=\"your-phone\" \/><\/span> <\/label>\n<\/p>\n<p><label> Nombre de su empresa<br \/>\n<span class=\"wpcf7-form-control-wrap\" data-name=\"text-457\"><input size=\"40\" maxlength=\"400\" class=\"wpcf7-form-control wpcf7-text\" aria-invalid=\"false\" value=\"\" type=\"text\" name=\"text-457\" \/><\/span> <\/label>\n<\/p>\n<p><label> El sitio web de su empresa<br \/>\n<span class=\"wpcf7-form-control-wrap\" data-name=\"text-546\"><input size=\"40\" maxlength=\"400\" class=\"wpcf7-form-control wpcf7-text\" aria-invalid=\"false\" value=\"\" type=\"text\" name=\"text-546\" \/><\/span> <\/label>\n<\/p>\n<p><label> Sus requisitos*<br \/>\n<span class=\"wpcf7-form-control-wrap\" data-name=\"your-message\"><textarea cols=\"40\" rows=\"10\" maxlength=\"2000\" class=\"wpcf7-form-control wpcf7-textarea wpcf7-validates-as-required\" aria-required=\"true\" aria-invalid=\"false\" name=\"your-message\"><\/textarea><\/span> <\/label>\n<\/p>\n<p><input class=\"wpcf7-form-control wpcf7-submit has-spinner\" type=\"submit\" value=\"Enviar\" \/>\n<\/p><p style=\"display: none !important;\" class=\"akismet-fields-container\" data-prefix=\"_wpcf7_ak_\"><label>&#916;<textarea name=\"_wpcf7_ak_hp_textarea\" cols=\"45\" rows=\"8\" maxlength=\"100\"><\/textarea><\/label><input type=\"hidden\" id=\"ak_js_1\" name=\"_wpcf7_ak_js\" value=\"103\"\/><script>document.getElementById( \"ak_js_1\" ).setAttribute( \"value\", ( new Date() ).getTime() );<\/script><\/p><div class=\"wpcf7-response-output\" aria-hidden=\"true\"><\/div>\n<input type=\"hidden\" name=\"trp-form-language\" value=\"es\"\/><\/form>\n<\/div>\n\n<div style='text-align:left' class='yasr-auto-insert-visitor'><\/div>","protected":false},"excerpt":{"rendered":"<p>Marca\uff1aGELGOOG<\/p>\n<p>Tensi\u00f3n\uff1a380V<\/p>\n<p>Correo electr\u00f3nico: shanna@machinehall.com<\/p>\n<p>Tel\uff1a+8618638676709<\/p>","protected":false},"featured_media":5367,"comment_status":"open","ping_status":"closed","template":"","meta":{"site-sidebar-layout":"default","site-content-layout":"","ast-site-content-layout":"default","site-content-style":"default","site-sidebar-style":"default","ast-global-header-display":"","ast-banner-title-visibility":"","ast-main-header-display":"","ast-hfb-above-header-display":"","ast-hfb-below-header-display":"","ast-hfb-mobile-header-display":"","site-post-title":"","ast-breadcrumbs-content":"","ast-featured-img":"","footer-sml-layout":"","theme-transparent-header-meta":"default","adv-header-id-meta":"","stick-header-meta":"","header-above-stick-meta":"","header-main-stick-meta":"","header-below-stick-meta":"","astra-migrate-meta-layouts":"set","ast-page-background-enabled":"default","ast-page-background-meta":{"desktop":{"background-color":"","background-image":"","background-repeat":"repeat","background-position":"center center","background-size":"auto","background-attachment":"scroll","background-type":"","background-media":"","overlay-type":"","overlay-color":"","overlay-opacity":"","overlay-gradient":""},"tablet":{"background-color":"","background-image":"","background-repeat":"repeat","background-position":"center center","background-size":"auto","background-attachment":"scroll","background-type":"","background-media":"","overlay-type":"","overlay-color":"","overlay-opacity":"","overlay-gradient":""},"mobile":{"background-color":"","background-image":"","background-repeat":"repeat","background-position":"center center","background-size":"auto","background-attachment":"scroll","background-type":"","background-media":"","overlay-type":"","overlay-color":"","overlay-opacity":"","overlay-gradient":""}},"ast-content-background-meta":{"desktop":{"background-color":"var(--ast-global-color-5)","background-image":"","background-repeat":"repeat","background-position":"center center","background-size":"auto","background-attachment":"scroll","background-type":"","background-media":"","overlay-type":"","overlay-color":"","overlay-opacity":"","overlay-gradient":""},"tablet":{"background-color":"var(--ast-global-color-5)","background-image":"","background-repeat":"repeat","background-position":"center center","background-size":"auto","background-attachment":"scroll","background-type":"","background-media":"","overlay-type":"","overlay-color":"","overlay-opacity":"","overlay-gradient":""},"mobile":{"background-color":"var(--ast-global-color-5)","background-image":"","background-repeat":"repeat","background-position":"center center","background-size":"auto","background-attachment":"scroll","background-type":"","background-media":"","overlay-type":"","overlay-color":"","overlay-opacity":"","overlay-gradient":""}},"yasr_overall_rating":5,"yasr_post_is_review":"","yasr_auto_insert_disabled":"","yasr_review_type":""},"product_brand":[],"product_cat":[25],"product_tag":[],"class_list":{"0":"post-5363","1":"product","2":"type-product","3":"status-publish","4":"has-post-thumbnail","6":"product_cat-soft-biscuit-production-line","7":"desktop-align-left","8":"tablet-align-left","9":"mobile-align-left","11":"first","12":"instock","13":"shipping-taxable","14":"product-type-simple"},"yoast_head":"<!-- This site is optimized with the Yoast SEO plugin v24.4 - https:\/\/yoast.com\/wordpress\/plugins\/seo\/ -->\n<title>Soft Biscuit Forming Machine: Efficient, Flexible and Reliable - Biscuit Production Solution Manufacturer<\/title>\n<meta name=\"description\" content=\"Soft biscuit forming machine have automated process, flexible mold replace, and global service support to help efficient production and quality improvement.\" \/>\n<meta name=\"robots\" content=\"index, follow, max-snippet:-1, max-image-preview:large, max-video-preview:-1\" \/>\n<link rel=\"canonical\" href=\"https:\/\/www.biscuitsolution.com\/es\/producto\/soft-biscuit-forming-machine-efficient-flexible-and-reliable\/\" \/>\n<meta property=\"og:locale\" content=\"es_ES\" \/>\n<meta property=\"og:type\" content=\"article\" \/>\n<meta property=\"og:title\" content=\"Soft Biscuit Forming Machine: Efficient, Flexible and Reliable - Biscuit Production Solution Manufacturer\" \/>\n<meta property=\"og:description\" content=\"Soft biscuit forming machine have automated process, flexible mold replace, and global service support to help efficient production and quality improvement.\" \/>\n<meta property=\"og:url\" content=\"https:\/\/www.biscuitsolution.com\/es\/producto\/soft-biscuit-forming-machine-efficient-flexible-and-reliable\/\" \/>\n<meta property=\"og:site_name\" content=\"Biscuit Production Solution Manufacturer\" \/>\n<meta property=\"article:publisher\" content=\"https:\/\/www.facebook.com\/profile.php?id=100095205040823\" \/>\n<meta property=\"article:modified_time\" content=\"2025-12-22T10:20:48+00:00\" \/>\n<meta property=\"og:image\" content=\"https:\/\/www.biscuitsolution.com\/wp-content\/uploads\/2025\/03\/soft-biscuit-forming-machine.jpg\" \/>\n\t<meta property=\"og:image:width\" content=\"600\" \/>\n\t<meta property=\"og:image:height\" content=\"600\" \/>\n\t<meta property=\"og:image:type\" content=\"image\/jpeg\" \/>\n<meta name=\"twitter:card\" content=\"summary_large_image\" \/>\n<meta name=\"twitter:site\" content=\"@shanna_zha26342\" \/>\n<meta name=\"twitter:label1\" content=\"Tiempo de lectura\" \/>\n\t<meta name=\"twitter:data1\" content=\"3 minutos\" \/>\n<script type=\"application\/ld+json\" class=\"yoast-schema-graph\">{\"@context\":\"https:\/\/schema.org\",\"@graph\":[{\"@type\":\"WebPage\",\"@id\":\"https:\/\/www.biscuitsolution.com\/product\/soft-biscuit-forming-machine-efficient-flexible-and-reliable\/\",\"url\":\"https:\/\/www.biscuitsolution.com\/product\/soft-biscuit-forming-machine-efficient-flexible-and-reliable\/\",\"name\":\"Soft Biscuit Forming Machine: Efficient, Flexible and Reliable - Biscuit Production Solution Manufacturer\",\"isPartOf\":{\"@id\":\"https:\/\/www.biscuitsolution.com\/#website\"},\"primaryImageOfPage\":{\"@id\":\"https:\/\/www.biscuitsolution.com\/product\/soft-biscuit-forming-machine-efficient-flexible-and-reliable\/#primaryimage\"},\"image\":{\"@id\":\"https:\/\/www.biscuitsolution.com\/product\/soft-biscuit-forming-machine-efficient-flexible-and-reliable\/#primaryimage\"},\"thumbnailUrl\":\"https:\/\/www.biscuitsolution.com\/wp-content\/uploads\/2025\/03\/soft-biscuit-forming-machine.jpg\",\"datePublished\":\"2025-03-12T08:57:09+00:00\",\"dateModified\":\"2025-12-22T10:20:48+00:00\",\"description\":\"Soft biscuit forming machine have automated process, flexible mold replace, and global service support to help efficient production and quality improvement.\",\"breadcrumb\":{\"@id\":\"https:\/\/www.biscuitsolution.com\/product\/soft-biscuit-forming-machine-efficient-flexible-and-reliable\/#breadcrumb\"},\"inLanguage\":\"es\",\"potentialAction\":[{\"@type\":\"ReadAction\",\"target\":[\"https:\/\/www.biscuitsolution.com\/product\/soft-biscuit-forming-machine-efficient-flexible-and-reliable\/\"]}]},{\"@type\":\"ImageObject\",\"inLanguage\":\"es\",\"@id\":\"https:\/\/www.biscuitsolution.com\/product\/soft-biscuit-forming-machine-efficient-flexible-and-reliable\/#primaryimage\",\"url\":\"https:\/\/www.biscuitsolution.com\/wp-content\/uploads\/2025\/03\/soft-biscuit-forming-machine.jpg\",\"contentUrl\":\"https:\/\/www.biscuitsolution.com\/wp-content\/uploads\/2025\/03\/soft-biscuit-forming-machine.jpg\",\"width\":600,\"height\":600,\"caption\":\"soft biscuit forming machine\"},{\"@type\":\"BreadcrumbList\",\"@id\":\"https:\/\/www.biscuitsolution.com\/product\/soft-biscuit-forming-machine-efficient-flexible-and-reliable\/#breadcrumb\",\"itemListElement\":[{\"@type\":\"ListItem\",\"position\":1,\"name\":\"Home\",\"item\":\"https:\/\/www.biscuitsolution.com\/\"},{\"@type\":\"ListItem\",\"position\":2,\"name\":\"Product\",\"item\":\"https:\/\/www.biscuitsolution.com\/product\/\"},{\"@type\":\"ListItem\",\"position\":3,\"name\":\"Soft Biscuit Forming Machine: Efficient, Flexible and Reliable\"}]},{\"@type\":\"WebSite\",\"@id\":\"https:\/\/www.biscuitsolution.com\/#website\",\"url\":\"https:\/\/www.biscuitsolution.com\/\",\"name\":\"Biscuit Production Solution Manufacturer\",\"description\":\"\",\"potentialAction\":[{\"@type\":\"SearchAction\",\"target\":{\"@type\":\"EntryPoint\",\"urlTemplate\":\"https:\/\/www.biscuitsolution.com\/?s={search_term_string}\"},\"query-input\":{\"@type\":\"PropertyValueSpecification\",\"valueRequired\":true,\"valueName\":\"search_term_string\"}}],\"inLanguage\":\"es\"},false]}<\/script>\n<!-- \/ Yoast SEO plugin. -->","yoast_head_json":{"title":"M\u00e1quina formadora de galletas blandas: Eficiente, flexible y fiable - Fabricante de soluciones para la producci\u00f3n de galletas","description":"La m\u00e1quina formadora de galletas blandas tiene un proceso automatizado, un molde flexible reemplazable y un soporte de servicio global para ayudar a una producci\u00f3n eficiente y una mejora de la calidad.","robots":{"index":"index","follow":"follow","max-snippet":"max-snippet:-1","max-image-preview":"max-image-preview:large","max-video-preview":"max-video-preview:-1"},"canonical":"https:\/\/www.biscuitsolution.com\/es\/producto\/soft-biscuit-forming-machine-efficient-flexible-and-reliable\/","og_locale":"es_ES","og_type":"article","og_title":"Soft Biscuit Forming Machine: Efficient, Flexible and Reliable - Biscuit Production Solution Manufacturer","og_description":"Soft biscuit forming machine have automated process, flexible mold replace, and global service support to help efficient production and quality improvement.","og_url":"https:\/\/www.biscuitsolution.com\/es\/producto\/soft-biscuit-forming-machine-efficient-flexible-and-reliable\/","og_site_name":"Biscuit Production Solution Manufacturer","article_publisher":"https:\/\/www.facebook.com\/profile.php?id=100095205040823","article_modified_time":"2025-12-22T10:20:48+00:00","og_image":[{"width":600,"height":600,"url":"https:\/\/www.biscuitsolution.com\/wp-content\/uploads\/2025\/03\/soft-biscuit-forming-machine.jpg","type":"image\/jpeg"}],"twitter_card":"summary_large_image","twitter_site":"@shanna_zha26342","twitter_misc":{"Tiempo de lectura":"3 minutos"},"schema":{"@context":"https:\/\/schema.org","@graph":[{"@type":"WebPage","@id":"https:\/\/www.biscuitsolution.com\/product\/soft-biscuit-forming-machine-efficient-flexible-and-reliable\/","url":"https:\/\/www.biscuitsolution.com\/product\/soft-biscuit-forming-machine-efficient-flexible-and-reliable\/","name":"M\u00e1quina formadora de galletas blandas: Eficiente, flexible y fiable - Fabricante de soluciones para la producci\u00f3n de galletas","isPartOf":{"@id":"https:\/\/www.biscuitsolution.com\/#website"},"primaryImageOfPage":{"@id":"https:\/\/www.biscuitsolution.com\/product\/soft-biscuit-forming-machine-efficient-flexible-and-reliable\/#primaryimage"},"image":{"@id":"https:\/\/www.biscuitsolution.com\/product\/soft-biscuit-forming-machine-efficient-flexible-and-reliable\/#primaryimage"},"thumbnailUrl":"https:\/\/www.biscuitsolution.com\/wp-content\/uploads\/2025\/03\/soft-biscuit-forming-machine.jpg","datePublished":"2025-03-12T08:57:09+00:00","dateModified":"2025-12-22T10:20:48+00:00","description":"La m\u00e1quina formadora de galletas blandas tiene un proceso automatizado, un molde flexible reemplazable y un soporte de servicio global para ayudar a una producci\u00f3n eficiente y una mejora de la calidad.","breadcrumb":{"@id":"https:\/\/www.biscuitsolution.com\/product\/soft-biscuit-forming-machine-efficient-flexible-and-reliable\/#breadcrumb"},"inLanguage":"es","potentialAction":[{"@type":"ReadAction","target":["https:\/\/www.biscuitsolution.com\/product\/soft-biscuit-forming-machine-efficient-flexible-and-reliable\/"]}]},{"@type":"ImageObject","inLanguage":"es","@id":"https:\/\/www.biscuitsolution.com\/product\/soft-biscuit-forming-machine-efficient-flexible-and-reliable\/#primaryimage","url":"https:\/\/www.biscuitsolution.com\/wp-content\/uploads\/2025\/03\/soft-biscuit-forming-machine.jpg","contentUrl":"https:\/\/www.biscuitsolution.com\/wp-content\/uploads\/2025\/03\/soft-biscuit-forming-machine.jpg","width":600,"height":600,"caption":"soft biscuit forming machine"},{"@type":"BreadcrumbList","@id":"https:\/\/www.biscuitsolution.com\/product\/soft-biscuit-forming-machine-efficient-flexible-and-reliable\/#breadcrumb","itemListElement":[{"@type":"ListItem","position":1,"name":"Home","item":"https:\/\/www.biscuitsolution.com\/"},{"@type":"ListItem","position":2,"name":"Product","item":"https:\/\/www.biscuitsolution.com\/product\/"},{"@type":"ListItem","position":3,"name":"Soft Biscuit Forming Machine: Efficient, Flexible and Reliable"}]},{"@type":"WebSite","@id":"https:\/\/www.biscuitsolution.com\/#website","url":"https:\/\/www.biscuitsolution.com\/","name":"Fabricante de soluciones para la producci\u00f3n de galletas","description":"","potentialAction":[{"@type":"SearchAction","target":{"@type":"EntryPoint","urlTemplate":"https:\/\/www.biscuitsolution.com\/?s={search_term_string}"},"query-input":{"@type":"PropertyValueSpecification","valueRequired":true,"valueName":"search_term_string"}}],"inLanguage":"es"},false]}},"yasr_visitor_votes":{"stars_attributes":{"read_only":false,"span_bottom":false},"number_of_votes":1,"sum_votes":5},"_links":{"self":[{"href":"https:\/\/www.biscuitsolution.com\/es\/wp-json\/wp\/v2\/product\/5363","targetHints":{"allow":["GET"]}}],"collection":[{"href":"https:\/\/www.biscuitsolution.com\/es\/wp-json\/wp\/v2\/product"}],"about":[{"href":"https:\/\/www.biscuitsolution.com\/es\/wp-json\/wp\/v2\/types\/product"}],"replies":[{"embeddable":true,"href":"https:\/\/www.biscuitsolution.com\/es\/wp-json\/wp\/v2\/comments?post=5363"}],"version-history":[{"count":5,"href":"https:\/\/www.biscuitsolution.com\/es\/wp-json\/wp\/v2\/product\/5363\/revisions"}],"predecessor-version":[{"id":5857,"href":"https:\/\/www.biscuitsolution.com\/es\/wp-json\/wp\/v2\/product\/5363\/revisions\/5857"}],"wp:featuredmedia":[{"embeddable":true,"href":"https:\/\/www.biscuitsolution.com\/es\/wp-json\/wp\/v2\/media\/5367"}],"wp:attachment":[{"href":"https:\/\/www.biscuitsolution.com\/es\/wp-json\/wp\/v2\/media?parent=5363"}],"wp:term":[{"taxonomy":"product_brand","embeddable":true,"href":"https:\/\/www.biscuitsolution.com\/es\/wp-json\/wp\/v2\/product_brand?post=5363"},{"taxonomy":"product_cat","embeddable":true,"href":"https:\/\/www.biscuitsolution.com\/es\/wp-json\/wp\/v2\/product_cat?post=5363"},{"taxonomy":"product_tag","embeddable":true,"href":"https:\/\/www.biscuitsolution.com\/es\/wp-json\/wp\/v2\/product_tag?post=5363"}],"curies":[{"name":"wp","href":"https:\/\/api.w.org\/{rel}","templated":true}]}}