{"id":5354,"date":"2025-03-10T18:10:31","date_gmt":"2025-03-10T10:10:31","guid":{"rendered":"https:\/\/www.biscuitsolution.com\/?post_type=product&#038;p=5354"},"modified":"2025-03-10T18:11:17","modified_gmt":"2025-03-10T10:11:17","slug":"industrial-hard-biscuit-forming-machine-efficient-production","status":"publish","type":"product","link":"https:\/\/www.biscuitsolution.com\/es\/producto\/industrial-hard-biscuit-forming-machine-efficient-production\/","title":{"rendered":"M\u00e1quina industrial formadora de galletas duras: Producci\u00f3n eficiente"},"content":{"rendered":"<p>En el \u00e1mbito de la panader\u00eda industrial, <strong>m\u00e1quinas formadoras de galletas duras<\/strong> son la piedra angular de la eficacia y la precisi\u00f3n. Tanto si produce galletas duras tradicionales como si explora nuevos sabores y formas, nuestras m\u00e1quinas est\u00e1n dise\u00f1adas para ofrecer resultados excelentes.<\/p>\n<p><img fetchpriority=\"high\" decoding=\"async\" class=\"alignnone size-full wp-image-5355\" src=\"https:\/\/www.biscuitsolution.com\/wp-content\/uploads\/2025\/03\/industrial-hard-biscuit-forming-machine.jpg\" alt=\"formadora industrial de galletas duras\" width=\"800\" height=\"450\" srcset=\"https:\/\/www.biscuitsolution.com\/wp-content\/uploads\/2025\/03\/industrial-hard-biscuit-forming-machine.jpg 800w, https:\/\/www.biscuitsolution.com\/wp-content\/uploads\/2025\/03\/industrial-hard-biscuit-forming-machine-300x169.jpg 300w, https:\/\/www.biscuitsolution.com\/wp-content\/uploads\/2025\/03\/industrial-hard-biscuit-forming-machine-768x432.jpg 768w, https:\/\/www.biscuitsolution.com\/wp-content\/uploads\/2025\/03\/industrial-hard-biscuit-forming-machine-18x10.jpg 18w, https:\/\/www.biscuitsolution.com\/wp-content\/uploads\/2025\/03\/industrial-hard-biscuit-forming-machine-600x338.jpg 600w, https:\/\/www.biscuitsolution.com\/wp-content\/uploads\/2025\/03\/industrial-hard-biscuit-forming-machine-64x36.jpg 64w\" sizes=\"(max-width: 800px) 100vw, 800px\" \/><\/p>\n<p>Nuestra m\u00e1quina industrial formadora de galletas duras es un dispositivo de laminado y corte especialmente dise\u00f1ado para prensar y formar galletas duras.<\/p>\n<p>Est\u00e1 equipada con un robusto mecanismo de prensado, un mecanismo de laminado y corte, un mecanismo de clasificaci\u00f3n, un sistema de transmisi\u00f3n y un bastidor duradero.<\/p>\n<p>La m\u00e1quina es muy adecuada para producir una variedad de galletas duras, incluyendo sabores salados, dulces, gruesos y finos.<\/p>\n<h2>Principio de funcionamiento de la m\u00e1quina formadora de galletas duras<\/h2>\n<ol>\n<li>En primer lugar, la m\u00e1quina transporta la masa de galleta preparada desde la tolva hasta el mecanismo de formaci\u00f3n a trav\u00e9s del sistema de alimentaci\u00f3n.<\/li>\n<li>A continuaci\u00f3n, el mecanismo de formado utiliza un molde o rodillo para aplicar presi\u00f3n y dar a la masa la forma de galleta deseada.<\/li>\n<li>Tras el formado, el dispositivo de corte corta con precisi\u00f3n la masa en galletas individuales.<\/li>\n<li>A continuaci\u00f3n, las galletas formadas se descargan de la m\u00e1quina y se env\u00edan a la siguiente fase de procesamiento, como el horneado o el envasado.<\/li>\n<\/ol>\n<p><img decoding=\"async\" class=\"alignnone size-full wp-image-5356\" src=\"https:\/\/www.biscuitsolution.com\/wp-content\/uploads\/2025\/03\/hard-biscuit-forming-machine.jpg\" alt=\"formadora industrial de galletas duras\" width=\"800\" height=\"450\" srcset=\"https:\/\/www.biscuitsolution.com\/wp-content\/uploads\/2025\/03\/hard-biscuit-forming-machine.jpg 800w, https:\/\/www.biscuitsolution.com\/wp-content\/uploads\/2025\/03\/hard-biscuit-forming-machine-300x169.jpg 300w, https:\/\/www.biscuitsolution.com\/wp-content\/uploads\/2025\/03\/hard-biscuit-forming-machine-768x432.jpg 768w, https:\/\/www.biscuitsolution.com\/wp-content\/uploads\/2025\/03\/hard-biscuit-forming-machine-18x10.jpg 18w, https:\/\/www.biscuitsolution.com\/wp-content\/uploads\/2025\/03\/hard-biscuit-forming-machine-600x338.jpg 600w, https:\/\/www.biscuitsolution.com\/wp-content\/uploads\/2025\/03\/hard-biscuit-forming-machine-64x36.jpg 64w\" sizes=\"(max-width: 800px) 100vw, 800px\" \/><\/p>\n<h2>Principales ventajas de las m\u00e1quinas formadoras de galletas duras industriales<\/h2>\n<ul>\n<li>Alta eficiencia de producci\u00f3n: La m\u00e1quina formadora est\u00e1 dise\u00f1ada para una producci\u00f3n continua y automatizada, lo que puede mejorar significativamente la eficiencia de la producci\u00f3n al tiempo que reduce los costes de mano de obra. La m\u00e1quina puede manejar grandes cantidades de masa, lo que garantiza que puede satisfacer las demandas del mercado sin comprometer la calidad.<\/li>\n<li>Precisi\u00f3n y consistencia: Con estructuras mec\u00e1nicas avanzadas y sistemas de control por ordenador, nuestras m\u00e1quinas formadoras garantizan una gran precisi\u00f3n en la forma, el tama\u00f1o y el peso de cada galleta.<\/li>\n<li>Versatilidad y personalizaci\u00f3n: Con s\u00f3lo cambiar el molde, puede producir galletas de distintas formas y tama\u00f1os para satisfacer las diferentes preferencias del mercado. Tanto si necesita galletas redondas tradicionales, galletas cuadradas o dise\u00f1os complejos, puede adaptarse.<\/li>\n<li>F\u00e1ciles de usar y construidas para durar: nuestras m\u00e1quinas est\u00e1n dise\u00f1adas con interfaces f\u00e1ciles de usar y controles intuitivos, lo que garantiza que sean sencillas de manejar y mantener. Adem\u00e1s, est\u00e1n fabricadas con materiales y componentes de alta calidad, lo que garantiza su durabilidad y fiabilidad a largo plazo.<\/li>\n<li>Innovadora y respetuosa con el medio ambiente: Incorporamos funciones avanzadas como dise\u00f1os energ\u00e9ticamente eficientes, correcci\u00f3n autom\u00e1tica de desviaciones y control preciso de la temperatura. Estos avances tecnol\u00f3gicos contribuyen a reducir los costes operativos al tiempo que promueven un proceso de producci\u00f3n m\u00e1s sostenible.<\/li>\n<\/ul>\n<p><img decoding=\"async\" class=\"alignnone size-full wp-image-5357\" src=\"https:\/\/www.biscuitsolution.com\/wp-content\/uploads\/2025\/03\/biscuit-forming-machine.jpg\" alt=\"formadora industrial de galletas duras\" width=\"800\" height=\"450\" srcset=\"https:\/\/www.biscuitsolution.com\/wp-content\/uploads\/2025\/03\/biscuit-forming-machine.jpg 800w, https:\/\/www.biscuitsolution.com\/wp-content\/uploads\/2025\/03\/biscuit-forming-machine-300x169.jpg 300w, https:\/\/www.biscuitsolution.com\/wp-content\/uploads\/2025\/03\/biscuit-forming-machine-768x432.jpg 768w, https:\/\/www.biscuitsolution.com\/wp-content\/uploads\/2025\/03\/biscuit-forming-machine-18x10.jpg 18w, https:\/\/www.biscuitsolution.com\/wp-content\/uploads\/2025\/03\/biscuit-forming-machine-600x338.jpg 600w, https:\/\/www.biscuitsolution.com\/wp-content\/uploads\/2025\/03\/biscuit-forming-machine-64x36.jpg 64w\" sizes=\"(max-width: 800px) 100vw, 800px\" \/><\/p>\n<h2>\u00bfPor qu\u00e9 elegirnos?<\/h2>\n<p>Nos comprometemos a ofrecer las mejores soluciones para sus necesidades de producci\u00f3n de galletas.<\/p>\n<p>Nuestro equipo de expertos cuenta con una amplia experiencia en el sector, lo que le garantiza una asistencia de primera clase desde la configuraci\u00f3n inicial hasta el mantenimiento continuo.<\/p>\n<p>Tambi\u00e9n ofrecemos dise\u00f1os y planes de producci\u00f3n adaptados al espacio de su f\u00e1brica y a su presupuesto.<\/p>\n<p>&nbsp;<\/p>\n<h2>\u00bfEst\u00e1 listo para transformar su producci\u00f3n de galletas?<\/h2>\n<p>P\u00f3ngase en contacto con nosotros hoy mismo para obtener m\u00e1s informaci\u00f3n sobre nuestras m\u00e1quinas y c\u00f3mo pueden aumentar su capacidad de producci\u00f3n.<\/p>\n<p>Perm\u00edtanos ayudarle a dar forma al futuro de la fabricaci\u00f3n de galletas con precisi\u00f3n y fiabilidad.<\/p>\n<h2>Deje un mensaje para obtener un presupuesto<\/h2>\n\n<div class=\"wpcf7 no-js\" id=\"wpcf7-f4619-o1\" lang=\"en-US\" dir=\"ltr\" data-wpcf7-id=\"4619\">\n<div class=\"screen-reader-response\"><p role=\"status\" aria-live=\"polite\" aria-atomic=\"true\"><\/p> <ul><\/ul><\/div>\n<form action=\"\/es\/wp-json\/wp\/v2\/product\/5354#wpcf7-f4619-o1\" method=\"post\" class=\"wpcf7-form init\" aria-label=\"Formulario de contacto\" novalidate=\"novalidate\" data-status=\"init\" data-trp-original-action=\"\/es\/wp-json\/wp\/v2\/product\/5354#wpcf7-f4619-o1\">\n<div style=\"display: none;\">\n<input type=\"hidden\" name=\"_wpcf7\" value=\"4619\" \/>\n<input type=\"hidden\" name=\"_wpcf7_version\" value=\"6.0.4\" \/>\n<input type=\"hidden\" name=\"_wpcf7_locale\" value=\"en_US\" \/>\n<input type=\"hidden\" name=\"_wpcf7_unit_tag\" value=\"wpcf7-f4619-o1\" \/>\n<input type=\"hidden\" name=\"_wpcf7_container_post\" value=\"0\" \/>\n<input type=\"hidden\" name=\"_wpcf7_posted_data_hash\" value=\"\" \/>\n<\/div>\n<p><label> Su nombre<br \/>\n<span class=\"wpcf7-form-control-wrap\" data-name=\"your-name\"><input size=\"40\" maxlength=\"400\" class=\"wpcf7-form-control wpcf7-text wpcf7-validates-as-required\" aria-required=\"true\" aria-invalid=\"false\" value=\"\" type=\"text\" name=\"your-name\" \/><\/span> <\/label>\n<\/p>\n<p><label> Su pa\u00eds<br \/>\n<span class=\"wpcf7-form-control-wrap\" data-name=\"your-country\"><input size=\"40\" maxlength=\"400\" class=\"wpcf7-form-control wpcf7-text\" aria-invalid=\"false\" value=\"\" type=\"text\" name=\"your-country\" \/><\/span><\/label>\n<\/p>\n<p><label> Su correo electr\u00f3nico<br \/>\n<span class=\"wpcf7-form-control-wrap\" data-name=\"your-email\"><input size=\"40\" maxlength=\"400\" class=\"wpcf7-form-control wpcf7-email wpcf7-validates-as-required wpcf7-text wpcf7-validates-as-email\" aria-required=\"true\" aria-invalid=\"false\" value=\"\" type=\"email\" name=\"your-email\" \/><\/span> <\/label>\n<\/p>\n<p><label> Tu tel\u00e9fono<br \/>\n<span class=\"wpcf7-form-control-wrap\" data-name=\"your-phone\"><input size=\"40\" maxlength=\"400\" class=\"wpcf7-form-control wpcf7-tel wpcf7-text wpcf7-validates-as-tel\" aria-invalid=\"false\" value=\"\" type=\"tel\" name=\"your-phone\" \/><\/span> <\/label>\n<\/p>\n<p><label> Nombre de su empresa<br \/>\n<span class=\"wpcf7-form-control-wrap\" data-name=\"text-457\"><input size=\"40\" maxlength=\"400\" class=\"wpcf7-form-control wpcf7-text\" aria-invalid=\"false\" value=\"\" type=\"text\" name=\"text-457\" \/><\/span> <\/label>\n<\/p>\n<p><label> El sitio web de su empresa<br \/>\n<span class=\"wpcf7-form-control-wrap\" data-name=\"text-546\"><input size=\"40\" maxlength=\"400\" class=\"wpcf7-form-control wpcf7-text\" aria-invalid=\"false\" value=\"\" type=\"text\" name=\"text-546\" \/><\/span> <\/label>\n<\/p>\n<p><label> Sus requisitos*<br \/>\n<span class=\"wpcf7-form-control-wrap\" data-name=\"your-message\"><textarea cols=\"40\" rows=\"10\" maxlength=\"2000\" class=\"wpcf7-form-control wpcf7-textarea wpcf7-validates-as-required\" aria-required=\"true\" aria-invalid=\"false\" name=\"your-message\"><\/textarea><\/span> <\/label>\n<\/p>\n<p><input class=\"wpcf7-form-control wpcf7-submit has-spinner\" type=\"submit\" value=\"Enviar\" \/>\n<\/p><p style=\"display: none !important;\" class=\"akismet-fields-container\" data-prefix=\"_wpcf7_ak_\"><label>&#916;<textarea name=\"_wpcf7_ak_hp_textarea\" cols=\"45\" rows=\"8\" maxlength=\"100\"><\/textarea><\/label><input type=\"hidden\" id=\"ak_js_1\" name=\"_wpcf7_ak_js\" value=\"218\"\/><script>document.getElementById( \"ak_js_1\" ).setAttribute( \"value\", ( new Date() ).getTime() );<\/script><\/p><div class=\"wpcf7-response-output\" aria-hidden=\"true\"><\/div>\n<input type=\"hidden\" name=\"trp-form-language\" value=\"es\"\/><\/form>\n<\/div>\n\n<div style='text-align:left' class='yasr-auto-insert-visitor'><\/div>","protected":false},"excerpt":{"rendered":"<p>Marca: GELGOOG<\/p>\n<p>Tensi\u00f3n\uff1a380V<\/p>\n<p>Correo electr\u00f3nico: shanna@machinehall.com<\/p>\n<p>Tel\u00e9fono: +8618638676709<\/p>","protected":false},"featured_media":5358,"comment_status":"open","ping_status":"closed","template":"","meta":{"site-sidebar-layout":"default","site-content-layout":"","ast-site-content-layout":"default","site-content-style":"default","site-sidebar-style":"default","ast-global-header-display":"","ast-banner-title-visibility":"","ast-main-header-display":"","ast-hfb-above-header-display":"","ast-hfb-below-header-display":"","ast-hfb-mobile-header-display":"","site-post-title":"","ast-breadcrumbs-content":"","ast-featured-img":"","footer-sml-layout":"","theme-transparent-header-meta":"default","adv-header-id-meta":"","stick-header-meta":"","header-above-stick-meta":"","header-main-stick-meta":"","header-below-stick-meta":"","astra-migrate-meta-layouts":"set","ast-page-background-enabled":"default","ast-page-background-meta":{"desktop":{"background-color":"","background-image":"","background-repeat":"repeat","background-position":"center center","background-size":"auto","background-attachment":"scroll","background-type":"","background-media":"","overlay-type":"","overlay-color":"","overlay-opacity":"","overlay-gradient":""},"tablet":{"background-color":"","background-image":"","background-repeat":"repeat","background-position":"center center","background-size":"auto","background-attachment":"scroll","background-type":"","background-media":"","overlay-type":"","overlay-color":"","overlay-opacity":"","overlay-gradient":""},"mobile":{"background-color":"","background-image":"","background-repeat":"repeat","background-position":"center center","background-size":"auto","background-attachment":"scroll","background-type":"","background-media":"","overlay-type":"","overlay-color":"","overlay-opacity":"","overlay-gradient":""}},"ast-content-background-meta":{"desktop":{"background-color":"var(--ast-global-color-5)","background-image":"","background-repeat":"repeat","background-position":"center center","background-size":"auto","background-attachment":"scroll","background-type":"","background-media":"","overlay-type":"","overlay-color":"","overlay-opacity":"","overlay-gradient":""},"tablet":{"background-color":"var(--ast-global-color-5)","background-image":"","background-repeat":"repeat","background-position":"center center","background-size":"auto","background-attachment":"scroll","background-type":"","background-media":"","overlay-type":"","overlay-color":"","overlay-opacity":"","overlay-gradient":""},"mobile":{"background-color":"var(--ast-global-color-5)","background-image":"","background-repeat":"repeat","background-position":"center center","background-size":"auto","background-attachment":"scroll","background-type":"","background-media":"","overlay-type":"","overlay-color":"","overlay-opacity":"","overlay-gradient":""}},"yasr_overall_rating":0,"yasr_post_is_review":"","yasr_auto_insert_disabled":"","yasr_review_type":""},"product_brand":[],"product_cat":[22],"product_tag":[],"class_list":{"0":"post-5354","1":"product","2":"type-product","3":"status-publish","4":"has-post-thumbnail","6":"product_cat-hard-biscuit-production-line","7":"desktop-align-left","8":"tablet-align-left","9":"mobile-align-left","11":"first","12":"instock","13":"shipping-taxable","14":"product-type-simple"},"yoast_head":"<!-- This site is optimized with the Yoast SEO plugin v24.4 - https:\/\/yoast.com\/wordpress\/plugins\/seo\/ -->\n<title>Industrial Hard Biscuit Forming Machine: Efficient Production - Biscuit Production Solution Manufacturer<\/title>\n<meta name=\"description\" content=\"industrial hard biscuit forming machines that are designed to meet the highest standards of quality and productivity.\" \/>\n<meta name=\"robots\" content=\"index, follow, max-snippet:-1, max-image-preview:large, max-video-preview:-1\" \/>\n<link rel=\"canonical\" href=\"https:\/\/www.biscuitsolution.com\/es\/producto\/industrial-hard-biscuit-forming-machine-efficient-production\/\" \/>\n<meta property=\"og:locale\" content=\"es_ES\" \/>\n<meta property=\"og:type\" content=\"article\" \/>\n<meta property=\"og:title\" content=\"Industrial Hard Biscuit Forming Machine: Efficient Production - Biscuit Production Solution Manufacturer\" \/>\n<meta property=\"og:description\" content=\"industrial hard biscuit forming machines that are designed to meet the highest standards of quality and productivity.\" \/>\n<meta property=\"og:url\" content=\"https:\/\/www.biscuitsolution.com\/es\/producto\/industrial-hard-biscuit-forming-machine-efficient-production\/\" \/>\n<meta property=\"og:site_name\" content=\"Biscuit Production Solution Manufacturer\" \/>\n<meta property=\"article:publisher\" content=\"https:\/\/www.facebook.com\/profile.php?id=100095205040823\" \/>\n<meta property=\"article:modified_time\" content=\"2025-03-10T10:11:17+00:00\" \/>\n<meta property=\"og:image\" content=\"https:\/\/www.biscuitsolution.com\/wp-content\/uploads\/2025\/03\/industrial-hard-biscuits-forming-machine.jpg\" \/>\n\t<meta property=\"og:image:width\" content=\"600\" \/>\n\t<meta property=\"og:image:height\" content=\"600\" \/>\n\t<meta property=\"og:image:type\" content=\"image\/jpeg\" \/>\n<meta name=\"twitter:card\" content=\"summary_large_image\" \/>\n<meta name=\"twitter:site\" content=\"@shanna_zha26342\" \/>\n<meta name=\"twitter:label1\" content=\"Tiempo de lectura\" \/>\n\t<meta name=\"twitter:data1\" content=\"3 minutos\" \/>\n<script type=\"application\/ld+json\" class=\"yoast-schema-graph\">{\"@context\":\"https:\/\/schema.org\",\"@graph\":[{\"@type\":\"WebPage\",\"@id\":\"https:\/\/www.biscuitsolution.com\/product\/industrial-hard-biscuit-forming-machine-efficient-production\/\",\"url\":\"https:\/\/www.biscuitsolution.com\/product\/industrial-hard-biscuit-forming-machine-efficient-production\/\",\"name\":\"Industrial Hard Biscuit Forming Machine: Efficient Production - Biscuit Production Solution Manufacturer\",\"isPartOf\":{\"@id\":\"https:\/\/www.biscuitsolution.com\/#website\"},\"primaryImageOfPage\":{\"@id\":\"https:\/\/www.biscuitsolution.com\/product\/industrial-hard-biscuit-forming-machine-efficient-production\/#primaryimage\"},\"image\":{\"@id\":\"https:\/\/www.biscuitsolution.com\/product\/industrial-hard-biscuit-forming-machine-efficient-production\/#primaryimage\"},\"thumbnailUrl\":\"https:\/\/www.biscuitsolution.com\/wp-content\/uploads\/2025\/03\/industrial-hard-biscuits-forming-machine.jpg\",\"datePublished\":\"2025-03-10T10:10:31+00:00\",\"dateModified\":\"2025-03-10T10:11:17+00:00\",\"description\":\"industrial hard biscuit forming machines that are designed to meet the highest standards of quality and productivity.\",\"breadcrumb\":{\"@id\":\"https:\/\/www.biscuitsolution.com\/product\/industrial-hard-biscuit-forming-machine-efficient-production\/#breadcrumb\"},\"inLanguage\":\"es\",\"potentialAction\":[{\"@type\":\"ReadAction\",\"target\":[\"https:\/\/www.biscuitsolution.com\/product\/industrial-hard-biscuit-forming-machine-efficient-production\/\"]}]},{\"@type\":\"ImageObject\",\"inLanguage\":\"es\",\"@id\":\"https:\/\/www.biscuitsolution.com\/product\/industrial-hard-biscuit-forming-machine-efficient-production\/#primaryimage\",\"url\":\"https:\/\/www.biscuitsolution.com\/wp-content\/uploads\/2025\/03\/industrial-hard-biscuits-forming-machine.jpg\",\"contentUrl\":\"https:\/\/www.biscuitsolution.com\/wp-content\/uploads\/2025\/03\/industrial-hard-biscuits-forming-machine.jpg\",\"width\":600,\"height\":600,\"caption\":\"industrial hard biscuit forming machine\"},{\"@type\":\"BreadcrumbList\",\"@id\":\"https:\/\/www.biscuitsolution.com\/product\/industrial-hard-biscuit-forming-machine-efficient-production\/#breadcrumb\",\"itemListElement\":[{\"@type\":\"ListItem\",\"position\":1,\"name\":\"Home\",\"item\":\"https:\/\/www.biscuitsolution.com\/\"},{\"@type\":\"ListItem\",\"position\":2,\"name\":\"Product\",\"item\":\"https:\/\/www.biscuitsolution.com\/product\/\"},{\"@type\":\"ListItem\",\"position\":3,\"name\":\"Industrial Hard Biscuit Forming Machine: Efficient Production\"}]},{\"@type\":\"WebSite\",\"@id\":\"https:\/\/www.biscuitsolution.com\/#website\",\"url\":\"https:\/\/www.biscuitsolution.com\/\",\"name\":\"Biscuit Production Solution Manufacturer\",\"description\":\"\",\"potentialAction\":[{\"@type\":\"SearchAction\",\"target\":{\"@type\":\"EntryPoint\",\"urlTemplate\":\"https:\/\/www.biscuitsolution.com\/?s={search_term_string}\"},\"query-input\":{\"@type\":\"PropertyValueSpecification\",\"valueRequired\":true,\"valueName\":\"search_term_string\"}}],\"inLanguage\":\"es\"},false]}<\/script>\n<!-- \/ Yoast SEO plugin. -->","yoast_head_json":{"title":"M\u00e1quina industrial formadora de galletas duras: Producci\u00f3n eficiente - Fabricante de soluciones para la producci\u00f3n de galletas","description":"Formadoras industriales de galletas duras dise\u00f1adas para satisfacer los m\u00e1s altos est\u00e1ndares de calidad y productividad.","robots":{"index":"index","follow":"follow","max-snippet":"max-snippet:-1","max-image-preview":"max-image-preview:large","max-video-preview":"max-video-preview:-1"},"canonical":"https:\/\/www.biscuitsolution.com\/es\/producto\/industrial-hard-biscuit-forming-machine-efficient-production\/","og_locale":"es_ES","og_type":"article","og_title":"Industrial Hard Biscuit Forming Machine: Efficient Production - Biscuit Production Solution Manufacturer","og_description":"industrial hard biscuit forming machines that are designed to meet the highest standards of quality and productivity.","og_url":"https:\/\/www.biscuitsolution.com\/es\/producto\/industrial-hard-biscuit-forming-machine-efficient-production\/","og_site_name":"Biscuit Production Solution Manufacturer","article_publisher":"https:\/\/www.facebook.com\/profile.php?id=100095205040823","article_modified_time":"2025-03-10T10:11:17+00:00","og_image":[{"width":600,"height":600,"url":"https:\/\/www.biscuitsolution.com\/wp-content\/uploads\/2025\/03\/industrial-hard-biscuits-forming-machine.jpg","type":"image\/jpeg"}],"twitter_card":"summary_large_image","twitter_site":"@shanna_zha26342","twitter_misc":{"Tiempo de lectura":"3 minutos"},"schema":{"@context":"https:\/\/schema.org","@graph":[{"@type":"WebPage","@id":"https:\/\/www.biscuitsolution.com\/product\/industrial-hard-biscuit-forming-machine-efficient-production\/","url":"https:\/\/www.biscuitsolution.com\/product\/industrial-hard-biscuit-forming-machine-efficient-production\/","name":"M\u00e1quina industrial formadora de galletas duras: Producci\u00f3n eficiente - Fabricante de soluciones para la producci\u00f3n de galletas","isPartOf":{"@id":"https:\/\/www.biscuitsolution.com\/#website"},"primaryImageOfPage":{"@id":"https:\/\/www.biscuitsolution.com\/product\/industrial-hard-biscuit-forming-machine-efficient-production\/#primaryimage"},"image":{"@id":"https:\/\/www.biscuitsolution.com\/product\/industrial-hard-biscuit-forming-machine-efficient-production\/#primaryimage"},"thumbnailUrl":"https:\/\/www.biscuitsolution.com\/wp-content\/uploads\/2025\/03\/industrial-hard-biscuits-forming-machine.jpg","datePublished":"2025-03-10T10:10:31+00:00","dateModified":"2025-03-10T10:11:17+00:00","description":"Formadoras industriales de galletas duras dise\u00f1adas para satisfacer los m\u00e1s altos est\u00e1ndares de calidad y productividad.","breadcrumb":{"@id":"https:\/\/www.biscuitsolution.com\/product\/industrial-hard-biscuit-forming-machine-efficient-production\/#breadcrumb"},"inLanguage":"es","potentialAction":[{"@type":"ReadAction","target":["https:\/\/www.biscuitsolution.com\/product\/industrial-hard-biscuit-forming-machine-efficient-production\/"]}]},{"@type":"ImageObject","inLanguage":"es","@id":"https:\/\/www.biscuitsolution.com\/product\/industrial-hard-biscuit-forming-machine-efficient-production\/#primaryimage","url":"https:\/\/www.biscuitsolution.com\/wp-content\/uploads\/2025\/03\/industrial-hard-biscuits-forming-machine.jpg","contentUrl":"https:\/\/www.biscuitsolution.com\/wp-content\/uploads\/2025\/03\/industrial-hard-biscuits-forming-machine.jpg","width":600,"height":600,"caption":"industrial hard biscuit forming machine"},{"@type":"BreadcrumbList","@id":"https:\/\/www.biscuitsolution.com\/product\/industrial-hard-biscuit-forming-machine-efficient-production\/#breadcrumb","itemListElement":[{"@type":"ListItem","position":1,"name":"Home","item":"https:\/\/www.biscuitsolution.com\/"},{"@type":"ListItem","position":2,"name":"Product","item":"https:\/\/www.biscuitsolution.com\/product\/"},{"@type":"ListItem","position":3,"name":"Industrial Hard Biscuit Forming Machine: Efficient Production"}]},{"@type":"WebSite","@id":"https:\/\/www.biscuitsolution.com\/#website","url":"https:\/\/www.biscuitsolution.com\/","name":"Fabricante de soluciones para la producci\u00f3n de galletas","description":"","potentialAction":[{"@type":"SearchAction","target":{"@type":"EntryPoint","urlTemplate":"https:\/\/www.biscuitsolution.com\/?s={search_term_string}"},"query-input":{"@type":"PropertyValueSpecification","valueRequired":true,"valueName":"search_term_string"}}],"inLanguage":"es"},false]}},"yasr_visitor_votes":{"stars_attributes":{"read_only":false,"span_bottom":false},"number_of_votes":1,"sum_votes":5},"_links":{"self":[{"href":"https:\/\/www.biscuitsolution.com\/es\/wp-json\/wp\/v2\/product\/5354","targetHints":{"allow":["GET"]}}],"collection":[{"href":"https:\/\/www.biscuitsolution.com\/es\/wp-json\/wp\/v2\/product"}],"about":[{"href":"https:\/\/www.biscuitsolution.com\/es\/wp-json\/wp\/v2\/types\/product"}],"replies":[{"embeddable":true,"href":"https:\/\/www.biscuitsolution.com\/es\/wp-json\/wp\/v2\/comments?post=5354"}],"version-history":[{"count":2,"href":"https:\/\/www.biscuitsolution.com\/es\/wp-json\/wp\/v2\/product\/5354\/revisions"}],"predecessor-version":[{"id":5360,"href":"https:\/\/www.biscuitsolution.com\/es\/wp-json\/wp\/v2\/product\/5354\/revisions\/5360"}],"wp:featuredmedia":[{"embeddable":true,"href":"https:\/\/www.biscuitsolution.com\/es\/wp-json\/wp\/v2\/media\/5358"}],"wp:attachment":[{"href":"https:\/\/www.biscuitsolution.com\/es\/wp-json\/wp\/v2\/media?parent=5354"}],"wp:term":[{"taxonomy":"product_brand","embeddable":true,"href":"https:\/\/www.biscuitsolution.com\/es\/wp-json\/wp\/v2\/product_brand?post=5354"},{"taxonomy":"product_cat","embeddable":true,"href":"https:\/\/www.biscuitsolution.com\/es\/wp-json\/wp\/v2\/product_cat?post=5354"},{"taxonomy":"product_tag","embeddable":true,"href":"https:\/\/www.biscuitsolution.com\/es\/wp-json\/wp\/v2\/product_tag?post=5354"}],"curies":[{"name":"wp","href":"https:\/\/api.w.org\/{rel}","templated":true}]}}