{"id":5317,"date":"2025-03-06T15:45:23","date_gmt":"2025-03-06T07:45:23","guid":{"rendered":"https:\/\/www.biscuitsolution.com\/?post_type=product&#038;p=5317"},"modified":"2025-03-06T17:33:21","modified_gmt":"2025-03-06T09:33:21","slug":"400kg-automatic-biscuit-dough-mixer-machine-industrial","status":"publish","type":"product","link":"https:\/\/www.biscuitsolution.com\/es\/producto\/400kg-automatic-biscuit-dough-mixer-machine-industrial\/","title":{"rendered":"400KG M\u00e1quina autom\u00e1tica para amasar galletas Industrial"},"content":{"rendered":"<p>La calidad industrial <strong>amasadora autom\u00e1tica de galletas<\/strong> utiliza una robusta cuba de acero inoxidable y elementos mezcladores de alta calidad, que pueden manejar f\u00e1cilmente grandes cantidades de masa.<\/p>\n<p><img fetchpriority=\"high\" decoding=\"async\" class=\"alignnone size-full wp-image-5318\" src=\"https:\/\/www.biscuitsolution.com\/wp-content\/uploads\/2025\/03\/biscuits-dough-mixer-industrial.jpg\" alt=\"amasadora industrial\" width=\"800\" height=\"450\" srcset=\"https:\/\/www.biscuitsolution.com\/wp-content\/uploads\/2025\/03\/biscuits-dough-mixer-industrial.jpg 800w, https:\/\/www.biscuitsolution.com\/wp-content\/uploads\/2025\/03\/biscuits-dough-mixer-industrial-300x169.jpg 300w, https:\/\/www.biscuitsolution.com\/wp-content\/uploads\/2025\/03\/biscuits-dough-mixer-industrial-768x432.jpg 768w, https:\/\/www.biscuitsolution.com\/wp-content\/uploads\/2025\/03\/biscuits-dough-mixer-industrial-600x338.jpg 600w, https:\/\/www.biscuitsolution.com\/wp-content\/uploads\/2025\/03\/biscuits-dough-mixer-industrial-64x36.jpg 64w\" sizes=\"(max-width: 800px) 100vw, 800px\" \/><\/p>\n<p>La m\u00e1quina utiliza un exclusivo sistema de mezclado en espiral de doble brazo, y dos brazos contrarrotantes trabajan juntos para garantizar que ingredientes como la harina, el agua, el az\u00facar, el aceite y los agentes leudantes se mezclen a fondo y uniformemente. Su gran capacidad permite reducir significativamente el n\u00famero de ciclos de mezclado necesarios y mejorar la eficacia general de la producci\u00f3n.<\/p>\n<p>El panel de control inteligente permite al operador ajustar con precisi\u00f3n el tiempo de mezcla, la velocidad y la temperatura, controlando as\u00ed totalmente la formaci\u00f3n y la calidad de la masa.<\/p>\n<p><img decoding=\"async\" class=\"alignnone size-full wp-image-5319\" src=\"https:\/\/www.biscuitsolution.com\/wp-content\/uploads\/2025\/03\/biscuits-dough-mixer-machine.jpg\" alt=\"amasadora industrial\" width=\"800\" height=\"450\" srcset=\"https:\/\/www.biscuitsolution.com\/wp-content\/uploads\/2025\/03\/biscuits-dough-mixer-machine.jpg 800w, https:\/\/www.biscuitsolution.com\/wp-content\/uploads\/2025\/03\/biscuits-dough-mixer-machine-300x169.jpg 300w, https:\/\/www.biscuitsolution.com\/wp-content\/uploads\/2025\/03\/biscuits-dough-mixer-machine-768x432.jpg 768w, https:\/\/www.biscuitsolution.com\/wp-content\/uploads\/2025\/03\/biscuits-dough-mixer-machine-600x338.jpg 600w, https:\/\/www.biscuitsolution.com\/wp-content\/uploads\/2025\/03\/biscuits-dough-mixer-machine-64x36.jpg 64w\" sizes=\"(max-width: 800px) 100vw, 800px\" \/><\/p>\n<h2>Amasadora autom\u00e1tica de galletas Ventajas<\/h2>\n<ul>\n<li>Alta uniformidad de mezcla: A trav\u00e9s del dise\u00f1o preciso de la paleta mezcladora y el control razonable de los ingredientes, la harina, el aceite, el az\u00facar, el agua y otras materias primas se pueden mezclar completamente para garantizar que la textura de la masa sea uniforme y tenga un aspecto consistente.<\/li>\n<li>Control preciso de los par\u00e1metros: Par\u00e1metros como el tiempo de mezclado, la velocidad y la temperatura pueden controlarse con precisi\u00f3n. Seg\u00fan las diferentes recetas de galletas y los requisitos del proceso, establezca los par\u00e1metros adecuados para garantizar que la calidad de la masa cumpla los requisitos de producci\u00f3n.<\/li>\n<li>Reduce la operaci\u00f3n manual: La amasadora autom\u00e1tica de galletas puede completar autom\u00e1ticamente el trabajo principal de mezcla de masa, y s\u00f3lo se requiere un peque\u00f1o n\u00famero de operadores para controlar el equipo, agregar materias primas y otros trabajos auxiliares, lo que reduce en gran medida la dependencia del trabajo manual.<\/li>\n<li>F\u00e1ciles de limpiar: El equipo suele estar hecho de materiales de calidad alimentaria, con una superficie lisa y sin esquinas muertas sanitarias. Se puede limpiar y desinfectar al mismo tiempo, lo que puede evitar eficazmente los residuos de levadura y el crecimiento bacteriano, y garantizar la higiene y la seguridad de los alimentos.<\/li>\n<li>Compatible con m\u00faltiples recetas: Puede adaptarse a las necesidades de mezcla de diferentes tipos de masas de galletas, como galletas crujientes, galletas el\u00e1sticas, galletas, etc. ajustando los par\u00e1metros y sustituyendo las palas de agitaci\u00f3n, etc., con una gran flexibilidad y flexibilidad.<\/li>\n<\/ul>\n<p><img decoding=\"async\" class=\"alignnone size-full wp-image-5320\" src=\"https:\/\/www.biscuitsolution.com\/wp-content\/uploads\/2025\/03\/biscuit-dough-mixer-machines.jpg\" alt=\"m\u00e1quina amasadora de galletas\" width=\"800\" height=\"450\" srcset=\"https:\/\/www.biscuitsolution.com\/wp-content\/uploads\/2025\/03\/biscuit-dough-mixer-machines.jpg 800w, https:\/\/www.biscuitsolution.com\/wp-content\/uploads\/2025\/03\/biscuit-dough-mixer-machines-300x169.jpg 300w, https:\/\/www.biscuitsolution.com\/wp-content\/uploads\/2025\/03\/biscuit-dough-mixer-machines-768x432.jpg 768w, https:\/\/www.biscuitsolution.com\/wp-content\/uploads\/2025\/03\/biscuit-dough-mixer-machines-600x338.jpg 600w, https:\/\/www.biscuitsolution.com\/wp-content\/uploads\/2025\/03\/biscuit-dough-mixer-machines-64x36.jpg 64w\" sizes=\"(max-width: 800px) 100vw, 800px\" \/><\/p>\n<h2>Amasadora autom\u00e1tica Aplicaci\u00f3n Productos<\/h2>\n<ul>\n<li>Galletas: Adecuado para todo tipo de galletas, incluidas galletas crackers, shortbread y galletas de crema para s\u00e1ndwiches. La calidad constante de la masa ayuda a conseguir la textura y el sabor necesarios para cada variedad.<\/li>\n<li>Galletas: Ya sean galletas de chocolate, de avena o de az\u00facar, la batidora garantiza que la masa tenga la consistencia adecuada para moldearla y hornearla a la perfecci\u00f3n.<\/li>\n<li>Pasteler\u00eda: Adecuada para hacer masa de hojaldre para tartas, pasteles y empanadillas. El proceso de mezclado controlado ayuda a hacer pasteles hojaldrados y suaves.<\/li>\n<li>Aperitivos: Se puede utilizar para hacer masa para aperitivos salados como pajitas de queso, pretzels y galletas de sabores. La versatilidad de la batidora permite probar diferentes sabores y texturas.<\/li>\n<\/ul>\n<p><img loading=\"lazy\" decoding=\"async\" class=\"alignnone size-full wp-image-5321\" src=\"https:\/\/www.biscuitsolution.com\/wp-content\/uploads\/2025\/03\/biscuit-dough-mixer-machine.jpg\" alt=\"m\u00e1quina amasadora de galletas\" width=\"800\" height=\"450\" srcset=\"https:\/\/www.biscuitsolution.com\/wp-content\/uploads\/2025\/03\/biscuit-dough-mixer-machine.jpg 800w, https:\/\/www.biscuitsolution.com\/wp-content\/uploads\/2025\/03\/biscuit-dough-mixer-machine-300x169.jpg 300w, https:\/\/www.biscuitsolution.com\/wp-content\/uploads\/2025\/03\/biscuit-dough-mixer-machine-768x432.jpg 768w, https:\/\/www.biscuitsolution.com\/wp-content\/uploads\/2025\/03\/biscuit-dough-mixer-machine-600x338.jpg 600w, https:\/\/www.biscuitsolution.com\/wp-content\/uploads\/2025\/03\/biscuit-dough-mixer-machine-64x36.jpg 64w\" sizes=\"(max-width: 800px) 100vw, 800px\" \/><\/p>\n<p>Nuestras amasadoras autom\u00e1ticas de galletas ofrecen a los productores de galletas una soluci\u00f3n fiable, eficaz y precisa que satisface las exigencias de la producci\u00f3n moderna, garantizando productos de alta calidad y optimizando al mismo tiempo los costes y la mano de obra.<\/p>\n<p>P\u00f3ngase en contacto con nosotros hoy mismo para obtener m\u00e1s informaci\u00f3n sobre c\u00f3mo esta m\u00e1quina puede transformar su proceso de producci\u00f3n.<\/p>\n<h2>Deje un mensaje para obtener un presupuesto<\/h2>\n\n<div class=\"wpcf7 no-js\" id=\"wpcf7-f4619-o1\" lang=\"en-US\" dir=\"ltr\" data-wpcf7-id=\"4619\">\n<div class=\"screen-reader-response\"><p role=\"status\" aria-live=\"polite\" aria-atomic=\"true\"><\/p> <ul><\/ul><\/div>\n<form action=\"\/es\/wp-json\/wp\/v2\/product\/5317#wpcf7-f4619-o1\" method=\"post\" class=\"wpcf7-form init\" aria-label=\"Formulario de contacto\" novalidate=\"novalidate\" data-status=\"init\" data-trp-original-action=\"\/es\/wp-json\/wp\/v2\/product\/5317#wpcf7-f4619-o1\">\n<div style=\"display: none;\">\n<input type=\"hidden\" name=\"_wpcf7\" value=\"4619\" \/>\n<input type=\"hidden\" name=\"_wpcf7_version\" value=\"6.0.4\" \/>\n<input type=\"hidden\" name=\"_wpcf7_locale\" value=\"en_US\" \/>\n<input type=\"hidden\" name=\"_wpcf7_unit_tag\" value=\"wpcf7-f4619-o1\" \/>\n<input type=\"hidden\" name=\"_wpcf7_container_post\" value=\"0\" \/>\n<input type=\"hidden\" name=\"_wpcf7_posted_data_hash\" value=\"\" \/>\n<\/div>\n<p><label> Su nombre<br \/>\n<span class=\"wpcf7-form-control-wrap\" data-name=\"your-name\"><input size=\"40\" maxlength=\"400\" class=\"wpcf7-form-control wpcf7-text wpcf7-validates-as-required\" aria-required=\"true\" aria-invalid=\"false\" value=\"\" type=\"text\" name=\"your-name\" \/><\/span> <\/label>\n<\/p>\n<p><label> Su pa\u00eds<br \/>\n<span class=\"wpcf7-form-control-wrap\" data-name=\"your-country\"><input size=\"40\" maxlength=\"400\" class=\"wpcf7-form-control wpcf7-text\" aria-invalid=\"false\" value=\"\" type=\"text\" name=\"your-country\" \/><\/span><\/label>\n<\/p>\n<p><label> Su correo electr\u00f3nico<br \/>\n<span class=\"wpcf7-form-control-wrap\" data-name=\"your-email\"><input size=\"40\" maxlength=\"400\" class=\"wpcf7-form-control wpcf7-email wpcf7-validates-as-required wpcf7-text wpcf7-validates-as-email\" aria-required=\"true\" aria-invalid=\"false\" value=\"\" type=\"email\" name=\"your-email\" \/><\/span> <\/label>\n<\/p>\n<p><label> Tu tel\u00e9fono<br \/>\n<span class=\"wpcf7-form-control-wrap\" data-name=\"your-phone\"><input size=\"40\" maxlength=\"400\" class=\"wpcf7-form-control wpcf7-tel wpcf7-text wpcf7-validates-as-tel\" aria-invalid=\"false\" value=\"\" type=\"tel\" name=\"your-phone\" \/><\/span> <\/label>\n<\/p>\n<p><label> Nombre de su empresa<br \/>\n<span class=\"wpcf7-form-control-wrap\" data-name=\"text-457\"><input size=\"40\" maxlength=\"400\" class=\"wpcf7-form-control wpcf7-text\" aria-invalid=\"false\" value=\"\" type=\"text\" name=\"text-457\" \/><\/span> <\/label>\n<\/p>\n<p><label> El sitio web de su empresa<br \/>\n<span class=\"wpcf7-form-control-wrap\" data-name=\"text-546\"><input size=\"40\" maxlength=\"400\" class=\"wpcf7-form-control wpcf7-text\" aria-invalid=\"false\" value=\"\" type=\"text\" name=\"text-546\" \/><\/span> <\/label>\n<\/p>\n<p><label> Sus requisitos*<br \/>\n<span class=\"wpcf7-form-control-wrap\" data-name=\"your-message\"><textarea cols=\"40\" rows=\"10\" maxlength=\"2000\" class=\"wpcf7-form-control wpcf7-textarea wpcf7-validates-as-required\" aria-required=\"true\" aria-invalid=\"false\" name=\"your-message\"><\/textarea><\/span> <\/label>\n<\/p>\n<p><input class=\"wpcf7-form-control wpcf7-submit has-spinner\" type=\"submit\" value=\"Enviar\" \/>\n<\/p><p style=\"display: none !important;\" class=\"akismet-fields-container\" data-prefix=\"_wpcf7_ak_\"><label>&#916;<textarea name=\"_wpcf7_ak_hp_textarea\" cols=\"45\" rows=\"8\" maxlength=\"100\"><\/textarea><\/label><input type=\"hidden\" id=\"ak_js_1\" name=\"_wpcf7_ak_js\" value=\"98\"\/><script>document.getElementById( \"ak_js_1\" ).setAttribute( \"value\", ( new Date() ).getTime() );<\/script><\/p><div class=\"wpcf7-response-output\" aria-hidden=\"true\"><\/div>\n<input type=\"hidden\" name=\"trp-form-language\" value=\"es\"\/><\/form>\n<\/div>\n\n<div style='text-align:left' class='yasr-auto-insert-visitor'><\/div>","protected":false},"excerpt":{"rendered":"<p>Marca: GELGOOG<\/p>\n<p>Capacidad: 150KG\/H<\/p>\n<p>Correo electr\u00f3nico: shanna@machinehall.com<\/p>\n<p>Tel\u00e9fono: +8618638676709<\/p>","protected":false},"featured_media":5322,"comment_status":"open","ping_status":"closed","template":"","meta":{"site-sidebar-layout":"default","site-content-layout":"","ast-site-content-layout":"default","site-content-style":"default","site-sidebar-style":"default","ast-global-header-display":"","ast-banner-title-visibility":"","ast-main-header-display":"","ast-hfb-above-header-display":"","ast-hfb-below-header-display":"","ast-hfb-mobile-header-display":"","site-post-title":"","ast-breadcrumbs-content":"","ast-featured-img":"","footer-sml-layout":"","theme-transparent-header-meta":"default","adv-header-id-meta":"","stick-header-meta":"","header-above-stick-meta":"","header-main-stick-meta":"","header-below-stick-meta":"","astra-migrate-meta-layouts":"set","ast-page-background-enabled":"default","ast-page-background-meta":{"desktop":{"background-color":"","background-image":"","background-repeat":"repeat","background-position":"center center","background-size":"auto","background-attachment":"scroll","background-type":"","background-media":"","overlay-type":"","overlay-color":"","overlay-opacity":"","overlay-gradient":""},"tablet":{"background-color":"","background-image":"","background-repeat":"repeat","background-position":"center center","background-size":"auto","background-attachment":"scroll","background-type":"","background-media":"","overlay-type":"","overlay-color":"","overlay-opacity":"","overlay-gradient":""},"mobile":{"background-color":"","background-image":"","background-repeat":"repeat","background-position":"center center","background-size":"auto","background-attachment":"scroll","background-type":"","background-media":"","overlay-type":"","overlay-color":"","overlay-opacity":"","overlay-gradient":""}},"ast-content-background-meta":{"desktop":{"background-color":"var(--ast-global-color-5)","background-image":"","background-repeat":"repeat","background-position":"center center","background-size":"auto","background-attachment":"scroll","background-type":"","background-media":"","overlay-type":"","overlay-color":"","overlay-opacity":"","overlay-gradient":""},"tablet":{"background-color":"var(--ast-global-color-5)","background-image":"","background-repeat":"repeat","background-position":"center center","background-size":"auto","background-attachment":"scroll","background-type":"","background-media":"","overlay-type":"","overlay-color":"","overlay-opacity":"","overlay-gradient":""},"mobile":{"background-color":"var(--ast-global-color-5)","background-image":"","background-repeat":"repeat","background-position":"center center","background-size":"auto","background-attachment":"scroll","background-type":"","background-media":"","overlay-type":"","overlay-color":"","overlay-opacity":"","overlay-gradient":""}},"yasr_overall_rating":0,"yasr_post_is_review":"","yasr_auto_insert_disabled":"","yasr_review_type":""},"product_brand":[],"product_cat":[22],"product_tag":[],"class_list":{"0":"post-5317","1":"product","2":"type-product","3":"status-publish","4":"has-post-thumbnail","6":"product_cat-hard-biscuit-production-line","7":"desktop-align-left","8":"tablet-align-left","9":"mobile-align-left","11":"first","12":"instock","13":"shipping-taxable","14":"product-type-simple"},"yoast_head":"<!-- This site is optimized with the Yoast SEO plugin v24.4 - https:\/\/yoast.com\/wordpress\/plugins\/seo\/ -->\n<title>400KG Automatic Biscuit Dough\u00a0Mixer Machine Industrial - Biscuit Production Solution Manufacturer<\/title>\n<meta name=\"description\" content=\"Biscuit dough mixer machine can improve the utilization rate of raw materials such as flour, control the dough quality through precise parameter adjustment.\" \/>\n<meta name=\"robots\" content=\"index, follow, max-snippet:-1, max-image-preview:large, max-video-preview:-1\" \/>\n<link rel=\"canonical\" href=\"https:\/\/www.biscuitsolution.com\/es\/producto\/400kg-automatic-biscuit-dough-mixer-machine-industrial\/\" \/>\n<meta property=\"og:locale\" content=\"es_ES\" \/>\n<meta property=\"og:type\" content=\"article\" \/>\n<meta property=\"og:title\" content=\"400KG Automatic Biscuit Dough\u00a0Mixer Machine Industrial - Biscuit Production Solution Manufacturer\" \/>\n<meta property=\"og:description\" content=\"Biscuit dough mixer machine can improve the utilization rate of raw materials such as flour, control the dough quality through precise parameter adjustment.\" \/>\n<meta property=\"og:url\" content=\"https:\/\/www.biscuitsolution.com\/es\/producto\/400kg-automatic-biscuit-dough-mixer-machine-industrial\/\" \/>\n<meta property=\"og:site_name\" content=\"Biscuit Production Solution Manufacturer\" \/>\n<meta property=\"article:publisher\" content=\"https:\/\/www.facebook.com\/profile.php?id=100095205040823\" \/>\n<meta property=\"article:modified_time\" content=\"2025-03-06T09:33:21+00:00\" \/>\n<meta property=\"og:image\" content=\"https:\/\/www.biscuitsolution.com\/wp-content\/uploads\/2025\/03\/biscuit-dough-mixer-industrial.jpg\" \/>\n\t<meta property=\"og:image:width\" content=\"600\" \/>\n\t<meta property=\"og:image:height\" content=\"600\" \/>\n\t<meta property=\"og:image:type\" content=\"image\/jpeg\" \/>\n<meta name=\"twitter:card\" content=\"summary_large_image\" \/>\n<meta name=\"twitter:site\" content=\"@shanna_zha26342\" \/>\n<meta name=\"twitter:label1\" content=\"Tiempo de lectura\" \/>\n\t<meta name=\"twitter:data1\" content=\"4 minutos\" \/>\n<script type=\"application\/ld+json\" class=\"yoast-schema-graph\">{\"@context\":\"https:\/\/schema.org\",\"@graph\":[{\"@type\":\"WebPage\",\"@id\":\"https:\/\/www.biscuitsolution.com\/product\/400kg-automatic-biscuit-dough-mixer-machine-industrial\/\",\"url\":\"https:\/\/www.biscuitsolution.com\/product\/400kg-automatic-biscuit-dough-mixer-machine-industrial\/\",\"name\":\"400KG Automatic Biscuit Dough\u00a0Mixer Machine Industrial - Biscuit Production Solution Manufacturer\",\"isPartOf\":{\"@id\":\"https:\/\/www.biscuitsolution.com\/#website\"},\"primaryImageOfPage\":{\"@id\":\"https:\/\/www.biscuitsolution.com\/product\/400kg-automatic-biscuit-dough-mixer-machine-industrial\/#primaryimage\"},\"image\":{\"@id\":\"https:\/\/www.biscuitsolution.com\/product\/400kg-automatic-biscuit-dough-mixer-machine-industrial\/#primaryimage\"},\"thumbnailUrl\":\"https:\/\/www.biscuitsolution.com\/wp-content\/uploads\/2025\/03\/biscuit-dough-mixer-industrial.jpg\",\"datePublished\":\"2025-03-06T07:45:23+00:00\",\"dateModified\":\"2025-03-06T09:33:21+00:00\",\"description\":\"Biscuit dough mixer machine can improve the utilization rate of raw materials such as flour, control the dough quality through precise parameter adjustment.\",\"breadcrumb\":{\"@id\":\"https:\/\/www.biscuitsolution.com\/product\/400kg-automatic-biscuit-dough-mixer-machine-industrial\/#breadcrumb\"},\"inLanguage\":\"es\",\"potentialAction\":[{\"@type\":\"ReadAction\",\"target\":[\"https:\/\/www.biscuitsolution.com\/product\/400kg-automatic-biscuit-dough-mixer-machine-industrial\/\"]}]},{\"@type\":\"ImageObject\",\"inLanguage\":\"es\",\"@id\":\"https:\/\/www.biscuitsolution.com\/product\/400kg-automatic-biscuit-dough-mixer-machine-industrial\/#primaryimage\",\"url\":\"https:\/\/www.biscuitsolution.com\/wp-content\/uploads\/2025\/03\/biscuit-dough-mixer-industrial.jpg\",\"contentUrl\":\"https:\/\/www.biscuitsolution.com\/wp-content\/uploads\/2025\/03\/biscuit-dough-mixer-industrial.jpg\",\"width\":600,\"height\":600,\"caption\":\"biscuit dough mixer machine\"},{\"@type\":\"BreadcrumbList\",\"@id\":\"https:\/\/www.biscuitsolution.com\/product\/400kg-automatic-biscuit-dough-mixer-machine-industrial\/#breadcrumb\",\"itemListElement\":[{\"@type\":\"ListItem\",\"position\":1,\"name\":\"Home\",\"item\":\"https:\/\/www.biscuitsolution.com\/\"},{\"@type\":\"ListItem\",\"position\":2,\"name\":\"Product\",\"item\":\"https:\/\/www.biscuitsolution.com\/product\/\"},{\"@type\":\"ListItem\",\"position\":3,\"name\":\"400KG Automatic Biscuit Dough\u00a0Mixer Machine Industrial\"}]},{\"@type\":\"WebSite\",\"@id\":\"https:\/\/www.biscuitsolution.com\/#website\",\"url\":\"https:\/\/www.biscuitsolution.com\/\",\"name\":\"Biscuit Production Solution Manufacturer\",\"description\":\"\",\"potentialAction\":[{\"@type\":\"SearchAction\",\"target\":{\"@type\":\"EntryPoint\",\"urlTemplate\":\"https:\/\/www.biscuitsolution.com\/?s={search_term_string}\"},\"query-input\":{\"@type\":\"PropertyValueSpecification\",\"valueRequired\":true,\"valueName\":\"search_term_string\"}}],\"inLanguage\":\"es\"},false]}<\/script>\n<!-- \/ Yoast SEO plugin. -->","yoast_head_json":{"title":"400KG M\u00e1quina autom\u00e1tica para amasar galletas Industrial - Fabricante de soluciones para la producci\u00f3n de galletas","description":"La m\u00e1quina amasadora de galletas puede mejorar la tasa de utilizaci\u00f3n de materias primas como la harina, controlar la calidad de la masa mediante un ajuste preciso de los par\u00e1metros.","robots":{"index":"index","follow":"follow","max-snippet":"max-snippet:-1","max-image-preview":"max-image-preview:large","max-video-preview":"max-video-preview:-1"},"canonical":"https:\/\/www.biscuitsolution.com\/es\/producto\/400kg-automatic-biscuit-dough-mixer-machine-industrial\/","og_locale":"es_ES","og_type":"article","og_title":"400KG Automatic Biscuit Dough\u00a0Mixer Machine Industrial - Biscuit Production Solution Manufacturer","og_description":"Biscuit dough mixer machine can improve the utilization rate of raw materials such as flour, control the dough quality through precise parameter adjustment.","og_url":"https:\/\/www.biscuitsolution.com\/es\/producto\/400kg-automatic-biscuit-dough-mixer-machine-industrial\/","og_site_name":"Biscuit Production Solution Manufacturer","article_publisher":"https:\/\/www.facebook.com\/profile.php?id=100095205040823","article_modified_time":"2025-03-06T09:33:21+00:00","og_image":[{"width":600,"height":600,"url":"https:\/\/www.biscuitsolution.com\/wp-content\/uploads\/2025\/03\/biscuit-dough-mixer-industrial.jpg","type":"image\/jpeg"}],"twitter_card":"summary_large_image","twitter_site":"@shanna_zha26342","twitter_misc":{"Tiempo de lectura":"4 minutos"},"schema":{"@context":"https:\/\/schema.org","@graph":[{"@type":"WebPage","@id":"https:\/\/www.biscuitsolution.com\/product\/400kg-automatic-biscuit-dough-mixer-machine-industrial\/","url":"https:\/\/www.biscuitsolution.com\/product\/400kg-automatic-biscuit-dough-mixer-machine-industrial\/","name":"400KG M\u00e1quina autom\u00e1tica para amasar galletas Industrial - Fabricante de soluciones para la producci\u00f3n de galletas","isPartOf":{"@id":"https:\/\/www.biscuitsolution.com\/#website"},"primaryImageOfPage":{"@id":"https:\/\/www.biscuitsolution.com\/product\/400kg-automatic-biscuit-dough-mixer-machine-industrial\/#primaryimage"},"image":{"@id":"https:\/\/www.biscuitsolution.com\/product\/400kg-automatic-biscuit-dough-mixer-machine-industrial\/#primaryimage"},"thumbnailUrl":"https:\/\/www.biscuitsolution.com\/wp-content\/uploads\/2025\/03\/biscuit-dough-mixer-industrial.jpg","datePublished":"2025-03-06T07:45:23+00:00","dateModified":"2025-03-06T09:33:21+00:00","description":"La m\u00e1quina amasadora de galletas puede mejorar la tasa de utilizaci\u00f3n de materias primas como la harina, controlar la calidad de la masa mediante un ajuste preciso de los par\u00e1metros.","breadcrumb":{"@id":"https:\/\/www.biscuitsolution.com\/product\/400kg-automatic-biscuit-dough-mixer-machine-industrial\/#breadcrumb"},"inLanguage":"es","potentialAction":[{"@type":"ReadAction","target":["https:\/\/www.biscuitsolution.com\/product\/400kg-automatic-biscuit-dough-mixer-machine-industrial\/"]}]},{"@type":"ImageObject","inLanguage":"es","@id":"https:\/\/www.biscuitsolution.com\/product\/400kg-automatic-biscuit-dough-mixer-machine-industrial\/#primaryimage","url":"https:\/\/www.biscuitsolution.com\/wp-content\/uploads\/2025\/03\/biscuit-dough-mixer-industrial.jpg","contentUrl":"https:\/\/www.biscuitsolution.com\/wp-content\/uploads\/2025\/03\/biscuit-dough-mixer-industrial.jpg","width":600,"height":600,"caption":"biscuit dough mixer machine"},{"@type":"BreadcrumbList","@id":"https:\/\/www.biscuitsolution.com\/product\/400kg-automatic-biscuit-dough-mixer-machine-industrial\/#breadcrumb","itemListElement":[{"@type":"ListItem","position":1,"name":"Home","item":"https:\/\/www.biscuitsolution.com\/"},{"@type":"ListItem","position":2,"name":"Product","item":"https:\/\/www.biscuitsolution.com\/product\/"},{"@type":"ListItem","position":3,"name":"400KG Automatic Biscuit Dough\u00a0Mixer Machine Industrial"}]},{"@type":"WebSite","@id":"https:\/\/www.biscuitsolution.com\/#website","url":"https:\/\/www.biscuitsolution.com\/","name":"Fabricante de soluciones para la producci\u00f3n de galletas","description":"","potentialAction":[{"@type":"SearchAction","target":{"@type":"EntryPoint","urlTemplate":"https:\/\/www.biscuitsolution.com\/?s={search_term_string}"},"query-input":{"@type":"PropertyValueSpecification","valueRequired":true,"valueName":"search_term_string"}}],"inLanguage":"es"},false]}},"yasr_visitor_votes":{"stars_attributes":{"read_only":false,"span_bottom":false},"number_of_votes":2,"sum_votes":10},"_links":{"self":[{"href":"https:\/\/www.biscuitsolution.com\/es\/wp-json\/wp\/v2\/product\/5317","targetHints":{"allow":["GET"]}}],"collection":[{"href":"https:\/\/www.biscuitsolution.com\/es\/wp-json\/wp\/v2\/product"}],"about":[{"href":"https:\/\/www.biscuitsolution.com\/es\/wp-json\/wp\/v2\/types\/product"}],"replies":[{"embeddable":true,"href":"https:\/\/www.biscuitsolution.com\/es\/wp-json\/wp\/v2\/comments?post=5317"}],"version-history":[{"count":2,"href":"https:\/\/www.biscuitsolution.com\/es\/wp-json\/wp\/v2\/product\/5317\/revisions"}],"predecessor-version":[{"id":5339,"href":"https:\/\/www.biscuitsolution.com\/es\/wp-json\/wp\/v2\/product\/5317\/revisions\/5339"}],"wp:featuredmedia":[{"embeddable":true,"href":"https:\/\/www.biscuitsolution.com\/es\/wp-json\/wp\/v2\/media\/5322"}],"wp:attachment":[{"href":"https:\/\/www.biscuitsolution.com\/es\/wp-json\/wp\/v2\/media?parent=5317"}],"wp:term":[{"taxonomy":"product_brand","embeddable":true,"href":"https:\/\/www.biscuitsolution.com\/es\/wp-json\/wp\/v2\/product_brand?post=5317"},{"taxonomy":"product_cat","embeddable":true,"href":"https:\/\/www.biscuitsolution.com\/es\/wp-json\/wp\/v2\/product_cat?post=5317"},{"taxonomy":"product_tag","embeddable":true,"href":"https:\/\/www.biscuitsolution.com\/es\/wp-json\/wp\/v2\/product_tag?post=5317"}],"curies":[{"name":"wp","href":"https:\/\/api.w.org\/{rel}","templated":true}]}}