{"id":5305,"date":"2025-03-05T18:52:29","date_gmt":"2025-03-05T10:52:29","guid":{"rendered":"https:\/\/www.biscuitsolution.com\/?post_type=product&#038;p=5305"},"modified":"2025-08-22T17:52:01","modified_gmt":"2025-08-22T09:52:01","slug":"automatic-biscuit-oil-sprayer-machine-for-biscuit-line","status":"publish","type":"product","link":"https:\/\/www.biscuitsolution.com\/es\/producto\/automatic-biscuit-oil-sprayer-machine-for-biscuit-line\/","title":{"rendered":"Rociador y filtro de aceite autom\u00e1tico | L\u00ednea de producci\u00f3n de galletas"},"content":{"rendered":"<p>Nuestro sistema autom\u00e1tico<strong> pulverizador de aceite para galletas<\/strong> es un dispositivo avanzado dise\u00f1ado para mejorar la calidad y consistencia de las galletas en l\u00edneas de producci\u00f3n grandes, medianas y peque\u00f1as.<\/p>\n<p><img fetchpriority=\"high\" decoding=\"async\" class=\"alignnone size-full wp-image-5306\" src=\"https:\/\/www.biscuitsolution.com\/wp-content\/uploads\/2025\/03\/biscuit-oil-spray-machine.jpg\" alt=\"m\u00e1quina rociadora de aceite para galletas\" width=\"800\" height=\"450\" srcset=\"https:\/\/www.biscuitsolution.com\/wp-content\/uploads\/2025\/03\/biscuit-oil-spray-machine.jpg 800w, https:\/\/www.biscuitsolution.com\/wp-content\/uploads\/2025\/03\/biscuit-oil-spray-machine-300x169.jpg 300w, https:\/\/www.biscuitsolution.com\/wp-content\/uploads\/2025\/03\/biscuit-oil-spray-machine-768x432.jpg 768w, https:\/\/www.biscuitsolution.com\/wp-content\/uploads\/2025\/03\/biscuit-oil-spray-machine-600x338.jpg 600w, https:\/\/www.biscuitsolution.com\/wp-content\/uploads\/2025\/03\/biscuit-oil-spray-machine-64x36.jpg 64w\" sizes=\"(max-width: 800px) 100vw, 800px\" \/><\/p>\n<p>Mejora el sabor, el aroma y la vida \u00fatil de las galletas mediante la pulverizaci\u00f3n de una capa uniforme y precisa de aceite, y puede integrarse perfectamente en los procesos de producci\u00f3n existentes.<\/p>\n<p>Este equipo es adecuado para galletas, crackers, barquillos y otros productos de panader\u00eda, integrando automatizaci\u00f3n, eficacia e higiene para satisfacer los estrictos requisitos de la producci\u00f3n moderna de alimentos.<\/p>\n<p><img decoding=\"async\" class=\"alignnone size-full wp-image-5307\" src=\"https:\/\/www.biscuitsolution.com\/wp-content\/uploads\/2025\/03\/biscuits-oil-sprayer-machine.jpg\" alt=\"m\u00e1quina rociadora de aceite para galletas\" width=\"800\" height=\"450\" srcset=\"https:\/\/www.biscuitsolution.com\/wp-content\/uploads\/2025\/03\/biscuits-oil-sprayer-machine.jpg 800w, https:\/\/www.biscuitsolution.com\/wp-content\/uploads\/2025\/03\/biscuits-oil-sprayer-machine-300x169.jpg 300w, https:\/\/www.biscuitsolution.com\/wp-content\/uploads\/2025\/03\/biscuits-oil-sprayer-machine-768x432.jpg 768w, https:\/\/www.biscuitsolution.com\/wp-content\/uploads\/2025\/03\/biscuits-oil-sprayer-machine-600x338.jpg 600w, https:\/\/www.biscuitsolution.com\/wp-content\/uploads\/2025\/03\/biscuits-oil-sprayer-machine-64x36.jpg 64w\" sizes=\"(max-width: 800px) 100vw, 800px\" \/><\/p>\n<h2>Estructura del pulverizador de aceite para galletas<\/h2>\n<p>Sistema de suministro de aceite: Con una capacidad de 50-200 litros, est\u00e1 equipado con un sensor de nivel de l\u00edquido que activa autom\u00e1ticamente una alarma de reposici\u00f3n de aceite. La bomba de alta presi\u00f3n lleva incorporado un filtro en l\u00ednea para garantizar la pureza del aceite.<\/p>\n<p>C\u00e1mara de pulverizaci\u00f3n: La configuraci\u00f3n de la boquilla se puede personalizar seg\u00fan las necesidades (pulverizaci\u00f3n de una o dos caras), adecuada para la pulverizaci\u00f3n de aceite superior o inferior. El sistema de elevaci\u00f3n hidr\u00e1ulico puede ajustar la altura para alojar galletas de distintos grosores de 5-50 mm.<\/p>\n<p>Sistema transportador: Adopta una cinta transportadora de calidad alimentaria, la velocidad est\u00e1 sincronizada con la l\u00ednea de producci\u00f3n, y su superficie antiadherente garantiza que las galletas no se da\u00f1en durante el movimiento.<\/p>\n<p>Dispositivo de recuperaci\u00f3n de aceite: Recoge el aceite sobrante para reutilizarlo y minimizar los residuos.<\/p>\n<p><img decoding=\"async\" class=\"alignnone size-full wp-image-5308\" src=\"https:\/\/www.biscuitsolution.com\/wp-content\/uploads\/2025\/03\/biscuits-oil-spray-machines.jpg\" alt=\"m\u00e1quina rociadora de aceite para galletas\" width=\"800\" height=\"450\" srcset=\"https:\/\/www.biscuitsolution.com\/wp-content\/uploads\/2025\/03\/biscuits-oil-spray-machines.jpg 800w, https:\/\/www.biscuitsolution.com\/wp-content\/uploads\/2025\/03\/biscuits-oil-spray-machines-300x169.jpg 300w, https:\/\/www.biscuitsolution.com\/wp-content\/uploads\/2025\/03\/biscuits-oil-spray-machines-768x432.jpg 768w, https:\/\/www.biscuitsolution.com\/wp-content\/uploads\/2025\/03\/biscuits-oil-spray-machines-600x338.jpg 600w, https:\/\/www.biscuitsolution.com\/wp-content\/uploads\/2025\/03\/biscuits-oil-spray-machines-64x36.jpg 64w\" sizes=\"(max-width: 800px) 100vw, 800px\" \/><\/p>\n<h2>Ventajas de la m\u00e1quina rociadora de aceite para galletas<\/h2>\n<p>Mejor aspecto y sabor: Al rociar uniformemente la niebla de aceite, se forma una fina pel\u00edcula de aceite en la superficie de la galleta, lo que aumenta el brillo y hace que el sabor sea m\u00e1s crujiente.<\/p>\n<p>Consistencia del producto: La precisa tecnolog\u00eda de pulverizaci\u00f3n de aceite y la distribuci\u00f3n uniforme de la pel\u00edcula de aceite garantizan que la calidad y el aspecto de cada galleta sean muy uniformes.<\/p>\n<p>Funcionamiento autom\u00e1tico: El sistema autom\u00e1tico de rociado de aceite puede rociar aceite sobre un gran n\u00famero de galletas en poco tiempo, lo que reduce la intervenci\u00f3n manual y mejora la eficiencia de la producci\u00f3n.<\/p>\n<p>Ahorro de costes: Equipada con dispositivos de recuperaci\u00f3n y filtraci\u00f3n de la neblina de aceite, el aceite sobrante que no se adhiere a las galletas puede reciclarse y reutilizarse, lo que reduce a\u00fan m\u00e1s el coste del uso de aceite.<\/p>\n<p>Ajuste de temperatura y par\u00e1metros: Equipado con ajuste autom\u00e1tico de temperatura y mecanismo de control de temperatura constante, los par\u00e1metros de pulverizaci\u00f3n de aceite se pueden ajustar de acuerdo con diferentes tipos de galletas.<\/p>\n<p><img loading=\"lazy\" decoding=\"async\" class=\"alignnone size-full wp-image-5309\" src=\"https:\/\/www.biscuitsolution.com\/wp-content\/uploads\/2025\/03\/oil-sprayer-machine.jpg\" alt=\"m\u00e1quina rociadora de aceite para galletas\" width=\"800\" height=\"450\" srcset=\"https:\/\/www.biscuitsolution.com\/wp-content\/uploads\/2025\/03\/oil-sprayer-machine.jpg 800w, https:\/\/www.biscuitsolution.com\/wp-content\/uploads\/2025\/03\/oil-sprayer-machine-300x169.jpg 300w, https:\/\/www.biscuitsolution.com\/wp-content\/uploads\/2025\/03\/oil-sprayer-machine-768x432.jpg 768w, https:\/\/www.biscuitsolution.com\/wp-content\/uploads\/2025\/03\/oil-sprayer-machine-600x338.jpg 600w, https:\/\/www.biscuitsolution.com\/wp-content\/uploads\/2025\/03\/oil-sprayer-machine-64x36.jpg 64w\" sizes=\"(max-width: 800px) 100vw, 800px\" \/><\/p>\n<h2>Aplicaci\u00f3n de la m\u00e1quina rociadora de aceite para galletas<\/h2>\n<p>Producci\u00f3n de galletas: Mejora la textura crujiente y el sabor de las galletas de chocolate, galletas de mantequilla y galletas de barquillo.<\/p>\n<p>Productos horneados: Muy adecuado para recubrimientos aceitosos de palitos de pan, pretzels y galletas artesanales.<\/p>\n<p>Dulces: Glaseado aceitoso para bocadillos de chocolate.<\/p>\n<h2>Por qu\u00e9 elegir nuestros pulverizadores de aceite<\/h2>\n<p>Personalizaci\u00f3n: Personalice la disposici\u00f3n de las boquillas, la anchura del transportador y el nivel de automatizaci\u00f3n a su l\u00ednea de producci\u00f3n.<\/p>\n<p>Servicio mundial: asistencia t\u00e9cnica y suministro de piezas de repuesto 24 horas al d\u00eda, 7 d\u00edas a la semana.<\/p>\n<p>Sostenibilidad: El dise\u00f1o de bajas emisiones y los componentes energ\u00e9ticamente eficientes reducen el impacto medioambiental.<\/p>\n<div class=\"ast-oembed-container\" style=\"height: 100%;\"><iframe title=\"Pulverizador de aceite para galletas en la l\u00ednea de producci\u00f3n de galletas\" width=\"500\" height=\"281\" src=\"https:\/\/www.youtube.com\/embed\/uHQvvmcbDJo?feature=oembed\" frameborder=\"0\" allow=\"accelerometer; autoplay; clipboard-write; encrypted-media; gyroscope; picture-in-picture; web-share\" referrerpolicy=\"strict-origin-when-cross-origin\" allowfullscreen><\/iframe><\/div>\n<h2>Renueve ya su l\u00ednea de producci\u00f3n de galletas<\/h2>\n<p>P\u00f3ngase en contacto con nosotros para programar una demostraci\u00f3n y ver c\u00f3mo nuestro pulverizador autom\u00e1tico de aceite para galletas puede optimizar la eficacia de su producci\u00f3n y la calidad de sus productos.<\/p>\n<h2>Deje un mensaje para obtener un presupuesto<\/h2>\n\n<div class=\"wpcf7 no-js\" id=\"wpcf7-f4619-o1\" lang=\"en-US\" dir=\"ltr\" data-wpcf7-id=\"4619\">\n<div class=\"screen-reader-response\"><p role=\"status\" aria-live=\"polite\" aria-atomic=\"true\"><\/p> <ul><\/ul><\/div>\n<form action=\"\/es\/wp-json\/wp\/v2\/product\/5305#wpcf7-f4619-o1\" method=\"post\" class=\"wpcf7-form init\" aria-label=\"Formulario de contacto\" novalidate=\"novalidate\" data-status=\"init\" data-trp-original-action=\"\/es\/wp-json\/wp\/v2\/product\/5305#wpcf7-f4619-o1\">\n<div style=\"display: none;\">\n<input type=\"hidden\" name=\"_wpcf7\" value=\"4619\" \/>\n<input type=\"hidden\" name=\"_wpcf7_version\" value=\"6.0.4\" \/>\n<input type=\"hidden\" name=\"_wpcf7_locale\" value=\"en_US\" \/>\n<input type=\"hidden\" name=\"_wpcf7_unit_tag\" value=\"wpcf7-f4619-o1\" \/>\n<input type=\"hidden\" name=\"_wpcf7_container_post\" value=\"0\" \/>\n<input type=\"hidden\" name=\"_wpcf7_posted_data_hash\" value=\"\" \/>\n<\/div>\n<p><label> Su nombre<br \/>\n<span class=\"wpcf7-form-control-wrap\" data-name=\"your-name\"><input size=\"40\" maxlength=\"400\" class=\"wpcf7-form-control wpcf7-text wpcf7-validates-as-required\" aria-required=\"true\" aria-invalid=\"false\" value=\"\" type=\"text\" name=\"your-name\" \/><\/span> <\/label>\n<\/p>\n<p><label> Su pa\u00eds<br \/>\n<span class=\"wpcf7-form-control-wrap\" data-name=\"your-country\"><input size=\"40\" maxlength=\"400\" class=\"wpcf7-form-control wpcf7-text\" aria-invalid=\"false\" value=\"\" type=\"text\" name=\"your-country\" \/><\/span><\/label>\n<\/p>\n<p><label> Su correo electr\u00f3nico<br \/>\n<span class=\"wpcf7-form-control-wrap\" data-name=\"your-email\"><input size=\"40\" maxlength=\"400\" class=\"wpcf7-form-control wpcf7-email wpcf7-validates-as-required wpcf7-text wpcf7-validates-as-email\" aria-required=\"true\" aria-invalid=\"false\" value=\"\" type=\"email\" name=\"your-email\" \/><\/span> <\/label>\n<\/p>\n<p><label> Tu tel\u00e9fono<br \/>\n<span class=\"wpcf7-form-control-wrap\" data-name=\"your-phone\"><input size=\"40\" maxlength=\"400\" class=\"wpcf7-form-control wpcf7-tel wpcf7-text wpcf7-validates-as-tel\" aria-invalid=\"false\" value=\"\" type=\"tel\" name=\"your-phone\" \/><\/span> <\/label>\n<\/p>\n<p><label> Nombre de su empresa<br \/>\n<span class=\"wpcf7-form-control-wrap\" data-name=\"text-457\"><input size=\"40\" maxlength=\"400\" class=\"wpcf7-form-control wpcf7-text\" aria-invalid=\"false\" value=\"\" type=\"text\" name=\"text-457\" \/><\/span> <\/label>\n<\/p>\n<p><label> El sitio web de su empresa<br \/>\n<span class=\"wpcf7-form-control-wrap\" data-name=\"text-546\"><input size=\"40\" maxlength=\"400\" class=\"wpcf7-form-control wpcf7-text\" aria-invalid=\"false\" value=\"\" type=\"text\" name=\"text-546\" \/><\/span> <\/label>\n<\/p>\n<p><label> Sus requisitos*<br \/>\n<span class=\"wpcf7-form-control-wrap\" data-name=\"your-message\"><textarea cols=\"40\" rows=\"10\" maxlength=\"2000\" class=\"wpcf7-form-control wpcf7-textarea wpcf7-validates-as-required\" aria-required=\"true\" aria-invalid=\"false\" name=\"your-message\"><\/textarea><\/span> <\/label>\n<\/p>\n<p><input class=\"wpcf7-form-control wpcf7-submit has-spinner\" type=\"submit\" value=\"Enviar\" \/>\n<\/p><p style=\"display: none !important;\" class=\"akismet-fields-container\" data-prefix=\"_wpcf7_ak_\"><label>&#916;<textarea name=\"_wpcf7_ak_hp_textarea\" cols=\"45\" rows=\"8\" maxlength=\"100\"><\/textarea><\/label><input type=\"hidden\" id=\"ak_js_1\" name=\"_wpcf7_ak_js\" value=\"196\"\/><script>document.getElementById( \"ak_js_1\" ).setAttribute( \"value\", ( new Date() ).getTime() );<\/script><\/p><div class=\"wpcf7-response-output\" aria-hidden=\"true\"><\/div>\n<input type=\"hidden\" name=\"trp-form-language\" value=\"es\"\/><\/form>\n<\/div>\n\n<div style='text-align:left' class='yasr-auto-insert-visitor'><\/div>","protected":false},"excerpt":{"rendered":"<p>Marca: GELGOOG<\/p>\n<p>Peso\uff1a600KG<\/p>\n<p>Correo electr\u00f3nico: shanna@machinehall.com<\/p>\n<p>Tel\u00e9fono: +8618638676709<\/p>","protected":false},"featured_media":5310,"comment_status":"open","ping_status":"closed","template":"","meta":{"site-sidebar-layout":"default","site-content-layout":"","ast-site-content-layout":"default","site-content-style":"default","site-sidebar-style":"default","ast-global-header-display":"","ast-banner-title-visibility":"","ast-main-header-display":"","ast-hfb-above-header-display":"","ast-hfb-below-header-display":"","ast-hfb-mobile-header-display":"","site-post-title":"","ast-breadcrumbs-content":"","ast-featured-img":"","footer-sml-layout":"","theme-transparent-header-meta":"default","adv-header-id-meta":"","stick-header-meta":"","header-above-stick-meta":"","header-main-stick-meta":"","header-below-stick-meta":"","astra-migrate-meta-layouts":"set","ast-page-background-enabled":"default","ast-page-background-meta":{"desktop":{"background-color":"","background-image":"","background-repeat":"repeat","background-position":"center center","background-size":"auto","background-attachment":"scroll","background-type":"","background-media":"","overlay-type":"","overlay-color":"","overlay-opacity":"","overlay-gradient":""},"tablet":{"background-color":"","background-image":"","background-repeat":"repeat","background-position":"center center","background-size":"auto","background-attachment":"scroll","background-type":"","background-media":"","overlay-type":"","overlay-color":"","overlay-opacity":"","overlay-gradient":""},"mobile":{"background-color":"","background-image":"","background-repeat":"repeat","background-position":"center center","background-size":"auto","background-attachment":"scroll","background-type":"","background-media":"","overlay-type":"","overlay-color":"","overlay-opacity":"","overlay-gradient":""}},"ast-content-background-meta":{"desktop":{"background-color":"var(--ast-global-color-5)","background-image":"","background-repeat":"repeat","background-position":"center center","background-size":"auto","background-attachment":"scroll","background-type":"","background-media":"","overlay-type":"","overlay-color":"","overlay-opacity":"","overlay-gradient":""},"tablet":{"background-color":"var(--ast-global-color-5)","background-image":"","background-repeat":"repeat","background-position":"center center","background-size":"auto","background-attachment":"scroll","background-type":"","background-media":"","overlay-type":"","overlay-color":"","overlay-opacity":"","overlay-gradient":""},"mobile":{"background-color":"var(--ast-global-color-5)","background-image":"","background-repeat":"repeat","background-position":"center center","background-size":"auto","background-attachment":"scroll","background-type":"","background-media":"","overlay-type":"","overlay-color":"","overlay-opacity":"","overlay-gradient":""}},"yasr_overall_rating":0,"yasr_post_is_review":"","yasr_auto_insert_disabled":"","yasr_review_type":""},"product_brand":[],"product_cat":[22],"product_tag":[],"class_list":{"0":"post-5305","1":"product","2":"type-product","3":"status-publish","4":"has-post-thumbnail","6":"product_cat-hard-biscuit-production-line","7":"desktop-align-left","8":"tablet-align-left","9":"mobile-align-left","11":"first","12":"instock","13":"shipping-taxable","14":"product-type-simple"},"yoast_head":"<!-- This site is optimized with the Yoast SEO plugin v24.4 - https:\/\/yoast.com\/wordpress\/plugins\/seo\/ -->\n<title>Automatic Biscuit Oil Sprayer Machine For Biscuit Line - Biscuit Production Solution Manufacturer<\/title>\n<meta name=\"description\" content=\"The biscuit oil sprayer machine can improve the taste of biscuits by evenly spraying oil, and can be integrated into the line for different biscuits.\" \/>\n<meta name=\"robots\" content=\"index, follow, max-snippet:-1, max-image-preview:large, max-video-preview:-1\" \/>\n<link rel=\"canonical\" href=\"https:\/\/www.biscuitsolution.com\/es\/producto\/automatic-biscuit-oil-sprayer-machine-for-biscuit-line\/\" \/>\n<meta property=\"og:locale\" content=\"es_ES\" \/>\n<meta property=\"og:type\" content=\"article\" \/>\n<meta property=\"og:title\" content=\"Automatic Biscuit Oil Sprayer Machine For Biscuit Line - Biscuit Production Solution Manufacturer\" \/>\n<meta property=\"og:description\" content=\"The biscuit oil sprayer machine can improve the taste of biscuits by evenly spraying oil, and can be integrated into the line for different biscuits.\" \/>\n<meta property=\"og:url\" content=\"https:\/\/www.biscuitsolution.com\/es\/producto\/automatic-biscuit-oil-sprayer-machine-for-biscuit-line\/\" \/>\n<meta property=\"og:site_name\" content=\"Biscuit Production Solution Manufacturer\" \/>\n<meta property=\"article:publisher\" content=\"https:\/\/www.facebook.com\/profile.php?id=100095205040823\" \/>\n<meta property=\"article:modified_time\" content=\"2025-08-22T09:52:01+00:00\" \/>\n<meta property=\"og:image\" content=\"https:\/\/www.biscuitsolution.com\/wp-content\/uploads\/2025\/03\/biscuit-oil-sprayer-machine.jpg\" \/>\n\t<meta property=\"og:image:width\" content=\"600\" \/>\n\t<meta property=\"og:image:height\" content=\"600\" \/>\n\t<meta property=\"og:image:type\" content=\"image\/jpeg\" \/>\n<meta name=\"twitter:card\" content=\"summary_large_image\" \/>\n<meta name=\"twitter:site\" content=\"@shanna_zha26342\" \/>\n<meta name=\"twitter:label1\" content=\"Tiempo de lectura\" \/>\n\t<meta name=\"twitter:data1\" content=\"4 minutos\" \/>\n<script type=\"application\/ld+json\" class=\"yoast-schema-graph\">{\"@context\":\"https:\/\/schema.org\",\"@graph\":[{\"@type\":\"WebPage\",\"@id\":\"https:\/\/www.biscuitsolution.com\/product\/automatic-biscuit-oil-sprayer-machine-for-biscuit-line\/\",\"url\":\"https:\/\/www.biscuitsolution.com\/product\/automatic-biscuit-oil-sprayer-machine-for-biscuit-line\/\",\"name\":\"Automatic Biscuit Oil Sprayer Machine For Biscuit Line - Biscuit Production Solution Manufacturer\",\"isPartOf\":{\"@id\":\"https:\/\/www.biscuitsolution.com\/#website\"},\"primaryImageOfPage\":{\"@id\":\"https:\/\/www.biscuitsolution.com\/product\/automatic-biscuit-oil-sprayer-machine-for-biscuit-line\/#primaryimage\"},\"image\":{\"@id\":\"https:\/\/www.biscuitsolution.com\/product\/automatic-biscuit-oil-sprayer-machine-for-biscuit-line\/#primaryimage\"},\"thumbnailUrl\":\"https:\/\/www.biscuitsolution.com\/wp-content\/uploads\/2025\/03\/biscuit-oil-sprayer-machine.jpg\",\"datePublished\":\"2025-03-05T10:52:29+00:00\",\"dateModified\":\"2025-08-22T09:52:01+00:00\",\"description\":\"The biscuit oil sprayer machine can improve the taste of biscuits by evenly spraying oil, and can be integrated into the line for different biscuits.\",\"breadcrumb\":{\"@id\":\"https:\/\/www.biscuitsolution.com\/product\/automatic-biscuit-oil-sprayer-machine-for-biscuit-line\/#breadcrumb\"},\"inLanguage\":\"es\",\"potentialAction\":[{\"@type\":\"ReadAction\",\"target\":[\"https:\/\/www.biscuitsolution.com\/product\/automatic-biscuit-oil-sprayer-machine-for-biscuit-line\/\"]}]},{\"@type\":\"ImageObject\",\"inLanguage\":\"es\",\"@id\":\"https:\/\/www.biscuitsolution.com\/product\/automatic-biscuit-oil-sprayer-machine-for-biscuit-line\/#primaryimage\",\"url\":\"https:\/\/www.biscuitsolution.com\/wp-content\/uploads\/2025\/03\/biscuit-oil-sprayer-machine.jpg\",\"contentUrl\":\"https:\/\/www.biscuitsolution.com\/wp-content\/uploads\/2025\/03\/biscuit-oil-sprayer-machine.jpg\",\"width\":600,\"height\":600,\"caption\":\"biscuit oil sprayer machine\"},{\"@type\":\"BreadcrumbList\",\"@id\":\"https:\/\/www.biscuitsolution.com\/product\/automatic-biscuit-oil-sprayer-machine-for-biscuit-line\/#breadcrumb\",\"itemListElement\":[{\"@type\":\"ListItem\",\"position\":1,\"name\":\"Home\",\"item\":\"https:\/\/www.biscuitsolution.com\/\"},{\"@type\":\"ListItem\",\"position\":2,\"name\":\"Product\",\"item\":\"https:\/\/www.biscuitsolution.com\/product\/\"},{\"@type\":\"ListItem\",\"position\":3,\"name\":\"Automatic Biscuit Oil Sprayer Machine For Biscuit Line\"}]},{\"@type\":\"WebSite\",\"@id\":\"https:\/\/www.biscuitsolution.com\/#website\",\"url\":\"https:\/\/www.biscuitsolution.com\/\",\"name\":\"Biscuit Production Solution Manufacturer\",\"description\":\"\",\"potentialAction\":[{\"@type\":\"SearchAction\",\"target\":{\"@type\":\"EntryPoint\",\"urlTemplate\":\"https:\/\/www.biscuitsolution.com\/?s={search_term_string}\"},\"query-input\":{\"@type\":\"PropertyValueSpecification\",\"valueRequired\":true,\"valueName\":\"search_term_string\"}}],\"inLanguage\":\"es\"},false]}<\/script>\n<!-- \/ Yoast SEO plugin. -->","yoast_head_json":{"title":"M\u00e1quina rociadora autom\u00e1tica de aceite para l\u00ednea de galletas - Fabricante de soluciones para la producci\u00f3n de galletas","description":"La m\u00e1quina rociadora de aceite para galletas puede mejorar el sabor de las galletas rociando aceite uniformemente, y puede integrarse en la l\u00ednea para diferentes galletas.","robots":{"index":"index","follow":"follow","max-snippet":"max-snippet:-1","max-image-preview":"max-image-preview:large","max-video-preview":"max-video-preview:-1"},"canonical":"https:\/\/www.biscuitsolution.com\/es\/producto\/automatic-biscuit-oil-sprayer-machine-for-biscuit-line\/","og_locale":"es_ES","og_type":"article","og_title":"Automatic Biscuit Oil Sprayer Machine For Biscuit Line - Biscuit Production Solution Manufacturer","og_description":"The biscuit oil sprayer machine can improve the taste of biscuits by evenly spraying oil, and can be integrated into the line for different biscuits.","og_url":"https:\/\/www.biscuitsolution.com\/es\/producto\/automatic-biscuit-oil-sprayer-machine-for-biscuit-line\/","og_site_name":"Biscuit Production Solution Manufacturer","article_publisher":"https:\/\/www.facebook.com\/profile.php?id=100095205040823","article_modified_time":"2025-08-22T09:52:01+00:00","og_image":[{"width":600,"height":600,"url":"https:\/\/www.biscuitsolution.com\/wp-content\/uploads\/2025\/03\/biscuit-oil-sprayer-machine.jpg","type":"image\/jpeg"}],"twitter_card":"summary_large_image","twitter_site":"@shanna_zha26342","twitter_misc":{"Tiempo de lectura":"4 minutos"},"schema":{"@context":"https:\/\/schema.org","@graph":[{"@type":"WebPage","@id":"https:\/\/www.biscuitsolution.com\/product\/automatic-biscuit-oil-sprayer-machine-for-biscuit-line\/","url":"https:\/\/www.biscuitsolution.com\/product\/automatic-biscuit-oil-sprayer-machine-for-biscuit-line\/","name":"M\u00e1quina rociadora autom\u00e1tica de aceite para l\u00ednea de galletas - Fabricante de soluciones para la producci\u00f3n de galletas","isPartOf":{"@id":"https:\/\/www.biscuitsolution.com\/#website"},"primaryImageOfPage":{"@id":"https:\/\/www.biscuitsolution.com\/product\/automatic-biscuit-oil-sprayer-machine-for-biscuit-line\/#primaryimage"},"image":{"@id":"https:\/\/www.biscuitsolution.com\/product\/automatic-biscuit-oil-sprayer-machine-for-biscuit-line\/#primaryimage"},"thumbnailUrl":"https:\/\/www.biscuitsolution.com\/wp-content\/uploads\/2025\/03\/biscuit-oil-sprayer-machine.jpg","datePublished":"2025-03-05T10:52:29+00:00","dateModified":"2025-08-22T09:52:01+00:00","description":"La m\u00e1quina rociadora de aceite para galletas puede mejorar el sabor de las galletas rociando aceite uniformemente, y puede integrarse en la l\u00ednea para diferentes galletas.","breadcrumb":{"@id":"https:\/\/www.biscuitsolution.com\/product\/automatic-biscuit-oil-sprayer-machine-for-biscuit-line\/#breadcrumb"},"inLanguage":"es","potentialAction":[{"@type":"ReadAction","target":["https:\/\/www.biscuitsolution.com\/product\/automatic-biscuit-oil-sprayer-machine-for-biscuit-line\/"]}]},{"@type":"ImageObject","inLanguage":"es","@id":"https:\/\/www.biscuitsolution.com\/product\/automatic-biscuit-oil-sprayer-machine-for-biscuit-line\/#primaryimage","url":"https:\/\/www.biscuitsolution.com\/wp-content\/uploads\/2025\/03\/biscuit-oil-sprayer-machine.jpg","contentUrl":"https:\/\/www.biscuitsolution.com\/wp-content\/uploads\/2025\/03\/biscuit-oil-sprayer-machine.jpg","width":600,"height":600,"caption":"biscuit oil sprayer machine"},{"@type":"BreadcrumbList","@id":"https:\/\/www.biscuitsolution.com\/product\/automatic-biscuit-oil-sprayer-machine-for-biscuit-line\/#breadcrumb","itemListElement":[{"@type":"ListItem","position":1,"name":"Home","item":"https:\/\/www.biscuitsolution.com\/"},{"@type":"ListItem","position":2,"name":"Product","item":"https:\/\/www.biscuitsolution.com\/product\/"},{"@type":"ListItem","position":3,"name":"Automatic Biscuit Oil Sprayer Machine For Biscuit Line"}]},{"@type":"WebSite","@id":"https:\/\/www.biscuitsolution.com\/#website","url":"https:\/\/www.biscuitsolution.com\/","name":"Fabricante de soluciones para la producci\u00f3n de galletas","description":"","potentialAction":[{"@type":"SearchAction","target":{"@type":"EntryPoint","urlTemplate":"https:\/\/www.biscuitsolution.com\/?s={search_term_string}"},"query-input":{"@type":"PropertyValueSpecification","valueRequired":true,"valueName":"search_term_string"}}],"inLanguage":"es"},false]}},"yasr_visitor_votes":{"stars_attributes":{"read_only":false,"span_bottom":false},"number_of_votes":2,"sum_votes":10},"_links":{"self":[{"href":"https:\/\/www.biscuitsolution.com\/es\/wp-json\/wp\/v2\/product\/5305","targetHints":{"allow":["GET"]}}],"collection":[{"href":"https:\/\/www.biscuitsolution.com\/es\/wp-json\/wp\/v2\/product"}],"about":[{"href":"https:\/\/www.biscuitsolution.com\/es\/wp-json\/wp\/v2\/types\/product"}],"replies":[{"embeddable":true,"href":"https:\/\/www.biscuitsolution.com\/es\/wp-json\/wp\/v2\/comments?post=5305"}],"version-history":[{"count":3,"href":"https:\/\/www.biscuitsolution.com\/es\/wp-json\/wp\/v2\/product\/5305\/revisions"}],"predecessor-version":[{"id":5765,"href":"https:\/\/www.biscuitsolution.com\/es\/wp-json\/wp\/v2\/product\/5305\/revisions\/5765"}],"wp:featuredmedia":[{"embeddable":true,"href":"https:\/\/www.biscuitsolution.com\/es\/wp-json\/wp\/v2\/media\/5310"}],"wp:attachment":[{"href":"https:\/\/www.biscuitsolution.com\/es\/wp-json\/wp\/v2\/media?parent=5305"}],"wp:term":[{"taxonomy":"product_brand","embeddable":true,"href":"https:\/\/www.biscuitsolution.com\/es\/wp-json\/wp\/v2\/product_brand?post=5305"},{"taxonomy":"product_cat","embeddable":true,"href":"https:\/\/www.biscuitsolution.com\/es\/wp-json\/wp\/v2\/product_cat?post=5305"},{"taxonomy":"product_tag","embeddable":true,"href":"https:\/\/www.biscuitsolution.com\/es\/wp-json\/wp\/v2\/product_tag?post=5305"}],"curies":[{"name":"wp","href":"https:\/\/api.w.org\/{rel}","templated":true}]}}