{"id":5293,"date":"2025-03-04T18:14:10","date_gmt":"2025-03-04T10:14:10","guid":{"rendered":"https:\/\/www.biscuitsolution.com\/?post_type=product&#038;p=5293"},"modified":"2025-03-06T17:31:55","modified_gmt":"2025-03-06T09:31:55","slug":"industrial-biscuit-crusher-machine-multipurpose","status":"publish","type":"product","link":"https:\/\/www.biscuitsolution.com\/es\/producto\/industrial-biscuit-crusher-machine-multipurpose\/","title":{"rendered":"M\u00e1quina trituradora industrial de galletas multiuso"},"content":{"rendered":"<p>La m\u00e1quina trituradora de galletas es un equipo industrial especialmente utilizado para triturar galletas, galletas y otros alimentos horneados en migajas o polvo, y es ampliamente utilizado en la industria de procesamiento de alimentos. La siguiente es una introducci\u00f3n detallada a la m\u00e1quina trituradora de galletas:<\/p>\n<p><img fetchpriority=\"high\" decoding=\"async\" class=\"alignnone size-full wp-image-5294\" src=\"https:\/\/www.biscuitsolution.com\/wp-content\/uploads\/2025\/03\/biscuit-crusher.jpg\" alt=\"m\u00e1quina trituradora de galletas\" width=\"800\" height=\"450\" srcset=\"https:\/\/www.biscuitsolution.com\/wp-content\/uploads\/2025\/03\/biscuit-crusher.jpg 800w, https:\/\/www.biscuitsolution.com\/wp-content\/uploads\/2025\/03\/biscuit-crusher-300x169.jpg 300w, https:\/\/www.biscuitsolution.com\/wp-content\/uploads\/2025\/03\/biscuit-crusher-768x432.jpg 768w, https:\/\/www.biscuitsolution.com\/wp-content\/uploads\/2025\/03\/biscuit-crusher-600x338.jpg 600w, https:\/\/www.biscuitsolution.com\/wp-content\/uploads\/2025\/03\/biscuit-crusher-64x36.jpg 64w\" sizes=\"(max-width: 800px) 100vw, 800px\" \/><\/p>\n<h2>6 Ventajas Clave de Nuestra Trituradora de Galletas<\/h2>\n<p>\ud83d\udd27 Alta Eficiencia de Trituraci\u00f3n\nMotor de alta potencia con sistema de cuchillas especiales que procesa hasta 500 kg\/h con consumo energ\u00e9tico optimizado.<\/p>\n<p>\u26a1 Ajuste Preciso de Part\u00edculas\nSistema de tamices intercambiables permite seleccionar desde migajas gruesas hasta polvo fino (0.5-10 mm).<\/p>\n<p>\ud83e\uddfc Dise\u00f1o Higi\u00e9nico Total\nSuperficies de acero inoxidable pulido, esquinas redondeadas y desmontaje r\u00e1pido para limpieza CIP (Clean-in-Place).<\/p>\n<p>\ud83d\udd07 Tecnolog\u00eda Silenciosa\nAislamiento ac\u00fastico y dise\u00f1o de bajo ruido (&lt;75 dB) para cumplir con normativas de seguridad laboral.<\/p>\n<p>\ud83c\udf3f Versatilidad Multiproducto\nProcesa no solo galletas, tambi\u00e9n frutos secos, cereales, chocolate, frutas deshidratadas y m\u00e1s.<\/p>\n<p>\ud83d\udcca Operaci\u00f3n Inteligente\nPanel de control digital con protecci\u00f3n contra sobrecarga y sistema de paro autom\u00e1tico de seguridad.<\/p>\n<p><img decoding=\"async\" class=\"alignnone size-full wp-image-5295\" src=\"https:\/\/www.biscuitsolution.com\/wp-content\/uploads\/2025\/03\/biscuit-crusher-machines.jpg\" alt=\"m\u00e1quina trituradora de galletas\" width=\"800\" height=\"450\" srcset=\"https:\/\/www.biscuitsolution.com\/wp-content\/uploads\/2025\/03\/biscuit-crusher-machines.jpg 800w, https:\/\/www.biscuitsolution.com\/wp-content\/uploads\/2025\/03\/biscuit-crusher-machines-300x169.jpg 300w, https:\/\/www.biscuitsolution.com\/wp-content\/uploads\/2025\/03\/biscuit-crusher-machines-768x432.jpg 768w, https:\/\/www.biscuitsolution.com\/wp-content\/uploads\/2025\/03\/biscuit-crusher-machines-600x338.jpg 600w, https:\/\/www.biscuitsolution.com\/wp-content\/uploads\/2025\/03\/biscuit-crusher-machines-64x36.jpg 64w\" sizes=\"(max-width: 800px) 100vw, 800px\" \/><\/p>\n<h2>Ventajas de la trituradora de galletas<\/h2>\n<p>Producci\u00f3n continua: Muchas trituradoras de galletas admiten la alimentaci\u00f3n y descarga continuas, son adecuadas para la producci\u00f3n industrial a gran escala y pueden satisfacer las necesidades de alto rendimiento.<\/p>\n<p>Ajustabilidad: El equipo suele estar equipado con un tamiz ajustable o una separaci\u00f3n entre cuchillas, y el usuario puede ajustar el tama\u00f1o de las part\u00edculas trituradas seg\u00fan sus necesidades, desde virutas gruesas hasta polvo fino.<\/p>\n<p>Multiusos: Adem\u00e1s de galletas, la trituradora de galletas tambi\u00e9n puede procesar frutos secos, cereales, frutos secos, caramelos, chocolate y otros materiales. Una sola m\u00e1quina tiene m\u00faltiples usos y ahorra costes.<\/p>\n<p>Dise\u00f1o que ahorra energ\u00eda: Las modernas trituradoras de galletas suelen utilizar motores y sistemas de transmisi\u00f3n eficientes con un bajo consumo de energ\u00eda. Tambi\u00e9n est\u00e1n equipadas con sistemas de control inteligentes que pueden ajustar autom\u00e1ticamente la potencia en funci\u00f3n de la carga.<\/p>\n<p><img decoding=\"async\" class=\"alignnone size-full wp-image-5296\" src=\"https:\/\/www.biscuitsolution.com\/wp-content\/uploads\/2025\/03\/crusher-machine.jpg\" alt=\"m\u00e1quina trituradora de galletas\" width=\"800\" height=\"450\" srcset=\"https:\/\/www.biscuitsolution.com\/wp-content\/uploads\/2025\/03\/crusher-machine.jpg 800w, https:\/\/www.biscuitsolution.com\/wp-content\/uploads\/2025\/03\/crusher-machine-300x169.jpg 300w, https:\/\/www.biscuitsolution.com\/wp-content\/uploads\/2025\/03\/crusher-machine-768x432.jpg 768w, https:\/\/www.biscuitsolution.com\/wp-content\/uploads\/2025\/03\/crusher-machine-600x338.jpg 600w, https:\/\/www.biscuitsolution.com\/wp-content\/uploads\/2025\/03\/crusher-machine-64x36.jpg 64w\" sizes=\"(max-width: 800px) 100vw, 800px\" \/><\/p>\n<h2>La m\u00e1quina trituradora de galletas es vers\u00e1til en sus aplicaciones<\/h2>\n<p>Para decoraciones de reposter\u00eda, produce migas de galleta que suelen utilizarse para embellecer la superficie de productos horneados como pasteles, galletas y cortezas de tartas, realzando tanto el sabor como el atractivo visual.<\/p>\n<p>En el \u00e1mbito de los helados y postres, las migas de galleta sirven como ingrediente para introducir capas y una textura crujiente.<\/p>\n<p>Tambi\u00e9n pueden incorporarse a batidos y bebidas para conferirles un sabor distintivo.<\/p>\n<p>Adem\u00e1s, las migas de galleta act\u00faan como valiosa materia prima para barritas energ\u00e9ticas y snacks saludables, aportando energ\u00eda extra y fibra diet\u00e9tica.<\/p>\n<p>Gracias a su principio de trituraci\u00f3n universal y a su capacidad de ajuste flexible, la m\u00e1quina trituradora de galletas tambi\u00e9n puede utilizarse para triturar una gran variedad de otros alimentos y materiales. Tales como:<\/p>\n<ul>\n<li>Frutos secos: Los frutos secos se pueden triturar en trozos peque\u00f1os o en polvo para hornear, hacer mantequilla de frutos secos o como ingredientes alimentarios.<\/li>\n<li>Granos y semillas: Pueden triturarse hasta convertirlos en polvo fino para reposter\u00eda, bebidas o suplementos nutricionales.<\/li>\n<li>Frutos secos: Las frutas secas trituradas pueden utilizarse para hornear, hacer barritas energ\u00e9ticas o como ingredientes de postres.<\/li>\n<\/ul>\n<p>Como equipo de procesamiento de alimentos, la trituradora de galletas tiene muchas ventajas significativas, que no s\u00f3lo mejora la eficiencia de la producci\u00f3n, sino que tambi\u00e9n mejora la calidad del producto y el valor a\u00f1adido. Es una opci\u00f3n ideal para el procesamiento moderno de alimentos.<\/p>\n<h2>Deje un mensaje para obtener un presupuesto<\/h2>\n\n<div class=\"wpcf7 no-js\" id=\"wpcf7-f4619-o1\" lang=\"en-US\" dir=\"ltr\" data-wpcf7-id=\"4619\">\n<div class=\"screen-reader-response\"><p role=\"status\" aria-live=\"polite\" aria-atomic=\"true\"><\/p> <ul><\/ul><\/div>\n<form action=\"\/es\/wp-json\/wp\/v2\/product\/5293#wpcf7-f4619-o1\" method=\"post\" class=\"wpcf7-form init\" aria-label=\"Formulario de contacto\" novalidate=\"novalidate\" data-status=\"init\" data-trp-original-action=\"\/es\/wp-json\/wp\/v2\/product\/5293#wpcf7-f4619-o1\">\n<div style=\"display: none;\">\n<input type=\"hidden\" name=\"_wpcf7\" value=\"4619\" \/>\n<input type=\"hidden\" name=\"_wpcf7_version\" value=\"6.0.4\" \/>\n<input type=\"hidden\" name=\"_wpcf7_locale\" value=\"en_US\" \/>\n<input type=\"hidden\" name=\"_wpcf7_unit_tag\" value=\"wpcf7-f4619-o1\" \/>\n<input type=\"hidden\" name=\"_wpcf7_container_post\" value=\"0\" \/>\n<input type=\"hidden\" name=\"_wpcf7_posted_data_hash\" value=\"\" \/>\n<\/div>\n<p><label> Su nombre<br \/>\n<span class=\"wpcf7-form-control-wrap\" data-name=\"your-name\"><input size=\"40\" maxlength=\"400\" class=\"wpcf7-form-control wpcf7-text wpcf7-validates-as-required\" aria-required=\"true\" aria-invalid=\"false\" value=\"\" type=\"text\" name=\"your-name\" \/><\/span> <\/label>\n<\/p>\n<p><label> Su pa\u00eds<br \/>\n<span class=\"wpcf7-form-control-wrap\" data-name=\"your-country\"><input size=\"40\" maxlength=\"400\" class=\"wpcf7-form-control wpcf7-text\" aria-invalid=\"false\" value=\"\" type=\"text\" name=\"your-country\" \/><\/span><\/label>\n<\/p>\n<p><label> Su correo electr\u00f3nico<br \/>\n<span class=\"wpcf7-form-control-wrap\" data-name=\"your-email\"><input size=\"40\" maxlength=\"400\" class=\"wpcf7-form-control wpcf7-email wpcf7-validates-as-required wpcf7-text wpcf7-validates-as-email\" aria-required=\"true\" aria-invalid=\"false\" value=\"\" type=\"email\" name=\"your-email\" \/><\/span> <\/label>\n<\/p>\n<p><label> Tu tel\u00e9fono<br \/>\n<span class=\"wpcf7-form-control-wrap\" data-name=\"your-phone\"><input size=\"40\" maxlength=\"400\" class=\"wpcf7-form-control wpcf7-tel wpcf7-text wpcf7-validates-as-tel\" aria-invalid=\"false\" value=\"\" type=\"tel\" name=\"your-phone\" \/><\/span> <\/label>\n<\/p>\n<p><label> Nombre de su empresa<br \/>\n<span class=\"wpcf7-form-control-wrap\" data-name=\"text-457\"><input size=\"40\" maxlength=\"400\" class=\"wpcf7-form-control wpcf7-text\" aria-invalid=\"false\" value=\"\" type=\"text\" name=\"text-457\" \/><\/span> <\/label>\n<\/p>\n<p><label> El sitio web de su empresa<br \/>\n<span class=\"wpcf7-form-control-wrap\" data-name=\"text-546\"><input size=\"40\" maxlength=\"400\" class=\"wpcf7-form-control wpcf7-text\" aria-invalid=\"false\" value=\"\" type=\"text\" name=\"text-546\" \/><\/span> <\/label>\n<\/p>\n<p><label> Sus requisitos*<br \/>\n<span class=\"wpcf7-form-control-wrap\" data-name=\"your-message\"><textarea cols=\"40\" rows=\"10\" maxlength=\"2000\" class=\"wpcf7-form-control wpcf7-textarea wpcf7-validates-as-required\" aria-required=\"true\" aria-invalid=\"false\" name=\"your-message\"><\/textarea><\/span> <\/label>\n<\/p>\n<p><input class=\"wpcf7-form-control wpcf7-submit has-spinner\" type=\"submit\" value=\"Enviar\" \/>\n<\/p><p style=\"display: none !important;\" class=\"akismet-fields-container\" data-prefix=\"_wpcf7_ak_\"><label>&#916;<textarea name=\"_wpcf7_ak_hp_textarea\" cols=\"45\" rows=\"8\" maxlength=\"100\"><\/textarea><\/label><input type=\"hidden\" id=\"ak_js_1\" name=\"_wpcf7_ak_js\" value=\"201\"\/><script>document.getElementById( \"ak_js_1\" ).setAttribute( \"value\", ( new Date() ).getTime() );<\/script><\/p><div class=\"wpcf7-response-output\" aria-hidden=\"true\"><\/div>\n<input type=\"hidden\" name=\"trp-form-language\" value=\"es\"\/><\/form>\n<\/div>\n\n<div style='text-align:left' class='yasr-auto-insert-visitor'><\/div>","protected":false},"excerpt":{"rendered":"<p>Marca: GELGOOG<br \/>\nCondiciones de pago: T\/T, L\/C, Money Gram, Western Union<br \/>\nLugar de origen: China<br \/>\nCondiciones comerciales: Exw, FOB, CIF<br \/>\nPeriodo de garant\u00eda: 12 meses<\/p>","protected":false},"featured_media":5297,"comment_status":"open","ping_status":"closed","template":"","meta":{"site-sidebar-layout":"default","site-content-layout":"","ast-site-content-layout":"default","site-content-style":"default","site-sidebar-style":"default","ast-global-header-display":"","ast-banner-title-visibility":"","ast-main-header-display":"","ast-hfb-above-header-display":"","ast-hfb-below-header-display":"","ast-hfb-mobile-header-display":"","site-post-title":"","ast-breadcrumbs-content":"","ast-featured-img":"","footer-sml-layout":"","theme-transparent-header-meta":"default","adv-header-id-meta":"","stick-header-meta":"","header-above-stick-meta":"","header-main-stick-meta":"","header-below-stick-meta":"","astra-migrate-meta-layouts":"set","ast-page-background-enabled":"default","ast-page-background-meta":{"desktop":{"background-color":"","background-image":"","background-repeat":"repeat","background-position":"center center","background-size":"auto","background-attachment":"scroll","background-type":"","background-media":"","overlay-type":"","overlay-color":"","overlay-opacity":"","overlay-gradient":""},"tablet":{"background-color":"","background-image":"","background-repeat":"repeat","background-position":"center center","background-size":"auto","background-attachment":"scroll","background-type":"","background-media":"","overlay-type":"","overlay-color":"","overlay-opacity":"","overlay-gradient":""},"mobile":{"background-color":"","background-image":"","background-repeat":"repeat","background-position":"center center","background-size":"auto","background-attachment":"scroll","background-type":"","background-media":"","overlay-type":"","overlay-color":"","overlay-opacity":"","overlay-gradient":""}},"ast-content-background-meta":{"desktop":{"background-color":"var(--ast-global-color-5)","background-image":"","background-repeat":"repeat","background-position":"center center","background-size":"auto","background-attachment":"scroll","background-type":"","background-media":"","overlay-type":"","overlay-color":"","overlay-opacity":"","overlay-gradient":""},"tablet":{"background-color":"var(--ast-global-color-5)","background-image":"","background-repeat":"repeat","background-position":"center center","background-size":"auto","background-attachment":"scroll","background-type":"","background-media":"","overlay-type":"","overlay-color":"","overlay-opacity":"","overlay-gradient":""},"mobile":{"background-color":"var(--ast-global-color-5)","background-image":"","background-repeat":"repeat","background-position":"center center","background-size":"auto","background-attachment":"scroll","background-type":"","background-media":"","overlay-type":"","overlay-color":"","overlay-opacity":"","overlay-gradient":""}},"yasr_overall_rating":0,"yasr_post_is_review":"","yasr_auto_insert_disabled":"","yasr_review_type":""},"product_brand":[],"product_cat":[22],"product_tag":[],"class_list":{"0":"post-5293","1":"product","2":"type-product","3":"status-publish","4":"has-post-thumbnail","6":"product_cat-hard-biscuit-production-line","7":"desktop-align-left","8":"tablet-align-left","9":"mobile-align-left","11":"first","12":"instock","13":"shipping-taxable","14":"product-type-simple"},"yoast_head":"<!-- This site is optimized with the Yoast SEO plugin v24.4 - https:\/\/yoast.com\/wordpress\/plugins\/seo\/ -->\n<title>Industrial Biscuit Crusher Machine Multipurpose - Biscuit Production Solution Manufacturer<\/title>\n<meta name=\"description\" content=\"The biscuit crusher machine can crush biscuits accurately and can be recycled. It can also be used to crush various nuts to increase the taste of biscuits.\" \/>\n<meta name=\"robots\" content=\"index, follow, max-snippet:-1, max-image-preview:large, max-video-preview:-1\" \/>\n<link rel=\"canonical\" href=\"https:\/\/www.biscuitsolution.com\/es\/producto\/industrial-biscuit-crusher-machine-multipurpose\/\" \/>\n<meta property=\"og:locale\" content=\"es_ES\" \/>\n<meta property=\"og:type\" content=\"article\" \/>\n<meta property=\"og:title\" content=\"Industrial Biscuit Crusher Machine Multipurpose - Biscuit Production Solution Manufacturer\" \/>\n<meta property=\"og:description\" content=\"The biscuit crusher machine can crush biscuits accurately and can be recycled. It can also be used to crush various nuts to increase the taste of biscuits.\" \/>\n<meta property=\"og:url\" content=\"https:\/\/www.biscuitsolution.com\/es\/producto\/industrial-biscuit-crusher-machine-multipurpose\/\" \/>\n<meta property=\"og:site_name\" content=\"Biscuit Production Solution Manufacturer\" \/>\n<meta property=\"article:publisher\" content=\"https:\/\/www.facebook.com\/profile.php?id=100095205040823\" \/>\n<meta property=\"article:modified_time\" content=\"2025-03-06T09:31:55+00:00\" \/>\n<meta property=\"og:image\" content=\"https:\/\/www.biscuitsolution.com\/wp-content\/uploads\/2025\/03\/biscuit-crusher-machine.jpg\" \/>\n\t<meta property=\"og:image:width\" content=\"600\" \/>\n\t<meta property=\"og:image:height\" content=\"600\" \/>\n\t<meta property=\"og:image:type\" content=\"image\/jpeg\" \/>\n<meta name=\"twitter:card\" content=\"summary_large_image\" \/>\n<meta name=\"twitter:site\" content=\"@shanna_zha26342\" \/>\n<meta name=\"twitter:label1\" content=\"Tiempo de lectura\" \/>\n\t<meta name=\"twitter:data1\" content=\"3 minutos\" \/>\n<script type=\"application\/ld+json\" class=\"yoast-schema-graph\">{\"@context\":\"https:\/\/schema.org\",\"@graph\":[{\"@type\":\"WebPage\",\"@id\":\"https:\/\/www.biscuitsolution.com\/product\/industrial-biscuit-crusher-machine-multipurpose\/\",\"url\":\"https:\/\/www.biscuitsolution.com\/product\/industrial-biscuit-crusher-machine-multipurpose\/\",\"name\":\"Industrial Biscuit Crusher Machine Multipurpose - Biscuit Production Solution Manufacturer\",\"isPartOf\":{\"@id\":\"https:\/\/www.biscuitsolution.com\/#website\"},\"primaryImageOfPage\":{\"@id\":\"https:\/\/www.biscuitsolution.com\/product\/industrial-biscuit-crusher-machine-multipurpose\/#primaryimage\"},\"image\":{\"@id\":\"https:\/\/www.biscuitsolution.com\/product\/industrial-biscuit-crusher-machine-multipurpose\/#primaryimage\"},\"thumbnailUrl\":\"https:\/\/www.biscuitsolution.com\/wp-content\/uploads\/2025\/03\/biscuit-crusher-machine.jpg\",\"datePublished\":\"2025-03-04T10:14:10+00:00\",\"dateModified\":\"2025-03-06T09:31:55+00:00\",\"description\":\"The biscuit crusher machine can crush biscuits accurately and can be recycled. It can also be used to crush various nuts to increase the taste of biscuits.\",\"breadcrumb\":{\"@id\":\"https:\/\/www.biscuitsolution.com\/product\/industrial-biscuit-crusher-machine-multipurpose\/#breadcrumb\"},\"inLanguage\":\"es\",\"potentialAction\":[{\"@type\":\"ReadAction\",\"target\":[\"https:\/\/www.biscuitsolution.com\/product\/industrial-biscuit-crusher-machine-multipurpose\/\"]}]},{\"@type\":\"ImageObject\",\"inLanguage\":\"es\",\"@id\":\"https:\/\/www.biscuitsolution.com\/product\/industrial-biscuit-crusher-machine-multipurpose\/#primaryimage\",\"url\":\"https:\/\/www.biscuitsolution.com\/wp-content\/uploads\/2025\/03\/biscuit-crusher-machine.jpg\",\"contentUrl\":\"https:\/\/www.biscuitsolution.com\/wp-content\/uploads\/2025\/03\/biscuit-crusher-machine.jpg\",\"width\":600,\"height\":600,\"caption\":\"biscuit crusher machine\"},{\"@type\":\"BreadcrumbList\",\"@id\":\"https:\/\/www.biscuitsolution.com\/product\/industrial-biscuit-crusher-machine-multipurpose\/#breadcrumb\",\"itemListElement\":[{\"@type\":\"ListItem\",\"position\":1,\"name\":\"Home\",\"item\":\"https:\/\/www.biscuitsolution.com\/\"},{\"@type\":\"ListItem\",\"position\":2,\"name\":\"Product\",\"item\":\"https:\/\/www.biscuitsolution.com\/product\/\"},{\"@type\":\"ListItem\",\"position\":3,\"name\":\"Industrial Biscuit Crusher Machine Multipurpose\"}]},{\"@type\":\"WebSite\",\"@id\":\"https:\/\/www.biscuitsolution.com\/#website\",\"url\":\"https:\/\/www.biscuitsolution.com\/\",\"name\":\"Biscuit Production Solution Manufacturer\",\"description\":\"\",\"potentialAction\":[{\"@type\":\"SearchAction\",\"target\":{\"@type\":\"EntryPoint\",\"urlTemplate\":\"https:\/\/www.biscuitsolution.com\/?s={search_term_string}\"},\"query-input\":{\"@type\":\"PropertyValueSpecification\",\"valueRequired\":true,\"valueName\":\"search_term_string\"}}],\"inLanguage\":\"es\"},false]}<\/script>\n<!-- \/ Yoast SEO plugin. -->","yoast_head_json":{"title":"M\u00e1quina trituradora industrial de galletas multiuso - Fabricante de soluciones para la producci\u00f3n de galletas","description":"La m\u00e1quina trituradora de galletas puede triturar galletas con precisi\u00f3n y puede reciclarse. Tambi\u00e9n se puede utilizar para triturar diversos frutos secos para aumentar el sabor de las galletas.","robots":{"index":"index","follow":"follow","max-snippet":"max-snippet:-1","max-image-preview":"max-image-preview:large","max-video-preview":"max-video-preview:-1"},"canonical":"https:\/\/www.biscuitsolution.com\/es\/producto\/industrial-biscuit-crusher-machine-multipurpose\/","og_locale":"es_ES","og_type":"article","og_title":"Industrial Biscuit Crusher Machine Multipurpose - Biscuit Production Solution Manufacturer","og_description":"The biscuit crusher machine can crush biscuits accurately and can be recycled. It can also be used to crush various nuts to increase the taste of biscuits.","og_url":"https:\/\/www.biscuitsolution.com\/es\/producto\/industrial-biscuit-crusher-machine-multipurpose\/","og_site_name":"Biscuit Production Solution Manufacturer","article_publisher":"https:\/\/www.facebook.com\/profile.php?id=100095205040823","article_modified_time":"2025-03-06T09:31:55+00:00","og_image":[{"width":600,"height":600,"url":"https:\/\/www.biscuitsolution.com\/wp-content\/uploads\/2025\/03\/biscuit-crusher-machine.jpg","type":"image\/jpeg"}],"twitter_card":"summary_large_image","twitter_site":"@shanna_zha26342","twitter_misc":{"Tiempo de lectura":"3 minutos"},"schema":{"@context":"https:\/\/schema.org","@graph":[{"@type":"WebPage","@id":"https:\/\/www.biscuitsolution.com\/product\/industrial-biscuit-crusher-machine-multipurpose\/","url":"https:\/\/www.biscuitsolution.com\/product\/industrial-biscuit-crusher-machine-multipurpose\/","name":"M\u00e1quina trituradora industrial de galletas multiuso - Fabricante de soluciones para la producci\u00f3n de galletas","isPartOf":{"@id":"https:\/\/www.biscuitsolution.com\/#website"},"primaryImageOfPage":{"@id":"https:\/\/www.biscuitsolution.com\/product\/industrial-biscuit-crusher-machine-multipurpose\/#primaryimage"},"image":{"@id":"https:\/\/www.biscuitsolution.com\/product\/industrial-biscuit-crusher-machine-multipurpose\/#primaryimage"},"thumbnailUrl":"https:\/\/www.biscuitsolution.com\/wp-content\/uploads\/2025\/03\/biscuit-crusher-machine.jpg","datePublished":"2025-03-04T10:14:10+00:00","dateModified":"2025-03-06T09:31:55+00:00","description":"La m\u00e1quina trituradora de galletas puede triturar galletas con precisi\u00f3n y puede reciclarse. Tambi\u00e9n se puede utilizar para triturar diversos frutos secos para aumentar el sabor de las galletas.","breadcrumb":{"@id":"https:\/\/www.biscuitsolution.com\/product\/industrial-biscuit-crusher-machine-multipurpose\/#breadcrumb"},"inLanguage":"es","potentialAction":[{"@type":"ReadAction","target":["https:\/\/www.biscuitsolution.com\/product\/industrial-biscuit-crusher-machine-multipurpose\/"]}]},{"@type":"ImageObject","inLanguage":"es","@id":"https:\/\/www.biscuitsolution.com\/product\/industrial-biscuit-crusher-machine-multipurpose\/#primaryimage","url":"https:\/\/www.biscuitsolution.com\/wp-content\/uploads\/2025\/03\/biscuit-crusher-machine.jpg","contentUrl":"https:\/\/www.biscuitsolution.com\/wp-content\/uploads\/2025\/03\/biscuit-crusher-machine.jpg","width":600,"height":600,"caption":"biscuit crusher machine"},{"@type":"BreadcrumbList","@id":"https:\/\/www.biscuitsolution.com\/product\/industrial-biscuit-crusher-machine-multipurpose\/#breadcrumb","itemListElement":[{"@type":"ListItem","position":1,"name":"Home","item":"https:\/\/www.biscuitsolution.com\/"},{"@type":"ListItem","position":2,"name":"Product","item":"https:\/\/www.biscuitsolution.com\/product\/"},{"@type":"ListItem","position":3,"name":"Industrial Biscuit Crusher Machine Multipurpose"}]},{"@type":"WebSite","@id":"https:\/\/www.biscuitsolution.com\/#website","url":"https:\/\/www.biscuitsolution.com\/","name":"Fabricante de soluciones para la producci\u00f3n de galletas","description":"","potentialAction":[{"@type":"SearchAction","target":{"@type":"EntryPoint","urlTemplate":"https:\/\/www.biscuitsolution.com\/?s={search_term_string}"},"query-input":{"@type":"PropertyValueSpecification","valueRequired":true,"valueName":"search_term_string"}}],"inLanguage":"es"},false]}},"yasr_visitor_votes":{"stars_attributes":{"read_only":false,"span_bottom":false},"number_of_votes":1,"sum_votes":5},"_links":{"self":[{"href":"https:\/\/www.biscuitsolution.com\/es\/wp-json\/wp\/v2\/product\/5293","targetHints":{"allow":["GET"]}}],"collection":[{"href":"https:\/\/www.biscuitsolution.com\/es\/wp-json\/wp\/v2\/product"}],"about":[{"href":"https:\/\/www.biscuitsolution.com\/es\/wp-json\/wp\/v2\/types\/product"}],"replies":[{"embeddable":true,"href":"https:\/\/www.biscuitsolution.com\/es\/wp-json\/wp\/v2\/comments?post=5293"}],"version-history":[{"count":3,"href":"https:\/\/www.biscuitsolution.com\/es\/wp-json\/wp\/v2\/product\/5293\/revisions"}],"predecessor-version":[{"id":5336,"href":"https:\/\/www.biscuitsolution.com\/es\/wp-json\/wp\/v2\/product\/5293\/revisions\/5336"}],"wp:featuredmedia":[{"embeddable":true,"href":"https:\/\/www.biscuitsolution.com\/es\/wp-json\/wp\/v2\/media\/5297"}],"wp:attachment":[{"href":"https:\/\/www.biscuitsolution.com\/es\/wp-json\/wp\/v2\/media?parent=5293"}],"wp:term":[{"taxonomy":"product_brand","embeddable":true,"href":"https:\/\/www.biscuitsolution.com\/es\/wp-json\/wp\/v2\/product_brand?post=5293"},{"taxonomy":"product_cat","embeddable":true,"href":"https:\/\/www.biscuitsolution.com\/es\/wp-json\/wp\/v2\/product_cat?post=5293"},{"taxonomy":"product_tag","embeddable":true,"href":"https:\/\/www.biscuitsolution.com\/es\/wp-json\/wp\/v2\/product_tag?post=5293"}],"curies":[{"name":"wp","href":"https:\/\/api.w.org\/{rel}","templated":true}]}}