{"id":5285,"date":"2025-03-04T17:49:12","date_gmt":"2025-03-04T09:49:12","guid":{"rendered":"https:\/\/www.biscuitsolution.com\/?post_type=product&#038;p=5285"},"modified":"2025-03-06T17:31:30","modified_gmt":"2025-03-06T09:31:30","slug":"intelligent-biscuit-baking-tunnel-oven-large-output","status":"publish","type":"product","link":"https:\/\/www.biscuitsolution.com\/es\/producto\/intelligent-biscuit-baking-tunnel-oven-large-output\/","title":{"rendered":"Horno t\u00fanel inteligente para galletas de gran producci\u00f3n"},"content":{"rendered":"<h2>Horno t\u00fanel para galletas Introducci\u00f3n<\/h2>\n<p>El horno t\u00fanel inteligente para galletas es un equipo de cocci\u00f3n inteligente dise\u00f1ado para la producci\u00f3n de galletas a gran escala. Realiza la cocci\u00f3n ininterrumpida durante 24 horas a trav\u00e9s de una estructura de t\u00fanel continuo, y la capacidad de producci\u00f3n diaria puede alcanzar varias toneladas.<\/p>\n<p><img fetchpriority=\"high\" decoding=\"async\" class=\"alignnone size-full wp-image-5286\" src=\"https:\/\/www.biscuitsolution.com\/wp-content\/uploads\/2025\/03\/biscuit-baking-oven.jpg\" alt=\"horno t\u00fanel de cocci\u00f3n de galletas\" width=\"800\" height=\"450\" srcset=\"https:\/\/www.biscuitsolution.com\/wp-content\/uploads\/2025\/03\/biscuit-baking-oven.jpg 800w, https:\/\/www.biscuitsolution.com\/wp-content\/uploads\/2025\/03\/biscuit-baking-oven-300x169.jpg 300w, https:\/\/www.biscuitsolution.com\/wp-content\/uploads\/2025\/03\/biscuit-baking-oven-768x432.jpg 768w, https:\/\/www.biscuitsolution.com\/wp-content\/uploads\/2025\/03\/biscuit-baking-oven-600x338.jpg 600w, https:\/\/www.biscuitsolution.com\/wp-content\/uploads\/2025\/03\/biscuit-baking-oven-64x36.jpg 64w\" sizes=\"(max-width: 800px) 100vw, 800px\" \/><\/p>\n<h2>Estructura del horno t\u00fanel Composici\u00f3n y funcionamiento<\/h2>\n<ul>\n<li>Sistema de horno: cavidad del horno de aislamiento segmentada (normalmente de 3 a 5 zonas), que admite el control independiente de la temperatura (intervalo de temperatura: 150-300\u2103).<\/li>\n<li>Sistema de transporte: cadena resistente a altas temperaturas o cinta transportadora de malla, velocidad ajustable (0,5-5 m\/min), adecuada para diferentes grosores de galleta.<\/li>\n<li>Sistema de calefacci\u00f3n: calefacci\u00f3n el\u00e9ctrica, calefacci\u00f3n de gas o m\u00f3dulo de calefacci\u00f3n por infrarrojos, de alta eficiencia y ahorro energ\u00e9tico.<\/li>\n<li>Sistema de control inteligente: Pantalla t\u00e1ctil PLC + sensor, compatible con recetas preestablecidas, alarma de fallos y supervisi\u00f3n remota.<\/li>\n<\/ul>\n<p>Proceso de funcionamiento: la masa entra en la entrada del horno t\u00fanel despu\u00e9s de la formadora \u2192 pasa por cada zona de temperatura a una velocidad uniforme a trav\u00e9s de la cinta transportadora \u2192 el sistema inteligente de control de temperatura ajusta din\u00e1micamente los par\u00e1metros \u2192 el producto acabado se enfr\u00eda y sale por la salida.<\/p>\n<p><img decoding=\"async\" class=\"alignnone size-full wp-image-5287\" src=\"https:\/\/www.biscuitsolution.com\/wp-content\/uploads\/2025\/03\/biscuit-baking-ovens.jpg\" alt=\"horno t\u00fanel de cocci\u00f3n de galletas\" width=\"800\" height=\"450\" srcset=\"https:\/\/www.biscuitsolution.com\/wp-content\/uploads\/2025\/03\/biscuit-baking-ovens.jpg 800w, https:\/\/www.biscuitsolution.com\/wp-content\/uploads\/2025\/03\/biscuit-baking-ovens-300x169.jpg 300w, https:\/\/www.biscuitsolution.com\/wp-content\/uploads\/2025\/03\/biscuit-baking-ovens-768x432.jpg 768w, https:\/\/www.biscuitsolution.com\/wp-content\/uploads\/2025\/03\/biscuit-baking-ovens-600x338.jpg 600w, https:\/\/www.biscuitsolution.com\/wp-content\/uploads\/2025\/03\/biscuit-baking-ovens-64x36.jpg 64w\" sizes=\"(max-width: 800px) 100vw, 800px\" \/><\/p>\n<h2>Ventajas del horno para galletas<\/h2>\n<ul>\n<li>Capacidad de producci\u00f3n eficiente: Las galletas pasan por diferentes zonas de temperatura a trav\u00e9s de una cinta transportadora continua para lograr un horneado ininterrumpido, que puede manejar un gran n\u00famero de necesidades de producci\u00f3n de galletas.<\/li>\n<li>Temperatura precisa: Puede proporcionar una distribuci\u00f3n uniforme del calor y un control preciso de la temperatura para garantizar un efecto de horneado de galletas constante y un calentamiento uniforme de las galletas, lo que puede garantizar el aspecto y el sabor de las galletas.<\/li>\n<li>Productos diversificados: Adem\u00e1s de galletas, los hornos de t\u00fanel tambi\u00e9n se pueden utilizar para hornear otros productos horneados como pan, pasteles, pasteles de luna, pasteles de yema de huevo, etc. Su control flexible de temperatura y tiempo tambi\u00e9n es adecuado para la producci\u00f3n de galletas con diferentes recetas y tipos.<\/li>\n<li>Alta eficiencia energ\u00e9tica: El horno t\u00fanel de cocci\u00f3n de galletas adopta materiales aislantes eficientes y sistemas de recuperaci\u00f3n de calor para reducir la p\u00e9rdida de calor y el consumo de energ\u00eda.<\/li>\n<li>Escalabilidad: Puede ajustarse en funci\u00f3n de la escala de la l\u00ednea de producci\u00f3n para satisfacer las futuras necesidades de expansi\u00f3n de la empresa.<\/li>\n<\/ul>\n<p><img decoding=\"async\" class=\"alignnone size-full wp-image-5288\" src=\"https:\/\/www.biscuitsolution.com\/wp-content\/uploads\/2025\/03\/biscuit-tunnel-oven.jpg\" alt=\"horno t\u00fanel de cocci\u00f3n de galletas\" width=\"800\" height=\"450\" srcset=\"https:\/\/www.biscuitsolution.com\/wp-content\/uploads\/2025\/03\/biscuit-tunnel-oven.jpg 800w, https:\/\/www.biscuitsolution.com\/wp-content\/uploads\/2025\/03\/biscuit-tunnel-oven-300x169.jpg 300w, https:\/\/www.biscuitsolution.com\/wp-content\/uploads\/2025\/03\/biscuit-tunnel-oven-768x432.jpg 768w, https:\/\/www.biscuitsolution.com\/wp-content\/uploads\/2025\/03\/biscuit-tunnel-oven-600x338.jpg 600w, https:\/\/www.biscuitsolution.com\/wp-content\/uploads\/2025\/03\/biscuit-tunnel-oven-64x36.jpg 64w\" sizes=\"(max-width: 800px) 100vw, 800px\" \/><\/p>\n<h2>El horno t\u00fanel para galletas se adapta a la escena<\/h2>\n<ol>\n<li>F\u00e1brica de alimentos a gran escala: l\u00ednea de producci\u00f3n de galletas con una producci\u00f3n media diaria de m\u00e1s de 10 toneladas.<\/li>\n<li>Empresas panificadoras en cadena: producci\u00f3n centralizada en la cocina central para garantizar un sabor estandarizado.<\/li>\n<li>Empresas orientadas a la exportaci\u00f3n: cumplir los requisitos de la certificaci\u00f3n alimentaria internacional (como HACCP, ISO) en materia de higiene y estabilidad de los equipos.<\/li>\n<li>Necesidades especiales: Se pueden integrar funciones adicionales como rociado de aceite, espolvoreado de az\u00facar, refrigeraci\u00f3n, etc. para ampliar la l\u00ednea de productos.<\/li>\n<\/ol>\n<p><img loading=\"lazy\" decoding=\"async\" class=\"alignnone size-full wp-image-5289\" src=\"https:\/\/www.biscuitsolution.com\/wp-content\/uploads\/2025\/03\/tunnel-oven.jpg\" alt=\"horno para galletas\" width=\"800\" height=\"450\" srcset=\"https:\/\/www.biscuitsolution.com\/wp-content\/uploads\/2025\/03\/tunnel-oven.jpg 800w, https:\/\/www.biscuitsolution.com\/wp-content\/uploads\/2025\/03\/tunnel-oven-300x169.jpg 300w, https:\/\/www.biscuitsolution.com\/wp-content\/uploads\/2025\/03\/tunnel-oven-768x432.jpg 768w, https:\/\/www.biscuitsolution.com\/wp-content\/uploads\/2025\/03\/tunnel-oven-600x338.jpg 600w, https:\/\/www.biscuitsolution.com\/wp-content\/uploads\/2025\/03\/tunnel-oven-64x36.jpg 64w\" sizes=\"(max-width: 800px) 100vw, 800px\" \/><\/p>\n<p>Los hornos t\u00fanel para galletas se utilizan ampliamente en la producci\u00f3n a gran escala en la industria de procesamiento de alimentos debido a su alta eficiencia, uniformidad y flexibilidad, y son especialmente adecuados para la producci\u00f3n continua de productos horneados como galletas y bizcochos. Si se requieren soluciones o par\u00e1metros t\u00e9cnicos personalizados, puede consultarnos.<\/p>\n<h2>Deje un mensaje para obtener un presupuesto<\/h2>\n\n<div class=\"wpcf7 no-js\" id=\"wpcf7-f4619-o1\" lang=\"en-US\" dir=\"ltr\" data-wpcf7-id=\"4619\">\n<div class=\"screen-reader-response\"><p role=\"status\" aria-live=\"polite\" aria-atomic=\"true\"><\/p> <ul><\/ul><\/div>\n<form action=\"\/es\/wp-json\/wp\/v2\/product\/5285#wpcf7-f4619-o1\" method=\"post\" class=\"wpcf7-form init\" aria-label=\"Formulario de contacto\" novalidate=\"novalidate\" data-status=\"init\" data-trp-original-action=\"\/es\/wp-json\/wp\/v2\/product\/5285#wpcf7-f4619-o1\">\n<div style=\"display: none;\">\n<input type=\"hidden\" name=\"_wpcf7\" value=\"4619\" \/>\n<input type=\"hidden\" name=\"_wpcf7_version\" value=\"6.0.4\" \/>\n<input type=\"hidden\" name=\"_wpcf7_locale\" value=\"en_US\" \/>\n<input type=\"hidden\" name=\"_wpcf7_unit_tag\" value=\"wpcf7-f4619-o1\" \/>\n<input type=\"hidden\" name=\"_wpcf7_container_post\" value=\"0\" \/>\n<input type=\"hidden\" name=\"_wpcf7_posted_data_hash\" value=\"\" \/>\n<\/div>\n<p><label> Su nombre<br \/>\n<span class=\"wpcf7-form-control-wrap\" data-name=\"your-name\"><input size=\"40\" maxlength=\"400\" class=\"wpcf7-form-control wpcf7-text wpcf7-validates-as-required\" aria-required=\"true\" aria-invalid=\"false\" value=\"\" type=\"text\" name=\"your-name\" \/><\/span> <\/label>\n<\/p>\n<p><label> Su pa\u00eds<br \/>\n<span class=\"wpcf7-form-control-wrap\" data-name=\"your-country\"><input size=\"40\" maxlength=\"400\" class=\"wpcf7-form-control wpcf7-text\" aria-invalid=\"false\" value=\"\" type=\"text\" name=\"your-country\" \/><\/span><\/label>\n<\/p>\n<p><label> Su correo electr\u00f3nico<br \/>\n<span class=\"wpcf7-form-control-wrap\" data-name=\"your-email\"><input size=\"40\" maxlength=\"400\" class=\"wpcf7-form-control wpcf7-email wpcf7-validates-as-required wpcf7-text wpcf7-validates-as-email\" aria-required=\"true\" aria-invalid=\"false\" value=\"\" type=\"email\" name=\"your-email\" \/><\/span> <\/label>\n<\/p>\n<p><label> Tu tel\u00e9fono<br \/>\n<span class=\"wpcf7-form-control-wrap\" data-name=\"your-phone\"><input size=\"40\" maxlength=\"400\" class=\"wpcf7-form-control wpcf7-tel wpcf7-text wpcf7-validates-as-tel\" aria-invalid=\"false\" value=\"\" type=\"tel\" name=\"your-phone\" \/><\/span> <\/label>\n<\/p>\n<p><label> Nombre de su empresa<br \/>\n<span class=\"wpcf7-form-control-wrap\" data-name=\"text-457\"><input size=\"40\" maxlength=\"400\" class=\"wpcf7-form-control wpcf7-text\" aria-invalid=\"false\" value=\"\" type=\"text\" name=\"text-457\" \/><\/span> <\/label>\n<\/p>\n<p><label> El sitio web de su empresa<br \/>\n<span class=\"wpcf7-form-control-wrap\" data-name=\"text-546\"><input size=\"40\" maxlength=\"400\" class=\"wpcf7-form-control wpcf7-text\" aria-invalid=\"false\" value=\"\" type=\"text\" name=\"text-546\" \/><\/span> <\/label>\n<\/p>\n<p><label> Sus requisitos*<br \/>\n<span class=\"wpcf7-form-control-wrap\" data-name=\"your-message\"><textarea cols=\"40\" rows=\"10\" maxlength=\"2000\" class=\"wpcf7-form-control wpcf7-textarea wpcf7-validates-as-required\" aria-required=\"true\" aria-invalid=\"false\" name=\"your-message\"><\/textarea><\/span> <\/label>\n<\/p>\n<p><input class=\"wpcf7-form-control wpcf7-submit has-spinner\" type=\"submit\" value=\"Enviar\" \/>\n<\/p><p style=\"display: none !important;\" class=\"akismet-fields-container\" data-prefix=\"_wpcf7_ak_\"><label>&#916;<textarea name=\"_wpcf7_ak_hp_textarea\" cols=\"45\" rows=\"8\" maxlength=\"100\"><\/textarea><\/label><input type=\"hidden\" id=\"ak_js_1\" name=\"_wpcf7_ak_js\" value=\"178\"\/><script>document.getElementById( \"ak_js_1\" ).setAttribute( \"value\", ( new Date() ).getTime() );<\/script><\/p><div class=\"wpcf7-response-output\" aria-hidden=\"true\"><\/div>\n<input type=\"hidden\" name=\"trp-form-language\" value=\"es\"\/><\/form>\n<\/div>\n\n<div style='text-align:left' class='yasr-auto-insert-visitor'><\/div>","protected":false},"excerpt":{"rendered":"<p>Marca: GELGOOG<\/p>\n<p>Tensi\u00f3n: 380 V<\/p>\n<p>Correo electr\u00f3nico: shanna@machinehall.com<\/p>\n<p>Tel\u00e9fono: +8618638676709<\/p>","protected":false},"featured_media":5290,"comment_status":"open","ping_status":"closed","template":"","meta":{"site-sidebar-layout":"default","site-content-layout":"","ast-site-content-layout":"default","site-content-style":"default","site-sidebar-style":"default","ast-global-header-display":"","ast-banner-title-visibility":"","ast-main-header-display":"","ast-hfb-above-header-display":"","ast-hfb-below-header-display":"","ast-hfb-mobile-header-display":"","site-post-title":"","ast-breadcrumbs-content":"","ast-featured-img":"","footer-sml-layout":"","theme-transparent-header-meta":"default","adv-header-id-meta":"","stick-header-meta":"","header-above-stick-meta":"","header-main-stick-meta":"","header-below-stick-meta":"","astra-migrate-meta-layouts":"set","ast-page-background-enabled":"default","ast-page-background-meta":{"desktop":{"background-color":"","background-image":"","background-repeat":"repeat","background-position":"center center","background-size":"auto","background-attachment":"scroll","background-type":"","background-media":"","overlay-type":"","overlay-color":"","overlay-opacity":"","overlay-gradient":""},"tablet":{"background-color":"","background-image":"","background-repeat":"repeat","background-position":"center center","background-size":"auto","background-attachment":"scroll","background-type":"","background-media":"","overlay-type":"","overlay-color":"","overlay-opacity":"","overlay-gradient":""},"mobile":{"background-color":"","background-image":"","background-repeat":"repeat","background-position":"center center","background-size":"auto","background-attachment":"scroll","background-type":"","background-media":"","overlay-type":"","overlay-color":"","overlay-opacity":"","overlay-gradient":""}},"ast-content-background-meta":{"desktop":{"background-color":"var(--ast-global-color-5)","background-image":"","background-repeat":"repeat","background-position":"center center","background-size":"auto","background-attachment":"scroll","background-type":"","background-media":"","overlay-type":"","overlay-color":"","overlay-opacity":"","overlay-gradient":""},"tablet":{"background-color":"var(--ast-global-color-5)","background-image":"","background-repeat":"repeat","background-position":"center center","background-size":"auto","background-attachment":"scroll","background-type":"","background-media":"","overlay-type":"","overlay-color":"","overlay-opacity":"","overlay-gradient":""},"mobile":{"background-color":"var(--ast-global-color-5)","background-image":"","background-repeat":"repeat","background-position":"center center","background-size":"auto","background-attachment":"scroll","background-type":"","background-media":"","overlay-type":"","overlay-color":"","overlay-opacity":"","overlay-gradient":""}},"yasr_overall_rating":0,"yasr_post_is_review":"","yasr_auto_insert_disabled":"","yasr_review_type":""},"product_brand":[],"product_cat":[22],"product_tag":[],"class_list":{"0":"post-5285","1":"product","2":"type-product","3":"status-publish","4":"has-post-thumbnail","6":"product_cat-hard-biscuit-production-line","7":"desktop-align-left","8":"tablet-align-left","9":"mobile-align-left","11":"first","12":"instock","13":"shipping-taxable","14":"product-type-simple"},"yoast_head":"<!-- This site is optimized with the Yoast SEO plugin v24.4 - https:\/\/yoast.com\/wordpress\/plugins\/seo\/ -->\n<title>Intelligent Biscuit Baking Tunnel Oven Large Output<\/title>\n<meta name=\"description\" content=\"Biscuit baking tunnel oven can realize uninterrupted baking of large quantities of biscuits and can intelligently adjust the temperature to ensure quality.\" \/>\n<meta name=\"robots\" content=\"index, follow, max-snippet:-1, max-image-preview:large, max-video-preview:-1\" \/>\n<link rel=\"canonical\" href=\"https:\/\/www.biscuitsolution.com\/es\/producto\/intelligent-biscuit-baking-tunnel-oven-large-output\/\" \/>\n<meta property=\"og:locale\" content=\"es_ES\" \/>\n<meta property=\"og:type\" content=\"article\" \/>\n<meta property=\"og:title\" content=\"Intelligent Biscuit Baking Tunnel Oven Large Output\" \/>\n<meta property=\"og:description\" content=\"Biscuit baking tunnel oven can realize uninterrupted baking of large quantities of biscuits and can intelligently adjust the temperature to ensure quality.\" \/>\n<meta property=\"og:url\" content=\"https:\/\/www.biscuitsolution.com\/es\/producto\/intelligent-biscuit-baking-tunnel-oven-large-output\/\" \/>\n<meta property=\"og:site_name\" content=\"Biscuit Production Solution Manufacturer\" \/>\n<meta property=\"article:publisher\" content=\"https:\/\/www.facebook.com\/profile.php?id=100095205040823\" \/>\n<meta property=\"article:modified_time\" content=\"2025-03-06T09:31:30+00:00\" \/>\n<meta property=\"og:image\" content=\"https:\/\/www.biscuitsolution.com\/wp-content\/uploads\/2025\/03\/biscuit-baking-tunnel-oven.jpg\" \/>\n\t<meta property=\"og:image:width\" content=\"600\" \/>\n\t<meta property=\"og:image:height\" content=\"600\" \/>\n\t<meta property=\"og:image:type\" content=\"image\/jpeg\" \/>\n<meta name=\"twitter:card\" content=\"summary_large_image\" \/>\n<meta name=\"twitter:site\" content=\"@shanna_zha26342\" \/>\n<meta name=\"twitter:label1\" content=\"Tiempo de lectura\" \/>\n\t<meta name=\"twitter:data1\" content=\"3 minutos\" \/>\n<script type=\"application\/ld+json\" class=\"yoast-schema-graph\">{\"@context\":\"https:\/\/schema.org\",\"@graph\":[{\"@type\":\"WebPage\",\"@id\":\"https:\/\/www.biscuitsolution.com\/product\/intelligent-biscuit-baking-tunnel-oven-large-output\/\",\"url\":\"https:\/\/www.biscuitsolution.com\/product\/intelligent-biscuit-baking-tunnel-oven-large-output\/\",\"name\":\"Intelligent Biscuit Baking Tunnel Oven Large Output\",\"isPartOf\":{\"@id\":\"https:\/\/www.biscuitsolution.com\/#website\"},\"primaryImageOfPage\":{\"@id\":\"https:\/\/www.biscuitsolution.com\/product\/intelligent-biscuit-baking-tunnel-oven-large-output\/#primaryimage\"},\"image\":{\"@id\":\"https:\/\/www.biscuitsolution.com\/product\/intelligent-biscuit-baking-tunnel-oven-large-output\/#primaryimage\"},\"thumbnailUrl\":\"https:\/\/www.biscuitsolution.com\/wp-content\/uploads\/2025\/03\/biscuit-baking-tunnel-oven.jpg\",\"datePublished\":\"2025-03-04T09:49:12+00:00\",\"dateModified\":\"2025-03-06T09:31:30+00:00\",\"description\":\"Biscuit baking tunnel oven can realize uninterrupted baking of large quantities of biscuits and can intelligently adjust the temperature to ensure quality.\",\"breadcrumb\":{\"@id\":\"https:\/\/www.biscuitsolution.com\/product\/intelligent-biscuit-baking-tunnel-oven-large-output\/#breadcrumb\"},\"inLanguage\":\"es\",\"potentialAction\":[{\"@type\":\"ReadAction\",\"target\":[\"https:\/\/www.biscuitsolution.com\/product\/intelligent-biscuit-baking-tunnel-oven-large-output\/\"]}]},{\"@type\":\"ImageObject\",\"inLanguage\":\"es\",\"@id\":\"https:\/\/www.biscuitsolution.com\/product\/intelligent-biscuit-baking-tunnel-oven-large-output\/#primaryimage\",\"url\":\"https:\/\/www.biscuitsolution.com\/wp-content\/uploads\/2025\/03\/biscuit-baking-tunnel-oven.jpg\",\"contentUrl\":\"https:\/\/www.biscuitsolution.com\/wp-content\/uploads\/2025\/03\/biscuit-baking-tunnel-oven.jpg\",\"width\":600,\"height\":600,\"caption\":\"biscuit baking tunnel oven\"},{\"@type\":\"BreadcrumbList\",\"@id\":\"https:\/\/www.biscuitsolution.com\/product\/intelligent-biscuit-baking-tunnel-oven-large-output\/#breadcrumb\",\"itemListElement\":[{\"@type\":\"ListItem\",\"position\":1,\"name\":\"Home\",\"item\":\"https:\/\/www.biscuitsolution.com\/\"},{\"@type\":\"ListItem\",\"position\":2,\"name\":\"Product\",\"item\":\"https:\/\/www.biscuitsolution.com\/product\/\"},{\"@type\":\"ListItem\",\"position\":3,\"name\":\"Intelligent Biscuit Baking Tunnel Oven Large Output\"}]},{\"@type\":\"WebSite\",\"@id\":\"https:\/\/www.biscuitsolution.com\/#website\",\"url\":\"https:\/\/www.biscuitsolution.com\/\",\"name\":\"Biscuit Production Solution Manufacturer\",\"description\":\"\",\"potentialAction\":[{\"@type\":\"SearchAction\",\"target\":{\"@type\":\"EntryPoint\",\"urlTemplate\":\"https:\/\/www.biscuitsolution.com\/?s={search_term_string}\"},\"query-input\":{\"@type\":\"PropertyValueSpecification\",\"valueRequired\":true,\"valueName\":\"search_term_string\"}}],\"inLanguage\":\"es\"},false]}<\/script>\n<!-- \/ Yoast SEO plugin. -->","yoast_head_json":{"title":"Horno t\u00fanel inteligente para galletas de gran producci\u00f3n","description":"El horno de t\u00fanel de cocci\u00f3n de galletas puede realizar la cocci\u00f3n ininterrumpida de grandes cantidades de galletas y puede ajustar de forma inteligente la temperatura para garantizar la calidad.","robots":{"index":"index","follow":"follow","max-snippet":"max-snippet:-1","max-image-preview":"max-image-preview:large","max-video-preview":"max-video-preview:-1"},"canonical":"https:\/\/www.biscuitsolution.com\/es\/producto\/intelligent-biscuit-baking-tunnel-oven-large-output\/","og_locale":"es_ES","og_type":"article","og_title":"Intelligent Biscuit Baking Tunnel Oven Large Output","og_description":"Biscuit baking tunnel oven can realize uninterrupted baking of large quantities of biscuits and can intelligently adjust the temperature to ensure quality.","og_url":"https:\/\/www.biscuitsolution.com\/es\/producto\/intelligent-biscuit-baking-tunnel-oven-large-output\/","og_site_name":"Biscuit Production Solution Manufacturer","article_publisher":"https:\/\/www.facebook.com\/profile.php?id=100095205040823","article_modified_time":"2025-03-06T09:31:30+00:00","og_image":[{"width":600,"height":600,"url":"https:\/\/www.biscuitsolution.com\/wp-content\/uploads\/2025\/03\/biscuit-baking-tunnel-oven.jpg","type":"image\/jpeg"}],"twitter_card":"summary_large_image","twitter_site":"@shanna_zha26342","twitter_misc":{"Tiempo de lectura":"3 minutos"},"schema":{"@context":"https:\/\/schema.org","@graph":[{"@type":"WebPage","@id":"https:\/\/www.biscuitsolution.com\/product\/intelligent-biscuit-baking-tunnel-oven-large-output\/","url":"https:\/\/www.biscuitsolution.com\/product\/intelligent-biscuit-baking-tunnel-oven-large-output\/","name":"Horno t\u00fanel inteligente para galletas de gran producci\u00f3n","isPartOf":{"@id":"https:\/\/www.biscuitsolution.com\/#website"},"primaryImageOfPage":{"@id":"https:\/\/www.biscuitsolution.com\/product\/intelligent-biscuit-baking-tunnel-oven-large-output\/#primaryimage"},"image":{"@id":"https:\/\/www.biscuitsolution.com\/product\/intelligent-biscuit-baking-tunnel-oven-large-output\/#primaryimage"},"thumbnailUrl":"https:\/\/www.biscuitsolution.com\/wp-content\/uploads\/2025\/03\/biscuit-baking-tunnel-oven.jpg","datePublished":"2025-03-04T09:49:12+00:00","dateModified":"2025-03-06T09:31:30+00:00","description":"El horno de t\u00fanel de cocci\u00f3n de galletas puede realizar la cocci\u00f3n ininterrumpida de grandes cantidades de galletas y puede ajustar de forma inteligente la temperatura para garantizar la calidad.","breadcrumb":{"@id":"https:\/\/www.biscuitsolution.com\/product\/intelligent-biscuit-baking-tunnel-oven-large-output\/#breadcrumb"},"inLanguage":"es","potentialAction":[{"@type":"ReadAction","target":["https:\/\/www.biscuitsolution.com\/product\/intelligent-biscuit-baking-tunnel-oven-large-output\/"]}]},{"@type":"ImageObject","inLanguage":"es","@id":"https:\/\/www.biscuitsolution.com\/product\/intelligent-biscuit-baking-tunnel-oven-large-output\/#primaryimage","url":"https:\/\/www.biscuitsolution.com\/wp-content\/uploads\/2025\/03\/biscuit-baking-tunnel-oven.jpg","contentUrl":"https:\/\/www.biscuitsolution.com\/wp-content\/uploads\/2025\/03\/biscuit-baking-tunnel-oven.jpg","width":600,"height":600,"caption":"biscuit baking tunnel oven"},{"@type":"BreadcrumbList","@id":"https:\/\/www.biscuitsolution.com\/product\/intelligent-biscuit-baking-tunnel-oven-large-output\/#breadcrumb","itemListElement":[{"@type":"ListItem","position":1,"name":"Home","item":"https:\/\/www.biscuitsolution.com\/"},{"@type":"ListItem","position":2,"name":"Product","item":"https:\/\/www.biscuitsolution.com\/product\/"},{"@type":"ListItem","position":3,"name":"Intelligent Biscuit Baking Tunnel Oven Large Output"}]},{"@type":"WebSite","@id":"https:\/\/www.biscuitsolution.com\/#website","url":"https:\/\/www.biscuitsolution.com\/","name":"Fabricante de soluciones para la producci\u00f3n de galletas","description":"","potentialAction":[{"@type":"SearchAction","target":{"@type":"EntryPoint","urlTemplate":"https:\/\/www.biscuitsolution.com\/?s={search_term_string}"},"query-input":{"@type":"PropertyValueSpecification","valueRequired":true,"valueName":"search_term_string"}}],"inLanguage":"es"},false]}},"yasr_visitor_votes":{"stars_attributes":{"read_only":false,"span_bottom":false},"number_of_votes":2,"sum_votes":10},"_links":{"self":[{"href":"https:\/\/www.biscuitsolution.com\/es\/wp-json\/wp\/v2\/product\/5285","targetHints":{"allow":["GET"]}}],"collection":[{"href":"https:\/\/www.biscuitsolution.com\/es\/wp-json\/wp\/v2\/product"}],"about":[{"href":"https:\/\/www.biscuitsolution.com\/es\/wp-json\/wp\/v2\/types\/product"}],"replies":[{"embeddable":true,"href":"https:\/\/www.biscuitsolution.com\/es\/wp-json\/wp\/v2\/comments?post=5285"}],"version-history":[{"count":3,"href":"https:\/\/www.biscuitsolution.com\/es\/wp-json\/wp\/v2\/product\/5285\/revisions"}],"predecessor-version":[{"id":5335,"href":"https:\/\/www.biscuitsolution.com\/es\/wp-json\/wp\/v2\/product\/5285\/revisions\/5335"}],"wp:featuredmedia":[{"embeddable":true,"href":"https:\/\/www.biscuitsolution.com\/es\/wp-json\/wp\/v2\/media\/5290"}],"wp:attachment":[{"href":"https:\/\/www.biscuitsolution.com\/es\/wp-json\/wp\/v2\/media?parent=5285"}],"wp:term":[{"taxonomy":"product_brand","embeddable":true,"href":"https:\/\/www.biscuitsolution.com\/es\/wp-json\/wp\/v2\/product_brand?post=5285"},{"taxonomy":"product_cat","embeddable":true,"href":"https:\/\/www.biscuitsolution.com\/es\/wp-json\/wp\/v2\/product_cat?post=5285"},{"taxonomy":"product_tag","embeddable":true,"href":"https:\/\/www.biscuitsolution.com\/es\/wp-json\/wp\/v2\/product_tag?post=5285"}],"curies":[{"name":"wp","href":"https:\/\/api.w.org\/{rel}","templated":true}]}}