{"id":4844,"date":"2025-02-21T10:45:05","date_gmt":"2025-02-21T10:45:05","guid":{"rendered":"https:\/\/www.biscuitsolution.com\/?post_type=product&#038;p=4844"},"modified":"2025-12-16T17:34:37","modified_gmt":"2025-12-16T09:34:37","slug":"high-capacity-graham-cracker-making-machine-for-sale","status":"publish","type":"product","link":"https:\/\/www.biscuitsolution.com\/es\/producto\/high-capacity-graham-cracker-making-machine-for-sale\/","title":{"rendered":"Alta capacidad Graham Cracker que hace la m\u00e1quina para la venta"},"content":{"rendered":"<p>En<strong> m\u00e1quina para hacer galletas graham<\/strong> adopta un dise\u00f1o de l\u00ednea de producci\u00f3n totalmente automatizada, que integra estrechamente diversos eslabones como la mezcla de materias primas, la elaboraci\u00f3n de la masa, el moldeado, el horneado, el enfriamiento y el envasado.<\/p>\n<p><img fetchpriority=\"high\" decoding=\"async\" class=\"alignnone size-full wp-image-4845\" src=\"https:\/\/www.biscuitsolution.com\/wp-content\/uploads\/2025\/02\/graham-cracker-making-machines-for-sale.jpg\" alt=\"m\u00e1quina para hacer galletas graham\" width=\"800\" height=\"450\" srcset=\"https:\/\/www.biscuitsolution.com\/wp-content\/uploads\/2025\/02\/graham-cracker-making-machines-for-sale.jpg 800w, https:\/\/www.biscuitsolution.com\/wp-content\/uploads\/2025\/02\/graham-cracker-making-machines-for-sale-600x338.jpg 600w, https:\/\/www.biscuitsolution.com\/wp-content\/uploads\/2025\/02\/graham-cracker-making-machines-for-sale-300x169.jpg 300w, https:\/\/www.biscuitsolution.com\/wp-content\/uploads\/2025\/02\/graham-cracker-making-machines-for-sale-768x432.jpg 768w\" sizes=\"(max-width: 800px) 100vw, 800px\" \/><\/p>\n<h2>Perspectivas de mercado de la galleta Graham<\/h2>\n<ol>\n<li>Salud: La galleta Graham utiliza trigo integral como materia prima principal, rico en nutrientes como fibra diet\u00e9tica, vitaminas y minerales, se ajusta a la tendencia de dieta saludable baja en az\u00facar, baja en grasas y alta en fibra, y puede satisfacer la demanda de los consumidores de alimentos saludables.<\/li>\n<li>Ricos escenarios de consumo: Se puede utilizar como desayuno con leche y yogur para proporcionar saciedad y nutrici\u00f3n; tambi\u00e9n se puede utilizar como merienda, consumido durante las pausas del trabajo o el tiempo libre; tambi\u00e9n se puede utilizar para hacer varios postres, como tartas de queso y bases de tartas en reposter\u00eda casera, lo que aumenta los escenarios de uso del producto y la demanda del mercado.<\/li>\n<li>Amplio espacio para la innovaci\u00f3n del sabor: Sobre la base de mantener los atributos saludables originales, se puede innovar en el sabor a\u00f1adiendo diferentes ingredientes naturales y condimentos, como a\u00f1adir frutos secos, frutas deshidratadas, trocitos de chocolate, etc., para satisfacer las preferencias gustativas de los diferentes consumidores y ampliar la cuota de mercado.<\/li>\n<\/ol>\n<p><img decoding=\"async\" class=\"alignnone size-full wp-image-4846\" src=\"https:\/\/www.biscuitsolution.com\/wp-content\/uploads\/2025\/02\/graham-cracker-making-machine-for-sale.jpg\" alt=\"graham cracker que hace la m\u00e1quina para la venta\" width=\"800\" height=\"450\" srcset=\"https:\/\/www.biscuitsolution.com\/wp-content\/uploads\/2025\/02\/graham-cracker-making-machine-for-sale.jpg 800w, https:\/\/www.biscuitsolution.com\/wp-content\/uploads\/2025\/02\/graham-cracker-making-machine-for-sale-600x338.jpg 600w, https:\/\/www.biscuitsolution.com\/wp-content\/uploads\/2025\/02\/graham-cracker-making-machine-for-sale-300x169.jpg 300w, https:\/\/www.biscuitsolution.com\/wp-content\/uploads\/2025\/02\/graham-cracker-making-machine-for-sale-768x432.jpg 768w\" sizes=\"(max-width: 800px) 100vw, 800px\" \/><\/p>\n<h2>Seis ventajas fundamentales de la l\u00ednea de producci\u00f3n de galletas Graham<\/h2>\n<p><strong>1. Producci\u00f3n altamente automatizada<\/strong><br \/>\nLa automatizaci\u00f3n de todo el proceso de mezclado, formado y corte de la masa reduce la dependencia de la mano de obra y mejora la eficacia de la producci\u00f3n.<\/p>\n<p><strong>2. Funcionamiento continuo y estable<\/strong><br \/>\nEl equipo puede funcionar de forma continua y estable durante 24 horas, manteniendo una producci\u00f3n constante y reduciendo el tiempo de inactividad.<\/p>\n<p><strong>3. Especificaciones de producto coherentes<\/strong><br \/>\nEl control preciso del grosor, el tama\u00f1o y la forma de las galletas garantiza unas especificaciones uniformes para cada galleta.<\/p>\n<p><img decoding=\"async\" class=\"alignnone size-full wp-image-4848\" src=\"https:\/\/www.biscuitsolution.com\/wp-content\/uploads\/2025\/02\/graham-cracker-machine.jpg\" alt=\"graham cracker que hace la m\u00e1quina para la venta\" width=\"800\" height=\"450\" srcset=\"https:\/\/www.biscuitsolution.com\/wp-content\/uploads\/2025\/02\/graham-cracker-machine.jpg 800w, https:\/\/www.biscuitsolution.com\/wp-content\/uploads\/2025\/02\/graham-cracker-machine-600x338.jpg 600w, https:\/\/www.biscuitsolution.com\/wp-content\/uploads\/2025\/02\/graham-cracker-machine-300x169.jpg 300w, https:\/\/www.biscuitsolution.com\/wp-content\/uploads\/2025\/02\/graham-cracker-machine-768x432.jpg 768w\" sizes=\"(max-width: 800px) 100vw, 800px\" \/><\/p>\n<p><strong>4. Sabor constante garantizado<\/strong><br \/>\nEl control preciso de la temperatura y el tiempo de horneado garantiza una textura crujiente y una calidad constante de las galletas.<\/p>\n<p><strong>5. Adaptaci\u00f3n flexible a diferentes escalas<\/strong><br \/>\nAdecuado para las diversas necesidades de producci\u00f3n de grandes plantas de procesamiento de alimentos y peque\u00f1as y medianas f\u00e1bricas de alimentos.<\/p>\n<p><strong>6. Ahorro de energ\u00eda y dise\u00f1o eficiente<\/strong><br \/>\nUtiliza una tecnolog\u00eda de horneado que ahorra energ\u00eda y un sistema de transmisi\u00f3n eficiente para reducir los costes de consumo de energ\u00eda.<\/p>\n<p><img loading=\"lazy\" decoding=\"async\" class=\"alignnone size-full wp-image-4847\" src=\"https:\/\/www.biscuitsolution.com\/wp-content\/uploads\/2025\/02\/graham-cracker-making-machine.jpg\" alt=\"m\u00e1quina para hacer galletas graham\" width=\"800\" height=\"450\" srcset=\"https:\/\/www.biscuitsolution.com\/wp-content\/uploads\/2025\/02\/graham-cracker-making-machine.jpg 800w, https:\/\/www.biscuitsolution.com\/wp-content\/uploads\/2025\/02\/graham-cracker-making-machine-600x338.jpg 600w, https:\/\/www.biscuitsolution.com\/wp-content\/uploads\/2025\/02\/graham-cracker-making-machine-300x169.jpg 300w, https:\/\/www.biscuitsolution.com\/wp-content\/uploads\/2025\/02\/graham-cracker-making-machine-768x432.jpg 768w\" sizes=\"(max-width: 800px) 100vw, 800px\" \/><\/p>\n<h2>Tipos de clientes aplicables:<\/h2>\n<ul>\n<li>Grandes empresas de transformaci\u00f3n de alimentos: producci\u00f3n anual superior a 1.000 toneladas<\/li>\n<li>Fabricantes de galletas medianos - producci\u00f3n anual de 200-1000 toneladas<\/li>\n<li>Nuevas marcas de alimentos saludables<\/li>\n<li>Mejoras y renovaciones de las l\u00edneas de producci\u00f3n existentes<\/li>\n<li>F\u00e1bricas OEM\/ODM por contrato<\/li>\n<\/ul>\n<h2>M\u00e1quina de fabricaci\u00f3n de galletas Graham Aplicaci\u00f3n Escala<\/h2>\n<p><strong>P: \u00bfCu\u00e1l es la capacidad de producci\u00f3n diaria de la m\u00e1quina para hacer galletas Graham?<\/strong><\/p>\n<p>R:Dependiendo del modelo, la capacidad de producci\u00f3n diaria puede alcanzar las 2-10 toneladas, y hay disponibles dise\u00f1os de capacidad personalizados.<\/p>\n<p><strong>P: \u00bfCu\u00e1ntos operarios se necesitan para el equipo?<\/strong><\/p>\n<p>R:Con un dise\u00f1o totalmente automatizado, s\u00f3lo se necesitan 1-2 operarios para la supervisi\u00f3n.<\/p>\n<h2>Deje un mensaje para obtener un presupuesto<\/h2>\n\n<div class=\"wpcf7 no-js\" id=\"wpcf7-f4619-o1\" lang=\"en-US\" dir=\"ltr\" data-wpcf7-id=\"4619\">\n<div class=\"screen-reader-response\"><p role=\"status\" aria-live=\"polite\" aria-atomic=\"true\"><\/p> <ul><\/ul><\/div>\n<form action=\"\/es\/wp-json\/wp\/v2\/product\/4844#wpcf7-f4619-o1\" method=\"post\" class=\"wpcf7-form init\" aria-label=\"Formulario de contacto\" novalidate=\"novalidate\" data-status=\"init\" data-trp-original-action=\"\/es\/wp-json\/wp\/v2\/product\/4844#wpcf7-f4619-o1\">\n<div style=\"display: none;\">\n<input type=\"hidden\" name=\"_wpcf7\" value=\"4619\" \/>\n<input type=\"hidden\" name=\"_wpcf7_version\" value=\"6.0.4\" \/>\n<input type=\"hidden\" name=\"_wpcf7_locale\" value=\"en_US\" \/>\n<input type=\"hidden\" name=\"_wpcf7_unit_tag\" value=\"wpcf7-f4619-o1\" \/>\n<input type=\"hidden\" name=\"_wpcf7_container_post\" value=\"0\" \/>\n<input type=\"hidden\" name=\"_wpcf7_posted_data_hash\" value=\"\" \/>\n<\/div>\n<p><label> Su nombre<br \/>\n<span class=\"wpcf7-form-control-wrap\" data-name=\"your-name\"><input size=\"40\" maxlength=\"400\" class=\"wpcf7-form-control wpcf7-text wpcf7-validates-as-required\" aria-required=\"true\" aria-invalid=\"false\" value=\"\" type=\"text\" name=\"your-name\" \/><\/span> <\/label>\n<\/p>\n<p><label> Su pa\u00eds<br \/>\n<span class=\"wpcf7-form-control-wrap\" data-name=\"your-country\"><input size=\"40\" maxlength=\"400\" class=\"wpcf7-form-control wpcf7-text\" aria-invalid=\"false\" value=\"\" type=\"text\" name=\"your-country\" \/><\/span><\/label>\n<\/p>\n<p><label> Su correo electr\u00f3nico<br \/>\n<span class=\"wpcf7-form-control-wrap\" data-name=\"your-email\"><input size=\"40\" maxlength=\"400\" class=\"wpcf7-form-control wpcf7-email wpcf7-validates-as-required wpcf7-text wpcf7-validates-as-email\" aria-required=\"true\" aria-invalid=\"false\" value=\"\" type=\"email\" name=\"your-email\" \/><\/span> <\/label>\n<\/p>\n<p><label> Tu tel\u00e9fono<br \/>\n<span class=\"wpcf7-form-control-wrap\" data-name=\"your-phone\"><input size=\"40\" maxlength=\"400\" class=\"wpcf7-form-control wpcf7-tel wpcf7-text wpcf7-validates-as-tel\" aria-invalid=\"false\" value=\"\" type=\"tel\" name=\"your-phone\" \/><\/span> <\/label>\n<\/p>\n<p><label> Nombre de su empresa<br \/>\n<span class=\"wpcf7-form-control-wrap\" data-name=\"text-457\"><input size=\"40\" maxlength=\"400\" class=\"wpcf7-form-control wpcf7-text\" aria-invalid=\"false\" value=\"\" type=\"text\" name=\"text-457\" \/><\/span> <\/label>\n<\/p>\n<p><label> El sitio web de su empresa<br \/>\n<span class=\"wpcf7-form-control-wrap\" data-name=\"text-546\"><input size=\"40\" maxlength=\"400\" class=\"wpcf7-form-control wpcf7-text\" aria-invalid=\"false\" value=\"\" type=\"text\" name=\"text-546\" \/><\/span> <\/label>\n<\/p>\n<p><label> Sus requisitos*<br \/>\n<span class=\"wpcf7-form-control-wrap\" data-name=\"your-message\"><textarea cols=\"40\" rows=\"10\" maxlength=\"2000\" class=\"wpcf7-form-control wpcf7-textarea wpcf7-validates-as-required\" aria-required=\"true\" aria-invalid=\"false\" name=\"your-message\"><\/textarea><\/span> <\/label>\n<\/p>\n<p><input class=\"wpcf7-form-control wpcf7-submit has-spinner\" type=\"submit\" value=\"Enviar\" \/>\n<\/p><p style=\"display: none !important;\" class=\"akismet-fields-container\" data-prefix=\"_wpcf7_ak_\"><label>&#916;<textarea name=\"_wpcf7_ak_hp_textarea\" cols=\"45\" rows=\"8\" maxlength=\"100\"><\/textarea><\/label><input type=\"hidden\" id=\"ak_js_1\" name=\"_wpcf7_ak_js\" value=\"175\"\/><script>document.getElementById( \"ak_js_1\" ).setAttribute( \"value\", ( new Date() ).getTime() );<\/script><\/p><div class=\"wpcf7-response-output\" aria-hidden=\"true\"><\/div>\n<input type=\"hidden\" name=\"trp-form-language\" value=\"es\"\/><\/form>\n<\/div>\n\n<div style='text-align:left' class='yasr-auto-insert-visitor'><\/div>","protected":false},"excerpt":{"rendered":"<p>Capacidad de producci\u00f3n: 200-500 kg\/hora<br \/>\nNivel de automatizaci\u00f3n: Control totalmente autom\u00e1tico<br \/>\nProcesos incluidos: Mezclar, formar, hornear, enfriar, envasar<br \/>\nDimensiones del equipo: Dise\u00f1o personalizado<br \/>\nProductos aplicables: Galletas integrales, galletas graham, galletas saludables<\/p>","protected":false},"featured_media":4849,"comment_status":"open","ping_status":"closed","template":"","meta":{"site-sidebar-layout":"default","site-content-layout":"","ast-site-content-layout":"default","site-content-style":"default","site-sidebar-style":"default","ast-global-header-display":"","ast-banner-title-visibility":"","ast-main-header-display":"","ast-hfb-above-header-display":"","ast-hfb-below-header-display":"","ast-hfb-mobile-header-display":"","site-post-title":"","ast-breadcrumbs-content":"","ast-featured-img":"","footer-sml-layout":"","theme-transparent-header-meta":"default","adv-header-id-meta":"","stick-header-meta":"","header-above-stick-meta":"","header-main-stick-meta":"","header-below-stick-meta":"","astra-migrate-meta-layouts":"set","ast-page-background-enabled":"default","ast-page-background-meta":{"desktop":{"background-color":"","background-image":"","background-repeat":"repeat","background-position":"center center","background-size":"auto","background-attachment":"scroll","background-type":"","background-media":"","overlay-type":"","overlay-color":"","overlay-opacity":"","overlay-gradient":""},"tablet":{"background-color":"","background-image":"","background-repeat":"repeat","background-position":"center center","background-size":"auto","background-attachment":"scroll","background-type":"","background-media":"","overlay-type":"","overlay-color":"","overlay-opacity":"","overlay-gradient":""},"mobile":{"background-color":"","background-image":"","background-repeat":"repeat","background-position":"center center","background-size":"auto","background-attachment":"scroll","background-type":"","background-media":"","overlay-type":"","overlay-color":"","overlay-opacity":"","overlay-gradient":""}},"ast-content-background-meta":{"desktop":{"background-color":"var(--ast-global-color-5)","background-image":"","background-repeat":"repeat","background-position":"center center","background-size":"auto","background-attachment":"scroll","background-type":"","background-media":"","overlay-type":"","overlay-color":"","overlay-opacity":"","overlay-gradient":""},"tablet":{"background-color":"var(--ast-global-color-5)","background-image":"","background-repeat":"repeat","background-position":"center center","background-size":"auto","background-attachment":"scroll","background-type":"","background-media":"","overlay-type":"","overlay-color":"","overlay-opacity":"","overlay-gradient":""},"mobile":{"background-color":"var(--ast-global-color-5)","background-image":"","background-repeat":"repeat","background-position":"center center","background-size":"auto","background-attachment":"scroll","background-type":"","background-media":"","overlay-type":"","overlay-color":"","overlay-opacity":"","overlay-gradient":""}},"yasr_overall_rating":0,"yasr_post_is_review":"","yasr_auto_insert_disabled":"","yasr_review_type":""},"product_brand":[],"product_cat":[22],"product_tag":[],"class_list":{"0":"post-4844","1":"product","2":"type-product","3":"status-publish","4":"has-post-thumbnail","6":"product_cat-hard-biscuit-production-line","7":"desktop-align-left","8":"tablet-align-left","9":"mobile-align-left","11":"first","12":"instock","13":"shipping-taxable","14":"product-type-simple"},"yoast_head":"<!-- This site is optimized with the Yoast SEO plugin v24.4 - https:\/\/yoast.com\/wordpress\/plugins\/seo\/ -->\n<title>High Capacity Graham Cracker Making Machine for Sale - Biscuit Production Solution Manufacturer<\/title>\n<meta name=\"description\" content=\"The graham cracker making machine adopts an automated production line design, which can continuously and stably produce a large number of crackers.\" \/>\n<meta name=\"robots\" content=\"index, follow, max-snippet:-1, max-image-preview:large, max-video-preview:-1\" \/>\n<link rel=\"canonical\" href=\"https:\/\/www.biscuitsolution.com\/es\/producto\/high-capacity-graham-cracker-making-machine-for-sale\/\" \/>\n<meta property=\"og:locale\" content=\"es_ES\" \/>\n<meta property=\"og:type\" content=\"article\" \/>\n<meta property=\"og:title\" content=\"High Capacity Graham Cracker Making Machine for Sale - Biscuit Production Solution Manufacturer\" \/>\n<meta property=\"og:description\" content=\"The graham cracker making machine adopts an automated production line design, which can continuously and stably produce a large number of crackers.\" \/>\n<meta property=\"og:url\" content=\"https:\/\/www.biscuitsolution.com\/es\/producto\/high-capacity-graham-cracker-making-machine-for-sale\/\" \/>\n<meta property=\"og:site_name\" content=\"Biscuit Production Solution Manufacturer\" \/>\n<meta property=\"article:publisher\" content=\"https:\/\/www.facebook.com\/profile.php?id=100095205040823\" \/>\n<meta property=\"article:modified_time\" content=\"2025-12-16T09:34:37+00:00\" \/>\n<meta property=\"og:image\" content=\"https:\/\/www.biscuitsolution.com\/wp-content\/uploads\/2025\/02\/\u4e3b\u56fe-18.jpg\" \/>\n\t<meta property=\"og:image:width\" content=\"600\" \/>\n\t<meta property=\"og:image:height\" content=\"600\" \/>\n\t<meta property=\"og:image:type\" content=\"image\/jpeg\" \/>\n<meta name=\"twitter:card\" content=\"summary_large_image\" \/>\n<meta name=\"twitter:site\" content=\"@shanna_zha26342\" \/>\n<meta name=\"twitter:label1\" content=\"Tiempo de lectura\" \/>\n\t<meta name=\"twitter:data1\" content=\"3 minutos\" \/>\n<script type=\"application\/ld+json\" class=\"yoast-schema-graph\">{\"@context\":\"https:\/\/schema.org\",\"@graph\":[{\"@type\":\"WebPage\",\"@id\":\"https:\/\/www.biscuitsolution.com\/product\/high-capacity-graham-cracker-making-machine-for-sale\/\",\"url\":\"https:\/\/www.biscuitsolution.com\/product\/high-capacity-graham-cracker-making-machine-for-sale\/\",\"name\":\"High Capacity Graham Cracker Making Machine for Sale - Biscuit Production Solution Manufacturer\",\"isPartOf\":{\"@id\":\"https:\/\/www.biscuitsolution.com\/#website\"},\"primaryImageOfPage\":{\"@id\":\"https:\/\/www.biscuitsolution.com\/product\/high-capacity-graham-cracker-making-machine-for-sale\/#primaryimage\"},\"image\":{\"@id\":\"https:\/\/www.biscuitsolution.com\/product\/high-capacity-graham-cracker-making-machine-for-sale\/#primaryimage\"},\"thumbnailUrl\":\"https:\/\/www.biscuitsolution.com\/wp-content\/uploads\/2025\/02\/\u4e3b\u56fe-18.jpg\",\"datePublished\":\"2025-02-21T10:45:05+00:00\",\"dateModified\":\"2025-12-16T09:34:37+00:00\",\"description\":\"The graham cracker making machine adopts an automated production line design, which can continuously and stably produce a large number of crackers.\",\"breadcrumb\":{\"@id\":\"https:\/\/www.biscuitsolution.com\/product\/high-capacity-graham-cracker-making-machine-for-sale\/#breadcrumb\"},\"inLanguage\":\"es\",\"potentialAction\":[{\"@type\":\"ReadAction\",\"target\":[\"https:\/\/www.biscuitsolution.com\/product\/high-capacity-graham-cracker-making-machine-for-sale\/\"]}]},{\"@type\":\"ImageObject\",\"inLanguage\":\"es\",\"@id\":\"https:\/\/www.biscuitsolution.com\/product\/high-capacity-graham-cracker-making-machine-for-sale\/#primaryimage\",\"url\":\"https:\/\/www.biscuitsolution.com\/wp-content\/uploads\/2025\/02\/\u4e3b\u56fe-18.jpg\",\"contentUrl\":\"https:\/\/www.biscuitsolution.com\/wp-content\/uploads\/2025\/02\/\u4e3b\u56fe-18.jpg\",\"width\":600,\"height\":600,\"caption\":\"graham cracker making machine\"},{\"@type\":\"BreadcrumbList\",\"@id\":\"https:\/\/www.biscuitsolution.com\/product\/high-capacity-graham-cracker-making-machine-for-sale\/#breadcrumb\",\"itemListElement\":[{\"@type\":\"ListItem\",\"position\":1,\"name\":\"Home\",\"item\":\"https:\/\/www.biscuitsolution.com\/\"},{\"@type\":\"ListItem\",\"position\":2,\"name\":\"Product\",\"item\":\"https:\/\/www.biscuitsolution.com\/product\/\"},{\"@type\":\"ListItem\",\"position\":3,\"name\":\"High Capacity Graham Cracker Making Machine for Sale\"}]},{\"@type\":\"WebSite\",\"@id\":\"https:\/\/www.biscuitsolution.com\/#website\",\"url\":\"https:\/\/www.biscuitsolution.com\/\",\"name\":\"Biscuit Production Solution Manufacturer\",\"description\":\"\",\"potentialAction\":[{\"@type\":\"SearchAction\",\"target\":{\"@type\":\"EntryPoint\",\"urlTemplate\":\"https:\/\/www.biscuitsolution.com\/?s={search_term_string}\"},\"query-input\":{\"@type\":\"PropertyValueSpecification\",\"valueRequired\":true,\"valueName\":\"search_term_string\"}}],\"inLanguage\":\"es\"},false]}<\/script>\n<!-- \/ Yoast SEO plugin. -->","yoast_head_json":{"title":"M\u00e1quina de fabricaci\u00f3n de galletas Graham de alta capacidad para la venta - Fabricante de soluciones de producci\u00f3n de galletas","description":"La m\u00e1quina para hacer galletas graham adopta un dise\u00f1o de l\u00ednea de producci\u00f3n automatizada, que puede producir de forma continua y estable un gran n\u00famero de galletas.","robots":{"index":"index","follow":"follow","max-snippet":"max-snippet:-1","max-image-preview":"max-image-preview:large","max-video-preview":"max-video-preview:-1"},"canonical":"https:\/\/www.biscuitsolution.com\/es\/producto\/high-capacity-graham-cracker-making-machine-for-sale\/","og_locale":"es_ES","og_type":"article","og_title":"High Capacity Graham Cracker Making Machine for Sale - Biscuit Production Solution Manufacturer","og_description":"The graham cracker making machine adopts an automated production line design, which can continuously and stably produce a large number of crackers.","og_url":"https:\/\/www.biscuitsolution.com\/es\/producto\/high-capacity-graham-cracker-making-machine-for-sale\/","og_site_name":"Biscuit Production Solution Manufacturer","article_publisher":"https:\/\/www.facebook.com\/profile.php?id=100095205040823","article_modified_time":"2025-12-16T09:34:37+00:00","og_image":[{"width":600,"height":600,"url":"https:\/\/www.biscuitsolution.com\/wp-content\/uploads\/2025\/02\/\u4e3b\u56fe-18.jpg","type":"image\/jpeg"}],"twitter_card":"summary_large_image","twitter_site":"@shanna_zha26342","twitter_misc":{"Tiempo de lectura":"3 minutos"},"schema":{"@context":"https:\/\/schema.org","@graph":[{"@type":"WebPage","@id":"https:\/\/www.biscuitsolution.com\/product\/high-capacity-graham-cracker-making-machine-for-sale\/","url":"https:\/\/www.biscuitsolution.com\/product\/high-capacity-graham-cracker-making-machine-for-sale\/","name":"M\u00e1quina de fabricaci\u00f3n de galletas Graham de alta capacidad para la venta - Fabricante de soluciones de producci\u00f3n de galletas","isPartOf":{"@id":"https:\/\/www.biscuitsolution.com\/#website"},"primaryImageOfPage":{"@id":"https:\/\/www.biscuitsolution.com\/product\/high-capacity-graham-cracker-making-machine-for-sale\/#primaryimage"},"image":{"@id":"https:\/\/www.biscuitsolution.com\/product\/high-capacity-graham-cracker-making-machine-for-sale\/#primaryimage"},"thumbnailUrl":"https:\/\/www.biscuitsolution.com\/wp-content\/uploads\/2025\/02\/\u4e3b\u56fe-18.jpg","datePublished":"2025-02-21T10:45:05+00:00","dateModified":"2025-12-16T09:34:37+00:00","description":"La m\u00e1quina para hacer galletas graham adopta un dise\u00f1o de l\u00ednea de producci\u00f3n automatizada, que puede producir de forma continua y estable un gran n\u00famero de galletas.","breadcrumb":{"@id":"https:\/\/www.biscuitsolution.com\/product\/high-capacity-graham-cracker-making-machine-for-sale\/#breadcrumb"},"inLanguage":"es","potentialAction":[{"@type":"ReadAction","target":["https:\/\/www.biscuitsolution.com\/product\/high-capacity-graham-cracker-making-machine-for-sale\/"]}]},{"@type":"ImageObject","inLanguage":"es","@id":"https:\/\/www.biscuitsolution.com\/product\/high-capacity-graham-cracker-making-machine-for-sale\/#primaryimage","url":"https:\/\/www.biscuitsolution.com\/wp-content\/uploads\/2025\/02\/\u4e3b\u56fe-18.jpg","contentUrl":"https:\/\/www.biscuitsolution.com\/wp-content\/uploads\/2025\/02\/\u4e3b\u56fe-18.jpg","width":600,"height":600,"caption":"graham cracker making machine"},{"@type":"BreadcrumbList","@id":"https:\/\/www.biscuitsolution.com\/product\/high-capacity-graham-cracker-making-machine-for-sale\/#breadcrumb","itemListElement":[{"@type":"ListItem","position":1,"name":"Home","item":"https:\/\/www.biscuitsolution.com\/"},{"@type":"ListItem","position":2,"name":"Product","item":"https:\/\/www.biscuitsolution.com\/product\/"},{"@type":"ListItem","position":3,"name":"High Capacity Graham Cracker Making Machine for Sale"}]},{"@type":"WebSite","@id":"https:\/\/www.biscuitsolution.com\/#website","url":"https:\/\/www.biscuitsolution.com\/","name":"Fabricante de soluciones para la producci\u00f3n de galletas","description":"","potentialAction":[{"@type":"SearchAction","target":{"@type":"EntryPoint","urlTemplate":"https:\/\/www.biscuitsolution.com\/?s={search_term_string}"},"query-input":{"@type":"PropertyValueSpecification","valueRequired":true,"valueName":"search_term_string"}}],"inLanguage":"es"},false]}},"yasr_visitor_votes":{"stars_attributes":{"read_only":false,"span_bottom":false},"number_of_votes":2,"sum_votes":10},"_links":{"self":[{"href":"https:\/\/www.biscuitsolution.com\/es\/wp-json\/wp\/v2\/product\/4844","targetHints":{"allow":["GET"]}}],"collection":[{"href":"https:\/\/www.biscuitsolution.com\/es\/wp-json\/wp\/v2\/product"}],"about":[{"href":"https:\/\/www.biscuitsolution.com\/es\/wp-json\/wp\/v2\/types\/product"}],"replies":[{"embeddable":true,"href":"https:\/\/www.biscuitsolution.com\/es\/wp-json\/wp\/v2\/comments?post=4844"}],"version-history":[{"count":4,"href":"https:\/\/www.biscuitsolution.com\/es\/wp-json\/wp\/v2\/product\/4844\/revisions"}],"predecessor-version":[{"id":5853,"href":"https:\/\/www.biscuitsolution.com\/es\/wp-json\/wp\/v2\/product\/4844\/revisions\/5853"}],"wp:featuredmedia":[{"embeddable":true,"href":"https:\/\/www.biscuitsolution.com\/es\/wp-json\/wp\/v2\/media\/4849"}],"wp:attachment":[{"href":"https:\/\/www.biscuitsolution.com\/es\/wp-json\/wp\/v2\/media?parent=4844"}],"wp:term":[{"taxonomy":"product_brand","embeddable":true,"href":"https:\/\/www.biscuitsolution.com\/es\/wp-json\/wp\/v2\/product_brand?post=4844"},{"taxonomy":"product_cat","embeddable":true,"href":"https:\/\/www.biscuitsolution.com\/es\/wp-json\/wp\/v2\/product_cat?post=4844"},{"taxonomy":"product_tag","embeddable":true,"href":"https:\/\/www.biscuitsolution.com\/es\/wp-json\/wp\/v2\/product_tag?post=4844"}],"curies":[{"name":"wp","href":"https:\/\/api.w.org\/{rel}","templated":true}]}}