{"id":4815,"date":"2025-02-21T10:00:10","date_gmt":"2025-02-21T10:00:10","guid":{"rendered":"https:\/\/www.biscuitsolution.com\/?post_type=product&#038;p=4815"},"modified":"2025-02-25T01:39:46","modified_gmt":"2025-02-25T01:39:46","slug":"industrial-saltine-cracker-making-machine","status":"publish","type":"product","link":"https:\/\/www.biscuitsolution.com\/es\/producto\/industrial-saltine-cracker-making-machine\/","title":{"rendered":"M\u00e1quina industrial de fabricaci\u00f3n de galletas saladas: Eficiente e inteligente"},"content":{"rendered":"<p>En<strong> l\u00ednea de producci\u00f3n industrial de galletas saladas<\/strong> se ha convertido en el arma principal de las empresas para reducir costes y aumentar la eficacia gracias a su automatizaci\u00f3n total de procesos, su dise\u00f1o de gran capacidad y su soporte de f\u00f3rmulas flexibles.<\/p>\n<p><img fetchpriority=\"high\" decoding=\"async\" class=\"alignnone size-full wp-image-4816\" src=\"https:\/\/www.biscuitsolution.com\/wp-content\/uploads\/2025\/02\/saltine-cracker-making-machine.jpg\" alt=\"m\u00e1quina industrial de galletas saladas\" width=\"800\" height=\"450\" srcset=\"https:\/\/www.biscuitsolution.com\/wp-content\/uploads\/2025\/02\/saltine-cracker-making-machine.jpg 800w, https:\/\/www.biscuitsolution.com\/wp-content\/uploads\/2025\/02\/saltine-cracker-making-machine-600x338.jpg 600w, https:\/\/www.biscuitsolution.com\/wp-content\/uploads\/2025\/02\/saltine-cracker-making-machine-300x169.jpg 300w, https:\/\/www.biscuitsolution.com\/wp-content\/uploads\/2025\/02\/saltine-cracker-making-machine-768x432.jpg 768w\" sizes=\"(max-width: 800px) 100vw, 800px\" \/><\/p>\n<p>Como fabricante l\u00edder del sector, le ofrecemos una soluci\u00f3n integral, desde la mezcla de materias primas hasta el envasado, para satisfacer las diversas necesidades de empresas de distintos tama\u00f1os.<\/p>\n<h2>Ventajas de la m\u00e1quina industrial de fabricaci\u00f3n de galletas saladas<\/h2>\n<ol>\n<li>Automatizaci\u00f3n total del proceso: se utilizan componentes el\u00e9ctricos de alta calidad para lograr un control preciso de la temperatura, la velocidad y el volumen de llenado, a fin de garantizar la consistencia del espesor y el sabor del producto.<\/li>\n<li>Dise\u00f1o integrado: mezcla, moldeado, horneado, refrigeraci\u00f3n, envasado y otros m\u00f3dulos integrados para reducir la intervenci\u00f3n manual, con una capacidad de producci\u00f3n de 150-5500 kg\/hora, adecuada para peque\u00f1as f\u00e1bricas hasta grandes producciones industriales.<\/li>\n<li>Sistema de horneado de precisi\u00f3n: El horno t\u00fanel es accionado por calefacci\u00f3n el\u00e9ctrica o gas, y la temperatura es controlada en diferentes zonas (\u00e1rea de formaci\u00f3n, \u00e1rea de cocci\u00f3n, \u00e1rea de coloraci\u00f3n) para asegurar que las galletas sean crujientes y uniformes, y el color dorado.<\/li>\n<li>Garant\u00eda de material de grado alimentario: La superficie de contacto del equipo es de acero inoxidable 304, y las piezas de transmisi\u00f3n est\u00e1n equipadas con rodamientos NSK y cintas transportadoras de PU de calidad alimentaria, que cumplen con la certificaci\u00f3n HACCP e ISO 9001 para eliminar los riesgos de contaminaci\u00f3n.<\/li>\n<\/ol>\n<p><img decoding=\"async\" class=\"alignnone size-full wp-image-4817\" src=\"https:\/\/www.biscuitsolution.com\/wp-content\/uploads\/2025\/02\/industrial-saltine-cracker-machine.jpg\" alt=\"m\u00e1quina industrial de galletas saladas\" width=\"800\" height=\"450\" srcset=\"https:\/\/www.biscuitsolution.com\/wp-content\/uploads\/2025\/02\/industrial-saltine-cracker-machine.jpg 800w, https:\/\/www.biscuitsolution.com\/wp-content\/uploads\/2025\/02\/industrial-saltine-cracker-machine-600x338.jpg 600w, https:\/\/www.biscuitsolution.com\/wp-content\/uploads\/2025\/02\/industrial-saltine-cracker-machine-300x169.jpg 300w, https:\/\/www.biscuitsolution.com\/wp-content\/uploads\/2025\/02\/industrial-saltine-cracker-machine-768x432.jpg 768w\" sizes=\"(max-width: 800px) 100vw, 800px\" \/><\/p>\n<h2>M\u00e1quina de fabricaci\u00f3n de galletas saladas Alta flexibilidad<\/h2>\n<ul>\n<li>Soporte de f\u00f3rmulas y procesos: Proporcionar servicios personalizados de depuraci\u00f3n de f\u00f3rmulas, apoyar las galletas de soda, galletas de s\u00e1ndwich, galletas ultrafinas y otras categor\u00edas de expansi\u00f3n.<\/li>\n<li>Ampliaci\u00f3n modular: La disposici\u00f3n de la l\u00ednea de producci\u00f3n puede personalizarse seg\u00fan el espacio de la planta, y las funciones adicionales (como pulverizaci\u00f3n autom\u00e1tica de aceite, pulverizaci\u00f3n, envasado y clasificaci\u00f3n) pueden actualizarse para aumentar el valor a\u00f1adido.<\/li>\n<li>Tecnolog\u00eda de cambio r\u00e1pido de molde: Soporta el cambio flexible de moldes, puede producir formas cuadradas, redondas, onduladas y otras formas de galletas saladas, cambiar sin problemas diferentes sabores (como original, queso, picante, etc.).<\/li>\n<\/ul>\n<p><img decoding=\"async\" class=\"alignnone size-full wp-image-4818\" src=\"https:\/\/www.biscuitsolution.com\/wp-content\/uploads\/2025\/02\/saltine-cracker-machine.jpg\" alt=\"m\u00e1quina para hacer galletas saladas\" width=\"800\" height=\"450\" srcset=\"https:\/\/www.biscuitsolution.com\/wp-content\/uploads\/2025\/02\/saltine-cracker-machine.jpg 800w, https:\/\/www.biscuitsolution.com\/wp-content\/uploads\/2025\/02\/saltine-cracker-machine-600x338.jpg 600w, https:\/\/www.biscuitsolution.com\/wp-content\/uploads\/2025\/02\/saltine-cracker-machine-300x169.jpg 300w, https:\/\/www.biscuitsolution.com\/wp-content\/uploads\/2025\/02\/saltine-cracker-machine-768x432.jpg 768w\" sizes=\"(max-width: 800px) 100vw, 800px\" \/><\/p>\n<h2>Par\u00e1metros t\u00e9cnicos y prestaciones<\/h2>\n<table style=\"height: 446px;\" width=\"791\">\n<tbody>\n<tr>\n<td width=\"102\">M\u00f3dulos clave<\/td>\n<td width=\"451\">Especificaciones t\u00e9cnicas y ventajas<\/td>\n<\/tr>\n<tr>\n<td width=\"102\">Mezclador de materias primas<\/td>\n<td width=\"451\">Potencia 5.5kW, tiempo de mezcla 10-15 minutos, tolva de acero inoxidable 304, soporta la mezcla uniforme de materias primas secas y h\u00famedas.<\/td>\n<\/tr>\n<tr>\n<td width=\"102\">Formadora<\/td>\n<td width=\"451\">Corte servoaccionado, precisi\u00f3n de conformado \u00b10,2 mm, admite el cambio r\u00e1pido de moldes, capacidad de producci\u00f3n de 150-200 kg\/hora.<\/td>\n<\/tr>\n<tr>\n<td width=\"102\">Horno t\u00fanel<\/td>\n<td width=\"451\">Longitud 20 metros, control de temperatura de 5 zonas, potencia de calefacci\u00f3n el\u00e9ctrica 100-120kW, eficiencia t\u00e9rmica de tipo gas hasta 85%.<\/td>\n<\/tr>\n<tr>\n<td width=\"102\">Sistema de envasado<\/td>\n<td width=\"451\">Clasificaci\u00f3n y envasado totalmente autom\u00e1ticos, velocidad de 40-230 bolsas\/minuto, admite vac\u00edo, llenado con nitr\u00f3geno y otras formas de envasado.<\/td>\n<\/tr>\n<\/tbody>\n<\/table>\n<h2><img loading=\"lazy\" decoding=\"async\" class=\"alignnone size-full wp-image-4819\" src=\"https:\/\/www.biscuitsolution.com\/wp-content\/uploads\/2025\/02\/industrial-saltine-cracker-making-machine.jpg\" alt=\"m\u00e1quina industrial de galletas saladas\" width=\"800\" height=\"450\" srcset=\"https:\/\/www.biscuitsolution.com\/wp-content\/uploads\/2025\/02\/industrial-saltine-cracker-making-machine.jpg 800w, https:\/\/www.biscuitsolution.com\/wp-content\/uploads\/2025\/02\/industrial-saltine-cracker-making-machine-600x338.jpg 600w, https:\/\/www.biscuitsolution.com\/wp-content\/uploads\/2025\/02\/industrial-saltine-cracker-making-machine-300x169.jpg 300w, https:\/\/www.biscuitsolution.com\/wp-content\/uploads\/2025\/02\/industrial-saltine-cracker-making-machine-768x432.jpg 768w\" sizes=\"(max-width: 800px) 100vw, 800px\" \/><\/h2>\n<h2>\u00bfPor qu\u00e9 nos eligen clientes de todo el mundo?<\/h2>\n<p>\u2705 D\u00e9cadas de acumulaci\u00f3n de tecnolog\u00eda, estabilidad de equipos l\u00edder en la industria;<br \/>\n\u2705 Experiencia de servicio en m\u00e1s de 100 pa\u00edses, profundo conocimiento de las necesidades locales;<br \/>\n\u2705 Acompa\u00f1amiento completo desde I+D hasta posventa, para que la inversi\u00f3n no tenga preocupaciones.<br \/>\nAct\u00fae ahora e inicie una nueva era de producci\u00f3n eficiente.<br \/>\nDeje un mensaje para consultar y obtener:<br \/>\nPlan de planificaci\u00f3n de la l\u00ednea de producci\u00f3n personalizado (incluido diagrama de disposici\u00f3n en 3D);<br \/>\nV\u00eddeo de casos de \u00e9xito de clientes similares;<\/p>\n<h2>Deje un mensaje para obtener un presupuesto<\/h2>\n\n<div class=\"wpcf7 no-js\" id=\"wpcf7-f4619-o1\" lang=\"en-US\" dir=\"ltr\" data-wpcf7-id=\"4619\">\n<div class=\"screen-reader-response\"><p role=\"status\" aria-live=\"polite\" aria-atomic=\"true\"><\/p> <ul><\/ul><\/div>\n<form action=\"\/es\/wp-json\/wp\/v2\/product\/4815#wpcf7-f4619-o1\" method=\"post\" class=\"wpcf7-form init\" aria-label=\"Formulario de contacto\" novalidate=\"novalidate\" data-status=\"init\" data-trp-original-action=\"\/es\/wp-json\/wp\/v2\/product\/4815#wpcf7-f4619-o1\">\n<div style=\"display: none;\">\n<input type=\"hidden\" name=\"_wpcf7\" value=\"4619\" \/>\n<input type=\"hidden\" name=\"_wpcf7_version\" value=\"6.0.4\" \/>\n<input type=\"hidden\" name=\"_wpcf7_locale\" value=\"en_US\" \/>\n<input type=\"hidden\" name=\"_wpcf7_unit_tag\" value=\"wpcf7-f4619-o1\" \/>\n<input type=\"hidden\" name=\"_wpcf7_container_post\" value=\"0\" \/>\n<input type=\"hidden\" name=\"_wpcf7_posted_data_hash\" value=\"\" \/>\n<\/div>\n<p><label> Su nombre<br \/>\n<span class=\"wpcf7-form-control-wrap\" data-name=\"your-name\"><input size=\"40\" maxlength=\"400\" class=\"wpcf7-form-control wpcf7-text wpcf7-validates-as-required\" aria-required=\"true\" aria-invalid=\"false\" value=\"\" type=\"text\" name=\"your-name\" \/><\/span> <\/label>\n<\/p>\n<p><label> Su pa\u00eds<br \/>\n<span class=\"wpcf7-form-control-wrap\" data-name=\"your-country\"><input size=\"40\" maxlength=\"400\" class=\"wpcf7-form-control wpcf7-text\" aria-invalid=\"false\" value=\"\" type=\"text\" name=\"your-country\" \/><\/span><\/label>\n<\/p>\n<p><label> Su correo electr\u00f3nico<br \/>\n<span class=\"wpcf7-form-control-wrap\" data-name=\"your-email\"><input size=\"40\" maxlength=\"400\" class=\"wpcf7-form-control wpcf7-email wpcf7-validates-as-required wpcf7-text wpcf7-validates-as-email\" aria-required=\"true\" aria-invalid=\"false\" value=\"\" type=\"email\" name=\"your-email\" \/><\/span> <\/label>\n<\/p>\n<p><label> Tu tel\u00e9fono<br \/>\n<span class=\"wpcf7-form-control-wrap\" data-name=\"your-phone\"><input size=\"40\" maxlength=\"400\" class=\"wpcf7-form-control wpcf7-tel wpcf7-text wpcf7-validates-as-tel\" aria-invalid=\"false\" value=\"\" type=\"tel\" name=\"your-phone\" \/><\/span> <\/label>\n<\/p>\n<p><label> Nombre de su empresa<br \/>\n<span class=\"wpcf7-form-control-wrap\" data-name=\"text-457\"><input size=\"40\" maxlength=\"400\" class=\"wpcf7-form-control wpcf7-text\" aria-invalid=\"false\" value=\"\" type=\"text\" name=\"text-457\" \/><\/span> <\/label>\n<\/p>\n<p><label> El sitio web de su empresa<br \/>\n<span class=\"wpcf7-form-control-wrap\" data-name=\"text-546\"><input size=\"40\" maxlength=\"400\" class=\"wpcf7-form-control wpcf7-text\" aria-invalid=\"false\" value=\"\" type=\"text\" name=\"text-546\" \/><\/span> <\/label>\n<\/p>\n<p><label> Sus requisitos*<br \/>\n<span class=\"wpcf7-form-control-wrap\" data-name=\"your-message\"><textarea cols=\"40\" rows=\"10\" maxlength=\"2000\" class=\"wpcf7-form-control wpcf7-textarea wpcf7-validates-as-required\" aria-required=\"true\" aria-invalid=\"false\" name=\"your-message\"><\/textarea><\/span> <\/label>\n<\/p>\n<p><input class=\"wpcf7-form-control wpcf7-submit has-spinner\" type=\"submit\" value=\"Enviar\" \/>\n<\/p><p style=\"display: none !important;\" class=\"akismet-fields-container\" data-prefix=\"_wpcf7_ak_\"><label>&#916;<textarea name=\"_wpcf7_ak_hp_textarea\" cols=\"45\" rows=\"8\" maxlength=\"100\"><\/textarea><\/label><input type=\"hidden\" id=\"ak_js_1\" name=\"_wpcf7_ak_js\" value=\"69\"\/><script>document.getElementById( \"ak_js_1\" ).setAttribute( \"value\", ( new Date() ).getTime() );<\/script><\/p><div class=\"wpcf7-response-output\" aria-hidden=\"true\"><\/div>\n<input type=\"hidden\" name=\"trp-form-language\" value=\"es\"\/><\/form>\n<\/div>\n\n<p>&nbsp;<\/p>\n<div style='text-align:left' class='yasr-auto-insert-visitor'><\/div>","protected":false},"excerpt":{"rendered":"<p>Marca: GELGOOG<\/p>\n<p>Tensi\u00f3n: 380 V<\/p>\n<p>Capacity\uff1a100kg\/h-1000kg\/h<\/p>\n<p>Correo electr\u00f3nico: shanna@machinehall.com<\/p>\n<p>Tel\u00e9fono: +8618638676709<\/p>","protected":false},"featured_media":4820,"comment_status":"open","ping_status":"closed","template":"","meta":{"site-sidebar-layout":"default","site-content-layout":"","ast-site-content-layout":"default","site-content-style":"default","site-sidebar-style":"default","ast-global-header-display":"","ast-banner-title-visibility":"","ast-main-header-display":"","ast-hfb-above-header-display":"","ast-hfb-below-header-display":"","ast-hfb-mobile-header-display":"","site-post-title":"","ast-breadcrumbs-content":"","ast-featured-img":"","footer-sml-layout":"","theme-transparent-header-meta":"default","adv-header-id-meta":"","stick-header-meta":"","header-above-stick-meta":"","header-main-stick-meta":"","header-below-stick-meta":"","astra-migrate-meta-layouts":"set","ast-page-background-enabled":"default","ast-page-background-meta":{"desktop":{"background-color":"","background-image":"","background-repeat":"repeat","background-position":"center center","background-size":"auto","background-attachment":"scroll","background-type":"","background-media":"","overlay-type":"","overlay-color":"","overlay-opacity":"","overlay-gradient":""},"tablet":{"background-color":"","background-image":"","background-repeat":"repeat","background-position":"center center","background-size":"auto","background-attachment":"scroll","background-type":"","background-media":"","overlay-type":"","overlay-color":"","overlay-opacity":"","overlay-gradient":""},"mobile":{"background-color":"","background-image":"","background-repeat":"repeat","background-position":"center center","background-size":"auto","background-attachment":"scroll","background-type":"","background-media":"","overlay-type":"","overlay-color":"","overlay-opacity":"","overlay-gradient":""}},"ast-content-background-meta":{"desktop":{"background-color":"var(--ast-global-color-5)","background-image":"","background-repeat":"repeat","background-position":"center center","background-size":"auto","background-attachment":"scroll","background-type":"","background-media":"","overlay-type":"","overlay-color":"","overlay-opacity":"","overlay-gradient":""},"tablet":{"background-color":"var(--ast-global-color-5)","background-image":"","background-repeat":"repeat","background-position":"center center","background-size":"auto","background-attachment":"scroll","background-type":"","background-media":"","overlay-type":"","overlay-color":"","overlay-opacity":"","overlay-gradient":""},"mobile":{"background-color":"var(--ast-global-color-5)","background-image":"","background-repeat":"repeat","background-position":"center center","background-size":"auto","background-attachment":"scroll","background-type":"","background-media":"","overlay-type":"","overlay-color":"","overlay-opacity":"","overlay-gradient":""}},"yasr_overall_rating":0,"yasr_post_is_review":"","yasr_auto_insert_disabled":"","yasr_review_type":""},"product_brand":[],"product_cat":[22],"product_tag":[],"class_list":{"0":"post-4815","1":"product","2":"type-product","3":"status-publish","4":"has-post-thumbnail","6":"product_cat-hard-biscuit-production-line","7":"desktop-align-left","8":"tablet-align-left","9":"mobile-align-left","11":"first","12":"instock","13":"shipping-taxable","14":"product-type-simple"},"yoast_head":"<!-- This site is optimized with the Yoast SEO plugin v24.4 - https:\/\/yoast.com\/wordpress\/plugins\/seo\/ -->\n<title>Industrial Saltine Cracker Making Machine: Efficient and Intelligent - Biscuit Production Solution Manufacturer<\/title>\n<meta name=\"description\" content=\"Industrial saltine cracker making machine have become the core tools of enterprises with their automation, high capacity, and flexible recipe support.\" \/>\n<meta name=\"robots\" content=\"index, follow, max-snippet:-1, max-image-preview:large, max-video-preview:-1\" \/>\n<link rel=\"canonical\" href=\"https:\/\/www.biscuitsolution.com\/es\/producto\/industrial-saltine-cracker-making-machine\/\" \/>\n<meta property=\"og:locale\" content=\"es_ES\" \/>\n<meta property=\"og:type\" content=\"article\" \/>\n<meta property=\"og:title\" content=\"Industrial Saltine Cracker Making Machine: Efficient and Intelligent - Biscuit Production Solution Manufacturer\" \/>\n<meta property=\"og:description\" content=\"Industrial saltine cracker making machine have become the core tools of enterprises with their automation, high capacity, and flexible recipe support.\" \/>\n<meta property=\"og:url\" content=\"https:\/\/www.biscuitsolution.com\/es\/producto\/industrial-saltine-cracker-making-machine\/\" \/>\n<meta property=\"og:site_name\" content=\"Biscuit Production Solution Manufacturer\" \/>\n<meta property=\"article:publisher\" content=\"https:\/\/www.facebook.com\/profile.php?id=100095205040823\" \/>\n<meta property=\"article:modified_time\" content=\"2025-02-25T01:39:46+00:00\" \/>\n<meta property=\"og:image\" content=\"https:\/\/www.biscuitsolution.com\/wp-content\/uploads\/2025\/02\/industrial-saltine-cracker-making-machines.jpg\" \/>\n\t<meta property=\"og:image:width\" content=\"600\" \/>\n\t<meta property=\"og:image:height\" content=\"600\" \/>\n\t<meta property=\"og:image:type\" content=\"image\/jpeg\" \/>\n<meta name=\"twitter:card\" content=\"summary_large_image\" \/>\n<meta name=\"twitter:site\" content=\"@shanna_zha26342\" \/>\n<meta name=\"twitter:label1\" content=\"Tiempo de lectura\" \/>\n\t<meta name=\"twitter:data1\" content=\"4 minutos\" \/>\n<script type=\"application\/ld+json\" class=\"yoast-schema-graph\">{\"@context\":\"https:\/\/schema.org\",\"@graph\":[{\"@type\":\"WebPage\",\"@id\":\"https:\/\/www.biscuitsolution.com\/product\/industrial-saltine-cracker-making-machine\/\",\"url\":\"https:\/\/www.biscuitsolution.com\/product\/industrial-saltine-cracker-making-machine\/\",\"name\":\"Industrial Saltine Cracker Making Machine: Efficient and Intelligent - Biscuit Production Solution Manufacturer\",\"isPartOf\":{\"@id\":\"https:\/\/www.biscuitsolution.com\/#website\"},\"primaryImageOfPage\":{\"@id\":\"https:\/\/www.biscuitsolution.com\/product\/industrial-saltine-cracker-making-machine\/#primaryimage\"},\"image\":{\"@id\":\"https:\/\/www.biscuitsolution.com\/product\/industrial-saltine-cracker-making-machine\/#primaryimage\"},\"thumbnailUrl\":\"https:\/\/www.biscuitsolution.com\/wp-content\/uploads\/2025\/02\/industrial-saltine-cracker-making-machines.jpg\",\"datePublished\":\"2025-02-21T10:00:10+00:00\",\"dateModified\":\"2025-02-25T01:39:46+00:00\",\"description\":\"Industrial saltine cracker making machine have become the core tools of enterprises with their automation, high capacity, and flexible recipe support.\",\"breadcrumb\":{\"@id\":\"https:\/\/www.biscuitsolution.com\/product\/industrial-saltine-cracker-making-machine\/#breadcrumb\"},\"inLanguage\":\"es\",\"potentialAction\":[{\"@type\":\"ReadAction\",\"target\":[\"https:\/\/www.biscuitsolution.com\/product\/industrial-saltine-cracker-making-machine\/\"]}]},{\"@type\":\"ImageObject\",\"inLanguage\":\"es\",\"@id\":\"https:\/\/www.biscuitsolution.com\/product\/industrial-saltine-cracker-making-machine\/#primaryimage\",\"url\":\"https:\/\/www.biscuitsolution.com\/wp-content\/uploads\/2025\/02\/industrial-saltine-cracker-making-machines.jpg\",\"contentUrl\":\"https:\/\/www.biscuitsolution.com\/wp-content\/uploads\/2025\/02\/industrial-saltine-cracker-making-machines.jpg\",\"width\":600,\"height\":600,\"caption\":\"industrial saltine cracker making machine\"},{\"@type\":\"BreadcrumbList\",\"@id\":\"https:\/\/www.biscuitsolution.com\/product\/industrial-saltine-cracker-making-machine\/#breadcrumb\",\"itemListElement\":[{\"@type\":\"ListItem\",\"position\":1,\"name\":\"Home\",\"item\":\"https:\/\/www.biscuitsolution.com\/\"},{\"@type\":\"ListItem\",\"position\":2,\"name\":\"Product\",\"item\":\"https:\/\/www.biscuitsolution.com\/product\/\"},{\"@type\":\"ListItem\",\"position\":3,\"name\":\"Industrial Saltine Cracker Making Machine: Efficient and Intelligent\"}]},{\"@type\":\"WebSite\",\"@id\":\"https:\/\/www.biscuitsolution.com\/#website\",\"url\":\"https:\/\/www.biscuitsolution.com\/\",\"name\":\"Biscuit Production Solution Manufacturer\",\"description\":\"\",\"potentialAction\":[{\"@type\":\"SearchAction\",\"target\":{\"@type\":\"EntryPoint\",\"urlTemplate\":\"https:\/\/www.biscuitsolution.com\/?s={search_term_string}\"},\"query-input\":{\"@type\":\"PropertyValueSpecification\",\"valueRequired\":true,\"valueName\":\"search_term_string\"}}],\"inLanguage\":\"es\"},false]}<\/script>\n<!-- \/ Yoast SEO plugin. -->","yoast_head_json":{"title":"M\u00e1quina industrial para la fabricaci\u00f3n de galletas saladas: Eficiente e inteligente - Fabricante de soluciones para la producci\u00f3n de galletas","description":"Las m\u00e1quinas industriales de fabricaci\u00f3n de galletas saladas se han convertido en las herramientas fundamentales de las empresas gracias a su automatizaci\u00f3n, alta capacidad y soporte flexible de recetas.","robots":{"index":"index","follow":"follow","max-snippet":"max-snippet:-1","max-image-preview":"max-image-preview:large","max-video-preview":"max-video-preview:-1"},"canonical":"https:\/\/www.biscuitsolution.com\/es\/producto\/industrial-saltine-cracker-making-machine\/","og_locale":"es_ES","og_type":"article","og_title":"Industrial Saltine Cracker Making Machine: Efficient and Intelligent - Biscuit Production Solution Manufacturer","og_description":"Industrial saltine cracker making machine have become the core tools of enterprises with their automation, high capacity, and flexible recipe support.","og_url":"https:\/\/www.biscuitsolution.com\/es\/producto\/industrial-saltine-cracker-making-machine\/","og_site_name":"Biscuit Production Solution Manufacturer","article_publisher":"https:\/\/www.facebook.com\/profile.php?id=100095205040823","article_modified_time":"2025-02-25T01:39:46+00:00","og_image":[{"width":600,"height":600,"url":"https:\/\/www.biscuitsolution.com\/wp-content\/uploads\/2025\/02\/industrial-saltine-cracker-making-machines.jpg","type":"image\/jpeg"}],"twitter_card":"summary_large_image","twitter_site":"@shanna_zha26342","twitter_misc":{"Tiempo de lectura":"4 minutos"},"schema":{"@context":"https:\/\/schema.org","@graph":[{"@type":"WebPage","@id":"https:\/\/www.biscuitsolution.com\/product\/industrial-saltine-cracker-making-machine\/","url":"https:\/\/www.biscuitsolution.com\/product\/industrial-saltine-cracker-making-machine\/","name":"M\u00e1quina industrial para la fabricaci\u00f3n de galletas saladas: Eficiente e inteligente - Fabricante de soluciones para la producci\u00f3n de galletas","isPartOf":{"@id":"https:\/\/www.biscuitsolution.com\/#website"},"primaryImageOfPage":{"@id":"https:\/\/www.biscuitsolution.com\/product\/industrial-saltine-cracker-making-machine\/#primaryimage"},"image":{"@id":"https:\/\/www.biscuitsolution.com\/product\/industrial-saltine-cracker-making-machine\/#primaryimage"},"thumbnailUrl":"https:\/\/www.biscuitsolution.com\/wp-content\/uploads\/2025\/02\/industrial-saltine-cracker-making-machines.jpg","datePublished":"2025-02-21T10:00:10+00:00","dateModified":"2025-02-25T01:39:46+00:00","description":"Las m\u00e1quinas industriales de fabricaci\u00f3n de galletas saladas se han convertido en las herramientas fundamentales de las empresas gracias a su automatizaci\u00f3n, alta capacidad y soporte flexible de recetas.","breadcrumb":{"@id":"https:\/\/www.biscuitsolution.com\/product\/industrial-saltine-cracker-making-machine\/#breadcrumb"},"inLanguage":"es","potentialAction":[{"@type":"ReadAction","target":["https:\/\/www.biscuitsolution.com\/product\/industrial-saltine-cracker-making-machine\/"]}]},{"@type":"ImageObject","inLanguage":"es","@id":"https:\/\/www.biscuitsolution.com\/product\/industrial-saltine-cracker-making-machine\/#primaryimage","url":"https:\/\/www.biscuitsolution.com\/wp-content\/uploads\/2025\/02\/industrial-saltine-cracker-making-machines.jpg","contentUrl":"https:\/\/www.biscuitsolution.com\/wp-content\/uploads\/2025\/02\/industrial-saltine-cracker-making-machines.jpg","width":600,"height":600,"caption":"industrial saltine cracker making machine"},{"@type":"BreadcrumbList","@id":"https:\/\/www.biscuitsolution.com\/product\/industrial-saltine-cracker-making-machine\/#breadcrumb","itemListElement":[{"@type":"ListItem","position":1,"name":"Home","item":"https:\/\/www.biscuitsolution.com\/"},{"@type":"ListItem","position":2,"name":"Product","item":"https:\/\/www.biscuitsolution.com\/product\/"},{"@type":"ListItem","position":3,"name":"Industrial Saltine Cracker Making Machine: Efficient and Intelligent"}]},{"@type":"WebSite","@id":"https:\/\/www.biscuitsolution.com\/#website","url":"https:\/\/www.biscuitsolution.com\/","name":"Fabricante de soluciones para la producci\u00f3n de galletas","description":"","potentialAction":[{"@type":"SearchAction","target":{"@type":"EntryPoint","urlTemplate":"https:\/\/www.biscuitsolution.com\/?s={search_term_string}"},"query-input":{"@type":"PropertyValueSpecification","valueRequired":true,"valueName":"search_term_string"}}],"inLanguage":"es"},false]}},"yasr_visitor_votes":{"stars_attributes":{"read_only":false,"span_bottom":false},"number_of_votes":2,"sum_votes":10},"_links":{"self":[{"href":"https:\/\/www.biscuitsolution.com\/es\/wp-json\/wp\/v2\/product\/4815","targetHints":{"allow":["GET"]}}],"collection":[{"href":"https:\/\/www.biscuitsolution.com\/es\/wp-json\/wp\/v2\/product"}],"about":[{"href":"https:\/\/www.biscuitsolution.com\/es\/wp-json\/wp\/v2\/types\/product"}],"replies":[{"embeddable":true,"href":"https:\/\/www.biscuitsolution.com\/es\/wp-json\/wp\/v2\/comments?post=4815"}],"version-history":[{"count":2,"href":"https:\/\/www.biscuitsolution.com\/es\/wp-json\/wp\/v2\/product\/4815\/revisions"}],"predecessor-version":[{"id":4822,"href":"https:\/\/www.biscuitsolution.com\/es\/wp-json\/wp\/v2\/product\/4815\/revisions\/4822"}],"wp:featuredmedia":[{"embeddable":true,"href":"https:\/\/www.biscuitsolution.com\/es\/wp-json\/wp\/v2\/media\/4820"}],"wp:attachment":[{"href":"https:\/\/www.biscuitsolution.com\/es\/wp-json\/wp\/v2\/media?parent=4815"}],"wp:term":[{"taxonomy":"product_brand","embeddable":true,"href":"https:\/\/www.biscuitsolution.com\/es\/wp-json\/wp\/v2\/product_brand?post=4815"},{"taxonomy":"product_cat","embeddable":true,"href":"https:\/\/www.biscuitsolution.com\/es\/wp-json\/wp\/v2\/product_cat?post=4815"},{"taxonomy":"product_tag","embeddable":true,"href":"https:\/\/www.biscuitsolution.com\/es\/wp-json\/wp\/v2\/product_tag?post=4815"}],"curies":[{"name":"wp","href":"https:\/\/api.w.org\/{rel}","templated":true}]}}