{"id":4807,"date":"2025-02-21T09:47:27","date_gmt":"2025-02-21T09:47:27","guid":{"rendered":"https:\/\/www.biscuitsolution.com\/?post_type=product&#038;p=4807"},"modified":"2025-02-25T01:40:12","modified_gmt":"2025-02-25T01:40:12","slug":"professional-automatic-cracker-making-machine-manufacturer","status":"publish","type":"product","link":"https:\/\/www.biscuitsolution.com\/es\/producto\/professional-automatic-cracker-making-machine-manufacturer\/","title":{"rendered":"M\u00e1quinas Autom\u00e1ticas Para Hacer Galletas De Agua Fabricante Profesional"},"content":{"rendered":"<p>m\u00e1quinas autom\u00e1ticas para hacer Galletas de agua est\u00e1 equipada con tecnolog\u00eda de automatizaci\u00f3n de vanguardia. Desde la mezcla de la masa, pasando por el moldeado, hasta el horneado, cada eslab\u00f3n se controla con precisi\u00f3n.<\/p>\n<p><img fetchpriority=\"high\" decoding=\"async\" class=\"alignnone size-full wp-image-4808\" src=\"https:\/\/www.biscuitsolution.com\/wp-content\/uploads\/2025\/02\/automatic-crackers-making-machine.jpg\" alt=\"m\u00e1quina autom\u00e1tica de fabricaci\u00f3n de crackers\" width=\"800\" height=\"450\" srcset=\"https:\/\/www.biscuitsolution.com\/wp-content\/uploads\/2025\/02\/automatic-crackers-making-machine.jpg 800w, https:\/\/www.biscuitsolution.com\/wp-content\/uploads\/2025\/02\/automatic-crackers-making-machine-600x338.jpg 600w, https:\/\/www.biscuitsolution.com\/wp-content\/uploads\/2025\/02\/automatic-crackers-making-machine-300x169.jpg 300w, https:\/\/www.biscuitsolution.com\/wp-content\/uploads\/2025\/02\/automatic-crackers-making-machine-768x432.jpg 768w\" sizes=\"(max-width: 800px) 100vw, 800px\" \/><\/p>\n<p>Puede producir de forma estable galletas con especificaciones uniformes y excelente sabor seg\u00fan el programa preestablecido, lo que mejora enormemente la eficiencia de la producci\u00f3n, le ahorra costes de mano de obra y garantiza que cada galleta cumpla los est\u00e1ndares de alta calidad.<\/p>\n<h2>Por Qu\u00e9 Elegir Nuestra M\u00e1quinas Autom\u00e1ticas Para Hacer Galletas De Agua<\/h2>\n<ul>\n<li>Gran capacidad y flexibilidad<br \/>\nAdmite una gran variedad de tipos de productos: desde galletas de soda, galletas de s\u00e1ndwich (como el estilo Oreo), hasta galletas personalizadas con formas especiales, una sola m\u00e1quina puede hacer varias cosas.<br \/>\nDise\u00f1o de alto rendimiento: Algunos modelos pueden alcanzar una capacidad de 80-1500 kg\/hora, satisfaciendo las diversas necesidades de peque\u00f1as f\u00e1bricas a grandes empresas.<br \/>\nCambio r\u00e1pido de moldes: ad\u00e1ptese a diferentes formas (redonda, cuadrada, rectangular) y grosores (3-8 mm), cambie sin problemas de modo de producci\u00f3n y reduzca el tiempo de inactividad.<\/li>\n<li>Tecnolog\u00eda punta y control inteligente<br \/>\nSistema PLC Siemens: control del proceso totalmente automatizado, ajuste preciso de la temperatura, la velocidad y la cantidad de llenado, garantizando la consistencia del producto7.<br \/>\nMateriales de calidad alimentaria: se utiliza acero inoxidable y rodamientos NSK, en l\u00ednea con las normas internacionales de seguridad alimentaria (como ISO 9001, CE, certificaci\u00f3n SGS).<br \/>\nDise\u00f1o que ahorra energ\u00eda: admite accionamiento multienerg\u00eda de gas, electricidad o gas\u00f3leo para reducir los costes de consumo de energ\u00eda.<\/li>\n<\/ul>\n<p><img decoding=\"async\" class=\"alignnone size-full wp-image-4809\" src=\"https:\/\/www.biscuitsolution.com\/wp-content\/uploads\/2025\/02\/cracker-making-machine.jpg\" alt=\"m\u00e1quina autom\u00e1tica de fabricaci\u00f3n de crackers\" width=\"800\" height=\"450\" srcset=\"https:\/\/www.biscuitsolution.com\/wp-content\/uploads\/2025\/02\/cracker-making-machine.jpg 800w, https:\/\/www.biscuitsolution.com\/wp-content\/uploads\/2025\/02\/cracker-making-machine-600x338.jpg 600w, https:\/\/www.biscuitsolution.com\/wp-content\/uploads\/2025\/02\/cracker-making-machine-300x169.jpg 300w, https:\/\/www.biscuitsolution.com\/wp-content\/uploads\/2025\/02\/cracker-making-machine-768x432.jpg 768w\" sizes=\"(max-width: 800px) 100vw, 800px\" \/><\/p>\n<ul>\n<li>Soluci\u00f3n de proceso completo<br \/>\nIntegradas desde la mezcla hasta el envasado: algunos modelos de m\u00e1quinas autom\u00e1ticas para hacer galletas integran sistemas autom\u00e1ticos de llenado (nata, mermelada, chocolate) y envasado para reducir la intervenci\u00f3n manual y mejorar la eficacia.<br \/>\nDisposici\u00f3n personalizada de la l\u00ednea de producci\u00f3n: dise\u00f1amos la disposici\u00f3n de los equipos de acuerdo con el espacio de la planta del cliente, y proporcionamos soporte t\u00e9cnico de f\u00f3rmula gratuita para garantizar una producci\u00f3n r\u00e1pida.<\/li>\n<li>Garant\u00eda posventa de confianza mundial<br \/>\n1 a\u00f1o de garant\u00eda + servicio de mantenimiento de por vida: Un equipo de ingenieros profesionales se encarga de la instalaci\u00f3n de los equipos, la puesta en marcha y la formaci\u00f3n en funcionamiento en todo el mundo para garantizar el funcionamiento estable y a largo plazo de los equipos.<br \/>\nMecanismo de respuesta r\u00e1pida: Como fabricante de m\u00e1quinas de galletas, ofrecemos asistencia t\u00e9cnica en l\u00ednea las 24 horas y garantizamos el suministro global de piezas de repuesto para minimizar las p\u00e9rdidas causadas por el tiempo de inactividad de los equipos.<\/li>\n<\/ul>\n<p><img decoding=\"async\" class=\"alignnone size-full wp-image-4811\" src=\"https:\/\/www.biscuitsolution.com\/wp-content\/uploads\/2025\/02\/cracker-making-machines-manufacturer-1.jpg\" alt=\"fabricante de m\u00e1quinas para hacer crackers\" width=\"800\" height=\"450\" srcset=\"https:\/\/www.biscuitsolution.com\/wp-content\/uploads\/2025\/02\/cracker-making-machines-manufacturer-1.jpg 800w, https:\/\/www.biscuitsolution.com\/wp-content\/uploads\/2025\/02\/cracker-making-machines-manufacturer-1-600x338.jpg 600w, https:\/\/www.biscuitsolution.com\/wp-content\/uploads\/2025\/02\/cracker-making-machines-manufacturer-1-300x169.jpg 300w, https:\/\/www.biscuitsolution.com\/wp-content\/uploads\/2025\/02\/cracker-making-machines-manufacturer-1-768x432.jpg 768w\" sizes=\"(max-width: 800px) 100vw, 800px\" \/><\/p>\n<h2>Casos de \u00e9xito: Crecer juntos con marcas de renombre mundial<\/h2>\n<p>Nuestros equipos han prestado servicio a clientes de m\u00e1s de 100 pa\u00edses, incluidas marcas internacionales como Estados Unidos y la India. Tanto si es una empresa emergente como una multinacional, podemos ofrecerle soluciones a medida.<\/p>\n<h2>Act\u00fae ahora y empiece a producir de forma eficiente<\/h2>\n<p>Tanto si necesita un modelo est\u00e1ndar como una m\u00e1quina autom\u00e1tica de fabricaci\u00f3n de crackers altamente personalizada, podemos satisfacer sus necesidades con un alto rendimiento de costes. Deje un mensaje de consulta para obtener:<br \/>\nManuales detallados de los productos y par\u00e1metros t\u00e9cnicos;<br \/>\nV\u00eddeos de casos de \u00e9xito y opiniones de clientes;<br \/>\n\u00a1Deje un mensaje de consulta para aprovechar la oportunidad de mercado!<\/p>\n<p><img loading=\"lazy\" decoding=\"async\" class=\"alignnone size-full wp-image-4812\" src=\"https:\/\/www.biscuitsolution.com\/wp-content\/uploads\/2025\/02\/cracker-making-machine-manufacturer.jpg\" alt=\"fabricante de m\u00e1quinas para hacer crackers\" width=\"800\" height=\"450\" srcset=\"https:\/\/www.biscuitsolution.com\/wp-content\/uploads\/2025\/02\/cracker-making-machine-manufacturer.jpg 800w, https:\/\/www.biscuitsolution.com\/wp-content\/uploads\/2025\/02\/cracker-making-machine-manufacturer-600x338.jpg 600w, https:\/\/www.biscuitsolution.com\/wp-content\/uploads\/2025\/02\/cracker-making-machine-manufacturer-300x169.jpg 300w, https:\/\/www.biscuitsolution.com\/wp-content\/uploads\/2025\/02\/cracker-making-machine-manufacturer-768x432.jpg 768w\" sizes=\"(max-width: 800px) 100vw, 800px\" \/><\/p>\n<h2>Deje un mensaje para obtener un presupuesto<\/h2>\n\n<div class=\"wpcf7 no-js\" id=\"wpcf7-f4619-o1\" lang=\"en-US\" dir=\"ltr\" data-wpcf7-id=\"4619\">\n<div class=\"screen-reader-response\"><p role=\"status\" aria-live=\"polite\" aria-atomic=\"true\"><\/p> <ul><\/ul><\/div>\n<form action=\"\/es\/wp-json\/wp\/v2\/product\/4807#wpcf7-f4619-o1\" method=\"post\" class=\"wpcf7-form init\" aria-label=\"Formulario de contacto\" novalidate=\"novalidate\" data-status=\"init\" data-trp-original-action=\"\/es\/wp-json\/wp\/v2\/product\/4807#wpcf7-f4619-o1\">\n<div style=\"display: none;\">\n<input type=\"hidden\" name=\"_wpcf7\" value=\"4619\" \/>\n<input type=\"hidden\" name=\"_wpcf7_version\" value=\"6.0.4\" \/>\n<input type=\"hidden\" name=\"_wpcf7_locale\" value=\"en_US\" \/>\n<input type=\"hidden\" name=\"_wpcf7_unit_tag\" value=\"wpcf7-f4619-o1\" \/>\n<input type=\"hidden\" name=\"_wpcf7_container_post\" value=\"0\" \/>\n<input type=\"hidden\" name=\"_wpcf7_posted_data_hash\" value=\"\" \/>\n<\/div>\n<p><label> Su nombre<br \/>\n<span class=\"wpcf7-form-control-wrap\" data-name=\"your-name\"><input size=\"40\" maxlength=\"400\" class=\"wpcf7-form-control wpcf7-text wpcf7-validates-as-required\" aria-required=\"true\" aria-invalid=\"false\" value=\"\" type=\"text\" name=\"your-name\" \/><\/span> <\/label>\n<\/p>\n<p><label> Su pa\u00eds<br \/>\n<span class=\"wpcf7-form-control-wrap\" data-name=\"your-country\"><input size=\"40\" maxlength=\"400\" class=\"wpcf7-form-control wpcf7-text\" aria-invalid=\"false\" value=\"\" type=\"text\" name=\"your-country\" \/><\/span><\/label>\n<\/p>\n<p><label> Su correo electr\u00f3nico<br \/>\n<span class=\"wpcf7-form-control-wrap\" data-name=\"your-email\"><input size=\"40\" maxlength=\"400\" class=\"wpcf7-form-control wpcf7-email wpcf7-validates-as-required wpcf7-text wpcf7-validates-as-email\" aria-required=\"true\" aria-invalid=\"false\" value=\"\" type=\"email\" name=\"your-email\" \/><\/span> <\/label>\n<\/p>\n<p><label> Tu tel\u00e9fono<br \/>\n<span class=\"wpcf7-form-control-wrap\" data-name=\"your-phone\"><input size=\"40\" maxlength=\"400\" class=\"wpcf7-form-control wpcf7-tel wpcf7-text wpcf7-validates-as-tel\" aria-invalid=\"false\" value=\"\" type=\"tel\" name=\"your-phone\" \/><\/span> <\/label>\n<\/p>\n<p><label> Nombre de su empresa<br \/>\n<span class=\"wpcf7-form-control-wrap\" data-name=\"text-457\"><input size=\"40\" maxlength=\"400\" class=\"wpcf7-form-control wpcf7-text\" aria-invalid=\"false\" value=\"\" type=\"text\" name=\"text-457\" \/><\/span> <\/label>\n<\/p>\n<p><label> El sitio web de su empresa<br \/>\n<span class=\"wpcf7-form-control-wrap\" data-name=\"text-546\"><input size=\"40\" maxlength=\"400\" class=\"wpcf7-form-control wpcf7-text\" aria-invalid=\"false\" value=\"\" type=\"text\" name=\"text-546\" \/><\/span> <\/label>\n<\/p>\n<p><label> Sus requisitos*<br \/>\n<span class=\"wpcf7-form-control-wrap\" data-name=\"your-message\"><textarea cols=\"40\" rows=\"10\" maxlength=\"2000\" class=\"wpcf7-form-control wpcf7-textarea wpcf7-validates-as-required\" aria-required=\"true\" aria-invalid=\"false\" name=\"your-message\"><\/textarea><\/span> <\/label>\n<\/p>\n<p><input class=\"wpcf7-form-control wpcf7-submit has-spinner\" type=\"submit\" value=\"Enviar\" \/>\n<\/p><p style=\"display: none !important;\" class=\"akismet-fields-container\" data-prefix=\"_wpcf7_ak_\"><label>&#916;<textarea name=\"_wpcf7_ak_hp_textarea\" cols=\"45\" rows=\"8\" maxlength=\"100\"><\/textarea><\/label><input type=\"hidden\" id=\"ak_js_1\" name=\"_wpcf7_ak_js\" value=\"111\"\/><script>document.getElementById( \"ak_js_1\" ).setAttribute( \"value\", ( new Date() ).getTime() );<\/script><\/p><div class=\"wpcf7-response-output\" aria-hidden=\"true\"><\/div>\n<input type=\"hidden\" name=\"trp-form-language\" value=\"es\"\/><\/form>\n<\/div>\n\n<div style='text-align:left' class='yasr-auto-insert-visitor'><\/div>","protected":false},"excerpt":{"rendered":"<p>Marca: GELGOOG<\/p>\n<p>Capacidad: 100~1200kg\/h<\/p>\n<p>Correo electr\u00f3nico: shanna@machinehall.com<\/p>\n<p>Tel\u00e9fono: +8618638676709<\/p>","protected":false},"featured_media":4813,"comment_status":"open","ping_status":"closed","template":"","meta":{"site-sidebar-layout":"default","site-content-layout":"","ast-site-content-layout":"default","site-content-style":"default","site-sidebar-style":"default","ast-global-header-display":"","ast-banner-title-visibility":"","ast-main-header-display":"","ast-hfb-above-header-display":"","ast-hfb-below-header-display":"","ast-hfb-mobile-header-display":"","site-post-title":"","ast-breadcrumbs-content":"","ast-featured-img":"","footer-sml-layout":"","theme-transparent-header-meta":"default","adv-header-id-meta":"","stick-header-meta":"","header-above-stick-meta":"","header-main-stick-meta":"","header-below-stick-meta":"","astra-migrate-meta-layouts":"set","ast-page-background-enabled":"default","ast-page-background-meta":{"desktop":{"background-color":"","background-image":"","background-repeat":"repeat","background-position":"center center","background-size":"auto","background-attachment":"scroll","background-type":"","background-media":"","overlay-type":"","overlay-color":"","overlay-opacity":"","overlay-gradient":""},"tablet":{"background-color":"","background-image":"","background-repeat":"repeat","background-position":"center center","background-size":"auto","background-attachment":"scroll","background-type":"","background-media":"","overlay-type":"","overlay-color":"","overlay-opacity":"","overlay-gradient":""},"mobile":{"background-color":"","background-image":"","background-repeat":"repeat","background-position":"center center","background-size":"auto","background-attachment":"scroll","background-type":"","background-media":"","overlay-type":"","overlay-color":"","overlay-opacity":"","overlay-gradient":""}},"ast-content-background-meta":{"desktop":{"background-color":"var(--ast-global-color-5)","background-image":"","background-repeat":"repeat","background-position":"center center","background-size":"auto","background-attachment":"scroll","background-type":"","background-media":"","overlay-type":"","overlay-color":"","overlay-opacity":"","overlay-gradient":""},"tablet":{"background-color":"var(--ast-global-color-5)","background-image":"","background-repeat":"repeat","background-position":"center center","background-size":"auto","background-attachment":"scroll","background-type":"","background-media":"","overlay-type":"","overlay-color":"","overlay-opacity":"","overlay-gradient":""},"mobile":{"background-color":"var(--ast-global-color-5)","background-image":"","background-repeat":"repeat","background-position":"center center","background-size":"auto","background-attachment":"scroll","background-type":"","background-media":"","overlay-type":"","overlay-color":"","overlay-opacity":"","overlay-gradient":""}},"yasr_overall_rating":0,"yasr_post_is_review":"","yasr_auto_insert_disabled":"","yasr_review_type":""},"product_brand":[],"product_cat":[22],"product_tag":[],"class_list":{"0":"post-4807","1":"product","2":"type-product","3":"status-publish","4":"has-post-thumbnail","6":"product_cat-hard-biscuit-production-line","7":"desktop-align-left","8":"tablet-align-left","9":"mobile-align-left","11":"first","12":"instock","13":"shipping-taxable","14":"product-type-simple"},"yoast_head":"<!-- This site is optimized with the Yoast SEO plugin v24.4 - https:\/\/yoast.com\/wordpress\/plugins\/seo\/ -->\n<title>Professional Automatic Cracker Making Machine Manufacturer - Biscuit Production Solution Manufacturer<\/title>\n<meta name=\"description\" content=\"Our automatic cracker making machine integrates the entire process from dough to baking, which can greatly improve efficiency and save labor costs.\" \/>\n<meta name=\"robots\" content=\"index, follow, max-snippet:-1, max-image-preview:large, max-video-preview:-1\" \/>\n<link rel=\"canonical\" href=\"https:\/\/www.biscuitsolution.com\/es\/producto\/professional-automatic-cracker-making-machine-manufacturer\/\" \/>\n<meta property=\"og:locale\" content=\"es_ES\" \/>\n<meta property=\"og:type\" content=\"article\" \/>\n<meta property=\"og:title\" content=\"Professional Automatic Cracker Making Machine Manufacturer - Biscuit Production Solution Manufacturer\" \/>\n<meta property=\"og:description\" content=\"Our automatic cracker making machine integrates the entire process from dough to baking, which can greatly improve efficiency and save labor costs.\" \/>\n<meta property=\"og:url\" content=\"https:\/\/www.biscuitsolution.com\/es\/producto\/professional-automatic-cracker-making-machine-manufacturer\/\" \/>\n<meta property=\"og:site_name\" content=\"Biscuit Production Solution Manufacturer\" \/>\n<meta property=\"article:publisher\" content=\"https:\/\/www.facebook.com\/profile.php?id=100095205040823\" \/>\n<meta property=\"article:modified_time\" content=\"2025-02-25T01:40:12+00:00\" \/>\n<meta property=\"og:image\" content=\"https:\/\/www.biscuitsolution.com\/wp-content\/uploads\/2025\/02\/automatic-cracker-making-machine.jpg\" \/>\n\t<meta property=\"og:image:width\" content=\"600\" \/>\n\t<meta property=\"og:image:height\" content=\"600\" \/>\n\t<meta property=\"og:image:type\" content=\"image\/jpeg\" \/>\n<meta name=\"twitter:card\" content=\"summary_large_image\" \/>\n<meta name=\"twitter:site\" content=\"@shanna_zha26342\" \/>\n<meta name=\"twitter:label1\" content=\"Tiempo de lectura\" \/>\n\t<meta name=\"twitter:data1\" content=\"3 minutos\" \/>\n<script type=\"application\/ld+json\" class=\"yoast-schema-graph\">{\"@context\":\"https:\/\/schema.org\",\"@graph\":[{\"@type\":\"WebPage\",\"@id\":\"https:\/\/www.biscuitsolution.com\/product\/professional-automatic-cracker-making-machine-manufacturer\/\",\"url\":\"https:\/\/www.biscuitsolution.com\/product\/professional-automatic-cracker-making-machine-manufacturer\/\",\"name\":\"Professional Automatic Cracker Making Machine Manufacturer - Biscuit Production Solution Manufacturer\",\"isPartOf\":{\"@id\":\"https:\/\/www.biscuitsolution.com\/#website\"},\"primaryImageOfPage\":{\"@id\":\"https:\/\/www.biscuitsolution.com\/product\/professional-automatic-cracker-making-machine-manufacturer\/#primaryimage\"},\"image\":{\"@id\":\"https:\/\/www.biscuitsolution.com\/product\/professional-automatic-cracker-making-machine-manufacturer\/#primaryimage\"},\"thumbnailUrl\":\"https:\/\/www.biscuitsolution.com\/wp-content\/uploads\/2025\/02\/automatic-cracker-making-machine.jpg\",\"datePublished\":\"2025-02-21T09:47:27+00:00\",\"dateModified\":\"2025-02-25T01:40:12+00:00\",\"description\":\"Our automatic cracker making machine integrates the entire process from dough to baking, which can greatly improve efficiency and save labor costs.\",\"breadcrumb\":{\"@id\":\"https:\/\/www.biscuitsolution.com\/product\/professional-automatic-cracker-making-machine-manufacturer\/#breadcrumb\"},\"inLanguage\":\"es\",\"potentialAction\":[{\"@type\":\"ReadAction\",\"target\":[\"https:\/\/www.biscuitsolution.com\/product\/professional-automatic-cracker-making-machine-manufacturer\/\"]}]},{\"@type\":\"ImageObject\",\"inLanguage\":\"es\",\"@id\":\"https:\/\/www.biscuitsolution.com\/product\/professional-automatic-cracker-making-machine-manufacturer\/#primaryimage\",\"url\":\"https:\/\/www.biscuitsolution.com\/wp-content\/uploads\/2025\/02\/automatic-cracker-making-machine.jpg\",\"contentUrl\":\"https:\/\/www.biscuitsolution.com\/wp-content\/uploads\/2025\/02\/automatic-cracker-making-machine.jpg\",\"width\":600,\"height\":600,\"caption\":\"automatic cracker making machine\"},{\"@type\":\"BreadcrumbList\",\"@id\":\"https:\/\/www.biscuitsolution.com\/product\/professional-automatic-cracker-making-machine-manufacturer\/#breadcrumb\",\"itemListElement\":[{\"@type\":\"ListItem\",\"position\":1,\"name\":\"Home\",\"item\":\"https:\/\/www.biscuitsolution.com\/\"},{\"@type\":\"ListItem\",\"position\":2,\"name\":\"Product\",\"item\":\"https:\/\/www.biscuitsolution.com\/product\/\"},{\"@type\":\"ListItem\",\"position\":3,\"name\":\"Professional Automatic Cracker Making Machine Manufacturer\"}]},{\"@type\":\"WebSite\",\"@id\":\"https:\/\/www.biscuitsolution.com\/#website\",\"url\":\"https:\/\/www.biscuitsolution.com\/\",\"name\":\"Biscuit Production Solution Manufacturer\",\"description\":\"\",\"potentialAction\":[{\"@type\":\"SearchAction\",\"target\":{\"@type\":\"EntryPoint\",\"urlTemplate\":\"https:\/\/www.biscuitsolution.com\/?s={search_term_string}\"},\"query-input\":{\"@type\":\"PropertyValueSpecification\",\"valueRequired\":true,\"valueName\":\"search_term_string\"}}],\"inLanguage\":\"es\"},false]}<\/script>\n<!-- \/ Yoast SEO plugin. -->","yoast_head_json":{"title":"Fabricante profesional de m\u00e1quinas autom\u00e1ticas para hacer galletas - Fabricante de soluciones para la producci\u00f3n de galletas","description":"Nuestra m\u00e1quina autom\u00e1tica para hacer galletas saladas integra todo el proceso, desde la masa hasta el horneado, lo que puede mejorar enormemente la eficiencia y ahorrar costes de mano de obra.","robots":{"index":"index","follow":"follow","max-snippet":"max-snippet:-1","max-image-preview":"max-image-preview:large","max-video-preview":"max-video-preview:-1"},"canonical":"https:\/\/www.biscuitsolution.com\/es\/producto\/professional-automatic-cracker-making-machine-manufacturer\/","og_locale":"es_ES","og_type":"article","og_title":"Professional Automatic Cracker Making Machine Manufacturer - Biscuit Production Solution Manufacturer","og_description":"Our automatic cracker making machine integrates the entire process from dough to baking, which can greatly improve efficiency and save labor costs.","og_url":"https:\/\/www.biscuitsolution.com\/es\/producto\/professional-automatic-cracker-making-machine-manufacturer\/","og_site_name":"Biscuit Production Solution Manufacturer","article_publisher":"https:\/\/www.facebook.com\/profile.php?id=100095205040823","article_modified_time":"2025-02-25T01:40:12+00:00","og_image":[{"width":600,"height":600,"url":"https:\/\/www.biscuitsolution.com\/wp-content\/uploads\/2025\/02\/automatic-cracker-making-machine.jpg","type":"image\/jpeg"}],"twitter_card":"summary_large_image","twitter_site":"@shanna_zha26342","twitter_misc":{"Tiempo de lectura":"3 minutos"},"schema":{"@context":"https:\/\/schema.org","@graph":[{"@type":"WebPage","@id":"https:\/\/www.biscuitsolution.com\/product\/professional-automatic-cracker-making-machine-manufacturer\/","url":"https:\/\/www.biscuitsolution.com\/product\/professional-automatic-cracker-making-machine-manufacturer\/","name":"Fabricante profesional de m\u00e1quinas autom\u00e1ticas para hacer galletas - Fabricante de soluciones para la producci\u00f3n de galletas","isPartOf":{"@id":"https:\/\/www.biscuitsolution.com\/#website"},"primaryImageOfPage":{"@id":"https:\/\/www.biscuitsolution.com\/product\/professional-automatic-cracker-making-machine-manufacturer\/#primaryimage"},"image":{"@id":"https:\/\/www.biscuitsolution.com\/product\/professional-automatic-cracker-making-machine-manufacturer\/#primaryimage"},"thumbnailUrl":"https:\/\/www.biscuitsolution.com\/wp-content\/uploads\/2025\/02\/automatic-cracker-making-machine.jpg","datePublished":"2025-02-21T09:47:27+00:00","dateModified":"2025-02-25T01:40:12+00:00","description":"Nuestra m\u00e1quina autom\u00e1tica para hacer galletas saladas integra todo el proceso, desde la masa hasta el horneado, lo que puede mejorar enormemente la eficiencia y ahorrar costes de mano de obra.","breadcrumb":{"@id":"https:\/\/www.biscuitsolution.com\/product\/professional-automatic-cracker-making-machine-manufacturer\/#breadcrumb"},"inLanguage":"es","potentialAction":[{"@type":"ReadAction","target":["https:\/\/www.biscuitsolution.com\/product\/professional-automatic-cracker-making-machine-manufacturer\/"]}]},{"@type":"ImageObject","inLanguage":"es","@id":"https:\/\/www.biscuitsolution.com\/product\/professional-automatic-cracker-making-machine-manufacturer\/#primaryimage","url":"https:\/\/www.biscuitsolution.com\/wp-content\/uploads\/2025\/02\/automatic-cracker-making-machine.jpg","contentUrl":"https:\/\/www.biscuitsolution.com\/wp-content\/uploads\/2025\/02\/automatic-cracker-making-machine.jpg","width":600,"height":600,"caption":"automatic cracker making machine"},{"@type":"BreadcrumbList","@id":"https:\/\/www.biscuitsolution.com\/product\/professional-automatic-cracker-making-machine-manufacturer\/#breadcrumb","itemListElement":[{"@type":"ListItem","position":1,"name":"Home","item":"https:\/\/www.biscuitsolution.com\/"},{"@type":"ListItem","position":2,"name":"Product","item":"https:\/\/www.biscuitsolution.com\/product\/"},{"@type":"ListItem","position":3,"name":"Professional Automatic Cracker Making Machine Manufacturer"}]},{"@type":"WebSite","@id":"https:\/\/www.biscuitsolution.com\/#website","url":"https:\/\/www.biscuitsolution.com\/","name":"Fabricante de soluciones para la producci\u00f3n de galletas","description":"","potentialAction":[{"@type":"SearchAction","target":{"@type":"EntryPoint","urlTemplate":"https:\/\/www.biscuitsolution.com\/?s={search_term_string}"},"query-input":{"@type":"PropertyValueSpecification","valueRequired":true,"valueName":"search_term_string"}}],"inLanguage":"es"},false]}},"yasr_visitor_votes":{"stars_attributes":{"read_only":false,"span_bottom":false},"number_of_votes":1,"sum_votes":5},"_links":{"self":[{"href":"https:\/\/www.biscuitsolution.com\/es\/wp-json\/wp\/v2\/product\/4807","targetHints":{"allow":["GET"]}}],"collection":[{"href":"https:\/\/www.biscuitsolution.com\/es\/wp-json\/wp\/v2\/product"}],"about":[{"href":"https:\/\/www.biscuitsolution.com\/es\/wp-json\/wp\/v2\/types\/product"}],"replies":[{"embeddable":true,"href":"https:\/\/www.biscuitsolution.com\/es\/wp-json\/wp\/v2\/comments?post=4807"}],"version-history":[{"count":1,"href":"https:\/\/www.biscuitsolution.com\/es\/wp-json\/wp\/v2\/product\/4807\/revisions"}],"predecessor-version":[{"id":4814,"href":"https:\/\/www.biscuitsolution.com\/es\/wp-json\/wp\/v2\/product\/4807\/revisions\/4814"}],"wp:featuredmedia":[{"embeddable":true,"href":"https:\/\/www.biscuitsolution.com\/es\/wp-json\/wp\/v2\/media\/4813"}],"wp:attachment":[{"href":"https:\/\/www.biscuitsolution.com\/es\/wp-json\/wp\/v2\/media?parent=4807"}],"wp:term":[{"taxonomy":"product_brand","embeddable":true,"href":"https:\/\/www.biscuitsolution.com\/es\/wp-json\/wp\/v2\/product_brand?post=4807"},{"taxonomy":"product_cat","embeddable":true,"href":"https:\/\/www.biscuitsolution.com\/es\/wp-json\/wp\/v2\/product_cat?post=4807"},{"taxonomy":"product_tag","embeddable":true,"href":"https:\/\/www.biscuitsolution.com\/es\/wp-json\/wp\/v2\/product_tag?post=4807"}],"curies":[{"name":"wp","href":"https:\/\/api.w.org\/{rel}","templated":true}]}}