{"id":4801,"date":"2025-02-21T09:40:34","date_gmt":"2025-02-21T09:40:34","guid":{"rendered":"https:\/\/www.biscuitsolution.com\/?post_type=product&#038;p=4801"},"modified":"2025-03-15T07:33:01","modified_gmt":"2025-03-14T23:33:01","slug":"core-bear-cracker-production-line-production-and-supply","status":"publish","type":"product","link":"https:\/\/www.biscuitsolution.com\/es\/producto\/core-bear-cracker-production-line-production-and-supply\/","title":{"rendered":"L\u00ednea de producci\u00f3n y suministro de Core Bear Cracker"},"content":{"rendered":"<h2>Principales equipos y procesos de la l\u00ednea de producci\u00f3n de la trituradora de osos<\/h2>\n<p><img fetchpriority=\"high\" decoding=\"async\" class=\"alignnone size-full wp-image-4802\" src=\"https:\/\/www.biscuitsolution.com\/wp-content\/uploads\/2025\/02\/core-bear-crackers-production-line.jpg\" alt=\"l\u00ednea de producci\u00f3n de core bear cracker\" width=\"800\" height=\"450\" srcset=\"https:\/\/www.biscuitsolution.com\/wp-content\/uploads\/2025\/02\/core-bear-crackers-production-line.jpg 800w, https:\/\/www.biscuitsolution.com\/wp-content\/uploads\/2025\/02\/core-bear-crackers-production-line-600x338.jpg 600w, https:\/\/www.biscuitsolution.com\/wp-content\/uploads\/2025\/02\/core-bear-crackers-production-line-300x169.jpg 300w, https:\/\/www.biscuitsolution.com\/wp-content\/uploads\/2025\/02\/core-bear-crackers-production-line-768x432.jpg 768w\" sizes=\"(max-width: 800px) 100vw, 800px\" \/><\/p>\n<ul>\n<li>Pretratamiento de las materias primas: la harina se tamiza para eliminar impurezas, el aceite se calienta y se funde hasta conseguir la fluidez adecuada, el az\u00facar se tritura y se refina para garantizar la estabilidad de la calidad de cada materia prima y preparar la ejecuci\u00f3n precisa de la f\u00f3rmula.<\/li>\n<li>Preparaci\u00f3n de la masa: Primero, remover a baja velocidad para mezclar las materias primas secas, despu\u00e9s a\u00f1adir agua a velocidad media para formar la masa y, por \u00faltimo, amasar a alta velocidad para optimizar la estructura del gluten, y controlar la temperatura durante todo el proceso para evitar que la masa fermente demasiado pronto.<\/li>\n<li>Formado: En la l\u00ednea de procesado de galletas con n\u00facleo de oso, la m\u00e1quina formadora prensa el embri\u00f3n de la galleta con forma de oso y, a continuaci\u00f3n, entra en el horno para su cocci\u00f3n.<\/li>\n<\/ul>\n<p><img decoding=\"async\" class=\"alignnone size-full wp-image-4803\" src=\"https:\/\/www.biscuitsolution.com\/wp-content\/uploads\/2025\/02\/core-bear-cracker-processing-line.jpg\" alt=\"l\u00ednea de producci\u00f3n de core bear cracker\" width=\"800\" height=\"450\" srcset=\"https:\/\/www.biscuitsolution.com\/wp-content\/uploads\/2025\/02\/core-bear-cracker-processing-line.jpg 800w, https:\/\/www.biscuitsolution.com\/wp-content\/uploads\/2025\/02\/core-bear-cracker-processing-line-600x338.jpg 600w, https:\/\/www.biscuitsolution.com\/wp-content\/uploads\/2025\/02\/core-bear-cracker-processing-line-300x169.jpg 300w, https:\/\/www.biscuitsolution.com\/wp-content\/uploads\/2025\/02\/core-bear-cracker-processing-line-768x432.jpg 768w\" sizes=\"(max-width: 800px) 100vw, 800px\" \/><\/p>\n<ul>\n<li>Proceso de horneado: Las galletas se precalientan primero a baja temperatura antes de entrar en el horno para expandir la masa, y luego se calientan gradualmente hasta que adquieren color y forma. Antes de salir del horno, se enfr\u00edan brevemente para que queden crujientes. Cada eslab\u00f3n est\u00e1 estrechamente unido, y el tiempo y la temperatura se controlan con precisi\u00f3n.<\/li>\n<li>Relleno: Despu\u00e9s de hornearlas, las galletas de osito pasan por una m\u00e1quina de relleno profesional, que puede rellenar con precisi\u00f3n cada galleta de osito con relleno para garantizar que no falte nada.<\/li>\n<li>Envasado refrigerado: La cinta transportadora de enfriamiento enfr\u00eda r\u00e1pidamente, elimina el calor residual de las galletas y la m\u00e1quina de envasado las sella a tiempo para evitar la humedad y la oxidaci\u00f3n, prolongar la vida \u00fatil y mantener el sabor fresco del producto.<\/li>\n<\/ul>\n<p><img decoding=\"async\" class=\"alignnone size-full wp-image-4804\" src=\"https:\/\/www.biscuitsolution.com\/wp-content\/uploads\/2025\/02\/core-bear-cracker-production-line.jpg\" alt=\"l\u00ednea de producci\u00f3n de core bear cracker\" width=\"800\" height=\"450\" srcset=\"https:\/\/www.biscuitsolution.com\/wp-content\/uploads\/2025\/02\/core-bear-cracker-production-line.jpg 800w, https:\/\/www.biscuitsolution.com\/wp-content\/uploads\/2025\/02\/core-bear-cracker-production-line-600x338.jpg 600w, https:\/\/www.biscuitsolution.com\/wp-content\/uploads\/2025\/02\/core-bear-cracker-production-line-300x169.jpg 300w, https:\/\/www.biscuitsolution.com\/wp-content\/uploads\/2025\/02\/core-bear-cracker-production-line-768x432.jpg 768w\" sizes=\"(max-width: 800px) 100vw, 800px\" \/><\/p>\n<h2>Principales ventajas de la l\u00ednea de producci\u00f3n de galletas de n\u00facleo de oso<\/h2>\n<ol>\n<li>Eficiencia de producci\u00f3n s\u00faper alta: dise\u00f1o de proceso totalmente automatizado, cada eslab\u00f3n est\u00e1 estrechamente conectado, desde las materias primas hasta los productos acabados, se puede producir un gran n\u00famero de galletas con forma de oso cada hora, satisfaciendo la demanda de lotes del mercado y aprovechando la primera oportunidad para las empresas.<\/li>\n<li>Excelente calidad del producto: Con equipos de precisi\u00f3n y mano de obra fina, el n\u00facleo de la l\u00ednea de producci\u00f3n de galletas de oso tiene galletas uniformes y regulares, formas de osos lindas y realistas, rellenos completos y uniformes, sabor crujiente y dulce, y la calidad supera con creces la de sus pares, estableciendo la reputaci\u00f3n de la marca.<\/li>\n<li>Gran capacidad de innovaci\u00f3n: los moldes, rellenos y procesos son f\u00e1ciles de ajustar, y se pueden lanzar nuevos sabores y nuevas formas de galletas con forma de oso en cualquier momento, como ediciones limitadas de temporada y ediciones de cooperaci\u00f3n conjunta, que siguen la tendencia y atraen la atenci\u00f3n de los consumidores.<\/li>\n<li>Control significativo de los costes: la utilizaci\u00f3n precisa de las materias primas reduce los residuos, los equipos de ahorro energ\u00e9tico reducen el consumo de energ\u00eda, la automatizaci\u00f3n reduce los costes de mano de obra, reduce globalmente los costes de producci\u00f3n y aumenta los m\u00e1rgenes de beneficio de las empresas.<\/li>\n<\/ol>\n<div class=\"ast-oembed-container\" style=\"height: 100%;\"><iframe title=\"L\u00ednea de producci\u00f3n de galletas rellenas Hello Panda Sandwich\" width=\"500\" height=\"281\" src=\"https:\/\/www.youtube.com\/embed\/1RBzau66pWU?feature=oembed\" frameborder=\"0\" allow=\"accelerometer; autoplay; clipboard-write; encrypted-media; gyroscope; picture-in-picture; web-share\" referrerpolicy=\"strict-origin-when-cross-origin\" allowfullscreen><\/iframe><\/div>\n<h2>Razones para elegirnos<\/h2>\n<ol>\n<li>Equipo profesional de I+D: compuesto por expertos en maquinaria alimentaria y maestros en procesos de horneado, optimiza continuamente las l\u00edneas de producci\u00f3n, proporciona actualizaciones t\u00e9cnicas gratuitas y garantiza que siempre disponga de equipos de vanguardia.<\/li>\n<li>Servicio integral: ofrecemos una planificaci\u00f3n detallada y sugerencias de disposici\u00f3n de la f\u00e1brica antes de la venta, instalaci\u00f3n y puesta en marcha r\u00e1pidas durante la venta, respuesta y mantenimiento 7\u00d724 horas despu\u00e9s de la venta, producci\u00f3n sin preocupaciones durante todo el proceso.<\/li>\n<li>Soluciones personalizadas: l\u00ednea de producci\u00f3n de craqueadoras de osos de n\u00facleo hecha a medida seg\u00fan la escala de la empresa, el posicionamiento del producto, el presupuesto, etc., tanto si se trata de una peque\u00f1a f\u00e1brica de nueva creaci\u00f3n como de una gran empresa, puede encontrar la soluci\u00f3n m\u00e1s adecuada.<\/li>\n<li>Muchos casos de \u00e9xito: muchas marcas de alimentaci\u00f3n conocidas han elegido nuestras l\u00edneas de producci\u00f3n, han acumulado una rica experiencia pr\u00e1ctica, escoltan su inversi\u00f3n y le ayudan a obtener beneficios r\u00e1pidamente.<\/li>\n<\/ol>\n<h2>Deje un mensaje para obtener un presupuesto<\/h2>\n\n<div class=\"wpcf7 no-js\" id=\"wpcf7-f4619-o1\" lang=\"en-US\" dir=\"ltr\" data-wpcf7-id=\"4619\">\n<div class=\"screen-reader-response\"><p role=\"status\" aria-live=\"polite\" aria-atomic=\"true\"><\/p> <ul><\/ul><\/div>\n<form action=\"\/es\/wp-json\/wp\/v2\/product\/4801#wpcf7-f4619-o1\" method=\"post\" class=\"wpcf7-form init\" aria-label=\"Formulario de contacto\" novalidate=\"novalidate\" data-status=\"init\" data-trp-original-action=\"\/es\/wp-json\/wp\/v2\/product\/4801#wpcf7-f4619-o1\">\n<div style=\"display: none;\">\n<input type=\"hidden\" name=\"_wpcf7\" value=\"4619\" \/>\n<input type=\"hidden\" name=\"_wpcf7_version\" value=\"6.0.4\" \/>\n<input type=\"hidden\" name=\"_wpcf7_locale\" value=\"en_US\" \/>\n<input type=\"hidden\" name=\"_wpcf7_unit_tag\" value=\"wpcf7-f4619-o1\" \/>\n<input type=\"hidden\" name=\"_wpcf7_container_post\" value=\"0\" \/>\n<input type=\"hidden\" name=\"_wpcf7_posted_data_hash\" value=\"\" \/>\n<\/div>\n<p><label> Su nombre<br \/>\n<span class=\"wpcf7-form-control-wrap\" data-name=\"your-name\"><input size=\"40\" maxlength=\"400\" class=\"wpcf7-form-control wpcf7-text wpcf7-validates-as-required\" aria-required=\"true\" aria-invalid=\"false\" value=\"\" type=\"text\" name=\"your-name\" \/><\/span> <\/label>\n<\/p>\n<p><label> Su pa\u00eds<br \/>\n<span class=\"wpcf7-form-control-wrap\" data-name=\"your-country\"><input size=\"40\" maxlength=\"400\" class=\"wpcf7-form-control wpcf7-text\" aria-invalid=\"false\" value=\"\" type=\"text\" name=\"your-country\" \/><\/span><\/label>\n<\/p>\n<p><label> Su correo electr\u00f3nico<br \/>\n<span class=\"wpcf7-form-control-wrap\" data-name=\"your-email\"><input size=\"40\" maxlength=\"400\" class=\"wpcf7-form-control wpcf7-email wpcf7-validates-as-required wpcf7-text wpcf7-validates-as-email\" aria-required=\"true\" aria-invalid=\"false\" value=\"\" type=\"email\" name=\"your-email\" \/><\/span> <\/label>\n<\/p>\n<p><label> Tu tel\u00e9fono<br \/>\n<span class=\"wpcf7-form-control-wrap\" data-name=\"your-phone\"><input size=\"40\" maxlength=\"400\" class=\"wpcf7-form-control wpcf7-tel wpcf7-text wpcf7-validates-as-tel\" aria-invalid=\"false\" value=\"\" type=\"tel\" name=\"your-phone\" \/><\/span> <\/label>\n<\/p>\n<p><label> Nombre de su empresa<br \/>\n<span class=\"wpcf7-form-control-wrap\" data-name=\"text-457\"><input size=\"40\" maxlength=\"400\" class=\"wpcf7-form-control wpcf7-text\" aria-invalid=\"false\" value=\"\" type=\"text\" name=\"text-457\" \/><\/span> <\/label>\n<\/p>\n<p><label> El sitio web de su empresa<br \/>\n<span class=\"wpcf7-form-control-wrap\" data-name=\"text-546\"><input size=\"40\" maxlength=\"400\" class=\"wpcf7-form-control wpcf7-text\" aria-invalid=\"false\" value=\"\" type=\"text\" name=\"text-546\" \/><\/span> <\/label>\n<\/p>\n<p><label> Sus requisitos*<br \/>\n<span class=\"wpcf7-form-control-wrap\" data-name=\"your-message\"><textarea cols=\"40\" rows=\"10\" maxlength=\"2000\" class=\"wpcf7-form-control wpcf7-textarea wpcf7-validates-as-required\" aria-required=\"true\" aria-invalid=\"false\" name=\"your-message\"><\/textarea><\/span> <\/label>\n<\/p>\n<p><input class=\"wpcf7-form-control wpcf7-submit has-spinner\" type=\"submit\" value=\"Enviar\" \/>\n<\/p><p style=\"display: none !important;\" class=\"akismet-fields-container\" data-prefix=\"_wpcf7_ak_\"><label>&#916;<textarea name=\"_wpcf7_ak_hp_textarea\" cols=\"45\" rows=\"8\" maxlength=\"100\"><\/textarea><\/label><input type=\"hidden\" id=\"ak_js_1\" name=\"_wpcf7_ak_js\" value=\"169\"\/><script>document.getElementById( \"ak_js_1\" ).setAttribute( \"value\", ( new Date() ).getTime() );<\/script><\/p><div class=\"wpcf7-response-output\" aria-hidden=\"true\"><\/div>\n<input type=\"hidden\" name=\"trp-form-language\" value=\"es\"\/><\/form>\n<\/div>\n\n<div style='text-align:left' class='yasr-auto-insert-visitor'><\/div>","protected":false},"excerpt":{"rendered":"<p>Marca: GELGOOG<\/p>\n<p>Capacidad: 1000KG\/H<\/p>\n<p>Correo electr\u00f3nico: shanna@machinehall.com<\/p>\n<p>Tel\uff1a+8618638676709<\/p>","protected":false},"featured_media":4805,"comment_status":"open","ping_status":"closed","template":"","meta":{"site-sidebar-layout":"default","site-content-layout":"","ast-site-content-layout":"default","site-content-style":"default","site-sidebar-style":"default","ast-global-header-display":"","ast-banner-title-visibility":"","ast-main-header-display":"","ast-hfb-above-header-display":"","ast-hfb-below-header-display":"","ast-hfb-mobile-header-display":"","site-post-title":"","ast-breadcrumbs-content":"","ast-featured-img":"","footer-sml-layout":"","theme-transparent-header-meta":"default","adv-header-id-meta":"","stick-header-meta":"","header-above-stick-meta":"","header-main-stick-meta":"","header-below-stick-meta":"","astra-migrate-meta-layouts":"set","ast-page-background-enabled":"default","ast-page-background-meta":{"desktop":{"background-color":"","background-image":"","background-repeat":"repeat","background-position":"center center","background-size":"auto","background-attachment":"scroll","background-type":"","background-media":"","overlay-type":"","overlay-color":"","overlay-opacity":"","overlay-gradient":""},"tablet":{"background-color":"","background-image":"","background-repeat":"repeat","background-position":"center center","background-size":"auto","background-attachment":"scroll","background-type":"","background-media":"","overlay-type":"","overlay-color":"","overlay-opacity":"","overlay-gradient":""},"mobile":{"background-color":"","background-image":"","background-repeat":"repeat","background-position":"center center","background-size":"auto","background-attachment":"scroll","background-type":"","background-media":"","overlay-type":"","overlay-color":"","overlay-opacity":"","overlay-gradient":""}},"ast-content-background-meta":{"desktop":{"background-color":"var(--ast-global-color-5)","background-image":"","background-repeat":"repeat","background-position":"center center","background-size":"auto","background-attachment":"scroll","background-type":"","background-media":"","overlay-type":"","overlay-color":"","overlay-opacity":"","overlay-gradient":""},"tablet":{"background-color":"var(--ast-global-color-5)","background-image":"","background-repeat":"repeat","background-position":"center center","background-size":"auto","background-attachment":"scroll","background-type":"","background-media":"","overlay-type":"","overlay-color":"","overlay-opacity":"","overlay-gradient":""},"mobile":{"background-color":"var(--ast-global-color-5)","background-image":"","background-repeat":"repeat","background-position":"center center","background-size":"auto","background-attachment":"scroll","background-type":"","background-media":"","overlay-type":"","overlay-color":"","overlay-opacity":"","overlay-gradient":""}},"yasr_overall_rating":0,"yasr_post_is_review":"","yasr_auto_insert_disabled":"","yasr_review_type":""},"product_brand":[],"product_cat":[25],"product_tag":[],"class_list":{"0":"post-4801","1":"product","2":"type-product","3":"status-publish","4":"has-post-thumbnail","6":"product_cat-soft-biscuit-production-line","7":"desktop-align-left","8":"tablet-align-left","9":"mobile-align-left","11":"first","12":"instock","13":"shipping-taxable","14":"product-type-simple"},"yoast_head":"<!-- This site is optimized with the Yoast SEO plugin v24.4 - https:\/\/yoast.com\/wordpress\/plugins\/seo\/ -->\n<title>Core Bear Cracker Production Line Production and Supply - Biscuit Production Solution Manufacturer<\/title>\n<meta name=\"description\" content=\"core bear cracker production line is a complete set of equipment for producing crackers, covering dough mixing, sheeting, molding, baking and other links.\" \/>\n<meta name=\"robots\" content=\"index, follow, max-snippet:-1, max-image-preview:large, max-video-preview:-1\" \/>\n<link rel=\"canonical\" href=\"https:\/\/www.biscuitsolution.com\/es\/producto\/core-bear-cracker-production-line-production-and-supply\/\" \/>\n<meta property=\"og:locale\" content=\"es_ES\" \/>\n<meta property=\"og:type\" content=\"article\" \/>\n<meta property=\"og:title\" content=\"Core Bear Cracker Production Line Production and Supply - Biscuit Production Solution Manufacturer\" \/>\n<meta property=\"og:description\" content=\"core bear cracker production line is a complete set of equipment for producing crackers, covering dough mixing, sheeting, molding, baking and other links.\" \/>\n<meta property=\"og:url\" content=\"https:\/\/www.biscuitsolution.com\/es\/producto\/core-bear-cracker-production-line-production-and-supply\/\" \/>\n<meta property=\"og:site_name\" content=\"Biscuit Production Solution Manufacturer\" \/>\n<meta property=\"article:publisher\" content=\"https:\/\/www.facebook.com\/profile.php?id=100095205040823\" \/>\n<meta property=\"article:modified_time\" content=\"2025-03-14T23:33:01+00:00\" \/>\n<meta property=\"og:image\" content=\"https:\/\/www.biscuitsolution.com\/wp-content\/uploads\/2025\/02\/\u4e3b\u56fe-17.jpg\" \/>\n\t<meta property=\"og:image:width\" content=\"600\" \/>\n\t<meta property=\"og:image:height\" content=\"600\" \/>\n\t<meta property=\"og:image:type\" content=\"image\/jpeg\" \/>\n<meta name=\"twitter:card\" content=\"summary_large_image\" \/>\n<meta name=\"twitter:site\" content=\"@shanna_zha26342\" \/>\n<meta name=\"twitter:label1\" content=\"Tiempo de lectura\" \/>\n\t<meta name=\"twitter:data1\" content=\"4 minutos\" \/>\n<script type=\"application\/ld+json\" class=\"yoast-schema-graph\">{\"@context\":\"https:\/\/schema.org\",\"@graph\":[{\"@type\":\"WebPage\",\"@id\":\"https:\/\/www.biscuitsolution.com\/product\/core-bear-cracker-production-line-production-and-supply\/\",\"url\":\"https:\/\/www.biscuitsolution.com\/product\/core-bear-cracker-production-line-production-and-supply\/\",\"name\":\"Core Bear Cracker Production Line Production and Supply - Biscuit Production Solution Manufacturer\",\"isPartOf\":{\"@id\":\"https:\/\/www.biscuitsolution.com\/#website\"},\"primaryImageOfPage\":{\"@id\":\"https:\/\/www.biscuitsolution.com\/product\/core-bear-cracker-production-line-production-and-supply\/#primaryimage\"},\"image\":{\"@id\":\"https:\/\/www.biscuitsolution.com\/product\/core-bear-cracker-production-line-production-and-supply\/#primaryimage\"},\"thumbnailUrl\":\"https:\/\/www.biscuitsolution.com\/wp-content\/uploads\/2025\/02\/\u4e3b\u56fe-17.jpg\",\"datePublished\":\"2025-02-21T09:40:34+00:00\",\"dateModified\":\"2025-03-14T23:33:01+00:00\",\"description\":\"core bear cracker production line is a complete set of equipment for producing crackers, covering dough mixing, sheeting, molding, baking and other links.\",\"breadcrumb\":{\"@id\":\"https:\/\/www.biscuitsolution.com\/product\/core-bear-cracker-production-line-production-and-supply\/#breadcrumb\"},\"inLanguage\":\"es\",\"potentialAction\":[{\"@type\":\"ReadAction\",\"target\":[\"https:\/\/www.biscuitsolution.com\/product\/core-bear-cracker-production-line-production-and-supply\/\"]}]},{\"@type\":\"ImageObject\",\"inLanguage\":\"es\",\"@id\":\"https:\/\/www.biscuitsolution.com\/product\/core-bear-cracker-production-line-production-and-supply\/#primaryimage\",\"url\":\"https:\/\/www.biscuitsolution.com\/wp-content\/uploads\/2025\/02\/\u4e3b\u56fe-17.jpg\",\"contentUrl\":\"https:\/\/www.biscuitsolution.com\/wp-content\/uploads\/2025\/02\/\u4e3b\u56fe-17.jpg\",\"width\":600,\"height\":600,\"caption\":\"core bear cracker production line\"},{\"@type\":\"BreadcrumbList\",\"@id\":\"https:\/\/www.biscuitsolution.com\/product\/core-bear-cracker-production-line-production-and-supply\/#breadcrumb\",\"itemListElement\":[{\"@type\":\"ListItem\",\"position\":1,\"name\":\"Home\",\"item\":\"https:\/\/www.biscuitsolution.com\/\"},{\"@type\":\"ListItem\",\"position\":2,\"name\":\"Product\",\"item\":\"https:\/\/www.biscuitsolution.com\/product\/\"},{\"@type\":\"ListItem\",\"position\":3,\"name\":\"Core Bear Cracker Production Line Production and Supply\"}]},{\"@type\":\"WebSite\",\"@id\":\"https:\/\/www.biscuitsolution.com\/#website\",\"url\":\"https:\/\/www.biscuitsolution.com\/\",\"name\":\"Biscuit Production Solution Manufacturer\",\"description\":\"\",\"potentialAction\":[{\"@type\":\"SearchAction\",\"target\":{\"@type\":\"EntryPoint\",\"urlTemplate\":\"https:\/\/www.biscuitsolution.com\/?s={search_term_string}\"},\"query-input\":{\"@type\":\"PropertyValueSpecification\",\"valueRequired\":true,\"valueName\":\"search_term_string\"}}],\"inLanguage\":\"es\"},false]}<\/script>\n<!-- \/ Yoast SEO plugin. -->","yoast_head_json":{"title":"L\u00ednea de producci\u00f3n y suministro de galletas Core Bear Cracker - Fabricante de soluciones para la producci\u00f3n de galletas","description":"La l\u00ednea de producci\u00f3n de galletas core bear es un conjunto completo de equipos para la producci\u00f3n de galletas, que abarca la mezcla de masas, el laminado, el moldeado, el horneado y otros eslabones.","robots":{"index":"index","follow":"follow","max-snippet":"max-snippet:-1","max-image-preview":"max-image-preview:large","max-video-preview":"max-video-preview:-1"},"canonical":"https:\/\/www.biscuitsolution.com\/es\/producto\/core-bear-cracker-production-line-production-and-supply\/","og_locale":"es_ES","og_type":"article","og_title":"Core Bear Cracker Production Line Production and Supply - Biscuit Production Solution Manufacturer","og_description":"core bear cracker production line is a complete set of equipment for producing crackers, covering dough mixing, sheeting, molding, baking and other links.","og_url":"https:\/\/www.biscuitsolution.com\/es\/producto\/core-bear-cracker-production-line-production-and-supply\/","og_site_name":"Biscuit Production Solution Manufacturer","article_publisher":"https:\/\/www.facebook.com\/profile.php?id=100095205040823","article_modified_time":"2025-03-14T23:33:01+00:00","og_image":[{"width":600,"height":600,"url":"https:\/\/www.biscuitsolution.com\/wp-content\/uploads\/2025\/02\/\u4e3b\u56fe-17.jpg","type":"image\/jpeg"}],"twitter_card":"summary_large_image","twitter_site":"@shanna_zha26342","twitter_misc":{"Tiempo de lectura":"4 minutos"},"schema":{"@context":"https:\/\/schema.org","@graph":[{"@type":"WebPage","@id":"https:\/\/www.biscuitsolution.com\/product\/core-bear-cracker-production-line-production-and-supply\/","url":"https:\/\/www.biscuitsolution.com\/product\/core-bear-cracker-production-line-production-and-supply\/","name":"L\u00ednea de producci\u00f3n y suministro de galletas Core Bear Cracker - Fabricante de soluciones para la producci\u00f3n de galletas","isPartOf":{"@id":"https:\/\/www.biscuitsolution.com\/#website"},"primaryImageOfPage":{"@id":"https:\/\/www.biscuitsolution.com\/product\/core-bear-cracker-production-line-production-and-supply\/#primaryimage"},"image":{"@id":"https:\/\/www.biscuitsolution.com\/product\/core-bear-cracker-production-line-production-and-supply\/#primaryimage"},"thumbnailUrl":"https:\/\/www.biscuitsolution.com\/wp-content\/uploads\/2025\/02\/\u4e3b\u56fe-17.jpg","datePublished":"2025-02-21T09:40:34+00:00","dateModified":"2025-03-14T23:33:01+00:00","description":"La l\u00ednea de producci\u00f3n de galletas core bear es un conjunto completo de equipos para la producci\u00f3n de galletas, que abarca la mezcla de masas, el laminado, el moldeado, el horneado y otros eslabones.","breadcrumb":{"@id":"https:\/\/www.biscuitsolution.com\/product\/core-bear-cracker-production-line-production-and-supply\/#breadcrumb"},"inLanguage":"es","potentialAction":[{"@type":"ReadAction","target":["https:\/\/www.biscuitsolution.com\/product\/core-bear-cracker-production-line-production-and-supply\/"]}]},{"@type":"ImageObject","inLanguage":"es","@id":"https:\/\/www.biscuitsolution.com\/product\/core-bear-cracker-production-line-production-and-supply\/#primaryimage","url":"https:\/\/www.biscuitsolution.com\/wp-content\/uploads\/2025\/02\/\u4e3b\u56fe-17.jpg","contentUrl":"https:\/\/www.biscuitsolution.com\/wp-content\/uploads\/2025\/02\/\u4e3b\u56fe-17.jpg","width":600,"height":600,"caption":"core bear cracker production line"},{"@type":"BreadcrumbList","@id":"https:\/\/www.biscuitsolution.com\/product\/core-bear-cracker-production-line-production-and-supply\/#breadcrumb","itemListElement":[{"@type":"ListItem","position":1,"name":"Home","item":"https:\/\/www.biscuitsolution.com\/"},{"@type":"ListItem","position":2,"name":"Product","item":"https:\/\/www.biscuitsolution.com\/product\/"},{"@type":"ListItem","position":3,"name":"Core Bear Cracker Production Line Production and Supply"}]},{"@type":"WebSite","@id":"https:\/\/www.biscuitsolution.com\/#website","url":"https:\/\/www.biscuitsolution.com\/","name":"Fabricante de soluciones para la producci\u00f3n de galletas","description":"","potentialAction":[{"@type":"SearchAction","target":{"@type":"EntryPoint","urlTemplate":"https:\/\/www.biscuitsolution.com\/?s={search_term_string}"},"query-input":{"@type":"PropertyValueSpecification","valueRequired":true,"valueName":"search_term_string"}}],"inLanguage":"es"},false]}},"yasr_visitor_votes":{"stars_attributes":{"read_only":false,"span_bottom":false},"number_of_votes":1,"sum_votes":5},"_links":{"self":[{"href":"https:\/\/www.biscuitsolution.com\/es\/wp-json\/wp\/v2\/product\/4801","targetHints":{"allow":["GET"]}}],"collection":[{"href":"https:\/\/www.biscuitsolution.com\/es\/wp-json\/wp\/v2\/product"}],"about":[{"href":"https:\/\/www.biscuitsolution.com\/es\/wp-json\/wp\/v2\/types\/product"}],"replies":[{"embeddable":true,"href":"https:\/\/www.biscuitsolution.com\/es\/wp-json\/wp\/v2\/comments?post=4801"}],"version-history":[{"count":1,"href":"https:\/\/www.biscuitsolution.com\/es\/wp-json\/wp\/v2\/product\/4801\/revisions"}],"predecessor-version":[{"id":4806,"href":"https:\/\/www.biscuitsolution.com\/es\/wp-json\/wp\/v2\/product\/4801\/revisions\/4806"}],"wp:featuredmedia":[{"embeddable":true,"href":"https:\/\/www.biscuitsolution.com\/es\/wp-json\/wp\/v2\/media\/4805"}],"wp:attachment":[{"href":"https:\/\/www.biscuitsolution.com\/es\/wp-json\/wp\/v2\/media?parent=4801"}],"wp:term":[{"taxonomy":"product_brand","embeddable":true,"href":"https:\/\/www.biscuitsolution.com\/es\/wp-json\/wp\/v2\/product_brand?post=4801"},{"taxonomy":"product_cat","embeddable":true,"href":"https:\/\/www.biscuitsolution.com\/es\/wp-json\/wp\/v2\/product_cat?post=4801"},{"taxonomy":"product_tag","embeddable":true,"href":"https:\/\/www.biscuitsolution.com\/es\/wp-json\/wp\/v2\/product_tag?post=4801"}],"curies":[{"name":"wp","href":"https:\/\/api.w.org\/{rel}","templated":true}]}}