{"id":4795,"date":"2025-02-21T09:35:10","date_gmt":"2025-02-21T09:35:10","guid":{"rendered":"https:\/\/www.biscuitsolution.com\/?post_type=product&#038;p=4795"},"modified":"2025-02-25T01:40:45","modified_gmt":"2025-02-25T01:40:45","slug":"automatic-sandwich-cracker-production-line","status":"publish","type":"product","link":"https:\/\/www.biscuitsolution.com\/es\/producto\/automatic-sandwich-cracker-production-line\/","title":{"rendered":"L\u00ednea de producci\u00f3n autom\u00e1tica de galletas sandwich de alta eficiencia"},"content":{"rendered":"<h2>L\u00ednea de producci\u00f3n autom\u00e1tica de galletas sandwich<\/h2>\n<p>La l\u00ednea de producci\u00f3n consta de un sistema de procesamiento de materias primas, que incluye equipos de almacenamiento, pesaje y transporte; un sistema de preparaci\u00f3n de la masa, que incluye dispositivos de mezcla y fermentaci\u00f3n; una m\u00e1quina formadora de galletas; un sistema de llenado, que incluye equipos de almacenamiento y llenado preciso; un horno de cocci\u00f3n; un sistema de refrigeraci\u00f3n y envasado, y un sistema de control inteligente.<\/p>\n<p><img fetchpriority=\"high\" decoding=\"async\" class=\"alignnone size-full wp-image-4796\" src=\"https:\/\/www.biscuitsolution.com\/wp-content\/uploads\/2025\/02\/automatic-sandwich-crackers-production-line.jpg\" alt=\"l\u00ednea de producci\u00f3n autom\u00e1tica de galletas sandwich\" width=\"800\" height=\"450\" srcset=\"https:\/\/www.biscuitsolution.com\/wp-content\/uploads\/2025\/02\/automatic-sandwich-crackers-production-line.jpg 800w, https:\/\/www.biscuitsolution.com\/wp-content\/uploads\/2025\/02\/automatic-sandwich-crackers-production-line-600x338.jpg 600w, https:\/\/www.biscuitsolution.com\/wp-content\/uploads\/2025\/02\/automatic-sandwich-crackers-production-line-300x169.jpg 300w, https:\/\/www.biscuitsolution.com\/wp-content\/uploads\/2025\/02\/automatic-sandwich-crackers-production-line-768x432.jpg 768w\" sizes=\"(max-width: 800px) 100vw, 800px\" \/><\/p>\n<h2>La l\u00ednea de producci\u00f3n de galletas sandwich aporta valor al cliente<\/h2>\n<ul>\n<li>Producci\u00f3n r\u00e1pida y continua: La l\u00ednea de producci\u00f3n automatizada puede lograr una producci\u00f3n ininterrumpida de 24 horas. En comparaci\u00f3n con la producci\u00f3n manual, la eficiencia se mejora enormemente, lo que puede acortar eficazmente el ciclo de producci\u00f3n y satisfacer el r\u00e1pido crecimiento de la demanda del mercado.<\/li>\n<li>Reducci\u00f3n de los costes laborales: Reducci\u00f3n de la dependencia de un gran n\u00famero de mano de obra, una l\u00ednea de producci\u00f3n automatizada s\u00f3lo requiere unos pocos operadores para supervisar y mantener, lo que reduce los costes laborales y de gesti\u00f3n, y mejora los beneficios econ\u00f3micos de la empresa.<\/li>\n<li>Control preciso de los par\u00e1metros del proceso: La temperatura de horneado, el tiempo, la cantidad de s\u00e1ndwich y otros par\u00e1metros clave de las galletas pueden controlarse con precisi\u00f3n para garantizar que el sabor, el aroma y el aspecto de cada galleta de s\u00e1ndwich sean muy uniformes, mejorar la estabilidad y fiabilidad del producto y aumentar la confianza de los consumidores en la marca.<\/li>\n<li>Cumplimiento de las normas de seguridad alimentaria: En el proceso de producci\u00f3n totalmente automatizado, se reduce la contaminaci\u00f3n de los productos por factores humanos, el entorno de producci\u00f3n es m\u00e1s higi\u00e9nico, el proceso de producci\u00f3n se ajusta m\u00e1s a las normas de seguridad alimentaria y se reducen los riesgos para la seguridad alimentaria.<\/li>\n<\/ul>\n<p><img decoding=\"async\" class=\"alignnone size-full wp-image-4797\" src=\"https:\/\/www.biscuitsolution.com\/wp-content\/uploads\/2025\/02\/sandwich-cracker-production-line.jpg\" alt=\"l\u00ednea de producci\u00f3n autom\u00e1tica de galletas sandwich\" width=\"800\" height=\"450\" srcset=\"https:\/\/www.biscuitsolution.com\/wp-content\/uploads\/2025\/02\/sandwich-cracker-production-line.jpg 800w, https:\/\/www.biscuitsolution.com\/wp-content\/uploads\/2025\/02\/sandwich-cracker-production-line-600x338.jpg 600w, https:\/\/www.biscuitsolution.com\/wp-content\/uploads\/2025\/02\/sandwich-cracker-production-line-300x169.jpg 300w, https:\/\/www.biscuitsolution.com\/wp-content\/uploads\/2025\/02\/sandwich-cracker-production-line-768x432.jpg 768w\" sizes=\"(max-width: 800px) 100vw, 800px\" \/><\/p>\n<h2>L\u00ednea de producci\u00f3n autom\u00e1tica de galletas sandwich Escenarios aplicables<\/h2>\n<ol>\n<li>Producci\u00f3n a gran escala de empresas de procesamiento de alimentos: Adecuado para f\u00e1bricas de alimentos a gran escala, que pueden satisfacer las necesidades de galletas de s\u00e1ndwich a gran escala producidas diariamente, como las f\u00e1bricas de producci\u00f3n de marcas como Danone y Oreo, utilizando l\u00edneas de producci\u00f3n automatizadas para lograr una producci\u00f3n a gran escala eficiente y estable, garantizando la puntualidad y la adecuaci\u00f3n del suministro de productos.<\/li>\n<li>Ampliaci\u00f3n de la capacidad y mejora de la calidad de las medianas empresas alimentarias: Para las medianas empresas alimentarias con una cierta escala y que desean ampliar su escala de producci\u00f3n y mejorar la estabilidad de la calidad del producto, la l\u00ednea automatizada de producci\u00f3n de galletas sandwich puede garantizar la consistencia de indicadores como el peso, el volumen del sandwich y el grado de cocci\u00f3n de cada galleta sandwich al tiempo que aumenta la capacidad de producci\u00f3n, lo que ayuda a mejorar la imagen de marca y la competitividad en el mercado.<\/li>\n<li>Producci\u00f3n personalizada de pasteler\u00edas y peque\u00f1as f\u00e1bricas de alimentos: Algunas pasteler\u00edas o peque\u00f1as f\u00e1bricas de alimentos que se centran en las caracter\u00edsticas y la personalizaci\u00f3n del producto pueden utilizar esta l\u00ednea de producci\u00f3n para personalizar lotes peque\u00f1os y m\u00faltiples variedades de galletas de s\u00e1ndwich.<\/li>\n<\/ol>\n<p><img decoding=\"async\" class=\"alignnone size-full wp-image-4798\" src=\"https:\/\/www.biscuitsolution.com\/wp-content\/uploads\/2025\/02\/sandwich-cracker-production-lines.jpg\" alt=\"l\u00ednea de producci\u00f3n autom\u00e1tica de galletas sandwich\" width=\"800\" height=\"450\" srcset=\"https:\/\/www.biscuitsolution.com\/wp-content\/uploads\/2025\/02\/sandwich-cracker-production-lines.jpg 800w, https:\/\/www.biscuitsolution.com\/wp-content\/uploads\/2025\/02\/sandwich-cracker-production-lines-600x338.jpg 600w, https:\/\/www.biscuitsolution.com\/wp-content\/uploads\/2025\/02\/sandwich-cracker-production-lines-300x169.jpg 300w, https:\/\/www.biscuitsolution.com\/wp-content\/uploads\/2025\/02\/sandwich-cracker-production-lines-768x432.jpg 768w\" sizes=\"(max-width: 800px) 100vw, 800px\" \/><\/p>\n<h2>Deje un mensaje para obtener un presupuesto<\/h2>\n\n<div class=\"wpcf7 no-js\" id=\"wpcf7-f4619-o1\" lang=\"en-US\" dir=\"ltr\" data-wpcf7-id=\"4619\">\n<div class=\"screen-reader-response\"><p role=\"status\" aria-live=\"polite\" aria-atomic=\"true\"><\/p> <ul><\/ul><\/div>\n<form action=\"\/es\/wp-json\/wp\/v2\/product\/4795#wpcf7-f4619-o1\" method=\"post\" class=\"wpcf7-form init\" aria-label=\"Formulario de contacto\" novalidate=\"novalidate\" data-status=\"init\" data-trp-original-action=\"\/es\/wp-json\/wp\/v2\/product\/4795#wpcf7-f4619-o1\">\n<div style=\"display: none;\">\n<input type=\"hidden\" name=\"_wpcf7\" value=\"4619\" \/>\n<input type=\"hidden\" name=\"_wpcf7_version\" value=\"6.0.4\" \/>\n<input type=\"hidden\" name=\"_wpcf7_locale\" value=\"en_US\" \/>\n<input type=\"hidden\" name=\"_wpcf7_unit_tag\" value=\"wpcf7-f4619-o1\" \/>\n<input type=\"hidden\" name=\"_wpcf7_container_post\" value=\"0\" \/>\n<input type=\"hidden\" name=\"_wpcf7_posted_data_hash\" value=\"\" \/>\n<\/div>\n<p><label> Su nombre<br \/>\n<span class=\"wpcf7-form-control-wrap\" data-name=\"your-name\"><input size=\"40\" maxlength=\"400\" class=\"wpcf7-form-control wpcf7-text wpcf7-validates-as-required\" aria-required=\"true\" aria-invalid=\"false\" value=\"\" type=\"text\" name=\"your-name\" \/><\/span> <\/label>\n<\/p>\n<p><label> Su pa\u00eds<br \/>\n<span class=\"wpcf7-form-control-wrap\" data-name=\"your-country\"><input size=\"40\" maxlength=\"400\" class=\"wpcf7-form-control wpcf7-text\" aria-invalid=\"false\" value=\"\" type=\"text\" name=\"your-country\" \/><\/span><\/label>\n<\/p>\n<p><label> Su correo electr\u00f3nico<br \/>\n<span class=\"wpcf7-form-control-wrap\" data-name=\"your-email\"><input size=\"40\" maxlength=\"400\" class=\"wpcf7-form-control wpcf7-email wpcf7-validates-as-required wpcf7-text wpcf7-validates-as-email\" aria-required=\"true\" aria-invalid=\"false\" value=\"\" type=\"email\" name=\"your-email\" \/><\/span> <\/label>\n<\/p>\n<p><label> Tu tel\u00e9fono<br \/>\n<span class=\"wpcf7-form-control-wrap\" data-name=\"your-phone\"><input size=\"40\" maxlength=\"400\" class=\"wpcf7-form-control wpcf7-tel wpcf7-text wpcf7-validates-as-tel\" aria-invalid=\"false\" value=\"\" type=\"tel\" name=\"your-phone\" \/><\/span> <\/label>\n<\/p>\n<p><label> Nombre de su empresa<br \/>\n<span class=\"wpcf7-form-control-wrap\" data-name=\"text-457\"><input size=\"40\" maxlength=\"400\" class=\"wpcf7-form-control wpcf7-text\" aria-invalid=\"false\" value=\"\" type=\"text\" name=\"text-457\" \/><\/span> <\/label>\n<\/p>\n<p><label> El sitio web de su empresa<br \/>\n<span class=\"wpcf7-form-control-wrap\" data-name=\"text-546\"><input size=\"40\" maxlength=\"400\" class=\"wpcf7-form-control wpcf7-text\" aria-invalid=\"false\" value=\"\" type=\"text\" name=\"text-546\" \/><\/span> <\/label>\n<\/p>\n<p><label> Sus requisitos*<br \/>\n<span class=\"wpcf7-form-control-wrap\" data-name=\"your-message\"><textarea cols=\"40\" rows=\"10\" maxlength=\"2000\" class=\"wpcf7-form-control wpcf7-textarea wpcf7-validates-as-required\" aria-required=\"true\" aria-invalid=\"false\" name=\"your-message\"><\/textarea><\/span> <\/label>\n<\/p>\n<p><input class=\"wpcf7-form-control wpcf7-submit has-spinner\" type=\"submit\" value=\"Enviar\" \/>\n<\/p><p style=\"display: none !important;\" class=\"akismet-fields-container\" data-prefix=\"_wpcf7_ak_\"><label>&#916;<textarea name=\"_wpcf7_ak_hp_textarea\" cols=\"45\" rows=\"8\" maxlength=\"100\"><\/textarea><\/label><input type=\"hidden\" id=\"ak_js_1\" name=\"_wpcf7_ak_js\" value=\"162\"\/><script>document.getElementById( \"ak_js_1\" ).setAttribute( \"value\", ( new Date() ).getTime() );<\/script><\/p><div class=\"wpcf7-response-output\" aria-hidden=\"true\"><\/div>\n<input type=\"hidden\" name=\"trp-form-language\" value=\"es\"\/><\/form>\n<\/div>\n\n<div style='text-align:left' class='yasr-auto-insert-visitor'><\/div>","protected":false},"excerpt":{"rendered":"<p>Marca: GELGOOG<\/p>\n<p>Tensi\u00f3n: 380 V<\/p>\n<p>Rendimiento: 500-1200KG\/H<\/p>\n<p>Correo electr\u00f3nico: shanna@machinehall.com<\/p>\n<p>Tel\u00e9fono: +8618638676709<\/p>","protected":false},"featured_media":4799,"comment_status":"open","ping_status":"closed","template":"","meta":{"site-sidebar-layout":"default","site-content-layout":"","ast-site-content-layout":"default","site-content-style":"default","site-sidebar-style":"default","ast-global-header-display":"","ast-banner-title-visibility":"","ast-main-header-display":"","ast-hfb-above-header-display":"","ast-hfb-below-header-display":"","ast-hfb-mobile-header-display":"","site-post-title":"","ast-breadcrumbs-content":"","ast-featured-img":"","footer-sml-layout":"","theme-transparent-header-meta":"default","adv-header-id-meta":"","stick-header-meta":"","header-above-stick-meta":"","header-main-stick-meta":"","header-below-stick-meta":"","astra-migrate-meta-layouts":"set","ast-page-background-enabled":"default","ast-page-background-meta":{"desktop":{"background-color":"","background-image":"","background-repeat":"repeat","background-position":"center center","background-size":"auto","background-attachment":"scroll","background-type":"","background-media":"","overlay-type":"","overlay-color":"","overlay-opacity":"","overlay-gradient":""},"tablet":{"background-color":"","background-image":"","background-repeat":"repeat","background-position":"center center","background-size":"auto","background-attachment":"scroll","background-type":"","background-media":"","overlay-type":"","overlay-color":"","overlay-opacity":"","overlay-gradient":""},"mobile":{"background-color":"","background-image":"","background-repeat":"repeat","background-position":"center center","background-size":"auto","background-attachment":"scroll","background-type":"","background-media":"","overlay-type":"","overlay-color":"","overlay-opacity":"","overlay-gradient":""}},"ast-content-background-meta":{"desktop":{"background-color":"var(--ast-global-color-5)","background-image":"","background-repeat":"repeat","background-position":"center center","background-size":"auto","background-attachment":"scroll","background-type":"","background-media":"","overlay-type":"","overlay-color":"","overlay-opacity":"","overlay-gradient":""},"tablet":{"background-color":"var(--ast-global-color-5)","background-image":"","background-repeat":"repeat","background-position":"center center","background-size":"auto","background-attachment":"scroll","background-type":"","background-media":"","overlay-type":"","overlay-color":"","overlay-opacity":"","overlay-gradient":""},"mobile":{"background-color":"var(--ast-global-color-5)","background-image":"","background-repeat":"repeat","background-position":"center center","background-size":"auto","background-attachment":"scroll","background-type":"","background-media":"","overlay-type":"","overlay-color":"","overlay-opacity":"","overlay-gradient":""}},"yasr_overall_rating":0,"yasr_post_is_review":"","yasr_auto_insert_disabled":"","yasr_review_type":""},"product_brand":[],"product_cat":[22],"product_tag":[],"class_list":{"0":"post-4795","1":"product","2":"type-product","3":"status-publish","4":"has-post-thumbnail","6":"product_cat-hard-biscuit-production-line","7":"desktop-align-left","8":"tablet-align-left","9":"mobile-align-left","11":"first","12":"instock","13":"shipping-taxable","14":"product-type-simple"},"yoast_head":"<!-- This site is optimized with the Yoast SEO plugin v24.4 - https:\/\/yoast.com\/wordpress\/plugins\/seo\/ -->\n<title>Automatic Sandwich Cracker Production Line High Efficiency - Biscuit Production Solution Manufacturer<\/title>\n<meta name=\"description\" content=\"Automatic sandwich cracker production line automated the entire process from dough mixing, molding, and baking to a filling capacity of up to 1200kg\/h.\" \/>\n<meta name=\"robots\" content=\"index, follow, max-snippet:-1, max-image-preview:large, max-video-preview:-1\" \/>\n<link rel=\"canonical\" href=\"https:\/\/www.biscuitsolution.com\/es\/producto\/automatic-sandwich-cracker-production-line\/\" \/>\n<meta property=\"og:locale\" content=\"es_ES\" \/>\n<meta property=\"og:type\" content=\"article\" \/>\n<meta property=\"og:title\" content=\"Automatic Sandwich Cracker Production Line High Efficiency - Biscuit Production Solution Manufacturer\" \/>\n<meta property=\"og:description\" content=\"Automatic sandwich cracker production line automated the entire process from dough mixing, molding, and baking to a filling capacity of up to 1200kg\/h.\" \/>\n<meta property=\"og:url\" content=\"https:\/\/www.biscuitsolution.com\/es\/producto\/automatic-sandwich-cracker-production-line\/\" \/>\n<meta property=\"og:site_name\" content=\"Biscuit Production Solution Manufacturer\" \/>\n<meta property=\"article:publisher\" content=\"https:\/\/www.facebook.com\/profile.php?id=100095205040823\" \/>\n<meta property=\"article:modified_time\" content=\"2025-02-25T01:40:45+00:00\" \/>\n<meta property=\"og:image\" content=\"https:\/\/www.biscuitsolution.com\/wp-content\/uploads\/2025\/02\/automatic-sandwich-cracker-production-line.jpg\" \/>\n\t<meta property=\"og:image:width\" content=\"600\" \/>\n\t<meta property=\"og:image:height\" content=\"600\" \/>\n\t<meta property=\"og:image:type\" content=\"image\/jpeg\" \/>\n<meta name=\"twitter:card\" content=\"summary_large_image\" \/>\n<meta name=\"twitter:site\" content=\"@shanna_zha26342\" \/>\n<meta name=\"twitter:label1\" content=\"Tiempo de lectura\" \/>\n\t<meta name=\"twitter:data1\" content=\"3 minutos\" \/>\n<script type=\"application\/ld+json\" class=\"yoast-schema-graph\">{\"@context\":\"https:\/\/schema.org\",\"@graph\":[{\"@type\":\"WebPage\",\"@id\":\"https:\/\/www.biscuitsolution.com\/product\/automatic-sandwich-cracker-production-line\/\",\"url\":\"https:\/\/www.biscuitsolution.com\/product\/automatic-sandwich-cracker-production-line\/\",\"name\":\"Automatic Sandwich Cracker Production Line High Efficiency - Biscuit Production Solution Manufacturer\",\"isPartOf\":{\"@id\":\"https:\/\/www.biscuitsolution.com\/#website\"},\"primaryImageOfPage\":{\"@id\":\"https:\/\/www.biscuitsolution.com\/product\/automatic-sandwich-cracker-production-line\/#primaryimage\"},\"image\":{\"@id\":\"https:\/\/www.biscuitsolution.com\/product\/automatic-sandwich-cracker-production-line\/#primaryimage\"},\"thumbnailUrl\":\"https:\/\/www.biscuitsolution.com\/wp-content\/uploads\/2025\/02\/automatic-sandwich-cracker-production-line.jpg\",\"datePublished\":\"2025-02-21T09:35:10+00:00\",\"dateModified\":\"2025-02-25T01:40:45+00:00\",\"description\":\"Automatic sandwich cracker production line automated the entire process from dough mixing, molding, and baking to a filling capacity of up to 1200kg\/h.\",\"breadcrumb\":{\"@id\":\"https:\/\/www.biscuitsolution.com\/product\/automatic-sandwich-cracker-production-line\/#breadcrumb\"},\"inLanguage\":\"es\",\"potentialAction\":[{\"@type\":\"ReadAction\",\"target\":[\"https:\/\/www.biscuitsolution.com\/product\/automatic-sandwich-cracker-production-line\/\"]}]},{\"@type\":\"ImageObject\",\"inLanguage\":\"es\",\"@id\":\"https:\/\/www.biscuitsolution.com\/product\/automatic-sandwich-cracker-production-line\/#primaryimage\",\"url\":\"https:\/\/www.biscuitsolution.com\/wp-content\/uploads\/2025\/02\/automatic-sandwich-cracker-production-line.jpg\",\"contentUrl\":\"https:\/\/www.biscuitsolution.com\/wp-content\/uploads\/2025\/02\/automatic-sandwich-cracker-production-line.jpg\",\"width\":600,\"height\":600},{\"@type\":\"BreadcrumbList\",\"@id\":\"https:\/\/www.biscuitsolution.com\/product\/automatic-sandwich-cracker-production-line\/#breadcrumb\",\"itemListElement\":[{\"@type\":\"ListItem\",\"position\":1,\"name\":\"Home\",\"item\":\"https:\/\/www.biscuitsolution.com\/\"},{\"@type\":\"ListItem\",\"position\":2,\"name\":\"Product\",\"item\":\"https:\/\/www.biscuitsolution.com\/product\/\"},{\"@type\":\"ListItem\",\"position\":3,\"name\":\"Automatic Sandwich Cracker Production Line High Efficiency\"}]},{\"@type\":\"WebSite\",\"@id\":\"https:\/\/www.biscuitsolution.com\/#website\",\"url\":\"https:\/\/www.biscuitsolution.com\/\",\"name\":\"Biscuit Production Solution Manufacturer\",\"description\":\"\",\"potentialAction\":[{\"@type\":\"SearchAction\",\"target\":{\"@type\":\"EntryPoint\",\"urlTemplate\":\"https:\/\/www.biscuitsolution.com\/?s={search_term_string}\"},\"query-input\":{\"@type\":\"PropertyValueSpecification\",\"valueRequired\":true,\"valueName\":\"search_term_string\"}}],\"inLanguage\":\"es\"},false]}<\/script>\n<!-- \/ Yoast SEO plugin. -->","yoast_head_json":{"title":"L\u00ednea de producci\u00f3n autom\u00e1tica de galletas sandwich de alta eficiencia - Fabricante de soluciones de producci\u00f3n de galletas","description":"La l\u00ednea de producci\u00f3n autom\u00e1tica de galletas sandwich automatiz\u00f3 todo el proceso, desde la mezcla de la masa, el moldeado y el horneado, hasta una capacidad de llenado de hasta 1200 kg\/h.","robots":{"index":"index","follow":"follow","max-snippet":"max-snippet:-1","max-image-preview":"max-image-preview:large","max-video-preview":"max-video-preview:-1"},"canonical":"https:\/\/www.biscuitsolution.com\/es\/producto\/automatic-sandwich-cracker-production-line\/","og_locale":"es_ES","og_type":"article","og_title":"Automatic Sandwich Cracker Production Line High Efficiency - Biscuit Production Solution Manufacturer","og_description":"Automatic sandwich cracker production line automated the entire process from dough mixing, molding, and baking to a filling capacity of up to 1200kg\/h.","og_url":"https:\/\/www.biscuitsolution.com\/es\/producto\/automatic-sandwich-cracker-production-line\/","og_site_name":"Biscuit Production Solution Manufacturer","article_publisher":"https:\/\/www.facebook.com\/profile.php?id=100095205040823","article_modified_time":"2025-02-25T01:40:45+00:00","og_image":[{"width":600,"height":600,"url":"https:\/\/www.biscuitsolution.com\/wp-content\/uploads\/2025\/02\/automatic-sandwich-cracker-production-line.jpg","type":"image\/jpeg"}],"twitter_card":"summary_large_image","twitter_site":"@shanna_zha26342","twitter_misc":{"Tiempo de lectura":"3 minutos"},"schema":{"@context":"https:\/\/schema.org","@graph":[{"@type":"WebPage","@id":"https:\/\/www.biscuitsolution.com\/product\/automatic-sandwich-cracker-production-line\/","url":"https:\/\/www.biscuitsolution.com\/product\/automatic-sandwich-cracker-production-line\/","name":"L\u00ednea de producci\u00f3n autom\u00e1tica de galletas sandwich de alta eficiencia - Fabricante de soluciones de producci\u00f3n de galletas","isPartOf":{"@id":"https:\/\/www.biscuitsolution.com\/#website"},"primaryImageOfPage":{"@id":"https:\/\/www.biscuitsolution.com\/product\/automatic-sandwich-cracker-production-line\/#primaryimage"},"image":{"@id":"https:\/\/www.biscuitsolution.com\/product\/automatic-sandwich-cracker-production-line\/#primaryimage"},"thumbnailUrl":"https:\/\/www.biscuitsolution.com\/wp-content\/uploads\/2025\/02\/automatic-sandwich-cracker-production-line.jpg","datePublished":"2025-02-21T09:35:10+00:00","dateModified":"2025-02-25T01:40:45+00:00","description":"La l\u00ednea de producci\u00f3n autom\u00e1tica de galletas sandwich automatiz\u00f3 todo el proceso, desde la mezcla de la masa, el moldeado y el horneado, hasta una capacidad de llenado de hasta 1200 kg\/h.","breadcrumb":{"@id":"https:\/\/www.biscuitsolution.com\/product\/automatic-sandwich-cracker-production-line\/#breadcrumb"},"inLanguage":"es","potentialAction":[{"@type":"ReadAction","target":["https:\/\/www.biscuitsolution.com\/product\/automatic-sandwich-cracker-production-line\/"]}]},{"@type":"ImageObject","inLanguage":"es","@id":"https:\/\/www.biscuitsolution.com\/product\/automatic-sandwich-cracker-production-line\/#primaryimage","url":"https:\/\/www.biscuitsolution.com\/wp-content\/uploads\/2025\/02\/automatic-sandwich-cracker-production-line.jpg","contentUrl":"https:\/\/www.biscuitsolution.com\/wp-content\/uploads\/2025\/02\/automatic-sandwich-cracker-production-line.jpg","width":600,"height":600},{"@type":"BreadcrumbList","@id":"https:\/\/www.biscuitsolution.com\/product\/automatic-sandwich-cracker-production-line\/#breadcrumb","itemListElement":[{"@type":"ListItem","position":1,"name":"Home","item":"https:\/\/www.biscuitsolution.com\/"},{"@type":"ListItem","position":2,"name":"Product","item":"https:\/\/www.biscuitsolution.com\/product\/"},{"@type":"ListItem","position":3,"name":"Automatic Sandwich Cracker Production Line High Efficiency"}]},{"@type":"WebSite","@id":"https:\/\/www.biscuitsolution.com\/#website","url":"https:\/\/www.biscuitsolution.com\/","name":"Fabricante de soluciones para la producci\u00f3n de galletas","description":"","potentialAction":[{"@type":"SearchAction","target":{"@type":"EntryPoint","urlTemplate":"https:\/\/www.biscuitsolution.com\/?s={search_term_string}"},"query-input":{"@type":"PropertyValueSpecification","valueRequired":true,"valueName":"search_term_string"}}],"inLanguage":"es"},false]}},"yasr_visitor_votes":{"stars_attributes":{"read_only":false,"span_bottom":false},"number_of_votes":2,"sum_votes":10},"_links":{"self":[{"href":"https:\/\/www.biscuitsolution.com\/es\/wp-json\/wp\/v2\/product\/4795","targetHints":{"allow":["GET"]}}],"collection":[{"href":"https:\/\/www.biscuitsolution.com\/es\/wp-json\/wp\/v2\/product"}],"about":[{"href":"https:\/\/www.biscuitsolution.com\/es\/wp-json\/wp\/v2\/types\/product"}],"replies":[{"embeddable":true,"href":"https:\/\/www.biscuitsolution.com\/es\/wp-json\/wp\/v2\/comments?post=4795"}],"version-history":[{"count":1,"href":"https:\/\/www.biscuitsolution.com\/es\/wp-json\/wp\/v2\/product\/4795\/revisions"}],"predecessor-version":[{"id":4800,"href":"https:\/\/www.biscuitsolution.com\/es\/wp-json\/wp\/v2\/product\/4795\/revisions\/4800"}],"wp:featuredmedia":[{"embeddable":true,"href":"https:\/\/www.biscuitsolution.com\/es\/wp-json\/wp\/v2\/media\/4799"}],"wp:attachment":[{"href":"https:\/\/www.biscuitsolution.com\/es\/wp-json\/wp\/v2\/media?parent=4795"}],"wp:term":[{"taxonomy":"product_brand","embeddable":true,"href":"https:\/\/www.biscuitsolution.com\/es\/wp-json\/wp\/v2\/product_brand?post=4795"},{"taxonomy":"product_cat","embeddable":true,"href":"https:\/\/www.biscuitsolution.com\/es\/wp-json\/wp\/v2\/product_cat?post=4795"},{"taxonomy":"product_tag","embeddable":true,"href":"https:\/\/www.biscuitsolution.com\/es\/wp-json\/wp\/v2\/product_tag?post=4795"}],"curies":[{"name":"wp","href":"https:\/\/api.w.org\/{rel}","templated":true}]}}