{"id":4782,"date":"2025-02-21T09:18:56","date_gmt":"2025-02-21T09:18:56","guid":{"rendered":"https:\/\/www.biscuitsolution.com\/?post_type=product&#038;p=4782"},"modified":"2025-10-24T14:30:58","modified_gmt":"2025-10-24T06:30:58","slug":"chocolate-cookie-making-machine","status":"publish","type":"product","link":"https:\/\/www.biscuitsolution.com\/es\/producto\/chocolate-cookie-making-machine\/","title":{"rendered":"Galleta de chocolate que hace la m\u00e1quina para la venta varios sabores"},"content":{"rendered":"<p>En <strong>m\u00e1quina autom\u00e1tica para hacer galletas de chocolate<\/strong> es un sistema integral dise\u00f1ado para agilizar todo el proceso de producci\u00f3n, transformando los ingredientes crudos en galletas envasadas con una intervenci\u00f3n manual m\u00ednima.<\/p>\n<p>Esta soluci\u00f3n integrada garantiza una calidad constante de los productos, maximiza el rendimiento y mejora significativamente la eficacia de la producci\u00f3n para panader\u00edas y fabricantes de alimentos.<\/p>\n<p><img fetchpriority=\"high\" decoding=\"async\" class=\"alignnone size-full wp-image-4783\" src=\"https:\/\/www.biscuitsolution.com\/wp-content\/uploads\/2025\/02\/chocolate-cookie-making-machines.jpg\" alt=\"m\u00e1quina para hacer galletas de chocolate\" width=\"800\" height=\"450\" srcset=\"https:\/\/www.biscuitsolution.com\/wp-content\/uploads\/2025\/02\/chocolate-cookie-making-machines.jpg 800w, https:\/\/www.biscuitsolution.com\/wp-content\/uploads\/2025\/02\/chocolate-cookie-making-machines-600x338.jpg 600w, https:\/\/www.biscuitsolution.com\/wp-content\/uploads\/2025\/02\/chocolate-cookie-making-machines-300x169.jpg 300w, https:\/\/www.biscuitsolution.com\/wp-content\/uploads\/2025\/02\/chocolate-cookie-making-machines-768x432.jpg 768w\" sizes=\"(max-width: 800px) 100vw, 800px\" \/><\/p>\n<h3><strong>Componentes principales de la l\u00ednea de producci\u00f3n de galletas de chocolate<\/strong><\/h3>\n<p class=\"ds-markdown-paragraph\">Nuestra m\u00e1quina integra varios sistemas clave para ofrecer un funcionamiento perfecto desde la mezcla hasta el envasado.<\/p>\n<ol>\n<li style=\"list-style-type: none;\">\n<ol start=\"1\">\n<li>\n<p class=\"ds-markdown-paragraph\"><strong>Sistema de amasado de precisi\u00f3n<\/strong><br \/>\nEste sistema cuenta con un robusto bol mezclador y un agitador accionado por motor. Ingredientes como la harina, el cacao en polvo, el az\u00facar, la mantequilla y los huevos se introducen en el bol y se mezclan hasta obtener una masa de galletas de chocolate uniforme y homog\u00e9nea. El mezclado preciso es fundamental para obtener la textura perfecta y garantizar una distribuci\u00f3n uniforme del sabor en cada lote.<\/p>\n<\/li>\n<li>\n<p class=\"ds-markdown-paragraph\"><strong>Alimentaci\u00f3n y transporte uniformes de la masa<\/strong><br \/>\nCompuesta por una tolva de masa y una bomba o cinta transportadora de precisi\u00f3n, esta unidad almacena la masa mezclada y la transporta al sistema de formado a un ritmo controlado y constante. Esto garantiza un suministro continuo y fiable de masa, esencial para mantener el ritmo de producci\u00f3n y evitar cuellos de botella.<\/p>\n<\/li>\n<\/ol>\n<\/li>\n<\/ol>\n<p><img decoding=\"async\" class=\"alignnone size-full wp-image-4784\" src=\"https:\/\/www.biscuitsolution.com\/wp-content\/uploads\/2025\/02\/chocolate-cookie-making-machine.jpg\" alt=\"m\u00e1quina para hacer galletas de chocolate\" width=\"800\" height=\"450\" srcset=\"https:\/\/www.biscuitsolution.com\/wp-content\/uploads\/2025\/02\/chocolate-cookie-making-machine.jpg 800w, https:\/\/www.biscuitsolution.com\/wp-content\/uploads\/2025\/02\/chocolate-cookie-making-machine-600x338.jpg 600w, https:\/\/www.biscuitsolution.com\/wp-content\/uploads\/2025\/02\/chocolate-cookie-making-machine-300x169.jpg 300w, https:\/\/www.biscuitsolution.com\/wp-content\/uploads\/2025\/02\/chocolate-cookie-making-machine-768x432.jpg 768w\" sizes=\"(max-width: 800px) 100vw, 800px\" \/><\/p>\n<ul>\n<li>\n<p class=\"ds-markdown-paragraph\"><strong>Sistema de conformado vers\u00e1til<\/strong><br \/>\nLa m\u00e1quina ofrece opciones de formado flexibles para crear una gran variedad de estilos de galletas:<\/p>\n<ul>\n<li>\n<p class=\"ds-markdown-paragraph\"><strong>Moldeo por extrusi\u00f3n:<\/strong>\u00a0La masa se extruye a trav\u00e9s de boquillas para crear formas como dedos, anillos o grumos.<\/p>\n<\/li>\n<li>\n<p class=\"ds-markdown-paragraph\"><strong>Estampaci\u00f3n\/Moldeo:<\/strong>\u00a0La masa se prensa o enrolla y luego se corta con sellos o troqueles en formas espec\u00edficas, como las cl\u00e1sicas redondas, cuadradas o con intrincados dibujos.<\/p>\n<\/li>\n<\/ul>\n<\/li>\n<li>\n<p class=\"ds-markdown-paragraph\"><strong>Sistema uniforme de horneado<\/strong><br \/>\nLas galletas formadas pasan por un horno de t\u00fanel, calentado por electricidad o gas. Equipado con un preciso dispositivo de control de la temperatura, el horno mantiene un entorno de cocci\u00f3n \u00f3ptimo, normalmente entre 150 \u00b0C y 200 \u00b0C. Esto garantiza una cocci\u00f3n uniforme, un color perfecto y una deliciosa textura crujiente. Esto garantiza una cocci\u00f3n uniforme, un color perfecto y una deliciosa textura crujiente.<\/p>\n<\/li>\n<li>\n<p class=\"ds-markdown-paragraph\"><strong>Sistema de envasado autom\u00e1tico<\/strong><br \/>\nComo \u00faltimo paso, una envasadora autom\u00e1tica cuenta, alinea y envasa las galletas de chocolate enfriadas. Este sistema admite varios formatos de envasado, como bolsas, cajas o bandejas, y prepara el producto para su venta y distribuci\u00f3n al por menor.<\/p>\n<\/li>\n<\/ul>\n<div class=\"ast-oembed-container\" style=\"height: 100%;\"><iframe title=\"L\u00ednea de producci\u00f3n de galletas autom\u00e1tica multifuncional M\u00e1quina de galletas econ\u00f3mica\" width=\"500\" height=\"281\" src=\"https:\/\/www.youtube.com\/embed\/2kc3y-GOUKo?feature=oembed\" frameborder=\"0\" allow=\"accelerometer; autoplay; clipboard-write; encrypted-media; gyroscope; picture-in-picture; web-share\" referrerpolicy=\"strict-origin-when-cross-origin\" allowfullscreen><\/iframe><\/div>\n<h3><strong>Consideraciones clave al comprar una m\u00e1quina para hacer galletas de chocolate<\/strong><\/h3>\n<p class=\"ds-markdown-paragraph\">Seleccionar el equipo adecuado es una inversi\u00f3n crucial. He aqu\u00ed los factores esenciales que hay que evaluar:<\/p>\n<ul>\n<li>\n<p class=\"ds-markdown-paragraph\"><strong>Investigar marcas de renombre<\/strong><br \/>\nInvestigue a los fabricantes a trav\u00e9s de rese\u00f1as en Internet, ferias del sector y recomendaciones de colegas. D\u00e9 prioridad a las marcas con una s\u00f3lida reputaci\u00f3n de fiabilidad, buena cuota de mercado y comentarios positivos de los usuarios.<\/p>\n<\/li>\n<li>\n<p class=\"ds-markdown-paragraph\"><strong>Evaluar el rendimiento y la calidad de construcci\u00f3n<\/strong><br \/>\nExamine la construcci\u00f3n de la m\u00e1quina, incluidos los materiales utilizados (por ejemplo, acero inoxidable de calidad alimentaria), la mano de obra de fabricaci\u00f3n y la calidad de los componentes principales, como motores y sistemas de control. Una construcci\u00f3n robusta garantiza la estabilidad a largo plazo y reduce el tiempo de inactividad.<\/p>\n<\/li>\n<li>\n<p class=\"ds-markdown-paragraph\"><strong>Priorizar la facilidad de mantenimiento y limpieza<\/strong><br \/>\nLa producci\u00f3n de galletas conlleva la acumulaci\u00f3n de masa y residuos. Elija una m\u00e1quina dise\u00f1ada para facilitar el desmontaje y la limpieza, con componentes accesibles y espacios muertos m\u00ednimos. Un dise\u00f1o que facilite un mantenimiento sencillo mantendr\u00e1 las normas de higiene y prolongar\u00e1 la vida \u00fatil del equipo.<\/p>\n<\/li>\n<li>\n<p class=\"ds-markdown-paragraph\"><strong>Tener en cuenta el coste total de propiedad<\/strong><br \/>\nMire m\u00e1s all\u00e1 del precio de compra inicial. Tenga en cuenta todos los costes asociados, incluidos el env\u00edo, la instalaci\u00f3n, la puesta en marcha, la formaci\u00f3n del operario y el gasto continuo en piezas de repuesto y consumibles. Una comprensi\u00f3n clara de la inversi\u00f3n total conducir\u00e1 a una decisi\u00f3n m\u00e1s informada.<\/p>\n<\/li>\n<\/ul>\n<p><img decoding=\"async\" class=\"alignnone size-full wp-image-4785\" src=\"https:\/\/www.biscuitsolution.com\/wp-content\/uploads\/2025\/02\/chocolate-cookie-making-machine-for-sale.jpg\" alt=\"galletas de chocolate m\u00e1quina para la venta\" width=\"800\" height=\"450\" srcset=\"https:\/\/www.biscuitsolution.com\/wp-content\/uploads\/2025\/02\/chocolate-cookie-making-machine-for-sale.jpg 800w, https:\/\/www.biscuitsolution.com\/wp-content\/uploads\/2025\/02\/chocolate-cookie-making-machine-for-sale-600x338.jpg 600w, https:\/\/www.biscuitsolution.com\/wp-content\/uploads\/2025\/02\/chocolate-cookie-making-machine-for-sale-300x169.jpg 300w, https:\/\/www.biscuitsolution.com\/wp-content\/uploads\/2025\/02\/chocolate-cookie-making-machine-for-sale-768x432.jpg 768w\" sizes=\"(max-width: 800px) 100vw, 800px\" \/><\/p>\n<h2>Deje un mensaje para obtener un presupuesto<\/h2>\n\n<div class=\"wpcf7 no-js\" id=\"wpcf7-f4619-o1\" lang=\"en-US\" dir=\"ltr\" data-wpcf7-id=\"4619\">\n<div class=\"screen-reader-response\"><p role=\"status\" aria-live=\"polite\" aria-atomic=\"true\"><\/p> <ul><\/ul><\/div>\n<form action=\"\/es\/wp-json\/wp\/v2\/product\/4782#wpcf7-f4619-o1\" method=\"post\" class=\"wpcf7-form init\" aria-label=\"Formulario de contacto\" novalidate=\"novalidate\" data-status=\"init\" data-trp-original-action=\"\/es\/wp-json\/wp\/v2\/product\/4782#wpcf7-f4619-o1\">\n<div style=\"display: none;\">\n<input type=\"hidden\" name=\"_wpcf7\" value=\"4619\" \/>\n<input type=\"hidden\" name=\"_wpcf7_version\" value=\"6.0.4\" \/>\n<input type=\"hidden\" name=\"_wpcf7_locale\" value=\"en_US\" \/>\n<input type=\"hidden\" name=\"_wpcf7_unit_tag\" value=\"wpcf7-f4619-o1\" \/>\n<input type=\"hidden\" name=\"_wpcf7_container_post\" value=\"0\" \/>\n<input type=\"hidden\" name=\"_wpcf7_posted_data_hash\" value=\"\" \/>\n<\/div>\n<p><label> Su nombre<br \/>\n<span class=\"wpcf7-form-control-wrap\" data-name=\"your-name\"><input size=\"40\" maxlength=\"400\" class=\"wpcf7-form-control wpcf7-text wpcf7-validates-as-required\" aria-required=\"true\" aria-invalid=\"false\" value=\"\" type=\"text\" name=\"your-name\" \/><\/span> <\/label>\n<\/p>\n<p><label> Su pa\u00eds<br \/>\n<span class=\"wpcf7-form-control-wrap\" data-name=\"your-country\"><input size=\"40\" maxlength=\"400\" class=\"wpcf7-form-control wpcf7-text\" aria-invalid=\"false\" value=\"\" type=\"text\" name=\"your-country\" \/><\/span><\/label>\n<\/p>\n<p><label> Su correo electr\u00f3nico<br \/>\n<span class=\"wpcf7-form-control-wrap\" data-name=\"your-email\"><input size=\"40\" maxlength=\"400\" class=\"wpcf7-form-control wpcf7-email wpcf7-validates-as-required wpcf7-text wpcf7-validates-as-email\" aria-required=\"true\" aria-invalid=\"false\" value=\"\" type=\"email\" name=\"your-email\" \/><\/span> <\/label>\n<\/p>\n<p><label> Tu tel\u00e9fono<br \/>\n<span class=\"wpcf7-form-control-wrap\" data-name=\"your-phone\"><input size=\"40\" maxlength=\"400\" class=\"wpcf7-form-control wpcf7-tel wpcf7-text wpcf7-validates-as-tel\" aria-invalid=\"false\" value=\"\" type=\"tel\" name=\"your-phone\" \/><\/span> <\/label>\n<\/p>\n<p><label> Nombre de su empresa<br \/>\n<span class=\"wpcf7-form-control-wrap\" data-name=\"text-457\"><input size=\"40\" maxlength=\"400\" class=\"wpcf7-form-control wpcf7-text\" aria-invalid=\"false\" value=\"\" type=\"text\" name=\"text-457\" \/><\/span> <\/label>\n<\/p>\n<p><label> El sitio web de su empresa<br \/>\n<span class=\"wpcf7-form-control-wrap\" data-name=\"text-546\"><input size=\"40\" maxlength=\"400\" class=\"wpcf7-form-control wpcf7-text\" aria-invalid=\"false\" value=\"\" type=\"text\" name=\"text-546\" \/><\/span> <\/label>\n<\/p>\n<p><label> Sus requisitos*<br \/>\n<span class=\"wpcf7-form-control-wrap\" data-name=\"your-message\"><textarea cols=\"40\" rows=\"10\" maxlength=\"2000\" class=\"wpcf7-form-control wpcf7-textarea wpcf7-validates-as-required\" aria-required=\"true\" aria-invalid=\"false\" name=\"your-message\"><\/textarea><\/span> <\/label>\n<\/p>\n<p><input class=\"wpcf7-form-control wpcf7-submit has-spinner\" type=\"submit\" value=\"Enviar\" \/>\n<\/p><p style=\"display: none !important;\" class=\"akismet-fields-container\" data-prefix=\"_wpcf7_ak_\"><label>&#916;<textarea name=\"_wpcf7_ak_hp_textarea\" cols=\"45\" rows=\"8\" maxlength=\"100\"><\/textarea><\/label><input type=\"hidden\" id=\"ak_js_1\" name=\"_wpcf7_ak_js\" value=\"63\"\/><script>document.getElementById( \"ak_js_1\" ).setAttribute( \"value\", ( new Date() ).getTime() );<\/script><\/p><div class=\"wpcf7-response-output\" aria-hidden=\"true\"><\/div>\n<input type=\"hidden\" name=\"trp-form-language\" value=\"es\"\/><\/form>\n<\/div>\n\n<p>&nbsp;<\/p>\n<p>&nbsp;<\/p>\n<p>&nbsp;<\/p>\n<div style='text-align:left' class='yasr-auto-insert-visitor'><\/div>","protected":false},"excerpt":{"rendered":"<p>Marca: GELGOOG<\/p>\n<p>Correo electr\u00f3nico: shanna@machinehall.com<\/p>\n<p>Tel\u00e9fono: +8618638676709<\/p>\n<p>Aplicaci\u00f3n: Galletas de chocolate<\/p>","protected":false},"featured_media":4786,"comment_status":"open","ping_status":"closed","template":"","meta":{"site-sidebar-layout":"default","site-content-layout":"","ast-site-content-layout":"default","site-content-style":"default","site-sidebar-style":"default","ast-global-header-display":"","ast-banner-title-visibility":"","ast-main-header-display":"","ast-hfb-above-header-display":"","ast-hfb-below-header-display":"","ast-hfb-mobile-header-display":"","site-post-title":"","ast-breadcrumbs-content":"","ast-featured-img":"","footer-sml-layout":"","theme-transparent-header-meta":"default","adv-header-id-meta":"","stick-header-meta":"","header-above-stick-meta":"","header-main-stick-meta":"","header-below-stick-meta":"","astra-migrate-meta-layouts":"set","ast-page-background-enabled":"default","ast-page-background-meta":{"desktop":{"background-color":"","background-image":"","background-repeat":"repeat","background-position":"center center","background-size":"auto","background-attachment":"scroll","background-type":"","background-media":"","overlay-type":"","overlay-color":"","overlay-opacity":"","overlay-gradient":""},"tablet":{"background-color":"","background-image":"","background-repeat":"repeat","background-position":"center center","background-size":"auto","background-attachment":"scroll","background-type":"","background-media":"","overlay-type":"","overlay-color":"","overlay-opacity":"","overlay-gradient":""},"mobile":{"background-color":"","background-image":"","background-repeat":"repeat","background-position":"center center","background-size":"auto","background-attachment":"scroll","background-type":"","background-media":"","overlay-type":"","overlay-color":"","overlay-opacity":"","overlay-gradient":""}},"ast-content-background-meta":{"desktop":{"background-color":"var(--ast-global-color-5)","background-image":"","background-repeat":"repeat","background-position":"center center","background-size":"auto","background-attachment":"scroll","background-type":"","background-media":"","overlay-type":"","overlay-color":"","overlay-opacity":"","overlay-gradient":""},"tablet":{"background-color":"var(--ast-global-color-5)","background-image":"","background-repeat":"repeat","background-position":"center center","background-size":"auto","background-attachment":"scroll","background-type":"","background-media":"","overlay-type":"","overlay-color":"","overlay-opacity":"","overlay-gradient":""},"mobile":{"background-color":"var(--ast-global-color-5)","background-image":"","background-repeat":"repeat","background-position":"center center","background-size":"auto","background-attachment":"scroll","background-type":"","background-media":"","overlay-type":"","overlay-color":"","overlay-opacity":"","overlay-gradient":""}},"yasr_overall_rating":4.9,"yasr_post_is_review":"","yasr_auto_insert_disabled":"","yasr_review_type":""},"product_brand":[],"product_cat":[24],"product_tag":[],"class_list":{"0":"post-4782","1":"product","2":"type-product","3":"status-publish","4":"has-post-thumbnail","6":"product_cat-cookie-production-line","7":"desktop-align-left","8":"tablet-align-left","9":"mobile-align-left","11":"first","12":"instock","13":"shipping-taxable","14":"product-type-simple"},"yoast_head":"<!-- This site is optimized with the Yoast SEO plugin v24.4 - https:\/\/yoast.com\/wordpress\/plugins\/seo\/ -->\n<title>Chocolate Cookie Making Machine for Sale Various Flavors - Biscuit Production Solution Manufacturer<\/title>\n<meta name=\"description\" content=\"Chocolate cookie making machine is equipment used to produce chocolate cookies. It can be used to produce a variety of flavors to meet different needs.\" \/>\n<meta name=\"robots\" content=\"index, follow, max-snippet:-1, max-image-preview:large, max-video-preview:-1\" \/>\n<link rel=\"canonical\" href=\"https:\/\/www.biscuitsolution.com\/es\/producto\/chocolate-cookie-making-machine\/\" \/>\n<meta property=\"og:locale\" content=\"es_ES\" \/>\n<meta property=\"og:type\" content=\"article\" \/>\n<meta property=\"og:title\" content=\"Chocolate Cookie Making Machine for Sale Various Flavors - Biscuit Production Solution Manufacturer\" \/>\n<meta property=\"og:description\" content=\"Chocolate cookie making machine is equipment used to produce chocolate cookies. It can be used to produce a variety of flavors to meet different needs.\" \/>\n<meta property=\"og:url\" content=\"https:\/\/www.biscuitsolution.com\/es\/producto\/chocolate-cookie-making-machine\/\" \/>\n<meta property=\"og:site_name\" content=\"Biscuit Production Solution Manufacturer\" \/>\n<meta property=\"article:publisher\" content=\"https:\/\/www.facebook.com\/profile.php?id=100095205040823\" \/>\n<meta property=\"article:modified_time\" content=\"2025-10-24T06:30:58+00:00\" \/>\n<meta property=\"og:image\" content=\"https:\/\/www.biscuitsolution.com\/wp-content\/uploads\/2025\/02\/\u4e3b\u56fe-16.jpg\" \/>\n\t<meta property=\"og:image:width\" content=\"600\" \/>\n\t<meta property=\"og:image:height\" content=\"600\" \/>\n\t<meta property=\"og:image:type\" content=\"image\/jpeg\" \/>\n<meta name=\"twitter:card\" content=\"summary_large_image\" \/>\n<meta name=\"twitter:site\" content=\"@shanna_zha26342\" \/>\n<meta name=\"twitter:label1\" content=\"Tiempo de lectura\" \/>\n\t<meta name=\"twitter:data1\" content=\"4 minutos\" \/>\n<script type=\"application\/ld+json\" class=\"yoast-schema-graph\">{\"@context\":\"https:\/\/schema.org\",\"@graph\":[{\"@type\":\"WebPage\",\"@id\":\"https:\/\/www.biscuitsolution.com\/product\/chocolate-cookie-making-machine\/\",\"url\":\"https:\/\/www.biscuitsolution.com\/product\/chocolate-cookie-making-machine\/\",\"name\":\"Chocolate Cookie Making Machine for Sale Various Flavors - Biscuit Production Solution Manufacturer\",\"isPartOf\":{\"@id\":\"https:\/\/www.biscuitsolution.com\/#website\"},\"primaryImageOfPage\":{\"@id\":\"https:\/\/www.biscuitsolution.com\/product\/chocolate-cookie-making-machine\/#primaryimage\"},\"image\":{\"@id\":\"https:\/\/www.biscuitsolution.com\/product\/chocolate-cookie-making-machine\/#primaryimage\"},\"thumbnailUrl\":\"https:\/\/www.biscuitsolution.com\/wp-content\/uploads\/2025\/02\/\u4e3b\u56fe-16.jpg\",\"datePublished\":\"2025-02-21T09:18:56+00:00\",\"dateModified\":\"2025-10-24T06:30:58+00:00\",\"description\":\"Chocolate cookie making machine is equipment used to produce chocolate cookies. It can be used to produce a variety of flavors to meet different needs.\",\"breadcrumb\":{\"@id\":\"https:\/\/www.biscuitsolution.com\/product\/chocolate-cookie-making-machine\/#breadcrumb\"},\"inLanguage\":\"es\",\"potentialAction\":[{\"@type\":\"ReadAction\",\"target\":[\"https:\/\/www.biscuitsolution.com\/product\/chocolate-cookie-making-machine\/\"]}]},{\"@type\":\"ImageObject\",\"inLanguage\":\"es\",\"@id\":\"https:\/\/www.biscuitsolution.com\/product\/chocolate-cookie-making-machine\/#primaryimage\",\"url\":\"https:\/\/www.biscuitsolution.com\/wp-content\/uploads\/2025\/02\/\u4e3b\u56fe-16.jpg\",\"contentUrl\":\"https:\/\/www.biscuitsolution.com\/wp-content\/uploads\/2025\/02\/\u4e3b\u56fe-16.jpg\",\"width\":600,\"height\":600,\"caption\":\"chocolate cookie making machine\"},{\"@type\":\"BreadcrumbList\",\"@id\":\"https:\/\/www.biscuitsolution.com\/product\/chocolate-cookie-making-machine\/#breadcrumb\",\"itemListElement\":[{\"@type\":\"ListItem\",\"position\":1,\"name\":\"Home\",\"item\":\"https:\/\/www.biscuitsolution.com\/\"},{\"@type\":\"ListItem\",\"position\":2,\"name\":\"Product\",\"item\":\"https:\/\/www.biscuitsolution.com\/product\/\"},{\"@type\":\"ListItem\",\"position\":3,\"name\":\"Chocolate Cookie Making Machine for Sale Various Flavors\"}]},{\"@type\":\"WebSite\",\"@id\":\"https:\/\/www.biscuitsolution.com\/#website\",\"url\":\"https:\/\/www.biscuitsolution.com\/\",\"name\":\"Biscuit Production Solution Manufacturer\",\"description\":\"\",\"potentialAction\":[{\"@type\":\"SearchAction\",\"target\":{\"@type\":\"EntryPoint\",\"urlTemplate\":\"https:\/\/www.biscuitsolution.com\/?s={search_term_string}\"},\"query-input\":{\"@type\":\"PropertyValueSpecification\",\"valueRequired\":true,\"valueName\":\"search_term_string\"}}],\"inLanguage\":\"es\"},false]}<\/script>\n<!-- \/ Yoast SEO plugin. -->","yoast_head_json":{"title":"Galletas de chocolate que hace la m\u00e1quina para la venta varios sabores - Fabricante de soluciones de producci\u00f3n de galletas","description":"La m\u00e1quina para hacer galletas de chocolate es un equipo utilizado para producir galletas de chocolate. Se puede utilizar para producir una variedad de sabores para satisfacer diferentes necesidades.","robots":{"index":"index","follow":"follow","max-snippet":"max-snippet:-1","max-image-preview":"max-image-preview:large","max-video-preview":"max-video-preview:-1"},"canonical":"https:\/\/www.biscuitsolution.com\/es\/producto\/chocolate-cookie-making-machine\/","og_locale":"es_ES","og_type":"article","og_title":"Chocolate Cookie Making Machine for Sale Various Flavors - Biscuit Production Solution Manufacturer","og_description":"Chocolate cookie making machine is equipment used to produce chocolate cookies. It can be used to produce a variety of flavors to meet different needs.","og_url":"https:\/\/www.biscuitsolution.com\/es\/producto\/chocolate-cookie-making-machine\/","og_site_name":"Biscuit Production Solution Manufacturer","article_publisher":"https:\/\/www.facebook.com\/profile.php?id=100095205040823","article_modified_time":"2025-10-24T06:30:58+00:00","og_image":[{"width":600,"height":600,"url":"https:\/\/www.biscuitsolution.com\/wp-content\/uploads\/2025\/02\/\u4e3b\u56fe-16.jpg","type":"image\/jpeg"}],"twitter_card":"summary_large_image","twitter_site":"@shanna_zha26342","twitter_misc":{"Tiempo de lectura":"4 minutos"},"schema":{"@context":"https:\/\/schema.org","@graph":[{"@type":"WebPage","@id":"https:\/\/www.biscuitsolution.com\/product\/chocolate-cookie-making-machine\/","url":"https:\/\/www.biscuitsolution.com\/product\/chocolate-cookie-making-machine\/","name":"Galletas de chocolate que hace la m\u00e1quina para la venta varios sabores - Fabricante de soluciones de producci\u00f3n de galletas","isPartOf":{"@id":"https:\/\/www.biscuitsolution.com\/#website"},"primaryImageOfPage":{"@id":"https:\/\/www.biscuitsolution.com\/product\/chocolate-cookie-making-machine\/#primaryimage"},"image":{"@id":"https:\/\/www.biscuitsolution.com\/product\/chocolate-cookie-making-machine\/#primaryimage"},"thumbnailUrl":"https:\/\/www.biscuitsolution.com\/wp-content\/uploads\/2025\/02\/\u4e3b\u56fe-16.jpg","datePublished":"2025-02-21T09:18:56+00:00","dateModified":"2025-10-24T06:30:58+00:00","description":"La m\u00e1quina para hacer galletas de chocolate es un equipo utilizado para producir galletas de chocolate. Se puede utilizar para producir una variedad de sabores para satisfacer diferentes necesidades.","breadcrumb":{"@id":"https:\/\/www.biscuitsolution.com\/product\/chocolate-cookie-making-machine\/#breadcrumb"},"inLanguage":"es","potentialAction":[{"@type":"ReadAction","target":["https:\/\/www.biscuitsolution.com\/product\/chocolate-cookie-making-machine\/"]}]},{"@type":"ImageObject","inLanguage":"es","@id":"https:\/\/www.biscuitsolution.com\/product\/chocolate-cookie-making-machine\/#primaryimage","url":"https:\/\/www.biscuitsolution.com\/wp-content\/uploads\/2025\/02\/\u4e3b\u56fe-16.jpg","contentUrl":"https:\/\/www.biscuitsolution.com\/wp-content\/uploads\/2025\/02\/\u4e3b\u56fe-16.jpg","width":600,"height":600,"caption":"chocolate cookie making machine"},{"@type":"BreadcrumbList","@id":"https:\/\/www.biscuitsolution.com\/product\/chocolate-cookie-making-machine\/#breadcrumb","itemListElement":[{"@type":"ListItem","position":1,"name":"Home","item":"https:\/\/www.biscuitsolution.com\/"},{"@type":"ListItem","position":2,"name":"Product","item":"https:\/\/www.biscuitsolution.com\/product\/"},{"@type":"ListItem","position":3,"name":"Chocolate Cookie Making Machine for Sale Various Flavors"}]},{"@type":"WebSite","@id":"https:\/\/www.biscuitsolution.com\/#website","url":"https:\/\/www.biscuitsolution.com\/","name":"Fabricante de soluciones para la producci\u00f3n de galletas","description":"","potentialAction":[{"@type":"SearchAction","target":{"@type":"EntryPoint","urlTemplate":"https:\/\/www.biscuitsolution.com\/?s={search_term_string}"},"query-input":{"@type":"PropertyValueSpecification","valueRequired":true,"valueName":"search_term_string"}}],"inLanguage":"es"},false]}},"yasr_visitor_votes":{"stars_attributes":{"read_only":false,"span_bottom":false},"number_of_votes":1,"sum_votes":5},"_links":{"self":[{"href":"https:\/\/www.biscuitsolution.com\/es\/wp-json\/wp\/v2\/product\/4782","targetHints":{"allow":["GET"]}}],"collection":[{"href":"https:\/\/www.biscuitsolution.com\/es\/wp-json\/wp\/v2\/product"}],"about":[{"href":"https:\/\/www.biscuitsolution.com\/es\/wp-json\/wp\/v2\/types\/product"}],"replies":[{"embeddable":true,"href":"https:\/\/www.biscuitsolution.com\/es\/wp-json\/wp\/v2\/comments?post=4782"}],"version-history":[{"count":3,"href":"https:\/\/www.biscuitsolution.com\/es\/wp-json\/wp\/v2\/product\/4782\/revisions"}],"predecessor-version":[{"id":5808,"href":"https:\/\/www.biscuitsolution.com\/es\/wp-json\/wp\/v2\/product\/4782\/revisions\/5808"}],"wp:featuredmedia":[{"embeddable":true,"href":"https:\/\/www.biscuitsolution.com\/es\/wp-json\/wp\/v2\/media\/4786"}],"wp:attachment":[{"href":"https:\/\/www.biscuitsolution.com\/es\/wp-json\/wp\/v2\/media?parent=4782"}],"wp:term":[{"taxonomy":"product_brand","embeddable":true,"href":"https:\/\/www.biscuitsolution.com\/es\/wp-json\/wp\/v2\/product_brand?post=4782"},{"taxonomy":"product_cat","embeddable":true,"href":"https:\/\/www.biscuitsolution.com\/es\/wp-json\/wp\/v2\/product_cat?post=4782"},{"taxonomy":"product_tag","embeddable":true,"href":"https:\/\/www.biscuitsolution.com\/es\/wp-json\/wp\/v2\/product_tag?post=4782"}],"curies":[{"name":"wp","href":"https:\/\/api.w.org\/{rel}","templated":true}]}}