{"id":4775,"date":"2025-02-21T09:12:58","date_gmt":"2025-02-21T09:12:58","guid":{"rendered":"https:\/\/www.biscuitsolution.com\/?post_type=product&#038;p=4775"},"modified":"2025-02-21T09:19:32","modified_gmt":"2025-02-21T09:19:32","slug":"high-efficiency-automatic-sugar-cookie-making-machine-for-sale","status":"publish","type":"product","link":"https:\/\/www.biscuitsolution.com\/es\/producto\/high-efficiency-automatic-sugar-cookie-making-machine-for-sale\/","title":{"rendered":"M\u00e1quina autom\u00e1tica de alta eficiencia para hacer galletas de az\u00facar para la venta"},"content":{"rendered":"<p><strong>M\u00e1quina de producci\u00f3n de galletas de az\u00facar<\/strong> es un equipo automatizado dise\u00f1ado para la producci\u00f3n eficiente y estandarizada de galletas de az\u00facar, que integra las funciones de mezcla de materias primas, moldeado, horneado y envasado.<\/p>\n<p><img fetchpriority=\"high\" decoding=\"async\" class=\"alignnone size-full wp-image-4776\" src=\"https:\/\/www.biscuitsolution.com\/wp-content\/uploads\/2025\/02\/sugar-cookie-making-machine.jpg\" alt=\"m\u00e1quina para hacer galletas de az\u00facar\" width=\"800\" height=\"450\" srcset=\"https:\/\/www.biscuitsolution.com\/wp-content\/uploads\/2025\/02\/sugar-cookie-making-machine.jpg 800w, https:\/\/www.biscuitsolution.com\/wp-content\/uploads\/2025\/02\/sugar-cookie-making-machine-600x338.jpg 600w, https:\/\/www.biscuitsolution.com\/wp-content\/uploads\/2025\/02\/sugar-cookie-making-machine-300x169.jpg 300w, https:\/\/www.biscuitsolution.com\/wp-content\/uploads\/2025\/02\/sugar-cookie-making-machine-768x432.jpg 768w\" sizes=\"(max-width: 800px) 100vw, 800px\" \/><\/p>\n<h2>Ventajas principales de la m\u00e1quina de producci\u00f3n de galletas de az\u00facar<\/h2>\n<ul>\n<li>Producci\u00f3n totalmente automatizada<br \/>\nAdoptando un avanzado sistema de control PLC, no se requiere intervenci\u00f3n manual desde la mezcla de materias primas, el moldeado hasta el horneado y el envasado, soportando una capacidad de producci\u00f3n de hasta 2.000 kg\/h de galletas por hora, reduciendo significativamente los costes de mano de obra.<\/li>\n<li>Flexibilidad y diversificaci\u00f3n<br \/>\nEquipado con moldes reemplazables, puede cambiar r\u00e1pidamente entre diferentes formas (como forma de coraz\u00f3n, forma de estrella, tema de vacaciones) y tama\u00f1os, y es compatible con una variedad de recetas, incluyendo sin gluten, vegetariana y otras necesidades de salud.<\/li>\n<\/ul>\n<p><img decoding=\"async\" class=\"alignnone size-full wp-image-4777\" src=\"https:\/\/www.biscuitsolution.com\/wp-content\/uploads\/2025\/02\/sugar-cookie-.jpg\" alt=\"m\u00e1quina para hacer galletas de az\u00facar\" width=\"800\" height=\"450\" srcset=\"https:\/\/www.biscuitsolution.com\/wp-content\/uploads\/2025\/02\/sugar-cookie-.jpg 800w, https:\/\/www.biscuitsolution.com\/wp-content\/uploads\/2025\/02\/sugar-cookie--600x338.jpg 600w, https:\/\/www.biscuitsolution.com\/wp-content\/uploads\/2025\/02\/sugar-cookie--300x169.jpg 300w, https:\/\/www.biscuitsolution.com\/wp-content\/uploads\/2025\/02\/sugar-cookie--768x432.jpg 768w\" sizes=\"(max-width: 800px) 100vw, 800px\" \/><\/p>\n<ul>\n<li>Control de calidad preciso<br \/>\nSistema de control en tiempo real incorporado, mediante sensores para detectar el grosor de la galleta, la uniformidad del color, combinado con la gesti\u00f3n remota de los datos de producci\u00f3n, para garantizar la estabilidad de cada lote de calidad.<\/li>\n<li>Dise\u00f1o eficiente que ahorra energ\u00eda<br \/>\nAdopta motores de bajo consumo y tecnolog\u00eda de recuperaci\u00f3n de calor, ahorra 30% de electricidad en comparaci\u00f3n con los equipos tradicionales, adecuado para las necesidades de producci\u00f3n continua a largo plazo.<\/li>\n<li>Escenarios aplicables y rentabilidad de la inversi\u00f3n<br \/>\nGrandes f\u00e1bricas de alimentos: admiten 90 kg\/hora de capacidad de procesamiento de materias primas para satisfacer las necesidades de pedidos del mercado mundial.<br \/>\nPanader\u00edas peque\u00f1as y medianas: dise\u00f1o compacto (ocupa una superficie de &lt;1,5\u33a1), que permite una r\u00e1pida implantaci\u00f3n y una ampliaci\u00f3n flexible.<\/li>\n<\/ul>\n<p><img decoding=\"async\" class=\"alignnone size-full wp-image-4778\" src=\"https:\/\/www.biscuitsolution.com\/wp-content\/uploads\/2025\/02\/sugar-cookie-making-machine-for-sale.jpg\" alt=\"m\u00e1quina para hacer galletas de az\u00facar\" width=\"800\" height=\"450\" srcset=\"https:\/\/www.biscuitsolution.com\/wp-content\/uploads\/2025\/02\/sugar-cookie-making-machine-for-sale.jpg 800w, https:\/\/www.biscuitsolution.com\/wp-content\/uploads\/2025\/02\/sugar-cookie-making-machine-for-sale-600x338.jpg 600w, https:\/\/www.biscuitsolution.com\/wp-content\/uploads\/2025\/02\/sugar-cookie-making-machine-for-sale-300x169.jpg 300w, https:\/\/www.biscuitsolution.com\/wp-content\/uploads\/2025\/02\/sugar-cookie-making-machine-for-sale-768x432.jpg 768w\" sizes=\"(max-width: 800px) 100vw, 800px\" \/><\/p>\n<h2>M\u00e9todo de selecci\u00f3n de la m\u00e1quina para hacer galletas de az\u00facar para la venta<\/h2>\n<ul>\n<li>Demanda clara: demanda de producci\u00f3n y demanda funcional. Seg\u00fan las necesidades de la f\u00e1brica, la m\u00e1quina tiene diferentes rendimientos y diferentes precios. Algunas m\u00e1quinas multifuncionales completan autom\u00e1ticamente m\u00faltiples eslabones como hornear, enfriar y envasar, y tienen funciones m\u00e1s ricas.<\/li>\n<li>Efecto de moldeado: Observe si la forma de las galletas hechas por la m\u00e1quina es regular, el tama\u00f1o es uniforme y la superficie es lisa. Puede ver las muestras de la m\u00e1quina o consultar la evaluaci\u00f3n de otros usuarios para comprender su efecto de moldeado.<\/li>\n<li>Calidad de horneado: En el caso de las m\u00e1quinas con funciones de horneado, preste atenci\u00f3n a si su control de temperatura es preciso y si el horneado es uniforme. Un horneado desigual har\u00e1 que algunas partes de las galletas se quemen y otras queden poco hechas, lo que afectar\u00e1 al sabor y al aspecto.<\/li>\n<\/ul>\n<div class=\"ast-oembed-container\" style=\"height: 100%;\"><iframe title=\"L\u00ednea de producci\u00f3n de galletas totalmente autom\u00e1tica\" width=\"500\" height=\"281\" src=\"https:\/\/www.youtube.com\/embed\/SpIe-aL2eWs?feature=oembed\" frameborder=\"0\" allow=\"accelerometer; autoplay; clipboard-write; encrypted-media; gyroscope; picture-in-picture; web-share\" referrerpolicy=\"strict-origin-when-cross-origin\" allowfullscreen><\/iframe><\/div>\n<ul>\n<li>Estabilidad operativa: Garantizar un rendimiento constante y estable es vital para la producci\u00f3n continua y el mantenimiento de una calidad uniforme del producto. Es esencial evaluar los materiales utilizados, los procesos de fabricaci\u00f3n y la calidad de componentes clave como los motores. Optar por marcas y modelos con un historial fiable y una reputaci\u00f3n positiva es crucial para garantizar la fiabilidad a largo plazo.<\/li>\n<li>Servicio posventa: Es esencial conocer el servicio posventa que ofrece el fabricante o proveedor. Esto implica aspectos clave como la duraci\u00f3n de la garant\u00eda, la rapidez de respuesta a las reparaciones y la disponibilidad de asistencia t\u00e9cnica continua. Un servicio posventa eficaz puede resolver r\u00e1pidamente los problemas relacionados con la m\u00e1quina, reduciendo las interrupciones y p\u00e9rdidas de producci\u00f3n.<\/li>\n<\/ul>\n<h2>Deje un mensaje para obtener un presupuesto<\/h2>\n\n<div class=\"wpcf7 no-js\" id=\"wpcf7-f4619-o1\" lang=\"en-US\" dir=\"ltr\" data-wpcf7-id=\"4619\">\n<div class=\"screen-reader-response\"><p role=\"status\" aria-live=\"polite\" aria-atomic=\"true\"><\/p> <ul><\/ul><\/div>\n<form action=\"\/es\/wp-json\/wp\/v2\/product\/4775#wpcf7-f4619-o1\" method=\"post\" class=\"wpcf7-form init\" aria-label=\"Formulario de contacto\" novalidate=\"novalidate\" data-status=\"init\" data-trp-original-action=\"\/es\/wp-json\/wp\/v2\/product\/4775#wpcf7-f4619-o1\">\n<div style=\"display: none;\">\n<input type=\"hidden\" name=\"_wpcf7\" value=\"4619\" \/>\n<input type=\"hidden\" name=\"_wpcf7_version\" value=\"6.0.4\" \/>\n<input type=\"hidden\" name=\"_wpcf7_locale\" value=\"en_US\" \/>\n<input type=\"hidden\" name=\"_wpcf7_unit_tag\" value=\"wpcf7-f4619-o1\" \/>\n<input type=\"hidden\" name=\"_wpcf7_container_post\" value=\"0\" \/>\n<input type=\"hidden\" name=\"_wpcf7_posted_data_hash\" value=\"\" \/>\n<\/div>\n<p><label> Su nombre<br \/>\n<span class=\"wpcf7-form-control-wrap\" data-name=\"your-name\"><input size=\"40\" maxlength=\"400\" class=\"wpcf7-form-control wpcf7-text wpcf7-validates-as-required\" aria-required=\"true\" aria-invalid=\"false\" value=\"\" type=\"text\" name=\"your-name\" \/><\/span> <\/label>\n<\/p>\n<p><label> Su pa\u00eds<br \/>\n<span class=\"wpcf7-form-control-wrap\" data-name=\"your-country\"><input size=\"40\" maxlength=\"400\" class=\"wpcf7-form-control wpcf7-text\" aria-invalid=\"false\" value=\"\" type=\"text\" name=\"your-country\" \/><\/span><\/label>\n<\/p>\n<p><label> Su correo electr\u00f3nico<br \/>\n<span class=\"wpcf7-form-control-wrap\" data-name=\"your-email\"><input size=\"40\" maxlength=\"400\" class=\"wpcf7-form-control wpcf7-email wpcf7-validates-as-required wpcf7-text wpcf7-validates-as-email\" aria-required=\"true\" aria-invalid=\"false\" value=\"\" type=\"email\" name=\"your-email\" \/><\/span> <\/label>\n<\/p>\n<p><label> Tu tel\u00e9fono<br \/>\n<span class=\"wpcf7-form-control-wrap\" data-name=\"your-phone\"><input size=\"40\" maxlength=\"400\" class=\"wpcf7-form-control wpcf7-tel wpcf7-text wpcf7-validates-as-tel\" aria-invalid=\"false\" value=\"\" type=\"tel\" name=\"your-phone\" \/><\/span> <\/label>\n<\/p>\n<p><label> Nombre de su empresa<br \/>\n<span class=\"wpcf7-form-control-wrap\" data-name=\"text-457\"><input size=\"40\" maxlength=\"400\" class=\"wpcf7-form-control wpcf7-text\" aria-invalid=\"false\" value=\"\" type=\"text\" name=\"text-457\" \/><\/span> <\/label>\n<\/p>\n<p><label> El sitio web de su empresa<br \/>\n<span class=\"wpcf7-form-control-wrap\" data-name=\"text-546\"><input size=\"40\" maxlength=\"400\" class=\"wpcf7-form-control wpcf7-text\" aria-invalid=\"false\" value=\"\" type=\"text\" name=\"text-546\" \/><\/span> <\/label>\n<\/p>\n<p><label> Sus requisitos*<br \/>\n<span class=\"wpcf7-form-control-wrap\" data-name=\"your-message\"><textarea cols=\"40\" rows=\"10\" maxlength=\"2000\" class=\"wpcf7-form-control wpcf7-textarea wpcf7-validates-as-required\" aria-required=\"true\" aria-invalid=\"false\" name=\"your-message\"><\/textarea><\/span> <\/label>\n<\/p>\n<p><input class=\"wpcf7-form-control wpcf7-submit has-spinner\" type=\"submit\" value=\"Enviar\" \/>\n<\/p><p style=\"display: none !important;\" class=\"akismet-fields-container\" data-prefix=\"_wpcf7_ak_\"><label>&#916;<textarea name=\"_wpcf7_ak_hp_textarea\" cols=\"45\" rows=\"8\" maxlength=\"100\"><\/textarea><\/label><input type=\"hidden\" id=\"ak_js_1\" name=\"_wpcf7_ak_js\" value=\"91\"\/><script>document.getElementById( \"ak_js_1\" ).setAttribute( \"value\", ( new Date() ).getTime() );<\/script><\/p><div class=\"wpcf7-response-output\" aria-hidden=\"true\"><\/div>\n<input type=\"hidden\" name=\"trp-form-language\" value=\"es\"\/><\/form>\n<\/div>\n\n<div style='text-align:left' class='yasr-auto-insert-visitor'><\/div>","protected":false},"excerpt":{"rendered":"<p>Marca: GELGOOG<\/p>\n<p>Correo electr\u00f3nico: shanna@machinehall.com<\/p>\n<p>Tel\u00e9fono: +8618638676709<\/p>\n<p>Capacidad: 100-1200KG\/H<\/p>","protected":false},"featured_media":4779,"comment_status":"open","ping_status":"closed","template":"","meta":{"site-sidebar-layout":"default","site-content-layout":"","ast-site-content-layout":"default","site-content-style":"default","site-sidebar-style":"default","ast-global-header-display":"","ast-banner-title-visibility":"","ast-main-header-display":"","ast-hfb-above-header-display":"","ast-hfb-below-header-display":"","ast-hfb-mobile-header-display":"","site-post-title":"","ast-breadcrumbs-content":"","ast-featured-img":"","footer-sml-layout":"","theme-transparent-header-meta":"default","adv-header-id-meta":"","stick-header-meta":"","header-above-stick-meta":"","header-main-stick-meta":"","header-below-stick-meta":"","astra-migrate-meta-layouts":"set","ast-page-background-enabled":"default","ast-page-background-meta":{"desktop":{"background-color":"","background-image":"","background-repeat":"repeat","background-position":"center center","background-size":"auto","background-attachment":"scroll","background-type":"","background-media":"","overlay-type":"","overlay-color":"","overlay-opacity":"","overlay-gradient":""},"tablet":{"background-color":"","background-image":"","background-repeat":"repeat","background-position":"center center","background-size":"auto","background-attachment":"scroll","background-type":"","background-media":"","overlay-type":"","overlay-color":"","overlay-opacity":"","overlay-gradient":""},"mobile":{"background-color":"","background-image":"","background-repeat":"repeat","background-position":"center center","background-size":"auto","background-attachment":"scroll","background-type":"","background-media":"","overlay-type":"","overlay-color":"","overlay-opacity":"","overlay-gradient":""}},"ast-content-background-meta":{"desktop":{"background-color":"var(--ast-global-color-5)","background-image":"","background-repeat":"repeat","background-position":"center center","background-size":"auto","background-attachment":"scroll","background-type":"","background-media":"","overlay-type":"","overlay-color":"","overlay-opacity":"","overlay-gradient":""},"tablet":{"background-color":"var(--ast-global-color-5)","background-image":"","background-repeat":"repeat","background-position":"center center","background-size":"auto","background-attachment":"scroll","background-type":"","background-media":"","overlay-type":"","overlay-color":"","overlay-opacity":"","overlay-gradient":""},"mobile":{"background-color":"var(--ast-global-color-5)","background-image":"","background-repeat":"repeat","background-position":"center center","background-size":"auto","background-attachment":"scroll","background-type":"","background-media":"","overlay-type":"","overlay-color":"","overlay-opacity":"","overlay-gradient":""}},"yasr_overall_rating":0,"yasr_post_is_review":"","yasr_auto_insert_disabled":"","yasr_review_type":""},"product_brand":[],"product_cat":[24],"product_tag":[],"class_list":{"0":"post-4775","1":"product","2":"type-product","3":"status-publish","4":"has-post-thumbnail","6":"product_cat-cookie-production-line","7":"desktop-align-left","8":"tablet-align-left","9":"mobile-align-left","11":"first","12":"instock","13":"shipping-taxable","14":"product-type-simple"},"yoast_head":"<!-- This site is optimized with the Yoast SEO plugin v24.4 - https:\/\/yoast.com\/wordpress\/plugins\/seo\/ -->\n<title>High-Efficiency Automatic Sugar Cookie Making Machine for Sale - Biscuit Production Solution Manufacturer<\/title>\n<meta name=\"description\" content=\"Sugar cookie making machine is an automated equipment designed for standardized production of sugar cookies, integrating mixing, and baking functions.\" \/>\n<meta name=\"robots\" content=\"index, follow, max-snippet:-1, max-image-preview:large, max-video-preview:-1\" \/>\n<link rel=\"canonical\" href=\"https:\/\/www.biscuitsolution.com\/es\/producto\/high-efficiency-automatic-sugar-cookie-making-machine-for-sale\/\" \/>\n<meta property=\"og:locale\" content=\"es_ES\" \/>\n<meta property=\"og:type\" content=\"article\" \/>\n<meta property=\"og:title\" content=\"High-Efficiency Automatic Sugar Cookie Making Machine for Sale - Biscuit Production Solution Manufacturer\" \/>\n<meta property=\"og:description\" content=\"Sugar cookie making machine is an automated equipment designed for standardized production of sugar cookies, integrating mixing, and baking functions.\" \/>\n<meta property=\"og:url\" content=\"https:\/\/www.biscuitsolution.com\/es\/producto\/high-efficiency-automatic-sugar-cookie-making-machine-for-sale\/\" \/>\n<meta property=\"og:site_name\" content=\"Biscuit Production Solution Manufacturer\" \/>\n<meta property=\"article:publisher\" content=\"https:\/\/www.facebook.com\/profile.php?id=100095205040823\" \/>\n<meta property=\"article:modified_time\" content=\"2025-02-21T09:19:32+00:00\" \/>\n<meta property=\"og:image\" content=\"https:\/\/www.biscuitsolution.com\/wp-content\/uploads\/2025\/02\/\u4e3b\u56fe-15.jpg\" \/>\n\t<meta property=\"og:image:width\" content=\"600\" \/>\n\t<meta property=\"og:image:height\" content=\"600\" \/>\n\t<meta property=\"og:image:type\" content=\"image\/jpeg\" \/>\n<meta name=\"twitter:card\" content=\"summary_large_image\" \/>\n<meta name=\"twitter:site\" content=\"@shanna_zha26342\" \/>\n<meta name=\"twitter:label1\" content=\"Tiempo de lectura\" \/>\n\t<meta name=\"twitter:data1\" content=\"3 minutos\" \/>\n<script type=\"application\/ld+json\" class=\"yoast-schema-graph\">{\"@context\":\"https:\/\/schema.org\",\"@graph\":[{\"@type\":\"WebPage\",\"@id\":\"https:\/\/www.biscuitsolution.com\/product\/high-efficiency-automatic-sugar-cookie-making-machine-for-sale\/\",\"url\":\"https:\/\/www.biscuitsolution.com\/product\/high-efficiency-automatic-sugar-cookie-making-machine-for-sale\/\",\"name\":\"High-Efficiency Automatic Sugar Cookie Making Machine for Sale - Biscuit Production Solution Manufacturer\",\"isPartOf\":{\"@id\":\"https:\/\/www.biscuitsolution.com\/#website\"},\"primaryImageOfPage\":{\"@id\":\"https:\/\/www.biscuitsolution.com\/product\/high-efficiency-automatic-sugar-cookie-making-machine-for-sale\/#primaryimage\"},\"image\":{\"@id\":\"https:\/\/www.biscuitsolution.com\/product\/high-efficiency-automatic-sugar-cookie-making-machine-for-sale\/#primaryimage\"},\"thumbnailUrl\":\"https:\/\/www.biscuitsolution.com\/wp-content\/uploads\/2025\/02\/\u4e3b\u56fe-15.jpg\",\"datePublished\":\"2025-02-21T09:12:58+00:00\",\"dateModified\":\"2025-02-21T09:19:32+00:00\",\"description\":\"Sugar cookie making machine is an automated equipment designed for standardized production of sugar cookies, integrating mixing, and baking functions.\",\"breadcrumb\":{\"@id\":\"https:\/\/www.biscuitsolution.com\/product\/high-efficiency-automatic-sugar-cookie-making-machine-for-sale\/#breadcrumb\"},\"inLanguage\":\"es\",\"potentialAction\":[{\"@type\":\"ReadAction\",\"target\":[\"https:\/\/www.biscuitsolution.com\/product\/high-efficiency-automatic-sugar-cookie-making-machine-for-sale\/\"]}]},{\"@type\":\"ImageObject\",\"inLanguage\":\"es\",\"@id\":\"https:\/\/www.biscuitsolution.com\/product\/high-efficiency-automatic-sugar-cookie-making-machine-for-sale\/#primaryimage\",\"url\":\"https:\/\/www.biscuitsolution.com\/wp-content\/uploads\/2025\/02\/\u4e3b\u56fe-15.jpg\",\"contentUrl\":\"https:\/\/www.biscuitsolution.com\/wp-content\/uploads\/2025\/02\/\u4e3b\u56fe-15.jpg\",\"width\":600,\"height\":600,\"caption\":\"sugar cookie making machine\"},{\"@type\":\"BreadcrumbList\",\"@id\":\"https:\/\/www.biscuitsolution.com\/product\/high-efficiency-automatic-sugar-cookie-making-machine-for-sale\/#breadcrumb\",\"itemListElement\":[{\"@type\":\"ListItem\",\"position\":1,\"name\":\"Home\",\"item\":\"https:\/\/www.biscuitsolution.com\/\"},{\"@type\":\"ListItem\",\"position\":2,\"name\":\"Product\",\"item\":\"https:\/\/www.biscuitsolution.com\/product\/\"},{\"@type\":\"ListItem\",\"position\":3,\"name\":\"High-Efficiency Automatic Sugar Cookie Making Machine for Sale\"}]},{\"@type\":\"WebSite\",\"@id\":\"https:\/\/www.biscuitsolution.com\/#website\",\"url\":\"https:\/\/www.biscuitsolution.com\/\",\"name\":\"Biscuit Production Solution Manufacturer\",\"description\":\"\",\"potentialAction\":[{\"@type\":\"SearchAction\",\"target\":{\"@type\":\"EntryPoint\",\"urlTemplate\":\"https:\/\/www.biscuitsolution.com\/?s={search_term_string}\"},\"query-input\":{\"@type\":\"PropertyValueSpecification\",\"valueRequired\":true,\"valueName\":\"search_term_string\"}}],\"inLanguage\":\"es\"},false]}<\/script>\n<!-- \/ Yoast SEO plugin. -->","yoast_head_json":{"title":"M\u00e1quina autom\u00e1tica de galletas de az\u00facar de alta eficiencia para la venta - Fabricante de soluciones de producci\u00f3n de galletas","description":"La m\u00e1quina para hacer galletas de az\u00facar es un equipo automatizado dise\u00f1ado para la producci\u00f3n estandarizada de galletas de az\u00facar, que integra funciones de mezclado y horneado.","robots":{"index":"index","follow":"follow","max-snippet":"max-snippet:-1","max-image-preview":"max-image-preview:large","max-video-preview":"max-video-preview:-1"},"canonical":"https:\/\/www.biscuitsolution.com\/es\/producto\/high-efficiency-automatic-sugar-cookie-making-machine-for-sale\/","og_locale":"es_ES","og_type":"article","og_title":"High-Efficiency Automatic Sugar Cookie Making Machine for Sale - Biscuit Production Solution Manufacturer","og_description":"Sugar cookie making machine is an automated equipment designed for standardized production of sugar cookies, integrating mixing, and baking functions.","og_url":"https:\/\/www.biscuitsolution.com\/es\/producto\/high-efficiency-automatic-sugar-cookie-making-machine-for-sale\/","og_site_name":"Biscuit Production Solution Manufacturer","article_publisher":"https:\/\/www.facebook.com\/profile.php?id=100095205040823","article_modified_time":"2025-02-21T09:19:32+00:00","og_image":[{"width":600,"height":600,"url":"https:\/\/www.biscuitsolution.com\/wp-content\/uploads\/2025\/02\/\u4e3b\u56fe-15.jpg","type":"image\/jpeg"}],"twitter_card":"summary_large_image","twitter_site":"@shanna_zha26342","twitter_misc":{"Tiempo de lectura":"3 minutos"},"schema":{"@context":"https:\/\/schema.org","@graph":[{"@type":"WebPage","@id":"https:\/\/www.biscuitsolution.com\/product\/high-efficiency-automatic-sugar-cookie-making-machine-for-sale\/","url":"https:\/\/www.biscuitsolution.com\/product\/high-efficiency-automatic-sugar-cookie-making-machine-for-sale\/","name":"M\u00e1quina autom\u00e1tica de galletas de az\u00facar de alta eficiencia para la venta - Fabricante de soluciones de producci\u00f3n de galletas","isPartOf":{"@id":"https:\/\/www.biscuitsolution.com\/#website"},"primaryImageOfPage":{"@id":"https:\/\/www.biscuitsolution.com\/product\/high-efficiency-automatic-sugar-cookie-making-machine-for-sale\/#primaryimage"},"image":{"@id":"https:\/\/www.biscuitsolution.com\/product\/high-efficiency-automatic-sugar-cookie-making-machine-for-sale\/#primaryimage"},"thumbnailUrl":"https:\/\/www.biscuitsolution.com\/wp-content\/uploads\/2025\/02\/\u4e3b\u56fe-15.jpg","datePublished":"2025-02-21T09:12:58+00:00","dateModified":"2025-02-21T09:19:32+00:00","description":"La m\u00e1quina para hacer galletas de az\u00facar es un equipo automatizado dise\u00f1ado para la producci\u00f3n estandarizada de galletas de az\u00facar, que integra funciones de mezclado y horneado.","breadcrumb":{"@id":"https:\/\/www.biscuitsolution.com\/product\/high-efficiency-automatic-sugar-cookie-making-machine-for-sale\/#breadcrumb"},"inLanguage":"es","potentialAction":[{"@type":"ReadAction","target":["https:\/\/www.biscuitsolution.com\/product\/high-efficiency-automatic-sugar-cookie-making-machine-for-sale\/"]}]},{"@type":"ImageObject","inLanguage":"es","@id":"https:\/\/www.biscuitsolution.com\/product\/high-efficiency-automatic-sugar-cookie-making-machine-for-sale\/#primaryimage","url":"https:\/\/www.biscuitsolution.com\/wp-content\/uploads\/2025\/02\/\u4e3b\u56fe-15.jpg","contentUrl":"https:\/\/www.biscuitsolution.com\/wp-content\/uploads\/2025\/02\/\u4e3b\u56fe-15.jpg","width":600,"height":600,"caption":"sugar cookie making machine"},{"@type":"BreadcrumbList","@id":"https:\/\/www.biscuitsolution.com\/product\/high-efficiency-automatic-sugar-cookie-making-machine-for-sale\/#breadcrumb","itemListElement":[{"@type":"ListItem","position":1,"name":"Home","item":"https:\/\/www.biscuitsolution.com\/"},{"@type":"ListItem","position":2,"name":"Product","item":"https:\/\/www.biscuitsolution.com\/product\/"},{"@type":"ListItem","position":3,"name":"High-Efficiency Automatic Sugar Cookie Making Machine for Sale"}]},{"@type":"WebSite","@id":"https:\/\/www.biscuitsolution.com\/#website","url":"https:\/\/www.biscuitsolution.com\/","name":"Fabricante de soluciones para la producci\u00f3n de galletas","description":"","potentialAction":[{"@type":"SearchAction","target":{"@type":"EntryPoint","urlTemplate":"https:\/\/www.biscuitsolution.com\/?s={search_term_string}"},"query-input":{"@type":"PropertyValueSpecification","valueRequired":true,"valueName":"search_term_string"}}],"inLanguage":"es"},false]}},"yasr_visitor_votes":{"stars_attributes":{"read_only":false,"span_bottom":false},"number_of_votes":0,"sum_votes":0},"_links":{"self":[{"href":"https:\/\/www.biscuitsolution.com\/es\/wp-json\/wp\/v2\/product\/4775","targetHints":{"allow":["GET"]}}],"collection":[{"href":"https:\/\/www.biscuitsolution.com\/es\/wp-json\/wp\/v2\/product"}],"about":[{"href":"https:\/\/www.biscuitsolution.com\/es\/wp-json\/wp\/v2\/types\/product"}],"replies":[{"embeddable":true,"href":"https:\/\/www.biscuitsolution.com\/es\/wp-json\/wp\/v2\/comments?post=4775"}],"version-history":[{"count":2,"href":"https:\/\/www.biscuitsolution.com\/es\/wp-json\/wp\/v2\/product\/4775\/revisions"}],"predecessor-version":[{"id":4781,"href":"https:\/\/www.biscuitsolution.com\/es\/wp-json\/wp\/v2\/product\/4775\/revisions\/4781"}],"wp:featuredmedia":[{"embeddable":true,"href":"https:\/\/www.biscuitsolution.com\/es\/wp-json\/wp\/v2\/media\/4779"}],"wp:attachment":[{"href":"https:\/\/www.biscuitsolution.com\/es\/wp-json\/wp\/v2\/media?parent=4775"}],"wp:term":[{"taxonomy":"product_brand","embeddable":true,"href":"https:\/\/www.biscuitsolution.com\/es\/wp-json\/wp\/v2\/product_brand?post=4775"},{"taxonomy":"product_cat","embeddable":true,"href":"https:\/\/www.biscuitsolution.com\/es\/wp-json\/wp\/v2\/product_cat?post=4775"},{"taxonomy":"product_tag","embeddable":true,"href":"https:\/\/www.biscuitsolution.com\/es\/wp-json\/wp\/v2\/product_tag?post=4775"}],"curies":[{"name":"wp","href":"https:\/\/api.w.org\/{rel}","templated":true}]}}