{"id":4769,"date":"2025-02-21T09:06:16","date_gmt":"2025-02-21T09:06:16","guid":{"rendered":"https:\/\/www.biscuitsolution.com\/?post_type=product&#038;p=4769"},"modified":"2025-02-21T09:06:16","modified_gmt":"2025-02-21T09:06:16","slug":"complete-automatic-cookie-production-line-high-efficiency","status":"publish","type":"product","link":"https:\/\/www.biscuitsolution.com\/es\/producto\/complete-automatic-cookie-production-line-high-efficiency\/","title":{"rendered":"L\u00ednea completa de producci\u00f3n autom\u00e1tica de galletas de alta eficiencia"},"content":{"rendered":"<h2>Introducci\u00f3n a la l\u00ednea de producci\u00f3n autom\u00e1tica de galletas<\/h2>\n<ol>\n<li>Integra m\u00faltiples eslabones de la producci\u00f3n, desde el procesamiento de las materias primas hasta el envasado final, reduce la intervenci\u00f3n manual y mejora la eficacia de la producci\u00f3n y la estabilidad de la calidad del producto.<\/li>\n<li>La l\u00ednea de producci\u00f3n suele estar compuesta por un sistema de mezclado de masa, un sistema de moldeado, un sistema de horneado, un sistema de enfriamiento, un sistema de rociado de aceite y az\u00facar, un sistema de envasado, etc., y se utiliza ampliamente en plantas de procesamiento de alimentos, fabricantes de galletas y otras empresas.<\/li>\n<\/ol>\n<p><img fetchpriority=\"high\" decoding=\"async\" class=\"alignnone size-full wp-image-4770\" src=\"https:\/\/www.biscuitsolution.com\/wp-content\/uploads\/2025\/02\/cookie-production-line.jpg\" alt=\"l\u00ednea de producci\u00f3n autom\u00e1tica de galletas\" width=\"800\" height=\"450\" srcset=\"https:\/\/www.biscuitsolution.com\/wp-content\/uploads\/2025\/02\/cookie-production-line.jpg 800w, https:\/\/www.biscuitsolution.com\/wp-content\/uploads\/2025\/02\/cookie-production-line-600x338.jpg 600w, https:\/\/www.biscuitsolution.com\/wp-content\/uploads\/2025\/02\/cookie-production-line-300x169.jpg 300w, https:\/\/www.biscuitsolution.com\/wp-content\/uploads\/2025\/02\/cookie-production-line-768x432.jpg 768w\" sizes=\"(max-width: 800px) 100vw, 800px\" \/><\/p>\n<h2>Introducci\u00f3n a las funciones b\u00e1sicas de la l\u00ednea de producci\u00f3n de galletas<\/h2>\n<ol>\n<li>Funci\u00f3n de mezcla de masa: Despu\u00e9s de pesar las materias primas de acuerdo con la f\u00f3rmula, se introducen en el tanque de mezclado para mezclarlas completamente. Mediante el mezclado, las distintas materias primas se mezclan uniformemente para formar una masa con la consistencia y textura adecuadas. Ajuste la velocidad y el tiempo de mezclado seg\u00fan los requisitos de las diferentes galletas.<\/li>\n<li>Funci\u00f3n de moldeo: Se puede utilizar una variedad de m\u00e9todos de moldeo, tales como moldeo por estampado, moldeo por extrusi\u00f3n, moldeo por impresi\u00f3n de rodillos, etc., que es el eslab\u00f3n clave de la l\u00ednea de producci\u00f3n.<\/li>\n<li>Funci\u00f3n de horneado: Las galletas formadas se transportan al horno para su cocci\u00f3n. El horno de cocci\u00f3n suele adoptar m\u00e9todos de calentamiento como la electricidad, el gas o el vapor, que permiten controlar con precisi\u00f3n la temperatura, la humedad y el tiempo de cocci\u00f3n en el horno.<\/li>\n<li>Funci\u00f3n de rociado de aceite y espolvoreado de az\u00facar: Seg\u00fan las necesidades de las diferentes galletas, la l\u00ednea de producci\u00f3n puede equiparse con dispositivos de rociado de aceite y rociado de az\u00facar.<\/li>\n<li>Funci\u00f3n de envasado: Las galletas enfriadas se transportan al sistema de envasado para su embalaje.<\/li>\n<\/ol>\n<p><img decoding=\"async\" class=\"alignnone size-full wp-image-4771\" src=\"https:\/\/www.biscuitsolution.com\/wp-content\/uploads\/2025\/02\/automatic-cookie-line-.jpg\" alt=\"l\u00ednea de producci\u00f3n de galletas\" width=\"800\" height=\"450\" srcset=\"https:\/\/www.biscuitsolution.com\/wp-content\/uploads\/2025\/02\/automatic-cookie-line-.jpg 800w, https:\/\/www.biscuitsolution.com\/wp-content\/uploads\/2025\/02\/automatic-cookie-line--600x338.jpg 600w, https:\/\/www.biscuitsolution.com\/wp-content\/uploads\/2025\/02\/automatic-cookie-line--300x169.jpg 300w, https:\/\/www.biscuitsolution.com\/wp-content\/uploads\/2025\/02\/automatic-cookie-line--768x432.jpg 768w\" sizes=\"(max-width: 800px) 100vw, 800px\" \/><\/p>\n<h2>L\u00ednea de producci\u00f3n autom\u00e1tica de galletas FAQ<\/h2>\n<ul>\n<li>\u00bfC\u00f3mo ajustar el grosor y el tama\u00f1o de las galletas?<br \/>\nPara el grosor, en el proceso de conformado se controla ajustando la separaci\u00f3n entre la matriz de punzonado, la boquilla de extrusi\u00f3n o el rodillo.<\/li>\n<li>\u00bfPuede la l\u00ednea de producci\u00f3n producir distintos tipos de galletas?<br \/>\nEn general, la l\u00ednea autom\u00e1tica de producci\u00f3n de galletas tiene cierta versatilidad, y puede producir diferentes tipos de galletas ajustando la receta, cambiando el troquel y ajustando los par\u00e1metros del equipo, pero para algunas galletas con procesos y requisitos especiales, puede ser necesario transformar parcialmente la l\u00ednea de producci\u00f3n o a\u00f1adir equipos espec\u00edficos.<\/li>\n<li>\u00bfC\u00f3mo determinar la capacidad de la l\u00ednea autom\u00e1tica de producci\u00f3n de galletas?<br \/>\nLa capacidad de la l\u00ednea de producci\u00f3n suele estar relacionada con factores como el modelo, la especificaci\u00f3n, la configuraci\u00f3n y el proceso de producci\u00f3n del equipo.<\/li>\n<li>\u00bfEs elevado el consumo energ\u00e9tico de la l\u00ednea de producci\u00f3n?<br \/>\nEl consumo de energ\u00eda de la l\u00ednea de producci\u00f3n autom\u00e1tica de galletas depende principalmente de la potencia, el tiempo de funcionamiento y el m\u00e9todo de calentamiento del equipo. El consumo de energ\u00eda de las distintas l\u00edneas de producci\u00f3n var\u00eda.<\/li>\n<\/ul>\n<h2><img decoding=\"async\" class=\"alignnone size-full wp-image-4772\" src=\"https:\/\/www.biscuitsolution.com\/wp-content\/uploads\/2025\/02\/automatic-cookie-production-line-.jpg\" alt=\"l\u00ednea de producci\u00f3n de galletas\" width=\"800\" height=\"450\" srcset=\"https:\/\/www.biscuitsolution.com\/wp-content\/uploads\/2025\/02\/automatic-cookie-production-line-.jpg 800w, https:\/\/www.biscuitsolution.com\/wp-content\/uploads\/2025\/02\/automatic-cookie-production-line--600x338.jpg 600w, https:\/\/www.biscuitsolution.com\/wp-content\/uploads\/2025\/02\/automatic-cookie-production-line--300x169.jpg 300w, https:\/\/www.biscuitsolution.com\/wp-content\/uploads\/2025\/02\/automatic-cookie-production-line--768x432.jpg 768w\" sizes=\"(max-width: 800px) 100vw, 800px\" \/><br \/>\nDeje un mensaje para obtener un presupuesto<\/h2>\n\n<div class=\"wpcf7 no-js\" id=\"wpcf7-f4619-o1\" lang=\"en-US\" dir=\"ltr\" data-wpcf7-id=\"4619\">\n<div class=\"screen-reader-response\"><p role=\"status\" aria-live=\"polite\" aria-atomic=\"true\"><\/p> <ul><\/ul><\/div>\n<form action=\"\/es\/wp-json\/wp\/v2\/product\/4769#wpcf7-f4619-o1\" method=\"post\" class=\"wpcf7-form init\" aria-label=\"Formulario de contacto\" novalidate=\"novalidate\" data-status=\"init\" data-trp-original-action=\"\/es\/wp-json\/wp\/v2\/product\/4769#wpcf7-f4619-o1\">\n<div style=\"display: none;\">\n<input type=\"hidden\" name=\"_wpcf7\" value=\"4619\" \/>\n<input type=\"hidden\" name=\"_wpcf7_version\" value=\"6.0.4\" \/>\n<input type=\"hidden\" name=\"_wpcf7_locale\" value=\"en_US\" \/>\n<input type=\"hidden\" name=\"_wpcf7_unit_tag\" value=\"wpcf7-f4619-o1\" \/>\n<input type=\"hidden\" name=\"_wpcf7_container_post\" value=\"0\" \/>\n<input type=\"hidden\" name=\"_wpcf7_posted_data_hash\" value=\"\" \/>\n<\/div>\n<p><label> Su nombre<br \/>\n<span class=\"wpcf7-form-control-wrap\" data-name=\"your-name\"><input size=\"40\" maxlength=\"400\" class=\"wpcf7-form-control wpcf7-text wpcf7-validates-as-required\" aria-required=\"true\" aria-invalid=\"false\" value=\"\" type=\"text\" name=\"your-name\" \/><\/span> <\/label>\n<\/p>\n<p><label> Su pa\u00eds<br \/>\n<span class=\"wpcf7-form-control-wrap\" data-name=\"your-country\"><input size=\"40\" maxlength=\"400\" class=\"wpcf7-form-control wpcf7-text\" aria-invalid=\"false\" value=\"\" type=\"text\" name=\"your-country\" \/><\/span><\/label>\n<\/p>\n<p><label> Su correo electr\u00f3nico<br \/>\n<span class=\"wpcf7-form-control-wrap\" data-name=\"your-email\"><input size=\"40\" maxlength=\"400\" class=\"wpcf7-form-control wpcf7-email wpcf7-validates-as-required wpcf7-text wpcf7-validates-as-email\" aria-required=\"true\" aria-invalid=\"false\" value=\"\" type=\"email\" name=\"your-email\" \/><\/span> <\/label>\n<\/p>\n<p><label> Tu tel\u00e9fono<br \/>\n<span class=\"wpcf7-form-control-wrap\" data-name=\"your-phone\"><input size=\"40\" maxlength=\"400\" class=\"wpcf7-form-control wpcf7-tel wpcf7-text wpcf7-validates-as-tel\" aria-invalid=\"false\" value=\"\" type=\"tel\" name=\"your-phone\" \/><\/span> <\/label>\n<\/p>\n<p><label> Nombre de su empresa<br \/>\n<span class=\"wpcf7-form-control-wrap\" data-name=\"text-457\"><input size=\"40\" maxlength=\"400\" class=\"wpcf7-form-control wpcf7-text\" aria-invalid=\"false\" value=\"\" type=\"text\" name=\"text-457\" \/><\/span> <\/label>\n<\/p>\n<p><label> El sitio web de su empresa<br \/>\n<span class=\"wpcf7-form-control-wrap\" data-name=\"text-546\"><input size=\"40\" maxlength=\"400\" class=\"wpcf7-form-control wpcf7-text\" aria-invalid=\"false\" value=\"\" type=\"text\" name=\"text-546\" \/><\/span> <\/label>\n<\/p>\n<p><label> Sus requisitos*<br \/>\n<span class=\"wpcf7-form-control-wrap\" data-name=\"your-message\"><textarea cols=\"40\" rows=\"10\" maxlength=\"2000\" class=\"wpcf7-form-control wpcf7-textarea wpcf7-validates-as-required\" aria-required=\"true\" aria-invalid=\"false\" name=\"your-message\"><\/textarea><\/span> <\/label>\n<\/p>\n<p><input class=\"wpcf7-form-control wpcf7-submit has-spinner\" type=\"submit\" value=\"Enviar\" \/>\n<\/p><p style=\"display: none !important;\" class=\"akismet-fields-container\" data-prefix=\"_wpcf7_ak_\"><label>&#916;<textarea name=\"_wpcf7_ak_hp_textarea\" cols=\"45\" rows=\"8\" maxlength=\"100\"><\/textarea><\/label><input type=\"hidden\" id=\"ak_js_1\" name=\"_wpcf7_ak_js\" value=\"12\"\/><script>document.getElementById( \"ak_js_1\" ).setAttribute( \"value\", ( new Date() ).getTime() );<\/script><\/p><div class=\"wpcf7-response-output\" aria-hidden=\"true\"><\/div>\n<input type=\"hidden\" name=\"trp-form-language\" value=\"es\"\/><\/form>\n<\/div>\n\n<div style='text-align:left' class='yasr-auto-insert-visitor'><\/div>","protected":false},"excerpt":{"rendered":"<p>Capacidad: 100-1000KG\/H<\/p>\n<p>Tensi\u00f3n: 380 V<\/p>\n<p>Marca: GELGOOG<\/p>\n<p>Correo electr\u00f3nico: shanna@machinehall.com<\/p>\n<p>Tel\u00e9fono: +8618638676709<\/p>","protected":false},"featured_media":4773,"comment_status":"open","ping_status":"closed","template":"","meta":{"site-sidebar-layout":"default","site-content-layout":"","ast-site-content-layout":"default","site-content-style":"default","site-sidebar-style":"default","ast-global-header-display":"","ast-banner-title-visibility":"","ast-main-header-display":"","ast-hfb-above-header-display":"","ast-hfb-below-header-display":"","ast-hfb-mobile-header-display":"","site-post-title":"","ast-breadcrumbs-content":"","ast-featured-img":"","footer-sml-layout":"","theme-transparent-header-meta":"default","adv-header-id-meta":"","stick-header-meta":"","header-above-stick-meta":"","header-main-stick-meta":"","header-below-stick-meta":"","astra-migrate-meta-layouts":"set","ast-page-background-enabled":"default","ast-page-background-meta":{"desktop":{"background-color":"","background-image":"","background-repeat":"repeat","background-position":"center center","background-size":"auto","background-attachment":"scroll","background-type":"","background-media":"","overlay-type":"","overlay-color":"","overlay-opacity":"","overlay-gradient":""},"tablet":{"background-color":"","background-image":"","background-repeat":"repeat","background-position":"center center","background-size":"auto","background-attachment":"scroll","background-type":"","background-media":"","overlay-type":"","overlay-color":"","overlay-opacity":"","overlay-gradient":""},"mobile":{"background-color":"","background-image":"","background-repeat":"repeat","background-position":"center center","background-size":"auto","background-attachment":"scroll","background-type":"","background-media":"","overlay-type":"","overlay-color":"","overlay-opacity":"","overlay-gradient":""}},"ast-content-background-meta":{"desktop":{"background-color":"var(--ast-global-color-5)","background-image":"","background-repeat":"repeat","background-position":"center center","background-size":"auto","background-attachment":"scroll","background-type":"","background-media":"","overlay-type":"","overlay-color":"","overlay-opacity":"","overlay-gradient":""},"tablet":{"background-color":"var(--ast-global-color-5)","background-image":"","background-repeat":"repeat","background-position":"center center","background-size":"auto","background-attachment":"scroll","background-type":"","background-media":"","overlay-type":"","overlay-color":"","overlay-opacity":"","overlay-gradient":""},"mobile":{"background-color":"var(--ast-global-color-5)","background-image":"","background-repeat":"repeat","background-position":"center center","background-size":"auto","background-attachment":"scroll","background-type":"","background-media":"","overlay-type":"","overlay-color":"","overlay-opacity":"","overlay-gradient":""}},"yasr_overall_rating":0,"yasr_post_is_review":"","yasr_auto_insert_disabled":"","yasr_review_type":""},"product_brand":[],"product_cat":[24],"product_tag":[],"class_list":{"0":"post-4769","1":"product","2":"type-product","3":"status-publish","4":"has-post-thumbnail","6":"product_cat-cookie-production-line","7":"desktop-align-left","8":"tablet-align-left","9":"mobile-align-left","11":"first","12":"instock","13":"shipping-taxable","14":"product-type-simple"},"yoast_head":"<!-- This site is optimized with the Yoast SEO plugin v24.4 - https:\/\/yoast.com\/wordpress\/plugins\/seo\/ -->\n<title>Complete Automatic Cookie Production Line High Efficiency - Biscuit Production Solution Manufacturer<\/title>\n<meta name=\"description\" content=\"The automatic cookie production line is a complete system composed of automated mechanical equipment for efficient cookie production.\" \/>\n<meta name=\"robots\" content=\"index, follow, max-snippet:-1, max-image-preview:large, max-video-preview:-1\" \/>\n<link rel=\"canonical\" href=\"https:\/\/www.biscuitsolution.com\/es\/producto\/complete-automatic-cookie-production-line-high-efficiency\/\" \/>\n<meta property=\"og:locale\" content=\"es_ES\" \/>\n<meta property=\"og:type\" content=\"article\" \/>\n<meta property=\"og:title\" content=\"Complete Automatic Cookie Production Line High Efficiency - Biscuit Production Solution Manufacturer\" \/>\n<meta property=\"og:description\" content=\"The automatic cookie production line is a complete system composed of automated mechanical equipment for efficient cookie production.\" \/>\n<meta property=\"og:url\" content=\"https:\/\/www.biscuitsolution.com\/es\/producto\/complete-automatic-cookie-production-line-high-efficiency\/\" \/>\n<meta property=\"og:site_name\" content=\"Biscuit Production Solution Manufacturer\" \/>\n<meta property=\"article:publisher\" content=\"https:\/\/www.facebook.com\/profile.php?id=100095205040823\" \/>\n<meta property=\"og:image\" content=\"https:\/\/www.biscuitsolution.com\/wp-content\/uploads\/2025\/02\/\u4e3b\u56fe-14.jpg\" \/>\n\t<meta property=\"og:image:width\" content=\"600\" \/>\n\t<meta property=\"og:image:height\" content=\"600\" \/>\n\t<meta property=\"og:image:type\" content=\"image\/jpeg\" \/>\n<meta name=\"twitter:card\" content=\"summary_large_image\" \/>\n<meta name=\"twitter:site\" content=\"@shanna_zha26342\" \/>\n<meta name=\"twitter:label1\" content=\"Tiempo de lectura\" \/>\n\t<meta name=\"twitter:data1\" content=\"3 minutos\" \/>\n<script type=\"application\/ld+json\" class=\"yoast-schema-graph\">{\"@context\":\"https:\/\/schema.org\",\"@graph\":[{\"@type\":\"WebPage\",\"@id\":\"https:\/\/www.biscuitsolution.com\/product\/complete-automatic-cookie-production-line-high-efficiency\/\",\"url\":\"https:\/\/www.biscuitsolution.com\/product\/complete-automatic-cookie-production-line-high-efficiency\/\",\"name\":\"Complete Automatic Cookie Production Line High Efficiency - Biscuit Production Solution Manufacturer\",\"isPartOf\":{\"@id\":\"https:\/\/www.biscuitsolution.com\/#website\"},\"primaryImageOfPage\":{\"@id\":\"https:\/\/www.biscuitsolution.com\/product\/complete-automatic-cookie-production-line-high-efficiency\/#primaryimage\"},\"image\":{\"@id\":\"https:\/\/www.biscuitsolution.com\/product\/complete-automatic-cookie-production-line-high-efficiency\/#primaryimage\"},\"thumbnailUrl\":\"https:\/\/www.biscuitsolution.com\/wp-content\/uploads\/2025\/02\/\u4e3b\u56fe-14.jpg\",\"datePublished\":\"2025-02-21T09:06:16+00:00\",\"description\":\"The automatic cookie production line is a complete system composed of automated mechanical equipment for efficient cookie production.\",\"breadcrumb\":{\"@id\":\"https:\/\/www.biscuitsolution.com\/product\/complete-automatic-cookie-production-line-high-efficiency\/#breadcrumb\"},\"inLanguage\":\"es\",\"potentialAction\":[{\"@type\":\"ReadAction\",\"target\":[\"https:\/\/www.biscuitsolution.com\/product\/complete-automatic-cookie-production-line-high-efficiency\/\"]}]},{\"@type\":\"ImageObject\",\"inLanguage\":\"es\",\"@id\":\"https:\/\/www.biscuitsolution.com\/product\/complete-automatic-cookie-production-line-high-efficiency\/#primaryimage\",\"url\":\"https:\/\/www.biscuitsolution.com\/wp-content\/uploads\/2025\/02\/\u4e3b\u56fe-14.jpg\",\"contentUrl\":\"https:\/\/www.biscuitsolution.com\/wp-content\/uploads\/2025\/02\/\u4e3b\u56fe-14.jpg\",\"width\":600,\"height\":600,\"caption\":\"automatic cookie production line\"},{\"@type\":\"BreadcrumbList\",\"@id\":\"https:\/\/www.biscuitsolution.com\/product\/complete-automatic-cookie-production-line-high-efficiency\/#breadcrumb\",\"itemListElement\":[{\"@type\":\"ListItem\",\"position\":1,\"name\":\"Home\",\"item\":\"https:\/\/www.biscuitsolution.com\/\"},{\"@type\":\"ListItem\",\"position\":2,\"name\":\"Product\",\"item\":\"https:\/\/www.biscuitsolution.com\/product\/\"},{\"@type\":\"ListItem\",\"position\":3,\"name\":\"Complete Automatic Cookie Production Line High Efficiency\"}]},{\"@type\":\"WebSite\",\"@id\":\"https:\/\/www.biscuitsolution.com\/#website\",\"url\":\"https:\/\/www.biscuitsolution.com\/\",\"name\":\"Biscuit Production Solution Manufacturer\",\"description\":\"\",\"potentialAction\":[{\"@type\":\"SearchAction\",\"target\":{\"@type\":\"EntryPoint\",\"urlTemplate\":\"https:\/\/www.biscuitsolution.com\/?s={search_term_string}\"},\"query-input\":{\"@type\":\"PropertyValueSpecification\",\"valueRequired\":true,\"valueName\":\"search_term_string\"}}],\"inLanguage\":\"es\"},false]}<\/script>\n<!-- \/ Yoast SEO plugin. -->","yoast_head_json":{"title":"L\u00ednea de producci\u00f3n autom\u00e1tica completa de galletas de alta eficiencia - Fabricante de soluciones de producci\u00f3n de galletas","description":"La l\u00ednea de producci\u00f3n autom\u00e1tica de galletas es un sistema completo compuesto por equipos mec\u00e1nicos automatizados para la producci\u00f3n eficiente de galletas.","robots":{"index":"index","follow":"follow","max-snippet":"max-snippet:-1","max-image-preview":"max-image-preview:large","max-video-preview":"max-video-preview:-1"},"canonical":"https:\/\/www.biscuitsolution.com\/es\/producto\/complete-automatic-cookie-production-line-high-efficiency\/","og_locale":"es_ES","og_type":"article","og_title":"Complete Automatic Cookie Production Line High Efficiency - Biscuit Production Solution Manufacturer","og_description":"The automatic cookie production line is a complete system composed of automated mechanical equipment for efficient cookie production.","og_url":"https:\/\/www.biscuitsolution.com\/es\/producto\/complete-automatic-cookie-production-line-high-efficiency\/","og_site_name":"Biscuit Production Solution Manufacturer","article_publisher":"https:\/\/www.facebook.com\/profile.php?id=100095205040823","og_image":[{"width":600,"height":600,"url":"https:\/\/www.biscuitsolution.com\/wp-content\/uploads\/2025\/02\/\u4e3b\u56fe-14.jpg","type":"image\/jpeg"}],"twitter_card":"summary_large_image","twitter_site":"@shanna_zha26342","twitter_misc":{"Tiempo de lectura":"3 minutos"},"schema":{"@context":"https:\/\/schema.org","@graph":[{"@type":"WebPage","@id":"https:\/\/www.biscuitsolution.com\/product\/complete-automatic-cookie-production-line-high-efficiency\/","url":"https:\/\/www.biscuitsolution.com\/product\/complete-automatic-cookie-production-line-high-efficiency\/","name":"L\u00ednea de producci\u00f3n autom\u00e1tica completa de galletas de alta eficiencia - Fabricante de soluciones de producci\u00f3n de galletas","isPartOf":{"@id":"https:\/\/www.biscuitsolution.com\/#website"},"primaryImageOfPage":{"@id":"https:\/\/www.biscuitsolution.com\/product\/complete-automatic-cookie-production-line-high-efficiency\/#primaryimage"},"image":{"@id":"https:\/\/www.biscuitsolution.com\/product\/complete-automatic-cookie-production-line-high-efficiency\/#primaryimage"},"thumbnailUrl":"https:\/\/www.biscuitsolution.com\/wp-content\/uploads\/2025\/02\/\u4e3b\u56fe-14.jpg","datePublished":"2025-02-21T09:06:16+00:00","description":"La l\u00ednea de producci\u00f3n autom\u00e1tica de galletas es un sistema completo compuesto por equipos mec\u00e1nicos automatizados para la producci\u00f3n eficiente de galletas.","breadcrumb":{"@id":"https:\/\/www.biscuitsolution.com\/product\/complete-automatic-cookie-production-line-high-efficiency\/#breadcrumb"},"inLanguage":"es","potentialAction":[{"@type":"ReadAction","target":["https:\/\/www.biscuitsolution.com\/product\/complete-automatic-cookie-production-line-high-efficiency\/"]}]},{"@type":"ImageObject","inLanguage":"es","@id":"https:\/\/www.biscuitsolution.com\/product\/complete-automatic-cookie-production-line-high-efficiency\/#primaryimage","url":"https:\/\/www.biscuitsolution.com\/wp-content\/uploads\/2025\/02\/\u4e3b\u56fe-14.jpg","contentUrl":"https:\/\/www.biscuitsolution.com\/wp-content\/uploads\/2025\/02\/\u4e3b\u56fe-14.jpg","width":600,"height":600,"caption":"automatic cookie production line"},{"@type":"BreadcrumbList","@id":"https:\/\/www.biscuitsolution.com\/product\/complete-automatic-cookie-production-line-high-efficiency\/#breadcrumb","itemListElement":[{"@type":"ListItem","position":1,"name":"Home","item":"https:\/\/www.biscuitsolution.com\/"},{"@type":"ListItem","position":2,"name":"Product","item":"https:\/\/www.biscuitsolution.com\/product\/"},{"@type":"ListItem","position":3,"name":"Complete Automatic Cookie Production Line High Efficiency"}]},{"@type":"WebSite","@id":"https:\/\/www.biscuitsolution.com\/#website","url":"https:\/\/www.biscuitsolution.com\/","name":"Fabricante de soluciones para la producci\u00f3n de galletas","description":"","potentialAction":[{"@type":"SearchAction","target":{"@type":"EntryPoint","urlTemplate":"https:\/\/www.biscuitsolution.com\/?s={search_term_string}"},"query-input":{"@type":"PropertyValueSpecification","valueRequired":true,"valueName":"search_term_string"}}],"inLanguage":"es"},false]}},"yasr_visitor_votes":{"stars_attributes":{"read_only":false,"span_bottom":false},"number_of_votes":0,"sum_votes":0},"_links":{"self":[{"href":"https:\/\/www.biscuitsolution.com\/es\/wp-json\/wp\/v2\/product\/4769","targetHints":{"allow":["GET"]}}],"collection":[{"href":"https:\/\/www.biscuitsolution.com\/es\/wp-json\/wp\/v2\/product"}],"about":[{"href":"https:\/\/www.biscuitsolution.com\/es\/wp-json\/wp\/v2\/types\/product"}],"replies":[{"embeddable":true,"href":"https:\/\/www.biscuitsolution.com\/es\/wp-json\/wp\/v2\/comments?post=4769"}],"version-history":[{"count":1,"href":"https:\/\/www.biscuitsolution.com\/es\/wp-json\/wp\/v2\/product\/4769\/revisions"}],"predecessor-version":[{"id":4774,"href":"https:\/\/www.biscuitsolution.com\/es\/wp-json\/wp\/v2\/product\/4769\/revisions\/4774"}],"wp:featuredmedia":[{"embeddable":true,"href":"https:\/\/www.biscuitsolution.com\/es\/wp-json\/wp\/v2\/media\/4773"}],"wp:attachment":[{"href":"https:\/\/www.biscuitsolution.com\/es\/wp-json\/wp\/v2\/media?parent=4769"}],"wp:term":[{"taxonomy":"product_brand","embeddable":true,"href":"https:\/\/www.biscuitsolution.com\/es\/wp-json\/wp\/v2\/product_brand?post=4769"},{"taxonomy":"product_cat","embeddable":true,"href":"https:\/\/www.biscuitsolution.com\/es\/wp-json\/wp\/v2\/product_cat?post=4769"},{"taxonomy":"product_tag","embeddable":true,"href":"https:\/\/www.biscuitsolution.com\/es\/wp-json\/wp\/v2\/product_tag?post=4769"}],"curies":[{"name":"wp","href":"https:\/\/api.w.org\/{rel}","templated":true}]}}