{"id":4761,"date":"2025-02-21T09:00:23","date_gmt":"2025-02-21T09:00:23","guid":{"rendered":"https:\/\/www.biscuitsolution.com\/?post_type=product&#038;p=4761"},"modified":"2025-02-25T01:41:49","modified_gmt":"2025-02-25T01:41:49","slug":"automatic-garibaldi-biscuit-production-line-for-sale","status":"publish","type":"product","link":"https:\/\/www.biscuitsolution.com\/es\/producto\/automatic-garibaldi-biscuit-production-line-for-sale\/","title":{"rendered":"L\u00ednea de producci\u00f3n autom\u00e1tica de galletas Garibaldi en venta"},"content":{"rendered":"<h2>Introducci\u00f3n a la l\u00ednea de producci\u00f3n de galletas Garibaldi<\/h2>\n<p>En<strong> L\u00ednea de producci\u00f3n de galletas Garibaldi<\/strong> es un sistema contempor\u00e1neo totalmente automatizado dise\u00f1ado espec\u00edficamente para la fabricaci\u00f3n de las tradicionales galletas Garibaldi. Integra tecnolog\u00edas avanzadas de procesamiento de alimentos con ingenier\u00eda mec\u00e1nica de vanguardia, garantizando una producci\u00f3n industrial a gran escala sin fisuras desde la preparaci\u00f3n de la materia prima hasta el envasado final.<\/p>\n<p><img fetchpriority=\"high\" decoding=\"async\" class=\"alignnone size-full wp-image-4762\" src=\"https:\/\/www.biscuitsolution.com\/wp-content\/uploads\/2025\/02\/garibaldi-biscuit-production-line.jpg\" alt=\"l\u00ednea de producci\u00f3n de galletas garibaldi\" width=\"800\" height=\"450\" srcset=\"https:\/\/www.biscuitsolution.com\/wp-content\/uploads\/2025\/02\/garibaldi-biscuit-production-line.jpg 800w, https:\/\/www.biscuitsolution.com\/wp-content\/uploads\/2025\/02\/garibaldi-biscuit-production-line-600x338.jpg 600w, https:\/\/www.biscuitsolution.com\/wp-content\/uploads\/2025\/02\/garibaldi-biscuit-production-line-300x169.jpg 300w, https:\/\/www.biscuitsolution.com\/wp-content\/uploads\/2025\/02\/garibaldi-biscuit-production-line-768x432.jpg 768w\" sizes=\"(max-width: 800px) 100vw, 800px\" \/><\/p>\n<h2>Ventajas de la l\u00ednea de producci\u00f3n de galletas Garibaldi<\/h2>\n<ul>\n<li>Proceso de mezcla preciso: Equipada con un avanzado sistema de mezclado, puede controlar con precisi\u00f3n la proporci\u00f3n de materias primas como la harina, el az\u00facar y las pasas de acuerdo con la f\u00f3rmula \u00fanica de las galletas Garibaldi. Por ejemplo, al mezclar las pasas, la paleta agitadora especialmente dise\u00f1ada las voltea suavemente para evitar que se rompan, y conserva por completo la masticabilidad y el aroma afrutado de las pasas.<\/li>\n<li>Moldeo de alta velocidad: Con el equipo de moldeo de alta capacidad, se puede producir cada minuto un gran n\u00famero de materias primas para galletas con formas regulares y tama\u00f1os uniformes.<\/li>\n<li>Funcionamiento continuo: Est\u00e1 dise\u00f1ada para funcionar de forma estable durante mucho tiempo y reducir el n\u00famero y la duraci\u00f3n de los tiempos de inactividad. Desde la alimentaci\u00f3n de materias primas, pasando por la mezcla y el moldeo, hasta el horneado, el enfriamiento y el envasado, cada eslab\u00f3n est\u00e1 estrechamente conectado y se completa de una sola vez, lo que garantiza el alto rendimiento diario y mensual de la l\u00ednea de producci\u00f3n y ayuda a las empresas a conquistar cuotas de mercado.<\/li>\n<\/ul>\n<p><img decoding=\"async\" class=\"alignnone size-full wp-image-4763\" src=\"https:\/\/www.biscuitsolution.com\/wp-content\/uploads\/2025\/02\/garibaldi-biscuits-line.jpg\" alt=\"l\u00ednea de producci\u00f3n de galletas garibaldi\" width=\"800\" height=\"450\" srcset=\"https:\/\/www.biscuitsolution.com\/wp-content\/uploads\/2025\/02\/garibaldi-biscuits-line.jpg 800w, https:\/\/www.biscuitsolution.com\/wp-content\/uploads\/2025\/02\/garibaldi-biscuits-line-600x338.jpg 600w, https:\/\/www.biscuitsolution.com\/wp-content\/uploads\/2025\/02\/garibaldi-biscuits-line-300x169.jpg 300w, https:\/\/www.biscuitsolution.com\/wp-content\/uploads\/2025\/02\/garibaldi-biscuits-line-768x432.jpg 768w\" sizes=\"(max-width: 800px) 100vw, 800px\" \/><\/p>\n<ul>\n<li>Diversidad de productos: La l\u00ednea de producci\u00f3n es muy flexible. Simplemente sustituyendo algunos moldes o ajustando los par\u00e1metros, puede producir galletas Garibaldi de diferentes especificaciones, grosores e incluso combinaciones de sabores, satisfaciendo las preferencias de sabor cada vez m\u00e1s diversas de los consumidores y ampliando las ventas de productos.<\/li>\n<li>Adaptaci\u00f3n y actualizaci\u00f3n: Es f\u00e1cil de integrar con equipos relacionados anteriores y posteriores, como el acoplamiento sin fisuras con m\u00e1quinas de envasado para realizar el proceso automatizado desde la producci\u00f3n de galletas hasta el envasado; se pueden a\u00f1adir posteriormente nuevos m\u00f3dulos funcionales, como dispositivos de recubrimiento de chocolate, seg\u00fan las necesidades de desarrollo de la empresa para ampliar el valor a\u00f1adido del producto y adaptarse al mercado en constante cambio.<\/li>\n<\/ul>\n<h2>L\u00ednea de producci\u00f3n de galletas Garibaldi FAQ<\/h2>\n<ul>\n<li>P: \u00bfCu\u00e1l es la eficacia de esta l\u00ednea de producci\u00f3n?<br \/>\nR: La eficacia de las l\u00edneas de producci\u00f3n con distintas configuraciones var\u00eda. En t\u00e9rminos generales, la l\u00ednea de producci\u00f3n est\u00e1ndar m\u00e1s com\u00fan puede producir de 100 a 500 kg de masa cruda de galletas Garibaldi por hora. Despu\u00e9s de la formaci\u00f3n, pasa por el horneado, el envasado y otros eslabones, y la producci\u00f3n puede alcanzar miles de piezas por hora, lo que es suficiente para satisfacer las necesidades diarias de producci\u00f3n de las peque\u00f1as y medianas empresas.<\/li>\n<\/ul>\n<p><img decoding=\"async\" class=\"alignnone size-full wp-image-4764\" src=\"https:\/\/www.biscuitsolution.com\/wp-content\/uploads\/2025\/02\/garibaldi-biscuit-making-machine.jpg\" alt=\"l\u00ednea de producci\u00f3n de galletas garibaldi\" width=\"800\" height=\"450\" srcset=\"https:\/\/www.biscuitsolution.com\/wp-content\/uploads\/2025\/02\/garibaldi-biscuit-making-machine.jpg 800w, https:\/\/www.biscuitsolution.com\/wp-content\/uploads\/2025\/02\/garibaldi-biscuit-making-machine-600x338.jpg 600w, https:\/\/www.biscuitsolution.com\/wp-content\/uploads\/2025\/02\/garibaldi-biscuit-making-machine-300x169.jpg 300w, https:\/\/www.biscuitsolution.com\/wp-content\/uploads\/2025\/02\/garibaldi-biscuit-making-machine-768x432.jpg 768w\" sizes=\"(max-width: 800px) 100vw, 800px\" \/><\/p>\n<ul>\n<li>P: \u00bfC\u00f3mo garantizar que el sabor y el aroma de las galletas producidas sean homog\u00e9neos?<br \/>\nR: La l\u00ednea de producci\u00f3n utiliza un sistema de dosificaci\u00f3n de alta precisi\u00f3n, que controla estrictamente la proporci\u00f3n de materias primas seg\u00fan la receta cl\u00e1sica de las galletas Garibaldi, como la cantidad de harina, az\u00facar y pasas. En el proceso de mezclado, el dise\u00f1o especial de la paleta agitadora no s\u00f3lo puede mezclar completamente las materias primas, sino tambi\u00e9n evitar que las pasas y otros ingredientes fr\u00e1giles se rompan, para mantener su sabor. Durante el horneado, el sistema inteligente de control de temperatura controla con precisi\u00f3n la temperatura y el tiempo para garantizar que cada galleta se caliente uniformemente desde el interior hacia el exterior, asegurando as\u00ed la estabilidad del gusto y el sabor.<\/li>\n<li>P: Si falla la l\u00ednea de producci\u00f3n, \u00bfes f\u00e1cil repararla?<br \/>\nR: Es muy pr\u00e1ctica. La l\u00ednea de producci\u00f3n adopta un dise\u00f1o modular. Cuando se produce un fallo, el m\u00f3dulo problem\u00e1tico puede localizarse r\u00e1pidamente. Los fallos comunes pueden ser resueltos por el personal de mantenimiento interno de la empresa de acuerdo con el manual de funcionamiento. En caso de aver\u00edas m\u00e1s graves, contamos con un equipo profesional de posventa que ofrece orientaci\u00f3n a distancia o servicios de reparaci\u00f3n in situ para minimizar el tiempo de inactividad.<\/li>\n<\/ul>\n<p><img loading=\"lazy\" decoding=\"async\" class=\"alignnone size-full wp-image-4765\" src=\"https:\/\/www.biscuitsolution.com\/wp-content\/uploads\/2025\/02\/garibaldi-biscuit-line.jpg\" alt=\"l\u00ednea de producci\u00f3n de galletas garibaldi\" width=\"800\" height=\"450\" srcset=\"https:\/\/www.biscuitsolution.com\/wp-content\/uploads\/2025\/02\/garibaldi-biscuit-line.jpg 800w, https:\/\/www.biscuitsolution.com\/wp-content\/uploads\/2025\/02\/garibaldi-biscuit-line-600x338.jpg 600w, https:\/\/www.biscuitsolution.com\/wp-content\/uploads\/2025\/02\/garibaldi-biscuit-line-300x169.jpg 300w, https:\/\/www.biscuitsolution.com\/wp-content\/uploads\/2025\/02\/garibaldi-biscuit-line-768x432.jpg 768w\" sizes=\"(max-width: 800px) 100vw, 800px\" \/><\/p>\n<h2>Deje un mensaje para obtener un presupuesto<\/h2>\n\n<div class=\"wpcf7 no-js\" id=\"wpcf7-f4619-o1\" lang=\"en-US\" dir=\"ltr\" data-wpcf7-id=\"4619\">\n<div class=\"screen-reader-response\"><p role=\"status\" aria-live=\"polite\" aria-atomic=\"true\"><\/p> <ul><\/ul><\/div>\n<form action=\"\/es\/wp-json\/wp\/v2\/product\/4761#wpcf7-f4619-o1\" method=\"post\" class=\"wpcf7-form init\" aria-label=\"Formulario de contacto\" novalidate=\"novalidate\" data-status=\"init\" data-trp-original-action=\"\/es\/wp-json\/wp\/v2\/product\/4761#wpcf7-f4619-o1\">\n<div style=\"display: none;\">\n<input type=\"hidden\" name=\"_wpcf7\" value=\"4619\" \/>\n<input type=\"hidden\" name=\"_wpcf7_version\" value=\"6.0.4\" \/>\n<input type=\"hidden\" name=\"_wpcf7_locale\" value=\"en_US\" \/>\n<input type=\"hidden\" name=\"_wpcf7_unit_tag\" value=\"wpcf7-f4619-o1\" \/>\n<input type=\"hidden\" name=\"_wpcf7_container_post\" value=\"0\" \/>\n<input type=\"hidden\" name=\"_wpcf7_posted_data_hash\" value=\"\" \/>\n<\/div>\n<p><label> Su nombre<br \/>\n<span class=\"wpcf7-form-control-wrap\" data-name=\"your-name\"><input size=\"40\" maxlength=\"400\" class=\"wpcf7-form-control wpcf7-text wpcf7-validates-as-required\" aria-required=\"true\" aria-invalid=\"false\" value=\"\" type=\"text\" name=\"your-name\" \/><\/span> <\/label>\n<\/p>\n<p><label> Su pa\u00eds<br \/>\n<span class=\"wpcf7-form-control-wrap\" data-name=\"your-country\"><input size=\"40\" maxlength=\"400\" class=\"wpcf7-form-control wpcf7-text\" aria-invalid=\"false\" value=\"\" type=\"text\" name=\"your-country\" \/><\/span><\/label>\n<\/p>\n<p><label> Su correo electr\u00f3nico<br \/>\n<span class=\"wpcf7-form-control-wrap\" data-name=\"your-email\"><input size=\"40\" maxlength=\"400\" class=\"wpcf7-form-control wpcf7-email wpcf7-validates-as-required wpcf7-text wpcf7-validates-as-email\" aria-required=\"true\" aria-invalid=\"false\" value=\"\" type=\"email\" name=\"your-email\" \/><\/span> <\/label>\n<\/p>\n<p><label> Tu tel\u00e9fono<br \/>\n<span class=\"wpcf7-form-control-wrap\" data-name=\"your-phone\"><input size=\"40\" maxlength=\"400\" class=\"wpcf7-form-control wpcf7-tel wpcf7-text wpcf7-validates-as-tel\" aria-invalid=\"false\" value=\"\" type=\"tel\" name=\"your-phone\" \/><\/span> <\/label>\n<\/p>\n<p><label> Nombre de su empresa<br \/>\n<span class=\"wpcf7-form-control-wrap\" data-name=\"text-457\"><input size=\"40\" maxlength=\"400\" class=\"wpcf7-form-control wpcf7-text\" aria-invalid=\"false\" value=\"\" type=\"text\" name=\"text-457\" \/><\/span> <\/label>\n<\/p>\n<p><label> El sitio web de su empresa<br \/>\n<span class=\"wpcf7-form-control-wrap\" data-name=\"text-546\"><input size=\"40\" maxlength=\"400\" class=\"wpcf7-form-control wpcf7-text\" aria-invalid=\"false\" value=\"\" type=\"text\" name=\"text-546\" \/><\/span> <\/label>\n<\/p>\n<p><label> Sus requisitos*<br \/>\n<span class=\"wpcf7-form-control-wrap\" data-name=\"your-message\"><textarea cols=\"40\" rows=\"10\" maxlength=\"2000\" class=\"wpcf7-form-control wpcf7-textarea wpcf7-validates-as-required\" aria-required=\"true\" aria-invalid=\"false\" name=\"your-message\"><\/textarea><\/span> <\/label>\n<\/p>\n<p><input class=\"wpcf7-form-control wpcf7-submit has-spinner\" type=\"submit\" value=\"Enviar\" \/>\n<\/p><p style=\"display: none !important;\" class=\"akismet-fields-container\" data-prefix=\"_wpcf7_ak_\"><label>&#916;<textarea name=\"_wpcf7_ak_hp_textarea\" cols=\"45\" rows=\"8\" maxlength=\"100\"><\/textarea><\/label><input type=\"hidden\" id=\"ak_js_1\" name=\"_wpcf7_ak_js\" value=\"124\"\/><script>document.getElementById( \"ak_js_1\" ).setAttribute( \"value\", ( new Date() ).getTime() );<\/script><\/p><div class=\"wpcf7-response-output\" aria-hidden=\"true\"><\/div>\n<input type=\"hidden\" name=\"trp-form-language\" value=\"es\"\/><\/form>\n<\/div>\n\n<div style='text-align:left' class='yasr-auto-insert-visitor'><\/div>","protected":false},"excerpt":{"rendered":"<p>Marca: GELGOOG<\/p>\n<p>Tensi\u00f3n: 380 V<\/p>\n<p>Correo electr\u00f3nico: shanna@machinehall.com<\/p>\n<p>Tel\u00e9fono: +8618638676709<\/p>\n<p>Aplicaci\u00f3n: galletas garibaldi, galletas duras, galletas blandas, act.<\/p>","protected":false},"featured_media":4766,"comment_status":"open","ping_status":"closed","template":"","meta":{"site-sidebar-layout":"default","site-content-layout":"","ast-site-content-layout":"default","site-content-style":"default","site-sidebar-style":"default","ast-global-header-display":"","ast-banner-title-visibility":"","ast-main-header-display":"","ast-hfb-above-header-display":"","ast-hfb-below-header-display":"","ast-hfb-mobile-header-display":"","site-post-title":"","ast-breadcrumbs-content":"","ast-featured-img":"","footer-sml-layout":"","theme-transparent-header-meta":"default","adv-header-id-meta":"","stick-header-meta":"","header-above-stick-meta":"","header-main-stick-meta":"","header-below-stick-meta":"","astra-migrate-meta-layouts":"set","ast-page-background-enabled":"default","ast-page-background-meta":{"desktop":{"background-color":"","background-image":"","background-repeat":"repeat","background-position":"center center","background-size":"auto","background-attachment":"scroll","background-type":"","background-media":"","overlay-type":"","overlay-color":"","overlay-opacity":"","overlay-gradient":""},"tablet":{"background-color":"","background-image":"","background-repeat":"repeat","background-position":"center center","background-size":"auto","background-attachment":"scroll","background-type":"","background-media":"","overlay-type":"","overlay-color":"","overlay-opacity":"","overlay-gradient":""},"mobile":{"background-color":"","background-image":"","background-repeat":"repeat","background-position":"center center","background-size":"auto","background-attachment":"scroll","background-type":"","background-media":"","overlay-type":"","overlay-color":"","overlay-opacity":"","overlay-gradient":""}},"ast-content-background-meta":{"desktop":{"background-color":"var(--ast-global-color-5)","background-image":"","background-repeat":"repeat","background-position":"center center","background-size":"auto","background-attachment":"scroll","background-type":"","background-media":"","overlay-type":"","overlay-color":"","overlay-opacity":"","overlay-gradient":""},"tablet":{"background-color":"var(--ast-global-color-5)","background-image":"","background-repeat":"repeat","background-position":"center center","background-size":"auto","background-attachment":"scroll","background-type":"","background-media":"","overlay-type":"","overlay-color":"","overlay-opacity":"","overlay-gradient":""},"mobile":{"background-color":"var(--ast-global-color-5)","background-image":"","background-repeat":"repeat","background-position":"center center","background-size":"auto","background-attachment":"scroll","background-type":"","background-media":"","overlay-type":"","overlay-color":"","overlay-opacity":"","overlay-gradient":""}},"yasr_overall_rating":0,"yasr_post_is_review":"","yasr_auto_insert_disabled":"","yasr_review_type":""},"product_brand":[],"product_cat":[25],"product_tag":[],"class_list":{"0":"post-4761","1":"product","2":"type-product","3":"status-publish","4":"has-post-thumbnail","6":"product_cat-soft-biscuit-production-line","7":"desktop-align-left","8":"tablet-align-left","9":"mobile-align-left","11":"first","12":"instock","13":"shipping-taxable","14":"product-type-simple"},"yoast_head":"<!-- This site is optimized with the Yoast SEO plugin v24.4 - https:\/\/yoast.com\/wordpress\/plugins\/seo\/ -->\n<title>Automatic Garibaldi Biscuit Production Line For Sale - Biscuit Production Solution Manufacturer<\/title>\n<meta name=\"description\" content=\"Garibaldi Biscuit Production Line is a contemporary, fully automated system specifically tailored for the manufacturing of traditional Garibaldi biscuits.\" \/>\n<meta name=\"robots\" content=\"index, follow, max-snippet:-1, max-image-preview:large, max-video-preview:-1\" \/>\n<link rel=\"canonical\" href=\"https:\/\/www.biscuitsolution.com\/es\/producto\/automatic-garibaldi-biscuit-production-line-for-sale\/\" \/>\n<meta property=\"og:locale\" content=\"es_ES\" \/>\n<meta property=\"og:type\" content=\"article\" \/>\n<meta property=\"og:title\" content=\"Automatic Garibaldi Biscuit Production Line For Sale - Biscuit Production Solution Manufacturer\" \/>\n<meta property=\"og:description\" content=\"Garibaldi Biscuit Production Line is a contemporary, fully automated system specifically tailored for the manufacturing of traditional Garibaldi biscuits.\" \/>\n<meta property=\"og:url\" content=\"https:\/\/www.biscuitsolution.com\/es\/producto\/automatic-garibaldi-biscuit-production-line-for-sale\/\" \/>\n<meta property=\"og:site_name\" content=\"Biscuit Production Solution Manufacturer\" \/>\n<meta property=\"article:publisher\" content=\"https:\/\/www.facebook.com\/profile.php?id=100095205040823\" \/>\n<meta property=\"article:modified_time\" content=\"2025-02-25T01:41:49+00:00\" \/>\n<meta property=\"og:image\" content=\"https:\/\/www.biscuitsolution.com\/wp-content\/uploads\/2025\/02\/\u4e3b\u56fe-13.jpg\" \/>\n\t<meta property=\"og:image:width\" content=\"600\" \/>\n\t<meta property=\"og:image:height\" content=\"600\" \/>\n\t<meta property=\"og:image:type\" content=\"image\/jpeg\" \/>\n<meta name=\"twitter:card\" content=\"summary_large_image\" \/>\n<meta name=\"twitter:site\" content=\"@shanna_zha26342\" \/>\n<meta name=\"twitter:label1\" content=\"Tiempo de lectura\" \/>\n\t<meta name=\"twitter:data1\" content=\"4 minutos\" \/>\n<script type=\"application\/ld+json\" class=\"yoast-schema-graph\">{\"@context\":\"https:\/\/schema.org\",\"@graph\":[{\"@type\":\"WebPage\",\"@id\":\"https:\/\/www.biscuitsolution.com\/product\/automatic-garibaldi-biscuit-production-line-for-sale\/\",\"url\":\"https:\/\/www.biscuitsolution.com\/product\/automatic-garibaldi-biscuit-production-line-for-sale\/\",\"name\":\"Automatic Garibaldi Biscuit Production Line For Sale - Biscuit Production Solution Manufacturer\",\"isPartOf\":{\"@id\":\"https:\/\/www.biscuitsolution.com\/#website\"},\"primaryImageOfPage\":{\"@id\":\"https:\/\/www.biscuitsolution.com\/product\/automatic-garibaldi-biscuit-production-line-for-sale\/#primaryimage\"},\"image\":{\"@id\":\"https:\/\/www.biscuitsolution.com\/product\/automatic-garibaldi-biscuit-production-line-for-sale\/#primaryimage\"},\"thumbnailUrl\":\"https:\/\/www.biscuitsolution.com\/wp-content\/uploads\/2025\/02\/\u4e3b\u56fe-13.jpg\",\"datePublished\":\"2025-02-21T09:00:23+00:00\",\"dateModified\":\"2025-02-25T01:41:49+00:00\",\"description\":\"Garibaldi Biscuit Production Line is a contemporary, fully automated system specifically tailored for the manufacturing of traditional Garibaldi biscuits.\",\"breadcrumb\":{\"@id\":\"https:\/\/www.biscuitsolution.com\/product\/automatic-garibaldi-biscuit-production-line-for-sale\/#breadcrumb\"},\"inLanguage\":\"es\",\"potentialAction\":[{\"@type\":\"ReadAction\",\"target\":[\"https:\/\/www.biscuitsolution.com\/product\/automatic-garibaldi-biscuit-production-line-for-sale\/\"]}]},{\"@type\":\"ImageObject\",\"inLanguage\":\"es\",\"@id\":\"https:\/\/www.biscuitsolution.com\/product\/automatic-garibaldi-biscuit-production-line-for-sale\/#primaryimage\",\"url\":\"https:\/\/www.biscuitsolution.com\/wp-content\/uploads\/2025\/02\/\u4e3b\u56fe-13.jpg\",\"contentUrl\":\"https:\/\/www.biscuitsolution.com\/wp-content\/uploads\/2025\/02\/\u4e3b\u56fe-13.jpg\",\"width\":600,\"height\":600,\"caption\":\"garibaldi biscuit production line\"},{\"@type\":\"BreadcrumbList\",\"@id\":\"https:\/\/www.biscuitsolution.com\/product\/automatic-garibaldi-biscuit-production-line-for-sale\/#breadcrumb\",\"itemListElement\":[{\"@type\":\"ListItem\",\"position\":1,\"name\":\"Home\",\"item\":\"https:\/\/www.biscuitsolution.com\/\"},{\"@type\":\"ListItem\",\"position\":2,\"name\":\"Product\",\"item\":\"https:\/\/www.biscuitsolution.com\/product\/\"},{\"@type\":\"ListItem\",\"position\":3,\"name\":\"Automatic Garibaldi Biscuit Production Line For Sale\"}]},{\"@type\":\"WebSite\",\"@id\":\"https:\/\/www.biscuitsolution.com\/#website\",\"url\":\"https:\/\/www.biscuitsolution.com\/\",\"name\":\"Biscuit Production Solution Manufacturer\",\"description\":\"\",\"potentialAction\":[{\"@type\":\"SearchAction\",\"target\":{\"@type\":\"EntryPoint\",\"urlTemplate\":\"https:\/\/www.biscuitsolution.com\/?s={search_term_string}\"},\"query-input\":{\"@type\":\"PropertyValueSpecification\",\"valueRequired\":true,\"valueName\":\"search_term_string\"}}],\"inLanguage\":\"es\"},false]}<\/script>\n<!-- \/ Yoast SEO plugin. -->","yoast_head_json":{"title":"L\u00ednea de producci\u00f3n autom\u00e1tica de galletas Garibaldi para la venta - Fabricante de soluciones de producci\u00f3n de galletas","description":"La l\u00ednea de producci\u00f3n de galletas Garibaldi es un sistema contempor\u00e1neo totalmente automatizado dise\u00f1ado espec\u00edficamente para la fabricaci\u00f3n de las tradicionales galletas Garibaldi.","robots":{"index":"index","follow":"follow","max-snippet":"max-snippet:-1","max-image-preview":"max-image-preview:large","max-video-preview":"max-video-preview:-1"},"canonical":"https:\/\/www.biscuitsolution.com\/es\/producto\/automatic-garibaldi-biscuit-production-line-for-sale\/","og_locale":"es_ES","og_type":"article","og_title":"Automatic Garibaldi Biscuit Production Line For Sale - Biscuit Production Solution Manufacturer","og_description":"Garibaldi Biscuit Production Line is a contemporary, fully automated system specifically tailored for the manufacturing of traditional Garibaldi biscuits.","og_url":"https:\/\/www.biscuitsolution.com\/es\/producto\/automatic-garibaldi-biscuit-production-line-for-sale\/","og_site_name":"Biscuit Production Solution Manufacturer","article_publisher":"https:\/\/www.facebook.com\/profile.php?id=100095205040823","article_modified_time":"2025-02-25T01:41:49+00:00","og_image":[{"width":600,"height":600,"url":"https:\/\/www.biscuitsolution.com\/wp-content\/uploads\/2025\/02\/\u4e3b\u56fe-13.jpg","type":"image\/jpeg"}],"twitter_card":"summary_large_image","twitter_site":"@shanna_zha26342","twitter_misc":{"Tiempo de lectura":"4 minutos"},"schema":{"@context":"https:\/\/schema.org","@graph":[{"@type":"WebPage","@id":"https:\/\/www.biscuitsolution.com\/product\/automatic-garibaldi-biscuit-production-line-for-sale\/","url":"https:\/\/www.biscuitsolution.com\/product\/automatic-garibaldi-biscuit-production-line-for-sale\/","name":"L\u00ednea de producci\u00f3n autom\u00e1tica de galletas Garibaldi para la venta - Fabricante de soluciones de producci\u00f3n de galletas","isPartOf":{"@id":"https:\/\/www.biscuitsolution.com\/#website"},"primaryImageOfPage":{"@id":"https:\/\/www.biscuitsolution.com\/product\/automatic-garibaldi-biscuit-production-line-for-sale\/#primaryimage"},"image":{"@id":"https:\/\/www.biscuitsolution.com\/product\/automatic-garibaldi-biscuit-production-line-for-sale\/#primaryimage"},"thumbnailUrl":"https:\/\/www.biscuitsolution.com\/wp-content\/uploads\/2025\/02\/\u4e3b\u56fe-13.jpg","datePublished":"2025-02-21T09:00:23+00:00","dateModified":"2025-02-25T01:41:49+00:00","description":"La l\u00ednea de producci\u00f3n de galletas Garibaldi es un sistema contempor\u00e1neo totalmente automatizado dise\u00f1ado espec\u00edficamente para la fabricaci\u00f3n de las tradicionales galletas Garibaldi.","breadcrumb":{"@id":"https:\/\/www.biscuitsolution.com\/product\/automatic-garibaldi-biscuit-production-line-for-sale\/#breadcrumb"},"inLanguage":"es","potentialAction":[{"@type":"ReadAction","target":["https:\/\/www.biscuitsolution.com\/product\/automatic-garibaldi-biscuit-production-line-for-sale\/"]}]},{"@type":"ImageObject","inLanguage":"es","@id":"https:\/\/www.biscuitsolution.com\/product\/automatic-garibaldi-biscuit-production-line-for-sale\/#primaryimage","url":"https:\/\/www.biscuitsolution.com\/wp-content\/uploads\/2025\/02\/\u4e3b\u56fe-13.jpg","contentUrl":"https:\/\/www.biscuitsolution.com\/wp-content\/uploads\/2025\/02\/\u4e3b\u56fe-13.jpg","width":600,"height":600,"caption":"garibaldi biscuit production line"},{"@type":"BreadcrumbList","@id":"https:\/\/www.biscuitsolution.com\/product\/automatic-garibaldi-biscuit-production-line-for-sale\/#breadcrumb","itemListElement":[{"@type":"ListItem","position":1,"name":"Home","item":"https:\/\/www.biscuitsolution.com\/"},{"@type":"ListItem","position":2,"name":"Product","item":"https:\/\/www.biscuitsolution.com\/product\/"},{"@type":"ListItem","position":3,"name":"Automatic Garibaldi Biscuit Production Line For Sale"}]},{"@type":"WebSite","@id":"https:\/\/www.biscuitsolution.com\/#website","url":"https:\/\/www.biscuitsolution.com\/","name":"Fabricante de soluciones para la producci\u00f3n de galletas","description":"","potentialAction":[{"@type":"SearchAction","target":{"@type":"EntryPoint","urlTemplate":"https:\/\/www.biscuitsolution.com\/?s={search_term_string}"},"query-input":{"@type":"PropertyValueSpecification","valueRequired":true,"valueName":"search_term_string"}}],"inLanguage":"es"},false]}},"yasr_visitor_votes":{"stars_attributes":{"read_only":false,"span_bottom":false},"number_of_votes":1,"sum_votes":5},"_links":{"self":[{"href":"https:\/\/www.biscuitsolution.com\/es\/wp-json\/wp\/v2\/product\/4761","targetHints":{"allow":["GET"]}}],"collection":[{"href":"https:\/\/www.biscuitsolution.com\/es\/wp-json\/wp\/v2\/product"}],"about":[{"href":"https:\/\/www.biscuitsolution.com\/es\/wp-json\/wp\/v2\/types\/product"}],"replies":[{"embeddable":true,"href":"https:\/\/www.biscuitsolution.com\/es\/wp-json\/wp\/v2\/comments?post=4761"}],"version-history":[{"count":2,"href":"https:\/\/www.biscuitsolution.com\/es\/wp-json\/wp\/v2\/product\/4761\/revisions"}],"predecessor-version":[{"id":4768,"href":"https:\/\/www.biscuitsolution.com\/es\/wp-json\/wp\/v2\/product\/4761\/revisions\/4768"}],"wp:featuredmedia":[{"embeddable":true,"href":"https:\/\/www.biscuitsolution.com\/es\/wp-json\/wp\/v2\/media\/4766"}],"wp:attachment":[{"href":"https:\/\/www.biscuitsolution.com\/es\/wp-json\/wp\/v2\/media?parent=4761"}],"wp:term":[{"taxonomy":"product_brand","embeddable":true,"href":"https:\/\/www.biscuitsolution.com\/es\/wp-json\/wp\/v2\/product_brand?post=4761"},{"taxonomy":"product_cat","embeddable":true,"href":"https:\/\/www.biscuitsolution.com\/es\/wp-json\/wp\/v2\/product_cat?post=4761"},{"taxonomy":"product_tag","embeddable":true,"href":"https:\/\/www.biscuitsolution.com\/es\/wp-json\/wp\/v2\/product_tag?post=4761"}],"curies":[{"name":"wp","href":"https:\/\/api.w.org\/{rel}","templated":true}]}}