{"id":4740,"date":"2025-02-19T10:34:43","date_gmt":"2025-02-19T10:34:43","guid":{"rendered":"https:\/\/www.biscuitsolution.com\/?post_type=product&#038;p=4740"},"modified":"2025-02-19T10:34:43","modified_gmt":"2025-02-19T10:34:43","slug":"automatic-gingerbread-cookies-making-machine-1000kg-h","status":"publish","type":"product","link":"https:\/\/www.biscuitsolution.com\/es\/producto\/automatic-gingerbread-cookies-making-machine-1000kg-h\/","title":{"rendered":"M\u00e1quina autom\u00e1tica para hacer galletas de jengibre 1000kg\/h"},"content":{"rendered":"<p>En<strong> M\u00e1quina autom\u00e1tica para hacer galletas de jengibre<\/strong> es ideal para f\u00e1bricas que buscan optimizar los procesos de producci\u00f3n, mejorar la calidad del producto y enriquecer la variedad del pan de especias. Con sus funciones de gama alta y su dise\u00f1o intuitivo, la m\u00e1quina es un excelente complemento para cualquier negocio de panader\u00eda.<\/p>\n<p><img fetchpriority=\"high\" decoding=\"async\" class=\"alignnone size-full wp-image-4741\" src=\"https:\/\/www.biscuitsolution.com\/wp-content\/uploads\/2025\/02\/gingerbread-cookies-making-machine.jpg\" alt=\"m\u00e1quina autom\u00e1tica para hacer galletas de jengibre\" width=\"800\" height=\"450\" srcset=\"https:\/\/www.biscuitsolution.com\/wp-content\/uploads\/2025\/02\/gingerbread-cookies-making-machine.jpg 800w, https:\/\/www.biscuitsolution.com\/wp-content\/uploads\/2025\/02\/gingerbread-cookies-making-machine-600x338.jpg 600w, https:\/\/www.biscuitsolution.com\/wp-content\/uploads\/2025\/02\/gingerbread-cookies-making-machine-300x169.jpg 300w, https:\/\/www.biscuitsolution.com\/wp-content\/uploads\/2025\/02\/gingerbread-cookies-making-machine-768x432.jpg 768w\" sizes=\"(max-width: 800px) 100vw, 800px\" \/><\/p>\n<h2>M\u00e1quina para hacer galletas de jengibre Tipo de moldeo<\/h2>\n<ul>\n<li>Tipo de laminado y corte: adecuado para hacer galletas de jengibre con formas regulares y patrones claros. Puede producir un gran n\u00famero de galletas de manera eficiente y estable, adecuado para la producci\u00f3n de lotes de f\u00e1brica.<\/li>\n<li>Tipo de extrusi\u00f3n: adecuado para hacer pan de jengibre con formas complejas y diversas. Puede extruir la masa en diversas formas seg\u00fan la forma de la boquilla, y el cambio de forma es m\u00e1s flexible.<\/li>\n<li>Tipo de estampado: puede hacer pan de jengibre con patrones \u00fanicos y finos. El molde de estampaci\u00f3n se puede personalizar de acuerdo con el dise\u00f1o espec\u00edfico, que es adecuado para hacer pan de jengibre personalizado.<\/li>\n<\/ul>\n<p><img decoding=\"async\" class=\"alignnone size-full wp-image-4742\" src=\"https:\/\/www.biscuitsolution.com\/wp-content\/uploads\/2025\/02\/gingerbread-cookies-machine.jpg\" alt=\"m\u00e1quina para hacer galletas de jengibre\" width=\"800\" height=\"450\" srcset=\"https:\/\/www.biscuitsolution.com\/wp-content\/uploads\/2025\/02\/gingerbread-cookies-machine.jpg 800w, https:\/\/www.biscuitsolution.com\/wp-content\/uploads\/2025\/02\/gingerbread-cookies-machine-600x338.jpg 600w, https:\/\/www.biscuitsolution.com\/wp-content\/uploads\/2025\/02\/gingerbread-cookies-machine-300x169.jpg 300w, https:\/\/www.biscuitsolution.com\/wp-content\/uploads\/2025\/02\/gingerbread-cookies-machine-768x432.jpg 768w\" sizes=\"(max-width: 800px) 100vw, 800px\" \/><\/p>\n<h2>M\u00e1quina para hacer galletas de jengibre Caracter\u00edsticas principales<\/h2>\n<ul>\n<li>Producci\u00f3n automatizada: La m\u00e1quina automatiza el proceso de producci\u00f3n del pan de jengibre, reduciendo el trabajo manual y aumentando la eficacia. Puede manejar grandes cantidades de producto, por lo que es ideal para peque\u00f1as panader\u00edas y grandes operaciones comerciales.<\/li>\n<li>Formas y tama\u00f1os personalizables: La m\u00e1quina est\u00e1 equipada con moldes intercambiables que pueden hacer panes de jengibre de varias formas y tama\u00f1os. Tanto si se trata de un hombre de jengibre tradicional como de un dise\u00f1o personalizado, la m\u00e1quina puede producirlos con precisi\u00f3n.<\/li>\n<li>Interfaz f\u00e1cil de usar: La m\u00e1quina autom\u00e1tica para hacer galletas de jengibre tiene un panel de control intuitivo y f\u00e1cil de manejar. Los operarios pueden ajustar r\u00e1pidamente la configuraci\u00f3n para diferentes recetas o vol\u00famenes de producci\u00f3n con una formaci\u00f3n m\u00ednima.<\/li>\n<li>L\u00ednea de producci\u00f3n integrada: La m\u00e1quina puede integrarse con otros equipos de horneado, como cintas transportadoras y sistemas de envasado, para crear una l\u00ednea de producci\u00f3n sin fisuras. Esto reduce el tiempo de inactividad y mejora la eficiencia general.<\/li>\n<\/ul>\n<p><img decoding=\"async\" class=\"alignnone size-full wp-image-4743\" src=\"https:\/\/www.biscuitsolution.com\/wp-content\/uploads\/2025\/02\/automatic-gingerbread-cookies-making-machine.jpg\" alt=\"m\u00e1quina autom\u00e1tica para hacer galletas de jengibre\" width=\"800\" height=\"450\" srcset=\"https:\/\/www.biscuitsolution.com\/wp-content\/uploads\/2025\/02\/automatic-gingerbread-cookies-making-machine.jpg 800w, https:\/\/www.biscuitsolution.com\/wp-content\/uploads\/2025\/02\/automatic-gingerbread-cookies-making-machine-600x338.jpg 600w, https:\/\/www.biscuitsolution.com\/wp-content\/uploads\/2025\/02\/automatic-gingerbread-cookies-making-machine-300x169.jpg 300w, https:\/\/www.biscuitsolution.com\/wp-content\/uploads\/2025\/02\/automatic-gingerbread-cookies-making-machine-768x432.jpg 768w\" sizes=\"(max-width: 800px) 100vw, 800px\" \/><\/p>\n<h2>M\u00e1quina autom\u00e1tica para hacer galletas de jengibre FAQ<\/h2>\n<p>\u00bfC\u00f3mo ajustar el grosor del pan de especias?<\/p>\n<p>La mayor\u00eda de las m\u00e1quinas tienen un mando o palanca de ajuste del grosor. Girando el mando o moviendo la palanca se puede aumentar o reducir el espacio entre los rodillos o el dispositivo de corte para ajustar el grosor de la galleta.<\/p>\n<p>Si la m\u00e1quina deja de funcionar inesperadamente durante su uso, \u00bfqu\u00e9 pasos debo seguir?<\/p>\n<p>Empiece por comprobar si la fuente de alimentaci\u00f3n es estable y si el enchufe est\u00e1 bien conectado. A continuaci\u00f3n, inspeccione el panel de control en busca de cualquier problema y compruebe si la m\u00e1quina ha activado un mecanismo de protecci\u00f3n contra el sobrecalentamiento. Si el problema persiste, se recomienda ponerse en contacto con el servicio de atenci\u00f3n al cliente del fabricante o con un t\u00e9cnico de reparaciones profesional para obtener ayuda.<\/p>\n<p>\u00bfHay garant\u00eda incluida con la m\u00e1quina?<\/p>\n<p>Normalmente, nuestras m\u00e1quinas tienen una garant\u00eda de 1 a 2 a\u00f1os.<\/p>\n<div class=\"ast-oembed-container\" style=\"height: 100%;\"><iframe title=\"La l\u00ednea de producci\u00f3n de galletas m\u00e1s popular entre los daneses#bakery #shorts #biscuit\" width=\"500\" height=\"281\" src=\"https:\/\/www.youtube.com\/embed\/pBHBQs9LNwo?feature=oembed\" frameborder=\"0\" allow=\"accelerometer; autoplay; clipboard-write; encrypted-media; gyroscope; picture-in-picture; web-share\" referrerpolicy=\"strict-origin-when-cross-origin\" allowfullscreen><\/iframe><\/div>\n<h2>Deje un mensaje para obtener un presupuesto<\/h2>\n\n<div class=\"wpcf7 no-js\" id=\"wpcf7-f4619-o1\" lang=\"en-US\" dir=\"ltr\" data-wpcf7-id=\"4619\">\n<div class=\"screen-reader-response\"><p role=\"status\" aria-live=\"polite\" aria-atomic=\"true\"><\/p> <ul><\/ul><\/div>\n<form action=\"\/es\/wp-json\/wp\/v2\/product\/4740#wpcf7-f4619-o1\" method=\"post\" class=\"wpcf7-form init\" aria-label=\"Formulario de contacto\" novalidate=\"novalidate\" data-status=\"init\" data-trp-original-action=\"\/es\/wp-json\/wp\/v2\/product\/4740#wpcf7-f4619-o1\">\n<div style=\"display: none;\">\n<input type=\"hidden\" name=\"_wpcf7\" value=\"4619\" \/>\n<input type=\"hidden\" name=\"_wpcf7_version\" value=\"6.0.4\" \/>\n<input type=\"hidden\" name=\"_wpcf7_locale\" value=\"en_US\" \/>\n<input type=\"hidden\" name=\"_wpcf7_unit_tag\" value=\"wpcf7-f4619-o1\" \/>\n<input type=\"hidden\" name=\"_wpcf7_container_post\" value=\"0\" \/>\n<input type=\"hidden\" name=\"_wpcf7_posted_data_hash\" value=\"\" \/>\n<\/div>\n<p><label> Su nombre<br \/>\n<span class=\"wpcf7-form-control-wrap\" data-name=\"your-name\"><input size=\"40\" maxlength=\"400\" class=\"wpcf7-form-control wpcf7-text wpcf7-validates-as-required\" aria-required=\"true\" aria-invalid=\"false\" value=\"\" type=\"text\" name=\"your-name\" \/><\/span> <\/label>\n<\/p>\n<p><label> Su pa\u00eds<br \/>\n<span class=\"wpcf7-form-control-wrap\" data-name=\"your-country\"><input size=\"40\" maxlength=\"400\" class=\"wpcf7-form-control wpcf7-text\" aria-invalid=\"false\" value=\"\" type=\"text\" name=\"your-country\" \/><\/span><\/label>\n<\/p>\n<p><label> Su correo electr\u00f3nico<br \/>\n<span class=\"wpcf7-form-control-wrap\" data-name=\"your-email\"><input size=\"40\" maxlength=\"400\" class=\"wpcf7-form-control wpcf7-email wpcf7-validates-as-required wpcf7-text wpcf7-validates-as-email\" aria-required=\"true\" aria-invalid=\"false\" value=\"\" type=\"email\" name=\"your-email\" \/><\/span> <\/label>\n<\/p>\n<p><label> Tu tel\u00e9fono<br \/>\n<span class=\"wpcf7-form-control-wrap\" data-name=\"your-phone\"><input size=\"40\" maxlength=\"400\" class=\"wpcf7-form-control wpcf7-tel wpcf7-text wpcf7-validates-as-tel\" aria-invalid=\"false\" value=\"\" type=\"tel\" name=\"your-phone\" \/><\/span> <\/label>\n<\/p>\n<p><label> Nombre de su empresa<br \/>\n<span class=\"wpcf7-form-control-wrap\" data-name=\"text-457\"><input size=\"40\" maxlength=\"400\" class=\"wpcf7-form-control wpcf7-text\" aria-invalid=\"false\" value=\"\" type=\"text\" name=\"text-457\" \/><\/span> <\/label>\n<\/p>\n<p><label> El sitio web de su empresa<br \/>\n<span class=\"wpcf7-form-control-wrap\" data-name=\"text-546\"><input size=\"40\" maxlength=\"400\" class=\"wpcf7-form-control wpcf7-text\" aria-invalid=\"false\" value=\"\" type=\"text\" name=\"text-546\" \/><\/span> <\/label>\n<\/p>\n<p><label> Sus requisitos*<br \/>\n<span class=\"wpcf7-form-control-wrap\" data-name=\"your-message\"><textarea cols=\"40\" rows=\"10\" maxlength=\"2000\" class=\"wpcf7-form-control wpcf7-textarea wpcf7-validates-as-required\" aria-required=\"true\" aria-invalid=\"false\" name=\"your-message\"><\/textarea><\/span> <\/label>\n<\/p>\n<p><input class=\"wpcf7-form-control wpcf7-submit has-spinner\" type=\"submit\" value=\"Enviar\" \/>\n<\/p><p style=\"display: none !important;\" class=\"akismet-fields-container\" data-prefix=\"_wpcf7_ak_\"><label>&#916;<textarea name=\"_wpcf7_ak_hp_textarea\" cols=\"45\" rows=\"8\" maxlength=\"100\"><\/textarea><\/label><input type=\"hidden\" id=\"ak_js_1\" name=\"_wpcf7_ak_js\" value=\"148\"\/><script>document.getElementById( \"ak_js_1\" ).setAttribute( \"value\", ( new Date() ).getTime() );<\/script><\/p><div class=\"wpcf7-response-output\" aria-hidden=\"true\"><\/div>\n<input type=\"hidden\" name=\"trp-form-language\" value=\"es\"\/><\/form>\n<\/div>\n\n<p>&nbsp;<\/p>\n<div style='text-align:left' class='yasr-auto-insert-visitor'><\/div>","protected":false},"excerpt":{"rendered":"<p>Marca: GELGOOG<\/p>\n<p>Capacidad: Personalizable<\/p>\n<p>Correo electr\u00f3nico: shanna@machinehall.com<\/p>\n<p>Tel\u00e9fono: +8618638676709<\/p>\n<p>Aplicaci\u00f3n: Galletas diversas<\/p>","protected":false},"featured_media":4744,"comment_status":"open","ping_status":"closed","template":"","meta":{"site-sidebar-layout":"default","site-content-layout":"","ast-site-content-layout":"default","site-content-style":"default","site-sidebar-style":"default","ast-global-header-display":"","ast-banner-title-visibility":"","ast-main-header-display":"","ast-hfb-above-header-display":"","ast-hfb-below-header-display":"","ast-hfb-mobile-header-display":"","site-post-title":"","ast-breadcrumbs-content":"","ast-featured-img":"","footer-sml-layout":"","theme-transparent-header-meta":"default","adv-header-id-meta":"","stick-header-meta":"","header-above-stick-meta":"","header-main-stick-meta":"","header-below-stick-meta":"","astra-migrate-meta-layouts":"set","ast-page-background-enabled":"default","ast-page-background-meta":{"desktop":{"background-color":"","background-image":"","background-repeat":"repeat","background-position":"center center","background-size":"auto","background-attachment":"scroll","background-type":"","background-media":"","overlay-type":"","overlay-color":"","overlay-opacity":"","overlay-gradient":""},"tablet":{"background-color":"","background-image":"","background-repeat":"repeat","background-position":"center center","background-size":"auto","background-attachment":"scroll","background-type":"","background-media":"","overlay-type":"","overlay-color":"","overlay-opacity":"","overlay-gradient":""},"mobile":{"background-color":"","background-image":"","background-repeat":"repeat","background-position":"center center","background-size":"auto","background-attachment":"scroll","background-type":"","background-media":"","overlay-type":"","overlay-color":"","overlay-opacity":"","overlay-gradient":""}},"ast-content-background-meta":{"desktop":{"background-color":"var(--ast-global-color-5)","background-image":"","background-repeat":"repeat","background-position":"center center","background-size":"auto","background-attachment":"scroll","background-type":"","background-media":"","overlay-type":"","overlay-color":"","overlay-opacity":"","overlay-gradient":""},"tablet":{"background-color":"var(--ast-global-color-5)","background-image":"","background-repeat":"repeat","background-position":"center center","background-size":"auto","background-attachment":"scroll","background-type":"","background-media":"","overlay-type":"","overlay-color":"","overlay-opacity":"","overlay-gradient":""},"mobile":{"background-color":"var(--ast-global-color-5)","background-image":"","background-repeat":"repeat","background-position":"center center","background-size":"auto","background-attachment":"scroll","background-type":"","background-media":"","overlay-type":"","overlay-color":"","overlay-opacity":"","overlay-gradient":""}},"yasr_overall_rating":0,"yasr_post_is_review":"","yasr_auto_insert_disabled":"","yasr_review_type":""},"product_brand":[],"product_cat":[24],"product_tag":[],"class_list":{"0":"post-4740","1":"product","2":"type-product","3":"status-publish","4":"has-post-thumbnail","6":"product_cat-cookie-production-line","7":"desktop-align-left","8":"tablet-align-left","9":"mobile-align-left","11":"first","12":"instock","13":"shipping-taxable","14":"product-type-simple"},"yoast_head":"<!-- This site is optimized with the Yoast SEO plugin v24.4 - https:\/\/yoast.com\/wordpress\/plugins\/seo\/ -->\n<title>Automatic Gingerbread Cookies Making Machine 1000kg\/h - Biscuit Production Solution Manufacturer<\/title>\n<meta name=\"description\" content=\"Automatic gingerbread cookies making machine is highly efficient and versatile solution designed. ensuring consistent quality and high productivity.\" \/>\n<meta name=\"robots\" content=\"index, follow, max-snippet:-1, max-image-preview:large, max-video-preview:-1\" \/>\n<link rel=\"canonical\" href=\"https:\/\/www.biscuitsolution.com\/es\/producto\/automatic-gingerbread-cookies-making-machine-1000kg-h\/\" \/>\n<meta property=\"og:locale\" content=\"es_ES\" \/>\n<meta property=\"og:type\" content=\"article\" \/>\n<meta property=\"og:title\" content=\"Automatic Gingerbread Cookies Making Machine 1000kg\/h - Biscuit Production Solution Manufacturer\" \/>\n<meta property=\"og:description\" content=\"Automatic gingerbread cookies making machine is highly efficient and versatile solution designed. ensuring consistent quality and high productivity.\" \/>\n<meta property=\"og:url\" content=\"https:\/\/www.biscuitsolution.com\/es\/producto\/automatic-gingerbread-cookies-making-machine-1000kg-h\/\" \/>\n<meta property=\"og:site_name\" content=\"Biscuit Production Solution Manufacturer\" \/>\n<meta property=\"article:publisher\" content=\"https:\/\/www.facebook.com\/profile.php?id=100095205040823\" \/>\n<meta property=\"og:image\" content=\"https:\/\/www.biscuitsolution.com\/wp-content\/uploads\/2025\/02\/\u4e3b\u56fe-11.jpg\" \/>\n\t<meta property=\"og:image:width\" content=\"600\" \/>\n\t<meta property=\"og:image:height\" content=\"600\" \/>\n\t<meta property=\"og:image:type\" content=\"image\/jpeg\" \/>\n<meta name=\"twitter:card\" content=\"summary_large_image\" \/>\n<meta name=\"twitter:site\" content=\"@shanna_zha26342\" \/>\n<meta name=\"twitter:label1\" content=\"Tiempo de lectura\" \/>\n\t<meta name=\"twitter:data1\" content=\"3 minutos\" \/>\n<script type=\"application\/ld+json\" class=\"yoast-schema-graph\">{\"@context\":\"https:\/\/schema.org\",\"@graph\":[{\"@type\":\"WebPage\",\"@id\":\"https:\/\/www.biscuitsolution.com\/product\/automatic-gingerbread-cookies-making-machine-1000kg-h\/\",\"url\":\"https:\/\/www.biscuitsolution.com\/product\/automatic-gingerbread-cookies-making-machine-1000kg-h\/\",\"name\":\"Automatic Gingerbread Cookies Making Machine 1000kg\/h - Biscuit Production Solution Manufacturer\",\"isPartOf\":{\"@id\":\"https:\/\/www.biscuitsolution.com\/#website\"},\"primaryImageOfPage\":{\"@id\":\"https:\/\/www.biscuitsolution.com\/product\/automatic-gingerbread-cookies-making-machine-1000kg-h\/#primaryimage\"},\"image\":{\"@id\":\"https:\/\/www.biscuitsolution.com\/product\/automatic-gingerbread-cookies-making-machine-1000kg-h\/#primaryimage\"},\"thumbnailUrl\":\"https:\/\/www.biscuitsolution.com\/wp-content\/uploads\/2025\/02\/\u4e3b\u56fe-11.jpg\",\"datePublished\":\"2025-02-19T10:34:43+00:00\",\"description\":\"Automatic gingerbread cookies making machine is highly efficient and versatile solution designed. ensuring consistent quality and high productivity.\",\"breadcrumb\":{\"@id\":\"https:\/\/www.biscuitsolution.com\/product\/automatic-gingerbread-cookies-making-machine-1000kg-h\/#breadcrumb\"},\"inLanguage\":\"es\",\"potentialAction\":[{\"@type\":\"ReadAction\",\"target\":[\"https:\/\/www.biscuitsolution.com\/product\/automatic-gingerbread-cookies-making-machine-1000kg-h\/\"]}]},{\"@type\":\"ImageObject\",\"inLanguage\":\"es\",\"@id\":\"https:\/\/www.biscuitsolution.com\/product\/automatic-gingerbread-cookies-making-machine-1000kg-h\/#primaryimage\",\"url\":\"https:\/\/www.biscuitsolution.com\/wp-content\/uploads\/2025\/02\/\u4e3b\u56fe-11.jpg\",\"contentUrl\":\"https:\/\/www.biscuitsolution.com\/wp-content\/uploads\/2025\/02\/\u4e3b\u56fe-11.jpg\",\"width\":600,\"height\":600,\"caption\":\"automatic gingerbread cookies making machine\"},{\"@type\":\"BreadcrumbList\",\"@id\":\"https:\/\/www.biscuitsolution.com\/product\/automatic-gingerbread-cookies-making-machine-1000kg-h\/#breadcrumb\",\"itemListElement\":[{\"@type\":\"ListItem\",\"position\":1,\"name\":\"Home\",\"item\":\"https:\/\/www.biscuitsolution.com\/\"},{\"@type\":\"ListItem\",\"position\":2,\"name\":\"Product\",\"item\":\"https:\/\/www.biscuitsolution.com\/product\/\"},{\"@type\":\"ListItem\",\"position\":3,\"name\":\"Automatic Gingerbread Cookies Making Machine 1000kg\/h\"}]},{\"@type\":\"WebSite\",\"@id\":\"https:\/\/www.biscuitsolution.com\/#website\",\"url\":\"https:\/\/www.biscuitsolution.com\/\",\"name\":\"Biscuit Production Solution Manufacturer\",\"description\":\"\",\"potentialAction\":[{\"@type\":\"SearchAction\",\"target\":{\"@type\":\"EntryPoint\",\"urlTemplate\":\"https:\/\/www.biscuitsolution.com\/?s={search_term_string}\"},\"query-input\":{\"@type\":\"PropertyValueSpecification\",\"valueRequired\":true,\"valueName\":\"search_term_string\"}}],\"inLanguage\":\"es\"},false]}<\/script>\n<!-- \/ Yoast SEO plugin. -->","yoast_head_json":{"title":"M\u00e1quina autom\u00e1tica para hacer galletas de jengibre 1000kg\/h - Fabricante de soluciones para la producci\u00f3n de galletas","description":"La m\u00e1quina autom\u00e1tica para hacer galletas de jengibre es una soluci\u00f3n muy eficaz y vers\u00e1til dise\u00f1ada para garantizar una calidad constante y una alta productividad.","robots":{"index":"index","follow":"follow","max-snippet":"max-snippet:-1","max-image-preview":"max-image-preview:large","max-video-preview":"max-video-preview:-1"},"canonical":"https:\/\/www.biscuitsolution.com\/es\/producto\/automatic-gingerbread-cookies-making-machine-1000kg-h\/","og_locale":"es_ES","og_type":"article","og_title":"Automatic Gingerbread Cookies Making Machine 1000kg\/h - Biscuit Production Solution Manufacturer","og_description":"Automatic gingerbread cookies making machine is highly efficient and versatile solution designed. ensuring consistent quality and high productivity.","og_url":"https:\/\/www.biscuitsolution.com\/es\/producto\/automatic-gingerbread-cookies-making-machine-1000kg-h\/","og_site_name":"Biscuit Production Solution Manufacturer","article_publisher":"https:\/\/www.facebook.com\/profile.php?id=100095205040823","og_image":[{"width":600,"height":600,"url":"https:\/\/www.biscuitsolution.com\/wp-content\/uploads\/2025\/02\/\u4e3b\u56fe-11.jpg","type":"image\/jpeg"}],"twitter_card":"summary_large_image","twitter_site":"@shanna_zha26342","twitter_misc":{"Tiempo de lectura":"3 minutos"},"schema":{"@context":"https:\/\/schema.org","@graph":[{"@type":"WebPage","@id":"https:\/\/www.biscuitsolution.com\/product\/automatic-gingerbread-cookies-making-machine-1000kg-h\/","url":"https:\/\/www.biscuitsolution.com\/product\/automatic-gingerbread-cookies-making-machine-1000kg-h\/","name":"M\u00e1quina autom\u00e1tica para hacer galletas de jengibre 1000kg\/h - Fabricante de soluciones para la producci\u00f3n de galletas","isPartOf":{"@id":"https:\/\/www.biscuitsolution.com\/#website"},"primaryImageOfPage":{"@id":"https:\/\/www.biscuitsolution.com\/product\/automatic-gingerbread-cookies-making-machine-1000kg-h\/#primaryimage"},"image":{"@id":"https:\/\/www.biscuitsolution.com\/product\/automatic-gingerbread-cookies-making-machine-1000kg-h\/#primaryimage"},"thumbnailUrl":"https:\/\/www.biscuitsolution.com\/wp-content\/uploads\/2025\/02\/\u4e3b\u56fe-11.jpg","datePublished":"2025-02-19T10:34:43+00:00","description":"La m\u00e1quina autom\u00e1tica para hacer galletas de jengibre es una soluci\u00f3n muy eficaz y vers\u00e1til dise\u00f1ada para garantizar una calidad constante y una alta productividad.","breadcrumb":{"@id":"https:\/\/www.biscuitsolution.com\/product\/automatic-gingerbread-cookies-making-machine-1000kg-h\/#breadcrumb"},"inLanguage":"es","potentialAction":[{"@type":"ReadAction","target":["https:\/\/www.biscuitsolution.com\/product\/automatic-gingerbread-cookies-making-machine-1000kg-h\/"]}]},{"@type":"ImageObject","inLanguage":"es","@id":"https:\/\/www.biscuitsolution.com\/product\/automatic-gingerbread-cookies-making-machine-1000kg-h\/#primaryimage","url":"https:\/\/www.biscuitsolution.com\/wp-content\/uploads\/2025\/02\/\u4e3b\u56fe-11.jpg","contentUrl":"https:\/\/www.biscuitsolution.com\/wp-content\/uploads\/2025\/02\/\u4e3b\u56fe-11.jpg","width":600,"height":600,"caption":"automatic gingerbread cookies making machine"},{"@type":"BreadcrumbList","@id":"https:\/\/www.biscuitsolution.com\/product\/automatic-gingerbread-cookies-making-machine-1000kg-h\/#breadcrumb","itemListElement":[{"@type":"ListItem","position":1,"name":"Home","item":"https:\/\/www.biscuitsolution.com\/"},{"@type":"ListItem","position":2,"name":"Product","item":"https:\/\/www.biscuitsolution.com\/product\/"},{"@type":"ListItem","position":3,"name":"Automatic Gingerbread Cookies Making Machine 1000kg\/h"}]},{"@type":"WebSite","@id":"https:\/\/www.biscuitsolution.com\/#website","url":"https:\/\/www.biscuitsolution.com\/","name":"Fabricante de soluciones para la producci\u00f3n de galletas","description":"","potentialAction":[{"@type":"SearchAction","target":{"@type":"EntryPoint","urlTemplate":"https:\/\/www.biscuitsolution.com\/?s={search_term_string}"},"query-input":{"@type":"PropertyValueSpecification","valueRequired":true,"valueName":"search_term_string"}}],"inLanguage":"es"},false]}},"yasr_visitor_votes":{"stars_attributes":{"read_only":false,"span_bottom":false},"number_of_votes":3,"sum_votes":15},"_links":{"self":[{"href":"https:\/\/www.biscuitsolution.com\/es\/wp-json\/wp\/v2\/product\/4740","targetHints":{"allow":["GET"]}}],"collection":[{"href":"https:\/\/www.biscuitsolution.com\/es\/wp-json\/wp\/v2\/product"}],"about":[{"href":"https:\/\/www.biscuitsolution.com\/es\/wp-json\/wp\/v2\/types\/product"}],"replies":[{"embeddable":true,"href":"https:\/\/www.biscuitsolution.com\/es\/wp-json\/wp\/v2\/comments?post=4740"}],"version-history":[{"count":1,"href":"https:\/\/www.biscuitsolution.com\/es\/wp-json\/wp\/v2\/product\/4740\/revisions"}],"predecessor-version":[{"id":4745,"href":"https:\/\/www.biscuitsolution.com\/es\/wp-json\/wp\/v2\/product\/4740\/revisions\/4745"}],"wp:featuredmedia":[{"embeddable":true,"href":"https:\/\/www.biscuitsolution.com\/es\/wp-json\/wp\/v2\/media\/4744"}],"wp:attachment":[{"href":"https:\/\/www.biscuitsolution.com\/es\/wp-json\/wp\/v2\/media?parent=4740"}],"wp:term":[{"taxonomy":"product_brand","embeddable":true,"href":"https:\/\/www.biscuitsolution.com\/es\/wp-json\/wp\/v2\/product_brand?post=4740"},{"taxonomy":"product_cat","embeddable":true,"href":"https:\/\/www.biscuitsolution.com\/es\/wp-json\/wp\/v2\/product_cat?post=4740"},{"taxonomy":"product_tag","embeddable":true,"href":"https:\/\/www.biscuitsolution.com\/es\/wp-json\/wp\/v2\/product_tag?post=4740"}],"curies":[{"name":"wp","href":"https:\/\/api.w.org\/{rel}","templated":true}]}}