{"id":4734,"date":"2025-02-19T10:29:09","date_gmt":"2025-02-19T10:29:09","guid":{"rendered":"https:\/\/www.biscuitsolution.com\/?post_type=product&#038;p=4734"},"modified":"2025-02-19T10:29:10","modified_gmt":"2025-02-19T10:29:10","slug":"industrial-kurabiye-cookie-making-machine-efficient","status":"publish","type":"product","link":"https:\/\/www.biscuitsolution.com\/es\/producto\/industrial-kurabiye-cookie-making-machine-efficient\/","title":{"rendered":"M\u00e1quina industrial para hacer galletas Kurabiye Eficiente"},"content":{"rendered":"<p>En <strong>M\u00e1quina industrial para hacer galletas Kurabiye<\/strong> es una herramienta de producci\u00f3n muy eficaz dise\u00f1ada espec\u00edficamente para la fabricaci\u00f3n a gran escala de galletas Kurabiye. Es capaz de producir galletas de una amplia gama de sabores y formas, atendiendo a las diversas preferencias de los consumidores y, en consecuencia, impulsando la competitividad del producto en el mercado.<\/p>\n<p><img fetchpriority=\"high\" decoding=\"async\" class=\"alignnone size-full wp-image-4735\" src=\"https:\/\/www.biscuitsolution.com\/wp-content\/uploads\/2025\/02\/kurabiye-cookie-making-machine.jpg\" alt=\"m\u00e1quina industrial para hacer galletas kurabiye\" width=\"800\" height=\"450\" srcset=\"https:\/\/www.biscuitsolution.com\/wp-content\/uploads\/2025\/02\/kurabiye-cookie-making-machine.jpg 800w, https:\/\/www.biscuitsolution.com\/wp-content\/uploads\/2025\/02\/kurabiye-cookie-making-machine-600x338.jpg 600w, https:\/\/www.biscuitsolution.com\/wp-content\/uploads\/2025\/02\/kurabiye-cookie-making-machine-300x169.jpg 300w, https:\/\/www.biscuitsolution.com\/wp-content\/uploads\/2025\/02\/kurabiye-cookie-making-machine-768x432.jpg 768w\" sizes=\"(max-width: 800px) 100vw, 800px\" \/><\/p>\n<h2>Principio de funcionamiento de la m\u00e1quina industrial para hacer galletas Kurabiye<\/h2>\n<ol>\n<li>Formaci\u00f3n de la masa: La masa se transforma en la forma de las galletas Kurabiye mediante un molde, un dispositivo de corte o una extrusora. Por ejemplo, un molde giratorio puede prensar la masa para darle una forma espec\u00edfica y luego cortarla; una extrusora puede extrudir la masa desde una boquilla para formar embriones de galleta de diversas formas.<\/li>\n<li>Relleno: Para las galletas Kurabiye con relleno, la m\u00e1quina est\u00e1 equipada con un sistema de llenado de relleno. El relleno se extruye cuantitativamente en el embri\u00f3n de la galleta. Los rellenos habituales, como salsa de chocolate, mermelada, nueces picadas, etc., pueden controlarse con precisi\u00f3n en cuanto a cantidad y posici\u00f3n del relleno.<\/li>\n<li>Fase de horneado: La m\u00e1quina de fabricaci\u00f3n se conecta a un equipo de horneado, como un horno de t\u00fanel o un horno giratorio. El embri\u00f3n de la galleta se cuece en el horno durante un tiempo y a una temperatura adecuados para darle forma, color y conseguir el sabor deseado de la galleta.<\/li>\n<\/ol>\n<p><img decoding=\"async\" class=\"alignnone size-full wp-image-4736\" src=\"https:\/\/www.biscuitsolution.com\/wp-content\/uploads\/2025\/02\/kurabiye-cookie-machine.jpg\" alt=\"m\u00e1quina para hacer galletas kurabiye\" width=\"800\" height=\"450\" srcset=\"https:\/\/www.biscuitsolution.com\/wp-content\/uploads\/2025\/02\/kurabiye-cookie-machine.jpg 800w, https:\/\/www.biscuitsolution.com\/wp-content\/uploads\/2025\/02\/kurabiye-cookie-machine-600x338.jpg 600w, https:\/\/www.biscuitsolution.com\/wp-content\/uploads\/2025\/02\/kurabiye-cookie-machine-300x169.jpg 300w, https:\/\/www.biscuitsolution.com\/wp-content\/uploads\/2025\/02\/kurabiye-cookie-machine-768x432.jpg 768w\" sizes=\"(max-width: 800px) 100vw, 800px\" \/><\/p>\n<h2>Caracter\u00edsticas de rendimiento de la galletera Kurabiye<\/h2>\n<ol>\n<li>Alta eficiencia de producci\u00f3n: se pueden producir miles o incluso m\u00e1s de galletas Kurabiye por hora para satisfacer las necesidades de producci\u00f3n a gran escala, mejorar la eficiencia de producci\u00f3n y reducir los costes de mano de obra.<\/li>\n<li>Calidad estable del producto: El peso, el grosor, la forma y el grado de cocci\u00f3n de las galletas pueden controlarse con precisi\u00f3n para garantizar la calidad y el sabor constantes de cada galleta Kurabiye y mejorar la estabilidad de la calidad del producto.<\/li>\n<li>Flexibilidad: Con s\u00f3lo cambiar los moldes o ajustar la configuraci\u00f3n, la m\u00e1quina puede producir galletas Kurabiye de diversas formas, tama\u00f1os y sabores. Adem\u00e1s, se integra a la perfecci\u00f3n con otros equipos para realizar procesos de producci\u00f3n completos, como la mezcla de masas, la preparaci\u00f3n de rellenos y el envasado.<\/li>\n<li>F\u00e1cil de usar: la m\u00e1quina industrial de galletas Kurabiye incorpora un avanzado sistema de control con una interfaz intuitiva. Los operarios pueden dominar r\u00e1pidamente sus funciones tras una formaci\u00f3n m\u00ednima, lo que reduce la complejidad y la posibilidad de errores asociados a las operaciones manuales.<\/li>\n<li>Higi\u00e9nica y segura: Fabricada con materiales aptos para uso alimentario, la m\u00e1quina cumple estrictas normas de higiene. Su dise\u00f1o f\u00e1cil de limpiar garantiza que el proceso de producci\u00f3n siga siendo higi\u00e9nico y seguro, salvaguardando la calidad de las galletas.<\/li>\n<\/ol>\n<p><img decoding=\"async\" class=\"alignnone size-full wp-image-4737\" src=\"https:\/\/www.biscuitsolution.com\/wp-content\/uploads\/2025\/02\/industrial-kurabiye-cookie-making-machine.jpg\" alt=\"m\u00e1quina para hacer galletas kurabiye\" width=\"800\" height=\"450\" srcset=\"https:\/\/www.biscuitsolution.com\/wp-content\/uploads\/2025\/02\/industrial-kurabiye-cookie-making-machine.jpg 800w, https:\/\/www.biscuitsolution.com\/wp-content\/uploads\/2025\/02\/industrial-kurabiye-cookie-making-machine-600x338.jpg 600w, https:\/\/www.biscuitsolution.com\/wp-content\/uploads\/2025\/02\/industrial-kurabiye-cookie-making-machine-300x169.jpg 300w, https:\/\/www.biscuitsolution.com\/wp-content\/uploads\/2025\/02\/industrial-kurabiye-cookie-making-machine-768x432.jpg 768w\" sizes=\"(max-width: 800px) 100vw, 800px\" \/><\/p>\n<h2>Escenarios aplicables<\/h2>\n<p>Esta m\u00e1quina para hacer galletas Kurabiye no s\u00f3lo es adecuada para la producci\u00f3n comercial a gran escala, sino que tambi\u00e9n se puede personalizar seg\u00fan las necesidades del cliente. Es adecuada para peque\u00f1as y medianas empresas o grandes plantas de procesamiento de alimentos.<\/p>\n<p>Para m\u00e1s informaci\u00f3n o compra, se recomienda ponerse en contacto con nuestros fabricantes profesionales para obtener asistencia t\u00e9cnica y servicios detallados.<\/p>\n<div class=\"ast-oembed-container\" style=\"height: 100%;\"><iframe title=\"Kurabiye industrial galleta que hace la m\u00e1quina autom\u00e1tica 1000kg\/h\" width=\"500\" height=\"281\" src=\"https:\/\/www.youtube.com\/embed\/Pq9pCycFrxQ?feature=oembed\" frameborder=\"0\" allow=\"accelerometer; autoplay; clipboard-write; encrypted-media; gyroscope; picture-in-picture; web-share\" referrerpolicy=\"strict-origin-when-cross-origin\" allowfullscreen><\/iframe><\/div>\n<h2>Deje un mensaje para obtener un presupuesto<\/h2>\n\n<div class=\"wpcf7 no-js\" id=\"wpcf7-f4619-o1\" lang=\"en-US\" dir=\"ltr\" data-wpcf7-id=\"4619\">\n<div class=\"screen-reader-response\"><p role=\"status\" aria-live=\"polite\" aria-atomic=\"true\"><\/p> <ul><\/ul><\/div>\n<form action=\"\/es\/wp-json\/wp\/v2\/product\/4734#wpcf7-f4619-o1\" method=\"post\" class=\"wpcf7-form init\" aria-label=\"Formulario de contacto\" novalidate=\"novalidate\" data-status=\"init\" data-trp-original-action=\"\/es\/wp-json\/wp\/v2\/product\/4734#wpcf7-f4619-o1\">\n<div style=\"display: none;\">\n<input type=\"hidden\" name=\"_wpcf7\" value=\"4619\" \/>\n<input type=\"hidden\" name=\"_wpcf7_version\" value=\"6.0.4\" \/>\n<input type=\"hidden\" name=\"_wpcf7_locale\" value=\"en_US\" \/>\n<input type=\"hidden\" name=\"_wpcf7_unit_tag\" value=\"wpcf7-f4619-o1\" \/>\n<input type=\"hidden\" name=\"_wpcf7_container_post\" value=\"0\" \/>\n<input type=\"hidden\" name=\"_wpcf7_posted_data_hash\" value=\"\" \/>\n<\/div>\n<p><label> Su nombre<br \/>\n<span class=\"wpcf7-form-control-wrap\" data-name=\"your-name\"><input size=\"40\" maxlength=\"400\" class=\"wpcf7-form-control wpcf7-text wpcf7-validates-as-required\" aria-required=\"true\" aria-invalid=\"false\" value=\"\" type=\"text\" name=\"your-name\" \/><\/span> <\/label>\n<\/p>\n<p><label> Su pa\u00eds<br \/>\n<span class=\"wpcf7-form-control-wrap\" data-name=\"your-country\"><input size=\"40\" maxlength=\"400\" class=\"wpcf7-form-control wpcf7-text\" aria-invalid=\"false\" value=\"\" type=\"text\" name=\"your-country\" \/><\/span><\/label>\n<\/p>\n<p><label> Su correo electr\u00f3nico<br \/>\n<span class=\"wpcf7-form-control-wrap\" data-name=\"your-email\"><input size=\"40\" maxlength=\"400\" class=\"wpcf7-form-control wpcf7-email wpcf7-validates-as-required wpcf7-text wpcf7-validates-as-email\" aria-required=\"true\" aria-invalid=\"false\" value=\"\" type=\"email\" name=\"your-email\" \/><\/span> <\/label>\n<\/p>\n<p><label> Tu tel\u00e9fono<br \/>\n<span class=\"wpcf7-form-control-wrap\" data-name=\"your-phone\"><input size=\"40\" maxlength=\"400\" class=\"wpcf7-form-control wpcf7-tel wpcf7-text wpcf7-validates-as-tel\" aria-invalid=\"false\" value=\"\" type=\"tel\" name=\"your-phone\" \/><\/span> <\/label>\n<\/p>\n<p><label> Nombre de su empresa<br \/>\n<span class=\"wpcf7-form-control-wrap\" data-name=\"text-457\"><input size=\"40\" maxlength=\"400\" class=\"wpcf7-form-control wpcf7-text\" aria-invalid=\"false\" value=\"\" type=\"text\" name=\"text-457\" \/><\/span> <\/label>\n<\/p>\n<p><label> El sitio web de su empresa<br \/>\n<span class=\"wpcf7-form-control-wrap\" data-name=\"text-546\"><input size=\"40\" maxlength=\"400\" class=\"wpcf7-form-control wpcf7-text\" aria-invalid=\"false\" value=\"\" type=\"text\" name=\"text-546\" \/><\/span> <\/label>\n<\/p>\n<p><label> Sus requisitos*<br \/>\n<span class=\"wpcf7-form-control-wrap\" data-name=\"your-message\"><textarea cols=\"40\" rows=\"10\" maxlength=\"2000\" class=\"wpcf7-form-control wpcf7-textarea wpcf7-validates-as-required\" aria-required=\"true\" aria-invalid=\"false\" name=\"your-message\"><\/textarea><\/span> <\/label>\n<\/p>\n<p><input class=\"wpcf7-form-control wpcf7-submit has-spinner\" type=\"submit\" value=\"Enviar\" \/>\n<\/p><p style=\"display: none !important;\" class=\"akismet-fields-container\" data-prefix=\"_wpcf7_ak_\"><label>&#916;<textarea name=\"_wpcf7_ak_hp_textarea\" cols=\"45\" rows=\"8\" maxlength=\"100\"><\/textarea><\/label><input type=\"hidden\" id=\"ak_js_1\" name=\"_wpcf7_ak_js\" value=\"149\"\/><script>document.getElementById( \"ak_js_1\" ).setAttribute( \"value\", ( new Date() ).getTime() );<\/script><\/p><div class=\"wpcf7-response-output\" aria-hidden=\"true\"><\/div>\n<input type=\"hidden\" name=\"trp-form-language\" value=\"es\"\/><\/form>\n<\/div>\n\n<p>&nbsp;<\/p>\n<div style='text-align:left' class='yasr-auto-insert-visitor'><\/div>","protected":false},"excerpt":{"rendered":"<p>Marca: GELGOOG<\/p>\n<p>Correo electr\u00f3nico: shanna@machinehall.com<\/p>\n<p>Tel\u00e9fono: +8618638676709<\/p>\n<p>Aplicaci\u00f3n: galleta kurabiye y galleta blanda.<\/p>\n<p>Tensi\u00f3n: 380 V<\/p>\n<p>Capacity\uff1a100kg\/h-1000kg\/h<\/p>","protected":false},"featured_media":4738,"comment_status":"open","ping_status":"closed","template":"","meta":{"site-sidebar-layout":"default","site-content-layout":"","ast-site-content-layout":"default","site-content-style":"default","site-sidebar-style":"default","ast-global-header-display":"","ast-banner-title-visibility":"","ast-main-header-display":"","ast-hfb-above-header-display":"","ast-hfb-below-header-display":"","ast-hfb-mobile-header-display":"","site-post-title":"","ast-breadcrumbs-content":"","ast-featured-img":"","footer-sml-layout":"","theme-transparent-header-meta":"default","adv-header-id-meta":"","stick-header-meta":"","header-above-stick-meta":"","header-main-stick-meta":"","header-below-stick-meta":"","astra-migrate-meta-layouts":"set","ast-page-background-enabled":"default","ast-page-background-meta":{"desktop":{"background-color":"","background-image":"","background-repeat":"repeat","background-position":"center center","background-size":"auto","background-attachment":"scroll","background-type":"","background-media":"","overlay-type":"","overlay-color":"","overlay-opacity":"","overlay-gradient":""},"tablet":{"background-color":"","background-image":"","background-repeat":"repeat","background-position":"center center","background-size":"auto","background-attachment":"scroll","background-type":"","background-media":"","overlay-type":"","overlay-color":"","overlay-opacity":"","overlay-gradient":""},"mobile":{"background-color":"","background-image":"","background-repeat":"repeat","background-position":"center center","background-size":"auto","background-attachment":"scroll","background-type":"","background-media":"","overlay-type":"","overlay-color":"","overlay-opacity":"","overlay-gradient":""}},"ast-content-background-meta":{"desktop":{"background-color":"var(--ast-global-color-5)","background-image":"","background-repeat":"repeat","background-position":"center center","background-size":"auto","background-attachment":"scroll","background-type":"","background-media":"","overlay-type":"","overlay-color":"","overlay-opacity":"","overlay-gradient":""},"tablet":{"background-color":"var(--ast-global-color-5)","background-image":"","background-repeat":"repeat","background-position":"center center","background-size":"auto","background-attachment":"scroll","background-type":"","background-media":"","overlay-type":"","overlay-color":"","overlay-opacity":"","overlay-gradient":""},"mobile":{"background-color":"var(--ast-global-color-5)","background-image":"","background-repeat":"repeat","background-position":"center center","background-size":"auto","background-attachment":"scroll","background-type":"","background-media":"","overlay-type":"","overlay-color":"","overlay-opacity":"","overlay-gradient":""}},"yasr_overall_rating":0,"yasr_post_is_review":"","yasr_auto_insert_disabled":"","yasr_review_type":""},"product_brand":[],"product_cat":[24],"product_tag":[],"class_list":{"0":"post-4734","1":"product","2":"type-product","3":"status-publish","4":"has-post-thumbnail","6":"product_cat-cookie-production-line","7":"desktop-align-left","8":"tablet-align-left","9":"mobile-align-left","11":"first","12":"instock","13":"shipping-taxable","14":"product-type-simple"},"yoast_head":"<!-- This site is optimized with the Yoast SEO plugin v24.4 - https:\/\/yoast.com\/wordpress\/plugins\/seo\/ -->\n<title>Industrial Kurabiye Cookie Making Machine Efficient - Biscuit Production Solution Manufacturer<\/title>\n<meta name=\"description\" content=\"Industrial Kurabiye cookie production machine is an efficient equipment that can produce cookies in a variety of flavors and shapes to meet different needs.\" \/>\n<meta name=\"robots\" content=\"index, follow, max-snippet:-1, max-image-preview:large, max-video-preview:-1\" \/>\n<link rel=\"canonical\" href=\"https:\/\/www.biscuitsolution.com\/es\/producto\/industrial-kurabiye-cookie-making-machine-efficient\/\" \/>\n<meta property=\"og:locale\" content=\"es_ES\" \/>\n<meta property=\"og:type\" content=\"article\" \/>\n<meta property=\"og:title\" content=\"Industrial Kurabiye Cookie Making Machine Efficient - Biscuit Production Solution Manufacturer\" \/>\n<meta property=\"og:description\" content=\"Industrial Kurabiye cookie production machine is an efficient equipment that can produce cookies in a variety of flavors and shapes to meet different needs.\" \/>\n<meta property=\"og:url\" content=\"https:\/\/www.biscuitsolution.com\/es\/producto\/industrial-kurabiye-cookie-making-machine-efficient\/\" \/>\n<meta property=\"og:site_name\" content=\"Biscuit Production Solution Manufacturer\" \/>\n<meta property=\"article:publisher\" content=\"https:\/\/www.facebook.com\/profile.php?id=100095205040823\" \/>\n<meta property=\"article:modified_time\" content=\"2025-02-19T10:29:10+00:00\" \/>\n<meta property=\"og:image\" content=\"https:\/\/www.biscuitsolution.com\/wp-content\/uploads\/2025\/02\/\u4e3b\u56fe-10.jpg\" \/>\n\t<meta property=\"og:image:width\" content=\"600\" \/>\n\t<meta property=\"og:image:height\" content=\"600\" \/>\n\t<meta property=\"og:image:type\" content=\"image\/jpeg\" \/>\n<meta name=\"twitter:card\" content=\"summary_large_image\" \/>\n<meta name=\"twitter:site\" content=\"@shanna_zha26342\" \/>\n<meta name=\"twitter:label1\" content=\"Tiempo de lectura\" \/>\n\t<meta name=\"twitter:data1\" content=\"3 minutos\" \/>\n<script type=\"application\/ld+json\" class=\"yoast-schema-graph\">{\"@context\":\"https:\/\/schema.org\",\"@graph\":[{\"@type\":\"WebPage\",\"@id\":\"https:\/\/www.biscuitsolution.com\/product\/industrial-kurabiye-cookie-making-machine-efficient\/\",\"url\":\"https:\/\/www.biscuitsolution.com\/product\/industrial-kurabiye-cookie-making-machine-efficient\/\",\"name\":\"Industrial Kurabiye Cookie Making Machine Efficient - Biscuit Production Solution Manufacturer\",\"isPartOf\":{\"@id\":\"https:\/\/www.biscuitsolution.com\/#website\"},\"primaryImageOfPage\":{\"@id\":\"https:\/\/www.biscuitsolution.com\/product\/industrial-kurabiye-cookie-making-machine-efficient\/#primaryimage\"},\"image\":{\"@id\":\"https:\/\/www.biscuitsolution.com\/product\/industrial-kurabiye-cookie-making-machine-efficient\/#primaryimage\"},\"thumbnailUrl\":\"https:\/\/www.biscuitsolution.com\/wp-content\/uploads\/2025\/02\/\u4e3b\u56fe-10.jpg\",\"datePublished\":\"2025-02-19T10:29:09+00:00\",\"dateModified\":\"2025-02-19T10:29:10+00:00\",\"description\":\"Industrial Kurabiye cookie production machine is an efficient equipment that can produce cookies in a variety of flavors and shapes to meet different needs.\",\"breadcrumb\":{\"@id\":\"https:\/\/www.biscuitsolution.com\/product\/industrial-kurabiye-cookie-making-machine-efficient\/#breadcrumb\"},\"inLanguage\":\"es\",\"potentialAction\":[{\"@type\":\"ReadAction\",\"target\":[\"https:\/\/www.biscuitsolution.com\/product\/industrial-kurabiye-cookie-making-machine-efficient\/\"]}]},{\"@type\":\"ImageObject\",\"inLanguage\":\"es\",\"@id\":\"https:\/\/www.biscuitsolution.com\/product\/industrial-kurabiye-cookie-making-machine-efficient\/#primaryimage\",\"url\":\"https:\/\/www.biscuitsolution.com\/wp-content\/uploads\/2025\/02\/\u4e3b\u56fe-10.jpg\",\"contentUrl\":\"https:\/\/www.biscuitsolution.com\/wp-content\/uploads\/2025\/02\/\u4e3b\u56fe-10.jpg\",\"width\":600,\"height\":600,\"caption\":\"industrial kurabiye cookie making machine\"},{\"@type\":\"BreadcrumbList\",\"@id\":\"https:\/\/www.biscuitsolution.com\/product\/industrial-kurabiye-cookie-making-machine-efficient\/#breadcrumb\",\"itemListElement\":[{\"@type\":\"ListItem\",\"position\":1,\"name\":\"Home\",\"item\":\"https:\/\/www.biscuitsolution.com\/\"},{\"@type\":\"ListItem\",\"position\":2,\"name\":\"Product\",\"item\":\"https:\/\/www.biscuitsolution.com\/product\/\"},{\"@type\":\"ListItem\",\"position\":3,\"name\":\"Industrial Kurabiye Cookie Making Machine Efficient\"}]},{\"@type\":\"WebSite\",\"@id\":\"https:\/\/www.biscuitsolution.com\/#website\",\"url\":\"https:\/\/www.biscuitsolution.com\/\",\"name\":\"Biscuit Production Solution Manufacturer\",\"description\":\"\",\"potentialAction\":[{\"@type\":\"SearchAction\",\"target\":{\"@type\":\"EntryPoint\",\"urlTemplate\":\"https:\/\/www.biscuitsolution.com\/?s={search_term_string}\"},\"query-input\":{\"@type\":\"PropertyValueSpecification\",\"valueRequired\":true,\"valueName\":\"search_term_string\"}}],\"inLanguage\":\"es\"},false]}<\/script>\n<!-- \/ Yoast SEO plugin. -->","yoast_head_json":{"title":"M\u00e1quina industrial para hacer galletas Kurabiye eficiente - Fabricante de soluciones para la producci\u00f3n de galletas","description":"La m\u00e1quina industrial de producci\u00f3n de galletas Kurabiye es un equipo eficiente que puede producir galletas de diversos sabores y formas para satisfacer diferentes necesidades.","robots":{"index":"index","follow":"follow","max-snippet":"max-snippet:-1","max-image-preview":"max-image-preview:large","max-video-preview":"max-video-preview:-1"},"canonical":"https:\/\/www.biscuitsolution.com\/es\/producto\/industrial-kurabiye-cookie-making-machine-efficient\/","og_locale":"es_ES","og_type":"article","og_title":"Industrial Kurabiye Cookie Making Machine Efficient - Biscuit Production Solution Manufacturer","og_description":"Industrial Kurabiye cookie production machine is an efficient equipment that can produce cookies in a variety of flavors and shapes to meet different needs.","og_url":"https:\/\/www.biscuitsolution.com\/es\/producto\/industrial-kurabiye-cookie-making-machine-efficient\/","og_site_name":"Biscuit Production Solution Manufacturer","article_publisher":"https:\/\/www.facebook.com\/profile.php?id=100095205040823","article_modified_time":"2025-02-19T10:29:10+00:00","og_image":[{"width":600,"height":600,"url":"https:\/\/www.biscuitsolution.com\/wp-content\/uploads\/2025\/02\/\u4e3b\u56fe-10.jpg","type":"image\/jpeg"}],"twitter_card":"summary_large_image","twitter_site":"@shanna_zha26342","twitter_misc":{"Tiempo de lectura":"3 minutos"},"schema":{"@context":"https:\/\/schema.org","@graph":[{"@type":"WebPage","@id":"https:\/\/www.biscuitsolution.com\/product\/industrial-kurabiye-cookie-making-machine-efficient\/","url":"https:\/\/www.biscuitsolution.com\/product\/industrial-kurabiye-cookie-making-machine-efficient\/","name":"M\u00e1quina industrial para hacer galletas Kurabiye eficiente - Fabricante de soluciones para la producci\u00f3n de galletas","isPartOf":{"@id":"https:\/\/www.biscuitsolution.com\/#website"},"primaryImageOfPage":{"@id":"https:\/\/www.biscuitsolution.com\/product\/industrial-kurabiye-cookie-making-machine-efficient\/#primaryimage"},"image":{"@id":"https:\/\/www.biscuitsolution.com\/product\/industrial-kurabiye-cookie-making-machine-efficient\/#primaryimage"},"thumbnailUrl":"https:\/\/www.biscuitsolution.com\/wp-content\/uploads\/2025\/02\/\u4e3b\u56fe-10.jpg","datePublished":"2025-02-19T10:29:09+00:00","dateModified":"2025-02-19T10:29:10+00:00","description":"La m\u00e1quina industrial de producci\u00f3n de galletas Kurabiye es un equipo eficiente que puede producir galletas de diversos sabores y formas para satisfacer diferentes necesidades.","breadcrumb":{"@id":"https:\/\/www.biscuitsolution.com\/product\/industrial-kurabiye-cookie-making-machine-efficient\/#breadcrumb"},"inLanguage":"es","potentialAction":[{"@type":"ReadAction","target":["https:\/\/www.biscuitsolution.com\/product\/industrial-kurabiye-cookie-making-machine-efficient\/"]}]},{"@type":"ImageObject","inLanguage":"es","@id":"https:\/\/www.biscuitsolution.com\/product\/industrial-kurabiye-cookie-making-machine-efficient\/#primaryimage","url":"https:\/\/www.biscuitsolution.com\/wp-content\/uploads\/2025\/02\/\u4e3b\u56fe-10.jpg","contentUrl":"https:\/\/www.biscuitsolution.com\/wp-content\/uploads\/2025\/02\/\u4e3b\u56fe-10.jpg","width":600,"height":600,"caption":"industrial kurabiye cookie making machine"},{"@type":"BreadcrumbList","@id":"https:\/\/www.biscuitsolution.com\/product\/industrial-kurabiye-cookie-making-machine-efficient\/#breadcrumb","itemListElement":[{"@type":"ListItem","position":1,"name":"Home","item":"https:\/\/www.biscuitsolution.com\/"},{"@type":"ListItem","position":2,"name":"Product","item":"https:\/\/www.biscuitsolution.com\/product\/"},{"@type":"ListItem","position":3,"name":"Industrial Kurabiye Cookie Making Machine Efficient"}]},{"@type":"WebSite","@id":"https:\/\/www.biscuitsolution.com\/#website","url":"https:\/\/www.biscuitsolution.com\/","name":"Fabricante de soluciones para la producci\u00f3n de galletas","description":"","potentialAction":[{"@type":"SearchAction","target":{"@type":"EntryPoint","urlTemplate":"https:\/\/www.biscuitsolution.com\/?s={search_term_string}"},"query-input":{"@type":"PropertyValueSpecification","valueRequired":true,"valueName":"search_term_string"}}],"inLanguage":"es"},false]}},"yasr_visitor_votes":{"stars_attributes":{"read_only":false,"span_bottom":false},"number_of_votes":0,"sum_votes":0},"_links":{"self":[{"href":"https:\/\/www.biscuitsolution.com\/es\/wp-json\/wp\/v2\/product\/4734","targetHints":{"allow":["GET"]}}],"collection":[{"href":"https:\/\/www.biscuitsolution.com\/es\/wp-json\/wp\/v2\/product"}],"about":[{"href":"https:\/\/www.biscuitsolution.com\/es\/wp-json\/wp\/v2\/types\/product"}],"replies":[{"embeddable":true,"href":"https:\/\/www.biscuitsolution.com\/es\/wp-json\/wp\/v2\/comments?post=4734"}],"version-history":[{"count":1,"href":"https:\/\/www.biscuitsolution.com\/es\/wp-json\/wp\/v2\/product\/4734\/revisions"}],"predecessor-version":[{"id":4739,"href":"https:\/\/www.biscuitsolution.com\/es\/wp-json\/wp\/v2\/product\/4734\/revisions\/4739"}],"wp:featuredmedia":[{"embeddable":true,"href":"https:\/\/www.biscuitsolution.com\/es\/wp-json\/wp\/v2\/media\/4738"}],"wp:attachment":[{"href":"https:\/\/www.biscuitsolution.com\/es\/wp-json\/wp\/v2\/media?parent=4734"}],"wp:term":[{"taxonomy":"product_brand","embeddable":true,"href":"https:\/\/www.biscuitsolution.com\/es\/wp-json\/wp\/v2\/product_brand?post=4734"},{"taxonomy":"product_cat","embeddable":true,"href":"https:\/\/www.biscuitsolution.com\/es\/wp-json\/wp\/v2\/product_cat?post=4734"},{"taxonomy":"product_tag","embeddable":true,"href":"https:\/\/www.biscuitsolution.com\/es\/wp-json\/wp\/v2\/product_tag?post=4734"}],"curies":[{"name":"wp","href":"https:\/\/api.w.org\/{rel}","templated":true}]}}