{"id":4723,"date":"2025-02-19T10:08:46","date_gmt":"2025-02-19T10:08:46","guid":{"rendered":"https:\/\/www.biscuitsolution.com\/?post_type=product&#038;p=4723"},"modified":"2025-10-30T11:19:49","modified_gmt":"2025-10-30T03:19:49","slug":"automatic-wafer-cookie-production-equipment","status":"publish","type":"product","link":"https:\/\/www.biscuitsolution.com\/es\/producto\/automatic-wafer-cookie-production-equipment\/","title":{"rendered":"Equipo autom\u00e1tico completo para el proceso de producci\u00f3n de galletas de barquillo"},"content":{"rendered":"<p>En <strong>l\u00ednea de producci\u00f3n autom\u00e1tica de galletas de barquillo<\/strong> integra ingenier\u00eda de precisi\u00f3n con automatizaci\u00f3n sin fisuras para ofrecer una producci\u00f3n uniforme de gran volumen. Desde la mezcla de la masa hasta el envasado final, todo el proceso est\u00e1 dise\u00f1ado para ofrecer eficiencia operativa, uniformidad del producto y adaptaci\u00f3n flexible de las recetas, lo que lo convierte en la soluci\u00f3n ideal para los fabricantes de alimentos modernos.<\/p>\n<div class=\"ast-oembed-container\" style=\"height: 100%;\"><iframe title=\"L\u00ednea de producci\u00f3n de galletas autom\u00e1tica multifuncional M\u00e1quina de galletas econ\u00f3mica\" width=\"500\" height=\"281\" src=\"https:\/\/www.youtube.com\/embed\/2kc3y-GOUKo?feature=oembed\" frameborder=\"0\" allow=\"accelerometer; autoplay; clipboard-write; encrypted-media; gyroscope; picture-in-picture; web-share\" referrerpolicy=\"strict-origin-when-cross-origin\" allowfullscreen><\/iframe><\/div>\n<h3><strong>Equipos clave en la l\u00ednea de producci\u00f3n<\/strong><\/h3>\n<p class=\"ds-markdown-paragraph\">Cada componente est\u00e1 dise\u00f1ado para desempe\u00f1ar una funci\u00f3n espec\u00edfica con precisi\u00f3n y fiabilidad, formando un flujo de trabajo continuo y eficaz.<\/p>\n<ul>\n<li style=\"list-style-type: none;\">\n<ul>\n<li>\n<p class=\"ds-markdown-paragraph\"><strong>Mezcladora vertical<\/strong><br \/>\nEsta unidad esencial combina a fondo los ingredientes secos y h\u00famedos para formar una masa homog\u00e9nea para obleas. Disponible con varios tipos de agitadores, como paletas o palas en espiral, puede seleccionarse para adaptarse a los requisitos de mezcla espec\u00edficos y a las caracter\u00edsticas de la receta.<\/p>\n<\/li>\n<li>\n<p class=\"ds-markdown-paragraph\"><strong>Horno transportador<\/strong><br \/>\nCon una cinta transportadora continua que se desplaza a trav\u00e9s de una c\u00e1mara de cocci\u00f3n de temperatura controlada, este horno garantiza una cocci\u00f3n uniforme utilizando sistemas de calentamiento el\u00e9ctricos o de gas. Las zonas de temperatura ajustable permiten una gesti\u00f3n t\u00e9rmica precisa, fundamental para conseguir un color y una textura uniformes de las obleas.<\/p>\n<\/li>\n<li>\n<p class=\"ds-markdown-paragraph\"><strong>Transportador de refrigeraci\u00f3n<\/strong><br \/>\nDise\u00f1ado como un sistema de cinta de malla abierta, el transportador de enfriamiento permite que el aire ambiente o forzado circule alrededor de los barquillos horneados. Con un tiempo de tr\u00e1nsito que suele oscilar entre 5 y 10 minutos, lleva los barquillos a la temperatura y rigidez ideales para su manipulaci\u00f3n y envasado posterior.<\/p>\n<\/li>\n<li>\n<p class=\"ds-markdown-paragraph\"><strong>M\u00e1quina empaquetadora de almohadas<\/strong><br \/>\nEste sistema automatizado envasa barquillos individualmente o en lotes de varias piezas. El tama\u00f1o del envase y la velocidad de la m\u00e1quina son totalmente ajustables para adaptarse a diferentes dimensiones del producto y requisitos de producci\u00f3n, garantizando la frescura sellada y una presentaci\u00f3n lista para la venta al por menor.<\/p>\n<\/li>\n<\/ul>\n<\/li>\n<\/ul>\n<p><img fetchpriority=\"high\" decoding=\"async\" class=\"alignnone size-full wp-image-4724\" src=\"https:\/\/www.biscuitsolution.com\/wp-content\/uploads\/2025\/02\/automatic-wafer-cookie-production-process.jpg\" alt=\"proceso autom\u00e1tico de producci\u00f3n de galletas de barquillo\" width=\"800\" height=\"450\" srcset=\"https:\/\/www.biscuitsolution.com\/wp-content\/uploads\/2025\/02\/automatic-wafer-cookie-production-process.jpg 800w, https:\/\/www.biscuitsolution.com\/wp-content\/uploads\/2025\/02\/automatic-wafer-cookie-production-process-600x338.jpg 600w, https:\/\/www.biscuitsolution.com\/wp-content\/uploads\/2025\/02\/automatic-wafer-cookie-production-process-300x169.jpg 300w, https:\/\/www.biscuitsolution.com\/wp-content\/uploads\/2025\/02\/automatic-wafer-cookie-production-process-768x432.jpg 768w\" sizes=\"(max-width: 800px) 100vw, 800px\" \/><\/p>\n<h2>Ventajas del proceso de producci\u00f3n de galletas de agua<\/h2>\n<ol>\n<li>\n<p class=\"ds-markdown-paragraph\"><strong>Flexibilidad de las recetas<\/strong><br \/>\nAjuste f\u00e1cilmente las recetas a trav\u00e9s del sistema de control centralizado. Modifique las proporciones de los ingredientes, incorpore nuevos sabores o a\u00f1ada componentes nutricionales con un tiempo de inactividad m\u00ednimo, lo que permite responder r\u00e1pidamente a las tendencias del mercado.<\/p>\n<\/li>\n<li>\n<p class=\"ds-markdown-paragraph\"><strong>Higi\u00e9nico y de f\u00e1cil mantenimiento<\/strong><br \/>\nLas superficies de los equipos son lisas y accesibles, con un m\u00ednimo de zonas de dif\u00edcil acceso. Este dise\u00f1o simplifica la limpieza diaria, cumple las normas de seguridad alimentaria y reduce el tiempo y el esfuerzo de mantenimiento.<\/p>\n<\/li>\n<li>\n<p class=\"ds-markdown-paragraph\"><strong>Utilizaci\u00f3n optimizada del material<\/strong><br \/>\nLos sistemas automatizados de dosificaci\u00f3n y dispensaci\u00f3n controlan con precisi\u00f3n la cantidad de masa y otras materias primas utilizadas por ciclo. Esta precisi\u00f3n reduce significativamente los residuos y evita las incoherencias causadas por la manipulaci\u00f3n manual.<\/p>\n<\/li>\n<li>\n<p class=\"ds-markdown-paragraph\"><strong>Salida continua de alta velocidad<\/strong><br \/>\nEl proceso estrechamente sincronizado, desde la mezcla y el horneado hasta el enfriamiento y el envasado, garantiza un funcionamiento ininterrumpido. De este modo se eliminan los cuellos de botella, se maximiza el rendimiento y se satisface con fiabilidad la demanda de grandes pedidos.<\/p>\n<\/li>\n<\/ol>\n<p><img decoding=\"async\" class=\"alignnone size-full wp-image-4725\" src=\"https:\/\/www.biscuitsolution.com\/wp-content\/uploads\/2025\/02\/water-cookie-production-process.jpg\" alt=\"proceso autom\u00e1tico de producci\u00f3n de galletas de barquillo\" width=\"800\" height=\"450\" srcset=\"https:\/\/www.biscuitsolution.com\/wp-content\/uploads\/2025\/02\/water-cookie-production-process.jpg 800w, https:\/\/www.biscuitsolution.com\/wp-content\/uploads\/2025\/02\/water-cookie-production-process-600x338.jpg 600w, https:\/\/www.biscuitsolution.com\/wp-content\/uploads\/2025\/02\/water-cookie-production-process-300x169.jpg 300w, https:\/\/www.biscuitsolution.com\/wp-content\/uploads\/2025\/02\/water-cookie-production-process-768x432.jpg 768w\" sizes=\"(max-width: 800px) 100vw, 800px\" \/><\/p>\n<h3><strong>\u00bfPor qu\u00e9 asociarse con nosotros?<\/strong><\/h3>\n<ul>\n<li>\n<p class=\"ds-markdown-paragraph\"><strong>Equipos robustos y fiables<\/strong><br \/>\nNuestras l\u00edneas de producci\u00f3n se construyen con bastidores de alta resistencia y componentes muy resistentes al desgaste, dise\u00f1ados para ofrecer estabilidad a largo plazo incluso en condiciones de funcionamiento de alta intensidad.<\/p>\n<\/li>\n<li>\n<p class=\"ds-markdown-paragraph\"><strong>Tecnolog\u00eda avanzada de moldeo<\/strong><br \/>\nUtilizando moldes de precisi\u00f3n y un control inteligente de la presi\u00f3n, nuestro equipo de conformado produce obleas de diversas formas y grosores, al tiempo que garantiza la integridad estructural y una textura uniforme.<\/p>\n<\/li>\n<li>\n<p class=\"ds-markdown-paragraph\"><strong>Instalaci\u00f3n y formaci\u00f3n profesionales<\/strong><br \/>\nProporcionamos apoyo integral al proyecto, incluida la instalaci\u00f3n por parte de expertos, la puesta en marcha exhaustiva del sistema y la formaci\u00f3n completa de los operarios para garantizar un arranque de la producci\u00f3n sin contratiempos.<\/p>\n<\/li>\n<li>\n<p class=\"ds-markdown-paragraph\"><strong>Configuraci\u00f3n de l\u00ednea personalizada<\/strong><br \/>\nTanto si se trata de una panader\u00eda en crecimiento como de un fabricante industrial, podemos adaptar la l\u00ednea de producci\u00f3n a su escala espec\u00edfica, mezcla de productos y distribuci\u00f3n de la f\u00e1brica, ofreci\u00e9ndole una soluci\u00f3n que se ajuste a sus objetivos empresariales.<\/p>\n<\/li>\n<\/ul>\n<h2>Deje un mensaje para obtener un presupuesto<\/h2>\n\n<div class=\"wpcf7 no-js\" id=\"wpcf7-f4619-o1\" lang=\"en-US\" dir=\"ltr\" data-wpcf7-id=\"4619\">\n<div class=\"screen-reader-response\"><p role=\"status\" aria-live=\"polite\" aria-atomic=\"true\"><\/p> <ul><\/ul><\/div>\n<form action=\"\/es\/wp-json\/wp\/v2\/product\/4723#wpcf7-f4619-o1\" method=\"post\" class=\"wpcf7-form init\" aria-label=\"Formulario de contacto\" novalidate=\"novalidate\" data-status=\"init\" data-trp-original-action=\"\/es\/wp-json\/wp\/v2\/product\/4723#wpcf7-f4619-o1\">\n<div style=\"display: none;\">\n<input type=\"hidden\" name=\"_wpcf7\" value=\"4619\" \/>\n<input type=\"hidden\" name=\"_wpcf7_version\" value=\"6.0.4\" \/>\n<input type=\"hidden\" name=\"_wpcf7_locale\" value=\"en_US\" \/>\n<input type=\"hidden\" name=\"_wpcf7_unit_tag\" value=\"wpcf7-f4619-o1\" \/>\n<input type=\"hidden\" name=\"_wpcf7_container_post\" value=\"0\" \/>\n<input type=\"hidden\" name=\"_wpcf7_posted_data_hash\" value=\"\" \/>\n<\/div>\n<p><label> Su nombre<br \/>\n<span class=\"wpcf7-form-control-wrap\" data-name=\"your-name\"><input size=\"40\" maxlength=\"400\" class=\"wpcf7-form-control wpcf7-text wpcf7-validates-as-required\" aria-required=\"true\" aria-invalid=\"false\" value=\"\" type=\"text\" name=\"your-name\" \/><\/span> <\/label>\n<\/p>\n<p><label> Su pa\u00eds<br \/>\n<span class=\"wpcf7-form-control-wrap\" data-name=\"your-country\"><input size=\"40\" maxlength=\"400\" class=\"wpcf7-form-control wpcf7-text\" aria-invalid=\"false\" value=\"\" type=\"text\" name=\"your-country\" \/><\/span><\/label>\n<\/p>\n<p><label> Su correo electr\u00f3nico<br \/>\n<span class=\"wpcf7-form-control-wrap\" data-name=\"your-email\"><input size=\"40\" maxlength=\"400\" class=\"wpcf7-form-control wpcf7-email wpcf7-validates-as-required wpcf7-text wpcf7-validates-as-email\" aria-required=\"true\" aria-invalid=\"false\" value=\"\" type=\"email\" name=\"your-email\" \/><\/span> <\/label>\n<\/p>\n<p><label> Tu tel\u00e9fono<br \/>\n<span class=\"wpcf7-form-control-wrap\" data-name=\"your-phone\"><input size=\"40\" maxlength=\"400\" class=\"wpcf7-form-control wpcf7-tel wpcf7-text wpcf7-validates-as-tel\" aria-invalid=\"false\" value=\"\" type=\"tel\" name=\"your-phone\" \/><\/span> <\/label>\n<\/p>\n<p><label> Nombre de su empresa<br \/>\n<span class=\"wpcf7-form-control-wrap\" data-name=\"text-457\"><input size=\"40\" maxlength=\"400\" class=\"wpcf7-form-control wpcf7-text\" aria-invalid=\"false\" value=\"\" type=\"text\" name=\"text-457\" \/><\/span> <\/label>\n<\/p>\n<p><label> El sitio web de su empresa<br \/>\n<span class=\"wpcf7-form-control-wrap\" data-name=\"text-546\"><input size=\"40\" maxlength=\"400\" class=\"wpcf7-form-control wpcf7-text\" aria-invalid=\"false\" value=\"\" type=\"text\" name=\"text-546\" \/><\/span> <\/label>\n<\/p>\n<p><label> Sus requisitos*<br \/>\n<span class=\"wpcf7-form-control-wrap\" data-name=\"your-message\"><textarea cols=\"40\" rows=\"10\" maxlength=\"2000\" class=\"wpcf7-form-control wpcf7-textarea wpcf7-validates-as-required\" aria-required=\"true\" aria-invalid=\"false\" name=\"your-message\"><\/textarea><\/span> <\/label>\n<\/p>\n<p><input class=\"wpcf7-form-control wpcf7-submit has-spinner\" type=\"submit\" value=\"Enviar\" \/>\n<\/p><p style=\"display: none !important;\" class=\"akismet-fields-container\" data-prefix=\"_wpcf7_ak_\"><label>&#916;<textarea name=\"_wpcf7_ak_hp_textarea\" cols=\"45\" rows=\"8\" maxlength=\"100\"><\/textarea><\/label><input type=\"hidden\" id=\"ak_js_1\" name=\"_wpcf7_ak_js\" value=\"105\"\/><script>document.getElementById( \"ak_js_1\" ).setAttribute( \"value\", ( new Date() ).getTime() );<\/script><\/p><div class=\"wpcf7-response-output\" aria-hidden=\"true\"><\/div>\n<input type=\"hidden\" name=\"trp-form-language\" value=\"es\"\/><\/form>\n<\/div>\n\n<p>&nbsp;<\/p>\n<div style='text-align:left' class='yasr-auto-insert-visitor'><\/div>","protected":false},"excerpt":{"rendered":"<p>Marca: GELGOOG<\/p>\n<p>Tensi\u00f3n: 380 V<\/p>\n<p>Capacity\uff1a100kg\/h-1200kg\/h<\/p>\n<p>Correo electr\u00f3nico: shanna@machinehall.com<\/p>\n<p>Tel\u00e9fono: +8618638676709<\/p>","protected":false},"featured_media":4726,"comment_status":"open","ping_status":"closed","template":"","meta":{"site-sidebar-layout":"default","site-content-layout":"","ast-site-content-layout":"default","site-content-style":"default","site-sidebar-style":"default","ast-global-header-display":"","ast-banner-title-visibility":"","ast-main-header-display":"","ast-hfb-above-header-display":"","ast-hfb-below-header-display":"","ast-hfb-mobile-header-display":"","site-post-title":"","ast-breadcrumbs-content":"","ast-featured-img":"","footer-sml-layout":"","theme-transparent-header-meta":"default","adv-header-id-meta":"","stick-header-meta":"","header-above-stick-meta":"","header-main-stick-meta":"","header-below-stick-meta":"","astra-migrate-meta-layouts":"set","ast-page-background-enabled":"default","ast-page-background-meta":{"desktop":{"background-color":"","background-image":"","background-repeat":"repeat","background-position":"center center","background-size":"auto","background-attachment":"scroll","background-type":"","background-media":"","overlay-type":"","overlay-color":"","overlay-opacity":"","overlay-gradient":""},"tablet":{"background-color":"","background-image":"","background-repeat":"repeat","background-position":"center center","background-size":"auto","background-attachment":"scroll","background-type":"","background-media":"","overlay-type":"","overlay-color":"","overlay-opacity":"","overlay-gradient":""},"mobile":{"background-color":"","background-image":"","background-repeat":"repeat","background-position":"center center","background-size":"auto","background-attachment":"scroll","background-type":"","background-media":"","overlay-type":"","overlay-color":"","overlay-opacity":"","overlay-gradient":""}},"ast-content-background-meta":{"desktop":{"background-color":"var(--ast-global-color-5)","background-image":"","background-repeat":"repeat","background-position":"center center","background-size":"auto","background-attachment":"scroll","background-type":"","background-media":"","overlay-type":"","overlay-color":"","overlay-opacity":"","overlay-gradient":""},"tablet":{"background-color":"var(--ast-global-color-5)","background-image":"","background-repeat":"repeat","background-position":"center center","background-size":"auto","background-attachment":"scroll","background-type":"","background-media":"","overlay-type":"","overlay-color":"","overlay-opacity":"","overlay-gradient":""},"mobile":{"background-color":"var(--ast-global-color-5)","background-image":"","background-repeat":"repeat","background-position":"center center","background-size":"auto","background-attachment":"scroll","background-type":"","background-media":"","overlay-type":"","overlay-color":"","overlay-opacity":"","overlay-gradient":""}},"yasr_overall_rating":5,"yasr_post_is_review":"","yasr_auto_insert_disabled":"","yasr_review_type":""},"product_brand":[],"product_cat":[24],"product_tag":[],"class_list":{"0":"post-4723","1":"product","2":"type-product","3":"status-publish","4":"has-post-thumbnail","6":"product_cat-cookie-production-line","7":"desktop-align-left","8":"tablet-align-left","9":"mobile-align-left","11":"first","12":"instock","13":"shipping-taxable","14":"product-type-simple"},"yoast_head":"<!-- This site is optimized with the Yoast SEO plugin v24.4 - https:\/\/yoast.com\/wordpress\/plugins\/seo\/ -->\n<title>Complete Automatic Wafer Cookie Production Process Equipment - Biscuit Production Solution Manufacturer<\/title>\n<meta name=\"description\" content=\"Automatic wafer cookie production process is collection of a series of process equipment from dough making to cookie forming, baking, cooling and packaging.\" \/>\n<meta name=\"robots\" content=\"index, follow, max-snippet:-1, max-image-preview:large, max-video-preview:-1\" \/>\n<link rel=\"canonical\" href=\"https:\/\/www.biscuitsolution.com\/es\/producto\/automatic-wafer-cookie-production-equipment\/\" \/>\n<meta property=\"og:locale\" content=\"es_ES\" \/>\n<meta property=\"og:type\" content=\"article\" \/>\n<meta property=\"og:title\" content=\"Complete Automatic Wafer Cookie Production Process Equipment - Biscuit Production Solution Manufacturer\" \/>\n<meta property=\"og:description\" content=\"Automatic wafer cookie production process is collection of a series of process equipment from dough making to cookie forming, baking, cooling and packaging.\" \/>\n<meta property=\"og:url\" content=\"https:\/\/www.biscuitsolution.com\/es\/producto\/automatic-wafer-cookie-production-equipment\/\" \/>\n<meta property=\"og:site_name\" content=\"Biscuit Production Solution Manufacturer\" \/>\n<meta property=\"article:publisher\" content=\"https:\/\/www.facebook.com\/profile.php?id=100095205040823\" \/>\n<meta property=\"article:modified_time\" content=\"2025-10-30T03:19:49+00:00\" \/>\n<meta property=\"og:image\" content=\"https:\/\/www.biscuitsolution.com\/wp-content\/uploads\/2025\/02\/\u4e3b\u56fe-8.jpg\" \/>\n\t<meta property=\"og:image:width\" content=\"600\" \/>\n\t<meta property=\"og:image:height\" content=\"600\" \/>\n\t<meta property=\"og:image:type\" content=\"image\/jpeg\" \/>\n<meta name=\"twitter:card\" content=\"summary_large_image\" \/>\n<meta name=\"twitter:site\" content=\"@shanna_zha26342\" \/>\n<meta name=\"twitter:label1\" content=\"Tiempo de lectura\" \/>\n\t<meta name=\"twitter:data1\" content=\"3 minutos\" \/>\n<script type=\"application\/ld+json\" class=\"yoast-schema-graph\">{\"@context\":\"https:\/\/schema.org\",\"@graph\":[{\"@type\":\"WebPage\",\"@id\":\"https:\/\/www.biscuitsolution.com\/product\/automatic-wafer-cookie-production-equipment\/\",\"url\":\"https:\/\/www.biscuitsolution.com\/product\/automatic-wafer-cookie-production-equipment\/\",\"name\":\"Complete Automatic Wafer Cookie Production Process Equipment - Biscuit Production Solution Manufacturer\",\"isPartOf\":{\"@id\":\"https:\/\/www.biscuitsolution.com\/#website\"},\"primaryImageOfPage\":{\"@id\":\"https:\/\/www.biscuitsolution.com\/product\/automatic-wafer-cookie-production-equipment\/#primaryimage\"},\"image\":{\"@id\":\"https:\/\/www.biscuitsolution.com\/product\/automatic-wafer-cookie-production-equipment\/#primaryimage\"},\"thumbnailUrl\":\"https:\/\/www.biscuitsolution.com\/wp-content\/uploads\/2025\/02\/\u4e3b\u56fe-8.jpg\",\"datePublished\":\"2025-02-19T10:08:46+00:00\",\"dateModified\":\"2025-10-30T03:19:49+00:00\",\"description\":\"Automatic wafer cookie production process is collection of a series of process equipment from dough making to cookie forming, baking, cooling and packaging.\",\"breadcrumb\":{\"@id\":\"https:\/\/www.biscuitsolution.com\/product\/automatic-wafer-cookie-production-equipment\/#breadcrumb\"},\"inLanguage\":\"es\",\"potentialAction\":[{\"@type\":\"ReadAction\",\"target\":[\"https:\/\/www.biscuitsolution.com\/product\/automatic-wafer-cookie-production-equipment\/\"]}]},{\"@type\":\"ImageObject\",\"inLanguage\":\"es\",\"@id\":\"https:\/\/www.biscuitsolution.com\/product\/automatic-wafer-cookie-production-equipment\/#primaryimage\",\"url\":\"https:\/\/www.biscuitsolution.com\/wp-content\/uploads\/2025\/02\/\u4e3b\u56fe-8.jpg\",\"contentUrl\":\"https:\/\/www.biscuitsolution.com\/wp-content\/uploads\/2025\/02\/\u4e3b\u56fe-8.jpg\",\"width\":600,\"height\":600,\"caption\":\"water cookie production process\"},{\"@type\":\"BreadcrumbList\",\"@id\":\"https:\/\/www.biscuitsolution.com\/product\/automatic-wafer-cookie-production-equipment\/#breadcrumb\",\"itemListElement\":[{\"@type\":\"ListItem\",\"position\":1,\"name\":\"Home\",\"item\":\"https:\/\/www.biscuitsolution.com\/\"},{\"@type\":\"ListItem\",\"position\":2,\"name\":\"Product\",\"item\":\"https:\/\/www.biscuitsolution.com\/product\/\"},{\"@type\":\"ListItem\",\"position\":3,\"name\":\"Complete Automatic Wafer Cookie Production Process Equipment\"}]},{\"@type\":\"WebSite\",\"@id\":\"https:\/\/www.biscuitsolution.com\/#website\",\"url\":\"https:\/\/www.biscuitsolution.com\/\",\"name\":\"Biscuit Production Solution Manufacturer\",\"description\":\"\",\"potentialAction\":[{\"@type\":\"SearchAction\",\"target\":{\"@type\":\"EntryPoint\",\"urlTemplate\":\"https:\/\/www.biscuitsolution.com\/?s={search_term_string}\"},\"query-input\":{\"@type\":\"PropertyValueSpecification\",\"valueRequired\":true,\"valueName\":\"search_term_string\"}}],\"inLanguage\":\"es\"},false]}<\/script>\n<!-- \/ Yoast SEO plugin. -->","yoast_head_json":{"title":"Equipo autom\u00e1tico completo para el proceso de producci\u00f3n de galletas de barquillo - Fabricante de soluciones para la producci\u00f3n de galletas","description":"El proceso autom\u00e1tico de producci\u00f3n de galletas de barquillo consta de una serie de equipos que van desde la elaboraci\u00f3n de la masa hasta la formaci\u00f3n de la galleta, pasando por el horneado, el enfriamiento y el envasado.","robots":{"index":"index","follow":"follow","max-snippet":"max-snippet:-1","max-image-preview":"max-image-preview:large","max-video-preview":"max-video-preview:-1"},"canonical":"https:\/\/www.biscuitsolution.com\/es\/producto\/automatic-wafer-cookie-production-equipment\/","og_locale":"es_ES","og_type":"article","og_title":"Complete Automatic Wafer Cookie Production Process Equipment - Biscuit Production Solution Manufacturer","og_description":"Automatic wafer cookie production process is collection of a series of process equipment from dough making to cookie forming, baking, cooling and packaging.","og_url":"https:\/\/www.biscuitsolution.com\/es\/producto\/automatic-wafer-cookie-production-equipment\/","og_site_name":"Biscuit Production Solution Manufacturer","article_publisher":"https:\/\/www.facebook.com\/profile.php?id=100095205040823","article_modified_time":"2025-10-30T03:19:49+00:00","og_image":[{"width":600,"height":600,"url":"https:\/\/www.biscuitsolution.com\/wp-content\/uploads\/2025\/02\/\u4e3b\u56fe-8.jpg","type":"image\/jpeg"}],"twitter_card":"summary_large_image","twitter_site":"@shanna_zha26342","twitter_misc":{"Tiempo de lectura":"3 minutos"},"schema":{"@context":"https:\/\/schema.org","@graph":[{"@type":"WebPage","@id":"https:\/\/www.biscuitsolution.com\/product\/automatic-wafer-cookie-production-equipment\/","url":"https:\/\/www.biscuitsolution.com\/product\/automatic-wafer-cookie-production-equipment\/","name":"Equipo autom\u00e1tico completo para el proceso de producci\u00f3n de galletas de barquillo - Fabricante de soluciones para la producci\u00f3n de galletas","isPartOf":{"@id":"https:\/\/www.biscuitsolution.com\/#website"},"primaryImageOfPage":{"@id":"https:\/\/www.biscuitsolution.com\/product\/automatic-wafer-cookie-production-equipment\/#primaryimage"},"image":{"@id":"https:\/\/www.biscuitsolution.com\/product\/automatic-wafer-cookie-production-equipment\/#primaryimage"},"thumbnailUrl":"https:\/\/www.biscuitsolution.com\/wp-content\/uploads\/2025\/02\/\u4e3b\u56fe-8.jpg","datePublished":"2025-02-19T10:08:46+00:00","dateModified":"2025-10-30T03:19:49+00:00","description":"El proceso autom\u00e1tico de producci\u00f3n de galletas de barquillo consta de una serie de equipos que van desde la elaboraci\u00f3n de la masa hasta la formaci\u00f3n de la galleta, pasando por el horneado, el enfriamiento y el envasado.","breadcrumb":{"@id":"https:\/\/www.biscuitsolution.com\/product\/automatic-wafer-cookie-production-equipment\/#breadcrumb"},"inLanguage":"es","potentialAction":[{"@type":"ReadAction","target":["https:\/\/www.biscuitsolution.com\/product\/automatic-wafer-cookie-production-equipment\/"]}]},{"@type":"ImageObject","inLanguage":"es","@id":"https:\/\/www.biscuitsolution.com\/product\/automatic-wafer-cookie-production-equipment\/#primaryimage","url":"https:\/\/www.biscuitsolution.com\/wp-content\/uploads\/2025\/02\/\u4e3b\u56fe-8.jpg","contentUrl":"https:\/\/www.biscuitsolution.com\/wp-content\/uploads\/2025\/02\/\u4e3b\u56fe-8.jpg","width":600,"height":600,"caption":"water cookie production process"},{"@type":"BreadcrumbList","@id":"https:\/\/www.biscuitsolution.com\/product\/automatic-wafer-cookie-production-equipment\/#breadcrumb","itemListElement":[{"@type":"ListItem","position":1,"name":"Home","item":"https:\/\/www.biscuitsolution.com\/"},{"@type":"ListItem","position":2,"name":"Product","item":"https:\/\/www.biscuitsolution.com\/product\/"},{"@type":"ListItem","position":3,"name":"Complete Automatic Wafer Cookie Production Process Equipment"}]},{"@type":"WebSite","@id":"https:\/\/www.biscuitsolution.com\/#website","url":"https:\/\/www.biscuitsolution.com\/","name":"Fabricante de soluciones para la producci\u00f3n de galletas","description":"","potentialAction":[{"@type":"SearchAction","target":{"@type":"EntryPoint","urlTemplate":"https:\/\/www.biscuitsolution.com\/?s={search_term_string}"},"query-input":{"@type":"PropertyValueSpecification","valueRequired":true,"valueName":"search_term_string"}}],"inLanguage":"es"},false]}},"yasr_visitor_votes":{"stars_attributes":{"read_only":false,"span_bottom":false},"number_of_votes":1,"sum_votes":5},"_links":{"self":[{"href":"https:\/\/www.biscuitsolution.com\/es\/wp-json\/wp\/v2\/product\/4723","targetHints":{"allow":["GET"]}}],"collection":[{"href":"https:\/\/www.biscuitsolution.com\/es\/wp-json\/wp\/v2\/product"}],"about":[{"href":"https:\/\/www.biscuitsolution.com\/es\/wp-json\/wp\/v2\/types\/product"}],"replies":[{"embeddable":true,"href":"https:\/\/www.biscuitsolution.com\/es\/wp-json\/wp\/v2\/comments?post=4723"}],"version-history":[{"count":3,"href":"https:\/\/www.biscuitsolution.com\/es\/wp-json\/wp\/v2\/product\/4723\/revisions"}],"predecessor-version":[{"id":5822,"href":"https:\/\/www.biscuitsolution.com\/es\/wp-json\/wp\/v2\/product\/4723\/revisions\/5822"}],"wp:featuredmedia":[{"embeddable":true,"href":"https:\/\/www.biscuitsolution.com\/es\/wp-json\/wp\/v2\/media\/4726"}],"wp:attachment":[{"href":"https:\/\/www.biscuitsolution.com\/es\/wp-json\/wp\/v2\/media?parent=4723"}],"wp:term":[{"taxonomy":"product_brand","embeddable":true,"href":"https:\/\/www.biscuitsolution.com\/es\/wp-json\/wp\/v2\/product_brand?post=4723"},{"taxonomy":"product_cat","embeddable":true,"href":"https:\/\/www.biscuitsolution.com\/es\/wp-json\/wp\/v2\/product_cat?post=4723"},{"taxonomy":"product_tag","embeddable":true,"href":"https:\/\/www.biscuitsolution.com\/es\/wp-json\/wp\/v2\/product_tag?post=4723"}],"curies":[{"name":"wp","href":"https:\/\/api.w.org\/{rel}","templated":true}]}}