{"id":4702,"date":"2025-02-19T09:48:20","date_gmt":"2025-02-19T09:48:20","guid":{"rendered":"https:\/\/www.biscuitsolution.com\/?post_type=product&#038;p=4702"},"modified":"2025-03-15T07:33:19","modified_gmt":"2025-03-14T23:33:19","slug":"finger-biscuit-making-machine-professional-manufacturer","status":"publish","type":"product","link":"https:\/\/www.biscuitsolution.com\/es\/producto\/finger-biscuit-making-machine-professional-manufacturer\/","title":{"rendered":"Fabricante profesional de m\u00e1quina para hacer galletas de dedo"},"content":{"rendered":"<h2>Principio de funcionamiento de la m\u00e1quina para hacer galletas de dedo<\/h2>\n<ul>\n<li>Principio de calandrado: La masa, una vez mezclada y removida, se pasa varias veces por una calandria compuesta para que la masa quede fina y uniforme y, al mismo tiempo, dar a las galletas la forma inicial.<\/li>\n<\/ul>\n<p><img fetchpriority=\"high\" decoding=\"async\" class=\"alignnone size-full wp-image-4703\" src=\"https:\/\/www.biscuitsolution.com\/wp-content\/uploads\/2025\/02\/finger-biscuit-making-machine.jpg\" alt=\"m\u00e1quina para hacer galletas de dedo\" width=\"800\" height=\"450\" srcset=\"https:\/\/www.biscuitsolution.com\/wp-content\/uploads\/2025\/02\/finger-biscuit-making-machine.jpg 800w, https:\/\/www.biscuitsolution.com\/wp-content\/uploads\/2025\/02\/finger-biscuit-making-machine-600x338.jpg 600w, https:\/\/www.biscuitsolution.com\/wp-content\/uploads\/2025\/02\/finger-biscuit-making-machine-300x169.jpg 300w, https:\/\/www.biscuitsolution.com\/wp-content\/uploads\/2025\/02\/finger-biscuit-making-machine-768x432.jpg 768w\" sizes=\"(max-width: 800px) 100vw, 800px\" \/><\/p>\n<ul>\n<li>Principio de corte: utilice un cortador giratorio o un molde para cortar la masa enrollada en forma de dedos de galleta. La forma y el tama\u00f1o del cortador determinan la forma y el tama\u00f1o finales de la galleta.<\/li>\n<\/ul>\n<h2>Par\u00e1metros de rendimiento de la l\u00ednea de producci\u00f3n de galletas de dedo<\/h2>\n<ul>\n<li>Capacidad de producci\u00f3n: La capacidad de producci\u00f3n de las peque\u00f1as m\u00e1quinas de hacer galletas de dedo es generalmente de alrededor de 100 kilogramos por hora, los equipos de tama\u00f1o medio pueden producir 200-500 kilogramos por hora, y las grandes l\u00edneas de producci\u00f3n pueden producir m\u00e1s de 500 kilogramos por hora.<\/li>\n<li>Potencia: La potencia del equipo de la m\u00e1quina de hacer galletas de dedo var\u00eda seg\u00fan la escala de producci\u00f3n y la configuraci\u00f3n del equipo. Diferentes m\u00e1quinas y equipos tienen diferentes potencias. Por lo general, los equipos de tama\u00f1o peque\u00f1o y mediano son de 30-100 kilovatios.<\/li>\n<li>Tensi\u00f3n de alimentaci\u00f3n: La tensi\u00f3n de alimentaci\u00f3n com\u00fan es de 220 o 380 voltios, dependiendo de la alimentaci\u00f3n del equipo y de la zona de uso.<\/li>\n<\/ul>\n<p><img decoding=\"async\" class=\"alignnone size-full wp-image-4705\" src=\"https:\/\/www.biscuitsolution.com\/wp-content\/uploads\/2025\/02\/finger-biscuit-machine.jpg\" alt=\"precio de la galletera\" width=\"800\" height=\"450\" srcset=\"https:\/\/www.biscuitsolution.com\/wp-content\/uploads\/2025\/02\/finger-biscuit-machine.jpg 800w, https:\/\/www.biscuitsolution.com\/wp-content\/uploads\/2025\/02\/finger-biscuit-machine-600x338.jpg 600w, https:\/\/www.biscuitsolution.com\/wp-content\/uploads\/2025\/02\/finger-biscuit-machine-300x169.jpg 300w, https:\/\/www.biscuitsolution.com\/wp-content\/uploads\/2025\/02\/finger-biscuit-machine-768x432.jpg 768w\" sizes=\"(max-width: 800px) 100vw, 800px\" \/><\/p>\n<h2>Factores que influyen en el precio de la m\u00e1quina para hacer galletas de dedo<\/h2>\n<ol>\n<li>Grado de automatizaci\u00f3n y eficacia: El precio de las m\u00e1quinas con alto grado de automatizaci\u00f3n ser\u00e1 mucho mayor que el de las semiautom\u00e1ticas o manuales. Los equipos automatizados eficientes pueden ahorrar muchos costes de mano de obra y tiempo, y tienen m\u00e1s ventajas en la producci\u00f3n comercial.<\/li>\n<li>Durabilidad de los materiales: La calidad de los materiales utilizados para fabricar la m\u00e1quina afecta directamente al precio. Los equipos fabricados con materiales resistentes a la corrosi\u00f3n y a las altas temperaturas, como el acero inoxidable de alta calidad, tienen un coste m\u00e1s elevado.<\/li>\n<li>Servicio postventa: El servicio posventa completo incluye la instalaci\u00f3n y puesta en marcha de los equipos, la formaci\u00f3n sobre su funcionamiento, el mantenimiento peri\u00f3dico y la respuesta r\u00e1pida en caso de reparaci\u00f3n. Las marcas que ofrecen un servicio posventa completo incluyen esta parte del coste del servicio en el precio de sus equipos.<\/li>\n<\/ol>\n<p><img decoding=\"async\" class=\"alignnone size-full wp-image-4706\" src=\"https:\/\/www.biscuitsolution.com\/wp-content\/uploads\/2025\/02\/finger-biscuit-making-machine-manufacturer.jpg\" alt=\"fabricante de galletas de dedo\" width=\"800\" height=\"450\" srcset=\"https:\/\/www.biscuitsolution.com\/wp-content\/uploads\/2025\/02\/finger-biscuit-making-machine-manufacturer.jpg 800w, https:\/\/www.biscuitsolution.com\/wp-content\/uploads\/2025\/02\/finger-biscuit-making-machine-manufacturer-600x338.jpg 600w, https:\/\/www.biscuitsolution.com\/wp-content\/uploads\/2025\/02\/finger-biscuit-making-machine-manufacturer-300x169.jpg 300w, https:\/\/www.biscuitsolution.com\/wp-content\/uploads\/2025\/02\/finger-biscuit-making-machine-manufacturer-768x432.jpg 768w\" sizes=\"(max-width: 800px) 100vw, 800px\" \/><\/p>\n<h2>Ventajas de nuestra m\u00e1quina para hacer galletas de dedo<\/h2>\n<ol>\n<li>Alto rendimiento: La m\u00e1quina est\u00e1 dise\u00f1ada para la producci\u00f3n eficiente de galletas de dedo y tiene una excelente eficiencia de producci\u00f3n. Puede producir un gran n\u00famero de galletas de dedo por unidad de tiempo, lo que puede aumentar en gran medida la escala de producci\u00f3n en comparaci\u00f3n con los equipos a peque\u00f1a escala del mismo tipo o la producci\u00f3n manual.<\/li>\n<li>Producci\u00f3n de m\u00faltiples formas y sabores: Simplemente cambiando el molde o ajustando algunos par\u00e1metros, la m\u00e1quina puede producir finger biscuits de diversas formas, como las tradicionales tiras largas, formas curvas e incluso formas con patrones especiales.<\/li>\n<li>Compatible con la producci\u00f3n de otros productos Adem\u00e1s de galletas de dedo, la m\u00e1quina tambi\u00e9n tiene cierta compatibilidad y se puede utilizar para producir otros productos de galletas similares.<\/li>\n<li>Interfaz de operaci\u00f3n f\u00e1cil de entender: La m\u00e1quina est\u00e1 equipada con un panel de operaci\u00f3n intuitivo y conciso, y el operador puede entender y operar f\u00e1cilmente cada bot\u00f3n de funci\u00f3n.<\/li>\n<\/ol>\n<p><img loading=\"lazy\" decoding=\"async\" class=\"alignnone size-full wp-image-4707\" src=\"https:\/\/www.biscuitsolution.com\/wp-content\/uploads\/2025\/02\/finger-biscuit-making-machine-price.jpg\" alt=\"m\u00e1quina para hacer galletas de dedo\" width=\"800\" height=\"450\" srcset=\"https:\/\/www.biscuitsolution.com\/wp-content\/uploads\/2025\/02\/finger-biscuit-making-machine-price.jpg 800w, https:\/\/www.biscuitsolution.com\/wp-content\/uploads\/2025\/02\/finger-biscuit-making-machine-price-600x338.jpg 600w, https:\/\/www.biscuitsolution.com\/wp-content\/uploads\/2025\/02\/finger-biscuit-making-machine-price-300x169.jpg 300w, https:\/\/www.biscuitsolution.com\/wp-content\/uploads\/2025\/02\/finger-biscuit-making-machine-price-768x432.jpg 768w\" sizes=\"(max-width: 800px) 100vw, 800px\" \/><\/p>\n<h2>Por qu\u00e9 elegirnos<\/h2>\n<ul>\n<li>Gran experiencia en el sector: Como fabricante profesional de m\u00e1quinas para hacer galletas de dedo, podemos comprender mejor la demanda del mercado y los puntos d\u00e9biles de los clientes, a fin de tomar decisiones m\u00e1s acordes con las necesidades reales en diversos aspectos como el dise\u00f1o de equipos, la fabricaci\u00f3n y el servicio.<\/li>\n<li>Alto rendimiento de costes: Nuestra m\u00e1quina para hacer galletas de dedo tiene un buen rendimiento de costos al tiempo que garantiza una alta calidad. En comparaci\u00f3n con otras marcas de la misma industria, somos m\u00e1s competitivos en el precio de la m\u00e1quina de galletas de dedo mediante la optimizaci\u00f3n de los procesos de producci\u00f3n y la reducci\u00f3n de los costes de adquisici\u00f3n.<\/li>\n<li>Garant\u00eda posventa: En t\u00e9rminos de post-venta, nuestro equipo de soporte t\u00e9cnico es su s\u00f3lido respaldo. Una vez que encuentre cualquier problema durante el uso del equipo, ya sea fallo del equipo o preguntas de funcionamiento, podemos proporcionar soluciones oportunas y eficaces.<\/li>\n<\/ul>\n<div class=\"ast-oembed-container\" style=\"height: 100%;\"><iframe title=\"M\u00e1quina de hacer galletas|L\u00ednea de producci\u00f3n de galletas duras| M\u00e1quina formadora de galletas\" width=\"500\" height=\"281\" src=\"https:\/\/www.youtube.com\/embed\/4efxAFWuLFA?feature=oembed\" frameborder=\"0\" allow=\"accelerometer; autoplay; clipboard-write; encrypted-media; gyroscope; picture-in-picture; web-share\" referrerpolicy=\"strict-origin-when-cross-origin\" allowfullscreen><\/iframe><\/div>\n<h2>Deje un mensaje para obtener un presupuesto<\/h2>\n\n<div class=\"wpcf7 no-js\" id=\"wpcf7-f4619-o1\" lang=\"en-US\" dir=\"ltr\" data-wpcf7-id=\"4619\">\n<div class=\"screen-reader-response\"><p role=\"status\" aria-live=\"polite\" aria-atomic=\"true\"><\/p> <ul><\/ul><\/div>\n<form action=\"\/es\/wp-json\/wp\/v2\/product\/4702#wpcf7-f4619-o1\" method=\"post\" class=\"wpcf7-form init\" aria-label=\"Formulario de contacto\" novalidate=\"novalidate\" data-status=\"init\" data-trp-original-action=\"\/es\/wp-json\/wp\/v2\/product\/4702#wpcf7-f4619-o1\">\n<div style=\"display: none;\">\n<input type=\"hidden\" name=\"_wpcf7\" value=\"4619\" \/>\n<input type=\"hidden\" name=\"_wpcf7_version\" value=\"6.0.4\" \/>\n<input type=\"hidden\" name=\"_wpcf7_locale\" value=\"en_US\" \/>\n<input type=\"hidden\" name=\"_wpcf7_unit_tag\" value=\"wpcf7-f4619-o1\" \/>\n<input type=\"hidden\" name=\"_wpcf7_container_post\" value=\"0\" \/>\n<input type=\"hidden\" name=\"_wpcf7_posted_data_hash\" value=\"\" \/>\n<\/div>\n<p><label> Su nombre<br \/>\n<span class=\"wpcf7-form-control-wrap\" data-name=\"your-name\"><input size=\"40\" maxlength=\"400\" class=\"wpcf7-form-control wpcf7-text wpcf7-validates-as-required\" aria-required=\"true\" aria-invalid=\"false\" value=\"\" type=\"text\" name=\"your-name\" \/><\/span> <\/label>\n<\/p>\n<p><label> Su pa\u00eds<br \/>\n<span class=\"wpcf7-form-control-wrap\" data-name=\"your-country\"><input size=\"40\" maxlength=\"400\" class=\"wpcf7-form-control wpcf7-text\" aria-invalid=\"false\" value=\"\" type=\"text\" name=\"your-country\" \/><\/span><\/label>\n<\/p>\n<p><label> Su correo electr\u00f3nico<br \/>\n<span class=\"wpcf7-form-control-wrap\" data-name=\"your-email\"><input size=\"40\" maxlength=\"400\" class=\"wpcf7-form-control wpcf7-email wpcf7-validates-as-required wpcf7-text wpcf7-validates-as-email\" aria-required=\"true\" aria-invalid=\"false\" value=\"\" type=\"email\" name=\"your-email\" \/><\/span> <\/label>\n<\/p>\n<p><label> Tu tel\u00e9fono<br \/>\n<span class=\"wpcf7-form-control-wrap\" data-name=\"your-phone\"><input size=\"40\" maxlength=\"400\" class=\"wpcf7-form-control wpcf7-tel wpcf7-text wpcf7-validates-as-tel\" aria-invalid=\"false\" value=\"\" type=\"tel\" name=\"your-phone\" \/><\/span> <\/label>\n<\/p>\n<p><label> Nombre de su empresa<br \/>\n<span class=\"wpcf7-form-control-wrap\" data-name=\"text-457\"><input size=\"40\" maxlength=\"400\" class=\"wpcf7-form-control wpcf7-text\" aria-invalid=\"false\" value=\"\" type=\"text\" name=\"text-457\" \/><\/span> <\/label>\n<\/p>\n<p><label> El sitio web de su empresa<br \/>\n<span class=\"wpcf7-form-control-wrap\" data-name=\"text-546\"><input size=\"40\" maxlength=\"400\" class=\"wpcf7-form-control wpcf7-text\" aria-invalid=\"false\" value=\"\" type=\"text\" name=\"text-546\" \/><\/span> <\/label>\n<\/p>\n<p><label> Sus requisitos*<br \/>\n<span class=\"wpcf7-form-control-wrap\" data-name=\"your-message\"><textarea cols=\"40\" rows=\"10\" maxlength=\"2000\" class=\"wpcf7-form-control wpcf7-textarea wpcf7-validates-as-required\" aria-required=\"true\" aria-invalid=\"false\" name=\"your-message\"><\/textarea><\/span> <\/label>\n<\/p>\n<p><input class=\"wpcf7-form-control wpcf7-submit has-spinner\" type=\"submit\" value=\"Enviar\" \/>\n<\/p><p style=\"display: none !important;\" class=\"akismet-fields-container\" data-prefix=\"_wpcf7_ak_\"><label>&#916;<textarea name=\"_wpcf7_ak_hp_textarea\" cols=\"45\" rows=\"8\" maxlength=\"100\"><\/textarea><\/label><input type=\"hidden\" id=\"ak_js_1\" name=\"_wpcf7_ak_js\" value=\"200\"\/><script>document.getElementById( \"ak_js_1\" ).setAttribute( \"value\", ( new Date() ).getTime() );<\/script><\/p><div class=\"wpcf7-response-output\" aria-hidden=\"true\"><\/div>\n<input type=\"hidden\" name=\"trp-form-language\" value=\"es\"\/><\/form>\n<\/div>\n\n<p>&nbsp;<\/p>\n<div style='text-align:left' class='yasr-auto-insert-visitor'><\/div>","protected":false},"excerpt":{"rendered":"<p>Marca: GELGOOG<\/p>\n<p>Tensi\u00f3n: 380 V<\/p>\n<p>Capacity\uff1a100kg\/h-1000kg\/h<\/p>\n<p>Correo electr\u00f3nico: shanna@machinehall.com<\/p>\n<p>Tel\u00e9fono: +8618638676709<\/p>","protected":false},"featured_media":4704,"comment_status":"open","ping_status":"closed","template":"","meta":{"site-sidebar-layout":"default","site-content-layout":"","ast-site-content-layout":"default","site-content-style":"default","site-sidebar-style":"default","ast-global-header-display":"","ast-banner-title-visibility":"","ast-main-header-display":"","ast-hfb-above-header-display":"","ast-hfb-below-header-display":"","ast-hfb-mobile-header-display":"","site-post-title":"","ast-breadcrumbs-content":"","ast-featured-img":"","footer-sml-layout":"","theme-transparent-header-meta":"default","adv-header-id-meta":"","stick-header-meta":"","header-above-stick-meta":"","header-main-stick-meta":"","header-below-stick-meta":"","astra-migrate-meta-layouts":"set","ast-page-background-enabled":"default","ast-page-background-meta":{"desktop":{"background-color":"","background-image":"","background-repeat":"repeat","background-position":"center center","background-size":"auto","background-attachment":"scroll","background-type":"","background-media":"","overlay-type":"","overlay-color":"","overlay-opacity":"","overlay-gradient":""},"tablet":{"background-color":"","background-image":"","background-repeat":"repeat","background-position":"center center","background-size":"auto","background-attachment":"scroll","background-type":"","background-media":"","overlay-type":"","overlay-color":"","overlay-opacity":"","overlay-gradient":""},"mobile":{"background-color":"","background-image":"","background-repeat":"repeat","background-position":"center center","background-size":"auto","background-attachment":"scroll","background-type":"","background-media":"","overlay-type":"","overlay-color":"","overlay-opacity":"","overlay-gradient":""}},"ast-content-background-meta":{"desktop":{"background-color":"var(--ast-global-color-5)","background-image":"","background-repeat":"repeat","background-position":"center center","background-size":"auto","background-attachment":"scroll","background-type":"","background-media":"","overlay-type":"","overlay-color":"","overlay-opacity":"","overlay-gradient":""},"tablet":{"background-color":"var(--ast-global-color-5)","background-image":"","background-repeat":"repeat","background-position":"center center","background-size":"auto","background-attachment":"scroll","background-type":"","background-media":"","overlay-type":"","overlay-color":"","overlay-opacity":"","overlay-gradient":""},"mobile":{"background-color":"var(--ast-global-color-5)","background-image":"","background-repeat":"repeat","background-position":"center center","background-size":"auto","background-attachment":"scroll","background-type":"","background-media":"","overlay-type":"","overlay-color":"","overlay-opacity":"","overlay-gradient":""}},"yasr_overall_rating":0,"yasr_post_is_review":"","yasr_auto_insert_disabled":"","yasr_review_type":""},"product_brand":[],"product_cat":[25],"product_tag":[],"class_list":{"0":"post-4702","1":"product","2":"type-product","3":"status-publish","4":"has-post-thumbnail","6":"product_cat-soft-biscuit-production-line","7":"desktop-align-left","8":"tablet-align-left","9":"mobile-align-left","11":"first","12":"instock","13":"shipping-taxable","14":"product-type-simple"},"yoast_head":"<!-- This site is optimized with the Yoast SEO plugin v24.4 - https:\/\/yoast.com\/wordpress\/plugins\/seo\/ -->\n<title>Finger Biscuit Making Machine Professional Manufacturer - Biscuit Production Solution Manufacturer<\/title>\n<meta name=\"description\" content=\"As finger biscuit making machine professional manufacturer, our machines can ensure the stability in the production process and the final product quality.\" \/>\n<meta name=\"robots\" content=\"index, follow, max-snippet:-1, max-image-preview:large, max-video-preview:-1\" \/>\n<link rel=\"canonical\" href=\"https:\/\/www.biscuitsolution.com\/es\/producto\/finger-biscuit-making-machine-professional-manufacturer\/\" \/>\n<meta property=\"og:locale\" content=\"es_ES\" \/>\n<meta property=\"og:type\" content=\"article\" \/>\n<meta property=\"og:title\" content=\"Finger Biscuit Making Machine Professional Manufacturer - Biscuit Production Solution Manufacturer\" \/>\n<meta property=\"og:description\" content=\"As finger biscuit making machine professional manufacturer, our machines can ensure the stability in the production process and the final product quality.\" \/>\n<meta property=\"og:url\" content=\"https:\/\/www.biscuitsolution.com\/es\/producto\/finger-biscuit-making-machine-professional-manufacturer\/\" \/>\n<meta property=\"og:site_name\" content=\"Biscuit Production Solution Manufacturer\" \/>\n<meta property=\"article:publisher\" content=\"https:\/\/www.facebook.com\/profile.php?id=100095205040823\" \/>\n<meta property=\"article:modified_time\" content=\"2025-03-14T23:33:19+00:00\" \/>\n<meta property=\"og:image\" content=\"https:\/\/www.biscuitsolution.com\/wp-content\/uploads\/2025\/02\/\u4e3b\u56fe-5.jpg\" \/>\n\t<meta property=\"og:image:width\" content=\"600\" \/>\n\t<meta property=\"og:image:height\" content=\"600\" \/>\n\t<meta property=\"og:image:type\" content=\"image\/jpeg\" \/>\n<meta name=\"twitter:card\" content=\"summary_large_image\" \/>\n<meta name=\"twitter:site\" content=\"@shanna_zha26342\" \/>\n<meta name=\"twitter:label1\" content=\"Tiempo de lectura\" \/>\n\t<meta name=\"twitter:data1\" content=\"4 minutos\" \/>\n<script type=\"application\/ld+json\" class=\"yoast-schema-graph\">{\"@context\":\"https:\/\/schema.org\",\"@graph\":[{\"@type\":\"WebPage\",\"@id\":\"https:\/\/www.biscuitsolution.com\/product\/finger-biscuit-making-machine-professional-manufacturer\/\",\"url\":\"https:\/\/www.biscuitsolution.com\/product\/finger-biscuit-making-machine-professional-manufacturer\/\",\"name\":\"Finger Biscuit Making Machine Professional Manufacturer - Biscuit Production Solution Manufacturer\",\"isPartOf\":{\"@id\":\"https:\/\/www.biscuitsolution.com\/#website\"},\"primaryImageOfPage\":{\"@id\":\"https:\/\/www.biscuitsolution.com\/product\/finger-biscuit-making-machine-professional-manufacturer\/#primaryimage\"},\"image\":{\"@id\":\"https:\/\/www.biscuitsolution.com\/product\/finger-biscuit-making-machine-professional-manufacturer\/#primaryimage\"},\"thumbnailUrl\":\"https:\/\/www.biscuitsolution.com\/wp-content\/uploads\/2025\/02\/\u4e3b\u56fe-5.jpg\",\"datePublished\":\"2025-02-19T09:48:20+00:00\",\"dateModified\":\"2025-03-14T23:33:19+00:00\",\"description\":\"As finger biscuit making machine professional manufacturer, our machines can ensure the stability in the production process and the final product quality.\",\"breadcrumb\":{\"@id\":\"https:\/\/www.biscuitsolution.com\/product\/finger-biscuit-making-machine-professional-manufacturer\/#breadcrumb\"},\"inLanguage\":\"es\",\"potentialAction\":[{\"@type\":\"ReadAction\",\"target\":[\"https:\/\/www.biscuitsolution.com\/product\/finger-biscuit-making-machine-professional-manufacturer\/\"]}]},{\"@type\":\"ImageObject\",\"inLanguage\":\"es\",\"@id\":\"https:\/\/www.biscuitsolution.com\/product\/finger-biscuit-making-machine-professional-manufacturer\/#primaryimage\",\"url\":\"https:\/\/www.biscuitsolution.com\/wp-content\/uploads\/2025\/02\/\u4e3b\u56fe-5.jpg\",\"contentUrl\":\"https:\/\/www.biscuitsolution.com\/wp-content\/uploads\/2025\/02\/\u4e3b\u56fe-5.jpg\",\"width\":600,\"height\":600,\"caption\":\"finger biscuit making machine\"},{\"@type\":\"BreadcrumbList\",\"@id\":\"https:\/\/www.biscuitsolution.com\/product\/finger-biscuit-making-machine-professional-manufacturer\/#breadcrumb\",\"itemListElement\":[{\"@type\":\"ListItem\",\"position\":1,\"name\":\"Home\",\"item\":\"https:\/\/www.biscuitsolution.com\/\"},{\"@type\":\"ListItem\",\"position\":2,\"name\":\"Product\",\"item\":\"https:\/\/www.biscuitsolution.com\/product\/\"},{\"@type\":\"ListItem\",\"position\":3,\"name\":\"Finger Biscuit Making Machine Professional Manufacturer\"}]},{\"@type\":\"WebSite\",\"@id\":\"https:\/\/www.biscuitsolution.com\/#website\",\"url\":\"https:\/\/www.biscuitsolution.com\/\",\"name\":\"Biscuit Production Solution Manufacturer\",\"description\":\"\",\"potentialAction\":[{\"@type\":\"SearchAction\",\"target\":{\"@type\":\"EntryPoint\",\"urlTemplate\":\"https:\/\/www.biscuitsolution.com\/?s={search_term_string}\"},\"query-input\":{\"@type\":\"PropertyValueSpecification\",\"valueRequired\":true,\"valueName\":\"search_term_string\"}}],\"inLanguage\":\"es\"},false]}<\/script>\n<!-- \/ Yoast SEO plugin. -->","yoast_head_json":{"title":"Fabricante profesional de m\u00e1quinas para hacer galletas de dedo - Fabricante de soluciones para la producci\u00f3n de galletas","description":"Como fabricante profesional de m\u00e1quinas para hacer galletas de dedo, nuestras m\u00e1quinas pueden garantizar la estabilidad en el proceso de producci\u00f3n y la calidad del producto final.","robots":{"index":"index","follow":"follow","max-snippet":"max-snippet:-1","max-image-preview":"max-image-preview:large","max-video-preview":"max-video-preview:-1"},"canonical":"https:\/\/www.biscuitsolution.com\/es\/producto\/finger-biscuit-making-machine-professional-manufacturer\/","og_locale":"es_ES","og_type":"article","og_title":"Finger Biscuit Making Machine Professional Manufacturer - Biscuit Production Solution Manufacturer","og_description":"As finger biscuit making machine professional manufacturer, our machines can ensure the stability in the production process and the final product quality.","og_url":"https:\/\/www.biscuitsolution.com\/es\/producto\/finger-biscuit-making-machine-professional-manufacturer\/","og_site_name":"Biscuit Production Solution Manufacturer","article_publisher":"https:\/\/www.facebook.com\/profile.php?id=100095205040823","article_modified_time":"2025-03-14T23:33:19+00:00","og_image":[{"width":600,"height":600,"url":"https:\/\/www.biscuitsolution.com\/wp-content\/uploads\/2025\/02\/\u4e3b\u56fe-5.jpg","type":"image\/jpeg"}],"twitter_card":"summary_large_image","twitter_site":"@shanna_zha26342","twitter_misc":{"Tiempo de lectura":"4 minutos"},"schema":{"@context":"https:\/\/schema.org","@graph":[{"@type":"WebPage","@id":"https:\/\/www.biscuitsolution.com\/product\/finger-biscuit-making-machine-professional-manufacturer\/","url":"https:\/\/www.biscuitsolution.com\/product\/finger-biscuit-making-machine-professional-manufacturer\/","name":"Fabricante profesional de m\u00e1quinas para hacer galletas de dedo - Fabricante de soluciones para la producci\u00f3n de galletas","isPartOf":{"@id":"https:\/\/www.biscuitsolution.com\/#website"},"primaryImageOfPage":{"@id":"https:\/\/www.biscuitsolution.com\/product\/finger-biscuit-making-machine-professional-manufacturer\/#primaryimage"},"image":{"@id":"https:\/\/www.biscuitsolution.com\/product\/finger-biscuit-making-machine-professional-manufacturer\/#primaryimage"},"thumbnailUrl":"https:\/\/www.biscuitsolution.com\/wp-content\/uploads\/2025\/02\/\u4e3b\u56fe-5.jpg","datePublished":"2025-02-19T09:48:20+00:00","dateModified":"2025-03-14T23:33:19+00:00","description":"Como fabricante profesional de m\u00e1quinas para hacer galletas de dedo, nuestras m\u00e1quinas pueden garantizar la estabilidad en el proceso de producci\u00f3n y la calidad del producto final.","breadcrumb":{"@id":"https:\/\/www.biscuitsolution.com\/product\/finger-biscuit-making-machine-professional-manufacturer\/#breadcrumb"},"inLanguage":"es","potentialAction":[{"@type":"ReadAction","target":["https:\/\/www.biscuitsolution.com\/product\/finger-biscuit-making-machine-professional-manufacturer\/"]}]},{"@type":"ImageObject","inLanguage":"es","@id":"https:\/\/www.biscuitsolution.com\/product\/finger-biscuit-making-machine-professional-manufacturer\/#primaryimage","url":"https:\/\/www.biscuitsolution.com\/wp-content\/uploads\/2025\/02\/\u4e3b\u56fe-5.jpg","contentUrl":"https:\/\/www.biscuitsolution.com\/wp-content\/uploads\/2025\/02\/\u4e3b\u56fe-5.jpg","width":600,"height":600,"caption":"finger biscuit making machine"},{"@type":"BreadcrumbList","@id":"https:\/\/www.biscuitsolution.com\/product\/finger-biscuit-making-machine-professional-manufacturer\/#breadcrumb","itemListElement":[{"@type":"ListItem","position":1,"name":"Home","item":"https:\/\/www.biscuitsolution.com\/"},{"@type":"ListItem","position":2,"name":"Product","item":"https:\/\/www.biscuitsolution.com\/product\/"},{"@type":"ListItem","position":3,"name":"Finger Biscuit Making Machine Professional Manufacturer"}]},{"@type":"WebSite","@id":"https:\/\/www.biscuitsolution.com\/#website","url":"https:\/\/www.biscuitsolution.com\/","name":"Fabricante de soluciones para la producci\u00f3n de galletas","description":"","potentialAction":[{"@type":"SearchAction","target":{"@type":"EntryPoint","urlTemplate":"https:\/\/www.biscuitsolution.com\/?s={search_term_string}"},"query-input":{"@type":"PropertyValueSpecification","valueRequired":true,"valueName":"search_term_string"}}],"inLanguage":"es"},false]}},"yasr_visitor_votes":{"stars_attributes":{"read_only":false,"span_bottom":false},"number_of_votes":1,"sum_votes":5},"_links":{"self":[{"href":"https:\/\/www.biscuitsolution.com\/es\/wp-json\/wp\/v2\/product\/4702","targetHints":{"allow":["GET"]}}],"collection":[{"href":"https:\/\/www.biscuitsolution.com\/es\/wp-json\/wp\/v2\/product"}],"about":[{"href":"https:\/\/www.biscuitsolution.com\/es\/wp-json\/wp\/v2\/types\/product"}],"replies":[{"embeddable":true,"href":"https:\/\/www.biscuitsolution.com\/es\/wp-json\/wp\/v2\/comments?post=4702"}],"version-history":[{"count":1,"href":"https:\/\/www.biscuitsolution.com\/es\/wp-json\/wp\/v2\/product\/4702\/revisions"}],"predecessor-version":[{"id":4708,"href":"https:\/\/www.biscuitsolution.com\/es\/wp-json\/wp\/v2\/product\/4702\/revisions\/4708"}],"wp:featuredmedia":[{"embeddable":true,"href":"https:\/\/www.biscuitsolution.com\/es\/wp-json\/wp\/v2\/media\/4704"}],"wp:attachment":[{"href":"https:\/\/www.biscuitsolution.com\/es\/wp-json\/wp\/v2\/media?parent=4702"}],"wp:term":[{"taxonomy":"product_brand","embeddable":true,"href":"https:\/\/www.biscuitsolution.com\/es\/wp-json\/wp\/v2\/product_brand?post=4702"},{"taxonomy":"product_cat","embeddable":true,"href":"https:\/\/www.biscuitsolution.com\/es\/wp-json\/wp\/v2\/product_cat?post=4702"},{"taxonomy":"product_tag","embeddable":true,"href":"https:\/\/www.biscuitsolution.com\/es\/wp-json\/wp\/v2\/product_tag?post=4702"}],"curies":[{"name":"wp","href":"https:\/\/api.w.org\/{rel}","templated":true}]}}