{"id":4688,"date":"2025-02-19T09:33:38","date_gmt":"2025-02-19T09:33:38","guid":{"rendered":"https:\/\/www.biscuitsolution.com\/?post_type=product&#038;p=4688"},"modified":"2025-02-25T01:45:17","modified_gmt":"2025-02-25T01:45:17","slug":"commercial-bourbon-biscuit-making-machine-automation","status":"publish","type":"product","link":"https:\/\/www.biscuitsolution.com\/es\/producto\/commercial-bourbon-biscuit-making-machine-automation\/","title":{"rendered":"M\u00e1quina comercial de fabricaci\u00f3n de galletas de Bourbon Automatizaci\u00f3n"},"content":{"rendered":"<p><strong>M\u00e1quina para hacer galletas Bourbon<\/strong> est\u00e1 dise\u00f1ada para automatizar el proceso de producci\u00f3n de galletas bourbon. Estas m\u00e1quinas son esenciales para las panader\u00edas comerciales y las instalaciones de fabricaci\u00f3n de alimentos, y est\u00e1n dise\u00f1adas para producir grandes cantidades de galletas de alta calidad de forma constante y eficiente.<\/p>\n<p><img fetchpriority=\"high\" decoding=\"async\" class=\"alignnone size-full wp-image-4689\" src=\"https:\/\/www.biscuitsolution.com\/wp-content\/uploads\/2025\/02\/bourbon-biscuit-machine.jpg\" alt=\"m\u00e1quina para hacer galletas de bourbon\" width=\"800\" height=\"450\" srcset=\"https:\/\/www.biscuitsolution.com\/wp-content\/uploads\/2025\/02\/bourbon-biscuit-machine.jpg 800w, https:\/\/www.biscuitsolution.com\/wp-content\/uploads\/2025\/02\/bourbon-biscuit-machine-600x338.jpg 600w, https:\/\/www.biscuitsolution.com\/wp-content\/uploads\/2025\/02\/bourbon-biscuit-machine-300x169.jpg 300w, https:\/\/www.biscuitsolution.com\/wp-content\/uploads\/2025\/02\/bourbon-biscuit-machine-768x432.jpg 768w\" sizes=\"(max-width: 800px) 100vw, 800px\" \/><\/p>\n<h2>Perspectivas de producci\u00f3n de galletas Bourbon<\/h2>\n<p>Como pasteler\u00eda tradicional occidental, las galletas bourbon van ganando adeptos entre los consumidores j\u00f3venes, los oficinistas, los estudiantes y otros grupos de Asia, Oriente Medio y otras regiones, adem\u00e1s de los consumidores occidentales tradicionales.<\/p>\n<p>Con el continuo avance de la tecnolog\u00eda de procesamiento de alimentos, los equipos y procesos de producci\u00f3n de las galletas bourbon tambi\u00e9n mejoran e innovan constantemente. Al tiempo que garantiza la estabilidad de la calidad del producto, tambi\u00e9n puede lograr una personalizaci\u00f3n y una producci\u00f3n diversificada para satisfacer las necesidades de los distintos clientes.<\/p>\n<p><img decoding=\"async\" class=\"alignnone size-full wp-image-4690\" src=\"https:\/\/www.biscuitsolution.com\/wp-content\/uploads\/2025\/02\/bourbon-biscuit.jpg\" alt=\"m\u00e1quina comercial para hacer galletas de bourbon\" width=\"800\" height=\"450\" srcset=\"https:\/\/www.biscuitsolution.com\/wp-content\/uploads\/2025\/02\/bourbon-biscuit.jpg 800w, https:\/\/www.biscuitsolution.com\/wp-content\/uploads\/2025\/02\/bourbon-biscuit-600x338.jpg 600w, https:\/\/www.biscuitsolution.com\/wp-content\/uploads\/2025\/02\/bourbon-biscuit-300x169.jpg 300w, https:\/\/www.biscuitsolution.com\/wp-content\/uploads\/2025\/02\/bourbon-biscuit-768x432.jpg 768w\" sizes=\"(max-width: 800px) 100vw, 800px\" \/><\/p>\n<h2>Ventajas de la m\u00e1quina comercial para hacer galletas de bourbon<\/h2>\n<ol>\n<li>Mejorar la eficiencia de la producci\u00f3n: En comparaci\u00f3n con los m\u00e9todos de producci\u00f3n manual, estas m\u00e1quinas pueden producir un gran n\u00famero de galletas en poco tiempo. Pueden funcionar de forma continua, lo que reduce el tiempo de producci\u00f3n unitario y aumenta el rendimiento global de la f\u00e1brica.<\/li>\n<li>Calidad uniforme: El proceso automatizado garantiza que cada galleta bourbon tenga el mismo tama\u00f1o, forma, cantidad de relleno y calidad de horneado. Esta uniformidad es muy importante para mantener productos de alta calidad y satisfacer las expectativas de los clientes.<\/li>\n<li>Menores gastos de mano de obra: La automatizaci\u00f3n del proceso de producci\u00f3n disminuye la necesidad de numerosos trabajadores manuales. Esto no solo reduce los costes de mano de obra, sino que tambi\u00e9n disminuye la probabilidad de que los humanos cometan errores durante la fase de producci\u00f3n.<\/li>\n<li>Flexibilidad: Una gran variedad de m\u00e1quinas para hacer galletas de bourbon pueden modificarse para crear galletas de bourbon con dimensiones, formas y sabores variados. Esto permite a los fabricantes ampliar su gama de productos y adaptarse a la demanda del mercado con mayor eficacia.<\/li>\n<\/ol>\n<p><img decoding=\"async\" class=\"alignnone size-full wp-image-4692\" src=\"https:\/\/www.biscuitsolution.com\/wp-content\/uploads\/2025\/02\/bourbon-biscuit-making-machine.jpg\" alt=\"m\u00e1quina comercial para hacer galletas de bourbon\" width=\"800\" height=\"450\" srcset=\"https:\/\/www.biscuitsolution.com\/wp-content\/uploads\/2025\/02\/bourbon-biscuit-making-machine.jpg 800w, https:\/\/www.biscuitsolution.com\/wp-content\/uploads\/2025\/02\/bourbon-biscuit-making-machine-600x338.jpg 600w, https:\/\/www.biscuitsolution.com\/wp-content\/uploads\/2025\/02\/bourbon-biscuit-making-machine-300x169.jpg 300w, https:\/\/www.biscuitsolution.com\/wp-content\/uploads\/2025\/02\/bourbon-biscuit-making-machine-768x432.jpg 768w\" sizes=\"(max-width: 800px) 100vw, 800px\" \/><\/p>\n<h2>Consideraciones para elegir una m\u00e1quina de producci\u00f3n de galletas Bourbon<\/h2>\n<ol>\n<li>Volumen de producci\u00f3n: Aseg\u00farese de que la capacidad de producci\u00f3n de la m\u00e1quina se ajusta al volumen de producci\u00f3n previsto de su panader\u00eda o planta de procesamiento de alimentos. Tenga en cuenta la cantidad de galletas bourbon que debe producir por hora, d\u00eda o semana para determinar el tama\u00f1o adecuado de la m\u00e1quina.<\/li>\n<li>Calidad de construcci\u00f3n: Opte por m\u00e1quinas construidas con materiales superiores como el acero inoxidable, conocido por su durabilidad, facilidad de limpieza y resistencia a la corrosi\u00f3n. La calidad de piezas como motores, engranajes y cintas transportadoras tambi\u00e9n puede influir en el rendimiento y la longevidad de la m\u00e1quina.<\/li>\n<li>Facilidad de uso y mantenimiento: La m\u00e1quina debe contar con un panel de control sencillo que permita a los operarios gestionar y modificar sin esfuerzo los distintos ajustes de producci\u00f3n. Tambi\u00e9n debe estar dise\u00f1ada para facilitar la limpieza y el mantenimiento, con componentes de f\u00e1cil acceso y directrices de mantenimiento detalladas.<\/li>\n<li>Relaci\u00f3n calidad-precio: A la hora de elegir una m\u00e1quina comercial para hacer galletas de bourbon, tenga en cuenta no s\u00f3lo el precio de compra inicial, sino tambi\u00e9n los gastos corrientes, como el consumo de energ\u00eda, la accesibilidad a las piezas de repuesto y las cuotas de mantenimiento. Compare varios modelos y marcas para identificar la opci\u00f3n m\u00e1s econ\u00f3mica para su empresa.<\/li>\n<\/ol>\n<p><img loading=\"lazy\" decoding=\"async\" class=\"alignnone size-full wp-image-4693\" src=\"https:\/\/www.biscuitsolution.com\/wp-content\/uploads\/2025\/02\/bourbon-biscuits.jpg\" alt=\"m\u00e1quina comercial para hacer galletas de bourbon\" width=\"800\" height=\"450\" srcset=\"https:\/\/www.biscuitsolution.com\/wp-content\/uploads\/2025\/02\/bourbon-biscuits.jpg 800w, https:\/\/www.biscuitsolution.com\/wp-content\/uploads\/2025\/02\/bourbon-biscuits-600x338.jpg 600w, https:\/\/www.biscuitsolution.com\/wp-content\/uploads\/2025\/02\/bourbon-biscuits-300x169.jpg 300w, https:\/\/www.biscuitsolution.com\/wp-content\/uploads\/2025\/02\/bourbon-biscuits-768x432.jpg 768w\" sizes=\"(max-width: 800px) 100vw, 800px\" \/><\/p>\n<h2>Por qu\u00e9 elegirnos<\/h2>\n<ul>\n<li>Nuestras m\u00e1quinas de producci\u00f3n se fabrican con procesos de fabricaci\u00f3n avanzados y materiales de alta calidad. La estructura principal est\u00e1 hecha de acero inoxidable de alta calidad, que no s\u00f3lo es fuerte y duradero, sino tambi\u00e9n capaz de soportar operaciones de producci\u00f3n a largo plazo y de alta intensidad.<\/li>\n<li>Nuestros equipos est\u00e1n dise\u00f1ados para satisfacer las necesidades de la producci\u00f3n a gran escala. Tanto si se trata de una peque\u00f1a panader\u00eda como de una gran planta de procesamiento de alimentos, nuestras m\u00e1quinas de producci\u00f3n de galletas bourbon pueden funcionar con eficiencia.<\/li>\n<li>Entendemos que los distintos clientes pueden tener necesidades de producto diferentes. Ya se trate de la forma, el tama\u00f1o, el sabor o la forma de envasado de la galleta de bourbon, podemos personalizar el equipo de acuerdo con sus requisitos.<\/li>\n<li>Tambi\u00e9n ofrecemos servicios flexibles de configuraci\u00f3n de l\u00edneas de producci\u00f3n. Seg\u00fan el tama\u00f1o de su planta de producci\u00f3n, el presupuesto y la planificaci\u00f3n del proceso de producci\u00f3n, podemos dise\u00f1ar la m\u00e1quina para hacer galletas de bourbon que mejor se adapte a su negocio.<\/li>\n<\/ul>\n<h2>Deje un mensaje para obtener un presupuesto<\/h2>\n\n<div class=\"wpcf7 no-js\" id=\"wpcf7-f4619-o1\" lang=\"en-US\" dir=\"ltr\" data-wpcf7-id=\"4619\">\n<div class=\"screen-reader-response\"><p role=\"status\" aria-live=\"polite\" aria-atomic=\"true\"><\/p> <ul><\/ul><\/div>\n<form action=\"\/es\/wp-json\/wp\/v2\/product\/4688#wpcf7-f4619-o1\" method=\"post\" class=\"wpcf7-form init\" aria-label=\"Formulario de contacto\" novalidate=\"novalidate\" data-status=\"init\" data-trp-original-action=\"\/es\/wp-json\/wp\/v2\/product\/4688#wpcf7-f4619-o1\">\n<div style=\"display: none;\">\n<input type=\"hidden\" name=\"_wpcf7\" value=\"4619\" \/>\n<input type=\"hidden\" name=\"_wpcf7_version\" value=\"6.0.4\" \/>\n<input type=\"hidden\" name=\"_wpcf7_locale\" value=\"en_US\" \/>\n<input type=\"hidden\" name=\"_wpcf7_unit_tag\" value=\"wpcf7-f4619-o1\" \/>\n<input type=\"hidden\" name=\"_wpcf7_container_post\" value=\"0\" \/>\n<input type=\"hidden\" name=\"_wpcf7_posted_data_hash\" value=\"\" \/>\n<\/div>\n<p><label> Su nombre<br \/>\n<span class=\"wpcf7-form-control-wrap\" data-name=\"your-name\"><input size=\"40\" maxlength=\"400\" class=\"wpcf7-form-control wpcf7-text wpcf7-validates-as-required\" aria-required=\"true\" aria-invalid=\"false\" value=\"\" type=\"text\" name=\"your-name\" \/><\/span> <\/label>\n<\/p>\n<p><label> Su pa\u00eds<br \/>\n<span class=\"wpcf7-form-control-wrap\" data-name=\"your-country\"><input size=\"40\" maxlength=\"400\" class=\"wpcf7-form-control wpcf7-text\" aria-invalid=\"false\" value=\"\" type=\"text\" name=\"your-country\" \/><\/span><\/label>\n<\/p>\n<p><label> Su correo electr\u00f3nico<br \/>\n<span class=\"wpcf7-form-control-wrap\" data-name=\"your-email\"><input size=\"40\" maxlength=\"400\" class=\"wpcf7-form-control wpcf7-email wpcf7-validates-as-required wpcf7-text wpcf7-validates-as-email\" aria-required=\"true\" aria-invalid=\"false\" value=\"\" type=\"email\" name=\"your-email\" \/><\/span> <\/label>\n<\/p>\n<p><label> Tu tel\u00e9fono<br \/>\n<span class=\"wpcf7-form-control-wrap\" data-name=\"your-phone\"><input size=\"40\" maxlength=\"400\" class=\"wpcf7-form-control wpcf7-tel wpcf7-text wpcf7-validates-as-tel\" aria-invalid=\"false\" value=\"\" type=\"tel\" name=\"your-phone\" \/><\/span> <\/label>\n<\/p>\n<p><label> Nombre de su empresa<br \/>\n<span class=\"wpcf7-form-control-wrap\" data-name=\"text-457\"><input size=\"40\" maxlength=\"400\" class=\"wpcf7-form-control wpcf7-text\" aria-invalid=\"false\" value=\"\" type=\"text\" name=\"text-457\" \/><\/span> <\/label>\n<\/p>\n<p><label> El sitio web de su empresa<br \/>\n<span class=\"wpcf7-form-control-wrap\" data-name=\"text-546\"><input size=\"40\" maxlength=\"400\" class=\"wpcf7-form-control wpcf7-text\" aria-invalid=\"false\" value=\"\" type=\"text\" name=\"text-546\" \/><\/span> <\/label>\n<\/p>\n<p><label> Sus requisitos*<br \/>\n<span class=\"wpcf7-form-control-wrap\" data-name=\"your-message\"><textarea cols=\"40\" rows=\"10\" maxlength=\"2000\" class=\"wpcf7-form-control wpcf7-textarea wpcf7-validates-as-required\" aria-required=\"true\" aria-invalid=\"false\" name=\"your-message\"><\/textarea><\/span> <\/label>\n<\/p>\n<p><input class=\"wpcf7-form-control wpcf7-submit has-spinner\" type=\"submit\" value=\"Enviar\" \/>\n<\/p><p style=\"display: none !important;\" class=\"akismet-fields-container\" data-prefix=\"_wpcf7_ak_\"><label>&#916;<textarea name=\"_wpcf7_ak_hp_textarea\" cols=\"45\" rows=\"8\" maxlength=\"100\"><\/textarea><\/label><input type=\"hidden\" id=\"ak_js_1\" name=\"_wpcf7_ak_js\" value=\"106\"\/><script>document.getElementById( \"ak_js_1\" ).setAttribute( \"value\", ( new Date() ).getTime() );<\/script><\/p><div class=\"wpcf7-response-output\" aria-hidden=\"true\"><\/div>\n<input type=\"hidden\" name=\"trp-form-language\" value=\"es\"\/><\/form>\n<\/div>\n\n<div style='text-align:left' class='yasr-auto-insert-visitor'><\/div>","protected":false},"excerpt":{"rendered":"<p>Marca: GELGOOG<\/p>\n<p>Tensi\u00f3n: 380 V<\/p>\n<p>Correo electr\u00f3nico: shanna@machinehall.com<\/p>\n<p>Tel\u00e9fono: +8618638676709<\/p>\n<p>Aplicaci\u00f3n: bourbon biscuit y otras galletas de s\u00e1ndwich<\/p>","protected":false},"featured_media":4691,"comment_status":"open","ping_status":"closed","template":"","meta":{"site-sidebar-layout":"default","site-content-layout":"","ast-site-content-layout":"default","site-content-style":"default","site-sidebar-style":"default","ast-global-header-display":"","ast-banner-title-visibility":"","ast-main-header-display":"","ast-hfb-above-header-display":"","ast-hfb-below-header-display":"","ast-hfb-mobile-header-display":"","site-post-title":"","ast-breadcrumbs-content":"","ast-featured-img":"","footer-sml-layout":"","theme-transparent-header-meta":"default","adv-header-id-meta":"","stick-header-meta":"","header-above-stick-meta":"","header-main-stick-meta":"","header-below-stick-meta":"","astra-migrate-meta-layouts":"set","ast-page-background-enabled":"default","ast-page-background-meta":{"desktop":{"background-color":"","background-image":"","background-repeat":"repeat","background-position":"center center","background-size":"auto","background-attachment":"scroll","background-type":"","background-media":"","overlay-type":"","overlay-color":"","overlay-opacity":"","overlay-gradient":""},"tablet":{"background-color":"","background-image":"","background-repeat":"repeat","background-position":"center center","background-size":"auto","background-attachment":"scroll","background-type":"","background-media":"","overlay-type":"","overlay-color":"","overlay-opacity":"","overlay-gradient":""},"mobile":{"background-color":"","background-image":"","background-repeat":"repeat","background-position":"center center","background-size":"auto","background-attachment":"scroll","background-type":"","background-media":"","overlay-type":"","overlay-color":"","overlay-opacity":"","overlay-gradient":""}},"ast-content-background-meta":{"desktop":{"background-color":"var(--ast-global-color-5)","background-image":"","background-repeat":"repeat","background-position":"center center","background-size":"auto","background-attachment":"scroll","background-type":"","background-media":"","overlay-type":"","overlay-color":"","overlay-opacity":"","overlay-gradient":""},"tablet":{"background-color":"var(--ast-global-color-5)","background-image":"","background-repeat":"repeat","background-position":"center center","background-size":"auto","background-attachment":"scroll","background-type":"","background-media":"","overlay-type":"","overlay-color":"","overlay-opacity":"","overlay-gradient":""},"mobile":{"background-color":"var(--ast-global-color-5)","background-image":"","background-repeat":"repeat","background-position":"center center","background-size":"auto","background-attachment":"scroll","background-type":"","background-media":"","overlay-type":"","overlay-color":"","overlay-opacity":"","overlay-gradient":""}},"yasr_overall_rating":0,"yasr_post_is_review":"","yasr_auto_insert_disabled":"","yasr_review_type":""},"product_brand":[],"product_cat":[25],"product_tag":[],"class_list":{"0":"post-4688","1":"product","2":"type-product","3":"status-publish","4":"has-post-thumbnail","6":"product_cat-soft-biscuit-production-line","7":"desktop-align-left","8":"tablet-align-left","9":"mobile-align-left","11":"first","12":"instock","13":"shipping-taxable","14":"product-type-simple"},"yoast_head":"<!-- This site is optimized with the Yoast SEO plugin v24.4 - https:\/\/yoast.com\/wordpress\/plugins\/seo\/ -->\n<title>Commercial Bourbon Biscuit Making Machine Automation - Biscuit Production Solution Manufacturer<\/title>\n<meta name=\"description\" content=\"bourbon biscuit making machine is suitable for large-scale automated production, increasing the output of factory, with a variety of types to choose from.\" \/>\n<meta name=\"robots\" content=\"index, follow, max-snippet:-1, max-image-preview:large, max-video-preview:-1\" \/>\n<link rel=\"canonical\" href=\"https:\/\/www.biscuitsolution.com\/es\/producto\/commercial-bourbon-biscuit-making-machine-automation\/\" \/>\n<meta property=\"og:locale\" content=\"es_ES\" \/>\n<meta property=\"og:type\" content=\"article\" \/>\n<meta property=\"og:title\" content=\"Commercial Bourbon Biscuit Making Machine Automation - Biscuit Production Solution Manufacturer\" \/>\n<meta property=\"og:description\" content=\"bourbon biscuit making machine is suitable for large-scale automated production, increasing the output of factory, with a variety of types to choose from.\" \/>\n<meta property=\"og:url\" content=\"https:\/\/www.biscuitsolution.com\/es\/producto\/commercial-bourbon-biscuit-making-machine-automation\/\" \/>\n<meta property=\"og:site_name\" content=\"Biscuit Production Solution Manufacturer\" \/>\n<meta property=\"article:publisher\" content=\"https:\/\/www.facebook.com\/profile.php?id=100095205040823\" \/>\n<meta property=\"article:modified_time\" content=\"2025-02-25T01:45:17+00:00\" \/>\n<meta property=\"og:image\" content=\"https:\/\/www.biscuitsolution.com\/wp-content\/uploads\/2025\/02\/\u4e3b\u56fe-3.jpg\" \/>\n\t<meta property=\"og:image:width\" content=\"600\" \/>\n\t<meta property=\"og:image:height\" content=\"600\" \/>\n\t<meta property=\"og:image:type\" content=\"image\/jpeg\" \/>\n<meta name=\"twitter:card\" content=\"summary_large_image\" \/>\n<meta name=\"twitter:site\" content=\"@shanna_zha26342\" \/>\n<meta name=\"twitter:label1\" content=\"Tiempo de lectura\" \/>\n\t<meta name=\"twitter:data1\" content=\"4 minutos\" \/>\n<script type=\"application\/ld+json\" class=\"yoast-schema-graph\">{\"@context\":\"https:\/\/schema.org\",\"@graph\":[{\"@type\":\"WebPage\",\"@id\":\"https:\/\/www.biscuitsolution.com\/product\/commercial-bourbon-biscuit-making-machine-automation\/\",\"url\":\"https:\/\/www.biscuitsolution.com\/product\/commercial-bourbon-biscuit-making-machine-automation\/\",\"name\":\"Commercial Bourbon Biscuit Making Machine Automation - Biscuit Production Solution Manufacturer\",\"isPartOf\":{\"@id\":\"https:\/\/www.biscuitsolution.com\/#website\"},\"primaryImageOfPage\":{\"@id\":\"https:\/\/www.biscuitsolution.com\/product\/commercial-bourbon-biscuit-making-machine-automation\/#primaryimage\"},\"image\":{\"@id\":\"https:\/\/www.biscuitsolution.com\/product\/commercial-bourbon-biscuit-making-machine-automation\/#primaryimage\"},\"thumbnailUrl\":\"https:\/\/www.biscuitsolution.com\/wp-content\/uploads\/2025\/02\/\u4e3b\u56fe-3.jpg\",\"datePublished\":\"2025-02-19T09:33:38+00:00\",\"dateModified\":\"2025-02-25T01:45:17+00:00\",\"description\":\"bourbon biscuit making machine is suitable for large-scale automated production, increasing the output of factory, with a variety of types to choose from.\",\"breadcrumb\":{\"@id\":\"https:\/\/www.biscuitsolution.com\/product\/commercial-bourbon-biscuit-making-machine-automation\/#breadcrumb\"},\"inLanguage\":\"es\",\"potentialAction\":[{\"@type\":\"ReadAction\",\"target\":[\"https:\/\/www.biscuitsolution.com\/product\/commercial-bourbon-biscuit-making-machine-automation\/\"]}]},{\"@type\":\"ImageObject\",\"inLanguage\":\"es\",\"@id\":\"https:\/\/www.biscuitsolution.com\/product\/commercial-bourbon-biscuit-making-machine-automation\/#primaryimage\",\"url\":\"https:\/\/www.biscuitsolution.com\/wp-content\/uploads\/2025\/02\/\u4e3b\u56fe-3.jpg\",\"contentUrl\":\"https:\/\/www.biscuitsolution.com\/wp-content\/uploads\/2025\/02\/\u4e3b\u56fe-3.jpg\",\"width\":600,\"height\":600,\"caption\":\"commercial bourbon biscuit making machine\"},{\"@type\":\"BreadcrumbList\",\"@id\":\"https:\/\/www.biscuitsolution.com\/product\/commercial-bourbon-biscuit-making-machine-automation\/#breadcrumb\",\"itemListElement\":[{\"@type\":\"ListItem\",\"position\":1,\"name\":\"Home\",\"item\":\"https:\/\/www.biscuitsolution.com\/\"},{\"@type\":\"ListItem\",\"position\":2,\"name\":\"Product\",\"item\":\"https:\/\/www.biscuitsolution.com\/product\/\"},{\"@type\":\"ListItem\",\"position\":3,\"name\":\"Commercial Bourbon Biscuit Making Machine Automation\"}]},{\"@type\":\"WebSite\",\"@id\":\"https:\/\/www.biscuitsolution.com\/#website\",\"url\":\"https:\/\/www.biscuitsolution.com\/\",\"name\":\"Biscuit Production Solution Manufacturer\",\"description\":\"\",\"potentialAction\":[{\"@type\":\"SearchAction\",\"target\":{\"@type\":\"EntryPoint\",\"urlTemplate\":\"https:\/\/www.biscuitsolution.com\/?s={search_term_string}\"},\"query-input\":{\"@type\":\"PropertyValueSpecification\",\"valueRequired\":true,\"valueName\":\"search_term_string\"}}],\"inLanguage\":\"es\"},false]}<\/script>\n<!-- \/ Yoast SEO plugin. -->","yoast_head_json":{"title":"Automatizaci\u00f3n de la m\u00e1quina de fabricaci\u00f3n de galletas comerciales de Bourbon - Fabricante de soluciones para la producci\u00f3n de galletas","description":"bourbon galleta que hace la m\u00e1quina es adecuada para la producci\u00f3n automatizada a gran escala, el aumento de la producci\u00f3n de la f\u00e1brica, con una variedad de tipos para elegir.","robots":{"index":"index","follow":"follow","max-snippet":"max-snippet:-1","max-image-preview":"max-image-preview:large","max-video-preview":"max-video-preview:-1"},"canonical":"https:\/\/www.biscuitsolution.com\/es\/producto\/commercial-bourbon-biscuit-making-machine-automation\/","og_locale":"es_ES","og_type":"article","og_title":"Commercial Bourbon Biscuit Making Machine Automation - Biscuit Production Solution Manufacturer","og_description":"bourbon biscuit making machine is suitable for large-scale automated production, increasing the output of factory, with a variety of types to choose from.","og_url":"https:\/\/www.biscuitsolution.com\/es\/producto\/commercial-bourbon-biscuit-making-machine-automation\/","og_site_name":"Biscuit Production Solution Manufacturer","article_publisher":"https:\/\/www.facebook.com\/profile.php?id=100095205040823","article_modified_time":"2025-02-25T01:45:17+00:00","og_image":[{"width":600,"height":600,"url":"https:\/\/www.biscuitsolution.com\/wp-content\/uploads\/2025\/02\/\u4e3b\u56fe-3.jpg","type":"image\/jpeg"}],"twitter_card":"summary_large_image","twitter_site":"@shanna_zha26342","twitter_misc":{"Tiempo de lectura":"4 minutos"},"schema":{"@context":"https:\/\/schema.org","@graph":[{"@type":"WebPage","@id":"https:\/\/www.biscuitsolution.com\/product\/commercial-bourbon-biscuit-making-machine-automation\/","url":"https:\/\/www.biscuitsolution.com\/product\/commercial-bourbon-biscuit-making-machine-automation\/","name":"Automatizaci\u00f3n de la m\u00e1quina de fabricaci\u00f3n de galletas comerciales de Bourbon - Fabricante de soluciones para la producci\u00f3n de galletas","isPartOf":{"@id":"https:\/\/www.biscuitsolution.com\/#website"},"primaryImageOfPage":{"@id":"https:\/\/www.biscuitsolution.com\/product\/commercial-bourbon-biscuit-making-machine-automation\/#primaryimage"},"image":{"@id":"https:\/\/www.biscuitsolution.com\/product\/commercial-bourbon-biscuit-making-machine-automation\/#primaryimage"},"thumbnailUrl":"https:\/\/www.biscuitsolution.com\/wp-content\/uploads\/2025\/02\/\u4e3b\u56fe-3.jpg","datePublished":"2025-02-19T09:33:38+00:00","dateModified":"2025-02-25T01:45:17+00:00","description":"bourbon galleta que hace la m\u00e1quina es adecuada para la producci\u00f3n automatizada a gran escala, el aumento de la producci\u00f3n de la f\u00e1brica, con una variedad de tipos para elegir.","breadcrumb":{"@id":"https:\/\/www.biscuitsolution.com\/product\/commercial-bourbon-biscuit-making-machine-automation\/#breadcrumb"},"inLanguage":"es","potentialAction":[{"@type":"ReadAction","target":["https:\/\/www.biscuitsolution.com\/product\/commercial-bourbon-biscuit-making-machine-automation\/"]}]},{"@type":"ImageObject","inLanguage":"es","@id":"https:\/\/www.biscuitsolution.com\/product\/commercial-bourbon-biscuit-making-machine-automation\/#primaryimage","url":"https:\/\/www.biscuitsolution.com\/wp-content\/uploads\/2025\/02\/\u4e3b\u56fe-3.jpg","contentUrl":"https:\/\/www.biscuitsolution.com\/wp-content\/uploads\/2025\/02\/\u4e3b\u56fe-3.jpg","width":600,"height":600,"caption":"commercial bourbon biscuit making machine"},{"@type":"BreadcrumbList","@id":"https:\/\/www.biscuitsolution.com\/product\/commercial-bourbon-biscuit-making-machine-automation\/#breadcrumb","itemListElement":[{"@type":"ListItem","position":1,"name":"Home","item":"https:\/\/www.biscuitsolution.com\/"},{"@type":"ListItem","position":2,"name":"Product","item":"https:\/\/www.biscuitsolution.com\/product\/"},{"@type":"ListItem","position":3,"name":"Commercial Bourbon Biscuit Making Machine Automation"}]},{"@type":"WebSite","@id":"https:\/\/www.biscuitsolution.com\/#website","url":"https:\/\/www.biscuitsolution.com\/","name":"Fabricante de soluciones para la producci\u00f3n de galletas","description":"","potentialAction":[{"@type":"SearchAction","target":{"@type":"EntryPoint","urlTemplate":"https:\/\/www.biscuitsolution.com\/?s={search_term_string}"},"query-input":{"@type":"PropertyValueSpecification","valueRequired":true,"valueName":"search_term_string"}}],"inLanguage":"es"},false]}},"yasr_visitor_votes":{"stars_attributes":{"read_only":false,"span_bottom":false},"number_of_votes":0,"sum_votes":0},"_links":{"self":[{"href":"https:\/\/www.biscuitsolution.com\/es\/wp-json\/wp\/v2\/product\/4688","targetHints":{"allow":["GET"]}}],"collection":[{"href":"https:\/\/www.biscuitsolution.com\/es\/wp-json\/wp\/v2\/product"}],"about":[{"href":"https:\/\/www.biscuitsolution.com\/es\/wp-json\/wp\/v2\/types\/product"}],"replies":[{"embeddable":true,"href":"https:\/\/www.biscuitsolution.com\/es\/wp-json\/wp\/v2\/comments?post=4688"}],"version-history":[{"count":1,"href":"https:\/\/www.biscuitsolution.com\/es\/wp-json\/wp\/v2\/product\/4688\/revisions"}],"predecessor-version":[{"id":4694,"href":"https:\/\/www.biscuitsolution.com\/es\/wp-json\/wp\/v2\/product\/4688\/revisions\/4694"}],"wp:featuredmedia":[{"embeddable":true,"href":"https:\/\/www.biscuitsolution.com\/es\/wp-json\/wp\/v2\/media\/4691"}],"wp:attachment":[{"href":"https:\/\/www.biscuitsolution.com\/es\/wp-json\/wp\/v2\/media?parent=4688"}],"wp:term":[{"taxonomy":"product_brand","embeddable":true,"href":"https:\/\/www.biscuitsolution.com\/es\/wp-json\/wp\/v2\/product_brand?post=4688"},{"taxonomy":"product_cat","embeddable":true,"href":"https:\/\/www.biscuitsolution.com\/es\/wp-json\/wp\/v2\/product_cat?post=4688"},{"taxonomy":"product_tag","embeddable":true,"href":"https:\/\/www.biscuitsolution.com\/es\/wp-json\/wp\/v2\/product_tag?post=4688"}],"curies":[{"name":"wp","href":"https:\/\/api.w.org\/{rel}","templated":true}]}}