{"id":4673,"date":"2025-02-19T09:17:50","date_gmt":"2025-02-19T09:17:50","guid":{"rendered":"https:\/\/www.biscuitsolution.com\/?post_type=product&#038;p=4673"},"modified":"2025-12-23T14:27:21","modified_gmt":"2025-12-23T06:27:21","slug":"lady-finger-biscuit-production-line","status":"publish","type":"product","link":"https:\/\/www.biscuitsolution.com\/es\/producto\/lady-finger-biscuit-production-line\/","title":{"rendered":"Garant\u00eda de calidad de la l\u00ednea de producci\u00f3n de galletas Lady Finger"},"content":{"rendered":"<p>Nuestra <strong>l\u00ednea de producci\u00f3n de galletas lady finger<\/strong> garantiza una calidad constante en todas las fases, desde la mezcla hasta el envasado, protegiendo la reputaci\u00f3n de su marca con equipos fiables y de alto rendimiento.<\/p>\n<p><img fetchpriority=\"high\" decoding=\"async\" class=\"alignnone size-full wp-image-4674\" src=\"https:\/\/www.biscuitsolution.com\/wp-content\/uploads\/2025\/02\/lady-finger-biscuit-production-line.jpg\" alt=\"l\u00ednea de producci\u00f3n de galletas lady finger\" width=\"800\" height=\"450\" srcset=\"https:\/\/www.biscuitsolution.com\/wp-content\/uploads\/2025\/02\/lady-finger-biscuit-production-line.jpg 800w, https:\/\/www.biscuitsolution.com\/wp-content\/uploads\/2025\/02\/lady-finger-biscuit-production-line-600x338.jpg 600w, https:\/\/www.biscuitsolution.com\/wp-content\/uploads\/2025\/02\/lady-finger-biscuit-production-line-300x169.jpg 300w, https:\/\/www.biscuitsolution.com\/wp-content\/uploads\/2025\/02\/lady-finger-biscuit-production-line-768x432.jpg 768w\" sizes=\"(max-width: 800px) 100vw, 800px\" \/><\/p>\n<h2>La l\u00ednea de producci\u00f3n industrial de galletas de dedo utiliza equipos especializados<\/h2>\n<ul>\n<li>Mezcla de materias primas: Para este fin se suele emplear una mezcladora horizontal de doble pala o una mezcladora planetaria. Estas m\u00e1quinas son capaces de proporcionar una potencia de mezclado adecuada para garantizar una mezcla completa de las materias primas. La velocidad y la duraci\u00f3n de la mezcla pueden adaptarse a las propiedades de la masa.<\/li>\n<li>Extrusi\u00f3n y conformado: La extrusora es el componente fundamental. Consta de una tolva dise\u00f1ada para contener la masa, un mecanismo de tornillo que impulsa la masa hacia delante y boquillas de extrusi\u00f3n de diversas formas. La configuraci\u00f3n y las dimensiones de la boquilla de extrusi\u00f3n determinan el aspecto de la galleta. Modificando la boquilla, se pueden fabricar galletas de diferentes especificaciones.<\/li>\n<li>Fase de horneado: El horno de la l\u00ednea de producci\u00f3n de galletas lady finger se calienta por gas o el\u00e9ctricamente, y est\u00e1 equipado con una rejilla para bandejas de horneado de varias capas y un sistema de circulaci\u00f3n de aire caliente para garantizar que el calor se distribuya uniformemente de modo que todas las galletas puedan hornearse de manera uniforme.<\/li>\n<\/ul>\n<p><img decoding=\"async\" class=\"alignnone size-full wp-image-4675\" src=\"https:\/\/www.biscuitsolution.com\/wp-content\/uploads\/2025\/02\/lady-finger-biscuit.jpg\" alt=\"l\u00ednea industrial de galletas de dedo\" width=\"800\" height=\"450\" srcset=\"https:\/\/www.biscuitsolution.com\/wp-content\/uploads\/2025\/02\/lady-finger-biscuit.jpg 800w, https:\/\/www.biscuitsolution.com\/wp-content\/uploads\/2025\/02\/lady-finger-biscuit-600x338.jpg 600w, https:\/\/www.biscuitsolution.com\/wp-content\/uploads\/2025\/02\/lady-finger-biscuit-300x169.jpg 300w, https:\/\/www.biscuitsolution.com\/wp-content\/uploads\/2025\/02\/lady-finger-biscuit-768x432.jpg 768w\" sizes=\"(max-width: 800px) 100vw, 800px\" \/><\/p>\n<ul>\n<li>Etapa de enfriamiento: Normalmente se utiliza una cinta transportadora de enfriamiento o un bastidor de enfriamiento. La cinta transportadora de enfriamiento puede enfriar gradualmente las galletas durante el movimiento, y la velocidad de enfriamiento y el entorno pueden controlarse. La rejilla de enfriamiento elimina el calor de las galletas mediante ventilaci\u00f3n natural o forzada.<\/li>\n<li>Pasos de envasado: Existen muchos tipos de equipos de envasado, como las m\u00e1quinas verticales de formaci\u00f3n-llenado-sellado para el envasado de galletas individuales, y las m\u00e1quinas horizontales de envasado de almohadillas para el envasado de combinaciones de varios envases.<\/li>\n<\/ul>\n<h2 class=\"ds-markdown-paragraph\"><strong>Caracter\u00edsticas de la l\u00ednea Our Lady Finger Biscuit<\/strong><\/h2>\n<p class=\"ds-markdown-paragraph\">\u2705\u00a0<strong>Calidad constante<\/strong>\u00a0- Los avanzados sistemas de control garantizan la uniformidad de forma, tama\u00f1o, sabor y color.<\/p>\n<p class=\"ds-markdown-paragraph\">\u2705\u00a0<strong>Sabor y aroma superiores<\/strong>\u00a0- Par\u00e1metros de horneado ajustables (temperatura, tiempo, humedad) para satisfacer las diversas preferencias de los consumidores.<\/p>\n<h2><img decoding=\"async\" class=\"alignnone size-full wp-image-4676\" src=\"https:\/\/www.biscuitsolution.com\/wp-content\/uploads\/2025\/02\/lady-finger-biscuit-production-lines.jpg\" alt=\"l\u00ednea de producci\u00f3n de galletas lady finger\" width=\"800\" height=\"450\" srcset=\"https:\/\/www.biscuitsolution.com\/wp-content\/uploads\/2025\/02\/lady-finger-biscuit-production-lines.jpg 800w, https:\/\/www.biscuitsolution.com\/wp-content\/uploads\/2025\/02\/lady-finger-biscuit-production-lines-600x338.jpg 600w, https:\/\/www.biscuitsolution.com\/wp-content\/uploads\/2025\/02\/lady-finger-biscuit-production-lines-300x169.jpg 300w, https:\/\/www.biscuitsolution.com\/wp-content\/uploads\/2025\/02\/lady-finger-biscuit-production-lines-768x432.jpg 768w\" sizes=\"(max-width: 800px) 100vw, 800px\" \/><\/h2>\n<p class=\"ds-markdown-paragraph\">\u2705\u00a0<strong>Eficiencia energ\u00e9tica y material<\/strong>\u00a0- Los motores de bajo consumo y la calefacci\u00f3n optimizada reducen el consumo y los residuos.<\/p>\n<p class=\"ds-markdown-paragraph\">\u2705\u00a0<strong>Dise\u00f1o higi\u00e9nico<\/strong>\u00a0- Construcci\u00f3n de acero inoxidable de calidad alimentaria, f\u00e1cil de limpiar, cumple las estrictas normas de seguridad alimentaria.<\/p>\n<p class=\"ds-markdown-paragraph\">\u2705\u00a0<strong>Flexibilidad de producci\u00f3n<\/strong>\u00a0- Los cambios r\u00e1pidos de molde y los procesos ajustables permiten una amplia gama de formas, tama\u00f1os y sabores.<\/p>\n<p class=\"ds-markdown-paragraph\">\u2705\u00a0<strong>Respuesta al mercado<\/strong>\u00a0- Ajustes r\u00e1pidos de recetas y procesos para lanzar nuevos productos en l\u00ednea con las tendencias.<\/p>\n<div class=\"ast-oembed-container\" style=\"height: 100%;\"><iframe title=\"L\u00ednea de producci\u00f3n de galletas Todo el proceso de fabricaci\u00f3n De GELGOOG\" width=\"422\" height=\"750\" src=\"https:\/\/www.youtube.com\/embed\/G0pzAOl68z0?feature=oembed\" frameborder=\"0\" allow=\"accelerometer; autoplay; clipboard-write; encrypted-media; gyroscope; picture-in-picture; web-share\" referrerpolicy=\"strict-origin-when-cross-origin\" allowfullscreen><\/iframe><\/div>\n<p class=\"ds-markdown-paragraph\"><strong>Ideal para:<\/strong><\/p>\n<ul>\n<li>\n<p class=\"ds-markdown-paragraph\">Grandes fabricantes de galletas<\/p>\n<\/li>\n<li>\n<p class=\"ds-markdown-paragraph\">Las plantas de procesamiento de alimentos ampl\u00edan sus l\u00edneas de productos<\/p>\n<\/li>\n<li>\n<p class=\"ds-markdown-paragraph\">Marcas centradas en la calidad y la coherencia<\/p>\n<\/li>\n<li>\n<p class=\"ds-markdown-paragraph\">Unidades de producci\u00f3n orientadas a la exportaci\u00f3n<\/p>\n<\/li>\n<\/ul>\n<hr \/>\n<p class=\"ds-markdown-paragraph\"><strong>P\u00f3ngase en contacto con nosotros para obtener una soluci\u00f3n a medida para su l\u00ednea de galletas Lady Finger<\/strong><\/p>\n<p class=\"ds-markdown-paragraph\">Proporcionamos l\u00edneas de producci\u00f3n integrales dise\u00f1adas para ofrecer eficacia, calidad y escalabilidad, respaldadas por un completo servicio de asistencia t\u00e9cnica y posventa.<\/p>\n<h2>Deje un mensaje para obtener un presupuesto<\/h2>\n\n<div class=\"wpcf7 no-js\" id=\"wpcf7-f4619-o1\" lang=\"en-US\" dir=\"ltr\" data-wpcf7-id=\"4619\">\n<div class=\"screen-reader-response\"><p role=\"status\" aria-live=\"polite\" aria-atomic=\"true\"><\/p> <ul><\/ul><\/div>\n<form action=\"\/es\/wp-json\/wp\/v2\/product\/4673#wpcf7-f4619-o1\" method=\"post\" class=\"wpcf7-form init\" aria-label=\"Formulario de contacto\" novalidate=\"novalidate\" data-status=\"init\" data-trp-original-action=\"\/es\/wp-json\/wp\/v2\/product\/4673#wpcf7-f4619-o1\">\n<div style=\"display: none;\">\n<input type=\"hidden\" name=\"_wpcf7\" value=\"4619\" \/>\n<input type=\"hidden\" name=\"_wpcf7_version\" value=\"6.0.4\" \/>\n<input type=\"hidden\" name=\"_wpcf7_locale\" value=\"en_US\" \/>\n<input type=\"hidden\" name=\"_wpcf7_unit_tag\" value=\"wpcf7-f4619-o1\" \/>\n<input type=\"hidden\" name=\"_wpcf7_container_post\" value=\"0\" \/>\n<input type=\"hidden\" name=\"_wpcf7_posted_data_hash\" value=\"\" \/>\n<\/div>\n<p><label> Su nombre<br \/>\n<span class=\"wpcf7-form-control-wrap\" data-name=\"your-name\"><input size=\"40\" maxlength=\"400\" class=\"wpcf7-form-control wpcf7-text wpcf7-validates-as-required\" aria-required=\"true\" aria-invalid=\"false\" value=\"\" type=\"text\" name=\"your-name\" \/><\/span> <\/label>\n<\/p>\n<p><label> Su pa\u00eds<br \/>\n<span class=\"wpcf7-form-control-wrap\" data-name=\"your-country\"><input size=\"40\" maxlength=\"400\" class=\"wpcf7-form-control wpcf7-text\" aria-invalid=\"false\" value=\"\" type=\"text\" name=\"your-country\" \/><\/span><\/label>\n<\/p>\n<p><label> Su correo electr\u00f3nico<br \/>\n<span class=\"wpcf7-form-control-wrap\" data-name=\"your-email\"><input size=\"40\" maxlength=\"400\" class=\"wpcf7-form-control wpcf7-email wpcf7-validates-as-required wpcf7-text wpcf7-validates-as-email\" aria-required=\"true\" aria-invalid=\"false\" value=\"\" type=\"email\" name=\"your-email\" \/><\/span> <\/label>\n<\/p>\n<p><label> Tu tel\u00e9fono<br \/>\n<span class=\"wpcf7-form-control-wrap\" data-name=\"your-phone\"><input size=\"40\" maxlength=\"400\" class=\"wpcf7-form-control wpcf7-tel wpcf7-text wpcf7-validates-as-tel\" aria-invalid=\"false\" value=\"\" type=\"tel\" name=\"your-phone\" \/><\/span> <\/label>\n<\/p>\n<p><label> Nombre de su empresa<br \/>\n<span class=\"wpcf7-form-control-wrap\" data-name=\"text-457\"><input size=\"40\" maxlength=\"400\" class=\"wpcf7-form-control wpcf7-text\" aria-invalid=\"false\" value=\"\" type=\"text\" name=\"text-457\" \/><\/span> <\/label>\n<\/p>\n<p><label> El sitio web de su empresa<br \/>\n<span class=\"wpcf7-form-control-wrap\" data-name=\"text-546\"><input size=\"40\" maxlength=\"400\" class=\"wpcf7-form-control wpcf7-text\" aria-invalid=\"false\" value=\"\" type=\"text\" name=\"text-546\" \/><\/span> <\/label>\n<\/p>\n<p><label> Sus requisitos*<br \/>\n<span class=\"wpcf7-form-control-wrap\" data-name=\"your-message\"><textarea cols=\"40\" rows=\"10\" maxlength=\"2000\" class=\"wpcf7-form-control wpcf7-textarea wpcf7-validates-as-required\" aria-required=\"true\" aria-invalid=\"false\" name=\"your-message\"><\/textarea><\/span> <\/label>\n<\/p>\n<p><input class=\"wpcf7-form-control wpcf7-submit has-spinner\" type=\"submit\" value=\"Enviar\" \/>\n<\/p><p style=\"display: none !important;\" class=\"akismet-fields-container\" data-prefix=\"_wpcf7_ak_\"><label>&#916;<textarea name=\"_wpcf7_ak_hp_textarea\" cols=\"45\" rows=\"8\" maxlength=\"100\"><\/textarea><\/label><input type=\"hidden\" id=\"ak_js_1\" name=\"_wpcf7_ak_js\" value=\"218\"\/><script>document.getElementById( \"ak_js_1\" ).setAttribute( \"value\", ( new Date() ).getTime() );<\/script><\/p><div class=\"wpcf7-response-output\" aria-hidden=\"true\"><\/div>\n<input type=\"hidden\" name=\"trp-form-language\" value=\"es\"\/><\/form>\n<\/div>\n\n<p>&nbsp;<\/p>\n<div style='text-align:left' class='yasr-auto-insert-visitor'><\/div>","protected":false},"excerpt":{"rendered":"<p>Marca: GELGOOG<\/p>\n<p>Correo electr\u00f3nico: shanna@machinehall.com<\/p>\n<p>Tel\u00e9fono: +8618638676709<\/p>\n<p>Capacidad: 100~2000KG\/H<\/p>\n<p>Tensi\u00f3n: 380 V<\/p>","protected":false},"featured_media":4677,"comment_status":"open","ping_status":"closed","template":"","meta":{"site-sidebar-layout":"default","site-content-layout":"","ast-site-content-layout":"default","site-content-style":"default","site-sidebar-style":"default","ast-global-header-display":"","ast-banner-title-visibility":"","ast-main-header-display":"","ast-hfb-above-header-display":"","ast-hfb-below-header-display":"","ast-hfb-mobile-header-display":"","site-post-title":"","ast-breadcrumbs-content":"","ast-featured-img":"","footer-sml-layout":"","theme-transparent-header-meta":"default","adv-header-id-meta":"","stick-header-meta":"","header-above-stick-meta":"","header-main-stick-meta":"","header-below-stick-meta":"","astra-migrate-meta-layouts":"set","ast-page-background-enabled":"default","ast-page-background-meta":{"desktop":{"background-color":"","background-image":"","background-repeat":"repeat","background-position":"center center","background-size":"auto","background-attachment":"scroll","background-type":"","background-media":"","overlay-type":"","overlay-color":"","overlay-opacity":"","overlay-gradient":""},"tablet":{"background-color":"","background-image":"","background-repeat":"repeat","background-position":"center center","background-size":"auto","background-attachment":"scroll","background-type":"","background-media":"","overlay-type":"","overlay-color":"","overlay-opacity":"","overlay-gradient":""},"mobile":{"background-color":"","background-image":"","background-repeat":"repeat","background-position":"center center","background-size":"auto","background-attachment":"scroll","background-type":"","background-media":"","overlay-type":"","overlay-color":"","overlay-opacity":"","overlay-gradient":""}},"ast-content-background-meta":{"desktop":{"background-color":"var(--ast-global-color-5)","background-image":"","background-repeat":"repeat","background-position":"center center","background-size":"auto","background-attachment":"scroll","background-type":"","background-media":"","overlay-type":"","overlay-color":"","overlay-opacity":"","overlay-gradient":""},"tablet":{"background-color":"var(--ast-global-color-5)","background-image":"","background-repeat":"repeat","background-position":"center center","background-size":"auto","background-attachment":"scroll","background-type":"","background-media":"","overlay-type":"","overlay-color":"","overlay-opacity":"","overlay-gradient":""},"mobile":{"background-color":"var(--ast-global-color-5)","background-image":"","background-repeat":"repeat","background-position":"center center","background-size":"auto","background-attachment":"scroll","background-type":"","background-media":"","overlay-type":"","overlay-color":"","overlay-opacity":"","overlay-gradient":""}},"yasr_overall_rating":5,"yasr_post_is_review":"","yasr_auto_insert_disabled":"","yasr_review_type":""},"product_brand":[],"product_cat":[25],"product_tag":[],"class_list":{"0":"post-4673","1":"product","2":"type-product","3":"status-publish","4":"has-post-thumbnail","6":"product_cat-soft-biscuit-production-line","7":"desktop-align-left","8":"tablet-align-left","9":"mobile-align-left","11":"first","12":"instock","13":"shipping-taxable","14":"product-type-simple"},"yoast_head":"<!-- This site is optimized with the Yoast SEO plugin v24.4 - https:\/\/yoast.com\/wordpress\/plugins\/seo\/ -->\n<title>Lady Finger Biscuit Production Line Quality Assurance - Biscuit Production Solution Manufacturer<\/title>\n<meta name=\"description\" content=\"lady finger biscuit production line is a set of automated equipment used for producing finger biscuits that realize continuous and large-scale production.\" \/>\n<meta name=\"robots\" content=\"index, follow, max-snippet:-1, max-image-preview:large, max-video-preview:-1\" \/>\n<link rel=\"canonical\" href=\"https:\/\/www.biscuitsolution.com\/es\/producto\/lady-finger-biscuit-production-line\/\" \/>\n<meta property=\"og:locale\" content=\"es_ES\" \/>\n<meta property=\"og:type\" content=\"article\" \/>\n<meta property=\"og:title\" content=\"Lady Finger Biscuit Production Line Quality Assurance - Biscuit Production Solution Manufacturer\" \/>\n<meta property=\"og:description\" content=\"lady finger biscuit production line is a set of automated equipment used for producing finger biscuits that realize continuous and large-scale production.\" \/>\n<meta property=\"og:url\" content=\"https:\/\/www.biscuitsolution.com\/es\/producto\/lady-finger-biscuit-production-line\/\" \/>\n<meta property=\"og:site_name\" content=\"Biscuit Production Solution Manufacturer\" \/>\n<meta property=\"article:publisher\" content=\"https:\/\/www.facebook.com\/profile.php?id=100095205040823\" \/>\n<meta property=\"article:modified_time\" content=\"2025-12-23T06:27:21+00:00\" \/>\n<meta property=\"og:image\" content=\"https:\/\/www.biscuitsolution.com\/wp-content\/uploads\/2025\/02\/\u4e3b\u56fe-1.jpg\" \/>\n\t<meta property=\"og:image:width\" content=\"600\" \/>\n\t<meta property=\"og:image:height\" content=\"600\" \/>\n\t<meta property=\"og:image:type\" content=\"image\/jpeg\" \/>\n<meta name=\"twitter:card\" content=\"summary_large_image\" \/>\n<meta name=\"twitter:site\" content=\"@shanna_zha26342\" \/>\n<meta name=\"twitter:label1\" content=\"Tiempo de lectura\" \/>\n\t<meta name=\"twitter:data1\" content=\"3 minutos\" \/>\n<script type=\"application\/ld+json\" class=\"yoast-schema-graph\">{\"@context\":\"https:\/\/schema.org\",\"@graph\":[{\"@type\":\"WebPage\",\"@id\":\"https:\/\/www.biscuitsolution.com\/product\/lady-finger-biscuit-production-line\/\",\"url\":\"https:\/\/www.biscuitsolution.com\/product\/lady-finger-biscuit-production-line\/\",\"name\":\"Lady Finger Biscuit Production Line Quality Assurance - Biscuit Production Solution Manufacturer\",\"isPartOf\":{\"@id\":\"https:\/\/www.biscuitsolution.com\/#website\"},\"primaryImageOfPage\":{\"@id\":\"https:\/\/www.biscuitsolution.com\/product\/lady-finger-biscuit-production-line\/#primaryimage\"},\"image\":{\"@id\":\"https:\/\/www.biscuitsolution.com\/product\/lady-finger-biscuit-production-line\/#primaryimage\"},\"thumbnailUrl\":\"https:\/\/www.biscuitsolution.com\/wp-content\/uploads\/2025\/02\/\u4e3b\u56fe-1.jpg\",\"datePublished\":\"2025-02-19T09:17:50+00:00\",\"dateModified\":\"2025-12-23T06:27:21+00:00\",\"description\":\"lady finger biscuit production line is a set of automated equipment used for producing finger biscuits that realize continuous and large-scale production.\",\"breadcrumb\":{\"@id\":\"https:\/\/www.biscuitsolution.com\/product\/lady-finger-biscuit-production-line\/#breadcrumb\"},\"inLanguage\":\"es\",\"potentialAction\":[{\"@type\":\"ReadAction\",\"target\":[\"https:\/\/www.biscuitsolution.com\/product\/lady-finger-biscuit-production-line\/\"]}]},{\"@type\":\"ImageObject\",\"inLanguage\":\"es\",\"@id\":\"https:\/\/www.biscuitsolution.com\/product\/lady-finger-biscuit-production-line\/#primaryimage\",\"url\":\"https:\/\/www.biscuitsolution.com\/wp-content\/uploads\/2025\/02\/\u4e3b\u56fe-1.jpg\",\"contentUrl\":\"https:\/\/www.biscuitsolution.com\/wp-content\/uploads\/2025\/02\/\u4e3b\u56fe-1.jpg\",\"width\":600,\"height\":600},{\"@type\":\"BreadcrumbList\",\"@id\":\"https:\/\/www.biscuitsolution.com\/product\/lady-finger-biscuit-production-line\/#breadcrumb\",\"itemListElement\":[{\"@type\":\"ListItem\",\"position\":1,\"name\":\"Home\",\"item\":\"https:\/\/www.biscuitsolution.com\/\"},{\"@type\":\"ListItem\",\"position\":2,\"name\":\"Product\",\"item\":\"https:\/\/www.biscuitsolution.com\/product\/\"},{\"@type\":\"ListItem\",\"position\":3,\"name\":\"Lady Finger Biscuit Production Line Quality Assurance\"}]},{\"@type\":\"WebSite\",\"@id\":\"https:\/\/www.biscuitsolution.com\/#website\",\"url\":\"https:\/\/www.biscuitsolution.com\/\",\"name\":\"Biscuit Production Solution Manufacturer\",\"description\":\"\",\"potentialAction\":[{\"@type\":\"SearchAction\",\"target\":{\"@type\":\"EntryPoint\",\"urlTemplate\":\"https:\/\/www.biscuitsolution.com\/?s={search_term_string}\"},\"query-input\":{\"@type\":\"PropertyValueSpecification\",\"valueRequired\":true,\"valueName\":\"search_term_string\"}}],\"inLanguage\":\"es\"},false]}<\/script>\n<!-- \/ Yoast SEO plugin. -->","yoast_head_json":{"title":"Garant\u00eda de calidad de la l\u00ednea de producci\u00f3n de galletas Lady Finger - Fabricante de soluciones para la producci\u00f3n de galletas","description":"La l\u00ednea de producci\u00f3n de galletas de dedo lady es un conjunto de equipos automatizados utilizados para la producci\u00f3n de galletas de dedo que realizan una producci\u00f3n continua y a gran escala.","robots":{"index":"index","follow":"follow","max-snippet":"max-snippet:-1","max-image-preview":"max-image-preview:large","max-video-preview":"max-video-preview:-1"},"canonical":"https:\/\/www.biscuitsolution.com\/es\/producto\/lady-finger-biscuit-production-line\/","og_locale":"es_ES","og_type":"article","og_title":"Lady Finger Biscuit Production Line Quality Assurance - Biscuit Production Solution Manufacturer","og_description":"lady finger biscuit production line is a set of automated equipment used for producing finger biscuits that realize continuous and large-scale production.","og_url":"https:\/\/www.biscuitsolution.com\/es\/producto\/lady-finger-biscuit-production-line\/","og_site_name":"Biscuit Production Solution Manufacturer","article_publisher":"https:\/\/www.facebook.com\/profile.php?id=100095205040823","article_modified_time":"2025-12-23T06:27:21+00:00","og_image":[{"width":600,"height":600,"url":"https:\/\/www.biscuitsolution.com\/wp-content\/uploads\/2025\/02\/\u4e3b\u56fe-1.jpg","type":"image\/jpeg"}],"twitter_card":"summary_large_image","twitter_site":"@shanna_zha26342","twitter_misc":{"Tiempo de lectura":"3 minutos"},"schema":{"@context":"https:\/\/schema.org","@graph":[{"@type":"WebPage","@id":"https:\/\/www.biscuitsolution.com\/product\/lady-finger-biscuit-production-line\/","url":"https:\/\/www.biscuitsolution.com\/product\/lady-finger-biscuit-production-line\/","name":"Garant\u00eda de calidad de la l\u00ednea de producci\u00f3n de galletas Lady Finger - Fabricante de soluciones para la producci\u00f3n de galletas","isPartOf":{"@id":"https:\/\/www.biscuitsolution.com\/#website"},"primaryImageOfPage":{"@id":"https:\/\/www.biscuitsolution.com\/product\/lady-finger-biscuit-production-line\/#primaryimage"},"image":{"@id":"https:\/\/www.biscuitsolution.com\/product\/lady-finger-biscuit-production-line\/#primaryimage"},"thumbnailUrl":"https:\/\/www.biscuitsolution.com\/wp-content\/uploads\/2025\/02\/\u4e3b\u56fe-1.jpg","datePublished":"2025-02-19T09:17:50+00:00","dateModified":"2025-12-23T06:27:21+00:00","description":"La l\u00ednea de producci\u00f3n de galletas de dedo lady es un conjunto de equipos automatizados utilizados para la producci\u00f3n de galletas de dedo que realizan una producci\u00f3n continua y a gran escala.","breadcrumb":{"@id":"https:\/\/www.biscuitsolution.com\/product\/lady-finger-biscuit-production-line\/#breadcrumb"},"inLanguage":"es","potentialAction":[{"@type":"ReadAction","target":["https:\/\/www.biscuitsolution.com\/product\/lady-finger-biscuit-production-line\/"]}]},{"@type":"ImageObject","inLanguage":"es","@id":"https:\/\/www.biscuitsolution.com\/product\/lady-finger-biscuit-production-line\/#primaryimage","url":"https:\/\/www.biscuitsolution.com\/wp-content\/uploads\/2025\/02\/\u4e3b\u56fe-1.jpg","contentUrl":"https:\/\/www.biscuitsolution.com\/wp-content\/uploads\/2025\/02\/\u4e3b\u56fe-1.jpg","width":600,"height":600},{"@type":"BreadcrumbList","@id":"https:\/\/www.biscuitsolution.com\/product\/lady-finger-biscuit-production-line\/#breadcrumb","itemListElement":[{"@type":"ListItem","position":1,"name":"Home","item":"https:\/\/www.biscuitsolution.com\/"},{"@type":"ListItem","position":2,"name":"Product","item":"https:\/\/www.biscuitsolution.com\/product\/"},{"@type":"ListItem","position":3,"name":"Lady Finger Biscuit Production Line Quality Assurance"}]},{"@type":"WebSite","@id":"https:\/\/www.biscuitsolution.com\/#website","url":"https:\/\/www.biscuitsolution.com\/","name":"Fabricante de soluciones para la producci\u00f3n de galletas","description":"","potentialAction":[{"@type":"SearchAction","target":{"@type":"EntryPoint","urlTemplate":"https:\/\/www.biscuitsolution.com\/?s={search_term_string}"},"query-input":{"@type":"PropertyValueSpecification","valueRequired":true,"valueName":"search_term_string"}}],"inLanguage":"es"},false]}},"yasr_visitor_votes":{"stars_attributes":{"read_only":false,"span_bottom":false},"number_of_votes":1,"sum_votes":5},"_links":{"self":[{"href":"https:\/\/www.biscuitsolution.com\/es\/wp-json\/wp\/v2\/product\/4673","targetHints":{"allow":["GET"]}}],"collection":[{"href":"https:\/\/www.biscuitsolution.com\/es\/wp-json\/wp\/v2\/product"}],"about":[{"href":"https:\/\/www.biscuitsolution.com\/es\/wp-json\/wp\/v2\/types\/product"}],"replies":[{"embeddable":true,"href":"https:\/\/www.biscuitsolution.com\/es\/wp-json\/wp\/v2\/comments?post=4673"}],"version-history":[{"count":3,"href":"https:\/\/www.biscuitsolution.com\/es\/wp-json\/wp\/v2\/product\/4673\/revisions"}],"predecessor-version":[{"id":5860,"href":"https:\/\/www.biscuitsolution.com\/es\/wp-json\/wp\/v2\/product\/4673\/revisions\/5860"}],"wp:featuredmedia":[{"embeddable":true,"href":"https:\/\/www.biscuitsolution.com\/es\/wp-json\/wp\/v2\/media\/4677"}],"wp:attachment":[{"href":"https:\/\/www.biscuitsolution.com\/es\/wp-json\/wp\/v2\/media?parent=4673"}],"wp:term":[{"taxonomy":"product_brand","embeddable":true,"href":"https:\/\/www.biscuitsolution.com\/es\/wp-json\/wp\/v2\/product_brand?post=4673"},{"taxonomy":"product_cat","embeddable":true,"href":"https:\/\/www.biscuitsolution.com\/es\/wp-json\/wp\/v2\/product_cat?post=4673"},{"taxonomy":"product_tag","embeddable":true,"href":"https:\/\/www.biscuitsolution.com\/es\/wp-json\/wp\/v2\/product_tag?post=4673"}],"curies":[{"name":"wp","href":"https:\/\/api.w.org\/{rel}","templated":true}]}}