{"id":4668,"date":"2025-02-19T09:10:24","date_gmt":"2025-02-19T09:10:24","guid":{"rendered":"https:\/\/www.biscuitsolution.com\/?post_type=product&#038;p=4668"},"modified":"2025-02-19T09:10:24","modified_gmt":"2025-02-19T09:10:24","slug":"automatic-marie-biscuit-production-line","status":"publish","type":"product","link":"https:\/\/www.biscuitsolution.com\/es\/producto\/automatic-marie-biscuit-production-line\/","title":{"rendered":"L\u00ednea de producci\u00f3n autom\u00e1tica de galletas Marie Accionamiento el\u00e9ctrico"},"content":{"rendered":"<p>En <strong>l\u00ednea autom\u00e1tica de producci\u00f3n de galletas marie<\/strong>\u00a0El proceso de producci\u00f3n industrial se divide en cuatro etapas, principalmente la mezcla de materias primas, la formaci\u00f3n de la masa, la formaci\u00f3n de la galleta, el horneado, el enfriamiento y el envasado.<\/p>\n<p><img fetchpriority=\"high\" decoding=\"async\" class=\"alignnone size-full wp-image-4669\" src=\"https:\/\/www.biscuitsolution.com\/wp-content\/uploads\/2025\/02\/automatic-marie-biscuit-production-line.jpg\" alt=\"l\u00ednea autom\u00e1tica de producci\u00f3n de galletas marie\" width=\"800\" height=\"450\" srcset=\"https:\/\/www.biscuitsolution.com\/wp-content\/uploads\/2025\/02\/automatic-marie-biscuit-production-line.jpg 800w, https:\/\/www.biscuitsolution.com\/wp-content\/uploads\/2025\/02\/automatic-marie-biscuit-production-line-600x338.jpg 600w, https:\/\/www.biscuitsolution.com\/wp-content\/uploads\/2025\/02\/automatic-marie-biscuit-production-line-300x169.jpg 300w, https:\/\/www.biscuitsolution.com\/wp-content\/uploads\/2025\/02\/automatic-marie-biscuit-production-line-768x432.jpg 768w\" sizes=\"(max-width: 800px) 100vw, 800px\" \/><\/p>\n<h2>Componentes principales de la l\u00ednea de producci\u00f3n de galletas Marie<\/h2>\n<ul>\n<li>Amasadora: incluye amasadora horizontal y amasadora vertical, utilizadas para mezclar uniformemente harina, agua, az\u00facar y otras materias primas en la masa.<\/li>\n<li>M\u00e1quina autom\u00e1tica de vertido de masa y sistema de alimentaci\u00f3n: vierte autom\u00e1ticamente la masa amasada en el equipo de formado posterior.<\/li>\n<li>Laminadora de tres rodillos: presiona la masa en finas l\u00e1minas para prepararla para el formado.<\/li>\n<li>M\u00e1quina laminadora: apila varias capas de finas l\u00e1minas de masa para aumentar la estratificaci\u00f3n de las galletas.<\/li>\n<li>M\u00e1quina formadora: incluye la m\u00e1quina formadora de cuchillas giratorias y la m\u00e1quina formadora de moldes, que corta o prensa la masa en galletas de diferentes formas seg\u00fan sea necesario.<\/li>\n<li>Horno t\u00fanel: utiliza diversas fuentes de calor (como electricidad, gas, gas\u00f3leo, etc.) para cocer la masa y convertirla en galletas crujientes y deliciosas.<\/li>\n<li>Cinta de enfriamiento y apiladora: enfr\u00eda y apila las galletas horneadas para su posterior envasado.<\/li>\n<li>Envasadora: Envasa las galletas enfriadas para garantizar que los productos se mantengan frescos durante el transporte y la venta.<\/li>\n<\/ul>\n<p><img decoding=\"async\" class=\"alignnone size-full wp-image-4670\" src=\"https:\/\/www.biscuitsolution.com\/wp-content\/uploads\/2025\/02\/automatic-marie-biscuit-production-lines.jpg\" alt=\"l\u00ednea de producci\u00f3n de galletas marie\" width=\"800\" height=\"450\" srcset=\"https:\/\/www.biscuitsolution.com\/wp-content\/uploads\/2025\/02\/automatic-marie-biscuit-production-lines.jpg 800w, https:\/\/www.biscuitsolution.com\/wp-content\/uploads\/2025\/02\/automatic-marie-biscuit-production-lines-600x338.jpg 600w, https:\/\/www.biscuitsolution.com\/wp-content\/uploads\/2025\/02\/automatic-marie-biscuit-production-lines-300x169.jpg 300w, https:\/\/www.biscuitsolution.com\/wp-content\/uploads\/2025\/02\/automatic-marie-biscuit-production-lines-768x432.jpg 768w\" sizes=\"(max-width: 800px) 100vw, 800px\" \/><\/p>\n<h2>L\u00ednea de producci\u00f3n autom\u00e1tica de galletas Marie Proceso de producci\u00f3n<\/h2>\n<ul>\n<li>Mezcla de materias primas: Poner harina, agua, az\u00facar y otras materias primas en la amasadora y mezclarlas para formar una masa uniforme.<\/li>\n<li>Formaci\u00f3n de la masa: La masa mezclada se env\u00eda a la laminadora de tres rodillos y a la laminadora a trav\u00e9s de la m\u00e1quina autom\u00e1tica de vertido de masa y el sistema de alimentaci\u00f3n, se prensa en finas l\u00e1minas y se apila en m\u00faltiples capas.<\/li>\n<li>Formaci\u00f3n de galletas: La masa multicapa es cortada o prensada en la forma \u00fanica de las galletas Marie por la m\u00e1quina formadora.<\/li>\n<li>Horneado: Las galletas formadas se env\u00edan al horno de t\u00fanel para que se horneen y queden crujientes.<\/li>\n<li>Enfriamiento y envasado: Despu\u00e9s de que las galletas horneadas se enfr\u00eden mediante la cinta transportadora de enfriamiento, se apilan mediante la m\u00e1quina apiladora y finalmente se envasan mediante la m\u00e1quina envasadora<\/li>\n<\/ul>\n<div class=\"ast-oembed-container\" style=\"height: 100%;\"><iframe title=\"Producci\u00f3n s\u00faper alta L\u00ednea de producci\u00f3n autom\u00e1tica de galletas duras\" width=\"500\" height=\"281\" src=\"https:\/\/www.youtube.com\/embed\/--GGk0Xd-so?feature=oembed\" frameborder=\"0\" allow=\"accelerometer; autoplay; clipboard-write; encrypted-media; gyroscope; picture-in-picture; web-share\" referrerpolicy=\"strict-origin-when-cross-origin\" allowfullscreen><\/iframe><\/div>\n<h2>Caracter\u00edsticas de la l\u00ednea de producci\u00f3n de galletas Marie<\/h2>\n<ul>\n<li>Funcionamiento totalmente automatizado: Una serie de procesos, desde el transporte de materias primas, la mezcla, el moldeado, el horneado, la pulverizaci\u00f3n de aceite, el enfriamiento hasta el envasado, se completan con equipos automatizados, lo que reduce en gran medida la intervenci\u00f3n manual y mejora la eficiencia de la producci\u00f3n y la estabilidad de la calidad del producto.<\/li>\n<li>Cambio y ajuste r\u00e1pido del molde: El equipo de moldeo de la l\u00ednea de producci\u00f3n generalmente tiene la funci\u00f3n de cambio y ajuste r\u00e1pido de molde, que puede completar el reemplazo de molde y el ajuste de par\u00e1metros del equipo en poco tiempo, reducir el tiempo de cambio de producci\u00f3n y mejorar la utilizaci\u00f3n del equipo.<\/li>\n<li>Funcionamiento continuo y estable: La l\u00ednea de producci\u00f3n autom\u00e1tica de galletas marie tiene un dise\u00f1o razonable, una estructura compacta y una conexi\u00f3n estrecha entre varias partes. Puede lograr una operaci\u00f3n de producci\u00f3n continua y estable a largo plazo, y la capacidad de producci\u00f3n suele ser alta.<\/li>\n<li>Producci\u00f3n de m\u00faltiples productos: Se pueden producir galletas Marie de diversas formas, sabores y especificaciones sustituyendo diferentes moldes y ajustando el proceso de producci\u00f3n.<\/li>\n<li>Cumplimiento de las normas de higiene alimentaria: El equipo est\u00e1 fabricado en acero inoxidable de calidad alimentaria, que es f\u00e1cil de limpiar y desinfectar, cumple las estrictas normas de higiene alimentaria y evita que los alimentos se contaminen.<\/li>\n<\/ul>\n<h2>Deje un mensaje para obtener un presupuesto<\/h2>\n\n<div class=\"wpcf7 no-js\" id=\"wpcf7-f4619-o1\" lang=\"en-US\" dir=\"ltr\" data-wpcf7-id=\"4619\">\n<div class=\"screen-reader-response\"><p role=\"status\" aria-live=\"polite\" aria-atomic=\"true\"><\/p> <ul><\/ul><\/div>\n<form action=\"\/es\/wp-json\/wp\/v2\/product\/4668#wpcf7-f4619-o1\" method=\"post\" class=\"wpcf7-form init\" aria-label=\"Formulario de contacto\" novalidate=\"novalidate\" data-status=\"init\" data-trp-original-action=\"\/es\/wp-json\/wp\/v2\/product\/4668#wpcf7-f4619-o1\">\n<div style=\"display: none;\">\n<input type=\"hidden\" name=\"_wpcf7\" value=\"4619\" \/>\n<input type=\"hidden\" name=\"_wpcf7_version\" value=\"6.0.4\" \/>\n<input type=\"hidden\" name=\"_wpcf7_locale\" value=\"en_US\" \/>\n<input type=\"hidden\" name=\"_wpcf7_unit_tag\" value=\"wpcf7-f4619-o1\" \/>\n<input type=\"hidden\" name=\"_wpcf7_container_post\" value=\"0\" \/>\n<input type=\"hidden\" name=\"_wpcf7_posted_data_hash\" value=\"\" \/>\n<\/div>\n<p><label> Su nombre<br \/>\n<span class=\"wpcf7-form-control-wrap\" data-name=\"your-name\"><input size=\"40\" maxlength=\"400\" class=\"wpcf7-form-control wpcf7-text wpcf7-validates-as-required\" aria-required=\"true\" aria-invalid=\"false\" value=\"\" type=\"text\" name=\"your-name\" \/><\/span> <\/label>\n<\/p>\n<p><label> Su pa\u00eds<br \/>\n<span class=\"wpcf7-form-control-wrap\" data-name=\"your-country\"><input size=\"40\" maxlength=\"400\" class=\"wpcf7-form-control wpcf7-text\" aria-invalid=\"false\" value=\"\" type=\"text\" name=\"your-country\" \/><\/span><\/label>\n<\/p>\n<p><label> Su correo electr\u00f3nico<br \/>\n<span class=\"wpcf7-form-control-wrap\" data-name=\"your-email\"><input size=\"40\" maxlength=\"400\" class=\"wpcf7-form-control wpcf7-email wpcf7-validates-as-required wpcf7-text wpcf7-validates-as-email\" aria-required=\"true\" aria-invalid=\"false\" value=\"\" type=\"email\" name=\"your-email\" \/><\/span> <\/label>\n<\/p>\n<p><label> Tu tel\u00e9fono<br \/>\n<span class=\"wpcf7-form-control-wrap\" data-name=\"your-phone\"><input size=\"40\" maxlength=\"400\" class=\"wpcf7-form-control wpcf7-tel wpcf7-text wpcf7-validates-as-tel\" aria-invalid=\"false\" value=\"\" type=\"tel\" name=\"your-phone\" \/><\/span> <\/label>\n<\/p>\n<p><label> Nombre de su empresa<br \/>\n<span class=\"wpcf7-form-control-wrap\" data-name=\"text-457\"><input size=\"40\" maxlength=\"400\" class=\"wpcf7-form-control wpcf7-text\" aria-invalid=\"false\" value=\"\" type=\"text\" name=\"text-457\" \/><\/span> <\/label>\n<\/p>\n<p><label> El sitio web de su empresa<br \/>\n<span class=\"wpcf7-form-control-wrap\" data-name=\"text-546\"><input size=\"40\" maxlength=\"400\" class=\"wpcf7-form-control wpcf7-text\" aria-invalid=\"false\" value=\"\" type=\"text\" name=\"text-546\" \/><\/span> <\/label>\n<\/p>\n<p><label> Sus requisitos*<br \/>\n<span class=\"wpcf7-form-control-wrap\" data-name=\"your-message\"><textarea cols=\"40\" rows=\"10\" maxlength=\"2000\" class=\"wpcf7-form-control wpcf7-textarea wpcf7-validates-as-required\" aria-required=\"true\" aria-invalid=\"false\" name=\"your-message\"><\/textarea><\/span> <\/label>\n<\/p>\n<p><input class=\"wpcf7-form-control wpcf7-submit has-spinner\" type=\"submit\" value=\"Enviar\" \/>\n<\/p><p style=\"display: none !important;\" class=\"akismet-fields-container\" data-prefix=\"_wpcf7_ak_\"><label>&#916;<textarea name=\"_wpcf7_ak_hp_textarea\" cols=\"45\" rows=\"8\" maxlength=\"100\"><\/textarea><\/label><input type=\"hidden\" id=\"ak_js_1\" name=\"_wpcf7_ak_js\" value=\"149\"\/><script>document.getElementById( \"ak_js_1\" ).setAttribute( \"value\", ( new Date() ).getTime() );<\/script><\/p><div class=\"wpcf7-response-output\" aria-hidden=\"true\"><\/div>\n<input type=\"hidden\" name=\"trp-form-language\" value=\"es\"\/><\/form>\n<\/div>\n\n<div style='text-align:left' class='yasr-auto-insert-visitor'><\/div>","protected":false},"excerpt":{"rendered":"<p>Marca: GELGOOG<\/p>\n<p>Tensi\u00f3n: 380 V<\/p>\n<p>Correo electr\u00f3nico: shanna@machinehall.com<\/p>\n<p>Tel\u00e9fono: +8618638676709<\/p>\n<p>Aplicaci\u00f3n:Galletas Marie y otras galletas duras<\/p>","protected":false},"featured_media":4671,"comment_status":"open","ping_status":"closed","template":"","meta":{"site-sidebar-layout":"default","site-content-layout":"","ast-site-content-layout":"default","site-content-style":"default","site-sidebar-style":"default","ast-global-header-display":"","ast-banner-title-visibility":"","ast-main-header-display":"","ast-hfb-above-header-display":"","ast-hfb-below-header-display":"","ast-hfb-mobile-header-display":"","site-post-title":"","ast-breadcrumbs-content":"","ast-featured-img":"","footer-sml-layout":"","theme-transparent-header-meta":"default","adv-header-id-meta":"","stick-header-meta":"","header-above-stick-meta":"","header-main-stick-meta":"","header-below-stick-meta":"","astra-migrate-meta-layouts":"set","ast-page-background-enabled":"default","ast-page-background-meta":{"desktop":{"background-color":"","background-image":"","background-repeat":"repeat","background-position":"center center","background-size":"auto","background-attachment":"scroll","background-type":"","background-media":"","overlay-type":"","overlay-color":"","overlay-opacity":"","overlay-gradient":""},"tablet":{"background-color":"","background-image":"","background-repeat":"repeat","background-position":"center center","background-size":"auto","background-attachment":"scroll","background-type":"","background-media":"","overlay-type":"","overlay-color":"","overlay-opacity":"","overlay-gradient":""},"mobile":{"background-color":"","background-image":"","background-repeat":"repeat","background-position":"center center","background-size":"auto","background-attachment":"scroll","background-type":"","background-media":"","overlay-type":"","overlay-color":"","overlay-opacity":"","overlay-gradient":""}},"ast-content-background-meta":{"desktop":{"background-color":"var(--ast-global-color-5)","background-image":"","background-repeat":"repeat","background-position":"center center","background-size":"auto","background-attachment":"scroll","background-type":"","background-media":"","overlay-type":"","overlay-color":"","overlay-opacity":"","overlay-gradient":""},"tablet":{"background-color":"var(--ast-global-color-5)","background-image":"","background-repeat":"repeat","background-position":"center center","background-size":"auto","background-attachment":"scroll","background-type":"","background-media":"","overlay-type":"","overlay-color":"","overlay-opacity":"","overlay-gradient":""},"mobile":{"background-color":"var(--ast-global-color-5)","background-image":"","background-repeat":"repeat","background-position":"center center","background-size":"auto","background-attachment":"scroll","background-type":"","background-media":"","overlay-type":"","overlay-color":"","overlay-opacity":"","overlay-gradient":""}},"yasr_overall_rating":0,"yasr_post_is_review":"","yasr_auto_insert_disabled":"","yasr_review_type":""},"product_brand":[],"product_cat":[22],"product_tag":[],"class_list":{"0":"post-4668","1":"product","2":"type-product","3":"status-publish","4":"has-post-thumbnail","6":"product_cat-hard-biscuit-production-line","7":"desktop-align-left","8":"tablet-align-left","9":"mobile-align-left","11":"first","12":"instock","13":"shipping-taxable","14":"product-type-simple"},"yoast_head":"<!-- This site is optimized with the Yoast SEO plugin v24.4 - https:\/\/yoast.com\/wordpress\/plugins\/seo\/ -->\n<title>Automatic Marie Biscuit Production Line Electric Drive - Biscuit Production Solution Manufacturer<\/title>\n<meta name=\"description\" content=\"In the automatic marie biscuit production line, some equipment is powered by electricity, which can effectively reduce energy consumption and reduce costs.\" \/>\n<meta name=\"robots\" content=\"index, follow, max-snippet:-1, max-image-preview:large, max-video-preview:-1\" \/>\n<link rel=\"canonical\" href=\"https:\/\/www.biscuitsolution.com\/es\/producto\/automatic-marie-biscuit-production-line\/\" \/>\n<meta property=\"og:locale\" content=\"es_ES\" \/>\n<meta property=\"og:type\" content=\"article\" \/>\n<meta property=\"og:title\" content=\"Automatic Marie Biscuit Production Line Electric Drive - Biscuit Production Solution Manufacturer\" \/>\n<meta property=\"og:description\" content=\"In the automatic marie biscuit production line, some equipment is powered by electricity, which can effectively reduce energy consumption and reduce costs.\" \/>\n<meta property=\"og:url\" content=\"https:\/\/www.biscuitsolution.com\/es\/producto\/automatic-marie-biscuit-production-line\/\" \/>\n<meta property=\"og:site_name\" content=\"Biscuit Production Solution Manufacturer\" \/>\n<meta property=\"article:publisher\" content=\"https:\/\/www.facebook.com\/profile.php?id=100095205040823\" \/>\n<meta property=\"og:image\" content=\"https:\/\/www.biscuitsolution.com\/wp-content\/uploads\/2025\/02\/\u4e3b\u56fe.jpg\" \/>\n\t<meta property=\"og:image:width\" content=\"600\" \/>\n\t<meta property=\"og:image:height\" content=\"600\" \/>\n\t<meta property=\"og:image:type\" content=\"image\/jpeg\" \/>\n<meta name=\"twitter:card\" content=\"summary_large_image\" \/>\n<meta name=\"twitter:site\" content=\"@shanna_zha26342\" \/>\n<meta name=\"twitter:label1\" content=\"Tiempo de lectura\" \/>\n\t<meta name=\"twitter:data1\" content=\"3 minutos\" \/>\n<script type=\"application\/ld+json\" class=\"yoast-schema-graph\">{\"@context\":\"https:\/\/schema.org\",\"@graph\":[{\"@type\":\"WebPage\",\"@id\":\"https:\/\/www.biscuitsolution.com\/product\/automatic-marie-biscuit-production-line\/\",\"url\":\"https:\/\/www.biscuitsolution.com\/product\/automatic-marie-biscuit-production-line\/\",\"name\":\"Automatic Marie Biscuit Production Line Electric Drive - Biscuit Production Solution Manufacturer\",\"isPartOf\":{\"@id\":\"https:\/\/www.biscuitsolution.com\/#website\"},\"primaryImageOfPage\":{\"@id\":\"https:\/\/www.biscuitsolution.com\/product\/automatic-marie-biscuit-production-line\/#primaryimage\"},\"image\":{\"@id\":\"https:\/\/www.biscuitsolution.com\/product\/automatic-marie-biscuit-production-line\/#primaryimage\"},\"thumbnailUrl\":\"https:\/\/www.biscuitsolution.com\/wp-content\/uploads\/2025\/02\/\u4e3b\u56fe.jpg\",\"datePublished\":\"2025-02-19T09:10:24+00:00\",\"description\":\"In the automatic marie biscuit production line, some equipment is powered by electricity, which can effectively reduce energy consumption and reduce costs.\",\"breadcrumb\":{\"@id\":\"https:\/\/www.biscuitsolution.com\/product\/automatic-marie-biscuit-production-line\/#breadcrumb\"},\"inLanguage\":\"es\",\"potentialAction\":[{\"@type\":\"ReadAction\",\"target\":[\"https:\/\/www.biscuitsolution.com\/product\/automatic-marie-biscuit-production-line\/\"]}]},{\"@type\":\"ImageObject\",\"inLanguage\":\"es\",\"@id\":\"https:\/\/www.biscuitsolution.com\/product\/automatic-marie-biscuit-production-line\/#primaryimage\",\"url\":\"https:\/\/www.biscuitsolution.com\/wp-content\/uploads\/2025\/02\/\u4e3b\u56fe.jpg\",\"contentUrl\":\"https:\/\/www.biscuitsolution.com\/wp-content\/uploads\/2025\/02\/\u4e3b\u56fe.jpg\",\"width\":600,\"height\":600,\"caption\":\"automatic marie biscuit production line\"},{\"@type\":\"BreadcrumbList\",\"@id\":\"https:\/\/www.biscuitsolution.com\/product\/automatic-marie-biscuit-production-line\/#breadcrumb\",\"itemListElement\":[{\"@type\":\"ListItem\",\"position\":1,\"name\":\"Home\",\"item\":\"https:\/\/www.biscuitsolution.com\/\"},{\"@type\":\"ListItem\",\"position\":2,\"name\":\"Product\",\"item\":\"https:\/\/www.biscuitsolution.com\/product\/\"},{\"@type\":\"ListItem\",\"position\":3,\"name\":\"Automatic Marie Biscuit Production Line Electric Drive\"}]},{\"@type\":\"WebSite\",\"@id\":\"https:\/\/www.biscuitsolution.com\/#website\",\"url\":\"https:\/\/www.biscuitsolution.com\/\",\"name\":\"Biscuit Production Solution Manufacturer\",\"description\":\"\",\"potentialAction\":[{\"@type\":\"SearchAction\",\"target\":{\"@type\":\"EntryPoint\",\"urlTemplate\":\"https:\/\/www.biscuitsolution.com\/?s={search_term_string}\"},\"query-input\":{\"@type\":\"PropertyValueSpecification\",\"valueRequired\":true,\"valueName\":\"search_term_string\"}}],\"inLanguage\":\"es\"},false]}<\/script>\n<!-- \/ Yoast SEO plugin. -->","yoast_head_json":{"title":"L\u00ednea de producci\u00f3n autom\u00e1tica de galletas Marie Accionamiento el\u00e9ctrico - Fabricante de soluciones para la producci\u00f3n de galletas","description":"En la l\u00ednea de producci\u00f3n autom\u00e1tica de galletas marie, algunos equipos funcionan con electricidad, lo que permite reducir eficazmente el consumo de energ\u00eda y reducir los costes.","robots":{"index":"index","follow":"follow","max-snippet":"max-snippet:-1","max-image-preview":"max-image-preview:large","max-video-preview":"max-video-preview:-1"},"canonical":"https:\/\/www.biscuitsolution.com\/es\/producto\/automatic-marie-biscuit-production-line\/","og_locale":"es_ES","og_type":"article","og_title":"Automatic Marie Biscuit Production Line Electric Drive - Biscuit Production Solution Manufacturer","og_description":"In the automatic marie biscuit production line, some equipment is powered by electricity, which can effectively reduce energy consumption and reduce costs.","og_url":"https:\/\/www.biscuitsolution.com\/es\/producto\/automatic-marie-biscuit-production-line\/","og_site_name":"Biscuit Production Solution Manufacturer","article_publisher":"https:\/\/www.facebook.com\/profile.php?id=100095205040823","og_image":[{"width":600,"height":600,"url":"https:\/\/www.biscuitsolution.com\/wp-content\/uploads\/2025\/02\/\u4e3b\u56fe.jpg","type":"image\/jpeg"}],"twitter_card":"summary_large_image","twitter_site":"@shanna_zha26342","twitter_misc":{"Tiempo de lectura":"3 minutos"},"schema":{"@context":"https:\/\/schema.org","@graph":[{"@type":"WebPage","@id":"https:\/\/www.biscuitsolution.com\/product\/automatic-marie-biscuit-production-line\/","url":"https:\/\/www.biscuitsolution.com\/product\/automatic-marie-biscuit-production-line\/","name":"L\u00ednea de producci\u00f3n autom\u00e1tica de galletas Marie Accionamiento el\u00e9ctrico - Fabricante de soluciones para la producci\u00f3n de galletas","isPartOf":{"@id":"https:\/\/www.biscuitsolution.com\/#website"},"primaryImageOfPage":{"@id":"https:\/\/www.biscuitsolution.com\/product\/automatic-marie-biscuit-production-line\/#primaryimage"},"image":{"@id":"https:\/\/www.biscuitsolution.com\/product\/automatic-marie-biscuit-production-line\/#primaryimage"},"thumbnailUrl":"https:\/\/www.biscuitsolution.com\/wp-content\/uploads\/2025\/02\/\u4e3b\u56fe.jpg","datePublished":"2025-02-19T09:10:24+00:00","description":"En la l\u00ednea de producci\u00f3n autom\u00e1tica de galletas marie, algunos equipos funcionan con electricidad, lo que permite reducir eficazmente el consumo de energ\u00eda y reducir los costes.","breadcrumb":{"@id":"https:\/\/www.biscuitsolution.com\/product\/automatic-marie-biscuit-production-line\/#breadcrumb"},"inLanguage":"es","potentialAction":[{"@type":"ReadAction","target":["https:\/\/www.biscuitsolution.com\/product\/automatic-marie-biscuit-production-line\/"]}]},{"@type":"ImageObject","inLanguage":"es","@id":"https:\/\/www.biscuitsolution.com\/product\/automatic-marie-biscuit-production-line\/#primaryimage","url":"https:\/\/www.biscuitsolution.com\/wp-content\/uploads\/2025\/02\/\u4e3b\u56fe.jpg","contentUrl":"https:\/\/www.biscuitsolution.com\/wp-content\/uploads\/2025\/02\/\u4e3b\u56fe.jpg","width":600,"height":600,"caption":"automatic marie biscuit production line"},{"@type":"BreadcrumbList","@id":"https:\/\/www.biscuitsolution.com\/product\/automatic-marie-biscuit-production-line\/#breadcrumb","itemListElement":[{"@type":"ListItem","position":1,"name":"Home","item":"https:\/\/www.biscuitsolution.com\/"},{"@type":"ListItem","position":2,"name":"Product","item":"https:\/\/www.biscuitsolution.com\/product\/"},{"@type":"ListItem","position":3,"name":"Automatic Marie Biscuit Production Line Electric Drive"}]},{"@type":"WebSite","@id":"https:\/\/www.biscuitsolution.com\/#website","url":"https:\/\/www.biscuitsolution.com\/","name":"Fabricante de soluciones para la producci\u00f3n de galletas","description":"","potentialAction":[{"@type":"SearchAction","target":{"@type":"EntryPoint","urlTemplate":"https:\/\/www.biscuitsolution.com\/?s={search_term_string}"},"query-input":{"@type":"PropertyValueSpecification","valueRequired":true,"valueName":"search_term_string"}}],"inLanguage":"es"},false]}},"yasr_visitor_votes":{"stars_attributes":{"read_only":false,"span_bottom":false},"number_of_votes":1,"sum_votes":5},"_links":{"self":[{"href":"https:\/\/www.biscuitsolution.com\/es\/wp-json\/wp\/v2\/product\/4668","targetHints":{"allow":["GET"]}}],"collection":[{"href":"https:\/\/www.biscuitsolution.com\/es\/wp-json\/wp\/v2\/product"}],"about":[{"href":"https:\/\/www.biscuitsolution.com\/es\/wp-json\/wp\/v2\/types\/product"}],"replies":[{"embeddable":true,"href":"https:\/\/www.biscuitsolution.com\/es\/wp-json\/wp\/v2\/comments?post=4668"}],"version-history":[{"count":1,"href":"https:\/\/www.biscuitsolution.com\/es\/wp-json\/wp\/v2\/product\/4668\/revisions"}],"predecessor-version":[{"id":4672,"href":"https:\/\/www.biscuitsolution.com\/es\/wp-json\/wp\/v2\/product\/4668\/revisions\/4672"}],"wp:featuredmedia":[{"embeddable":true,"href":"https:\/\/www.biscuitsolution.com\/es\/wp-json\/wp\/v2\/media\/4671"}],"wp:attachment":[{"href":"https:\/\/www.biscuitsolution.com\/es\/wp-json\/wp\/v2\/media?parent=4668"}],"wp:term":[{"taxonomy":"product_brand","embeddable":true,"href":"https:\/\/www.biscuitsolution.com\/es\/wp-json\/wp\/v2\/product_brand?post=4668"},{"taxonomy":"product_cat","embeddable":true,"href":"https:\/\/www.biscuitsolution.com\/es\/wp-json\/wp\/v2\/product_cat?post=4668"},{"taxonomy":"product_tag","embeddable":true,"href":"https:\/\/www.biscuitsolution.com\/es\/wp-json\/wp\/v2\/product_tag?post=4668"}],"curies":[{"name":"wp","href":"https:\/\/api.w.org\/{rel}","templated":true}]}}