{"id":4656,"date":"2025-02-19T08:44:03","date_gmt":"2025-02-19T08:44:03","guid":{"rendered":"https:\/\/www.biscuitsolution.com\/?post_type=product&#038;p=4656"},"modified":"2025-10-30T10:47:10","modified_gmt":"2025-10-30T02:47:10","slug":"automatic-sandwich-biscuit-production-line-1100kg-h","status":"publish","type":"product","link":"https:\/\/www.biscuitsolution.com\/es\/producto\/automatic-sandwich-biscuit-production-line-1100kg-h\/","title":{"rendered":"L\u00ednea de producci\u00f3n autom\u00e1tica de galletas sandwich 1100kg\/H"},"content":{"rendered":"<p>En<strong> l\u00ednea autom\u00e1tica de producci\u00f3n de galletas sandwich<\/strong> es un sistema de fabricaci\u00f3n complejo y muy eficaz dise\u00f1ado para producir galletas sandwich en grandes cantidades con una intervenci\u00f3n humana m\u00ednima.<\/p>\n<p><img fetchpriority=\"high\" decoding=\"async\" class=\"alignnone wp-image-4659 size-full\" src=\"https:\/\/www.biscuitsolution.com\/wp-content\/uploads\/2025\/02\/sandwich-biscuit.jpg\" alt=\"l\u00ednea de producci\u00f3n de galletas sandwich\" width=\"800\" height=\"450\" srcset=\"https:\/\/www.biscuitsolution.com\/wp-content\/uploads\/2025\/02\/sandwich-biscuit.jpg 800w, https:\/\/www.biscuitsolution.com\/wp-content\/uploads\/2025\/02\/sandwich-biscuit-600x338.jpg 600w, https:\/\/www.biscuitsolution.com\/wp-content\/uploads\/2025\/02\/sandwich-biscuit-300x169.jpg 300w, https:\/\/www.biscuitsolution.com\/wp-content\/uploads\/2025\/02\/sandwich-biscuit-768x432.jpg 768w\" sizes=\"(max-width: 800px) 100vw, 800px\" \/><\/p>\n<h2>Componentes de la l\u00ednea de producci\u00f3n de galletas sandwich<\/h2>\n<ol>\n<li>\n<p class=\"ds-markdown-paragraph\"><strong>Unidad de preparaci\u00f3n de masa<\/strong><br \/>\nEquipada con una amasadora de alto rendimiento, esta unidad garantiza que la masa alcance una consistencia uniforme y una textura ideal. Los modelos avanzados incorporan controles programables que ajustan autom\u00e1ticamente la velocidad y la duraci\u00f3n del amasado seg\u00fan recetas preestablecidas, garantizando la uniformidad entre lotes.<\/p>\n<\/li>\n<li>\n<p class=\"ds-markdown-paragraph\"><strong>Unidad de formaci\u00f3n de galletas<\/strong><br \/>\nEn esta fase se utiliza una moldeadora rotativa o un sistema basado en la extrusi\u00f3n para dar forma a las bases de las galletas con precisi\u00f3n. La moldeadora rotativa es especialmente eficaz para producir galletas de forma uniforme con dise\u00f1os detallados, lo que resulta esencial para las capas exteriores de las galletas tipo s\u00e1ndwich.<\/p>\n<\/li>\n<li>\n<p class=\"ds-markdown-paragraph\"><strong>Horno<\/strong><br \/>\nUn horno de t\u00fanel multizona con circulaci\u00f3n de aire caliente o tecnolog\u00eda de calentamiento por infrarrojos garantiza una cocci\u00f3n uniforme y un desarrollo \u00f3ptimo del color. La temperatura y el tiempo de horneado pueden ajustarse con precisi\u00f3n seg\u00fan el tipo de galleta y los requisitos de la receta.<\/p>\n<\/li>\n<li>\n<p class=\"ds-markdown-paragraph\"><strong>Unidad de aplicaci\u00f3n de llenado<\/strong><br \/>\nMediante boquillas de precisi\u00f3n y transportadores sincronizados, esta unidad deposita una cantidad controlada de relleno -como nata, chocolate o mermelada- en las bases de las galletas. El volumen de llenado y la velocidad del transportador son ajustables para mantener la alineaci\u00f3n y evitar el desbordamiento o la escasez.<\/p>\n<\/li>\n<li>\n<p class=\"ds-markdown-paragraph\"><strong>Unidad de montaje y embalaje<\/strong><br \/>\nLa segunda capa de galletas se coloca autom\u00e1ticamente sobre las bases rellenas para formar la estructura de s\u00e1ndwich. A continuaci\u00f3n, las galletas terminadas se dirigen a los sistemas de envasado automatizados, que pueden encargarse de todo, desde el envasado en flujo y el embolsado hasta el encajado y el multienvasado, seg\u00fan los requisitos de venta.<\/p>\n<\/li>\n<\/ol>\n<p><img decoding=\"async\" class=\"alignnone size-full wp-image-4657\" src=\"https:\/\/www.biscuitsolution.com\/wp-content\/uploads\/2025\/02\/sandwich-biscuite.jpg\" alt=\"l\u00ednea de producci\u00f3n de galletas sandwich\" width=\"800\" height=\"450\" srcset=\"https:\/\/www.biscuitsolution.com\/wp-content\/uploads\/2025\/02\/sandwich-biscuite.jpg 800w, https:\/\/www.biscuitsolution.com\/wp-content\/uploads\/2025\/02\/sandwich-biscuite-600x338.jpg 600w, https:\/\/www.biscuitsolution.com\/wp-content\/uploads\/2025\/02\/sandwich-biscuite-300x169.jpg 300w, https:\/\/www.biscuitsolution.com\/wp-content\/uploads\/2025\/02\/sandwich-biscuite-768x432.jpg 768w\" sizes=\"(max-width: 800px) 100vw, 800px\" \/><\/p>\n<h2>Caracter\u00edsticas de la l\u00ednea de producci\u00f3n autom\u00e1tica de galletas tipo s\u00e1ndwich<\/h2>\n<ul>\n<li>\n<p class=\"ds-markdown-paragraph\"><strong>Alta eficiencia de producci\u00f3n<\/strong><br \/>\nCapaz de producir miles de galletas de s\u00e1ndwich por hora, la l\u00ednea satisface las demandas de los canales de distribuci\u00f3n y venta al por menor a gran escala sin comprometer la calidad ni la uniformidad.<\/p>\n<\/li>\n<li>\n<p class=\"ds-markdown-paragraph\"><strong>Calidad constante del producto<\/strong><br \/>\nEl control preciso de la mezcla, el moldeado, el horneado y el relleno garantiza que todas las galletas tengan el mismo sabor, textura y aspecto, lo que refuerza la reputaci\u00f3n de su marca y la confianza de los consumidores.<\/p>\n<\/li>\n<li>\n<p class=\"ds-markdown-paragraph\"><strong>Excelente flexibilidad de producci\u00f3n<\/strong><br \/>\nAd\u00e1ptese f\u00e1cilmente a las nuevas tendencias del mercado modificando recetas, cambiando moldes o ajustando los par\u00e1metros del proceso. Esto le permite introducir nuevos sabores, formas o variedades de relleno con un tiempo de inactividad m\u00ednimo.<\/p>\n<\/li>\n<li>\n<p class=\"ds-markdown-paragraph\"><strong>Reducci\u00f3n de la dependencia laboral<\/strong><br \/>\nLa automatizaci\u00f3n total reduce significativamente la necesidad de mano de obra, recortando los costes operativos y minimizando los errores o incoherencias de origen humano en todo el proceso de producci\u00f3n.<\/p>\n<\/li>\n<\/ul>\n<div class=\"ast-oembed-container\" style=\"height: 100%;\"><iframe title=\"\u00a1Mira! L\u00ednea de producci\u00f3n industrial de galletas sandwich muy profesional\" width=\"500\" height=\"281\" src=\"https:\/\/www.youtube.com\/embed\/1zMh_8a0S4E?feature=oembed\" frameborder=\"0\" allow=\"accelerometer; autoplay; clipboard-write; encrypted-media; gyroscope; picture-in-picture; web-share\" referrerpolicy=\"strict-origin-when-cross-origin\" allowfullscreen><\/iframe><\/div>\n<h3><strong>Consideraciones sobre inversi\u00f3n y apoyo<\/strong><\/h3>\n<p class=\"ds-markdown-paragraph\">Establecer una l\u00ednea de producci\u00f3n autom\u00e1tica de galletas sandwich requiere una inversi\u00f3n de capital significativa, con costes que var\u00edan en funci\u00f3n de la capacidad, el nivel de automatizaci\u00f3n y el fabricante, y que suelen oscilar entre cientos de miles y varios millones de d\u00f3lares.<\/p>\n<p class=\"ds-markdown-paragraph\">A la hora de seleccionar los equipos, es esencial asociarse con un fabricante que ofrezca asistencia t\u00e9cnica fiable, piezas de repuesto f\u00e1cilmente disponibles y un servicio posventa completo para garantizar la estabilidad operativa a largo plazo y una fuerte rentabilidad de la inversi\u00f3n.<\/p>\n<h2>Deje un mensaje para obtener un presupuesto<\/h2>\n\n<div class=\"wpcf7 no-js\" id=\"wpcf7-f4619-o1\" lang=\"en-US\" dir=\"ltr\" data-wpcf7-id=\"4619\">\n<div class=\"screen-reader-response\"><p role=\"status\" aria-live=\"polite\" aria-atomic=\"true\"><\/p> <ul><\/ul><\/div>\n<form action=\"\/es\/wp-json\/wp\/v2\/product\/4656#wpcf7-f4619-o1\" method=\"post\" class=\"wpcf7-form init\" aria-label=\"Formulario de contacto\" novalidate=\"novalidate\" data-status=\"init\" data-trp-original-action=\"\/es\/wp-json\/wp\/v2\/product\/4656#wpcf7-f4619-o1\">\n<div style=\"display: none;\">\n<input type=\"hidden\" name=\"_wpcf7\" value=\"4619\" \/>\n<input type=\"hidden\" name=\"_wpcf7_version\" value=\"6.0.4\" \/>\n<input type=\"hidden\" name=\"_wpcf7_locale\" value=\"en_US\" \/>\n<input type=\"hidden\" name=\"_wpcf7_unit_tag\" value=\"wpcf7-f4619-o1\" \/>\n<input type=\"hidden\" name=\"_wpcf7_container_post\" value=\"0\" \/>\n<input type=\"hidden\" name=\"_wpcf7_posted_data_hash\" value=\"\" \/>\n<\/div>\n<p><label> Su nombre<br \/>\n<span class=\"wpcf7-form-control-wrap\" data-name=\"your-name\"><input size=\"40\" maxlength=\"400\" class=\"wpcf7-form-control wpcf7-text wpcf7-validates-as-required\" aria-required=\"true\" aria-invalid=\"false\" value=\"\" type=\"text\" name=\"your-name\" \/><\/span> <\/label>\n<\/p>\n<p><label> Su pa\u00eds<br \/>\n<span class=\"wpcf7-form-control-wrap\" data-name=\"your-country\"><input size=\"40\" maxlength=\"400\" class=\"wpcf7-form-control wpcf7-text\" aria-invalid=\"false\" value=\"\" type=\"text\" name=\"your-country\" \/><\/span><\/label>\n<\/p>\n<p><label> Su correo electr\u00f3nico<br \/>\n<span class=\"wpcf7-form-control-wrap\" data-name=\"your-email\"><input size=\"40\" maxlength=\"400\" class=\"wpcf7-form-control wpcf7-email wpcf7-validates-as-required wpcf7-text wpcf7-validates-as-email\" aria-required=\"true\" aria-invalid=\"false\" value=\"\" type=\"email\" name=\"your-email\" \/><\/span> <\/label>\n<\/p>\n<p><label> Tu tel\u00e9fono<br \/>\n<span class=\"wpcf7-form-control-wrap\" data-name=\"your-phone\"><input size=\"40\" maxlength=\"400\" class=\"wpcf7-form-control wpcf7-tel wpcf7-text wpcf7-validates-as-tel\" aria-invalid=\"false\" value=\"\" type=\"tel\" name=\"your-phone\" \/><\/span> <\/label>\n<\/p>\n<p><label> Nombre de su empresa<br \/>\n<span class=\"wpcf7-form-control-wrap\" data-name=\"text-457\"><input size=\"40\" maxlength=\"400\" class=\"wpcf7-form-control wpcf7-text\" aria-invalid=\"false\" value=\"\" type=\"text\" name=\"text-457\" \/><\/span> <\/label>\n<\/p>\n<p><label> El sitio web de su empresa<br \/>\n<span class=\"wpcf7-form-control-wrap\" data-name=\"text-546\"><input size=\"40\" maxlength=\"400\" class=\"wpcf7-form-control wpcf7-text\" aria-invalid=\"false\" value=\"\" type=\"text\" name=\"text-546\" \/><\/span> <\/label>\n<\/p>\n<p><label> Sus requisitos*<br \/>\n<span class=\"wpcf7-form-control-wrap\" data-name=\"your-message\"><textarea cols=\"40\" rows=\"10\" maxlength=\"2000\" class=\"wpcf7-form-control wpcf7-textarea wpcf7-validates-as-required\" aria-required=\"true\" aria-invalid=\"false\" name=\"your-message\"><\/textarea><\/span> <\/label>\n<\/p>\n<p><input class=\"wpcf7-form-control wpcf7-submit has-spinner\" type=\"submit\" value=\"Enviar\" \/>\n<\/p><p style=\"display: none !important;\" class=\"akismet-fields-container\" data-prefix=\"_wpcf7_ak_\"><label>&#916;<textarea name=\"_wpcf7_ak_hp_textarea\" cols=\"45\" rows=\"8\" maxlength=\"100\"><\/textarea><\/label><input type=\"hidden\" id=\"ak_js_1\" name=\"_wpcf7_ak_js\" value=\"42\"\/><script>document.getElementById( \"ak_js_1\" ).setAttribute( \"value\", ( new Date() ).getTime() );<\/script><\/p><div class=\"wpcf7-response-output\" aria-hidden=\"true\"><\/div>\n<input type=\"hidden\" name=\"trp-form-language\" value=\"es\"\/><\/form>\n<\/div>\n\n<div style='text-align:left' class='yasr-auto-insert-visitor'><\/div>","protected":false},"excerpt":{"rendered":"<p>Marca: GELGOOG<\/p>\n<p>Tensi\u00f3n: 380 V<\/p>\n<p>Capacity\uff1a100-1200kg\/h<\/p>\n<p>Correo electr\u00f3nico: shanna@machinehall.com<\/p>\n<p>Tel\u00e9fono: +8618638676709<\/p>","protected":false},"featured_media":4658,"comment_status":"open","ping_status":"closed","template":"","meta":{"site-sidebar-layout":"default","site-content-layout":"","ast-site-content-layout":"default","site-content-style":"default","site-sidebar-style":"default","ast-global-header-display":"","ast-banner-title-visibility":"","ast-main-header-display":"","ast-hfb-above-header-display":"","ast-hfb-below-header-display":"","ast-hfb-mobile-header-display":"","site-post-title":"","ast-breadcrumbs-content":"","ast-featured-img":"","footer-sml-layout":"","theme-transparent-header-meta":"default","adv-header-id-meta":"","stick-header-meta":"","header-above-stick-meta":"","header-main-stick-meta":"","header-below-stick-meta":"","astra-migrate-meta-layouts":"set","ast-page-background-enabled":"default","ast-page-background-meta":{"desktop":{"background-color":"","background-image":"","background-repeat":"repeat","background-position":"center center","background-size":"auto","background-attachment":"scroll","background-type":"","background-media":"","overlay-type":"","overlay-color":"","overlay-opacity":"","overlay-gradient":""},"tablet":{"background-color":"","background-image":"","background-repeat":"repeat","background-position":"center center","background-size":"auto","background-attachment":"scroll","background-type":"","background-media":"","overlay-type":"","overlay-color":"","overlay-opacity":"","overlay-gradient":""},"mobile":{"background-color":"","background-image":"","background-repeat":"repeat","background-position":"center center","background-size":"auto","background-attachment":"scroll","background-type":"","background-media":"","overlay-type":"","overlay-color":"","overlay-opacity":"","overlay-gradient":""}},"ast-content-background-meta":{"desktop":{"background-color":"var(--ast-global-color-5)","background-image":"","background-repeat":"repeat","background-position":"center center","background-size":"auto","background-attachment":"scroll","background-type":"","background-media":"","overlay-type":"","overlay-color":"","overlay-opacity":"","overlay-gradient":""},"tablet":{"background-color":"var(--ast-global-color-5)","background-image":"","background-repeat":"repeat","background-position":"center center","background-size":"auto","background-attachment":"scroll","background-type":"","background-media":"","overlay-type":"","overlay-color":"","overlay-opacity":"","overlay-gradient":""},"mobile":{"background-color":"var(--ast-global-color-5)","background-image":"","background-repeat":"repeat","background-position":"center center","background-size":"auto","background-attachment":"scroll","background-type":"","background-media":"","overlay-type":"","overlay-color":"","overlay-opacity":"","overlay-gradient":""}},"yasr_overall_rating":4.9,"yasr_post_is_review":"","yasr_auto_insert_disabled":"","yasr_review_type":""},"product_brand":[],"product_cat":[25],"product_tag":[],"class_list":{"0":"post-4656","1":"product","2":"type-product","3":"status-publish","4":"has-post-thumbnail","6":"product_cat-soft-biscuit-production-line","7":"desktop-align-left","8":"tablet-align-left","9":"mobile-align-left","11":"first","12":"instock","13":"shipping-taxable","14":"product-type-simple"},"yoast_head":"<!-- This site is optimized with the Yoast SEO plugin v24.4 - https:\/\/yoast.com\/wordpress\/plugins\/seo\/ -->\n<title>Automatic Sandwich Biscuit Production Line 1100kg\/H - Biscuit Production Solution Manufacturer<\/title>\n<meta name=\"description\" content=\"Automatic sandwich biscuit production line is a highly efficient system designed to produce in large quantities with minimal human intervention.\" \/>\n<meta name=\"robots\" content=\"index, follow, max-snippet:-1, max-image-preview:large, max-video-preview:-1\" \/>\n<link rel=\"canonical\" href=\"https:\/\/www.biscuitsolution.com\/es\/producto\/automatic-sandwich-biscuit-production-line-1100kg-h\/\" \/>\n<meta property=\"og:locale\" content=\"es_ES\" \/>\n<meta property=\"og:type\" content=\"article\" \/>\n<meta property=\"og:title\" content=\"Automatic Sandwich Biscuit Production Line 1100kg\/H - Biscuit Production Solution Manufacturer\" \/>\n<meta property=\"og:description\" content=\"Automatic sandwich biscuit production line is a highly efficient system designed to produce in large quantities with minimal human intervention.\" \/>\n<meta property=\"og:url\" content=\"https:\/\/www.biscuitsolution.com\/es\/producto\/automatic-sandwich-biscuit-production-line-1100kg-h\/\" \/>\n<meta property=\"og:site_name\" content=\"Biscuit Production Solution Manufacturer\" \/>\n<meta property=\"article:publisher\" content=\"https:\/\/www.facebook.com\/profile.php?id=100095205040823\" \/>\n<meta property=\"article:modified_time\" content=\"2025-10-30T02:47:10+00:00\" \/>\n<meta property=\"og:image\" content=\"https:\/\/www.biscuitsolution.com\/wp-content\/uploads\/2025\/02\/sandwich-biscuit-production-line.jpg\" \/>\n\t<meta property=\"og:image:width\" content=\"600\" \/>\n\t<meta property=\"og:image:height\" content=\"600\" \/>\n\t<meta property=\"og:image:type\" content=\"image\/jpeg\" \/>\n<meta name=\"twitter:card\" content=\"summary_large_image\" \/>\n<meta name=\"twitter:site\" content=\"@shanna_zha26342\" \/>\n<meta name=\"twitter:label1\" content=\"Tiempo de lectura\" \/>\n\t<meta name=\"twitter:data1\" content=\"3 minutos\" \/>\n<script type=\"application\/ld+json\" class=\"yoast-schema-graph\">{\"@context\":\"https:\/\/schema.org\",\"@graph\":[{\"@type\":\"WebPage\",\"@id\":\"https:\/\/www.biscuitsolution.com\/product\/automatic-sandwich-biscuit-production-line-1100kg-h\/\",\"url\":\"https:\/\/www.biscuitsolution.com\/product\/automatic-sandwich-biscuit-production-line-1100kg-h\/\",\"name\":\"Automatic Sandwich Biscuit Production Line 1100kg\/H - Biscuit Production Solution Manufacturer\",\"isPartOf\":{\"@id\":\"https:\/\/www.biscuitsolution.com\/#website\"},\"primaryImageOfPage\":{\"@id\":\"https:\/\/www.biscuitsolution.com\/product\/automatic-sandwich-biscuit-production-line-1100kg-h\/#primaryimage\"},\"image\":{\"@id\":\"https:\/\/www.biscuitsolution.com\/product\/automatic-sandwich-biscuit-production-line-1100kg-h\/#primaryimage\"},\"thumbnailUrl\":\"https:\/\/www.biscuitsolution.com\/wp-content\/uploads\/2025\/02\/sandwich-biscuit-production-line.jpg\",\"datePublished\":\"2025-02-19T08:44:03+00:00\",\"dateModified\":\"2025-10-30T02:47:10+00:00\",\"description\":\"Automatic sandwich biscuit production line is a highly efficient system designed to produce in large quantities with minimal human intervention.\",\"breadcrumb\":{\"@id\":\"https:\/\/www.biscuitsolution.com\/product\/automatic-sandwich-biscuit-production-line-1100kg-h\/#breadcrumb\"},\"inLanguage\":\"es\",\"potentialAction\":[{\"@type\":\"ReadAction\",\"target\":[\"https:\/\/www.biscuitsolution.com\/product\/automatic-sandwich-biscuit-production-line-1100kg-h\/\"]}]},{\"@type\":\"ImageObject\",\"inLanguage\":\"es\",\"@id\":\"https:\/\/www.biscuitsolution.com\/product\/automatic-sandwich-biscuit-production-line-1100kg-h\/#primaryimage\",\"url\":\"https:\/\/www.biscuitsolution.com\/wp-content\/uploads\/2025\/02\/sandwich-biscuit-production-line.jpg\",\"contentUrl\":\"https:\/\/www.biscuitsolution.com\/wp-content\/uploads\/2025\/02\/sandwich-biscuit-production-line.jpg\",\"width\":600,\"height\":600,\"caption\":\"automatic sandwich biscuit production line\"},{\"@type\":\"BreadcrumbList\",\"@id\":\"https:\/\/www.biscuitsolution.com\/product\/automatic-sandwich-biscuit-production-line-1100kg-h\/#breadcrumb\",\"itemListElement\":[{\"@type\":\"ListItem\",\"position\":1,\"name\":\"Home\",\"item\":\"https:\/\/www.biscuitsolution.com\/\"},{\"@type\":\"ListItem\",\"position\":2,\"name\":\"Product\",\"item\":\"https:\/\/www.biscuitsolution.com\/product\/\"},{\"@type\":\"ListItem\",\"position\":3,\"name\":\"Automatic Sandwich Biscuit Production Line 1100kg\/H\"}]},{\"@type\":\"WebSite\",\"@id\":\"https:\/\/www.biscuitsolution.com\/#website\",\"url\":\"https:\/\/www.biscuitsolution.com\/\",\"name\":\"Biscuit Production Solution Manufacturer\",\"description\":\"\",\"potentialAction\":[{\"@type\":\"SearchAction\",\"target\":{\"@type\":\"EntryPoint\",\"urlTemplate\":\"https:\/\/www.biscuitsolution.com\/?s={search_term_string}\"},\"query-input\":{\"@type\":\"PropertyValueSpecification\",\"valueRequired\":true,\"valueName\":\"search_term_string\"}}],\"inLanguage\":\"es\"},false]}<\/script>\n<!-- \/ Yoast SEO plugin. -->","yoast_head_json":{"title":"L\u00ednea de producci\u00f3n autom\u00e1tica de galletas sandwich 1100kg\/H - Fabricante de soluciones para la producci\u00f3n de galletas","description":"La l\u00ednea autom\u00e1tica de producci\u00f3n de galletas sandwich es un sistema muy eficaz dise\u00f1ado para producir en grandes cantidades con una intervenci\u00f3n humana m\u00ednima.","robots":{"index":"index","follow":"follow","max-snippet":"max-snippet:-1","max-image-preview":"max-image-preview:large","max-video-preview":"max-video-preview:-1"},"canonical":"https:\/\/www.biscuitsolution.com\/es\/producto\/automatic-sandwich-biscuit-production-line-1100kg-h\/","og_locale":"es_ES","og_type":"article","og_title":"Automatic Sandwich Biscuit Production Line 1100kg\/H - Biscuit Production Solution Manufacturer","og_description":"Automatic sandwich biscuit production line is a highly efficient system designed to produce in large quantities with minimal human intervention.","og_url":"https:\/\/www.biscuitsolution.com\/es\/producto\/automatic-sandwich-biscuit-production-line-1100kg-h\/","og_site_name":"Biscuit Production Solution Manufacturer","article_publisher":"https:\/\/www.facebook.com\/profile.php?id=100095205040823","article_modified_time":"2025-10-30T02:47:10+00:00","og_image":[{"width":600,"height":600,"url":"https:\/\/www.biscuitsolution.com\/wp-content\/uploads\/2025\/02\/sandwich-biscuit-production-line.jpg","type":"image\/jpeg"}],"twitter_card":"summary_large_image","twitter_site":"@shanna_zha26342","twitter_misc":{"Tiempo de lectura":"3 minutos"},"schema":{"@context":"https:\/\/schema.org","@graph":[{"@type":"WebPage","@id":"https:\/\/www.biscuitsolution.com\/product\/automatic-sandwich-biscuit-production-line-1100kg-h\/","url":"https:\/\/www.biscuitsolution.com\/product\/automatic-sandwich-biscuit-production-line-1100kg-h\/","name":"L\u00ednea de producci\u00f3n autom\u00e1tica de galletas sandwich 1100kg\/H - Fabricante de soluciones para la producci\u00f3n de galletas","isPartOf":{"@id":"https:\/\/www.biscuitsolution.com\/#website"},"primaryImageOfPage":{"@id":"https:\/\/www.biscuitsolution.com\/product\/automatic-sandwich-biscuit-production-line-1100kg-h\/#primaryimage"},"image":{"@id":"https:\/\/www.biscuitsolution.com\/product\/automatic-sandwich-biscuit-production-line-1100kg-h\/#primaryimage"},"thumbnailUrl":"https:\/\/www.biscuitsolution.com\/wp-content\/uploads\/2025\/02\/sandwich-biscuit-production-line.jpg","datePublished":"2025-02-19T08:44:03+00:00","dateModified":"2025-10-30T02:47:10+00:00","description":"La l\u00ednea autom\u00e1tica de producci\u00f3n de galletas sandwich es un sistema muy eficaz dise\u00f1ado para producir en grandes cantidades con una intervenci\u00f3n humana m\u00ednima.","breadcrumb":{"@id":"https:\/\/www.biscuitsolution.com\/product\/automatic-sandwich-biscuit-production-line-1100kg-h\/#breadcrumb"},"inLanguage":"es","potentialAction":[{"@type":"ReadAction","target":["https:\/\/www.biscuitsolution.com\/product\/automatic-sandwich-biscuit-production-line-1100kg-h\/"]}]},{"@type":"ImageObject","inLanguage":"es","@id":"https:\/\/www.biscuitsolution.com\/product\/automatic-sandwich-biscuit-production-line-1100kg-h\/#primaryimage","url":"https:\/\/www.biscuitsolution.com\/wp-content\/uploads\/2025\/02\/sandwich-biscuit-production-line.jpg","contentUrl":"https:\/\/www.biscuitsolution.com\/wp-content\/uploads\/2025\/02\/sandwich-biscuit-production-line.jpg","width":600,"height":600,"caption":"automatic sandwich biscuit production line"},{"@type":"BreadcrumbList","@id":"https:\/\/www.biscuitsolution.com\/product\/automatic-sandwich-biscuit-production-line-1100kg-h\/#breadcrumb","itemListElement":[{"@type":"ListItem","position":1,"name":"Home","item":"https:\/\/www.biscuitsolution.com\/"},{"@type":"ListItem","position":2,"name":"Product","item":"https:\/\/www.biscuitsolution.com\/product\/"},{"@type":"ListItem","position":3,"name":"Automatic Sandwich Biscuit Production Line 1100kg\/H"}]},{"@type":"WebSite","@id":"https:\/\/www.biscuitsolution.com\/#website","url":"https:\/\/www.biscuitsolution.com\/","name":"Fabricante de soluciones para la producci\u00f3n de galletas","description":"","potentialAction":[{"@type":"SearchAction","target":{"@type":"EntryPoint","urlTemplate":"https:\/\/www.biscuitsolution.com\/?s={search_term_string}"},"query-input":{"@type":"PropertyValueSpecification","valueRequired":true,"valueName":"search_term_string"}}],"inLanguage":"es"},false]}},"yasr_visitor_votes":{"stars_attributes":{"read_only":false,"span_bottom":false},"number_of_votes":0,"sum_votes":0},"_links":{"self":[{"href":"https:\/\/www.biscuitsolution.com\/es\/wp-json\/wp\/v2\/product\/4656","targetHints":{"allow":["GET"]}}],"collection":[{"href":"https:\/\/www.biscuitsolution.com\/es\/wp-json\/wp\/v2\/product"}],"about":[{"href":"https:\/\/www.biscuitsolution.com\/es\/wp-json\/wp\/v2\/types\/product"}],"replies":[{"embeddable":true,"href":"https:\/\/www.biscuitsolution.com\/es\/wp-json\/wp\/v2\/comments?post=4656"}],"version-history":[{"count":4,"href":"https:\/\/www.biscuitsolution.com\/es\/wp-json\/wp\/v2\/product\/4656\/revisions"}],"predecessor-version":[{"id":5819,"href":"https:\/\/www.biscuitsolution.com\/es\/wp-json\/wp\/v2\/product\/4656\/revisions\/5819"}],"wp:featuredmedia":[{"embeddable":true,"href":"https:\/\/www.biscuitsolution.com\/es\/wp-json\/wp\/v2\/media\/4658"}],"wp:attachment":[{"href":"https:\/\/www.biscuitsolution.com\/es\/wp-json\/wp\/v2\/media?parent=4656"}],"wp:term":[{"taxonomy":"product_brand","embeddable":true,"href":"https:\/\/www.biscuitsolution.com\/es\/wp-json\/wp\/v2\/product_brand?post=4656"},{"taxonomy":"product_cat","embeddable":true,"href":"https:\/\/www.biscuitsolution.com\/es\/wp-json\/wp\/v2\/product_cat?post=4656"},{"taxonomy":"product_tag","embeddable":true,"href":"https:\/\/www.biscuitsolution.com\/es\/wp-json\/wp\/v2\/product_tag?post=4656"}],"curies":[{"name":"wp","href":"https:\/\/api.w.org\/{rel}","templated":true}]}}