{"id":4650,"date":"2025-02-19T08:32:19","date_gmt":"2025-02-19T08:32:19","guid":{"rendered":"https:\/\/www.biscuitsolution.com\/?post_type=product&#038;p=4650"},"modified":"2025-02-19T08:45:29","modified_gmt":"2025-02-19T08:45:29","slug":"fully-automatic-biscuit-making-machine-for-factory","status":"publish","type":"product","link":"https:\/\/www.biscuitsolution.com\/es\/producto\/fully-automatic-biscuit-making-machine-for-factory\/","title":{"rendered":"M\u00e1quina de fabricaci\u00f3n de galletas totalmente autom\u00e1tica para la f\u00e1brica"},"content":{"rendered":"<p><strong>M\u00e1quina autom\u00e1tica para hacer galletas<\/strong> no requiere mucha intervenci\u00f3n manual, desde la entrega precisa de las materias primas hasta la mezcla y el moldeado de la masa y, por \u00faltimo, la cocci\u00f3n en el horno. Est\u00e1 dise\u00f1ada para la producci\u00f3n a gran escala de galletas en f\u00e1bricas.<\/p>\n<p><img fetchpriority=\"high\" decoding=\"async\" class=\"alignnone size-full wp-image-4651\" src=\"https:\/\/www.biscuitsolution.com\/wp-content\/uploads\/2025\/02\/fully-automatic-biscuit-machine.jpg\" alt=\"m\u00e1quina autom\u00e1tica para hacer galletas\" width=\"800\" height=\"450\" srcset=\"https:\/\/www.biscuitsolution.com\/wp-content\/uploads\/2025\/02\/fully-automatic-biscuit-machine.jpg 800w, https:\/\/www.biscuitsolution.com\/wp-content\/uploads\/2025\/02\/fully-automatic-biscuit-machine-600x338.jpg 600w, https:\/\/www.biscuitsolution.com\/wp-content\/uploads\/2025\/02\/fully-automatic-biscuit-machine-300x169.jpg 300w, https:\/\/www.biscuitsolution.com\/wp-content\/uploads\/2025\/02\/fully-automatic-biscuit-machine-768x432.jpg 768w\" sizes=\"(max-width: 800px) 100vw, 800px\" \/><\/p>\n<h2>An\u00e1lisis de la estructura de la m\u00e1quina autom\u00e1tica para hacer galletas<\/h2>\n<ul>\n<li>Sistema de suministro de materias primas: equipado con balanzas electr\u00f3nicas de alta precisi\u00f3n y dispositivos autom\u00e1ticos de alimentaci\u00f3n, puede introducir con precisi\u00f3n harina, az\u00facar, aceite y otras materias primas en el tanque de mezcla en secuencia seg\u00fan la f\u00f3rmula preestablecida, sentando una buena base para los procesos posteriores.<\/li>\n<li>Unidad de mezclado y moldeado: Las potentes cuchillas agitadoras mezclan completamente las materias primas hasta obtener una masa uniforme y, a continuaci\u00f3n, las extrusionan y cortan a trav\u00e9s de moldes especiales para dar forma a diversas y exquisitas galletas, como redondas, cuadradas, con forma de animales, etc.<\/li>\n<li>Sistema de horneado: La m\u00e1quina para hacer galletas totalmente autom\u00e1tica adopta una tecnolog\u00eda avanzada de control de temperatura para simular el entorno de cocci\u00f3n de los hornos tradicionales, controlar con precisi\u00f3n la temperatura, la humedad y el tiempo, garantizar que las galletas se calienten uniformemente desde el interior hasta el exterior, y lograr un sabor dorado y crujiente perfecto.<\/li>\n<li>Conexi\u00f3n de transporte y envasado: Las galletas terminadas salen ordenadamente a trav\u00e9s de la cinta transportadora, y pueden conectarse directamente al equipo de envasado para realizar un proceso de producci\u00f3n totalmente automatizado, reducir los eslabones de manipulaci\u00f3n manual y mejorar a\u00fan m\u00e1s la eficiencia de la producci\u00f3n.<\/li>\n<\/ul>\n<p><img decoding=\"async\" class=\"alignnone size-full wp-image-4652\" src=\"https:\/\/www.biscuitsolution.com\/wp-content\/uploads\/2025\/02\/automatic-biscuit-making-machine.jpg\" alt=\"m\u00e1quina autom\u00e1tica para hacer galletas\" width=\"800\" height=\"450\" srcset=\"https:\/\/www.biscuitsolution.com\/wp-content\/uploads\/2025\/02\/automatic-biscuit-making-machine.jpg 800w, https:\/\/www.biscuitsolution.com\/wp-content\/uploads\/2025\/02\/automatic-biscuit-making-machine-600x338.jpg 600w, https:\/\/www.biscuitsolution.com\/wp-content\/uploads\/2025\/02\/automatic-biscuit-making-machine-300x169.jpg 300w, https:\/\/www.biscuitsolution.com\/wp-content\/uploads\/2025\/02\/automatic-biscuit-making-machine-768x432.jpg 768w\" sizes=\"(max-width: 800px) 100vw, 800px\" \/><\/p>\n<h2>Ventajas de la m\u00e1quina autom\u00e1tica para hacer galletas<\/h2>\n<ul>\n<li>Super alta eficiencia: En comparaci\u00f3n con los equipos manuales o semiautom\u00e1ticos tradicionales, la velocidad de producci\u00f3n de la m\u00e1quina autom\u00e1tica para hacer galletas es asombrosa. Puede producir un gran n\u00famero de galletas con calidad estable en poco tiempo, satisfacer la creciente demanda de galletas del mercado, acortar enormemente el ciclo de producci\u00f3n y ayudar a las empresas a aprovechar la oportunidad del mercado.<\/li>\n<li>Calidad estable: Con un sistema de control preciso, el peso, la forma y el grado de horneado de cada galleta pueden ser altamente consistentes. Tanto si se trata del sabor como del aspecto, los consumidores pueden disfrutar de una experiencia estandarizada de alta calidad y establecer una buena reputaci\u00f3n para la marca.<\/li>\n<li>Ahorro de mano de obra: Antes se necesitaban muchos trabajadores en varios eslabones de la producci\u00f3n, pero ahora la m\u00e1quina autom\u00e1tica para hacer galletas s\u00f3lo necesita unos pocos operarios. Esto no s\u00f3lo reduce los costes de mano de obra, sino que tambi\u00e9n reduce los problemas de calidad causados por factores humanos, haciendo que la gesti\u00f3n de la producci\u00f3n sea m\u00e1s f\u00e1cil y eficiente.<\/li>\n<li>Versatilidad: Cambiando los moldes, ajustando los par\u00e1metros, etc., puede hacer f\u00e1cilmente varios tipos de galletas, como galletas de crema, galletas de soda, galletas de s\u00e1ndwich, etc., para satisfacer las preferencias de sabor de los diferentes consumidores y ampliar la cobertura del mercado de productos.<\/li>\n<\/ul>\n<p>Con su excelente rendimiento, la m\u00e1quina autom\u00e1tica para hacer galletas se ha convertido en una herramienta indispensable en la industria moderna de producci\u00f3n de galletas. Si desea conocer m\u00e1s detalles, no dude en ponerse en contacto con nuestro equipo de profesionales, \u00a1le atenderemos de todo coraz\u00f3n!<\/p>\n<div class=\"ast-oembed-container\" style=\"height: 100%;\"><iframe title=\"\u00bfC\u00f3mo se fabrican las galletas duras?\" width=\"500\" height=\"281\" src=\"https:\/\/www.youtube.com\/embed\/pSrx0C7-hKs?feature=oembed\" frameborder=\"0\" allow=\"accelerometer; autoplay; clipboard-write; encrypted-media; gyroscope; picture-in-picture; web-share\" referrerpolicy=\"strict-origin-when-cross-origin\" allowfullscreen><\/iframe><\/div>\n<h2>Deje un mensaje para obtener un presupuesto<\/h2>\n\n<div class=\"wpcf7 no-js\" id=\"wpcf7-f4619-o1\" lang=\"en-US\" dir=\"ltr\" data-wpcf7-id=\"4619\">\n<div class=\"screen-reader-response\"><p role=\"status\" aria-live=\"polite\" aria-atomic=\"true\"><\/p> <ul><\/ul><\/div>\n<form action=\"\/es\/wp-json\/wp\/v2\/product\/4650#wpcf7-f4619-o1\" method=\"post\" class=\"wpcf7-form init\" aria-label=\"Formulario de contacto\" novalidate=\"novalidate\" data-status=\"init\" data-trp-original-action=\"\/es\/wp-json\/wp\/v2\/product\/4650#wpcf7-f4619-o1\">\n<div style=\"display: none;\">\n<input type=\"hidden\" name=\"_wpcf7\" value=\"4619\" \/>\n<input type=\"hidden\" name=\"_wpcf7_version\" value=\"6.0.4\" \/>\n<input type=\"hidden\" name=\"_wpcf7_locale\" value=\"en_US\" \/>\n<input type=\"hidden\" name=\"_wpcf7_unit_tag\" value=\"wpcf7-f4619-o1\" \/>\n<input type=\"hidden\" name=\"_wpcf7_container_post\" value=\"0\" \/>\n<input type=\"hidden\" name=\"_wpcf7_posted_data_hash\" value=\"\" \/>\n<\/div>\n<p><label> Su nombre<br \/>\n<span class=\"wpcf7-form-control-wrap\" data-name=\"your-name\"><input size=\"40\" maxlength=\"400\" class=\"wpcf7-form-control wpcf7-text wpcf7-validates-as-required\" aria-required=\"true\" aria-invalid=\"false\" value=\"\" type=\"text\" name=\"your-name\" \/><\/span> <\/label>\n<\/p>\n<p><label> Su pa\u00eds<br \/>\n<span class=\"wpcf7-form-control-wrap\" data-name=\"your-country\"><input size=\"40\" maxlength=\"400\" class=\"wpcf7-form-control wpcf7-text\" aria-invalid=\"false\" value=\"\" type=\"text\" name=\"your-country\" \/><\/span><\/label>\n<\/p>\n<p><label> Su correo electr\u00f3nico<br \/>\n<span class=\"wpcf7-form-control-wrap\" data-name=\"your-email\"><input size=\"40\" maxlength=\"400\" class=\"wpcf7-form-control wpcf7-email wpcf7-validates-as-required wpcf7-text wpcf7-validates-as-email\" aria-required=\"true\" aria-invalid=\"false\" value=\"\" type=\"email\" name=\"your-email\" \/><\/span> <\/label>\n<\/p>\n<p><label> Tu tel\u00e9fono<br \/>\n<span class=\"wpcf7-form-control-wrap\" data-name=\"your-phone\"><input size=\"40\" maxlength=\"400\" class=\"wpcf7-form-control wpcf7-tel wpcf7-text wpcf7-validates-as-tel\" aria-invalid=\"false\" value=\"\" type=\"tel\" name=\"your-phone\" \/><\/span> <\/label>\n<\/p>\n<p><label> Nombre de su empresa<br \/>\n<span class=\"wpcf7-form-control-wrap\" data-name=\"text-457\"><input size=\"40\" maxlength=\"400\" class=\"wpcf7-form-control wpcf7-text\" aria-invalid=\"false\" value=\"\" type=\"text\" name=\"text-457\" \/><\/span> <\/label>\n<\/p>\n<p><label> El sitio web de su empresa<br \/>\n<span class=\"wpcf7-form-control-wrap\" data-name=\"text-546\"><input size=\"40\" maxlength=\"400\" class=\"wpcf7-form-control wpcf7-text\" aria-invalid=\"false\" value=\"\" type=\"text\" name=\"text-546\" \/><\/span> <\/label>\n<\/p>\n<p><label> Sus requisitos*<br \/>\n<span class=\"wpcf7-form-control-wrap\" data-name=\"your-message\"><textarea cols=\"40\" rows=\"10\" maxlength=\"2000\" class=\"wpcf7-form-control wpcf7-textarea wpcf7-validates-as-required\" aria-required=\"true\" aria-invalid=\"false\" name=\"your-message\"><\/textarea><\/span> <\/label>\n<\/p>\n<p><input class=\"wpcf7-form-control wpcf7-submit has-spinner\" type=\"submit\" value=\"Enviar\" \/>\n<\/p><p style=\"display: none !important;\" class=\"akismet-fields-container\" data-prefix=\"_wpcf7_ak_\"><label>&#916;<textarea name=\"_wpcf7_ak_hp_textarea\" cols=\"45\" rows=\"8\" maxlength=\"100\"><\/textarea><\/label><input type=\"hidden\" id=\"ak_js_1\" name=\"_wpcf7_ak_js\" value=\"196\"\/><script>document.getElementById( \"ak_js_1\" ).setAttribute( \"value\", ( new Date() ).getTime() );<\/script><\/p><div class=\"wpcf7-response-output\" aria-hidden=\"true\"><\/div>\n<input type=\"hidden\" name=\"trp-form-language\" value=\"es\"\/><\/form>\n<\/div>\n\n<div style='text-align:left' class='yasr-auto-insert-visitor'><\/div>","protected":false},"excerpt":{"rendered":"<p>Marca: GELGOOG<\/p>\n<p>Tensi\u00f3n: 380 V<\/p>\n<p>Capacity\uff1a100kg\/h-1000kg\/h<\/p>\n<p>Correo electr\u00f3nico: shanna@machinehall.com<\/p>\n<p>Tel\u00e9fono: +8618638676709<\/p>","protected":false},"featured_media":4654,"comment_status":"open","ping_status":"closed","template":"","meta":{"site-sidebar-layout":"default","site-content-layout":"","ast-site-content-layout":"default","site-content-style":"default","site-sidebar-style":"default","ast-global-header-display":"","ast-banner-title-visibility":"","ast-main-header-display":"","ast-hfb-above-header-display":"","ast-hfb-below-header-display":"","ast-hfb-mobile-header-display":"","site-post-title":"","ast-breadcrumbs-content":"","ast-featured-img":"","footer-sml-layout":"","theme-transparent-header-meta":"default","adv-header-id-meta":"","stick-header-meta":"","header-above-stick-meta":"","header-main-stick-meta":"","header-below-stick-meta":"","astra-migrate-meta-layouts":"set","ast-page-background-enabled":"default","ast-page-background-meta":{"desktop":{"background-color":"","background-image":"","background-repeat":"repeat","background-position":"center center","background-size":"auto","background-attachment":"scroll","background-type":"","background-media":"","overlay-type":"","overlay-color":"","overlay-opacity":"","overlay-gradient":""},"tablet":{"background-color":"","background-image":"","background-repeat":"repeat","background-position":"center center","background-size":"auto","background-attachment":"scroll","background-type":"","background-media":"","overlay-type":"","overlay-color":"","overlay-opacity":"","overlay-gradient":""},"mobile":{"background-color":"","background-image":"","background-repeat":"repeat","background-position":"center center","background-size":"auto","background-attachment":"scroll","background-type":"","background-media":"","overlay-type":"","overlay-color":"","overlay-opacity":"","overlay-gradient":""}},"ast-content-background-meta":{"desktop":{"background-color":"var(--ast-global-color-5)","background-image":"","background-repeat":"repeat","background-position":"center center","background-size":"auto","background-attachment":"scroll","background-type":"","background-media":"","overlay-type":"","overlay-color":"","overlay-opacity":"","overlay-gradient":""},"tablet":{"background-color":"var(--ast-global-color-5)","background-image":"","background-repeat":"repeat","background-position":"center center","background-size":"auto","background-attachment":"scroll","background-type":"","background-media":"","overlay-type":"","overlay-color":"","overlay-opacity":"","overlay-gradient":""},"mobile":{"background-color":"var(--ast-global-color-5)","background-image":"","background-repeat":"repeat","background-position":"center center","background-size":"auto","background-attachment":"scroll","background-type":"","background-media":"","overlay-type":"","overlay-color":"","overlay-opacity":"","overlay-gradient":""}},"yasr_overall_rating":0,"yasr_post_is_review":"","yasr_auto_insert_disabled":"","yasr_review_type":""},"product_brand":[],"product_cat":[22],"product_tag":[],"class_list":{"0":"post-4650","1":"product","2":"type-product","3":"status-publish","4":"has-post-thumbnail","6":"product_cat-hard-biscuit-production-line","7":"desktop-align-left","8":"tablet-align-left","9":"mobile-align-left","11":"first","12":"instock","13":"shipping-taxable","14":"product-type-simple"},"yoast_head":"<!-- This site is optimized with the Yoast SEO plugin v24.4 - https:\/\/yoast.com\/wordpress\/plugins\/seo\/ -->\n<title>Fully Automatic Biscuit Making Machine For Factory - Biscuit Production Solution Manufacturer<\/title>\n<meta name=\"description\" content=\"Fully automatic biscuit making machine that can make many different types of biscuits. our professional team can provide detailed information.\" \/>\n<meta name=\"robots\" content=\"index, follow, max-snippet:-1, max-image-preview:large, max-video-preview:-1\" \/>\n<link rel=\"canonical\" href=\"https:\/\/www.biscuitsolution.com\/es\/producto\/fully-automatic-biscuit-making-machine-for-factory\/\" \/>\n<meta property=\"og:locale\" content=\"es_ES\" \/>\n<meta property=\"og:type\" content=\"article\" \/>\n<meta property=\"og:title\" content=\"Fully Automatic Biscuit Making Machine For Factory - Biscuit Production Solution Manufacturer\" \/>\n<meta property=\"og:description\" content=\"Fully automatic biscuit making machine that can make many different types of biscuits. our professional team can provide detailed information.\" \/>\n<meta property=\"og:url\" content=\"https:\/\/www.biscuitsolution.com\/es\/producto\/fully-automatic-biscuit-making-machine-for-factory\/\" \/>\n<meta property=\"og:site_name\" content=\"Biscuit Production Solution Manufacturer\" \/>\n<meta property=\"article:publisher\" content=\"https:\/\/www.facebook.com\/profile.php?id=100095205040823\" \/>\n<meta property=\"article:modified_time\" content=\"2025-02-19T08:45:29+00:00\" \/>\n<meta property=\"og:image\" content=\"https:\/\/www.biscuitsolution.com\/wp-content\/uploads\/2025\/02\/fully-automatic-biscuit-making-machine.jpg\" \/>\n\t<meta property=\"og:image:width\" content=\"600\" \/>\n\t<meta property=\"og:image:height\" content=\"600\" \/>\n\t<meta property=\"og:image:type\" content=\"image\/jpeg\" \/>\n<meta name=\"twitter:card\" content=\"summary_large_image\" \/>\n<meta name=\"twitter:site\" content=\"@shanna_zha26342\" \/>\n<meta name=\"twitter:label1\" content=\"Tiempo de lectura\" \/>\n\t<meta name=\"twitter:data1\" content=\"3 minutos\" \/>\n<script type=\"application\/ld+json\" class=\"yoast-schema-graph\">{\"@context\":\"https:\/\/schema.org\",\"@graph\":[{\"@type\":\"WebPage\",\"@id\":\"https:\/\/www.biscuitsolution.com\/product\/fully-automatic-biscuit-making-machine-for-factory\/\",\"url\":\"https:\/\/www.biscuitsolution.com\/product\/fully-automatic-biscuit-making-machine-for-factory\/\",\"name\":\"Fully Automatic Biscuit Making Machine For Factory - Biscuit Production Solution Manufacturer\",\"isPartOf\":{\"@id\":\"https:\/\/www.biscuitsolution.com\/#website\"},\"primaryImageOfPage\":{\"@id\":\"https:\/\/www.biscuitsolution.com\/product\/fully-automatic-biscuit-making-machine-for-factory\/#primaryimage\"},\"image\":{\"@id\":\"https:\/\/www.biscuitsolution.com\/product\/fully-automatic-biscuit-making-machine-for-factory\/#primaryimage\"},\"thumbnailUrl\":\"https:\/\/www.biscuitsolution.com\/wp-content\/uploads\/2025\/02\/fully-automatic-biscuit-making-machine.jpg\",\"datePublished\":\"2025-02-19T08:32:19+00:00\",\"dateModified\":\"2025-02-19T08:45:29+00:00\",\"description\":\"Fully automatic biscuit making machine that can make many different types of biscuits. our professional team can provide detailed information.\",\"breadcrumb\":{\"@id\":\"https:\/\/www.biscuitsolution.com\/product\/fully-automatic-biscuit-making-machine-for-factory\/#breadcrumb\"},\"inLanguage\":\"es\",\"potentialAction\":[{\"@type\":\"ReadAction\",\"target\":[\"https:\/\/www.biscuitsolution.com\/product\/fully-automatic-biscuit-making-machine-for-factory\/\"]}]},{\"@type\":\"ImageObject\",\"inLanguage\":\"es\",\"@id\":\"https:\/\/www.biscuitsolution.com\/product\/fully-automatic-biscuit-making-machine-for-factory\/#primaryimage\",\"url\":\"https:\/\/www.biscuitsolution.com\/wp-content\/uploads\/2025\/02\/fully-automatic-biscuit-making-machine.jpg\",\"contentUrl\":\"https:\/\/www.biscuitsolution.com\/wp-content\/uploads\/2025\/02\/fully-automatic-biscuit-making-machine.jpg\",\"width\":600,\"height\":600,\"caption\":\"fully automatic biscuit making machine\"},{\"@type\":\"BreadcrumbList\",\"@id\":\"https:\/\/www.biscuitsolution.com\/product\/fully-automatic-biscuit-making-machine-for-factory\/#breadcrumb\",\"itemListElement\":[{\"@type\":\"ListItem\",\"position\":1,\"name\":\"Home\",\"item\":\"https:\/\/www.biscuitsolution.com\/\"},{\"@type\":\"ListItem\",\"position\":2,\"name\":\"Product\",\"item\":\"https:\/\/www.biscuitsolution.com\/product\/\"},{\"@type\":\"ListItem\",\"position\":3,\"name\":\"Fully Automatic Biscuit Making Machine For Factory\"}]},{\"@type\":\"WebSite\",\"@id\":\"https:\/\/www.biscuitsolution.com\/#website\",\"url\":\"https:\/\/www.biscuitsolution.com\/\",\"name\":\"Biscuit Production Solution Manufacturer\",\"description\":\"\",\"potentialAction\":[{\"@type\":\"SearchAction\",\"target\":{\"@type\":\"EntryPoint\",\"urlTemplate\":\"https:\/\/www.biscuitsolution.com\/?s={search_term_string}\"},\"query-input\":{\"@type\":\"PropertyValueSpecification\",\"valueRequired\":true,\"valueName\":\"search_term_string\"}}],\"inLanguage\":\"es\"},false]}<\/script>\n<!-- \/ Yoast SEO plugin. -->","yoast_head_json":{"title":"M\u00e1quina autom\u00e1tica para hacer galletas - Fabricante de soluciones para la producci\u00f3n de galletas","description":"M\u00e1quina de hacer galletas totalmente autom\u00e1tica que puede hacer muchos tipos diferentes de galletas. nuestro equipo profesional puede proporcionar informaci\u00f3n detallada.","robots":{"index":"index","follow":"follow","max-snippet":"max-snippet:-1","max-image-preview":"max-image-preview:large","max-video-preview":"max-video-preview:-1"},"canonical":"https:\/\/www.biscuitsolution.com\/es\/producto\/fully-automatic-biscuit-making-machine-for-factory\/","og_locale":"es_ES","og_type":"article","og_title":"Fully Automatic Biscuit Making Machine For Factory - Biscuit Production Solution Manufacturer","og_description":"Fully automatic biscuit making machine that can make many different types of biscuits. our professional team can provide detailed information.","og_url":"https:\/\/www.biscuitsolution.com\/es\/producto\/fully-automatic-biscuit-making-machine-for-factory\/","og_site_name":"Biscuit Production Solution Manufacturer","article_publisher":"https:\/\/www.facebook.com\/profile.php?id=100095205040823","article_modified_time":"2025-02-19T08:45:29+00:00","og_image":[{"width":600,"height":600,"url":"https:\/\/www.biscuitsolution.com\/wp-content\/uploads\/2025\/02\/fully-automatic-biscuit-making-machine.jpg","type":"image\/jpeg"}],"twitter_card":"summary_large_image","twitter_site":"@shanna_zha26342","twitter_misc":{"Tiempo de lectura":"3 minutos"},"schema":{"@context":"https:\/\/schema.org","@graph":[{"@type":"WebPage","@id":"https:\/\/www.biscuitsolution.com\/product\/fully-automatic-biscuit-making-machine-for-factory\/","url":"https:\/\/www.biscuitsolution.com\/product\/fully-automatic-biscuit-making-machine-for-factory\/","name":"M\u00e1quina autom\u00e1tica para hacer galletas - Fabricante de soluciones para la producci\u00f3n de galletas","isPartOf":{"@id":"https:\/\/www.biscuitsolution.com\/#website"},"primaryImageOfPage":{"@id":"https:\/\/www.biscuitsolution.com\/product\/fully-automatic-biscuit-making-machine-for-factory\/#primaryimage"},"image":{"@id":"https:\/\/www.biscuitsolution.com\/product\/fully-automatic-biscuit-making-machine-for-factory\/#primaryimage"},"thumbnailUrl":"https:\/\/www.biscuitsolution.com\/wp-content\/uploads\/2025\/02\/fully-automatic-biscuit-making-machine.jpg","datePublished":"2025-02-19T08:32:19+00:00","dateModified":"2025-02-19T08:45:29+00:00","description":"M\u00e1quina de hacer galletas totalmente autom\u00e1tica que puede hacer muchos tipos diferentes de galletas. nuestro equipo profesional puede proporcionar informaci\u00f3n detallada.","breadcrumb":{"@id":"https:\/\/www.biscuitsolution.com\/product\/fully-automatic-biscuit-making-machine-for-factory\/#breadcrumb"},"inLanguage":"es","potentialAction":[{"@type":"ReadAction","target":["https:\/\/www.biscuitsolution.com\/product\/fully-automatic-biscuit-making-machine-for-factory\/"]}]},{"@type":"ImageObject","inLanguage":"es","@id":"https:\/\/www.biscuitsolution.com\/product\/fully-automatic-biscuit-making-machine-for-factory\/#primaryimage","url":"https:\/\/www.biscuitsolution.com\/wp-content\/uploads\/2025\/02\/fully-automatic-biscuit-making-machine.jpg","contentUrl":"https:\/\/www.biscuitsolution.com\/wp-content\/uploads\/2025\/02\/fully-automatic-biscuit-making-machine.jpg","width":600,"height":600,"caption":"fully automatic biscuit making machine"},{"@type":"BreadcrumbList","@id":"https:\/\/www.biscuitsolution.com\/product\/fully-automatic-biscuit-making-machine-for-factory\/#breadcrumb","itemListElement":[{"@type":"ListItem","position":1,"name":"Home","item":"https:\/\/www.biscuitsolution.com\/"},{"@type":"ListItem","position":2,"name":"Product","item":"https:\/\/www.biscuitsolution.com\/product\/"},{"@type":"ListItem","position":3,"name":"Fully Automatic Biscuit Making Machine For Factory"}]},{"@type":"WebSite","@id":"https:\/\/www.biscuitsolution.com\/#website","url":"https:\/\/www.biscuitsolution.com\/","name":"Fabricante de soluciones para la producci\u00f3n de galletas","description":"","potentialAction":[{"@type":"SearchAction","target":{"@type":"EntryPoint","urlTemplate":"https:\/\/www.biscuitsolution.com\/?s={search_term_string}"},"query-input":{"@type":"PropertyValueSpecification","valueRequired":true,"valueName":"search_term_string"}}],"inLanguage":"es"},false]}},"yasr_visitor_votes":{"stars_attributes":{"read_only":false,"span_bottom":false},"number_of_votes":1,"sum_votes":5},"_links":{"self":[{"href":"https:\/\/www.biscuitsolution.com\/es\/wp-json\/wp\/v2\/product\/4650","targetHints":{"allow":["GET"]}}],"collection":[{"href":"https:\/\/www.biscuitsolution.com\/es\/wp-json\/wp\/v2\/product"}],"about":[{"href":"https:\/\/www.biscuitsolution.com\/es\/wp-json\/wp\/v2\/types\/product"}],"replies":[{"embeddable":true,"href":"https:\/\/www.biscuitsolution.com\/es\/wp-json\/wp\/v2\/comments?post=4650"}],"version-history":[{"count":2,"href":"https:\/\/www.biscuitsolution.com\/es\/wp-json\/wp\/v2\/product\/4650\/revisions"}],"predecessor-version":[{"id":4662,"href":"https:\/\/www.biscuitsolution.com\/es\/wp-json\/wp\/v2\/product\/4650\/revisions\/4662"}],"wp:featuredmedia":[{"embeddable":true,"href":"https:\/\/www.biscuitsolution.com\/es\/wp-json\/wp\/v2\/media\/4654"}],"wp:attachment":[{"href":"https:\/\/www.biscuitsolution.com\/es\/wp-json\/wp\/v2\/media?parent=4650"}],"wp:term":[{"taxonomy":"product_brand","embeddable":true,"href":"https:\/\/www.biscuitsolution.com\/es\/wp-json\/wp\/v2\/product_brand?post=4650"},{"taxonomy":"product_cat","embeddable":true,"href":"https:\/\/www.biscuitsolution.com\/es\/wp-json\/wp\/v2\/product_cat?post=4650"},{"taxonomy":"product_tag","embeddable":true,"href":"https:\/\/www.biscuitsolution.com\/es\/wp-json\/wp\/v2\/product_tag?post=4650"}],"curies":[{"name":"wp","href":"https:\/\/api.w.org\/{rel}","templated":true}]}}