{"id":4614,"date":"2025-02-18T09:13:44","date_gmt":"2025-02-18T09:13:44","guid":{"rendered":"https:\/\/www.biscuitsolution.com\/?post_type=product&#038;p=4614"},"modified":"2025-09-16T15:22:57","modified_gmt":"2025-09-16T07:22:57","slug":"automatic-biscuit-production-line","status":"publish","type":"product","link":"https:\/\/www.biscuitsolution.com\/es\/producto\/automatic-biscuit-production-line\/","title":{"rendered":"L\u00ednea de producci\u00f3n autom\u00e1tica de galletas Calidad inigualable"},"content":{"rendered":"<p>En <strong>l\u00ednea autom\u00e1tica de producci\u00f3n de galletas<\/strong> integra m\u00faltiples operaciones unitarias, como la mezcla de materias primas, la formaci\u00f3n de la masa, el horneado de galletas, el enfriamiento y el envasado.<\/p>\n<p>Realizaci\u00f3n de un proceso de producci\u00f3n totalmente automatizado desde las materias primas hasta las galletas acabadas, que puede liberar en gran medida la productividad de la empresa.<\/p>\n<p><img fetchpriority=\"high\" decoding=\"async\" class=\"alignnone wp-image-4616 size-full\" src=\"https:\/\/www.biscuitsolution.com\/wp-content\/uploads\/2025\/02\/biscuit-production-lines.jpg\" alt=\"l\u00ednea autom\u00e1tica de producci\u00f3n de galletas\" width=\"800\" height=\"450\" srcset=\"https:\/\/www.biscuitsolution.com\/wp-content\/uploads\/2025\/02\/biscuit-production-lines.jpg 800w, https:\/\/www.biscuitsolution.com\/wp-content\/uploads\/2025\/02\/biscuit-production-lines-600x338.jpg 600w, https:\/\/www.biscuitsolution.com\/wp-content\/uploads\/2025\/02\/biscuit-production-lines-300x169.jpg 300w, https:\/\/www.biscuitsolution.com\/wp-content\/uploads\/2025\/02\/biscuit-production-lines-768x432.jpg 768w\" sizes=\"(max-width: 800px) 100vw, 800px\" \/><\/p>\n<h2>Estructura y proceso de fabricaci\u00f3n de la l\u00ednea de producci\u00f3n de galletas<\/h2>\n<ul>\n<li>Proceso de mezcla de materias primas: Equipada con un dise\u00f1o de paleta agitadora multidimensional y un sistema inteligente de control de velocidad variable, la paleta agitadora puede mezclarse desde m\u00faltiples \u00e1ngulos y velocidades en todas las direcciones, y ajustarse de forma flexible seg\u00fan las diferentes recetas de galletas para mezclar completamente las materias primas y lograr el efecto de mezcla ideal.<\/li>\n<li>Parte moldeadora: Equipados con un sistema de moldes de alta precisi\u00f3n, estos moldes se fabrican mediante tecnolog\u00eda de procesamiento CNC con dimensiones precisas para garantizar que las galletas tengan una forma regular y bordes n\u00edtidos despu\u00e9s del formado. Satisfacen las necesidades de producci\u00f3n de galletas de diversas formas, tama\u00f1os y personalizadas por los clientes en el mercado.<\/li>\n<li>Enlace de horneado: La l\u00ednea de producci\u00f3n autom\u00e1tica de galletas utiliza una innovadora tecnolog\u00eda de horneado que combina la circulaci\u00f3n de aire caliente con el calentamiento por infrarrojos lejanos, y combina sensores de temperatura de alta precisi\u00f3n y sistemas de control de temperatura por partici\u00f3n para hacer que la temperatura del horno se distribuya uniformemente y sea constante en todos los rincones.<\/li>\n<li>Proceso de envasado: El uso de equipos de envasado automatizado de alta velocidad no s\u00f3lo tiene una velocidad de envasado r\u00e1pida, sino que tambi\u00e9n tiene una precisi\u00f3n extremadamente alta, y controla estrictamente la cantidad, las especificaciones y otros requisitos de cada paquete de galletas. Tiene una gran adaptabilidad a todo tipo de materiales de envasado y puede ajustar con flexibilidad la forma de envasado.<\/li>\n<\/ul>\n<p><img decoding=\"async\" class=\"alignnone size-full wp-image-4615\" src=\"https:\/\/www.biscuitsolution.com\/wp-content\/uploads\/2025\/02\/biscuit-production-line.jpg\" alt=\"l\u00ednea de producci\u00f3n de galletas\" width=\"800\" height=\"450\" srcset=\"https:\/\/www.biscuitsolution.com\/wp-content\/uploads\/2025\/02\/biscuit-production-line.jpg 800w, https:\/\/www.biscuitsolution.com\/wp-content\/uploads\/2025\/02\/biscuit-production-line-600x338.jpg 600w, https:\/\/www.biscuitsolution.com\/wp-content\/uploads\/2025\/02\/biscuit-production-line-300x169.jpg 300w, https:\/\/www.biscuitsolution.com\/wp-content\/uploads\/2025\/02\/biscuit-production-line-768x432.jpg 768w\" sizes=\"(max-width: 800px) 100vw, 800px\" \/><\/p>\n<h2>Razones para elegir la l\u00ednea de producci\u00f3n autom\u00e1tica de galletas<\/h2>\n<ol>\n<li>En cuanto a la eficiencia de la producci\u00f3n: cada eslab\u00f3n tiene un alto grado de automatizaci\u00f3n, como una mezcla eficaz y uniforme, un moldeado r\u00e1pido y preciso, un control exacto del horneado y un envasado de alta velocidad y precisi\u00f3n. La conexi\u00f3n global acorta enormemente el ciclo de producci\u00f3n, lo que permite a las empresas producir m\u00e1s galletas de alta calidad.<\/li>\n<li>F\u00e1cil de limpiar y mantener: El dise\u00f1o del equipo de la l\u00ednea de producci\u00f3n es f\u00e1cil de limpiar, con una superficie lisa y sin esquinas muertas sanitarias. Adem\u00e1s, durante el mantenimiento de los equipos, toda la l\u00ednea de producci\u00f3n puede desinfectarse y limpiarse peri\u00f3dicamente para garantizar el cumplimiento de las normas de seguridad alimentaria.<\/li>\n<li>Ritmo de producci\u00f3n estable: La l\u00ednea de producci\u00f3n de galletas no se ve afectada por factores como la fatiga de los trabajadores, lo que garantiza que el intervalo de tiempo de producci\u00f3n de cada galleta sea b\u00e1sicamente el mismo. Esto puede planificar eficazmente el proceso de producci\u00f3n y facilitar a la empresa la organizaci\u00f3n del envasado posterior, el transporte y otros eslabones.<\/li>\n<li>Uso eficiente de las materias primas: El sistema automatizado de dosificaci\u00f3n dispensa con precisi\u00f3n las materias primas seg\u00fan la f\u00f3rmula especificada, minimizando as\u00ed los residuos. Al mismo tiempo, la regulaci\u00f3n meticulosa del proceso de fabricaci\u00f3n permite un uso m\u00e1s juicioso de los materiales, mejorando su tasa de utilizaci\u00f3n y, en consecuencia, reduciendo los gastos de producci\u00f3n.<\/li>\n<\/ol>\n<div class=\"ast-oembed-container\" style=\"height: 100%;\"><iframe title=\"\u00a1Mira! L\u00ednea de producci\u00f3n industrial de galletas sandwich muy profesional\" width=\"500\" height=\"281\" src=\"https:\/\/www.youtube.com\/embed\/1zMh_8a0S4E?feature=oembed\" frameborder=\"0\" allow=\"accelerometer; autoplay; clipboard-write; encrypted-media; gyroscope; picture-in-picture; web-share\" referrerpolicy=\"strict-origin-when-cross-origin\" allowfullscreen><\/iframe><\/div>\n<h2><strong>L\u00ednea de producci\u00f3n de galletas<\/strong><\/h2>\n<p>Como fabricante profesional de m\u00e1quinas de galletas, ofrecemos l\u00edneas de producci\u00f3n de galletas peque\u00f1as, medianas y grandes.<\/p>\n<p>Adem\u00e1s, nuestras m\u00e1quinas autom\u00e1ticas para hacer galletas pueden producir una gran variedad de tipos de galletas, como galletas de crema, galletas de s\u00e1ndwich, galletas de soda y galletas de verduras.<\/p>\n<p>Nuestras m\u00e1quinas ofrecen diversos m\u00e9todos de calentamiento (el\u00e9ctrico, gas y gas\u00f3leo).<\/p>\n<p><strong>Nuestros modelos de productos actuales incluyen:<\/strong><\/p>\n<table style=\"height: 331px;\" width=\"1266\" cellspacing=\"0\">\n<tbody>\n<tr>\n<td rowspan=\"2\">Modelo<\/td>\n<td rowspan=\"2\">Capacidad<\/td>\n<td rowspan=\"2\">Anchura interior del horno t\u00fanel<\/td>\n<td rowspan=\"2\">M\u00e9todo de calentamiento<\/td>\n<td>Dimensiones<\/td>\n<td rowspan=\"2\">Tensi\u00f3n<\/td>\n<\/tr>\n<tr>\n<td>(sin envasadora)<\/td>\n<\/tr>\n<tr>\n<td>GG-BG400\/420<\/td>\n<td>100-250 kg\/h<\/td>\n<td>400\/420 mm<\/td>\n<td>Electricidad,Gas<\/td>\n<td>L45m*A5m*H2m<\/td>\n<td>380V 50HZ 3PH<\/td>\n<\/tr>\n<tr>\n<td>GG-BG600<\/td>\n<td>250-400 kg\/h<\/td>\n<td>600 mm<\/td>\n<td>Electricidad,Gas<\/td>\n<td>L50m*A5m*H2m<\/td>\n<td>380V 50HZ 3PH<\/td>\n<\/tr>\n<tr>\n<td>GG-BG800<\/td>\n<td>500-800 kg\/h<\/td>\n<td>800 mm<\/td>\n<td>El\u00e9ctrico,Gas,Diesel<\/td>\n<td>L100m*An5m*Al2,5m<\/td>\n<td>380V 50HZ 3PH<\/td>\n<\/tr>\n<tr>\n<td>GG-BG1000<\/td>\n<td>800-1000 kg\/h<\/td>\n<td>1000 mm<\/td>\n<td>El\u00e9ctrico,Gas,Diesel<\/td>\n<td>L105m*A12m*H3m<\/td>\n<td>380V 50HZ 3PH<\/td>\n<\/tr>\n<tr>\n<td>GG-BG1200<\/td>\n<td>800-1200 kg\/h<\/td>\n<td>1200 mm<\/td>\n<td>El\u00e9ctrico,Gas,Diesel<\/td>\n<td>L120m*A15m*H3m<\/td>\n<td>380V 50HZ 3PH<\/td>\n<\/tr>\n<\/tbody>\n<\/table>\n<h2>Fabricantes de l\u00edneas de producci\u00f3n de galletas<\/h2>\n<p>Como fabricante l\u00edder de l\u00edneas de producci\u00f3n de galletas, estamos especializados en el dise\u00f1o, la fabricaci\u00f3n y la instalaci\u00f3n de soluciones automatizadas personalizadas adaptadas a diversas necesidades de producci\u00f3n.<\/p>\n<p>Nuestra experiencia garantiza un rendimiento fiable, el cumplimiento de las normas internacionales de seguridad alimentaria y la innovaci\u00f3n continua en la tecnolog\u00eda de fabricaci\u00f3n de galletas.<\/p>\n<p>Gracias a nuestra completa asistencia posventa y nuestros servicios t\u00e9cnicos, colaboramos con clientes de todo el mundo para mejorar su capacidad de producci\u00f3n y maximizar la eficacia operativa.<\/p>\n<h2>Deje un mensaje para obtener un presupuesto<\/h2>\n\n<div class=\"wpcf7 no-js\" id=\"wpcf7-f4619-o1\" lang=\"en-US\" dir=\"ltr\" data-wpcf7-id=\"4619\">\n<div class=\"screen-reader-response\"><p role=\"status\" aria-live=\"polite\" aria-atomic=\"true\"><\/p> <ul><\/ul><\/div>\n<form action=\"\/es\/wp-json\/wp\/v2\/product\/4614#wpcf7-f4619-o1\" method=\"post\" class=\"wpcf7-form init\" aria-label=\"Formulario de contacto\" novalidate=\"novalidate\" data-status=\"init\" data-trp-original-action=\"\/es\/wp-json\/wp\/v2\/product\/4614#wpcf7-f4619-o1\">\n<div style=\"display: none;\">\n<input type=\"hidden\" name=\"_wpcf7\" value=\"4619\" \/>\n<input type=\"hidden\" name=\"_wpcf7_version\" value=\"6.0.4\" \/>\n<input type=\"hidden\" name=\"_wpcf7_locale\" value=\"en_US\" \/>\n<input type=\"hidden\" name=\"_wpcf7_unit_tag\" value=\"wpcf7-f4619-o1\" \/>\n<input type=\"hidden\" name=\"_wpcf7_container_post\" value=\"0\" \/>\n<input type=\"hidden\" name=\"_wpcf7_posted_data_hash\" value=\"\" \/>\n<\/div>\n<p><label> Su nombre<br \/>\n<span class=\"wpcf7-form-control-wrap\" data-name=\"your-name\"><input size=\"40\" maxlength=\"400\" class=\"wpcf7-form-control wpcf7-text wpcf7-validates-as-required\" aria-required=\"true\" aria-invalid=\"false\" value=\"\" type=\"text\" name=\"your-name\" \/><\/span> <\/label>\n<\/p>\n<p><label> Su pa\u00eds<br \/>\n<span class=\"wpcf7-form-control-wrap\" data-name=\"your-country\"><input size=\"40\" maxlength=\"400\" class=\"wpcf7-form-control wpcf7-text\" aria-invalid=\"false\" value=\"\" type=\"text\" name=\"your-country\" \/><\/span><\/label>\n<\/p>\n<p><label> Su correo electr\u00f3nico<br \/>\n<span class=\"wpcf7-form-control-wrap\" data-name=\"your-email\"><input size=\"40\" maxlength=\"400\" class=\"wpcf7-form-control wpcf7-email wpcf7-validates-as-required wpcf7-text wpcf7-validates-as-email\" aria-required=\"true\" aria-invalid=\"false\" value=\"\" type=\"email\" name=\"your-email\" \/><\/span> <\/label>\n<\/p>\n<p><label> Tu tel\u00e9fono<br \/>\n<span class=\"wpcf7-form-control-wrap\" data-name=\"your-phone\"><input size=\"40\" maxlength=\"400\" class=\"wpcf7-form-control wpcf7-tel wpcf7-text wpcf7-validates-as-tel\" aria-invalid=\"false\" value=\"\" type=\"tel\" name=\"your-phone\" \/><\/span> <\/label>\n<\/p>\n<p><label> Nombre de su empresa<br \/>\n<span class=\"wpcf7-form-control-wrap\" data-name=\"text-457\"><input size=\"40\" maxlength=\"400\" class=\"wpcf7-form-control wpcf7-text\" aria-invalid=\"false\" value=\"\" type=\"text\" name=\"text-457\" \/><\/span> <\/label>\n<\/p>\n<p><label> El sitio web de su empresa<br \/>\n<span class=\"wpcf7-form-control-wrap\" data-name=\"text-546\"><input size=\"40\" maxlength=\"400\" class=\"wpcf7-form-control wpcf7-text\" aria-invalid=\"false\" value=\"\" type=\"text\" name=\"text-546\" \/><\/span> <\/label>\n<\/p>\n<p><label> Sus requisitos*<br \/>\n<span class=\"wpcf7-form-control-wrap\" data-name=\"your-message\"><textarea cols=\"40\" rows=\"10\" maxlength=\"2000\" class=\"wpcf7-form-control wpcf7-textarea wpcf7-validates-as-required\" aria-required=\"true\" aria-invalid=\"false\" name=\"your-message\"><\/textarea><\/span> <\/label>\n<\/p>\n<p><input class=\"wpcf7-form-control wpcf7-submit has-spinner\" type=\"submit\" value=\"Enviar\" \/>\n<\/p><p style=\"display: none !important;\" class=\"akismet-fields-container\" data-prefix=\"_wpcf7_ak_\"><label>&#916;<textarea name=\"_wpcf7_ak_hp_textarea\" cols=\"45\" rows=\"8\" maxlength=\"100\"><\/textarea><\/label><input type=\"hidden\" id=\"ak_js_1\" name=\"_wpcf7_ak_js\" value=\"52\"\/><script>document.getElementById( \"ak_js_1\" ).setAttribute( \"value\", ( new Date() ).getTime() );<\/script><\/p><div class=\"wpcf7-response-output\" aria-hidden=\"true\"><\/div>\n<input type=\"hidden\" name=\"trp-form-language\" value=\"es\"\/><\/form>\n<\/div>\n\n<div style='text-align:left' class='yasr-auto-insert-visitor'><\/div>","protected":false},"excerpt":{"rendered":"<p>Marca: GELGOOG<\/p>\n<p>Tensi\u00f3n: 380 V<\/p>\n<p>Capacity\uff1a100kg\/h-1000kg\/h<\/p>\n<p>Correo electr\u00f3nico: shanna@machinehall.com<\/p>\n<p>Tel\u00e9fono: +8618638676709<\/p>","protected":false},"featured_media":4617,"comment_status":"open","ping_status":"closed","template":"","meta":{"site-sidebar-layout":"default","site-content-layout":"","ast-site-content-layout":"default","site-content-style":"default","site-sidebar-style":"default","ast-global-header-display":"","ast-banner-title-visibility":"","ast-main-header-display":"","ast-hfb-above-header-display":"","ast-hfb-below-header-display":"","ast-hfb-mobile-header-display":"","site-post-title":"","ast-breadcrumbs-content":"","ast-featured-img":"","footer-sml-layout":"","theme-transparent-header-meta":"default","adv-header-id-meta":"","stick-header-meta":"","header-above-stick-meta":"","header-main-stick-meta":"","header-below-stick-meta":"","astra-migrate-meta-layouts":"set","ast-page-background-enabled":"default","ast-page-background-meta":{"desktop":{"background-color":"","background-image":"","background-repeat":"repeat","background-position":"center center","background-size":"auto","background-attachment":"scroll","background-type":"","background-media":"","overlay-type":"","overlay-color":"","overlay-opacity":"","overlay-gradient":""},"tablet":{"background-color":"","background-image":"","background-repeat":"repeat","background-position":"center center","background-size":"auto","background-attachment":"scroll","background-type":"","background-media":"","overlay-type":"","overlay-color":"","overlay-opacity":"","overlay-gradient":""},"mobile":{"background-color":"","background-image":"","background-repeat":"repeat","background-position":"center center","background-size":"auto","background-attachment":"scroll","background-type":"","background-media":"","overlay-type":"","overlay-color":"","overlay-opacity":"","overlay-gradient":""}},"ast-content-background-meta":{"desktop":{"background-color":"var(--ast-global-color-5)","background-image":"","background-repeat":"repeat","background-position":"center center","background-size":"auto","background-attachment":"scroll","background-type":"","background-media":"","overlay-type":"","overlay-color":"","overlay-opacity":"","overlay-gradient":""},"tablet":{"background-color":"var(--ast-global-color-5)","background-image":"","background-repeat":"repeat","background-position":"center center","background-size":"auto","background-attachment":"scroll","background-type":"","background-media":"","overlay-type":"","overlay-color":"","overlay-opacity":"","overlay-gradient":""},"mobile":{"background-color":"var(--ast-global-color-5)","background-image":"","background-repeat":"repeat","background-position":"center center","background-size":"auto","background-attachment":"scroll","background-type":"","background-media":"","overlay-type":"","overlay-color":"","overlay-opacity":"","overlay-gradient":""}},"yasr_overall_rating":5,"yasr_post_is_review":"","yasr_auto_insert_disabled":"","yasr_review_type":""},"product_brand":[],"product_cat":[22],"product_tag":[],"class_list":{"0":"post-4614","1":"product","2":"type-product","3":"status-publish","4":"has-post-thumbnail","6":"product_cat-hard-biscuit-production-line","7":"desktop-align-left","8":"tablet-align-left","9":"mobile-align-left","11":"first","12":"instock","13":"shipping-taxable","14":"product-type-simple"},"yoast_head":"<!-- This site is optimized with the Yoast SEO plugin v24.4 - https:\/\/yoast.com\/wordpress\/plugins\/seo\/ -->\n<title>Automatic Biscuit Production Line Unrivaled Quality<\/title>\n<meta name=\"description\" content=\"Our automatic biscuit production line adopts high-precision technology, optimizes production structure, have a continuous and stable operating status.\" \/>\n<meta name=\"robots\" content=\"index, follow, max-snippet:-1, max-image-preview:large, max-video-preview:-1\" \/>\n<link rel=\"canonical\" href=\"https:\/\/www.biscuitsolution.com\/es\/producto\/automatic-biscuit-production-line\/\" \/>\n<meta property=\"og:locale\" content=\"es_ES\" \/>\n<meta property=\"og:type\" content=\"article\" \/>\n<meta property=\"og:title\" content=\"Automatic Biscuit Production Line Unrivaled Quality\" \/>\n<meta property=\"og:description\" content=\"Our automatic biscuit production line adopts high-precision technology, optimizes production structure, have a continuous and stable operating status.\" \/>\n<meta property=\"og:url\" content=\"https:\/\/www.biscuitsolution.com\/es\/producto\/automatic-biscuit-production-line\/\" \/>\n<meta property=\"og:site_name\" content=\"Biscuit Production Solution Manufacturer\" \/>\n<meta property=\"article:publisher\" content=\"https:\/\/www.facebook.com\/profile.php?id=100095205040823\" \/>\n<meta property=\"article:modified_time\" content=\"2025-09-16T07:22:57+00:00\" \/>\n<meta property=\"og:image\" content=\"https:\/\/www.biscuitsolution.com\/wp-content\/uploads\/2025\/02\/automatic-biscuit-production-line.jpg\" \/>\n\t<meta property=\"og:image:width\" content=\"600\" \/>\n\t<meta property=\"og:image:height\" content=\"600\" \/>\n\t<meta property=\"og:image:type\" content=\"image\/jpeg\" \/>\n<meta name=\"twitter:card\" content=\"summary_large_image\" \/>\n<meta name=\"twitter:site\" content=\"@shanna_zha26342\" \/>\n<meta name=\"twitter:label1\" content=\"Tiempo de lectura\" \/>\n\t<meta name=\"twitter:data1\" content=\"4 minutos\" \/>\n<script type=\"application\/ld+json\" class=\"yoast-schema-graph\">{\"@context\":\"https:\/\/schema.org\",\"@graph\":[{\"@type\":\"WebPage\",\"@id\":\"https:\/\/www.biscuitsolution.com\/product\/automatic-biscuit-production-line\/\",\"url\":\"https:\/\/www.biscuitsolution.com\/product\/automatic-biscuit-production-line\/\",\"name\":\"Automatic Biscuit Production Line Unrivaled Quality\",\"isPartOf\":{\"@id\":\"https:\/\/www.biscuitsolution.com\/#website\"},\"primaryImageOfPage\":{\"@id\":\"https:\/\/www.biscuitsolution.com\/product\/automatic-biscuit-production-line\/#primaryimage\"},\"image\":{\"@id\":\"https:\/\/www.biscuitsolution.com\/product\/automatic-biscuit-production-line\/#primaryimage\"},\"thumbnailUrl\":\"https:\/\/www.biscuitsolution.com\/wp-content\/uploads\/2025\/02\/automatic-biscuit-production-line.jpg\",\"datePublished\":\"2025-02-18T09:13:44+00:00\",\"dateModified\":\"2025-09-16T07:22:57+00:00\",\"description\":\"Our automatic biscuit production line adopts high-precision technology, optimizes production structure, have a continuous and stable operating status.\",\"breadcrumb\":{\"@id\":\"https:\/\/www.biscuitsolution.com\/product\/automatic-biscuit-production-line\/#breadcrumb\"},\"inLanguage\":\"es\",\"potentialAction\":[{\"@type\":\"ReadAction\",\"target\":[\"https:\/\/www.biscuitsolution.com\/product\/automatic-biscuit-production-line\/\"]}]},{\"@type\":\"ImageObject\",\"inLanguage\":\"es\",\"@id\":\"https:\/\/www.biscuitsolution.com\/product\/automatic-biscuit-production-line\/#primaryimage\",\"url\":\"https:\/\/www.biscuitsolution.com\/wp-content\/uploads\/2025\/02\/automatic-biscuit-production-line.jpg\",\"contentUrl\":\"https:\/\/www.biscuitsolution.com\/wp-content\/uploads\/2025\/02\/automatic-biscuit-production-line.jpg\",\"width\":600,\"height\":600,\"caption\":\"Automatic Biscuit Production Line Unrivaled Quality\"},{\"@type\":\"BreadcrumbList\",\"@id\":\"https:\/\/www.biscuitsolution.com\/product\/automatic-biscuit-production-line\/#breadcrumb\",\"itemListElement\":[{\"@type\":\"ListItem\",\"position\":1,\"name\":\"Home\",\"item\":\"https:\/\/www.biscuitsolution.com\/\"},{\"@type\":\"ListItem\",\"position\":2,\"name\":\"Product\",\"item\":\"https:\/\/www.biscuitsolution.com\/product\/\"},{\"@type\":\"ListItem\",\"position\":3,\"name\":\"Automatic Biscuit Production Line Unrivaled Quality\"}]},{\"@type\":\"WebSite\",\"@id\":\"https:\/\/www.biscuitsolution.com\/#website\",\"url\":\"https:\/\/www.biscuitsolution.com\/\",\"name\":\"Biscuit Production Solution Manufacturer\",\"description\":\"\",\"potentialAction\":[{\"@type\":\"SearchAction\",\"target\":{\"@type\":\"EntryPoint\",\"urlTemplate\":\"https:\/\/www.biscuitsolution.com\/?s={search_term_string}\"},\"query-input\":{\"@type\":\"PropertyValueSpecification\",\"valueRequired\":true,\"valueName\":\"search_term_string\"}}],\"inLanguage\":\"es\"},false]}<\/script>\n<!-- \/ Yoast SEO plugin. -->","yoast_head_json":{"title":"L\u00ednea de producci\u00f3n autom\u00e1tica de galletas Calidad inigualable","description":"Nuestra l\u00ednea de producci\u00f3n autom\u00e1tica de galletas adopta tecnolog\u00eda de alta precisi\u00f3n, optimiza la estructura de producci\u00f3n, tiene un estado de funcionamiento continuo y estable.","robots":{"index":"index","follow":"follow","max-snippet":"max-snippet:-1","max-image-preview":"max-image-preview:large","max-video-preview":"max-video-preview:-1"},"canonical":"https:\/\/www.biscuitsolution.com\/es\/producto\/automatic-biscuit-production-line\/","og_locale":"es_ES","og_type":"article","og_title":"Automatic Biscuit Production Line Unrivaled Quality","og_description":"Our automatic biscuit production line adopts high-precision technology, optimizes production structure, have a continuous and stable operating status.","og_url":"https:\/\/www.biscuitsolution.com\/es\/producto\/automatic-biscuit-production-line\/","og_site_name":"Biscuit Production Solution Manufacturer","article_publisher":"https:\/\/www.facebook.com\/profile.php?id=100095205040823","article_modified_time":"2025-09-16T07:22:57+00:00","og_image":[{"width":600,"height":600,"url":"https:\/\/www.biscuitsolution.com\/wp-content\/uploads\/2025\/02\/automatic-biscuit-production-line.jpg","type":"image\/jpeg"}],"twitter_card":"summary_large_image","twitter_site":"@shanna_zha26342","twitter_misc":{"Tiempo de lectura":"4 minutos"},"schema":{"@context":"https:\/\/schema.org","@graph":[{"@type":"WebPage","@id":"https:\/\/www.biscuitsolution.com\/product\/automatic-biscuit-production-line\/","url":"https:\/\/www.biscuitsolution.com\/product\/automatic-biscuit-production-line\/","name":"L\u00ednea de producci\u00f3n autom\u00e1tica de galletas Calidad inigualable","isPartOf":{"@id":"https:\/\/www.biscuitsolution.com\/#website"},"primaryImageOfPage":{"@id":"https:\/\/www.biscuitsolution.com\/product\/automatic-biscuit-production-line\/#primaryimage"},"image":{"@id":"https:\/\/www.biscuitsolution.com\/product\/automatic-biscuit-production-line\/#primaryimage"},"thumbnailUrl":"https:\/\/www.biscuitsolution.com\/wp-content\/uploads\/2025\/02\/automatic-biscuit-production-line.jpg","datePublished":"2025-02-18T09:13:44+00:00","dateModified":"2025-09-16T07:22:57+00:00","description":"Nuestra l\u00ednea de producci\u00f3n autom\u00e1tica de galletas adopta tecnolog\u00eda de alta precisi\u00f3n, optimiza la estructura de producci\u00f3n, tiene un estado de funcionamiento continuo y estable.","breadcrumb":{"@id":"https:\/\/www.biscuitsolution.com\/product\/automatic-biscuit-production-line\/#breadcrumb"},"inLanguage":"es","potentialAction":[{"@type":"ReadAction","target":["https:\/\/www.biscuitsolution.com\/product\/automatic-biscuit-production-line\/"]}]},{"@type":"ImageObject","inLanguage":"es","@id":"https:\/\/www.biscuitsolution.com\/product\/automatic-biscuit-production-line\/#primaryimage","url":"https:\/\/www.biscuitsolution.com\/wp-content\/uploads\/2025\/02\/automatic-biscuit-production-line.jpg","contentUrl":"https:\/\/www.biscuitsolution.com\/wp-content\/uploads\/2025\/02\/automatic-biscuit-production-line.jpg","width":600,"height":600,"caption":"Automatic Biscuit Production Line Unrivaled Quality"},{"@type":"BreadcrumbList","@id":"https:\/\/www.biscuitsolution.com\/product\/automatic-biscuit-production-line\/#breadcrumb","itemListElement":[{"@type":"ListItem","position":1,"name":"Home","item":"https:\/\/www.biscuitsolution.com\/"},{"@type":"ListItem","position":2,"name":"Product","item":"https:\/\/www.biscuitsolution.com\/product\/"},{"@type":"ListItem","position":3,"name":"Automatic Biscuit Production Line Unrivaled Quality"}]},{"@type":"WebSite","@id":"https:\/\/www.biscuitsolution.com\/#website","url":"https:\/\/www.biscuitsolution.com\/","name":"Fabricante de soluciones para la producci\u00f3n de galletas","description":"","potentialAction":[{"@type":"SearchAction","target":{"@type":"EntryPoint","urlTemplate":"https:\/\/www.biscuitsolution.com\/?s={search_term_string}"},"query-input":{"@type":"PropertyValueSpecification","valueRequired":true,"valueName":"search_term_string"}}],"inLanguage":"es"},false]}},"yasr_visitor_votes":{"stars_attributes":{"read_only":false,"span_bottom":false},"number_of_votes":3,"sum_votes":15},"_links":{"self":[{"href":"https:\/\/www.biscuitsolution.com\/es\/wp-json\/wp\/v2\/product\/4614","targetHints":{"allow":["GET"]}}],"collection":[{"href":"https:\/\/www.biscuitsolution.com\/es\/wp-json\/wp\/v2\/product"}],"about":[{"href":"https:\/\/www.biscuitsolution.com\/es\/wp-json\/wp\/v2\/types\/product"}],"replies":[{"embeddable":true,"href":"https:\/\/www.biscuitsolution.com\/es\/wp-json\/wp\/v2\/comments?post=4614"}],"version-history":[{"count":8,"href":"https:\/\/www.biscuitsolution.com\/es\/wp-json\/wp\/v2\/product\/4614\/revisions"}],"predecessor-version":[{"id":5783,"href":"https:\/\/www.biscuitsolution.com\/es\/wp-json\/wp\/v2\/product\/4614\/revisions\/5783"}],"wp:featuredmedia":[{"embeddable":true,"href":"https:\/\/www.biscuitsolution.com\/es\/wp-json\/wp\/v2\/media\/4617"}],"wp:attachment":[{"href":"https:\/\/www.biscuitsolution.com\/es\/wp-json\/wp\/v2\/media?parent=4614"}],"wp:term":[{"taxonomy":"product_brand","embeddable":true,"href":"https:\/\/www.biscuitsolution.com\/es\/wp-json\/wp\/v2\/product_brand?post=4614"},{"taxonomy":"product_cat","embeddable":true,"href":"https:\/\/www.biscuitsolution.com\/es\/wp-json\/wp\/v2\/product_cat?post=4614"},{"taxonomy":"product_tag","embeddable":true,"href":"https:\/\/www.biscuitsolution.com\/es\/wp-json\/wp\/v2\/product_tag?post=4614"}],"curies":[{"name":"wp","href":"https:\/\/api.w.org\/{rel}","templated":true}]}}